{"id":3500,"date":"2018-05-09T08:57:15","date_gmt":"2018-05-09T06:57:15","guid":{"rendered":"https:\/\/www.camping-lesedour.com\/vacances-ariege\/"},"modified":"2020-10-26T09:31:39","modified_gmt":"2020-10-26T08:31:39","slug":"vacances-a-ariege","status":"publish","type":"page","link":"https:\/\/www.camping-lesedour.com\/ca\/vacances-a-ariege\/","title":{"rendered":"Vacances en Ari\u00e8ge"},"content":{"rendered":"<section id=\"section-5f6b51e6d8b51\"\" class=\"section bg-color3\" \/><div class=\"container\"><h1 class=\"element section-title center\">Vacances a l&#8217;Arieja<\/h1><\/div><\/section>\n\n<section id=\"section-5f6b51e6d8ffe\"\" class=\"section bg-white p-t-0\" \/><div class=\"container extralarge\"><div class=\"colonnes-wrap valign-top \"><div class=\"element colonne w-40 p-0\"><div class=\"element images\"><div class=\"image\"><img decoding=\"async\" src=\"https:\/\/www.camping-lesedour.com\/wp-content\/uploads\/2020\/09\/vacances-ariege-78x100.jpg\" data-src=\"https:\/\/www.camping-lesedour.com\/wp-content\/uploads\/2020\/09\/vacances-ariege.jpg\" alt=\"vacances ariege\" class=\"images_image\" \/><\/div><\/div><\/div><div class=\"element colonne w-60 p-4\"><div class=\"element bloc-text justify \">\n\t<p>El <strong class=\"bold color1\"> Ari\u00e8ge <\/strong> sedueix per la seva ubicaci\u00f3 geogr\u00e0fica, sorpr\u00e8n pel seu relleu i sorpr\u00e8n pels seus paisatges. Aquest <strong class = \"bold color1\"> petit rac\u00f3 del parad\u00eds <\/strong> de la regi\u00f3 d&#8217;Occit\u00e0nia, situat al peu del Pirineu central i al costat d&#8217;Espanya, est\u00e0 format per tres \u00e0rees geogr\u00e0fiques principals que contenen paisatges tan diversos aquest fabul\u00f3s: <strong class = \"bold color1\"> la plana de l&#8217;Arieja <\/strong> amb els seus verds turons, <strong class = \"bold color1\"> els contraforts pirinencs <\/strong> i el <strong class = \"bold color1 \"> pa\u00eds alt de l&#8217;Arieja <\/strong> amb cims que pugen a m\u00e9s de 3000 metres (pique d&#8217;Estats, cim de Montcalm, cim del port de Sullo).<\/p>\n<p>Visiteu la regi\u00f3 de Migdia-Pirineus.<\/p>\n<p>El departament de <strong class = \"bold color1\"> 09 <\/strong> t\u00e9 tres ciutats principals perfectament integrades a la natura i que alberguen un patrimoni cultural ben conservat, essencial durant les <a href=\"\/ca\/\"> vacances de c\u00e0mping Ari\u00e8ge<\/a>: Foix (capital, aproximadament 10.000 habitants), Pamiers (26.000 habitants) i Saint-Girons (6.300 habitants).<\/p>\n<p>Alguns monuments ens recorden que el departament va ser una vegada al <strong class = \"bold color1\"> cor del pa\u00eds c\u00e0tar <\/strong>. Gaireb\u00e9 el 40% del territori es troba dins del <strong class = \"bold color1\">Parc Natural Regional del Pirineu de l&#8217;Arieja<\/strong>, una \u00e0rea protegida creada el 2009 que cont\u00e9 una flora i una fauna excepcionals.<\/p>\n<\/div><\/div><\/div><\/div><\/section>\n\n<section id=\"section-5f6b51e6d970e\"\" class=\"section bg-color3\" \/><div class=\"container full\"><div class=\"colonnes-wrap valign-middle \"><div class=\"element colonne w-60 p-0\"><div class=\"element images\"><div class=\"image\"><img decoding=\"async\" src=\"https:\/\/www.camping-lesedour.com\/wp-content\/uploads\/2020\/09\/rafting-ariege-100x80.jpg\" data-src=\"https:\/\/www.camping-lesedour.com\/wp-content\/uploads\/2020\/09\/rafting-ariege.jpg\" alt=\"rafting ariege\" class=\"images_image\" \/><\/div><div class=\"image\"><img decoding=\"async\" src=\"https:\/\/www.camping-lesedour.com\/wp-content\/uploads\/2020\/09\/activite-enfant-ariege-100x80.jpg\" data-src=\"https:\/\/www.camping-lesedour.com\/wp-content\/uploads\/2020\/09\/activite-enfant-ariege.jpg\" alt=\"activite enfant ariege\" class=\"images_image\" \/><\/div><\/div><div class=\"element images\"><div class=\"image\"><img decoding=\"async\" src=\"https:\/\/www.camping-lesedour.com\/wp-content\/uploads\/2020\/09\/randonee-ariege-100x80.jpg\" data-src=\"https:\/\/www.camping-lesedour.com\/wp-content\/uploads\/2020\/09\/randonee-ariege.jpg\" alt=\"randonn\u00e9e ariege\" class=\"images_image\" \/><\/div><div class=\"image\"><img decoding=\"async\" src=\"https:\/\/www.camping-lesedour.com\/wp-content\/uploads\/2020\/09\/speleologie-ariege-100x80.jpg\" data-src=\"https:\/\/www.camping-lesedour.com\/wp-content\/uploads\/2020\/09\/speleologie-ariege.jpg\" alt=\"sp\u00e9l\u00e9ologie ariege\" class=\"images_image\" \/><\/div><\/div><\/div><div class=\"element colonne p-8 w-40\"><h2 class=\"element section-title justify\">Que veure a la regio de l&#8217;Ariege?<\/h2><div class=\"element bloc-text justify \">\n\t<p>Destinaci\u00f3 privilegiada per als <strong class = \"bold color1\"> amants de la natura <\/strong>, Ari\u00e8ge \u00e9s un territori adequat per a vacances esportives i activitats a l&#8217;aire lliure.<\/p>\n<p>Si us agrada fer senderisme, feu les <strong class = \"bold color1\"> rutes de senderisme de llarga dist\u00e0ncia <\/strong> (GR 10, GR 107) i les que creuen els magn\u00edfics espais naturals (reserva del Mont Valier, reserva d&#8217;Orlu), Circ de Cagateille).<\/p>\n<p>Des de les antigues l\u00ednies de ferrocarril convertides en vies verdes fins als m\u00edtics passos del Tour de Fran\u00e7a, l\u2019Arieja atrau a <strong class = \"bold color1\"> turistes i ciclistes<\/strong> que vulguin muntar els cabells al vent o moure\u2019s muntanyes.<\/p>\n<p>Prefereixes els <strong class = \"bold color1\"> esports d&#8217;aig\u00fces braves <\/strong>? Aventureu-vos en caiac o en canoa pels 2.500 km de vies navegables.<\/p>\n<p>Tamb\u00e9 podeu fer <strong class = \"bold color1\"> emocions <\/strong> com escalar, espeleologia o descens de barrancs, o sobrevolar els Pirineus amb un microluc o un helic\u00f2pter.<\/p>\n<p>Per no parlar dels <strong class = \"bold color1\"> esports d\u2019hivern <\/strong> quan la regi\u00f3 es posa el mantell blanc.<\/p>\n<p>Si us allotgeu amb nens al c\u00e0mping Le S\u00e9dour, oferiu-los un <strong class = \"bold color1\"> passeig a cavall<\/strong>, un poni o un ruc.<\/p>\n<p><strong class = \"bold color1\"> Visitar Arieja <\/strong> tamb\u00e9 significa descobrir els seus castells c\u00e0tars (castell de Monts\u00e9gur, castell d&#8217;Usson, castell de Foix), les seves bastides (Mirepoix, Saint-Lizier), les seves famoses coves (Lombrives, Niaux, B\u00e9deilhac), el parc prehist\u00f2ric de Tarascon i els seus llocs ins\u00f2lits com el riu subterrani de Labouiche i els d\u00f2lmens del Mas d&#8217;Azil.<\/p>\n<p>Aprofiteu un <strong class = \"bold color1\"> dia de relaxaci\u00f3 <\/strong> per visitar els principals museus del departament (Titelles a Laroque d&#8217;Olmes, museu pirinenc de Niaux) i perdre&#8217;t a la <strong class= \"color1 bold\"> pobles magn\u00edfics <\/strong> de Saint-Martin-d&#8217;Oydes i Seix.<\/p>\n<\/div><\/div><\/div><\/div><\/section>\n\n<section id=\"section-duplicate\"\" class=\"section bg-white p-t-0\" \/><div class=\"container extralarge\"><div class=\"colonnes-wrap valign-top \"><div class=\"element colonne w-60 p-4\"><h2 class=\"element section-title justify\">Visiteu el departament de l&#8217;Arieja durant les vostres vacances<\/h2><div class=\"element bloc-text justify \">\n\t<p>L&#8217;Ari\u00e8ge ofereix als estiuejants una \u00e0mplia selecci\u00f3 de <strong class = \"bold color1\"> oci i activitats <\/strong> i molts descobriments. Les coves prehist\u00f2riques, els castells i les ciutats famoses com Foix s\u00f3n algunes de les visites obligades. Per no parlar de les <strong class = \"bold color1\"> rutes de senderisme <\/strong> i rutes m\u00edtiques que serpentegen pel territori.<\/p>\n<p>Aprofiteu les vostres <strong class = \"bold color1\"> vacances a Arieja <\/strong> per visitar la cova de Niaux, la cova de la Vaca, la cova de B\u00e9deilhac i la de Lombrives, per\u00f2 tamb\u00e9 el parc de la prehist\u00f2ria. Se us explicar\u00e0 m\u00e9s de 14.000 anys d\u2019hist\u00f2ria, des de la prehist\u00f2ria fins al per\u00edode c\u00e0tar. No us podreu perdre la Bastide de Mirepoix, castells fortificats com Foix, Monts\u00e9gur o ciutats com la ciutat de Saint Lizier. Es troben entre els <strong class = \"bold color1\"> llocs tur\u00edstics importants que no podeu perdre a l&#8217;Arieja <\/strong>.<\/p>\n<p>Les rutes de senderisme tamb\u00e9 s\u00f3n una de les <strong class = \"bold color1\"> excursions que no us podeu perdre <\/strong> durant les vostres vacances a l&#8217;Arieja.<\/p>\n<p>Comen\u00e7ant per la Ruta dels Cols i els seus impressionants paisatges, el Cam\u00ed Cathare, el Chemin des Bonshommes i les Rutes del Catarisme i l\u2019Edat Mitjana.<\/p>\n<p>Altres rutes com el Chemin de Saint-Jacques-de-Compostelle i el fam\u00f3s <strong class = \"bold color1\"> GR10 <\/strong> tamb\u00e9 travessen els contraforts pirinencs i els Pirineus de l\u2019Arieja abans d\u2019acabar al Mediterrani.<\/p>\n<p>A peu, en bicicleta, en moto, a cavall o en cotxe, tothom escollir\u00e0 la millor manera d\u2019apreciar millor el <strong class = \"bold color1\"> els panor\u00e0miques m\u00e9s espectaculars <\/strong> de l&#8217;Arieja.<\/p>\n<p>Descobriu tamb\u00e9 Andorra.<\/p>\n<\/div><\/div><div class=\"element colonne w-40 p-0\"><div class=\"element images\"><div class=\"image\"><img decoding=\"async\" src=\"https:\/\/www.camping-lesedour.com\/wp-content\/uploads\/2020\/09\/randonnee-gr10-ariege-73x100.jpg\" data-src=\"https:\/\/www.camping-lesedour.com\/wp-content\/uploads\/2020\/09\/randonnee-gr10-ariege.jpg\" alt=\"randonn\u00e9e gr10 ariege\" class=\"images_image\" \/><\/div><\/div><\/div><\/div><\/div><\/section>\n\n<section id=\"section-cta-bas-page\"\" class=\"section bg-color3\" \/><div class=\"container extralarge\"><div class=\"element section-title center titre-cta\">Descobriu Ariege com mai no l\u2019heu vist<\/div><ul class=\"liste-de-page\"><li class=\"element call-to-action center titre-cta call-to-action--style-1 call-to-action--normal\"><a href=\"https:\/\/www.camping-lesedour.com\/ca\/activites\/campament-andorra\/\"  class=\"call-to-action_link\" title=\"Aprendre mes sobre andorra\"><div class=\"call-to-action_image\"><img decoding=\"async\" src=\"https:\/\/www.camping-lesedour.com\/wp-content\/uploads\/2020\/09\/camping-andorre-100x80.jpg\" data-src=\"https:\/\/www.camping-lesedour.com\/wp-content\/uploads\/2020\/09\/camping-andorre.jpg\" alt=\"camping andorre\" class=\"normal\" \/><\/div><div class=\"call-to-action_contenu\"><div class=\"call-to-action_titre\">Andorra<\/div><div class=\"call-to-action_texte\">Apr\u00e8n m\u00e9s<\/div><\/div><\/a><\/li><li class=\"element call-to-action  call-to-action--style-1 call-to-action--normal\"><a href=\"https:\/\/www.camping-lesedour.com\/ca\/activites\/campament-foix\/\"  class=\"call-to-action_link\" title=\"Aprendre mes sobre foix\"><div class=\"call-to-action_image\"><img decoding=\"async\" src=\"https:\/\/www.camping-lesedour.com\/wp-content\/uploads\/2020\/09\/camping-foix-100x80.jpg\" data-src=\"https:\/\/www.camping-lesedour.com\/wp-content\/uploads\/2020\/09\/camping-foix.jpg\" alt=\"camping foix\" class=\"normal\" \/><\/div><div class=\"call-to-action_contenu\"><div class=\"call-to-action_titre\">Foix<\/div><div class=\"call-to-action_texte\">Apr\u00e8n m\u00e9s<\/div><\/div><\/a><\/li><li class=\"element call-to-action  call-to-action--style-1 call-to-action--normal\"><a href=\"https:\/\/www.camping-lesedour.com\/ca\/activites\/campament-mirepoix\/\"  class=\"call-to-action_link\" title=\"Aprendre mes sobre mirepoix\"><div class=\"call-to-action_image\"><img decoding=\"async\" src=\"https:\/\/www.camping-lesedour.com\/wp-content\/uploads\/2020\/09\/camping-mirepoi-100x80.jpg\" data-src=\"https:\/\/www.camping-lesedour.com\/wp-content\/uploads\/2020\/09\/camping-mirepoi.jpg\" alt=\"camping mirepoix\" class=\"normal\" \/><\/div><div class=\"call-to-action_contenu\"><div class=\"call-to-action_titre\">Mirepoix<\/div><div class=\"call-to-action_texte\">Apr\u00e8n m\u00e9s<\/div><\/div><\/a><\/li><\/ul><\/div><\/section>","protected":false},"excerpt":{"rendered":"","protected":false},"author":1,"featured_media":2524,"parent":0,"menu_order":0,"comment_status":"closed","ping_status":"closed","template":"","meta":{"_acf_changed":false,"footnotes":""},"class_list":["post-3500","page","type-page","status-publish","has-post-thumbnail","hentry"],"acf":[],"yoast_head":"<!-- This site is optimized with the Yoast SEO plugin v25.3 - https:\/\/yoast.com\/wordpress\/plugins\/seo\/ -->\n<title>Vacances tur\u00edstiques a Ari\u00e8ge: qu\u00e8 fer, qu\u00e8 visitar a Ari\u00e8ge (09)<\/title>\n<meta name=\"description\" content=\"Descobriu tots els tresors del departament de l\u2019Arieja durant la vostra propera estada al c\u00e0mping Le S\u00e9dour. Tindreu una ubicaci\u00f3 ideal per explorar l\u2019Arieja.\" \/>\n<meta name=\"robots\" content=\"index, follow, max-snippet:-1, max-image-preview:large, max-video-preview:-1\" \/>\n<link rel=\"canonical\" href=\"https:\/\/www.camping-lesedour.com\/ca\/vacances-a-ariege\/\" \/>\n<meta property=\"og:locale\" content=\"ca_ES\" \/>\n<meta property=\"og:type\" content=\"article\" \/>\n<meta property=\"og:title\" content=\"Vacances tur\u00edstiques a Ari\u00e8ge: qu\u00e8 fer, qu\u00e8 visitar a Ari\u00e8ge (09)\" \/>\n<meta property=\"og:description\" content=\"Descobriu tots els tresors del departament de l\u2019Arieja durant la vostra propera estada al c\u00e0mping Le S\u00e9dour. Tindreu una ubicaci\u00f3 ideal per explorar l\u2019Arieja.\" \/>\n<meta property=\"og:url\" content=\"https:\/\/www.camping-lesedour.com\/ca\/vacances-a-ariege\/\" \/>\n<meta property=\"og:site_name\" content=\"Camping le S\u00e9dour\" \/>\n<meta property=\"article:modified_time\" content=\"2020-10-26T08:31:39+00:00\" \/>\n<meta property=\"og:image\" content=\"https:\/\/www.camping-lesedour.com\/wp-content\/uploads\/2020\/09\/paysage-ariege.jpg\" \/>\n\t<meta property=\"og:image:width\" content=\"1903\" \/>\n\t<meta property=\"og:image:height\" content=\"550\" \/>\n\t<meta property=\"og:image:type\" content=\"image\/jpeg\" \/>\n<meta name=\"twitter:card\" content=\"summary_large_image\" \/>\n<script type=\"application\/ld+json\" class=\"yoast-schema-graph\">{\"@context\":\"https:\/\/schema.org\",\"@graph\":[{\"@type\":\"WebPage\",\"@id\":\"https:\/\/www.camping-lesedour.com\/ca\/vacances-a-ariege\/\",\"url\":\"https:\/\/www.camping-lesedour.com\/ca\/vacances-a-ariege\/\",\"name\":\"Vacances tur\u00edstiques a Ari\u00e8ge: qu\u00e8 fer, qu\u00e8 visitar a Ari\u00e8ge (09)\",\"isPartOf\":{\"@id\":\"https:\/\/www.camping-lesedour.com\/ca\/#website\"},\"primaryImageOfPage\":{\"@id\":\"https:\/\/www.camping-lesedour.com\/ca\/vacances-a-ariege\/#primaryimage\"},\"image\":{\"@id\":\"https:\/\/www.camping-lesedour.com\/ca\/vacances-a-ariege\/#primaryimage\"},\"thumbnailUrl\":\"https:\/\/www.camping-lesedour.com\/wp-content\/uploads\/2020\/09\/paysage-ariege.jpg\",\"datePublished\":\"2018-05-09T06:57:15+00:00\",\"dateModified\":\"2020-10-26T08:31:39+00:00\",\"description\":\"Descobriu tots els tresors del departament de l\u2019Arieja durant la vostra propera estada al c\u00e0mping Le S\u00e9dour. Tindreu una ubicaci\u00f3 ideal per explorar l\u2019Arieja.\",\"breadcrumb\":{\"@id\":\"https:\/\/www.camping-lesedour.com\/ca\/vacances-a-ariege\/#breadcrumb\"},\"inLanguage\":\"ca\",\"potentialAction\":[{\"@type\":\"ReadAction\",\"target\":[\"https:\/\/www.camping-lesedour.com\/ca\/vacances-a-ariege\/\"]}]},{\"@type\":\"ImageObject\",\"inLanguage\":\"ca\",\"@id\":\"https:\/\/www.camping-lesedour.com\/ca\/vacances-a-ariege\/#primaryimage\",\"url\":\"https:\/\/www.camping-lesedour.com\/wp-content\/uploads\/2020\/09\/paysage-ariege.jpg\",\"contentUrl\":\"https:\/\/www.camping-lesedour.com\/wp-content\/uploads\/2020\/09\/paysage-ariege.jpg\",\"width\":1903,\"height\":550,\"caption\":\"paysage ariege\"},{\"@type\":\"BreadcrumbList\",\"@id\":\"https:\/\/www.camping-lesedour.com\/ca\/vacances-a-ariege\/#breadcrumb\",\"itemListElement\":[{\"@type\":\"ListItem\",\"position\":1,\"name\":\"Campament Ariege\",\"item\":\"https:\/\/www.camping-lesedour.com\/ca\/\"},{\"@type\":\"ListItem\",\"position\":2,\"name\":\"Ari\u00e8ge\"}]},{\"@type\":\"WebSite\",\"@id\":\"https:\/\/www.camping-lesedour.com\/ca\/#website\",\"url\":\"https:\/\/www.camping-lesedour.com\/ca\/\",\"name\":\"Camping le S\u00e9dour\",\"description\":\"\",\"potentialAction\":[{\"@type\":\"SearchAction\",\"target\":{\"@type\":\"EntryPoint\",\"urlTemplate\":\"https:\/\/www.camping-lesedour.com\/ca\/?s={search_term_string}\"},\"query-input\":{\"@type\":\"PropertyValueSpecification\",\"valueRequired\":true,\"valueName\":\"search_term_string\"}}],\"inLanguage\":\"ca\"}]}<\/script>\n<!-- \/ Yoast SEO plugin. -->","yoast_head_json":{"title":"Vacances tur\u00edstiques a Ari\u00e8ge: qu\u00e8 fer, qu\u00e8 visitar a Ari\u00e8ge (09)","description":"Descobriu tots els tresors del departament de l\u2019Arieja durant la vostra propera estada al c\u00e0mping Le S\u00e9dour. Tindreu una ubicaci\u00f3 ideal per explorar l\u2019Arieja.","robots":{"index":"index","follow":"follow","max-snippet":"max-snippet:-1","max-image-preview":"max-image-preview:large","max-video-preview":"max-video-preview:-1"},"canonical":"https:\/\/www.camping-lesedour.com\/ca\/vacances-a-ariege\/","og_locale":"ca_ES","og_type":"article","og_title":"Vacances tur\u00edstiques a Ari\u00e8ge: qu\u00e8 fer, qu\u00e8 visitar a Ari\u00e8ge (09)","og_description":"Descobriu tots els tresors del departament de l\u2019Arieja durant la vostra propera estada al c\u00e0mping Le S\u00e9dour. Tindreu una ubicaci\u00f3 ideal per explorar l\u2019Arieja.","og_url":"https:\/\/www.camping-lesedour.com\/ca\/vacances-a-ariege\/","og_site_name":"Camping le S\u00e9dour","article_modified_time":"2020-10-26T08:31:39+00:00","og_image":[{"width":1903,"height":550,"url":"https:\/\/www.camping-lesedour.com\/wp-content\/uploads\/2020\/09\/paysage-ariege.jpg","type":"image\/jpeg"}],"twitter_card":"summary_large_image","schema":{"@context":"https:\/\/schema.org","@graph":[{"@type":"WebPage","@id":"https:\/\/www.camping-lesedour.com\/ca\/vacances-a-ariege\/","url":"https:\/\/www.camping-lesedour.com\/ca\/vacances-a-ariege\/","name":"Vacances tur\u00edstiques a Ari\u00e8ge: qu\u00e8 fer, qu\u00e8 visitar a Ari\u00e8ge (09)","isPartOf":{"@id":"https:\/\/www.camping-lesedour.com\/ca\/#website"},"primaryImageOfPage":{"@id":"https:\/\/www.camping-lesedour.com\/ca\/vacances-a-ariege\/#primaryimage"},"image":{"@id":"https:\/\/www.camping-lesedour.com\/ca\/vacances-a-ariege\/#primaryimage"},"thumbnailUrl":"https:\/\/www.camping-lesedour.com\/wp-content\/uploads\/2020\/09\/paysage-ariege.jpg","datePublished":"2018-05-09T06:57:15+00:00","dateModified":"2020-10-26T08:31:39+00:00","description":"Descobriu tots els tresors del departament de l\u2019Arieja durant la vostra propera estada al c\u00e0mping Le S\u00e9dour. Tindreu una ubicaci\u00f3 ideal per explorar l\u2019Arieja.","breadcrumb":{"@id":"https:\/\/www.camping-lesedour.com\/ca\/vacances-a-ariege\/#breadcrumb"},"inLanguage":"ca","potentialAction":[{"@type":"ReadAction","target":["https:\/\/www.camping-lesedour.com\/ca\/vacances-a-ariege\/"]}]},{"@type":"ImageObject","inLanguage":"ca","@id":"https:\/\/www.camping-lesedour.com\/ca\/vacances-a-ariege\/#primaryimage","url":"https:\/\/www.camping-lesedour.com\/wp-content\/uploads\/2020\/09\/paysage-ariege.jpg","contentUrl":"https:\/\/www.camping-lesedour.com\/wp-content\/uploads\/2020\/09\/paysage-ariege.jpg","width":1903,"height":550,"caption":"paysage ariege"},{"@type":"BreadcrumbList","@id":"https:\/\/www.camping-lesedour.com\/ca\/vacances-a-ariege\/#breadcrumb","itemListElement":[{"@type":"ListItem","position":1,"name":"Campament Ariege","item":"https:\/\/www.camping-lesedour.com\/ca\/"},{"@type":"ListItem","position":2,"name":"Ari\u00e8ge"}]},{"@type":"WebSite","@id":"https:\/\/www.camping-lesedour.com\/ca\/#website","url":"https:\/\/www.camping-lesedour.com\/ca\/","name":"Camping le S\u00e9dour","description":"","potentialAction":[{"@type":"SearchAction","target":{"@type":"EntryPoint","urlTemplate":"https:\/\/www.camping-lesedour.com\/ca\/?s={search_term_string}"},"query-input":{"@type":"PropertyValueSpecification","valueRequired":true,"valueName":"search_term_string"}}],"inLanguage":"ca"}]}},"_links":{"self":[{"href":"https:\/\/www.camping-lesedour.com\/ca\/wp-json\/wp\/v2\/pages\/3500"}],"collection":[{"href":"https:\/\/www.camping-lesedour.com\/ca\/wp-json\/wp\/v2\/pages"}],"about":[{"href":"https:\/\/www.camping-lesedour.com\/ca\/wp-json\/wp\/v2\/types\/page"}],"author":[{"embeddable":true,"href":"https:\/\/www.camping-lesedour.com\/ca\/wp-json\/wp\/v2\/users\/1"}],"replies":[{"embeddable":true,"href":"https:\/\/www.camping-lesedour.com\/ca\/wp-json\/wp\/v2\/comments?post=3500"}],"version-history":[{"count":10,"href":"https:\/\/www.camping-lesedour.com\/ca\/wp-json\/wp\/v2\/pages\/3500\/revisions"}],"predecessor-version":[{"id":3925,"href":"https:\/\/www.camping-lesedour.com\/ca\/wp-json\/wp\/v2\/pages\/3500\/revisions\/3925"}],"wp:featuredmedia":[{"embeddable":true,"href":"https:\/\/www.camping-lesedour.com\/ca\/wp-json\/wp\/v2\/media\/2524"}],"wp:attachment":[{"href":"https:\/\/www.camping-lesedour.com\/ca\/wp-json\/wp\/v2\/media?parent=3500"}],"curies":[{"name":"wp","href":"https:\/\/api.w.org\/{rel}","templated":true}]}}