{"id":3514,"date":"2015-12-02T20:05:55","date_gmt":"2015-12-02T19:05:55","guid":{"rendered":"https:\/\/www.camping-lesedour.com\/activites-camping-ariege\/"},"modified":"2020-10-26T09:28:55","modified_gmt":"2020-10-26T08:28:55","slug":"activitats-camping-ariege","status":"publish","type":"page","link":"https:\/\/www.camping-lesedour.com\/ca\/activitats-camping-ariege\/","title":{"rendered":"Que faire en Ariege ?"},"content":{"rendered":"<section id=\"section-5f6b51e6d8b51\"\" class=\"section bg-color3\" \/><div class=\"container\"><h1 class=\"element section-title center\">Que fer a Ariege?<\/h1><\/div><\/section>\n\n<section id=\"section-5f6b51e6d8ffe\"\" class=\"section bg-white p-t-0\" \/><div class=\"container extralarge\"><div class=\"colonnes-wrap valign-top \"><div class=\"element colonne w-40 p-0\"><div class=\"element images\"><div class=\"image\"><img decoding=\"async\" src=\"https:\/\/www.camping-lesedour.com\/wp-content\/uploads\/2020\/09\/randonnee-groupe-ariege-73x100.jpg\" data-src=\"https:\/\/www.camping-lesedour.com\/wp-content\/uploads\/2020\/09\/randonnee-groupe-ariege.jpg\" alt=\"randonn\u00e9e groupe Ari\u00e8ge\" class=\"images_image\" \/><\/div><\/div><\/div><div class=\"element colonne w-60 p-4\"><h2 class=\"element section-title justify\">Activitats a prop del camping<\/h2><div class=\"element bloc-text justify \">\n\t<p>El c\u00e0mping &#8220;S\u00e9dour&#8221; a la <strong class = \"bold color1\"> cru\u00eflla de valls <\/strong>.<\/p>\n<p>El c\u00e0mping &#8220;S\u00e9dour&#8221; es troba a la cru\u00eflla de 3 valls i, m\u00e9s exactament, a l&#8217;obertura de la vall <strong class = \"bold color1\"> del Col de Port<\/strong>, molt tur\u00edstica.<\/p>\n<p>Durant la vostra estada al <a href=\"\/ca\/\">c\u00e0mping a Ari\u00e8ge<\/a>, podreu triar entre fer senderisme per Surba o visitar la cova de B\u00e9deilhac (a 2 km del c\u00e0mping) o descobrir el Roc\u00f2drom Calam\u00e8s (a 3 km del c\u00e0mping) o fins i tot passar un dia al parc de la Prehist\u00f2ria (a 2 km del c\u00e0mping).<\/p>\n<p><strong class = \"bold color1\"> A Mercus <\/strong> (a 4 km del c\u00e0mping) una presa artificial equipada com a <strong class = \"bold color1\"> centre d&#8217;oci <\/strong> amb jocs per a nens, guingueta de restaurant, t\u00e9 un remuntador d\u2019esqu\u00ed n\u00e0utic obert de juny a setembre.<\/p>\n<p>Els <strong class = \"bold color1\"> rierols de muntanya <\/strong> esperen pescadors (Saurat, Loumet, Courbi\u00e8re &#8230;), per\u00f2 tamb\u00e9 Ari\u00e8ge, Vicdessos i els llacs de gran altitud de la regi\u00f3. per sobre de Gourbit o Rabat Les 3 Seigneurs.<\/p>\n<p>La <strong class = \"bold color1\"> ciutat de Tarascon <\/strong> situada a 3 km del c\u00e0mping &#8220;le S\u00e9dour&#8221;, amb les seves antigues pedres, les seves botigues, els seus restaurants, la seva sala de cinema, la seva biblioteca i els seus diversos entreteniments us donar\u00e0 la benvinguda per passar uns dies agradables.<\/p>\n<p>Cap al sud, a 5 km del c\u00e0mping, la <strong class=\"bold color1\"> ciutat termal d\u2019Ussat-les-Bains <\/strong>, us pot oferir estades de fitness, banys individuals a la carta (de mar\u00e7 a novembre).<\/p>\n<p>Un <strong class = \"bold color1\"> ventall d&#8217;activitats per a tota la fam\u00edlia <\/strong> que far\u00e0 que la vostra estada en aquest meravell\u00f3s rac\u00f3 de l&#8217;Arieja sigui un \u00e8xit, Migdia Pirineus.<\/p>\n<\/div><\/div><\/div><\/div><\/section>\n\n<section id=\"section-5f6b51e6d970e\"\" class=\"section bg-color3\" \/><div class=\"container extralarge\"><h2 class=\"element section-title center\">Els nostres socis al camping<\/h2>    \n         \n        \n        \n    \n    \n    <div class=\"isotope\">\n    \n      <div class=\"element-item escalade ballade\">\n    \n        <a href=\"http:\/\/waterploof.com\/\" target=\"_blank\">\n    \n          <img decoding=\"async\" src=\"\/wp-content\/themes\/merlin\/img\/kayak-ariege.jpg\" alt=\"kayak ari\u00e8ge\" \/>\n    \n          <span class=\"thumb-info-title\">\n    \n            <span class=\"thumb-info-inner\">Water Ploof<\/span>\n    \n            <span class=\"thumb-info-type\">Pirag\u00fcisme, caiac i r\u00e0fting<\/span>\n    \n          <\/span>\n    \n          <p>Canoa, caiac, r\u00e0fting i paddle stand-up a Ari\u00e8ge<\/p>\n    \n        <\/a>\n    \n      <\/div>\n    \n      <div class=\"element-item ski\">\n    \n        <a href=\"https:\/\/www.location-point-glisse.com\/\" target=\"_blank\">\n    \n          <img decoding=\"async\" src=\"\/wp-content\/themes\/merlin\/img\/ariege-point-glisse.jpg\" alt=\"vacances en camping tarascon\" \/>\n    \n          <p>Lloguer d&#8217;esqu\u00ed &#8211; Reparaci\u00f3 d&#8217;esqu\u00ed &#8211; Venda de material d&#8217;esqu\u00ed &#8211; Lloguer de bicicletes<\/p>\n    \n        <\/a>\n    \n      <\/div>\n    \n      <div class=\"element-item ski\">\n    \n        <a href=\"https:\/\/vertikarst.fr\/\" target=\"_blank\">\n    \n          <img decoding=\"async\" src=\"\/wp-content\/themes\/merlin\/img\/vacances-sport-ariege.jpg\" alt=\"vacances en camping tarascon\" \/>\n    \n          <span class=\"thumb-info-title\">\n    \n            <span class=\"thumb-info-inner\">SPELEO &#8211; CANYON<\/span>\n    \n            <span class=\"thumb-info-type\">Espeleologia &#8211; Barranquisme<\/span>\n    \n          <\/span>\n    \n          <p>Entrenament \u00fanic i esportiu<\/p>\n    \n        <\/a>\n    \n      <\/div>\n    \n      <div class=\"element-item escalade ballade\">\n    \n        <a href=\"https:\/\/www.sport-location.com\/\" target=\"_blank\">\n    \n          <img decoding=\"async\" src=\"\/wp-content\/themes\/merlin\/img\/location-ariege.jpg\" alt=\"vacances midi pyr\u00e9n\u00e9es\" \/>\n    \n          <span class=\"thumb-info-title\">\n    \n            <span class=\"thumb-info-inner\">SPORT &#8211; LOCATION<\/span>\n    \n            <span class=\"thumb-info-type\">Muntanya &#8211; Escalada &#8211; Barranquisme<\/span>\n    \n          <\/span>\n    \n          <p>Lloguer d&#8217;equips per a muntanya, escalada i barranquisme<\/p>\n    \n        <\/a>\n    \n      <\/div>\n    \n      <div class=\"element-item escalade ballade\">\n    \n        <a href=\"http:\/\/escalade-canyon.com\/\" target=\"_blank\">\n    \n          <img decoding=\"async\" src=\"\/wp-content\/themes\/merlin\/img\/escalade-ariege.jpg\" alt=\"camping midi pyr\u00e9n\u00e9es\" \/>\n    \n          <span class=\"thumb-info-title\">\n    \n            <span class=\"thumb-info-inner\">ESCALADA &#8211; CANY\u00d3<\/span>\n    \n            <span class=\"thumb-info-type\">Escalada i descens de canons<\/span>\n    \n          <\/span>\n    \n          <p>Descobriu noves sensacions<\/p>\n    \n        <\/a>\n    \n      <\/div>\n    \n      <div class=\"element-item peche\">\n    \n        <a href=\"http:\/\/www.truiteariegeoise.fr\/\" target=\"_blank\">\n    \n          <img decoding=\"async\" src=\"\/wp-content\/themes\/merlin\/img\/peche-midi-pyrenees.jpg\" alt=\"camping p\u00eache ariege\" \/>\n    \n          <span class=\"thumb-info-title\">\n    \n            <span class=\"thumb-info-inner\">TRUITE ARI\u00c9GEOISE<\/span>\n    \n            <span class=\"thumb-info-type\">Pr\u00e9ssec<\/span>\n    \n          <\/span>\n    \n          <p>Pesca a la truita, diversi\u00f3 i fam\u00edlia<\/p>\n    \n        <\/a>\n    \n      <\/div>\n    \n      <div class=\"element-item ballade\">\n    \n        <a href=\"https:\/\/www.larando.net\/\" target=\"_blank\">\n    \n          <img decoding=\"async\" src=\"\/wp-content\/themes\/merlin\/img\/servaire-ariege.jpg\" alt=\"camping montagne pyr\u00e9n\u00e9es\" \/>\n    \n          <span class=\"thumb-info-title\">\n    \n            <span class=\"thumb-info-inner\">J\u00c9R\u00d4ME SERVAIRE<\/span>\n    \n            <span class=\"thumb-info-type\">Guia de muntanya<\/span>\n    \n          <\/span>\n    \n          <p>Guia de muntanya des de fa m\u00e9s de 15 anys, viatjo pels Pirineus d\u2019Oest a Est i de Nord a Sud.<\/p>\n    \n        <\/a>\n    \n      <\/div>\n\n <div class=\"element bloc-text center \">\n\t\n<\/div><\/div><\/section>","protected":false},"excerpt":{"rendered":"","protected":false},"author":1,"featured_media":2618,"parent":0,"menu_order":0,"comment_status":"closed","ping_status":"closed","template":"","meta":{"_acf_changed":false,"footnotes":""},"class_list":["post-3514","page","type-page","status-publish","has-post-thumbnail","hentry"],"acf":[],"yoast_head":"<!-- This site is optimized with the Yoast SEO plugin v25.3 - https:\/\/yoast.com\/wordpress\/plugins\/seo\/ -->\n<title>Qu\u00e8 fer a Ari\u00e8ge? Les principals activitats per fer a Ariege<\/title>\n<meta name=\"description\" content=\"Obteniu m\u00e9s informaci\u00f3 sobre les activitats a l\u2019aire lliure al voltant del c\u00e0mping Le S\u00e9dour, a Ari\u00e8ge\" \/>\n<meta name=\"robots\" content=\"index, follow, max-snippet:-1, max-image-preview:large, max-video-preview:-1\" \/>\n<link rel=\"canonical\" href=\"https:\/\/www.camping-lesedour.com\/ca\/activitats-camping-ariege\/\" \/>\n<meta property=\"og:locale\" content=\"ca_ES\" \/>\n<meta property=\"og:type\" content=\"article\" \/>\n<meta property=\"og:title\" content=\"Qu\u00e8 fer a Ari\u00e8ge? Les principals activitats per fer a Ariege\" \/>\n<meta property=\"og:description\" content=\"Obteniu m\u00e9s informaci\u00f3 sobre les activitats a l\u2019aire lliure al voltant del c\u00e0mping Le S\u00e9dour, a Ari\u00e8ge\" \/>\n<meta property=\"og:url\" content=\"https:\/\/www.camping-lesedour.com\/ca\/activitats-camping-ariege\/\" \/>\n<meta property=\"og:site_name\" content=\"Camping le S\u00e9dour\" \/>\n<meta property=\"article:modified_time\" content=\"2020-10-26T08:28:55+00:00\" \/>\n<meta property=\"og:image\" content=\"https:\/\/www.camping-lesedour.com\/wp-content\/uploads\/2020\/09\/randonnee-en-ariege.jpg\" \/>\n\t<meta property=\"og:image:width\" content=\"1903\" \/>\n\t<meta property=\"og:image:height\" content=\"550\" \/>\n\t<meta property=\"og:image:type\" content=\"image\/jpeg\" \/>\n<meta name=\"twitter:card\" content=\"summary_large_image\" \/>\n<script type=\"application\/ld+json\" class=\"yoast-schema-graph\">{\"@context\":\"https:\/\/schema.org\",\"@graph\":[{\"@type\":\"WebPage\",\"@id\":\"https:\/\/www.camping-lesedour.com\/ca\/activitats-camping-ariege\/\",\"url\":\"https:\/\/www.camping-lesedour.com\/ca\/activitats-camping-ariege\/\",\"name\":\"Qu\u00e8 fer a Ari\u00e8ge? Les principals activitats per fer a Ariege\",\"isPartOf\":{\"@id\":\"https:\/\/www.camping-lesedour.com\/ca\/#website\"},\"primaryImageOfPage\":{\"@id\":\"https:\/\/www.camping-lesedour.com\/ca\/activitats-camping-ariege\/#primaryimage\"},\"image\":{\"@id\":\"https:\/\/www.camping-lesedour.com\/ca\/activitats-camping-ariege\/#primaryimage\"},\"thumbnailUrl\":\"https:\/\/www.camping-lesedour.com\/wp-content\/uploads\/2020\/09\/randonnee-en-ariege.jpg\",\"datePublished\":\"2015-12-02T19:05:55+00:00\",\"dateModified\":\"2020-10-26T08:28:55+00:00\",\"description\":\"Obteniu m\u00e9s informaci\u00f3 sobre les activitats a l\u2019aire lliure al voltant del c\u00e0mping Le S\u00e9dour, a Ari\u00e8ge\",\"breadcrumb\":{\"@id\":\"https:\/\/www.camping-lesedour.com\/ca\/activitats-camping-ariege\/#breadcrumb\"},\"inLanguage\":\"ca\",\"potentialAction\":[{\"@type\":\"ReadAction\",\"target\":[\"https:\/\/www.camping-lesedour.com\/ca\/activitats-camping-ariege\/\"]}]},{\"@type\":\"ImageObject\",\"inLanguage\":\"ca\",\"@id\":\"https:\/\/www.camping-lesedour.com\/ca\/activitats-camping-ariege\/#primaryimage\",\"url\":\"https:\/\/www.camping-lesedour.com\/wp-content\/uploads\/2020\/09\/randonnee-en-ariege.jpg\",\"contentUrl\":\"https:\/\/www.camping-lesedour.com\/wp-content\/uploads\/2020\/09\/randonnee-en-ariege.jpg\",\"width\":1903,\"height\":550,\"caption\":\"randonn\u00e9e en Ari\u00e8ge\"},{\"@type\":\"BreadcrumbList\",\"@id\":\"https:\/\/www.camping-lesedour.com\/ca\/activitats-camping-ariege\/#breadcrumb\",\"itemListElement\":[{\"@type\":\"ListItem\",\"position\":1,\"name\":\"Campament Ariege\",\"item\":\"https:\/\/www.camping-lesedour.com\/ca\/\"},{\"@type\":\"ListItem\",\"position\":2,\"name\":\"Activitats de l'Arieja\"}]},{\"@type\":\"WebSite\",\"@id\":\"https:\/\/www.camping-lesedour.com\/ca\/#website\",\"url\":\"https:\/\/www.camping-lesedour.com\/ca\/\",\"name\":\"Camping le S\u00e9dour\",\"description\":\"\",\"potentialAction\":[{\"@type\":\"SearchAction\",\"target\":{\"@type\":\"EntryPoint\",\"urlTemplate\":\"https:\/\/www.camping-lesedour.com\/ca\/?s={search_term_string}\"},\"query-input\":{\"@type\":\"PropertyValueSpecification\",\"valueRequired\":true,\"valueName\":\"search_term_string\"}}],\"inLanguage\":\"ca\"}]}<\/script>\n<!-- \/ Yoast SEO plugin. -->","yoast_head_json":{"title":"Qu\u00e8 fer a Ari\u00e8ge? Les principals activitats per fer a Ariege","description":"Obteniu m\u00e9s informaci\u00f3 sobre les activitats a l\u2019aire lliure al voltant del c\u00e0mping Le S\u00e9dour, a Ari\u00e8ge","robots":{"index":"index","follow":"follow","max-snippet":"max-snippet:-1","max-image-preview":"max-image-preview:large","max-video-preview":"max-video-preview:-1"},"canonical":"https:\/\/www.camping-lesedour.com\/ca\/activitats-camping-ariege\/","og_locale":"ca_ES","og_type":"article","og_title":"Qu\u00e8 fer a Ari\u00e8ge? Les principals activitats per fer a Ariege","og_description":"Obteniu m\u00e9s informaci\u00f3 sobre les activitats a l\u2019aire lliure al voltant del c\u00e0mping Le S\u00e9dour, a Ari\u00e8ge","og_url":"https:\/\/www.camping-lesedour.com\/ca\/activitats-camping-ariege\/","og_site_name":"Camping le S\u00e9dour","article_modified_time":"2020-10-26T08:28:55+00:00","og_image":[{"width":1903,"height":550,"url":"https:\/\/www.camping-lesedour.com\/wp-content\/uploads\/2020\/09\/randonnee-en-ariege.jpg","type":"image\/jpeg"}],"twitter_card":"summary_large_image","schema":{"@context":"https:\/\/schema.org","@graph":[{"@type":"WebPage","@id":"https:\/\/www.camping-lesedour.com\/ca\/activitats-camping-ariege\/","url":"https:\/\/www.camping-lesedour.com\/ca\/activitats-camping-ariege\/","name":"Qu\u00e8 fer a Ari\u00e8ge? Les principals activitats per fer a Ariege","isPartOf":{"@id":"https:\/\/www.camping-lesedour.com\/ca\/#website"},"primaryImageOfPage":{"@id":"https:\/\/www.camping-lesedour.com\/ca\/activitats-camping-ariege\/#primaryimage"},"image":{"@id":"https:\/\/www.camping-lesedour.com\/ca\/activitats-camping-ariege\/#primaryimage"},"thumbnailUrl":"https:\/\/www.camping-lesedour.com\/wp-content\/uploads\/2020\/09\/randonnee-en-ariege.jpg","datePublished":"2015-12-02T19:05:55+00:00","dateModified":"2020-10-26T08:28:55+00:00","description":"Obteniu m\u00e9s informaci\u00f3 sobre les activitats a l\u2019aire lliure al voltant del c\u00e0mping Le S\u00e9dour, a Ari\u00e8ge","breadcrumb":{"@id":"https:\/\/www.camping-lesedour.com\/ca\/activitats-camping-ariege\/#breadcrumb"},"inLanguage":"ca","potentialAction":[{"@type":"ReadAction","target":["https:\/\/www.camping-lesedour.com\/ca\/activitats-camping-ariege\/"]}]},{"@type":"ImageObject","inLanguage":"ca","@id":"https:\/\/www.camping-lesedour.com\/ca\/activitats-camping-ariege\/#primaryimage","url":"https:\/\/www.camping-lesedour.com\/wp-content\/uploads\/2020\/09\/randonnee-en-ariege.jpg","contentUrl":"https:\/\/www.camping-lesedour.com\/wp-content\/uploads\/2020\/09\/randonnee-en-ariege.jpg","width":1903,"height":550,"caption":"randonn\u00e9e en Ari\u00e8ge"},{"@type":"BreadcrumbList","@id":"https:\/\/www.camping-lesedour.com\/ca\/activitats-camping-ariege\/#breadcrumb","itemListElement":[{"@type":"ListItem","position":1,"name":"Campament Ariege","item":"https:\/\/www.camping-lesedour.com\/ca\/"},{"@type":"ListItem","position":2,"name":"Activitats de l'Arieja"}]},{"@type":"WebSite","@id":"https:\/\/www.camping-lesedour.com\/ca\/#website","url":"https:\/\/www.camping-lesedour.com\/ca\/","name":"Camping le S\u00e9dour","description":"","potentialAction":[{"@type":"SearchAction","target":{"@type":"EntryPoint","urlTemplate":"https:\/\/www.camping-lesedour.com\/ca\/?s={search_term_string}"},"query-input":{"@type":"PropertyValueSpecification","valueRequired":true,"valueName":"search_term_string"}}],"inLanguage":"ca"}]}},"_links":{"self":[{"href":"https:\/\/www.camping-lesedour.com\/ca\/wp-json\/wp\/v2\/pages\/3514"}],"collection":[{"href":"https:\/\/www.camping-lesedour.com\/ca\/wp-json\/wp\/v2\/pages"}],"about":[{"href":"https:\/\/www.camping-lesedour.com\/ca\/wp-json\/wp\/v2\/types\/page"}],"author":[{"embeddable":true,"href":"https:\/\/www.camping-lesedour.com\/ca\/wp-json\/wp\/v2\/users\/1"}],"replies":[{"embeddable":true,"href":"https:\/\/www.camping-lesedour.com\/ca\/wp-json\/wp\/v2\/comments?post=3514"}],"version-history":[{"count":8,"href":"https:\/\/www.camping-lesedour.com\/ca\/wp-json\/wp\/v2\/pages\/3514\/revisions"}],"predecessor-version":[{"id":3923,"href":"https:\/\/www.camping-lesedour.com\/ca\/wp-json\/wp\/v2\/pages\/3514\/revisions\/3923"}],"wp:featuredmedia":[{"embeddable":true,"href":"https:\/\/www.camping-lesedour.com\/ca\/wp-json\/wp\/v2\/media\/2618"}],"wp:attachment":[{"href":"https:\/\/www.camping-lesedour.com\/ca\/wp-json\/wp\/v2\/media?parent=3514"}],"curies":[{"name":"wp","href":"https:\/\/api.w.org\/{rel}","templated":true}]}}