{"id":3546,"date":"2015-12-03T18:47:57","date_gmt":"2015-12-03T17:47:57","guid":{"rendered":"https:\/\/www.camping-lesedour.com\/emplacement-camping-tarascon-ariege\/"},"modified":"2020-10-26T09:23:07","modified_gmt":"2020-10-26T08:23:07","slug":"tarascon-ariege-camping-pitch","status":"publish","type":"page","link":"https:\/\/www.camping-lesedour.com\/ca\/tarascon-ariege-camping-pitch\/","title":{"rendered":"Emplacements camping Tarascon sur Ari\u00e8ge, Midi-Pyr\u00e9n\u00e9es"},"content":{"rendered":"<section id=\"section-5f6b51e6d8b51\"\" class=\"section bg-color3\" \/><div class=\"container\"><h1 class=\"element section-title center\">Parcel\u00b7les de camping Tarascon sur Ariege<\/h1><\/div><\/section>\n\n<section id=\"section-5f6b51e6d8ffe\"\" class=\"section bg-white p-t-0\" \/><div class=\"container\"><div class=\"element bloc-text justify \">\n\t<p><script>\n    window.ctoutvert = {\n        id: 735,\n        lang: 'ca',\n        url: 'https:\/\/bookingpremium.secureholiday.net\/widgets\/', \n    };\n    (function (w, d, s, ctv, r, js, fjs) {\n        r=new XMLHttpRequest();r.open('GET',w[ctv].url+'js\/src.json');\n        r.responseType='json';r.json=true;r.send();\n        r.onload=function(){w[ctv].src=r.responseType=='json'?r.response:JSON.parse(r.response);\n        js.src=w[ctv].src[0];fjs.parentNode.insertBefore(js, fjs);}\n        js=d.createElement(s),fjs=d.getElementsByTagName(s)[0];\n        js.id='ctvwidget';js.async=1;\n    }(window, document, 'script', 'ctoutvert'));\n<\/script><br \/>\n<ctv-availability data-product-id='41509;77002;41508' ><\/ctv-availability><\/p>\n<\/div><\/div><\/section>\n\n<section id=\"section-5f6b51e6d970e\"\" class=\"section bg-color3\" \/><div class=\"container full\"><div class=\"colonnes-wrap valign-middle \"><div class=\"element colonne w-60 p-0\"><div class=\"element images\"><div class=\"image\"><img decoding=\"async\" src=\"https:\/\/www.camping-lesedour.com\/wp-content\/uploads\/2020\/09\/acsi-ariege-100x70.jpg\" data-src=\"https:\/\/www.camping-lesedour.com\/wp-content\/uploads\/2020\/09\/acsi-ariege.jpg\" alt=\"location emplacement occitanie\" class=\"images_image\" \/><\/div><div class=\"image\"><img decoding=\"async\" src=\"https:\/\/www.camping-lesedour.com\/wp-content\/uploads\/2020\/10\/location-emplacement-ariege-100x80.jpg\" data-src=\"https:\/\/www.camping-lesedour.com\/wp-content\/uploads\/2020\/10\/location-emplacement-ariege.jpg\" alt=\"location emplacement ariege\" class=\"images_image\" \/><\/div><\/div><div class=\"element images\"><div class=\"image\"><img decoding=\"async\" src=\"https:\/\/www.camping-lesedour.com\/wp-content\/uploads\/2020\/10\/emplacement-tente-ariege-100x80.jpg\" data-src=\"https:\/\/www.camping-lesedour.com\/wp-content\/uploads\/2020\/10\/emplacement-tente-ariege.jpg\" alt=\"emplacement tente ariege\" class=\"images_image\" \/><\/div><div class=\"image\"><img decoding=\"async\" src=\"https:\/\/www.camping-lesedour.com\/wp-content\/uploads\/2020\/10\/caravaning-ariege-100x80.jpg\" data-src=\"https:\/\/www.camping-lesedour.com\/wp-content\/uploads\/2020\/10\/caravaning-ariege.jpg\" alt=\"caravaning ariege\" class=\"images_image\" \/><\/div><\/div><\/div><div class=\"element colonne p-8 w-40\"><h2 class=\"element section-title left\">Paquet Excursionista Parcel\u00b7les<\/h2><div class=\"element bloc-text justify \">\n\t<p>Al <a href=\"\/ca\/\">c\u00e0mping Ari\u00e8ge<\/a>, oferim <strong class = \"bold color1\"> c\u00e0mpings de qualitat <\/strong> per a unes vacances familiars confortables.<\/p>\n<p>Hi ha parcel\u00b7les \u00edntimes i verdes disponibles per a viatgers solters a peu o en bicicleta. Ideal per a excursionistes i cicloturistes, el nostre paquet inclou una tenda de campanya <strong class = \"bold color1\"> tenda <\/strong> amb una superf\u00edcie agradable de 80 m2 per a una persona.<\/p>\n<p><strong class=\"bold color1\"> Electricitat <\/strong> inclosa al paquet excursionista us permet utilitzar la comoditat personal o l&#8217;equipament que oferim en lloguer.<\/p>\n<p>En una <strong class = \"bold color1\"> zona tranquil\u00b7la <\/strong> del nostre lloc, gaudiu d&#8217;una agradable vista del camp de l&#8217;Arieja amb les muntanyes com a tel\u00f3 de fons.<\/p>\n<p>La vostra ubicaci\u00f3 est\u00e0 delimitada per arbres per proporcionar-vos un <strong class = \"bold color1\"> ombra agradable <\/strong> i per <strong class = \"bold color1\"> garantir la vostra tranquil\u00b7litat <\/strong>.<\/p>\n<p>El terra de gespa \u00e9s ideal per a una estada o una parada a la natura.<\/p>\n<p><strong class = \"color1 bold\"> barbacoes col\u00b7lectives <\/strong> permetre als viatgers de llum per gaudir de el plaer i la conviv\u00e8ncia dels plats a la graella.<\/p>\n<p>Com a opci\u00f3, s\u2019accepten al camp fins a tres persones addicionals i <strong class = \"bold color1\"> dues mascotes <\/strong>.<\/p>\n<\/div><\/div><\/div><\/div><\/section>\n\n<section id=\"section-duplicate\"\" class=\"section bg-white\" \/><div class=\"container extralarge\"><div class=\"colonnes-wrap valign-middle \"><div class=\"element colonne w-60 p-4\"><h2 class=\"element section-title justify\">Paquet Confort Parcel\u00b7les<\/h2><div class=\"element bloc-text justify \">\n\t<p>Ideal per a viatgers amb <strong class = \"bold color1\"> en autocaravana <\/strong> i per a <strong class = \"bold color1\"> estiuejants en tendes de campanya o caravanes <\/strong> amb cotxe, el paquet Comfort inclou lloguer un lloc ampli i confortable equipat amb una connexi\u00f3 el\u00e8ctrica.<\/p>\n<p>La superf\u00edcie de 80 a 100 m\u00b2 de les parcel\u00b7les Comfort \u00e9s perfecta per a <strong class = \"bold color1\"> fam\u00edlies acollidores <\/strong> i per a <strong class = \"bold color1\"> estiuejants amb tendes grans <\/strong> en general . Herbes i ombres, les parcel\u00b7les tamb\u00e9 estan marcades amb arbres per a la vostra tranquil\u00b7litat.<\/p>\n<p>Podeu gaudir d\u2019una <strong class = \"bold color1\"> bella vista de la muntanya <\/strong> i del paisatge natural de l&#8217;Arieja. Teniu 10 A d\u2019electricitat a la parcel\u00b7la, un amperatge ideal per connectar el vostre equip: il\u00b7luminaci\u00f3, aparells de cuina, neveres.<\/p>\n<p>L\u2019\u00fas de la barbacoa de carb\u00f3 est\u00e0 autoritzat al nostre establiment.<\/p>\n<p>Hi ha taules de p\u00edcnic disponibles per gaudir-les. Entre <strong class=\"bold color1\"> tranquil\u00b7litat<\/strong>, convivialitat i <strong class = \"bold color1\"> simplicitat <\/strong>, prepareu-vos per vacances a la natura amb el m\u00e9s pur esperit de c\u00e0mping!<\/p>\n<\/div><\/div><div class=\"element colonne w-40 p-0\"><div class=\"element images\"><div class=\"image\"><img decoding=\"async\" src=\"https:\/\/www.camping-lesedour.com\/wp-content\/uploads\/2020\/10\/emplacement-confort-ariege-85x100.jpg\" data-src=\"https:\/\/www.camping-lesedour.com\/wp-content\/uploads\/2020\/10\/emplacement-confort-ariege.jpg\" alt=\"emplacement confort ariege\" class=\"images_image\" \/><\/div><\/div><\/div><\/div><\/div><\/section>\n\n<section id=\"section-5f747ff22d561\"\" class=\"section bg-color3\" \/><div class=\"container full\"><div class=\"colonnes-wrap valign-middle \"><div class=\"element colonne w-50 p-0\"><div class=\"element images\"><div class=\"image\"><img decoding=\"async\" src=\"https:\/\/www.camping-lesedour.com\/wp-content\/uploads\/2020\/10\/camping-moto-ariege-100x79.jpg\" data-src=\"https:\/\/www.camping-lesedour.com\/wp-content\/uploads\/2020\/10\/camping-moto-ariege.jpg\" alt=\"camping moto ariege\" class=\"images_image\" \/><\/div><\/div><\/div><div class=\"element colonne p-8 w-50\"><h2 class=\"element section-title justify\">Paquet de motos a Ariege<\/h2><div class=\"element bloc-text justify \">\n\t<p>La regi\u00f3 d&#8217;Occit\u00e0nia, amb els seus <strong class = \"bold color1\"> paisatges variats i clima temperat <\/strong>, \u00e9s una destinaci\u00f3 ideal per a viatges en moto. Les carreteres dels Pirineus ofereixen <strong class = \"bold color1\"> paisatges magn\u00edfics <\/strong> amb les seves muntanyes polifac\u00e8tiques.<\/p>\n<p>Els massissos de l\u2019Arieja concentren una gran varietat de <strong class = \"bold color1\"> paisatges verds <\/strong> amb els seus boscos, les seves pastures i les seves valls profundes.<\/p>\n<p>En moto, descobrireu les <strong class = \"bold color1\"> rutes m\u00edtiques del Tour de Fran\u00e7a <\/strong>, com ara la pujada a l&#8217;altipl\u00e0 de Beille, la ruta Bonascre per sobre d&#8217;Ax-les-Thermes i tamb\u00e9 el port de Lers a pocs quil\u00f2metres del c\u00e0mping Le S\u00e9dour. La bicicleta us portar\u00e0 al Mur de P\u00e9gu\u00e8re, que els pilots del Tour de Fran\u00e7a coneixen b\u00e9.<\/p>\n<p>En pocs minuts amb moto, us trobareu davant de <strong class = \"bold color1\"> llocs extraordinaris <\/strong>: llacs brillants i preses hidr\u00e0uliques com Soulcem o l&#8217;estany de Lers, o pobles penjats de la part superior de les muntanyes com Lap\u00e8ge , passos panor\u00e0mics amb una vista impressionant i a la part superior una fonda reconeguda per la seva gastronomia. <strong class = \"bold color1\"> Totes aquestes meravelles en poc temps en moto <\/strong>.<\/p>\n<p>No obstant aix\u00f2, es recomana precauci\u00f3, ja que les condicions meteorol\u00f2giques poden canviar r\u00e0pidament a les muntanyes. Llavors, estareu molt contents de trobar el <strong class=\"bold color1\">entorn tranquil i acollidor <\/strong> del vostre allotjament al c\u00e0mping Le S\u00e9dour de Surba.<\/p>\n<\/div><\/div><\/div><\/div><\/section>\n\n<section id=\"section-cta-bas-page\"\" class=\"section bg-white\" \/><div class=\"container extralarge\"><div class=\"element section-title center titre-cta\">Descobriu els nostres mobile homes en venda o lloguer<\/div><ul class=\"liste-de-page\"><li class=\"element call-to-action center titre-cta call-to-action--style-1 call-to-action--normal\"><a href=\"https:\/\/www.camping-lesedour.com\/ca\/preus-camping-ariege\/\"  class=\"call-to-action_link\" title=\"Aprendre mes sobre els preus\"><div class=\"call-to-action_image\"><img decoding=\"async\" src=\"https:\/\/www.camping-lesedour.com\/wp-content\/uploads\/2024\/01\/camping-le-sedour-contact-100x29.jpg\" data-src=\"https:\/\/www.camping-lesedour.com\/wp-content\/uploads\/2024\/01\/camping-le-sedour-contact.jpg\" alt=\"\" class=\"normal\" \/><\/div><div class=\"call-to-action_contenu\"><div class=\"call-to-action_titre\">Els preus<\/div><div class=\"call-to-action_texte\">Apr\u00e8n m\u00e9s<\/div><\/div><\/a><\/li><li class=\"element call-to-action  call-to-action--style-1 call-to-action--normal\"><a href=\"https:\/\/www.camping-lesedour.com\/ca\/venda-casa-mobil-ariege\/\"  class=\"call-to-action_link\" title=\"Aprendre mes sobre feu-vos propietaris\"><div class=\"call-to-action_image\"><img decoding=\"async\" src=\"https:\/\/www.camping-lesedour.com\/wp-content\/uploads\/2024\/01\/camping-sedour-devenez-100x80.jpg\" data-src=\"https:\/\/www.camping-lesedour.com\/wp-content\/uploads\/2024\/01\/camping-sedour-devenez.jpg\" alt=\"camping-sedour-devenez\" class=\"normal\" \/><\/div><div class=\"call-to-action_contenu\"><div class=\"call-to-action_titre\">Feu-vos propietaris<\/div><div class=\"call-to-action_texte\">Apr\u00e8n m\u00e9s<\/div><\/div><\/a><\/li><li class=\"element call-to-action  call-to-action--style-1 call-to-action--normal\"><a href=\"https:\/\/www.camping-lesedour.com\/ca\/lloguer-de-mobile-home-ariege\/\"  class=\"call-to-action_link\" title=\"Aprendre mes sobre mobilhome\"><div class=\"call-to-action_image\"><img decoding=\"async\" src=\"https:\/\/www.camping-lesedour.com\/wp-content\/uploads\/2024\/01\/camping-le-sedour-ariege-100x80.jpg\" data-src=\"https:\/\/www.camping-lesedour.com\/wp-content\/uploads\/2024\/01\/camping-le-sedour-ariege.jpg\" alt=\"\" class=\"normal\" \/><\/div><div class=\"call-to-action_contenu\"><div class=\"call-to-action_titre\">Mobilhome<\/div><div class=\"call-to-action_texte\">Apr\u00e8n m\u00e9s<\/div><\/div><\/a><\/li><\/ul><\/div><\/section>","protected":false},"excerpt":{"rendered":"","protected":false},"author":1,"featured_media":2869,"parent":0,"menu_order":0,"comment_status":"closed","ping_status":"closed","template":"","meta":{"_acf_changed":false,"footnotes":""},"class_list":["post-3546","page","type-page","status-publish","has-post-thumbnail","hentry"],"acf":[],"yoast_head":"<!-- This site is optimized with the Yoast SEO plugin v25.3 - https:\/\/yoast.com\/wordpress\/plugins\/seo\/ -->\n<title>C\u00e0mping-caravana | Ubicaci\u00f3 de la ubicaci\u00f3 Ari\u00e8ge (09)<\/title>\n<meta name=\"description\" content=\"Obteniu m\u00e9s informaci\u00f3 sobre el lloguer d\u2019un c\u00e0mping-caravana a Ari\u00e8ge: ampli i c\u00f2mode per a una estada de c\u00e0mping inoblidable.\" \/>\n<meta name=\"robots\" content=\"index, follow, max-snippet:-1, max-image-preview:large, max-video-preview:-1\" \/>\n<link rel=\"canonical\" href=\"https:\/\/www.camping-lesedour.com\/ca\/tarascon-ariege-camping-pitch\/\" \/>\n<meta property=\"og:locale\" content=\"ca_ES\" \/>\n<meta property=\"og:type\" content=\"article\" \/>\n<meta property=\"og:title\" content=\"C\u00e0mping-caravana | Ubicaci\u00f3 de la ubicaci\u00f3 Ari\u00e8ge (09)\" \/>\n<meta property=\"og:description\" content=\"Obteniu m\u00e9s informaci\u00f3 sobre el lloguer d\u2019un c\u00e0mping-caravana a Ari\u00e8ge: ampli i c\u00f2mode per a una estada de c\u00e0mping inoblidable.\" \/>\n<meta property=\"og:url\" content=\"https:\/\/www.camping-lesedour.com\/ca\/tarascon-ariege-camping-pitch\/\" \/>\n<meta property=\"og:site_name\" content=\"Camping le S\u00e9dour\" \/>\n<meta property=\"article:modified_time\" content=\"2020-10-26T08:23:07+00:00\" \/>\n<meta property=\"og:image\" content=\"https:\/\/www.camping-lesedour.com\/wp-content\/uploads\/2020\/09\/emplacement-caravaning-ariege.jpg\" \/>\n\t<meta property=\"og:image:width\" content=\"1903\" \/>\n\t<meta property=\"og:image:height\" content=\"550\" \/>\n\t<meta property=\"og:image:type\" content=\"image\/jpeg\" \/>\n<meta name=\"twitter:card\" content=\"summary_large_image\" \/>\n<script type=\"application\/ld+json\" class=\"yoast-schema-graph\">{\"@context\":\"https:\/\/schema.org\",\"@graph\":[{\"@type\":\"WebPage\",\"@id\":\"https:\/\/www.camping-lesedour.com\/ca\/tarascon-ariege-camping-pitch\/\",\"url\":\"https:\/\/www.camping-lesedour.com\/ca\/tarascon-ariege-camping-pitch\/\",\"name\":\"C\u00e0mping-caravana | Ubicaci\u00f3 de la ubicaci\u00f3 Ari\u00e8ge (09)\",\"isPartOf\":{\"@id\":\"https:\/\/www.camping-lesedour.com\/ca\/#website\"},\"primaryImageOfPage\":{\"@id\":\"https:\/\/www.camping-lesedour.com\/ca\/tarascon-ariege-camping-pitch\/#primaryimage\"},\"image\":{\"@id\":\"https:\/\/www.camping-lesedour.com\/ca\/tarascon-ariege-camping-pitch\/#primaryimage\"},\"thumbnailUrl\":\"https:\/\/www.camping-lesedour.com\/wp-content\/uploads\/2020\/09\/emplacement-caravaning-ariege.jpg\",\"datePublished\":\"2015-12-03T17:47:57+00:00\",\"dateModified\":\"2020-10-26T08:23:07+00:00\",\"description\":\"Obteniu m\u00e9s informaci\u00f3 sobre el lloguer d\u2019un c\u00e0mping-caravana a Ari\u00e8ge: ampli i c\u00f2mode per a una estada de c\u00e0mping inoblidable.\",\"breadcrumb\":{\"@id\":\"https:\/\/www.camping-lesedour.com\/ca\/tarascon-ariege-camping-pitch\/#breadcrumb\"},\"inLanguage\":\"ca\",\"potentialAction\":[{\"@type\":\"ReadAction\",\"target\":[\"https:\/\/www.camping-lesedour.com\/ca\/tarascon-ariege-camping-pitch\/\"]}]},{\"@type\":\"ImageObject\",\"inLanguage\":\"ca\",\"@id\":\"https:\/\/www.camping-lesedour.com\/ca\/tarascon-ariege-camping-pitch\/#primaryimage\",\"url\":\"https:\/\/www.camping-lesedour.com\/wp-content\/uploads\/2020\/09\/emplacement-caravaning-ariege.jpg\",\"contentUrl\":\"https:\/\/www.camping-lesedour.com\/wp-content\/uploads\/2020\/09\/emplacement-caravaning-ariege.jpg\",\"width\":1903,\"height\":550,\"caption\":\"emplacement caravaning ariege\"},{\"@type\":\"BreadcrumbList\",\"@id\":\"https:\/\/www.camping-lesedour.com\/ca\/tarascon-ariege-camping-pitch\/#breadcrumb\",\"itemListElement\":[{\"@type\":\"ListItem\",\"position\":1,\"name\":\"Campament Ariege\",\"item\":\"https:\/\/www.camping-lesedour.com\/ca\/\"},{\"@type\":\"ListItem\",\"position\":2,\"name\":\"Lloguer de c\u00e0mping Ari\u00e8ge\"}]},{\"@type\":\"WebSite\",\"@id\":\"https:\/\/www.camping-lesedour.com\/ca\/#website\",\"url\":\"https:\/\/www.camping-lesedour.com\/ca\/\",\"name\":\"Camping le S\u00e9dour\",\"description\":\"\",\"potentialAction\":[{\"@type\":\"SearchAction\",\"target\":{\"@type\":\"EntryPoint\",\"urlTemplate\":\"https:\/\/www.camping-lesedour.com\/ca\/?s={search_term_string}\"},\"query-input\":{\"@type\":\"PropertyValueSpecification\",\"valueRequired\":true,\"valueName\":\"search_term_string\"}}],\"inLanguage\":\"ca\"}]}<\/script>\n<!-- \/ Yoast SEO plugin. -->","yoast_head_json":{"title":"C\u00e0mping-caravana | Ubicaci\u00f3 de la ubicaci\u00f3 Ari\u00e8ge (09)","description":"Obteniu m\u00e9s informaci\u00f3 sobre el lloguer d\u2019un c\u00e0mping-caravana a Ari\u00e8ge: ampli i c\u00f2mode per a una estada de c\u00e0mping inoblidable.","robots":{"index":"index","follow":"follow","max-snippet":"max-snippet:-1","max-image-preview":"max-image-preview:large","max-video-preview":"max-video-preview:-1"},"canonical":"https:\/\/www.camping-lesedour.com\/ca\/tarascon-ariege-camping-pitch\/","og_locale":"ca_ES","og_type":"article","og_title":"C\u00e0mping-caravana | Ubicaci\u00f3 de la ubicaci\u00f3 Ari\u00e8ge (09)","og_description":"Obteniu m\u00e9s informaci\u00f3 sobre el lloguer d\u2019un c\u00e0mping-caravana a Ari\u00e8ge: ampli i c\u00f2mode per a una estada de c\u00e0mping inoblidable.","og_url":"https:\/\/www.camping-lesedour.com\/ca\/tarascon-ariege-camping-pitch\/","og_site_name":"Camping le S\u00e9dour","article_modified_time":"2020-10-26T08:23:07+00:00","og_image":[{"width":1903,"height":550,"url":"https:\/\/www.camping-lesedour.com\/wp-content\/uploads\/2020\/09\/emplacement-caravaning-ariege.jpg","type":"image\/jpeg"}],"twitter_card":"summary_large_image","schema":{"@context":"https:\/\/schema.org","@graph":[{"@type":"WebPage","@id":"https:\/\/www.camping-lesedour.com\/ca\/tarascon-ariege-camping-pitch\/","url":"https:\/\/www.camping-lesedour.com\/ca\/tarascon-ariege-camping-pitch\/","name":"C\u00e0mping-caravana | Ubicaci\u00f3 de la ubicaci\u00f3 Ari\u00e8ge (09)","isPartOf":{"@id":"https:\/\/www.camping-lesedour.com\/ca\/#website"},"primaryImageOfPage":{"@id":"https:\/\/www.camping-lesedour.com\/ca\/tarascon-ariege-camping-pitch\/#primaryimage"},"image":{"@id":"https:\/\/www.camping-lesedour.com\/ca\/tarascon-ariege-camping-pitch\/#primaryimage"},"thumbnailUrl":"https:\/\/www.camping-lesedour.com\/wp-content\/uploads\/2020\/09\/emplacement-caravaning-ariege.jpg","datePublished":"2015-12-03T17:47:57+00:00","dateModified":"2020-10-26T08:23:07+00:00","description":"Obteniu m\u00e9s informaci\u00f3 sobre el lloguer d\u2019un c\u00e0mping-caravana a Ari\u00e8ge: ampli i c\u00f2mode per a una estada de c\u00e0mping inoblidable.","breadcrumb":{"@id":"https:\/\/www.camping-lesedour.com\/ca\/tarascon-ariege-camping-pitch\/#breadcrumb"},"inLanguage":"ca","potentialAction":[{"@type":"ReadAction","target":["https:\/\/www.camping-lesedour.com\/ca\/tarascon-ariege-camping-pitch\/"]}]},{"@type":"ImageObject","inLanguage":"ca","@id":"https:\/\/www.camping-lesedour.com\/ca\/tarascon-ariege-camping-pitch\/#primaryimage","url":"https:\/\/www.camping-lesedour.com\/wp-content\/uploads\/2020\/09\/emplacement-caravaning-ariege.jpg","contentUrl":"https:\/\/www.camping-lesedour.com\/wp-content\/uploads\/2020\/09\/emplacement-caravaning-ariege.jpg","width":1903,"height":550,"caption":"emplacement caravaning ariege"},{"@type":"BreadcrumbList","@id":"https:\/\/www.camping-lesedour.com\/ca\/tarascon-ariege-camping-pitch\/#breadcrumb","itemListElement":[{"@type":"ListItem","position":1,"name":"Campament Ariege","item":"https:\/\/www.camping-lesedour.com\/ca\/"},{"@type":"ListItem","position":2,"name":"Lloguer de c\u00e0mping Ari\u00e8ge"}]},{"@type":"WebSite","@id":"https:\/\/www.camping-lesedour.com\/ca\/#website","url":"https:\/\/www.camping-lesedour.com\/ca\/","name":"Camping le S\u00e9dour","description":"","potentialAction":[{"@type":"SearchAction","target":{"@type":"EntryPoint","urlTemplate":"https:\/\/www.camping-lesedour.com\/ca\/?s={search_term_string}"},"query-input":{"@type":"PropertyValueSpecification","valueRequired":true,"valueName":"search_term_string"}}],"inLanguage":"ca"}]}},"_links":{"self":[{"href":"https:\/\/www.camping-lesedour.com\/ca\/wp-json\/wp\/v2\/pages\/3546"}],"collection":[{"href":"https:\/\/www.camping-lesedour.com\/ca\/wp-json\/wp\/v2\/pages"}],"about":[{"href":"https:\/\/www.camping-lesedour.com\/ca\/wp-json\/wp\/v2\/types\/page"}],"author":[{"embeddable":true,"href":"https:\/\/www.camping-lesedour.com\/ca\/wp-json\/wp\/v2\/users\/1"}],"replies":[{"embeddable":true,"href":"https:\/\/www.camping-lesedour.com\/ca\/wp-json\/wp\/v2\/comments?post=3546"}],"version-history":[{"count":10,"href":"https:\/\/www.camping-lesedour.com\/ca\/wp-json\/wp\/v2\/pages\/3546\/revisions"}],"predecessor-version":[{"id":3919,"href":"https:\/\/www.camping-lesedour.com\/ca\/wp-json\/wp\/v2\/pages\/3546\/revisions\/3919"}],"wp:featuredmedia":[{"embeddable":true,"href":"https:\/\/www.camping-lesedour.com\/ca\/wp-json\/wp\/v2\/media\/2869"}],"wp:attachment":[{"href":"https:\/\/www.camping-lesedour.com\/ca\/wp-json\/wp\/v2\/media?parent=3546"}],"curies":[{"name":"wp","href":"https:\/\/api.w.org\/{rel}","templated":true}]}}