{"id":3570,"date":"2015-12-10T08:17:23","date_gmt":"2015-12-10T07:17:23","guid":{"rendered":"https:\/\/www.camping-lesedour.com\/camping-ouvert-toute-l-annee\/"},"modified":"2024-01-11T15:29:05","modified_gmt":"2024-01-11T14:29:05","slug":"camping-obert-tot-lany","status":"publish","type":"page","link":"https:\/\/www.camping-lesedour.com\/ca\/camping-obert-tot-lany\/","title":{"rendered":"Camping ouvert toute l&#8217;ann\u00e9e"},"content":{"rendered":"<section id=\"section-5f6b51e6d8b51\"\" class=\"section bg-color3\" \/><div class=\"container\"><h1 class=\"element section-title center\">Camping obert tot l&#8217;any<\/h1><div class=\"element bloc-text center \">\n\t<p>Cerqueu un c\u00e0mping <strong class = \"bold color1\"> obert tot l&#8217;any <\/strong>? El <a href=\"\/ca\/\"> c\u00e0mping a Ari\u00e8ge<\/a> Le S\u00e9dour est\u00e0 dirigit a campistes i amants de la natura que vulguin gaudir dels goigs del <strong class = \"bold color1\"> c\u00e0mping durant tot l&#8217;any <\/strong>.<\/p>\n<\/div><\/div><\/section>\n\n<section id=\"section-5f6b51e6d8ffe\"\" class=\"section bg-white p-t-0\" \/><div class=\"container extralarge\"><div class=\"colonnes-wrap valign-top \"><div class=\"element colonne w-40 p-0\"><div class=\"element images\"><div class=\"image\"><img decoding=\"async\" src=\"https:\/\/www.camping-lesedour.com\/wp-content\/uploads\/2020\/09\/camping-ouvert-annee-ariege-75x100.jpg\" data-src=\"https:\/\/www.camping-lesedour.com\/wp-content\/uploads\/2020\/09\/camping-ouvert-annee-ariege.jpg\" alt=\"camping ouvert annee ariege\" class=\"images_image\" \/><\/div><\/div><\/div><div class=\"element colonne w-60 p-4\"><h2 class=\"element section-title justify\">Acampar tot l&#8217;any en qualsevol temporada<\/h2><div class=\"element bloc-text justify \">\n\t<p>Els fans del <strong class = \"bold color1\"> c\u00e0mping tradicional <\/strong> trobaran all\u00f2 que busquen al c\u00e0mping Le S\u00e9dour. Aquest establiment, accessible durant tot l&#8217;any, us permetr\u00e0 <strong class = \"bold color1\"> tastar les 4 estacions <\/strong>. Triar\u00e0 acampar a la primavera per presenciar el <strong class = \"bold color1\"> despertar de la natura <\/strong> o a l\u2019estiu per caminar per les muntanyes i anar a pescar truites als llacs.<\/p>\n<p>Envoltats d\u2019arbres i plantes amb flors, aquests llocs per a caravanes s\u00f3n essencials per fer una parada en una tenda de campanya o en un igl\u00fa durant les excursions a la muntanya al Migdia-Pirineus.<\/p>\n<p>Les autocaravanes tamb\u00e9 poden aparcar la seva autocaravana i la seva caravana en aquest <strong class = \"bold color1\"> bell entorn natural <\/strong> durant tot l&#8217;any. El c\u00e0mping Le S\u00e9dour us ofereix una <strong class = \"bold color1\"> c\u00e0lida benvinguda <\/strong> en totes les temporades.<\/p>\n<p>L\u2019avantatge d\u2019un c\u00e0mping obert tot l\u2019any \u00e9s que podeu planificar lliurement la vostra estada a Ari\u00e8ge en totes les temporades.<\/p>\n<\/div><\/div><\/div><\/div><\/section>\n\n<section id=\"section-5f6b51e6d970e\"\" class=\"section bg-color3\" \/><div class=\"container full\"><div class=\"colonnes-wrap valign-middle \"><div class=\"element colonne w-60 p-0\"><div class=\"element images\"><div class=\"image\"><img decoding=\"async\" src=\"https:\/\/www.camping-lesedour.com\/wp-content\/uploads\/2020\/09\/vacances-hiver-ariege-100x80.jpg\" data-src=\"https:\/\/www.camping-lesedour.com\/wp-content\/uploads\/2020\/09\/vacances-hiver-ariege.jpg\" alt=\"vacances ariege\" class=\"images_image\" \/><\/div><div class=\"image\"><img decoding=\"async\" src=\"https:\/\/www.camping-lesedour.com\/wp-content\/uploads\/2024\/01\/camping-sedour-ouvert-100x80.jpg\" data-src=\"https:\/\/www.camping-lesedour.com\/wp-content\/uploads\/2024\/01\/camping-sedour-ouvert.jpg\" alt=\"mobil-home annee ariege\" class=\"images_image\" \/><\/div><\/div><div class=\"element images\"><div class=\"image\"><img decoding=\"async\" src=\"https:\/\/www.camping-lesedour.com\/wp-content\/uploads\/2020\/09\/location-hiver-ariege-100x80.jpg\" data-src=\"https:\/\/www.camping-lesedour.com\/wp-content\/uploads\/2020\/09\/location-hiver-ariege.jpg\" alt=\"location ariege\" class=\"images_image\" \/><\/div><div class=\"image\"><img decoding=\"async\" src=\"https:\/\/www.camping-lesedour.com\/wp-content\/uploads\/2020\/09\/vacances-ete-ariege-100x80.jpg\" data-src=\"https:\/\/www.camping-lesedour.com\/wp-content\/uploads\/2020\/09\/vacances-ete-ariege.jpg\" alt=\"vacances ete ariege\" class=\"images_image\" \/><\/div><\/div><\/div><div class=\"element colonne p-8 w-40\"><h2 class=\"element section-title justify\">Lloguer de cases mobils tot l&#8217;any<\/h2><div class=\"element bloc-text justify \">\n\t<p>Per a una estada <strong class = \"bold color1\"> m\u00e9s c\u00f2moda<\/strong>, fins i tot al bell mig de la natura, el c\u00e0mping Le S\u00e9dour roman obert tot l&#8217;any i tamb\u00e9 ofereix el lloguer de mobil-homes, xalets i coco dol\u00e7.<\/p>\n<p>Aquests lloguers tenen l&#8217;avantatge de ser <strong class = \"bold color1\"> perfectament equipats <\/strong>, garantint aix\u00ed la vostra comoditat. Cada model est\u00e0 equipat amb TNT i Wifi. Tamb\u00e9 tenen una terrassa amb mobles de jard\u00ed.<\/p>\n<p>Els <strong class = \"bold color1\"> allotjaments inusuals de coco <\/strong> no tenen instal\u00b7lacions sanit\u00e0ries. Tot i aix\u00f2, es troben a prop dels blocs sanitaris equipats amb dutxes i lavabos amb aigua calenta i lavabos.<\/p>\n<p>No obstant aix\u00f2, us suggerim diversos rangs de <strong class = \"bold color1\"> lloguers vacacionals <\/strong> al c\u00e0mping obert tot l&#8217;any. En aquest c\u00e0mping hi trobareu cases rurals i xalets de dos a tres dormitoris, accessibles durant tot l\u2019any.<\/p>\n<p>Tenen una capacitat de dos a sis llits per allotjar els estiuejants en fam\u00edlia, grup o duo en el m\u00e9s <strong class = \"bold color1\"> gran confort <\/strong>.<\/p>\n<p>En aquest <strong class = \"bold color1\"> parad\u00eds de pau <\/strong> i <strong class = \"bold color1\"> de serenitat <\/strong>, podeu explorar f\u00e0cilment les muntanyes, els parcs regionals i les ciutats hist\u00f2riques i les meravelles de l&#8217;Arieja i totes les curiositats d&#8217;Occit\u00e0nia en qualsevol \u00e8poca de l&#8217;any.<\/p>\n<\/div><\/div><\/div><\/div><\/section>\n\n<section id=\"section-cta-bas-page\"\" class=\"section bg-white\" \/><div class=\"container extralarge\"><div class=\"element section-title center titre-cta\">Els serveis del camping<\/div><ul class=\"liste-de-page\"><li class=\"element call-to-action center titre-cta call-to-action--style-1 call-to-action--normal\"><a href=\"https:\/\/www.camping-lesedour.com\/ca\/presentacio-camping-migdia-pirineus\/\"  class=\"call-to-action_link\" title=\"Aprendre mes sobre campament\"><div class=\"call-to-action_image\"><img decoding=\"async\" src=\"https:\/\/www.camping-lesedour.com\/wp-content\/uploads\/2020\/10\/reception-ariege-100x80.jpg\" data-src=\"https:\/\/www.camping-lesedour.com\/wp-content\/uploads\/2020\/10\/reception-ariege.jpg\" alt=\"reception ariege\" class=\"normal\" \/><\/div><div class=\"call-to-action_contenu\"><div class=\"call-to-action_titre\">Campament<\/div><div class=\"call-to-action_texte\">Apr\u00e8n m\u00e9s<\/div><\/div><\/a><\/li><li class=\"element call-to-action  call-to-action--style-1 call-to-action--normal\"><a href=\"https:\/\/www.camping-lesedour.com\/ca\/lloguer-de-mobile-home-ariege\/\"  class=\"call-to-action_link\" title=\"Aprendre mes sobre mobilhome\"><div class=\"call-to-action_image\"><img decoding=\"async\" src=\"https:\/\/www.camping-lesedour.com\/wp-content\/uploads\/2024\/01\/camping-le-sedour-ariege-100x80.jpg\" data-src=\"https:\/\/www.camping-lesedour.com\/wp-content\/uploads\/2024\/01\/camping-le-sedour-ariege.jpg\" alt=\"\" class=\"normal\" \/><\/div><div class=\"call-to-action_contenu\"><div class=\"call-to-action_titre\">Mobilhome<\/div><div class=\"call-to-action_texte\">Apr\u00e8n m\u00e9s<\/div><\/div><\/a><\/li><\/ul><\/div><\/section>","protected":false},"excerpt":{"rendered":"","protected":false},"author":1,"featured_media":5419,"parent":0,"menu_order":0,"comment_status":"closed","ping_status":"closed","template":"","meta":{"_acf_changed":false,"footnotes":""},"class_list":["post-3570","page","type-page","status-publish","has-post-thumbnail","hentry"],"acf":[],"yoast_head":"<!-- This site is optimized with the Yoast SEO plugin v25.3 - https:\/\/yoast.com\/wordpress\/plugins\/seo\/ -->\n<title>C\u00e0mping obert tot l&#039;any | Lloguer de casa m\u00f2bil i c\u00e0mping durant tot l&#039;any<\/title>\n<meta name=\"description\" content=\"Busqueu un c\u00e0mping obert tot l&#039;any? El c\u00e0mping situat a Ari\u00e8ge a Tarascon, el c\u00e0mping Le S\u00e9dour, us obre les portes durant tot l&#039;any, durant les 4 temporades.\" \/>\n<meta name=\"robots\" content=\"index, follow, max-snippet:-1, max-image-preview:large, max-video-preview:-1\" \/>\n<link rel=\"canonical\" href=\"https:\/\/www.camping-lesedour.com\/ca\/camping-obert-tot-lany\/\" \/>\n<meta property=\"og:locale\" content=\"ca_ES\" \/>\n<meta property=\"og:type\" content=\"article\" \/>\n<meta property=\"og:title\" content=\"C\u00e0mping obert tot l&#039;any | Lloguer de casa m\u00f2bil i c\u00e0mping durant tot l&#039;any\" \/>\n<meta property=\"og:description\" content=\"Busqueu un c\u00e0mping obert tot l&#039;any? El c\u00e0mping situat a Ari\u00e8ge a Tarascon, el c\u00e0mping Le S\u00e9dour, us obre les portes durant tot l&#039;any, durant les 4 temporades.\" \/>\n<meta property=\"og:url\" content=\"https:\/\/www.camping-lesedour.com\/ca\/camping-obert-tot-lany\/\" \/>\n<meta property=\"og:site_name\" content=\"Camping le S\u00e9dour\" \/>\n<meta property=\"article:modified_time\" content=\"2024-01-11T14:29:05+00:00\" \/>\n<meta property=\"og:image\" content=\"https:\/\/www.camping-lesedour.com\/wp-content\/uploads\/2024\/01\/camping-le-sedour-pres.jpg\" \/>\n\t<meta property=\"og:image:width\" content=\"1903\" \/>\n\t<meta property=\"og:image:height\" content=\"550\" \/>\n\t<meta property=\"og:image:type\" content=\"image\/jpeg\" \/>\n<meta name=\"twitter:card\" content=\"summary_large_image\" \/>\n<script type=\"application\/ld+json\" class=\"yoast-schema-graph\">{\"@context\":\"https:\/\/schema.org\",\"@graph\":[{\"@type\":\"WebPage\",\"@id\":\"https:\/\/www.camping-lesedour.com\/ca\/camping-obert-tot-lany\/\",\"url\":\"https:\/\/www.camping-lesedour.com\/ca\/camping-obert-tot-lany\/\",\"name\":\"C\u00e0mping obert tot l'any | Lloguer de casa m\u00f2bil i c\u00e0mping durant tot l'any\",\"isPartOf\":{\"@id\":\"https:\/\/www.camping-lesedour.com\/ca\/#website\"},\"primaryImageOfPage\":{\"@id\":\"https:\/\/www.camping-lesedour.com\/ca\/camping-obert-tot-lany\/#primaryimage\"},\"image\":{\"@id\":\"https:\/\/www.camping-lesedour.com\/ca\/camping-obert-tot-lany\/#primaryimage\"},\"thumbnailUrl\":\"https:\/\/www.camping-lesedour.com\/wp-content\/uploads\/2024\/01\/camping-le-sedour-pres.jpg\",\"datePublished\":\"2015-12-10T07:17:23+00:00\",\"dateModified\":\"2024-01-11T14:29:05+00:00\",\"description\":\"Busqueu un c\u00e0mping obert tot l'any? El c\u00e0mping situat a Ari\u00e8ge a Tarascon, el c\u00e0mping Le S\u00e9dour, us obre les portes durant tot l'any, durant les 4 temporades.\",\"breadcrumb\":{\"@id\":\"https:\/\/www.camping-lesedour.com\/ca\/camping-obert-tot-lany\/#breadcrumb\"},\"inLanguage\":\"ca\",\"potentialAction\":[{\"@type\":\"ReadAction\",\"target\":[\"https:\/\/www.camping-lesedour.com\/ca\/camping-obert-tot-lany\/\"]}]},{\"@type\":\"ImageObject\",\"inLanguage\":\"ca\",\"@id\":\"https:\/\/www.camping-lesedour.com\/ca\/camping-obert-tot-lany\/#primaryimage\",\"url\":\"https:\/\/www.camping-lesedour.com\/wp-content\/uploads\/2024\/01\/camping-le-sedour-pres.jpg\",\"contentUrl\":\"https:\/\/www.camping-lesedour.com\/wp-content\/uploads\/2024\/01\/camping-le-sedour-pres.jpg\",\"width\":1903,\"height\":550},{\"@type\":\"BreadcrumbList\",\"@id\":\"https:\/\/www.camping-lesedour.com\/ca\/camping-obert-tot-lany\/#breadcrumb\",\"itemListElement\":[{\"@type\":\"ListItem\",\"position\":1,\"name\":\"Campament Ariege\",\"item\":\"https:\/\/www.camping-lesedour.com\/ca\/\"},{\"@type\":\"ListItem\",\"position\":2,\"name\":\"C\u00e0mping obert tot l'any\"}]},{\"@type\":\"WebSite\",\"@id\":\"https:\/\/www.camping-lesedour.com\/ca\/#website\",\"url\":\"https:\/\/www.camping-lesedour.com\/ca\/\",\"name\":\"Camping le S\u00e9dour\",\"description\":\"\",\"potentialAction\":[{\"@type\":\"SearchAction\",\"target\":{\"@type\":\"EntryPoint\",\"urlTemplate\":\"https:\/\/www.camping-lesedour.com\/ca\/?s={search_term_string}\"},\"query-input\":{\"@type\":\"PropertyValueSpecification\",\"valueRequired\":true,\"valueName\":\"search_term_string\"}}],\"inLanguage\":\"ca\"}]}<\/script>\n<!-- \/ Yoast SEO plugin. -->","yoast_head_json":{"title":"C\u00e0mping obert tot l'any | Lloguer de casa m\u00f2bil i c\u00e0mping durant tot l'any","description":"Busqueu un c\u00e0mping obert tot l'any? El c\u00e0mping situat a Ari\u00e8ge a Tarascon, el c\u00e0mping Le S\u00e9dour, us obre les portes durant tot l'any, durant les 4 temporades.","robots":{"index":"index","follow":"follow","max-snippet":"max-snippet:-1","max-image-preview":"max-image-preview:large","max-video-preview":"max-video-preview:-1"},"canonical":"https:\/\/www.camping-lesedour.com\/ca\/camping-obert-tot-lany\/","og_locale":"ca_ES","og_type":"article","og_title":"C\u00e0mping obert tot l'any | Lloguer de casa m\u00f2bil i c\u00e0mping durant tot l'any","og_description":"Busqueu un c\u00e0mping obert tot l'any? El c\u00e0mping situat a Ari\u00e8ge a Tarascon, el c\u00e0mping Le S\u00e9dour, us obre les portes durant tot l'any, durant les 4 temporades.","og_url":"https:\/\/www.camping-lesedour.com\/ca\/camping-obert-tot-lany\/","og_site_name":"Camping le S\u00e9dour","article_modified_time":"2024-01-11T14:29:05+00:00","og_image":[{"width":1903,"height":550,"url":"https:\/\/www.camping-lesedour.com\/wp-content\/uploads\/2024\/01\/camping-le-sedour-pres.jpg","type":"image\/jpeg"}],"twitter_card":"summary_large_image","schema":{"@context":"https:\/\/schema.org","@graph":[{"@type":"WebPage","@id":"https:\/\/www.camping-lesedour.com\/ca\/camping-obert-tot-lany\/","url":"https:\/\/www.camping-lesedour.com\/ca\/camping-obert-tot-lany\/","name":"C\u00e0mping obert tot l'any | Lloguer de casa m\u00f2bil i c\u00e0mping durant tot l'any","isPartOf":{"@id":"https:\/\/www.camping-lesedour.com\/ca\/#website"},"primaryImageOfPage":{"@id":"https:\/\/www.camping-lesedour.com\/ca\/camping-obert-tot-lany\/#primaryimage"},"image":{"@id":"https:\/\/www.camping-lesedour.com\/ca\/camping-obert-tot-lany\/#primaryimage"},"thumbnailUrl":"https:\/\/www.camping-lesedour.com\/wp-content\/uploads\/2024\/01\/camping-le-sedour-pres.jpg","datePublished":"2015-12-10T07:17:23+00:00","dateModified":"2024-01-11T14:29:05+00:00","description":"Busqueu un c\u00e0mping obert tot l'any? El c\u00e0mping situat a Ari\u00e8ge a Tarascon, el c\u00e0mping Le S\u00e9dour, us obre les portes durant tot l'any, durant les 4 temporades.","breadcrumb":{"@id":"https:\/\/www.camping-lesedour.com\/ca\/camping-obert-tot-lany\/#breadcrumb"},"inLanguage":"ca","potentialAction":[{"@type":"ReadAction","target":["https:\/\/www.camping-lesedour.com\/ca\/camping-obert-tot-lany\/"]}]},{"@type":"ImageObject","inLanguage":"ca","@id":"https:\/\/www.camping-lesedour.com\/ca\/camping-obert-tot-lany\/#primaryimage","url":"https:\/\/www.camping-lesedour.com\/wp-content\/uploads\/2024\/01\/camping-le-sedour-pres.jpg","contentUrl":"https:\/\/www.camping-lesedour.com\/wp-content\/uploads\/2024\/01\/camping-le-sedour-pres.jpg","width":1903,"height":550},{"@type":"BreadcrumbList","@id":"https:\/\/www.camping-lesedour.com\/ca\/camping-obert-tot-lany\/#breadcrumb","itemListElement":[{"@type":"ListItem","position":1,"name":"Campament Ariege","item":"https:\/\/www.camping-lesedour.com\/ca\/"},{"@type":"ListItem","position":2,"name":"C\u00e0mping obert tot l'any"}]},{"@type":"WebSite","@id":"https:\/\/www.camping-lesedour.com\/ca\/#website","url":"https:\/\/www.camping-lesedour.com\/ca\/","name":"Camping le S\u00e9dour","description":"","potentialAction":[{"@type":"SearchAction","target":{"@type":"EntryPoint","urlTemplate":"https:\/\/www.camping-lesedour.com\/ca\/?s={search_term_string}"},"query-input":{"@type":"PropertyValueSpecification","valueRequired":true,"valueName":"search_term_string"}}],"inLanguage":"ca"}]}},"_links":{"self":[{"href":"https:\/\/www.camping-lesedour.com\/ca\/wp-json\/wp\/v2\/pages\/3570"}],"collection":[{"href":"https:\/\/www.camping-lesedour.com\/ca\/wp-json\/wp\/v2\/pages"}],"about":[{"href":"https:\/\/www.camping-lesedour.com\/ca\/wp-json\/wp\/v2\/types\/page"}],"author":[{"embeddable":true,"href":"https:\/\/www.camping-lesedour.com\/ca\/wp-json\/wp\/v2\/users\/1"}],"replies":[{"embeddable":true,"href":"https:\/\/www.camping-lesedour.com\/ca\/wp-json\/wp\/v2\/comments?post=3570"}],"version-history":[{"count":15,"href":"https:\/\/www.camping-lesedour.com\/ca\/wp-json\/wp\/v2\/pages\/3570\/revisions"}],"predecessor-version":[{"id":5539,"href":"https:\/\/www.camping-lesedour.com\/ca\/wp-json\/wp\/v2\/pages\/3570\/revisions\/5539"}],"wp:featuredmedia":[{"embeddable":true,"href":"https:\/\/www.camping-lesedour.com\/ca\/wp-json\/wp\/v2\/media\/5419"}],"wp:attachment":[{"href":"https:\/\/www.camping-lesedour.com\/ca\/wp-json\/wp\/v2\/media?parent=3570"}],"curies":[{"name":"wp","href":"https:\/\/api.w.org\/{rel}","templated":true}]}}