{"id":3582,"date":"2015-12-10T08:05:10","date_gmt":"2015-12-10T07:05:10","guid":{"rendered":"https:\/\/www.camping-lesedour.com\/camping-acsi\/"},"modified":"2020-10-26T09:13:39","modified_gmt":"2020-10-26T08:13:39","slug":"campament-acsi","status":"publish","type":"page","link":"https:\/\/www.camping-lesedour.com\/ca\/campament-acsi\/","title":{"rendered":"Camping ACSI Ari\u00e8ge"},"content":{"rendered":"<section id=\"section-5f6b51e6d8b51\"\" class=\"section bg-color3\" \/><div class=\"container\"><h1 class=\"element section-title center\">Camping ACSI Ariege<\/h1><\/div><\/section>\n\n<section id=\"section-5f6b51e6d8ffe\"\" class=\"section bg-white p-t-0\" \/><div class=\"container extralarge\"><div class=\"colonnes-wrap valign-top \"><div class=\"element colonne w-40 p-0\"><div class=\"element images\"><div class=\"image\"><img decoding=\"async\" src=\"https:\/\/www.camping-lesedour.com\/wp-content\/uploads\/2020\/09\/vacances-acsi-85x100.jpg\" data-src=\"https:\/\/www.camping-lesedour.com\/wp-content\/uploads\/2020\/09\/vacances-acsi.jpg\" alt=\"vacances acsi\" class=\"images_image\" \/><\/div><\/div><\/div><div class=\"element colonne w-60 p-4\"><div class=\"element bloc-text justify \">\n\t<p>Allotjar-se en un c\u00e0mping de qualitat a un preu baix \u00e9s una cosa que desitgen tots els estiuejants. Si busqueu un c\u00e0mping econ\u00f2mic a Ari\u00e8ge, el c\u00e0mping Le S\u00e9dour *** situat a Surba, amb l\u2019etiqueta Turisme i allotjament a l\u2019aire lliure a Occit\u00e0nia, a 2 km de Tarascon sur Ari\u00e8ge \u00e9s la millor adre\u00e7a.<\/p>\n<p>Aquest <a href=\"\/ca\/\"> c\u00e0mping a Ari\u00e8ge<\/a>\u00a0seduir\u00e0 els grans amants de la natura gr\u00e0cies a la seva <strong class=\"bold color1\"> ubicaci\u00f3 privilegiada <\/strong> al cor del parc natural regional dels Pirineus de l\u2019Arieja. T\u00e9 el segell Acsi per a vacances econ\u00f2miques amb fam\u00edlies, grups o duos.<\/p>\n<p>El c\u00e0mping Le S\u00e9dour us d\u00f3na la benvinguda en un entorn verd envoltat de <strong class=\"bold color1\"> natura generosa<\/strong>, al peu de la muntanya de S\u00e9dour i per un rierol.<\/p>\n<p>S\u2019estableix en una zona ombrejada d\u20191,5 ha, molt a prop d\u2019un <strong class=\"bold color1\"> llac pesquer<\/strong>. Podeu passar unes vacances relaxants a prop de la natura per pocs diners.<\/p>\n<\/div><\/div><\/div><\/div><\/section>\n\n<section id=\"section-5f6b51e6d970e\"\" class=\"section bg-color3\" \/><div class=\"container full\"><div class=\"colonnes-wrap valign-middle \"><div class=\"element colonne w-60 p-0\"><div class=\"element images\"><div class=\"image\"><img decoding=\"async\" src=\"https:\/\/www.camping-lesedour.com\/wp-content\/uploads\/2020\/09\/emplacement-acsi-100x70.jpg\" data-src=\"https:\/\/www.camping-lesedour.com\/wp-content\/uploads\/2020\/09\/emplacement-acsi.jpg\" alt=\"emplacement acsi\" class=\"images_image\" \/><\/div><div class=\"image\"><img decoding=\"async\" src=\"https:\/\/www.camping-lesedour.com\/wp-content\/uploads\/2020\/09\/acsi-emplacement-ariege-100x70.jpg\" data-src=\"https:\/\/www.camping-lesedour.com\/wp-content\/uploads\/2020\/09\/acsi-emplacement-ariege.jpg\" alt=\"acsi emplacement ariege\" class=\"images_image\" \/><\/div><\/div><div class=\"element images\"><div class=\"image\"><img decoding=\"async\" src=\"https:\/\/www.camping-lesedour.com\/wp-content\/uploads\/2020\/09\/acsi-ariege-100x70.jpg\" data-src=\"https:\/\/www.camping-lesedour.com\/wp-content\/uploads\/2020\/09\/acsi-ariege.jpg\" alt=\"acsi ariege\" class=\"images_image\" \/><\/div><div class=\"image\"><img decoding=\"async\" src=\"https:\/\/www.camping-lesedour.com\/wp-content\/uploads\/2020\/09\/allee-camping-ariege-100x70.jpg\" data-src=\"https:\/\/www.camping-lesedour.com\/wp-content\/uploads\/2020\/09\/allee-camping-ariege.jpg\" alt=\"allee camping ariege\" class=\"images_image\" \/><\/div><\/div><\/div><div class=\"element colonne p-8 w-40\"><h2 class=\"element section-title justify m-t-6\">FUNCIONAMENT DE LA TARGETA ACSI<\/h2><div class=\"element bloc-text justify \">\n\t<p>La <strong class=\"bold color1\"> targeta de reducci\u00f3 Acsi <\/strong> \u00e9s una targeta que us permet allotjar-vos a hotels a l&#8217;aire lliure etiquetats com el c\u00e0mping Le S\u00e9dour a tarifes avantatjoses de. Per beneficiar-se de tarifes preferents, nom\u00e9s cal que tingueu una targeta Acsi v\u00e0lida per a l&#8217;any en curs i que <strong class=\"bold color1\"> estigueu fora de temporada<\/strong>.<\/p>\n<p>En particular, podeu utilitzar la vostra targeta Acsi per parcel\u00b7les de c\u00e0mping i caravaning. Els puristes del c\u00e0mping seran els primers que estaran encantats d\u2019allotjar-se en una tenda de campanya, caravana, autocaravana i carpa a un preu baix al <strong class=\"bold color1\"> cor de la natura <\/strong> en els c\u00e0mpings membres de la xarxa Acsi, com ara C\u00e0mping Le S\u00e9dour. Com que aquest <strong class=\"bold color1\"> establiment familiar <\/strong> est\u00e0 obert tot l&#8217;any, podeu venir fora de temporada en diferents \u00e8poques de l&#8217;any.<\/p>\n<\/div><\/div><\/div><\/div><\/section>\n\n<section id=\"section-duplicate\"\" class=\"section bg-white p-t-0\" \/><div class=\"container extralarge\"><div class=\"colonnes-wrap valign-top \"><div class=\"element colonne w-60 p-4\"><h2 class=\"element section-title justify\">CAMPING A ARIEGE AMB LA TARGETA ACSI<\/h2><div class=\"element bloc-text justify \">\n\t<p>El c\u00e0mping Le S\u00e9dour <strong class = \"bold color1\"> \u00e9s essencial <\/strong> per acampar a baix cost a Ari\u00e8ge amb la vostra targeta Acsi. Com a <strong class = \"bold color1\"> soci de la xarxa Acsi <\/strong> i c\u00e0mping obert tot l&#8217;any, d\u00f3na la benvinguda als estiuejants que posseeixen una targeta de reducci\u00f3 fora del per\u00edode de juliol-agost.<\/p>\n<p>Ofereix tarifes m\u00e9s baixes per al lloguer de parcel\u00b7les \u00e0mplies i ombrejades per a tendes de campanya, furgonetes camper i caravanes.<\/p>\n<p>Durant la temporada baixa, podeu venir a aquest c\u00e0mping a Arieja per obtenir <strong class = \"bold color1\"> c\u00e0mping tradicional a la vora de l\u2019aigua <\/strong> i descobrir la riquesa del <strong class = \"bold color1\"> natural <\/strong> de la regi\u00f3.<\/p>\n<p>Reserva natural, muntanyes verdes, rierols i llacs de pesca seran els vostres parcs de jocs fora del c\u00e0mping, parad\u00eds per al senderisme, esports aqu\u00e0tics, esqu\u00eds, bicicletes i moltes altres activitats a l&#8217;aire lliure al llarg de les temporades. Durant els vostres <strong class = \"bold color1\"> dies de vacances barats a Arieja, tamb\u00e9 teniu a la vostra disposici\u00f3 parcs infantils, camps d\u2019esports i altres instal\u00b7lacions.<\/p>\n<\/div><\/div><div class=\"element colonne w-40 p-0\"><div class=\"element images\"><div class=\"image\"><img decoding=\"async\" src=\"https:\/\/www.camping-lesedour.com\/wp-content\/uploads\/2020\/09\/petanque-ariege-78x100.jpg\" data-src=\"https:\/\/www.camping-lesedour.com\/wp-content\/uploads\/2020\/09\/petanque-ariege.jpg\" alt=\"petanque ariege\" class=\"images_image\" \/><\/div><\/div><\/div><\/div><\/div><\/section>\n\n<section id=\"section-cta-bas-page\"\" class=\"section bg-color3\" \/><div class=\"container extralarge\"><div class=\"element section-title center titre-cta\">Els nostres lloguers i parcel\u00b7les al camping<\/div><ul class=\"liste-de-page\"><li class=\"element call-to-action center titre-cta call-to-action--style-1 call-to-action--normal\"><a href=\"https:\/\/www.camping-lesedour.com\/ca\/preus-camping-ariege\/\"  class=\"call-to-action_link\" title=\"Aprendre mes sobre els preus\"><div class=\"call-to-action_image\"><img decoding=\"async\" src=\"https:\/\/www.camping-lesedour.com\/wp-content\/uploads\/2024\/01\/camping-le-sedour-contact-100x29.jpg\" data-src=\"https:\/\/www.camping-lesedour.com\/wp-content\/uploads\/2024\/01\/camping-le-sedour-contact.jpg\" alt=\"\" class=\"normal\" \/><\/div><div class=\"call-to-action_contenu\"><div class=\"call-to-action_titre\">Els preus<\/div><div class=\"call-to-action_texte\">Apr\u00e8n m\u00e9s<\/div><\/div><\/a><\/li><li class=\"element call-to-action  call-to-action--style-1 call-to-action--normal\"><a href=\"https:\/\/www.camping-lesedour.com\/ca\/lloguer-de-mobile-home-ariege\/\"  class=\"call-to-action_link\" title=\"Aprendre mes sobre mobilhome\"><div class=\"call-to-action_image\"><img decoding=\"async\" src=\"https:\/\/www.camping-lesedour.com\/wp-content\/uploads\/2024\/01\/camping-le-sedour-ariege-100x80.jpg\" data-src=\"https:\/\/www.camping-lesedour.com\/wp-content\/uploads\/2024\/01\/camping-le-sedour-ariege.jpg\" alt=\"\" class=\"normal\" \/><\/div><div class=\"call-to-action_contenu\"><div class=\"call-to-action_titre\">Mobilhome<\/div><div class=\"call-to-action_texte\">Apr\u00e8n m\u00e9s<\/div><\/div><\/a><\/li><li class=\"element call-to-action  call-to-action--style-1 call-to-action--normal\"><a href=\"https:\/\/www.camping-lesedour.com\/ca\/tarascon-ariege-camping-pitch\/\"  class=\"call-to-action_link\" title=\"Aprendre mes sobre parcel\u00b7les\"><div class=\"call-to-action_image\"><img decoding=\"async\" src=\"https:\/\/www.camping-lesedour.com\/wp-content\/uploads\/2020\/09\/camping-caravaning-ariege-100x80.jpg\" data-src=\"https:\/\/www.camping-lesedour.com\/wp-content\/uploads\/2020\/09\/camping-caravaning-ariege.jpg\" alt=\"camping caravaning ariege\" class=\"normal\" \/><\/div><div class=\"call-to-action_contenu\"><div class=\"call-to-action_titre\">Parcel\u00b7les<\/div><div class=\"call-to-action_texte\">Apr\u00e8n m\u00e9s<\/div><\/div><\/a><\/li><\/ul><\/div><\/section>","protected":false},"excerpt":{"rendered":"","protected":false},"author":1,"featured_media":2747,"parent":0,"menu_order":0,"comment_status":"closed","ping_status":"closed","template":"","meta":{"_acf_changed":false,"footnotes":""},"class_list":["post-3582","page","type-page","status-publish","has-post-thumbnail","hentry"],"acf":[],"yoast_head":"<!-- This site is optimized with the Yoast SEO plugin v25.3 - https:\/\/yoast.com\/wordpress\/plugins\/seo\/ -->\n<title>C\u00e0mping ACSI - Targeta ACSI Ariege - C\u00e0mping soci ACSI Tarascon 09<\/title>\n<meta name=\"description\" content=\"Obteniu m\u00e9s informaci\u00f3 sobre la targeta ACSI per a la vostra estada al c\u00e0mping Le S\u00e9dour, a Ari\u00e8ge\" \/>\n<meta name=\"robots\" content=\"index, follow, max-snippet:-1, max-image-preview:large, max-video-preview:-1\" \/>\n<link rel=\"canonical\" href=\"https:\/\/www.camping-lesedour.com\/ca\/campament-acsi\/\" \/>\n<meta property=\"og:locale\" content=\"ca_ES\" \/>\n<meta property=\"og:type\" content=\"article\" \/>\n<meta property=\"og:title\" content=\"C\u00e0mping ACSI - Targeta ACSI Ariege - C\u00e0mping soci ACSI Tarascon 09\" \/>\n<meta property=\"og:description\" content=\"Obteniu m\u00e9s informaci\u00f3 sobre la targeta ACSI per a la vostra estada al c\u00e0mping Le S\u00e9dour, a Ari\u00e8ge\" \/>\n<meta property=\"og:url\" content=\"https:\/\/www.camping-lesedour.com\/ca\/campament-acsi\/\" \/>\n<meta property=\"og:site_name\" content=\"Camping le S\u00e9dour\" \/>\n<meta property=\"article:modified_time\" content=\"2020-10-26T08:13:39+00:00\" \/>\n<meta property=\"og:image\" content=\"https:\/\/www.camping-lesedour.com\/wp-content\/uploads\/2020\/09\/camping-acsi.jpg\" \/>\n\t<meta property=\"og:image:width\" content=\"1903\" \/>\n\t<meta property=\"og:image:height\" content=\"550\" \/>\n\t<meta property=\"og:image:type\" content=\"image\/jpeg\" \/>\n<meta name=\"twitter:card\" content=\"summary_large_image\" \/>\n<script type=\"application\/ld+json\" class=\"yoast-schema-graph\">{\"@context\":\"https:\/\/schema.org\",\"@graph\":[{\"@type\":\"WebPage\",\"@id\":\"https:\/\/www.camping-lesedour.com\/ca\/campament-acsi\/\",\"url\":\"https:\/\/www.camping-lesedour.com\/ca\/campament-acsi\/\",\"name\":\"C\u00e0mping ACSI - Targeta ACSI Ariege - C\u00e0mping soci ACSI Tarascon 09\",\"isPartOf\":{\"@id\":\"https:\/\/www.camping-lesedour.com\/ca\/#website\"},\"primaryImageOfPage\":{\"@id\":\"https:\/\/www.camping-lesedour.com\/ca\/campament-acsi\/#primaryimage\"},\"image\":{\"@id\":\"https:\/\/www.camping-lesedour.com\/ca\/campament-acsi\/#primaryimage\"},\"thumbnailUrl\":\"https:\/\/www.camping-lesedour.com\/wp-content\/uploads\/2020\/09\/camping-acsi.jpg\",\"datePublished\":\"2015-12-10T07:05:10+00:00\",\"dateModified\":\"2020-10-26T08:13:39+00:00\",\"description\":\"Obteniu m\u00e9s informaci\u00f3 sobre la targeta ACSI per a la vostra estada al c\u00e0mping Le S\u00e9dour, a Ari\u00e8ge\",\"breadcrumb\":{\"@id\":\"https:\/\/www.camping-lesedour.com\/ca\/campament-acsi\/#breadcrumb\"},\"inLanguage\":\"ca\",\"potentialAction\":[{\"@type\":\"ReadAction\",\"target\":[\"https:\/\/www.camping-lesedour.com\/ca\/campament-acsi\/\"]}]},{\"@type\":\"ImageObject\",\"inLanguage\":\"ca\",\"@id\":\"https:\/\/www.camping-lesedour.com\/ca\/campament-acsi\/#primaryimage\",\"url\":\"https:\/\/www.camping-lesedour.com\/wp-content\/uploads\/2020\/09\/camping-acsi.jpg\",\"contentUrl\":\"https:\/\/www.camping-lesedour.com\/wp-content\/uploads\/2020\/09\/camping-acsi.jpg\",\"width\":1903,\"height\":550,\"caption\":\"camping acsi\"},{\"@type\":\"BreadcrumbList\",\"@id\":\"https:\/\/www.camping-lesedour.com\/ca\/campament-acsi\/#breadcrumb\",\"itemListElement\":[{\"@type\":\"ListItem\",\"position\":1,\"name\":\"Campament Ariege\",\"item\":\"https:\/\/www.camping-lesedour.com\/ca\/\"},{\"@type\":\"ListItem\",\"position\":2,\"name\":\"C\u00e0mping ACSI Ari\u00e8ge\"}]},{\"@type\":\"WebSite\",\"@id\":\"https:\/\/www.camping-lesedour.com\/ca\/#website\",\"url\":\"https:\/\/www.camping-lesedour.com\/ca\/\",\"name\":\"Camping le S\u00e9dour\",\"description\":\"\",\"potentialAction\":[{\"@type\":\"SearchAction\",\"target\":{\"@type\":\"EntryPoint\",\"urlTemplate\":\"https:\/\/www.camping-lesedour.com\/ca\/?s={search_term_string}\"},\"query-input\":{\"@type\":\"PropertyValueSpecification\",\"valueRequired\":true,\"valueName\":\"search_term_string\"}}],\"inLanguage\":\"ca\"}]}<\/script>\n<!-- \/ Yoast SEO plugin. -->","yoast_head_json":{"title":"C\u00e0mping ACSI - Targeta ACSI Ariege - C\u00e0mping soci ACSI Tarascon 09","description":"Obteniu m\u00e9s informaci\u00f3 sobre la targeta ACSI per a la vostra estada al c\u00e0mping Le S\u00e9dour, a Ari\u00e8ge","robots":{"index":"index","follow":"follow","max-snippet":"max-snippet:-1","max-image-preview":"max-image-preview:large","max-video-preview":"max-video-preview:-1"},"canonical":"https:\/\/www.camping-lesedour.com\/ca\/campament-acsi\/","og_locale":"ca_ES","og_type":"article","og_title":"C\u00e0mping ACSI - Targeta ACSI Ariege - C\u00e0mping soci ACSI Tarascon 09","og_description":"Obteniu m\u00e9s informaci\u00f3 sobre la targeta ACSI per a la vostra estada al c\u00e0mping Le S\u00e9dour, a Ari\u00e8ge","og_url":"https:\/\/www.camping-lesedour.com\/ca\/campament-acsi\/","og_site_name":"Camping le S\u00e9dour","article_modified_time":"2020-10-26T08:13:39+00:00","og_image":[{"width":1903,"height":550,"url":"https:\/\/www.camping-lesedour.com\/wp-content\/uploads\/2020\/09\/camping-acsi.jpg","type":"image\/jpeg"}],"twitter_card":"summary_large_image","schema":{"@context":"https:\/\/schema.org","@graph":[{"@type":"WebPage","@id":"https:\/\/www.camping-lesedour.com\/ca\/campament-acsi\/","url":"https:\/\/www.camping-lesedour.com\/ca\/campament-acsi\/","name":"C\u00e0mping ACSI - Targeta ACSI Ariege - C\u00e0mping soci ACSI Tarascon 09","isPartOf":{"@id":"https:\/\/www.camping-lesedour.com\/ca\/#website"},"primaryImageOfPage":{"@id":"https:\/\/www.camping-lesedour.com\/ca\/campament-acsi\/#primaryimage"},"image":{"@id":"https:\/\/www.camping-lesedour.com\/ca\/campament-acsi\/#primaryimage"},"thumbnailUrl":"https:\/\/www.camping-lesedour.com\/wp-content\/uploads\/2020\/09\/camping-acsi.jpg","datePublished":"2015-12-10T07:05:10+00:00","dateModified":"2020-10-26T08:13:39+00:00","description":"Obteniu m\u00e9s informaci\u00f3 sobre la targeta ACSI per a la vostra estada al c\u00e0mping Le S\u00e9dour, a Ari\u00e8ge","breadcrumb":{"@id":"https:\/\/www.camping-lesedour.com\/ca\/campament-acsi\/#breadcrumb"},"inLanguage":"ca","potentialAction":[{"@type":"ReadAction","target":["https:\/\/www.camping-lesedour.com\/ca\/campament-acsi\/"]}]},{"@type":"ImageObject","inLanguage":"ca","@id":"https:\/\/www.camping-lesedour.com\/ca\/campament-acsi\/#primaryimage","url":"https:\/\/www.camping-lesedour.com\/wp-content\/uploads\/2020\/09\/camping-acsi.jpg","contentUrl":"https:\/\/www.camping-lesedour.com\/wp-content\/uploads\/2020\/09\/camping-acsi.jpg","width":1903,"height":550,"caption":"camping acsi"},{"@type":"BreadcrumbList","@id":"https:\/\/www.camping-lesedour.com\/ca\/campament-acsi\/#breadcrumb","itemListElement":[{"@type":"ListItem","position":1,"name":"Campament Ariege","item":"https:\/\/www.camping-lesedour.com\/ca\/"},{"@type":"ListItem","position":2,"name":"C\u00e0mping ACSI Ari\u00e8ge"}]},{"@type":"WebSite","@id":"https:\/\/www.camping-lesedour.com\/ca\/#website","url":"https:\/\/www.camping-lesedour.com\/ca\/","name":"Camping le S\u00e9dour","description":"","potentialAction":[{"@type":"SearchAction","target":{"@type":"EntryPoint","urlTemplate":"https:\/\/www.camping-lesedour.com\/ca\/?s={search_term_string}"},"query-input":{"@type":"PropertyValueSpecification","valueRequired":true,"valueName":"search_term_string"}}],"inLanguage":"ca"}]}},"_links":{"self":[{"href":"https:\/\/www.camping-lesedour.com\/ca\/wp-json\/wp\/v2\/pages\/3582"}],"collection":[{"href":"https:\/\/www.camping-lesedour.com\/ca\/wp-json\/wp\/v2\/pages"}],"about":[{"href":"https:\/\/www.camping-lesedour.com\/ca\/wp-json\/wp\/v2\/types\/page"}],"author":[{"embeddable":true,"href":"https:\/\/www.camping-lesedour.com\/ca\/wp-json\/wp\/v2\/users\/1"}],"replies":[{"embeddable":true,"href":"https:\/\/www.camping-lesedour.com\/ca\/wp-json\/wp\/v2\/comments?post=3582"}],"version-history":[{"count":10,"href":"https:\/\/www.camping-lesedour.com\/ca\/wp-json\/wp\/v2\/pages\/3582\/revisions"}],"predecessor-version":[{"id":3901,"href":"https:\/\/www.camping-lesedour.com\/ca\/wp-json\/wp\/v2\/pages\/3582\/revisions\/3901"}],"wp:featuredmedia":[{"embeddable":true,"href":"https:\/\/www.camping-lesedour.com\/ca\/wp-json\/wp\/v2\/media\/2747"}],"wp:attachment":[{"href":"https:\/\/www.camping-lesedour.com\/ca\/wp-json\/wp\/v2\/media?parent=3582"}],"curies":[{"name":"wp","href":"https:\/\/api.w.org\/{rel}","templated":true}]}}