{"id":5122,"date":"2023-06-22T11:24:34","date_gmt":"2023-06-22T09:24:34","guid":{"rendered":"https:\/\/www.camping-lesedour.com\/camping-midi-pyrenees\/"},"modified":"2023-06-27T10:47:20","modified_gmt":"2023-06-27T08:47:20","slug":"camping-midi-pirineus","status":"publish","type":"page","link":"https:\/\/www.camping-lesedour.com\/ca\/camping-midi-pirineus\/","title":{"rendered":"Camping Midi-Pyrenees"},"content":{"rendered":"<section id=\"section-6494141b65311\"\" class=\"section bg-color3\" \/><div class=\"container extralarge\"><h1 class=\"element section-title center\">C\u00c0MPING MIDI PIRINEU<\/h1><div class=\"element bloc-text justify \">\n\t<p>La regi\u00f3 de Migdia-Pirineus \u00e9s un territori particularment <strong>ric en llocs tur\u00edstics<\/strong>. De fet, t\u00e9 un notable patrimoni natural, constru\u00eft i cultural que atrau milers de visitants cada any. La varietat de paisatges no deixa de <strong>sorprendre els turistes<\/strong>.<\/p>\n<p>Parcs regionals com els de Grands Causses, l&#8217;Alt Llenguadoc, els Pirineus Ari\u00e9geoises, prop de l&#8217;Andorra, la ciutat de Foix, les Causses du Quercy, els grans jaciments pirinencs i els Pirineus s\u00f3n motius per venir al Pirineu Migdia durant les seves vacances. Aix\u00ed, la regi\u00f3 ofereix una <strong> multitud d\u2019activitats d\u2019oci <\/strong> i descobriments per fer de les vostres vacances <strong> moments inoblidables<\/strong>.<\/p>\n<p>Sigui quina sigui la vostra voluntat de romandre, la regi\u00f3 del Migdia Pirineu \u00e9s una <strong>destinaci\u00f3 ineludible per descobrir amb la fam\u00edlia<\/strong>, el duet o entre amics. Es poden realitzar diferents activitats al llarg de les temporades. L\u2019allotjament a l\u2019aire lliure continua sent la millor manera de gaudir tant de l\u2019entorn natural de la regi\u00f3, per\u00f2 tamb\u00e9 dels seus paisatges de gran bellesa. Aqu\u00ed podeu acampar el m\u00e9s a prop possible de la natura i dels llocs famosos.<\/p>\n<\/div><\/div><\/section>\n\n<section id=\"section-6494141b65706\"\" class=\"section bg-white\" \/><div class=\"container extralarge\"><div class=\"colonnes-wrap valign-top \"><div class=\"element colonne w-40 p-0\"><div class=\"element images\"><div class=\"image\"><img decoding=\"async\" src=\"https:\/\/www.camping-lesedour.com\/wp-content\/uploads\/2020\/09\/camping-en-ariege-78x100.jpg\" data-src=\"https:\/\/www.camping-lesedour.com\/wp-content\/uploads\/2020\/09\/camping-en-ariege.jpg\" alt=\"camping midi pyr\u00e9n\u00e9es\" class=\"images_image\" \/><\/div><\/div><\/div><div class=\"element colonne w-60 p-4\"><h2 class=\"element section-title justify\">ELS GRANS LLOCS DE MIDI-PIRINEUS PER DESCOBRIR<\/h2><div class=\"element bloc-text justify \">\n\t<p>El Pirineu Migdia no deixa d\u2019encantar els seus visitants amb la seva riquesa. <strong>Els paisatges verges i els espais oberts<\/strong> s\u2019enfronten a pobles de car\u00e0cter, llocs hist\u00f2rics i estan embellits pels rius, els canals i les vinyes, formant un petit parad\u00eds que absolutament heu de descobrir.<\/p>\n<p>Les seves vacances al c\u00e0mping a la regi\u00f3 s\u00f3n les oportunitats ideals per explorar els famosos <strong>Grands Sites de Midi<\/strong>, com ara el viaducte de Millau, el Pic del Migdia, Conques, Rodez, Rocamadour, la vall de la Dordonya i molts m\u00e9s. altres tresors. Podran descobrir-se de mil i una maneres amb <strong>activitats<\/strong> com senderisme, ciclisme, esports aqu\u00e0tics, esqu\u00ed &#8230; Els pobles de car\u00e0cter amb estils arquitect\u00f2nics \u00fanics tamb\u00e9 formen grans idees per descobrir-se.<\/p>\n<p>A m\u00e9s dels descobriments del territori, el terroir entre l\u2019Atl\u00e0ntic i el Mediterrani i banyat per un sol gener\u00f3s \u00e9s digne d\u2019inter\u00e8s. Els productes locals i les begudes de colors de la seva terra faran les del\u00edcies de gourmet i gourmets.<\/p>\n<\/div><\/div><\/div><\/div><\/section>\n\n<section id=\"section-6494141b65a21\"\" class=\"section bg-color3\" \/><div class=\"container extralarge\"><div class=\"colonnes-wrap valign-top \"><div class=\"element colonne w-60 p-4\"><h2 class=\"element section-title justify\">ESTADA AL CaMPING SEDOUR PER DESCOBRIR ELS MIDI-PIRINEUS<\/h2><div class=\"element bloc-text justify \">\n\t<p>El c\u00e0mping S\u00e9dour ***, situat al peu de la muntanya S\u00e9dour, al parc del <strong>Parc Natural Regional dels Pirineus de l\u2019Arieja<\/strong> a Tarascon sur Ari\u00e8ge \u00e9s un punt de partida ideal per explorar Migdia Pirineu. Aquest c\u00e0mping al Pirineu Migdia obre les seves portes als estiuejants que vulguin aprofitar la <strong> riquesa natural <\/strong> de la regi\u00f3 i descobrir-ne tota la bellesa. Us d\u00f3na la benvinguda en un entorn verd, allunyat dels disturbis de les ciutats.<\/p>\n<p>El c\u00e0mping Le S\u00e9dour us convida a allotjar-vos en un <strong> allotjament confortable <\/strong> per a dues a sis persones, al bell mig de la natura. Podeu triar entre una estada en una casa m\u00f2bil, en un xalet o fins i tot en un c\u00e0mping-caravana per a tendes de campanya, campistes i caravanes. la teva estada. Els lloguers vacacionals oferts estan totalment equipats amb TV, estris, mobles de jard\u00ed i molt m\u00e9s per garantir la vostra comoditat, mentre que les parcel\u00b7les estan equipades amb totes les comoditats necess\u00e0ries.<\/p>\n<p>Les botigues i serveis de la ciutat de Tarascon s\u00f3n a pocs minuts del c\u00e0mping.<\/p>\n<\/div><\/div><div class=\"element colonne w-40 p-0\"><div class=\"element images\"><div class=\"image\"><img decoding=\"async\" src=\"https:\/\/www.camping-lesedour.com\/wp-content\/uploads\/2020\/09\/mobil-home-3ch-ariege-1-100x100.jpg\" data-src=\"https:\/\/www.camping-lesedour.com\/wp-content\/uploads\/2020\/09\/mobil-home-3ch-ariege-1.jpg\" alt=\"camping midi pyr\u00e9n\u00e9es\" class=\"images_image\" \/><\/div><\/div><\/div><\/div><\/div><\/section>\n\n<section id=\"section-6494141b65d41\"\" class=\"section bg-white\" \/><div class=\"container extralarge\"><div class=\"colonnes-wrap valign-top \"><div class=\"element colonne w-40 p-0\"><div class=\"element images\"><div class=\"image\"><img decoding=\"async\" src=\"https:\/\/www.camping-lesedour.com\/wp-content\/uploads\/2020\/12\/randonnees-ariege-75x100.jpg\" data-src=\"https:\/\/www.camping-lesedour.com\/wp-content\/uploads\/2020\/12\/randonnees-ariege.jpg\" alt=\"randonn\u00e9es midi pyrenees\" class=\"images_image\" \/><\/div><\/div><\/div><div class=\"element colonne w-60 p-4\"><h2 class=\"element section-title justify\">SENDERISME I ESTACIONS D&#8217;ESQUi DES DEL CaMPING<\/h2><div class=\"element bloc-text justify \">\n\t<p>Hi ha moltes activitats d&#8217;oci disponibles al <a href=\"\/ca\/\">c\u00e0mping d&#8217;Ari\u00e8ge<\/a> Le S\u00e9dour. At\u00e8s que l\u2019establiment est\u00e0 situat al <strong>peu de la muntanya<\/strong> del S\u00e9dour i el Pirineu, podeu fer excursions a peu o anar en bicicleta per les muntanyes dels Pirineus com vulgueu. Les estacions d\u2019esqu\u00ed tamb\u00e9 s\u00f3n molt a prop per passar unes vacances inoblidables al Migdia Pirineu durant tota la temporada d\u2019hivern.<\/p>\n<p>El c\u00e0mping Le S\u00e9dour tamb\u00e9 \u00e9s un ccamping abierto todo el a\u00f1o para residencias per aprofitar al m\u00e0xim les vacances senderisme, pesca, esports d&#8217;aig\u00fces braves als Pirineus. Sigui quina sigui la temporada, aquest <strong>hotel a l&#8217;aire lliure per a fam\u00edlies<\/strong> estar\u00e0 encantat de donar-li la benvinguda. L\u2019autenticitat, la calma, l\u2019amabilitat i el canvi d\u2019escenari hi seran per passar un id\u00edl\u00b7lic c\u00e0mping de vacances a la muntanya.<\/p>\n<p>Tamb\u00e9 us agradar\u00e0 passar les vostres vacances a Arieja.<\/p>\n<\/div><\/div><\/div><\/div><\/section>\n\n<section id=\"section-649465c7454d8\"\" class=\"section bg-white\" \/><div class=\"container extralarge\"><div class=\"element section-title center\">Decouvrez aussi<\/div><ul class=\"liste-de-page\"><li class=\"element call-to-action center call-to-action--style-1 call-to-action--normal\"><a href=\"https:\/\/www.camping-lesedour.com\/ca\/camping-midi-pirineus\/campament-vicdessos\/\"  class=\"call-to-action_link\" title=\"Aprendre mes sobre vicdessos\"><div class=\"call-to-action_image\"><img decoding=\"async\" src=\"https:\/\/www.camping-lesedour.com\/wp-content\/uploads\/2020\/09\/camping-vicdessos-100x80.jpg\" data-src=\"https:\/\/www.camping-lesedour.com\/wp-content\/uploads\/2020\/09\/camping-vicdessos.jpg\" alt=\"camping vicdessos\" class=\"normal\" \/><\/div><div class=\"call-to-action_contenu\"><div class=\"call-to-action_titre\">Vicdessos<\/div><div class=\"call-to-action_texte\">Apr\u00e8n m\u00e9s<\/div><\/div><\/a><\/li><li class=\"element call-to-action  call-to-action--style-1 call-to-action--normal\"><a href=\"https:\/\/www.camping-lesedour.com\/ca\/camping-midi-pirineus\/campament-andorra\/\"  class=\"call-to-action_link\" title=\"Aprendre mes sobre andorre\"><div class=\"call-to-action_image\"><img decoding=\"async\" src=\"https:\/\/www.camping-lesedour.com\/wp-content\/uploads\/2023\/06\/tourisme-andorre-100x100.jpg\" data-src=\"https:\/\/www.camping-lesedour.com\/wp-content\/uploads\/2023\/06\/tourisme-andorre.jpg\" alt=\"\" class=\"normal\" \/><\/div><div class=\"call-to-action_contenu\"><div class=\"call-to-action_titre\">Andorre<\/div><div class=\"call-to-action_texte\">Apr\u00e8n m\u00e9s<\/div><\/div><\/a><\/li><li class=\"element call-to-action  call-to-action--style-1 call-to-action--normal\"><a href=\"https:\/\/www.camping-lesedour.com\/ca\/camping-midi-pirineus\/campament-saint-girons\/\"  class=\"call-to-action_link\" title=\"Aprendre mes sobre saint girons \"><div class=\"call-to-action_image\"><img decoding=\"async\" src=\"https:\/\/www.camping-lesedour.com\/wp-content\/uploads\/2023\/06\/decouvrir-saint-girons-100x100.jpg\" data-src=\"https:\/\/www.camping-lesedour.com\/wp-content\/uploads\/2023\/06\/decouvrir-saint-girons.jpg\" alt=\"\" class=\"normal\" \/><\/div><div class=\"call-to-action_contenu\"><div class=\"call-to-action_titre\">Saint Girons <\/div><div class=\"call-to-action_texte\">Apr\u00e8n m\u00e9s<\/div><\/div><\/a><\/li><li class=\"element call-to-action  call-to-action--style-1 call-to-action--normal\"><a href=\"https:\/\/www.camping-lesedour.com\/ca\/camping-midi-pirineus\/campament-ax-les-thermes\/\"  class=\"call-to-action_link\" title=\"Aprendre mes sobre ax-les-thermes\"><div class=\"call-to-action_image\"><img decoding=\"async\" src=\"https:\/\/www.camping-lesedour.com\/wp-content\/uploads\/2023\/06\/Ax-Les-Thermes-100x100.jpg\" data-src=\"https:\/\/www.camping-lesedour.com\/wp-content\/uploads\/2023\/06\/Ax-Les-Thermes.jpg\" alt=\"\" class=\"normal\" \/><\/div><div class=\"call-to-action_contenu\"><div class=\"call-to-action_titre\">Ax-Les-Thermes<\/div><div class=\"call-to-action_texte\">Apr\u00e8n m\u00e9s<\/div><\/div><\/a><\/li><li class=\"element call-to-action  call-to-action--style-1 call-to-action--normal\"><a href=\"https:\/\/www.camping-lesedour.com\/ca\/camping-midi-pirineus\/campament-mas-azil\/\"  class=\"call-to-action_link\" title=\"Aprendre mes sobre mas d'azil\"><div class=\"call-to-action_image\"><img decoding=\"async\" src=\"https:\/\/www.camping-lesedour.com\/wp-content\/uploads\/2020\/09\/tourisme-mas-azil-100x80.jpg\" data-src=\"https:\/\/www.camping-lesedour.com\/wp-content\/uploads\/2020\/09\/tourisme-mas-azil.jpg\" alt=\"tourisme mas azil\" class=\"normal\" \/><\/div><div class=\"call-to-action_contenu\"><div class=\"call-to-action_titre\">Mas d&#8217;Azil<\/div><div class=\"call-to-action_texte\">Apr\u00e8n m\u00e9s<\/div><\/div><\/a><\/li><li class=\"element call-to-action  call-to-action--style-1 call-to-action--normal\"><a href=\"https:\/\/www.camping-lesedour.com\/ca\/camping-midi-pirineus\/campament-mirepoix\/\"  class=\"call-to-action_link\" title=\"Aprendre mes sobre mirepoix\"><div class=\"call-to-action_image\"><img decoding=\"async\" src=\"https:\/\/www.camping-lesedour.com\/wp-content\/uploads\/2020\/09\/camping-mirepoi-100x80.jpg\" data-src=\"https:\/\/www.camping-lesedour.com\/wp-content\/uploads\/2020\/09\/camping-mirepoi.jpg\" alt=\"camping mirepoix\" class=\"normal\" \/><\/div><div class=\"call-to-action_contenu\"><div class=\"call-to-action_titre\">Mirepoix<\/div><div class=\"call-to-action_texte\">Apr\u00e8n m\u00e9s<\/div><\/div><\/a><\/li><li class=\"element call-to-action  call-to-action--style-1 call-to-action--normal\"><a href=\"https:\/\/www.camping-lesedour.com\/ca\/camping-midi-pirineus\/campament-foix\/\"  class=\"call-to-action_link\" title=\"Aprendre mes sobre foix\"><div class=\"call-to-action_image\"><img decoding=\"async\" src=\"https:\/\/www.camping-lesedour.com\/wp-content\/uploads\/2020\/09\/camping-foix-100x80.jpg\" data-src=\"https:\/\/www.camping-lesedour.com\/wp-content\/uploads\/2020\/09\/camping-foix.jpg\" alt=\"camping foix\" class=\"normal\" \/><\/div><div class=\"call-to-action_contenu\"><div class=\"call-to-action_titre\">Foix<\/div><div class=\"call-to-action_texte\">Apr\u00e8n m\u00e9s<\/div><\/div><\/a><\/li><\/ul><\/div><\/section>","protected":false},"excerpt":{"rendered":"","protected":false},"author":8,"featured_media":3235,"parent":0,"menu_order":0,"comment_status":"closed","ping_status":"closed","template":"","meta":{"_acf_changed":false,"footnotes":""},"class_list":["post-5122","page","type-page","status-publish","has-post-thumbnail","hentry"],"acf":[],"yoast_head":"<!-- This site is optimized with the Yoast SEO plugin v25.3 - https:\/\/yoast.com\/wordpress\/plugins\/seo\/ -->\n<title>C\u00e0mping Migdia-Pirineus - Vacances en caravana per a casa m\u00f2bil<\/title>\n<meta name=\"description\" content=\"Obteniu m\u00e9s informaci\u00f3 sobre la regi\u00f3 de Migdia-Pirineus. El c\u00e0mping Le S\u00e9dour est\u00e0 situat a Ari\u00e8ge, l\u2019oportunitat d\u2019explorar totes les riqueses de la regi\u00f3.\" \/>\n<meta name=\"robots\" content=\"index, follow, max-snippet:-1, max-image-preview:large, max-video-preview:-1\" \/>\n<link rel=\"canonical\" href=\"https:\/\/www.camping-lesedour.com\/ca\/camping-midi-pirineus\/\" \/>\n<meta property=\"og:locale\" content=\"ca_ES\" \/>\n<meta property=\"og:type\" content=\"article\" \/>\n<meta property=\"og:title\" content=\"C\u00e0mping Migdia-Pirineus - Vacances en caravana per a casa m\u00f2bil\" \/>\n<meta property=\"og:description\" content=\"Obteniu m\u00e9s informaci\u00f3 sobre la regi\u00f3 de Migdia-Pirineus. El c\u00e0mping Le S\u00e9dour est\u00e0 situat a Ari\u00e8ge, l\u2019oportunitat d\u2019explorar totes les riqueses de la regi\u00f3.\" \/>\n<meta property=\"og:url\" content=\"https:\/\/www.camping-lesedour.com\/ca\/camping-midi-pirineus\/\" \/>\n<meta property=\"og:site_name\" content=\"Camping le S\u00e9dour\" \/>\n<meta property=\"article:modified_time\" content=\"2023-06-27T08:47:20+00:00\" \/>\n<meta property=\"og:image\" content=\"https:\/\/www.camping-lesedour.com\/wp-content\/uploads\/2020\/10\/camping-midi-pyrenees.jpg\" \/>\n\t<meta property=\"og:image:width\" content=\"1903\" \/>\n\t<meta property=\"og:image:height\" content=\"550\" \/>\n\t<meta property=\"og:image:type\" content=\"image\/jpeg\" \/>\n<meta name=\"twitter:card\" content=\"summary_large_image\" \/>\n<script type=\"application\/ld+json\" class=\"yoast-schema-graph\">{\"@context\":\"https:\/\/schema.org\",\"@graph\":[{\"@type\":\"WebPage\",\"@id\":\"https:\/\/www.camping-lesedour.com\/ca\/camping-midi-pirineus\/\",\"url\":\"https:\/\/www.camping-lesedour.com\/ca\/camping-midi-pirineus\/\",\"name\":\"C\u00e0mping Migdia-Pirineus - Vacances en caravana per a casa m\u00f2bil\",\"isPartOf\":{\"@id\":\"https:\/\/www.camping-lesedour.com\/ca\/#website\"},\"primaryImageOfPage\":{\"@id\":\"https:\/\/www.camping-lesedour.com\/ca\/camping-midi-pirineus\/#primaryimage\"},\"image\":{\"@id\":\"https:\/\/www.camping-lesedour.com\/ca\/camping-midi-pirineus\/#primaryimage\"},\"thumbnailUrl\":\"https:\/\/www.camping-lesedour.com\/wp-content\/uploads\/2020\/10\/camping-midi-pyrenees.jpg\",\"datePublished\":\"2023-06-22T09:24:34+00:00\",\"dateModified\":\"2023-06-27T08:47:20+00:00\",\"description\":\"Obteniu m\u00e9s informaci\u00f3 sobre la regi\u00f3 de Migdia-Pirineus. El c\u00e0mping Le S\u00e9dour est\u00e0 situat a Ari\u00e8ge, l\u2019oportunitat d\u2019explorar totes les riqueses de la regi\u00f3.\",\"breadcrumb\":{\"@id\":\"https:\/\/www.camping-lesedour.com\/ca\/camping-midi-pirineus\/#breadcrumb\"},\"inLanguage\":\"ca\",\"potentialAction\":[{\"@type\":\"ReadAction\",\"target\":[\"https:\/\/www.camping-lesedour.com\/ca\/camping-midi-pirineus\/\"]}]},{\"@type\":\"ImageObject\",\"inLanguage\":\"ca\",\"@id\":\"https:\/\/www.camping-lesedour.com\/ca\/camping-midi-pirineus\/#primaryimage\",\"url\":\"https:\/\/www.camping-lesedour.com\/wp-content\/uploads\/2020\/10\/camping-midi-pyrenees.jpg\",\"contentUrl\":\"https:\/\/www.camping-lesedour.com\/wp-content\/uploads\/2020\/10\/camping-midi-pyrenees.jpg\",\"width\":1903,\"height\":550,\"caption\":\"camping midi Pyr\u00e9n\u00e9es\"},{\"@type\":\"BreadcrumbList\",\"@id\":\"https:\/\/www.camping-lesedour.com\/ca\/camping-midi-pirineus\/#breadcrumb\",\"itemListElement\":[{\"@type\":\"ListItem\",\"position\":1,\"name\":\"Campament Ariege\",\"item\":\"https:\/\/www.camping-lesedour.com\/ca\/\"},{\"@type\":\"ListItem\",\"position\":2,\"name\":\"C\u00e0mping Migdia Pirineus\"}]},{\"@type\":\"WebSite\",\"@id\":\"https:\/\/www.camping-lesedour.com\/ca\/#website\",\"url\":\"https:\/\/www.camping-lesedour.com\/ca\/\",\"name\":\"Camping le S\u00e9dour\",\"description\":\"\",\"potentialAction\":[{\"@type\":\"SearchAction\",\"target\":{\"@type\":\"EntryPoint\",\"urlTemplate\":\"https:\/\/www.camping-lesedour.com\/ca\/?s={search_term_string}\"},\"query-input\":{\"@type\":\"PropertyValueSpecification\",\"valueRequired\":true,\"valueName\":\"search_term_string\"}}],\"inLanguage\":\"ca\"}]}<\/script>\n<!-- \/ Yoast SEO plugin. -->","yoast_head_json":{"title":"C\u00e0mping Migdia-Pirineus - Vacances en caravana per a casa m\u00f2bil","description":"Obteniu m\u00e9s informaci\u00f3 sobre la regi\u00f3 de Migdia-Pirineus. El c\u00e0mping Le S\u00e9dour est\u00e0 situat a Ari\u00e8ge, l\u2019oportunitat d\u2019explorar totes les riqueses de la regi\u00f3.","robots":{"index":"index","follow":"follow","max-snippet":"max-snippet:-1","max-image-preview":"max-image-preview:large","max-video-preview":"max-video-preview:-1"},"canonical":"https:\/\/www.camping-lesedour.com\/ca\/camping-midi-pirineus\/","og_locale":"ca_ES","og_type":"article","og_title":"C\u00e0mping Migdia-Pirineus - Vacances en caravana per a casa m\u00f2bil","og_description":"Obteniu m\u00e9s informaci\u00f3 sobre la regi\u00f3 de Migdia-Pirineus. El c\u00e0mping Le S\u00e9dour est\u00e0 situat a Ari\u00e8ge, l\u2019oportunitat d\u2019explorar totes les riqueses de la regi\u00f3.","og_url":"https:\/\/www.camping-lesedour.com\/ca\/camping-midi-pirineus\/","og_site_name":"Camping le S\u00e9dour","article_modified_time":"2023-06-27T08:47:20+00:00","og_image":[{"width":1903,"height":550,"url":"https:\/\/www.camping-lesedour.com\/wp-content\/uploads\/2020\/10\/camping-midi-pyrenees.jpg","type":"image\/jpeg"}],"twitter_card":"summary_large_image","schema":{"@context":"https:\/\/schema.org","@graph":[{"@type":"WebPage","@id":"https:\/\/www.camping-lesedour.com\/ca\/camping-midi-pirineus\/","url":"https:\/\/www.camping-lesedour.com\/ca\/camping-midi-pirineus\/","name":"C\u00e0mping Migdia-Pirineus - Vacances en caravana per a casa m\u00f2bil","isPartOf":{"@id":"https:\/\/www.camping-lesedour.com\/ca\/#website"},"primaryImageOfPage":{"@id":"https:\/\/www.camping-lesedour.com\/ca\/camping-midi-pirineus\/#primaryimage"},"image":{"@id":"https:\/\/www.camping-lesedour.com\/ca\/camping-midi-pirineus\/#primaryimage"},"thumbnailUrl":"https:\/\/www.camping-lesedour.com\/wp-content\/uploads\/2020\/10\/camping-midi-pyrenees.jpg","datePublished":"2023-06-22T09:24:34+00:00","dateModified":"2023-06-27T08:47:20+00:00","description":"Obteniu m\u00e9s informaci\u00f3 sobre la regi\u00f3 de Migdia-Pirineus. El c\u00e0mping Le S\u00e9dour est\u00e0 situat a Ari\u00e8ge, l\u2019oportunitat d\u2019explorar totes les riqueses de la regi\u00f3.","breadcrumb":{"@id":"https:\/\/www.camping-lesedour.com\/ca\/camping-midi-pirineus\/#breadcrumb"},"inLanguage":"ca","potentialAction":[{"@type":"ReadAction","target":["https:\/\/www.camping-lesedour.com\/ca\/camping-midi-pirineus\/"]}]},{"@type":"ImageObject","inLanguage":"ca","@id":"https:\/\/www.camping-lesedour.com\/ca\/camping-midi-pirineus\/#primaryimage","url":"https:\/\/www.camping-lesedour.com\/wp-content\/uploads\/2020\/10\/camping-midi-pyrenees.jpg","contentUrl":"https:\/\/www.camping-lesedour.com\/wp-content\/uploads\/2020\/10\/camping-midi-pyrenees.jpg","width":1903,"height":550,"caption":"camping midi Pyr\u00e9n\u00e9es"},{"@type":"BreadcrumbList","@id":"https:\/\/www.camping-lesedour.com\/ca\/camping-midi-pirineus\/#breadcrumb","itemListElement":[{"@type":"ListItem","position":1,"name":"Campament Ariege","item":"https:\/\/www.camping-lesedour.com\/ca\/"},{"@type":"ListItem","position":2,"name":"C\u00e0mping Migdia Pirineus"}]},{"@type":"WebSite","@id":"https:\/\/www.camping-lesedour.com\/ca\/#website","url":"https:\/\/www.camping-lesedour.com\/ca\/","name":"Camping le S\u00e9dour","description":"","potentialAction":[{"@type":"SearchAction","target":{"@type":"EntryPoint","urlTemplate":"https:\/\/www.camping-lesedour.com\/ca\/?s={search_term_string}"},"query-input":{"@type":"PropertyValueSpecification","valueRequired":true,"valueName":"search_term_string"}}],"inLanguage":"ca"}]}},"_links":{"self":[{"href":"https:\/\/www.camping-lesedour.com\/ca\/wp-json\/wp\/v2\/pages\/5122"}],"collection":[{"href":"https:\/\/www.camping-lesedour.com\/ca\/wp-json\/wp\/v2\/pages"}],"about":[{"href":"https:\/\/www.camping-lesedour.com\/ca\/wp-json\/wp\/v2\/types\/page"}],"author":[{"embeddable":true,"href":"https:\/\/www.camping-lesedour.com\/ca\/wp-json\/wp\/v2\/users\/8"}],"replies":[{"embeddable":true,"href":"https:\/\/www.camping-lesedour.com\/ca\/wp-json\/wp\/v2\/comments?post=5122"}],"version-history":[{"count":4,"href":"https:\/\/www.camping-lesedour.com\/ca\/wp-json\/wp\/v2\/pages\/5122\/revisions"}],"predecessor-version":[{"id":5130,"href":"https:\/\/www.camping-lesedour.com\/ca\/wp-json\/wp\/v2\/pages\/5122\/revisions\/5130"}],"wp:featuredmedia":[{"embeddable":true,"href":"https:\/\/www.camping-lesedour.com\/ca\/wp-json\/wp\/v2\/media\/3235"}],"wp:attachment":[{"href":"https:\/\/www.camping-lesedour.com\/ca\/wp-json\/wp\/v2\/media?parent=5122"}],"curies":[{"name":"wp","href":"https:\/\/api.w.org\/{rel}","templated":true}]}}