{"id":5148,"date":"2023-06-22T14:44:50","date_gmt":"2023-06-22T12:44:50","guid":{"rendered":"https:\/\/www.camping-lesedour.com\/camping-midi-pirineus\/camping-mas-azil\/"},"modified":"2023-06-27T11:31:11","modified_gmt":"2023-06-27T09:31:11","slug":"campament-mas-azil","status":"publish","type":"page","link":"https:\/\/www.camping-lesedour.com\/ca\/camping-midi-pirineus\/campament-mas-azil\/","title":{"rendered":"Camping \u00e0 45 km du Mas d&#8217;Azil"},"content":{"rendered":"<section id=\"section-6494332da8454\"\" class=\"section bg-color3\" \/><div class=\"container\"><h1 class=\"element section-title center\">Camping a 45 km del Mas d&#8217;Azil<\/h1><\/div><\/section>\n\n<section id=\"section-6494332da87c2\"\" class=\"section bg-white\" \/><div class=\"container extralarge\"><div class=\"colonnes-wrap valign-top \"><div class=\"element colonne w-40 p-0\"><div class=\"element images\"><div class=\"image\"><img decoding=\"async\" src=\"https:\/\/www.camping-lesedour.com\/wp-content\/uploads\/2020\/09\/camping-calme-ariege-100x80.jpg\" data-src=\"https:\/\/www.camping-lesedour.com\/wp-content\/uploads\/2020\/09\/camping-calme-ariege.jpg\" alt=\"camping Mas d'Azil\" class=\"images_image\" \/><\/div><\/div><\/div><div class=\"element colonne w-60 p-4\"><h2 class=\"element section-title justify\">On es troba el Mas d&#8217;Azil en relacio al camping?<\/h2><div class=\"element bloc-text justify \">\n\t<p>Cerqueu un <strong> c\u00e0mping tranquil i bosc\u00f3s <\/strong> a Ari\u00e8ge? Le S\u00e9dour us convida a allotjar-vos al seu c\u00e0mping a 43 minuts del Mas d&#8217;Azil, en un suntu\u00f3s entorn natural, a la <strong> vora d&#8217;un riu <\/strong> i al <strong> peu de les muntanyes<\/strong>. C\u00e0mping de natura i benestar, el S\u00e9dour convida els seus estiuejants a relaxar-se a prop del Mas d\u00b4Azil, amb una gran varietat de massatges i tractaments corporals per relaxar-se entre dues activitats a l&#8217;aire lliure.<\/p>\n<\/div><\/div><\/div><\/div><\/section>\n\n<section id=\"section-649442777efac\"\" class=\"section bg-color3\" \/><div class=\"container extralarge\"><div class=\"colonnes-wrap valign-top \"><div class=\"element colonne w-60 p-4\"><h2 class=\"element section-title justify\">Descobreix el nostre camping prop de Mas d&#8217;Azil<\/h2><div class=\"element bloc-text justify \">\n\t<p>El <a href=\"\/ca\/\"> c\u00e0mping Le S\u00e9dour<\/a>, situat idealment per aprofitar la immensa oferta d\u2019oci a l\u2019Ari\u00e8ge, ofereix parcel\u00b7les, xalets i cases m\u00f2bils en lloguer a prop de la cova el Mas d&#8217;Azil, diversos llocs de barranquisme, llocs de pesca en llacs o rius, clubs espeleol\u00f2gics i els pobles m\u00e9s bells de l&#8217;Arieja.<\/p>\n<\/div><\/div><div class=\"element colonne w-40 p-0\"><div class=\"element images\"><div class=\"image\"><img decoding=\"async\" src=\"https:\/\/www.camping-lesedour.com\/wp-content\/uploads\/2020\/09\/mobil-home-3ch-ariege-1-100x100.jpg\" data-src=\"https:\/\/www.camping-lesedour.com\/wp-content\/uploads\/2020\/09\/mobil-home-3ch-ariege-1.jpg\" alt=\"mobil home Mas d'Azil\" class=\"images_image\" \/><\/div><\/div><\/div><\/div><\/div><\/section>\n\n<section id=\"section-649442777f279\"\" class=\"section bg-white\" \/><div class=\"container extralarge\"><div class=\"colonnes-wrap valign-top \"><div class=\"element colonne w-40\"><div class=\"element images\"><div class=\"image\"><img decoding=\"async\" src=\"https:\/\/www.camping-lesedour.com\/wp-content\/uploads\/2020\/09\/mobil-home-ohara-ariege-100x100.jpg\" data-src=\"https:\/\/www.camping-lesedour.com\/wp-content\/uploads\/2020\/09\/mobil-home-ohara-ariege.jpg\" alt=\"Lloguer de mobil-homes Mas d'Azil\" class=\"images_image\" \/><\/div><\/div><\/div><div class=\"element colonne w-60 p-4\"><h2 class=\"element section-title justify\">Lloguer de mobil-homes i bungalows a prop del Mas d&#8217;Azil<\/h2><div class=\"element bloc-text justify \">\n\t<p>Esteu buscant un lloguer de mobil-home a prop del Mas d&#8217;Azil? Descobriu el c\u00e0mping S\u00e9dour i la seva oferta de lloguer de bungalows, xalets i mobil-homes Coco Sweet a menys de 45 minuts de la <strong> cova Mas d&#8217;Azil<\/strong>. La gamma de lloguers d\u2019aquest c\u00e0mping natural vorejat per un riu inclou allotjaments redu\u00efts per a dos, aix\u00ed com models grans per a fam\u00edlies nombroses i grups d\u2019amics.<\/p>\n<p>Viatgeu a les 6? Podeu llogar una casa m\u00f2bil de 3 habitacions a prop del Mas d&#8217;Azil per a les vostres properes vacances. Voleu que l\u2019aire lliure i el rejoveniment estiguin m\u00e9s a prop de la natura? A continuaci\u00f3, les tendes de campanya Coco Sweet de lloguer al Camping le S\u00e9dour estan fetes per a vosaltres.<\/p>\n<\/div><\/div><\/div><\/div><\/section>\n\n<section id=\"section-649442777f3fa\"\" class=\"section bg-white p-t-0 p-b-0\" \/><div class=\"container full\"><ul class=\"liste-de-page hebergements row\"><li class=\"hebergement hebergement--init hebergement--style-1  nombre-de-persones-4 nombre-dhabitacions-2\"><div class=\"hebergement_image\"><img decoding=\"async\" src=\"https:\/\/www.camping-lesedour.com\/wp-content\/uploads\/2020\/09\/camping-sedour-ohara.jpg\" data-src=\"https:\/\/www.camping-lesedour.com\/wp-content\/uploads\/2020\/09\/camping-sedour-ohara.jpg\" alt=\"\" class=\"\" \/><div class=\"hebergement_link\" id=\"3430\"><\/div><\/div><div class=\"hebergement_content\"><div class=\"hebergement_titre hebergement_titre decoration\">Casa mobil O&#8217;HARA 865T<\/div><div class=\"hebergement-attributs\"><span class=\"attribut nombre-de-persones\">4<i class=\"icon-chambres\"><\/i><\/span><span class=\"attribut nombre-dhabitacions\">2<i class=\"icon-personnes\"><\/i><\/span><\/div><\/div><\/li><li class=\"hebergement hebergement--init hebergement--style-1  nombre-de-persones-4 nombre-dhabitacions-2\"><div class=\"hebergement_image\"><img decoding=\"async\" src=\"https:\/\/www.camping-lesedour.com\/wp-content\/uploads\/2020\/09\/camping-le-sedour-mh2.jpg\" data-src=\"https:\/\/www.camping-lesedour.com\/wp-content\/uploads\/2020\/09\/camping-le-sedour-mh2.jpg\" alt=\"\" class=\"\" \/><div class=\"hebergement_link\" id=\"3429\"><\/div><\/div><div class=\"hebergement_content\"><div class=\"hebergement_titre hebergement_titre decoration\">Casa mobil de 2 habitacions<\/div><div class=\"hebergement-attributs\"><span class=\"attribut nombre-de-persones\">4<i class=\"icon-chambres\"><\/i><\/span><span class=\"attribut nombre-dhabitacions\">2<i class=\"icon-personnes\"><\/i><\/span><\/div><\/div><\/li><li class=\"hebergement hebergement--init hebergement--style-1  nombre-de-persones-4 nombre-dhabitacions-2\"><div class=\"hebergement_image\"><img decoding=\"async\" src=\"https:\/\/www.camping-lesedour.com\/wp-content\/uploads\/2020\/09\/camping-chalet-ariege.jpg\" data-src=\"https:\/\/www.camping-lesedour.com\/wp-content\/uploads\/2020\/09\/camping-chalet-ariege.jpg\" alt=\"camping chalet Ari\u00e8ge\" class=\"\" \/><div class=\"hebergement_link\" id=\"3428\"><\/div><\/div><div class=\"hebergement_content\"><div class=\"hebergement_titre hebergement_titre decoration\">Xalet de 2 habitacions<\/div><div class=\"hebergement-attributs\"><span class=\"attribut nombre-de-persones\">4<i class=\"icon-chambres\"><\/i><\/span><span class=\"attribut nombre-dhabitacions\">2<i class=\"icon-personnes\"><\/i><\/span><\/div><\/div><\/li><li class=\"hebergement hebergement--init hebergement--style-1  nombre-de-persones-4 nombre-dhabitacions-2\"><div class=\"hebergement_image\"><img decoding=\"async\" src=\"https:\/\/www.camping-lesedour.com\/wp-content\/uploads\/2020\/09\/cocosweet-ariege.jpg\" data-src=\"https:\/\/www.camping-lesedour.com\/wp-content\/uploads\/2020\/09\/cocosweet-ariege.jpg\" alt=\"cocosweet ariege\" class=\"\" \/><div class=\"hebergement_link\" id=\"3420\"><\/div><\/div><div class=\"hebergement_content\"><div class=\"hebergement_titre hebergement_titre decoration\">Cocosweet 2 habitacions<\/div><div class=\"hebergement-attributs\"><span class=\"attribut nombre-de-persones\">4<i class=\"icon-chambres\"><\/i><\/span><span class=\"attribut nombre-dhabitacions\">2<i class=\"icon-personnes\"><\/i><\/span><\/div><\/div><\/li><li class=\"hebergement hebergement--init hebergement--style-1  nombre-de-persones-2 nombre-dhabitacions-1\"><div class=\"hebergement_image\"><img decoding=\"async\" src=\"https:\/\/www.camping-lesedour.com\/wp-content\/uploads\/2020\/09\/camping-sedour-cahita.jpg\" data-src=\"https:\/\/www.camping-lesedour.com\/wp-content\/uploads\/2020\/09\/camping-sedour-cahita.jpg\" alt=\"\" class=\"\" \/><div class=\"hebergement_link\" id=\"3412\"><\/div><\/div><div class=\"hebergement_content\"><div class=\"hebergement_titre hebergement_titre decoration\">Mobilhome Cahita Riviera 1 dormitori<\/div><div class=\"hebergement-attributs\"><span class=\"attribut nombre-de-persones\">2<i class=\"icon-chambres\"><\/i><\/span><span class=\"attribut nombre-dhabitacions\">1<i class=\"icon-personnes\"><\/i><\/span><\/div><\/div><\/li><li class=\"hebergement hebergement--init hebergement--style-1  nombre-de-persones-6 nombre-dhabitacions-3\"><div class=\"hebergement_image\"><img decoding=\"async\" src=\"https:\/\/www.camping-lesedour.com\/wp-content\/uploads\/2020\/09\/camping-le-sedour-mh3.jpg\" data-src=\"https:\/\/www.camping-lesedour.com\/wp-content\/uploads\/2020\/09\/camping-le-sedour-mh3.jpg\" alt=\"\" class=\"\" \/><div class=\"hebergement_link\" id=\"3405\"><\/div><\/div><div class=\"hebergement_content\"><div class=\"hebergement_titre hebergement_titre decoration\">Casa mobil de 3 habitacions<\/div><div class=\"hebergement-attributs\"><span class=\"attribut nombre-de-persones\">6<i class=\"icon-chambres\"><\/i><\/span><span class=\"attribut nombre-dhabitacions\">3<i class=\"icon-personnes\"><\/i><\/span><\/div><\/div><\/li><li class=\"hebergement hebergement--init hebergement--style-1  nombre-de-persones-45 nombre-dhabitacions-2\"><div class=\"hebergement_image\"><img decoding=\"async\" src=\"https:\/\/www.camping-lesedour.com\/wp-content\/uploads\/2020\/09\/mobil-home-keywest-ariege.jpg\" data-src=\"https:\/\/www.camping-lesedour.com\/wp-content\/uploads\/2020\/09\/mobil-home-keywest-ariege.jpg\" alt=\"mobil-home keywest ariege\" class=\"\" \/><div class=\"hebergement_link\" id=\"3396\"><\/div><\/div><div class=\"hebergement_content\"><div class=\"hebergement_titre hebergement_titre decoration\">Keywest mobile home 2 habitacions &#8211; 2 banys<\/div><div class=\"hebergement-attributs\"><span class=\"attribut nombre-de-persones\">4\/5<i class=\"icon-chambres\"><\/i><\/span><span class=\"attribut nombre-dhabitacions\">2<i class=\"icon-personnes\"><\/i><\/span><\/div><\/div><\/li><li class=\"hebergement hebergement--init hebergement--style-1  nombre-de-persones-4 nombre-dhabitacions-2\"><div class=\"hebergement_image\"><img decoding=\"async\" src=\"https:\/\/www.camping-lesedour.com\/wp-content\/uploads\/2020\/09\/terrasse-hotelier-ariege.jpg\" data-src=\"https:\/\/www.camping-lesedour.com\/wp-content\/uploads\/2020\/09\/terrasse-hotelier-ariege.jpg\" alt=\"terrasse hotelier ariege\" class=\"\" \/><div class=\"hebergement_link\" id=\"3390\"><\/div><\/div><div class=\"hebergement_content\"><div class=\"hebergement_titre hebergement_titre decoration\">Hotellier de casa mobil<\/div><div class=\"hebergement-attributs\"><span class=\"attribut nombre-de-persones\">4<i class=\"icon-chambres\"><\/i><\/span><span class=\"attribut nombre-dhabitacions\">2<i class=\"icon-personnes\"><\/i><\/span><\/div><\/div><\/li><li class=\"hebergement hebergement--init hebergement--style-1  nombre-de-persones-4 nombre-dhabitacions-2\"><div class=\"hebergement_image\"><img decoding=\"async\" src=\"https:\/\/www.camping-lesedour.com\/wp-content\/uploads\/2024\/10\/00001198578.webp\" data-src=\"https:\/\/www.camping-lesedour.com\/wp-content\/uploads\/2024\/10\/00001198578.webp\" alt=\"\" class=\"\" \/><div class=\"hebergement_link\" id=\"5705\"><\/div><\/div><div class=\"hebergement_content\"><div class=\"hebergement_titre hebergement_titre decoration\">Casa M\u00f2bil Confort 31m2 al costat de la riera<\/div><div class=\"hebergement-attributs\"><span class=\"attribut nombre-de-persones\">4<i class=\"icon-chambres\"><\/i><\/span><span class=\"attribut nombre-dhabitacions\">2<i class=\"icon-personnes\"><\/i><\/span><\/div><\/div><\/li><\/ul><\/div><\/section>\n\n<section id=\"section-649442777f6ad\"\" class=\"section bg-white\" \/><div class=\"container extralarge\"><div class=\"colonnes-wrap valign-top \"><div class=\"element colonne w-40 p-0\"><div class=\"element images\"><div class=\"image\"><img decoding=\"async\" src=\"https:\/\/www.camping-lesedour.com\/wp-content\/uploads\/2023\/06\/tourisme-mas-azil-100x100.jpg\" data-src=\"https:\/\/www.camping-lesedour.com\/wp-content\/uploads\/2023\/06\/tourisme-mas-azil.jpg\" alt=\"tourisme mas azil\" class=\"images_image\" \/><\/div><\/div><\/div><div class=\"element colonne w-60 p-4\"><h2 class=\"element section-title justify\">El poble medieval del Mas d&#8217;Azil<\/h2><div class=\"element bloc-text justify \">\n\t<p>Al <strong> Cours de l&#8217;Arize<\/strong>, el Mas d&#8217;Azil \u00e9s una antiga bastida medieval notable per les seves cases de fusta, el seu pont de pedra del segle XV, el seu campanar de ceba i la seva font Louis. XIV. El territori del Mas d&#8217;Azil acull <strong>llocs naturals excepcionals<\/strong>, incl\u00f2s el llac Filheit, ideal per fer senderisme, i la famosa cova del Mas d&#8217;Azil, un fam\u00f3s lloc geol\u00f2gic de l&#8217;Arieja. La cavitat t\u00e9 unes dimensions extraordin\u00e0ries.<\/p>\n<p>El seu t\u00fanel natural de m\u00e9s de 400 metres de longitud \u00e9s fins i tot travessat per una carretera. Tamb\u00e9 \u00e9s imprescindible que el <strong> museu de la prehist\u00f2ria <\/strong> situat al poble del poble no es perdi per descobrir els <strong> tresors arqueol\u00f2gics <\/strong> del Magdaleni\u00e0 descoberts a la cova. Al Mas d&#8217;Azil tamb\u00e9 es troba el lloc de Xploria, el &#8220;bosc per retrocedir en el temps&#8221; poblat de dinosaures. Finalment, amb m\u00e9s de 650 instal\u00b7lacions, m\u00e0quines ins\u00f2lites i obres pintoresques, el museu Affabuloscope \u00e9s un altre motiu per venir al Mas d&#8217;Azil!<\/p>\n<\/div><\/div><\/div><\/div><\/section>\n\n<section id=\"section-649442777f95d\"\" class=\"section bg-color3\" \/><div class=\"container extralarge\"><div class=\"colonnes-wrap valign-top \"><div class=\"element colonne w-60 p-4\"><h2 class=\"element section-title justify\">La Gruta del Mas d&#8217;Azil<\/h2><div class=\"element bloc-text justify \">\n\t<p><strong>Joia geol\u00f2gica<\/strong>, la cova del Mas d&#8217;Azil \u00e9s un lloc natural de visita obligada a l&#8217;Arieja. La seva visita sorpr\u00e8n i fascina a persones de totes les edats. Un t\u00fanel natural travessat per un riu, la cova del Mas d\u2019Azil tamb\u00e9 alberga <strong> restes prehist\u00f2riques <\/strong> que s\u00f3n testimoni de l\u2019ocupaci\u00f3 del lloc durant mil\u00b7lennis.<\/p>\n<p>La visita a la cova continua al Museu de Prehist\u00f2ria situat a 800 metres de dist\u00e0ncia, per descobrir les col\u00b7leccions d\u2019objectes i eines tallades descobertes pels arque\u00f2legs a les profunditats de la cova. La cova i el seu museu estan oberts tot l&#8217;any. L\u2019entrada inclou la visita a la cova i al museu.<\/p>\n<p>Importa 9 euros pel preu complet per a adults, 6,90 euros per als estudiants, 5,5 euros per als nens i joves de 5 a 17 anys. Nom\u00e9s s\u2019ofereix una visita al museu al preu de 4,50 euros preu complet i 3 euros preu infantil fins a 17 anys. L\u2019entrada als dos llocs \u00e9s gratu\u00efta per a menors de 5 anys.<\/p>\n<\/div><\/div><div class=\"element colonne w-40 p-0\"><div class=\"element images\"><div class=\"image\"><img decoding=\"async\" src=\"https:\/\/www.camping-lesedour.com\/wp-content\/uploads\/2023\/06\/visite-mas-azil-100x100.jpg\" data-src=\"https:\/\/www.camping-lesedour.com\/wp-content\/uploads\/2023\/06\/visite-mas-azil.jpg\" alt=\"gruta del mas azil\" class=\"images_image\" \/><\/div><\/div><\/div><\/div><\/div><\/section>","protected":false},"excerpt":{"rendered":"","protected":false},"author":8,"featured_media":2431,"parent":5122,"menu_order":0,"comment_status":"closed","ping_status":"closed","template":"","meta":{"_acf_changed":false,"footnotes":""},"class_list":["post-5148","page","type-page","status-publish","has-post-thumbnail","hentry"],"acf":[],"yoast_head":"<!-- This site is optimized with the Yoast SEO plugin v25.3 - https:\/\/yoast.com\/wordpress\/plugins\/seo\/ -->\n<title>C\u00e0mping Mas d&#039;Azil | Lloguer de cases m\u00f2bils MAs d&#039;Azil | Activitats<\/title>\n<meta name=\"robots\" content=\"index, follow, max-snippet:-1, max-image-preview:large, max-video-preview:-1\" \/>\n<link rel=\"canonical\" href=\"https:\/\/www.camping-lesedour.com\/ca\/camping-midi-pirineus\/campament-mas-azil\/\" \/>\n<meta property=\"og:locale\" content=\"ca_ES\" \/>\n<meta property=\"og:type\" content=\"article\" \/>\n<meta property=\"og:title\" content=\"C\u00e0mping Mas d&#039;Azil | Lloguer de cases m\u00f2bils MAs d&#039;Azil | Activitats\" \/>\n<meta property=\"og:url\" content=\"https:\/\/www.camping-lesedour.com\/ca\/camping-midi-pirineus\/campament-mas-azil\/\" \/>\n<meta property=\"og:site_name\" content=\"Camping le S\u00e9dour\" \/>\n<meta property=\"article:modified_time\" content=\"2023-06-27T09:31:11+00:00\" \/>\n<meta property=\"og:image\" content=\"https:\/\/www.camping-lesedour.com\/wp-content\/uploads\/2020\/09\/camping-mas-azil.jpg\" \/>\n\t<meta property=\"og:image:width\" content=\"1903\" \/>\n\t<meta property=\"og:image:height\" content=\"550\" \/>\n\t<meta property=\"og:image:type\" content=\"image\/jpeg\" \/>\n<meta name=\"twitter:card\" content=\"summary_large_image\" \/>\n<script type=\"application\/ld+json\" class=\"yoast-schema-graph\">{\"@context\":\"https:\/\/schema.org\",\"@graph\":[{\"@type\":\"WebPage\",\"@id\":\"https:\/\/www.camping-lesedour.com\/ca\/camping-midi-pirineus\/campament-mas-azil\/\",\"url\":\"https:\/\/www.camping-lesedour.com\/ca\/camping-midi-pirineus\/campament-mas-azil\/\",\"name\":\"C\u00e0mping Mas d'Azil | Lloguer de cases m\u00f2bils MAs d'Azil | Activitats\",\"isPartOf\":{\"@id\":\"https:\/\/www.camping-lesedour.com\/ca\/#website\"},\"primaryImageOfPage\":{\"@id\":\"https:\/\/www.camping-lesedour.com\/ca\/camping-midi-pirineus\/campament-mas-azil\/#primaryimage\"},\"image\":{\"@id\":\"https:\/\/www.camping-lesedour.com\/ca\/camping-midi-pirineus\/campament-mas-azil\/#primaryimage\"},\"thumbnailUrl\":\"https:\/\/www.camping-lesedour.com\/wp-content\/uploads\/2020\/09\/camping-mas-azil.jpg\",\"datePublished\":\"2023-06-22T12:44:50+00:00\",\"dateModified\":\"2023-06-27T09:31:11+00:00\",\"breadcrumb\":{\"@id\":\"https:\/\/www.camping-lesedour.com\/ca\/camping-midi-pirineus\/campament-mas-azil\/#breadcrumb\"},\"inLanguage\":\"ca\",\"potentialAction\":[{\"@type\":\"ReadAction\",\"target\":[\"https:\/\/www.camping-lesedour.com\/ca\/camping-midi-pirineus\/campament-mas-azil\/\"]}]},{\"@type\":\"ImageObject\",\"inLanguage\":\"ca\",\"@id\":\"https:\/\/www.camping-lesedour.com\/ca\/camping-midi-pirineus\/campament-mas-azil\/#primaryimage\",\"url\":\"https:\/\/www.camping-lesedour.com\/wp-content\/uploads\/2020\/09\/camping-mas-azil.jpg\",\"contentUrl\":\"https:\/\/www.camping-lesedour.com\/wp-content\/uploads\/2020\/09\/camping-mas-azil.jpg\",\"width\":1903,\"height\":550,\"caption\":\"camping mas azil\"},{\"@type\":\"BreadcrumbList\",\"@id\":\"https:\/\/www.camping-lesedour.com\/ca\/camping-midi-pirineus\/campament-mas-azil\/#breadcrumb\",\"itemListElement\":[{\"@type\":\"ListItem\",\"position\":1,\"name\":\"Campament Ariege\",\"item\":\"https:\/\/www.camping-lesedour.com\/ca\/\"},{\"@type\":\"ListItem\",\"position\":2,\"name\":\"C\u00e0mping Migdia Pirineus\",\"item\":\"https:\/\/www.camping-lesedour.com\/ca\/camping-midi-pirineus\/\"},{\"@type\":\"ListItem\",\"position\":3,\"name\":\"Qu\u00e8 fer i veure al Mas d'Azil?\"}]},{\"@type\":\"WebSite\",\"@id\":\"https:\/\/www.camping-lesedour.com\/ca\/#website\",\"url\":\"https:\/\/www.camping-lesedour.com\/ca\/\",\"name\":\"Camping le S\u00e9dour\",\"description\":\"\",\"potentialAction\":[{\"@type\":\"SearchAction\",\"target\":{\"@type\":\"EntryPoint\",\"urlTemplate\":\"https:\/\/www.camping-lesedour.com\/ca\/?s={search_term_string}\"},\"query-input\":{\"@type\":\"PropertyValueSpecification\",\"valueRequired\":true,\"valueName\":\"search_term_string\"}}],\"inLanguage\":\"ca\"}]}<\/script>\n<!-- \/ Yoast SEO plugin. -->","yoast_head_json":{"title":"C\u00e0mping Mas d'Azil | Lloguer de cases m\u00f2bils MAs d'Azil | Activitats","robots":{"index":"index","follow":"follow","max-snippet":"max-snippet:-1","max-image-preview":"max-image-preview:large","max-video-preview":"max-video-preview:-1"},"canonical":"https:\/\/www.camping-lesedour.com\/ca\/camping-midi-pirineus\/campament-mas-azil\/","og_locale":"ca_ES","og_type":"article","og_title":"C\u00e0mping Mas d'Azil | Lloguer de cases m\u00f2bils MAs d'Azil | Activitats","og_url":"https:\/\/www.camping-lesedour.com\/ca\/camping-midi-pirineus\/campament-mas-azil\/","og_site_name":"Camping le S\u00e9dour","article_modified_time":"2023-06-27T09:31:11+00:00","og_image":[{"width":1903,"height":550,"url":"https:\/\/www.camping-lesedour.com\/wp-content\/uploads\/2020\/09\/camping-mas-azil.jpg","type":"image\/jpeg"}],"twitter_card":"summary_large_image","schema":{"@context":"https:\/\/schema.org","@graph":[{"@type":"WebPage","@id":"https:\/\/www.camping-lesedour.com\/ca\/camping-midi-pirineus\/campament-mas-azil\/","url":"https:\/\/www.camping-lesedour.com\/ca\/camping-midi-pirineus\/campament-mas-azil\/","name":"C\u00e0mping Mas d'Azil | Lloguer de cases m\u00f2bils MAs d'Azil | Activitats","isPartOf":{"@id":"https:\/\/www.camping-lesedour.com\/ca\/#website"},"primaryImageOfPage":{"@id":"https:\/\/www.camping-lesedour.com\/ca\/camping-midi-pirineus\/campament-mas-azil\/#primaryimage"},"image":{"@id":"https:\/\/www.camping-lesedour.com\/ca\/camping-midi-pirineus\/campament-mas-azil\/#primaryimage"},"thumbnailUrl":"https:\/\/www.camping-lesedour.com\/wp-content\/uploads\/2020\/09\/camping-mas-azil.jpg","datePublished":"2023-06-22T12:44:50+00:00","dateModified":"2023-06-27T09:31:11+00:00","breadcrumb":{"@id":"https:\/\/www.camping-lesedour.com\/ca\/camping-midi-pirineus\/campament-mas-azil\/#breadcrumb"},"inLanguage":"ca","potentialAction":[{"@type":"ReadAction","target":["https:\/\/www.camping-lesedour.com\/ca\/camping-midi-pirineus\/campament-mas-azil\/"]}]},{"@type":"ImageObject","inLanguage":"ca","@id":"https:\/\/www.camping-lesedour.com\/ca\/camping-midi-pirineus\/campament-mas-azil\/#primaryimage","url":"https:\/\/www.camping-lesedour.com\/wp-content\/uploads\/2020\/09\/camping-mas-azil.jpg","contentUrl":"https:\/\/www.camping-lesedour.com\/wp-content\/uploads\/2020\/09\/camping-mas-azil.jpg","width":1903,"height":550,"caption":"camping mas azil"},{"@type":"BreadcrumbList","@id":"https:\/\/www.camping-lesedour.com\/ca\/camping-midi-pirineus\/campament-mas-azil\/#breadcrumb","itemListElement":[{"@type":"ListItem","position":1,"name":"Campament Ariege","item":"https:\/\/www.camping-lesedour.com\/ca\/"},{"@type":"ListItem","position":2,"name":"C\u00e0mping Migdia Pirineus","item":"https:\/\/www.camping-lesedour.com\/ca\/camping-midi-pirineus\/"},{"@type":"ListItem","position":3,"name":"Qu\u00e8 fer i veure al Mas d'Azil?"}]},{"@type":"WebSite","@id":"https:\/\/www.camping-lesedour.com\/ca\/#website","url":"https:\/\/www.camping-lesedour.com\/ca\/","name":"Camping le S\u00e9dour","description":"","potentialAction":[{"@type":"SearchAction","target":{"@type":"EntryPoint","urlTemplate":"https:\/\/www.camping-lesedour.com\/ca\/?s={search_term_string}"},"query-input":{"@type":"PropertyValueSpecification","valueRequired":true,"valueName":"search_term_string"}}],"inLanguage":"ca"}]}},"_links":{"self":[{"href":"https:\/\/www.camping-lesedour.com\/ca\/wp-json\/wp\/v2\/pages\/5148"}],"collection":[{"href":"https:\/\/www.camping-lesedour.com\/ca\/wp-json\/wp\/v2\/pages"}],"about":[{"href":"https:\/\/www.camping-lesedour.com\/ca\/wp-json\/wp\/v2\/types\/page"}],"author":[{"embeddable":true,"href":"https:\/\/www.camping-lesedour.com\/ca\/wp-json\/wp\/v2\/users\/8"}],"replies":[{"embeddable":true,"href":"https:\/\/www.camping-lesedour.com\/ca\/wp-json\/wp\/v2\/comments?post=5148"}],"version-history":[{"count":6,"href":"https:\/\/www.camping-lesedour.com\/ca\/wp-json\/wp\/v2\/pages\/5148\/revisions"}],"predecessor-version":[{"id":5159,"href":"https:\/\/www.camping-lesedour.com\/ca\/wp-json\/wp\/v2\/pages\/5148\/revisions\/5159"}],"up":[{"embeddable":true,"href":"https:\/\/www.camping-lesedour.com\/ca\/wp-json\/wp\/v2\/pages\/5122"}],"wp:featuredmedia":[{"embeddable":true,"href":"https:\/\/www.camping-lesedour.com\/ca\/wp-json\/wp\/v2\/media\/2431"}],"wp:attachment":[{"href":"https:\/\/www.camping-lesedour.com\/ca\/wp-json\/wp\/v2\/media?parent=5148"}],"curies":[{"name":"wp","href":"https:\/\/api.w.org\/{rel}","templated":true}]}}