{"id":5172,"date":"2023-06-22T14:58:14","date_gmt":"2023-06-22T12:58:14","guid":{"rendered":"https:\/\/www.camping-lesedour.com\/camping-midi-pirineus\/camping-saint-girons\/"},"modified":"2023-06-27T11:49:51","modified_gmt":"2023-06-27T09:49:51","slug":"campament-saint-girons","status":"publish","type":"page","link":"https:\/\/www.camping-lesedour.com\/ca\/camping-midi-pirineus\/campament-saint-girons\/","title":{"rendered":"Camping \u00e0 55 km de Saint-Girons"},"content":{"rendered":"<section id=\"section-64943331954ab\"\" class=\"section bg-color3\" \/><div class=\"container\"><h1 class=\"element section-title center\">Camping a 55 km de Saint-Girons<\/h1><\/div><\/section>\n\n<section id=\"section-649433319580c\"\" class=\"section bg-white\" \/><div class=\"container extralarge\"><div class=\"colonnes-wrap valign-top \"><div class=\"element colonne w-40 p-0\"><div class=\"element images\"><div class=\"image\"><img decoding=\"async\" src=\"https:\/\/www.camping-lesedour.com\/wp-content\/uploads\/2020\/09\/achat-mobil-home-ariege-1-100x80.jpg\" data-src=\"https:\/\/www.camping-lesedour.com\/wp-content\/uploads\/2020\/09\/achat-mobil-home-ariege-1.jpg\" alt=\"camping Saint-Girons\" class=\"images_image\" \/><\/div><\/div><\/div><div class=\"element colonne w-60 p-4\"><h2 class=\"element section-title justify\">Un camping situat al cor de l&#8217;Ariege prop de Saint Girons<\/h2><div class=\"element bloc-text justify \">\n\t<p><strong>T\u2019agraden unes vacances al cor de la natura a l\u2019Ari\u00e8ge? <\/strong> Descobreix el S\u00e9dour, un c\u00e0mping situat a menys de 60 km de Saint-Girons, completament dissenyat per als turistes que busquen <strong> espais oberts i tranquil\u00b7litat<\/strong>. Tot es fa per promoure el <strong> rejoveniment i la relaxaci\u00f3 <\/strong> en aquest c\u00e0mping de 4 temporades.<\/p>\n<p>Als peus de les <strong> muntanyes dels Pirineus de l\u2019Arieja<\/strong>, la superf\u00edcie boscosa i enjardinada de m\u00e9s d\u2019una hect\u00e0rea inclou grans i belles parcel\u00b7les per acampar-caravanejar, aix\u00ed com parcel\u00b7les amb mobil-homes i bungalows de tela. A la <strong> riba d\u2019un riu <\/strong> amb vistes a les muntanyes, l\u2019entorn del nostre c\u00e0mping a prop de Saint-Girons \u00e9s ideal per passar una estada revitalitzant amb familiars i amics.<\/p>\n<\/div><\/div><\/div><\/div><\/section>\n\n<section id=\"section-6494456618757\"\" class=\"section bg-color3\" \/><div class=\"container extralarge\"><div class=\"colonnes-wrap valign-top \"><div class=\"element colonne w-60 p-4\"><h2 class=\"element section-title justify\">Lloguer de cases mobils a prop de Saint-Girons<\/h2><div class=\"element bloc-text justify \">\n\t<p>Voleu llogar una casa m\u00f2bil a Ari\u00e8ge per passar unes vacances de pur relax al <strong> cor d\u2019espais naturals excepcionals <\/strong>? El c\u00e0mping S\u00e9dour us ofereix la possibilitat de llogar una casa m\u00f2bil a prop de Saint-Girons, al peu del Pirineu de l\u2019Arieja.<\/p>\n<p>Un dest\u00ed ideal per gaudir de <strong> esports i esbarjo a l\u2019aire lliure <\/strong> i allotjar-se en un entorn tranquil i revitalitzant. Regaleu-vos unes aut\u00e8ntiques vacances verdes reservant una carpa Coco Sweet oberta a l\u2019aire lliure. El <a href=\"\/ca\/\"> c\u00e0mping S\u00e9dour<\/a> ofereix lloguer de mobil-homes i bungalows a prop de Saint-Girons durant tot l&#8217;any, de manera que pugueu gaudir d&#8217;Arieja tot l&#8217;any.<\/p>\n<\/div><\/div><div class=\"element colonne w-40 p-0\"><div class=\"element images\"><div class=\"image\"><img decoding=\"async\" src=\"https:\/\/www.camping-lesedour.com\/wp-content\/uploads\/2020\/09\/mobil-home-3ch-ariege-1-100x100.jpg\" data-src=\"https:\/\/www.camping-lesedour.com\/wp-content\/uploads\/2020\/09\/mobil-home-3ch-ariege-1.jpg\" alt=\"location mobilhome Saint-Girons\" class=\"images_image\" \/><\/div><\/div><\/div><\/div><\/div><\/section>\n\n<section id=\"section-6494456618963\"\" class=\"section bg-white p-t-0 p-b-0\" \/><div class=\"container full\"><ul class=\"liste-de-page hebergements row\"><li class=\"hebergement hebergement--init hebergement--style-1  nombre-de-persones-4 nombre-dhabitacions-2\"><div class=\"hebergement_image\"><img decoding=\"async\" src=\"https:\/\/www.camping-lesedour.com\/wp-content\/uploads\/2020\/09\/camping-sedour-ohara.jpg\" data-src=\"https:\/\/www.camping-lesedour.com\/wp-content\/uploads\/2020\/09\/camping-sedour-ohara.jpg\" alt=\"\" class=\"\" \/><div class=\"hebergement_link\" id=\"3430\"><\/div><\/div><div class=\"hebergement_content\"><div class=\"hebergement_titre hebergement_titre decoration\">Casa mobil O&#8217;HARA 865T<\/div><div class=\"hebergement-attributs\"><span class=\"attribut nombre-de-persones\">4<i class=\"icon-chambres\"><\/i><\/span><span class=\"attribut nombre-dhabitacions\">2<i class=\"icon-personnes\"><\/i><\/span><\/div><\/div><\/li><li class=\"hebergement hebergement--init hebergement--style-1  nombre-de-persones-4 nombre-dhabitacions-2\"><div class=\"hebergement_image\"><img decoding=\"async\" src=\"https:\/\/www.camping-lesedour.com\/wp-content\/uploads\/2020\/09\/camping-le-sedour-mh2.jpg\" data-src=\"https:\/\/www.camping-lesedour.com\/wp-content\/uploads\/2020\/09\/camping-le-sedour-mh2.jpg\" alt=\"\" class=\"\" \/><div class=\"hebergement_link\" id=\"3429\"><\/div><\/div><div class=\"hebergement_content\"><div class=\"hebergement_titre hebergement_titre decoration\">Casa mobil de 2 habitacions<\/div><div class=\"hebergement-attributs\"><span class=\"attribut nombre-de-persones\">4<i class=\"icon-chambres\"><\/i><\/span><span class=\"attribut nombre-dhabitacions\">2<i class=\"icon-personnes\"><\/i><\/span><\/div><\/div><\/li><li class=\"hebergement hebergement--init hebergement--style-1  nombre-de-persones-4 nombre-dhabitacions-2\"><div class=\"hebergement_image\"><img decoding=\"async\" src=\"https:\/\/www.camping-lesedour.com\/wp-content\/uploads\/2020\/09\/camping-chalet-ariege.jpg\" data-src=\"https:\/\/www.camping-lesedour.com\/wp-content\/uploads\/2020\/09\/camping-chalet-ariege.jpg\" alt=\"camping chalet Ari\u00e8ge\" class=\"\" \/><div class=\"hebergement_link\" id=\"3428\"><\/div><\/div><div class=\"hebergement_content\"><div class=\"hebergement_titre hebergement_titre decoration\">Xalet de 2 habitacions<\/div><div class=\"hebergement-attributs\"><span class=\"attribut nombre-de-persones\">4<i class=\"icon-chambres\"><\/i><\/span><span class=\"attribut nombre-dhabitacions\">2<i class=\"icon-personnes\"><\/i><\/span><\/div><\/div><\/li><li class=\"hebergement hebergement--init hebergement--style-1  nombre-de-persones-4 nombre-dhabitacions-2\"><div class=\"hebergement_image\"><img decoding=\"async\" src=\"https:\/\/www.camping-lesedour.com\/wp-content\/uploads\/2020\/09\/cocosweet-ariege.jpg\" data-src=\"https:\/\/www.camping-lesedour.com\/wp-content\/uploads\/2020\/09\/cocosweet-ariege.jpg\" alt=\"cocosweet ariege\" class=\"\" \/><div class=\"hebergement_link\" id=\"3420\"><\/div><\/div><div class=\"hebergement_content\"><div class=\"hebergement_titre hebergement_titre decoration\">Cocosweet 2 habitacions<\/div><div class=\"hebergement-attributs\"><span class=\"attribut nombre-de-persones\">4<i class=\"icon-chambres\"><\/i><\/span><span class=\"attribut nombre-dhabitacions\">2<i class=\"icon-personnes\"><\/i><\/span><\/div><\/div><\/li><li class=\"hebergement hebergement--init hebergement--style-1  nombre-de-persones-2 nombre-dhabitacions-1\"><div class=\"hebergement_image\"><img decoding=\"async\" src=\"https:\/\/www.camping-lesedour.com\/wp-content\/uploads\/2020\/09\/camping-sedour-cahita.jpg\" data-src=\"https:\/\/www.camping-lesedour.com\/wp-content\/uploads\/2020\/09\/camping-sedour-cahita.jpg\" alt=\"\" class=\"\" \/><div class=\"hebergement_link\" id=\"3412\"><\/div><\/div><div class=\"hebergement_content\"><div class=\"hebergement_titre hebergement_titre decoration\">Mobilhome Cahita Riviera 1 dormitori<\/div><div class=\"hebergement-attributs\"><span class=\"attribut nombre-de-persones\">2<i class=\"icon-chambres\"><\/i><\/span><span class=\"attribut nombre-dhabitacions\">1<i class=\"icon-personnes\"><\/i><\/span><\/div><\/div><\/li><li class=\"hebergement hebergement--init hebergement--style-1  nombre-de-persones-6 nombre-dhabitacions-3\"><div class=\"hebergement_image\"><img decoding=\"async\" src=\"https:\/\/www.camping-lesedour.com\/wp-content\/uploads\/2020\/09\/camping-le-sedour-mh3.jpg\" data-src=\"https:\/\/www.camping-lesedour.com\/wp-content\/uploads\/2020\/09\/camping-le-sedour-mh3.jpg\" alt=\"\" class=\"\" \/><div class=\"hebergement_link\" id=\"3405\"><\/div><\/div><div class=\"hebergement_content\"><div class=\"hebergement_titre hebergement_titre decoration\">Casa mobil de 3 habitacions<\/div><div class=\"hebergement-attributs\"><span class=\"attribut nombre-de-persones\">6<i class=\"icon-chambres\"><\/i><\/span><span class=\"attribut nombre-dhabitacions\">3<i class=\"icon-personnes\"><\/i><\/span><\/div><\/div><\/li><li class=\"hebergement hebergement--init hebergement--style-1  nombre-de-persones-45 nombre-dhabitacions-2\"><div class=\"hebergement_image\"><img decoding=\"async\" src=\"https:\/\/www.camping-lesedour.com\/wp-content\/uploads\/2020\/09\/mobil-home-keywest-ariege.jpg\" data-src=\"https:\/\/www.camping-lesedour.com\/wp-content\/uploads\/2020\/09\/mobil-home-keywest-ariege.jpg\" alt=\"mobil-home keywest ariege\" class=\"\" \/><div class=\"hebergement_link\" id=\"3396\"><\/div><\/div><div class=\"hebergement_content\"><div class=\"hebergement_titre hebergement_titre decoration\">Keywest mobile home 2 habitacions &#8211; 2 banys<\/div><div class=\"hebergement-attributs\"><span class=\"attribut nombre-de-persones\">4\/5<i class=\"icon-chambres\"><\/i><\/span><span class=\"attribut nombre-dhabitacions\">2<i class=\"icon-personnes\"><\/i><\/span><\/div><\/div><\/li><li class=\"hebergement hebergement--init hebergement--style-1  nombre-de-persones-4 nombre-dhabitacions-2\"><div class=\"hebergement_image\"><img decoding=\"async\" src=\"https:\/\/www.camping-lesedour.com\/wp-content\/uploads\/2020\/09\/terrasse-hotelier-ariege.jpg\" data-src=\"https:\/\/www.camping-lesedour.com\/wp-content\/uploads\/2020\/09\/terrasse-hotelier-ariege.jpg\" alt=\"terrasse hotelier ariege\" class=\"\" \/><div class=\"hebergement_link\" id=\"3390\"><\/div><\/div><div class=\"hebergement_content\"><div class=\"hebergement_titre hebergement_titre decoration\">Hotellier de casa mobil<\/div><div class=\"hebergement-attributs\"><span class=\"attribut nombre-de-persones\">4<i class=\"icon-chambres\"><\/i><\/span><span class=\"attribut nombre-dhabitacions\">2<i class=\"icon-personnes\"><\/i><\/span><\/div><\/div><\/li><li class=\"hebergement hebergement--init hebergement--style-1  nombre-de-persones-4 nombre-dhabitacions-2\"><div class=\"hebergement_image\"><img decoding=\"async\" src=\"https:\/\/www.camping-lesedour.com\/wp-content\/uploads\/2024\/10\/00001198578.webp\" data-src=\"https:\/\/www.camping-lesedour.com\/wp-content\/uploads\/2024\/10\/00001198578.webp\" alt=\"\" class=\"\" \/><div class=\"hebergement_link\" id=\"5705\"><\/div><\/div><div class=\"hebergement_content\"><div class=\"hebergement_titre hebergement_titre decoration\">Casa M\u00f2bil Confort 31m2 al costat de la riera<\/div><div class=\"hebergement-attributs\"><span class=\"attribut nombre-de-persones\">4<i class=\"icon-chambres\"><\/i><\/span><span class=\"attribut nombre-dhabitacions\">2<i class=\"icon-personnes\"><\/i><\/span><\/div><\/div><\/li><\/ul><\/div><\/section>\n\n<section id=\"section-64944566190eb\"\" class=\"section bg-color3\" \/><div class=\"container extralarge\"><div class=\"colonnes-wrap valign-top \"><div class=\"element colonne w-40 p-0\"><div class=\"element images\"><div class=\"image\"><img decoding=\"async\" src=\"https:\/\/www.camping-lesedour.com\/wp-content\/uploads\/2023\/06\/tourisme-saint-girons-100x100.jpg\" data-src=\"https:\/\/www.camping-lesedour.com\/wp-content\/uploads\/2023\/06\/tourisme-saint-girons.jpg\" alt=\"veure a saint girons\" class=\"images_image\" \/><\/div><\/div><\/div><div class=\"element colonne w-60 p-4\"><h2 class=\"element section-title justify\">Veure a Saint-Girons<\/h2><div class=\"element bloc-text justify \">\n\t<ul>\n<li><strong>L\u2019her\u00e8ncia religiosa <\/strong>: l\u2019esgl\u00e9sia de Saint-Gen\u00e8s i el seu campanar del segle XIV, per\u00f2 tamb\u00e9 l\u2019esgl\u00e9sia de Saint-Valier i el seu ornamentat portal del segle XII.<\/li>\n<li><strong> L\u2019antic pont que travessa el riu Salat <\/strong>: data del segle XVI i les seves voreres s\u00f3n de marbre de la regi\u00f3 de l\u2019Arieja.<\/li>\n<li><strong> El Museu del Cam\u00ed de la Llibertat <\/strong>: un espai museogr\u00e0fic instal\u00b7lat a l\u2019antiga estaci\u00f3 SNCF de Saint-Girons, dedicat al viatge dels exiliats que van intentar fugir de l\u2019opressi\u00f3 nazi unint-se al Espanya durant la Segona Guerra Mundial.<\/li>\n<li><strong> El castell vescomte <\/strong>: a la riba esquerra, l\u2019edifici del segle XVI, antic castell dels vescomtes de Couserans, alberga una mediateca i exposicions al soterrani. <!-- li --><\/li>\n<li><strong> El Champ de Mars, que voreja el Salat <\/strong>: un lloc agradable per passejar, acull el gran mercat de Saint-Girons cada dissabte.<\/li>\n<\/ul>\n<\/div><\/div><\/div><\/div><\/section>\n\n<section id=\"section-649445661951e\"\" class=\"section bg-white\" \/><div class=\"container extralarge\"><div class=\"colonnes-wrap valign-top \"><div class=\"element colonne w-60 p-4\"><h2 class=\"element section-title justify\">Per fer a Saint Girons<\/h2><div class=\"element bloc-text justify \">\n\t<ul>\n<li><strong>Passegeu pel mercat <\/strong>: conegut a tot l&#8217;Arieja i, fins a Tolosa de Llenguadoc, \u00e9s un dels m\u00e9s grans del departament. El mercat setmanal t\u00e9 lloc els dissabtes al mat\u00ed durant tot l&#8217;any. Dos dilluns al mes tamb\u00e9 es fa una fira a Saint-Girons.<\/li>\n<li><strong> Participa en esdeveniments festius de la ciutat <\/strong>: les festes tradicionals de finals de juliol i les seves atraccions al recinte firal, la festa anteriorment Couserans i els seus nombrosos esdeveniments folkl\u00f2rics a l&#8217;agost o la festa del rit dedicat a les cultures del m\u00f3n.<\/li>\n<li><strong> Visiteu la propera catedral de Saint-Lizier <\/strong> i el palau dels bisbes, a menys de 3 km al nord del centre de Saint-Girons al llarg del curs del Salat.<\/li>\n<li><strong> Refresqueu-vos i relaxeu-vos <\/strong> al centre aqu\u00e0tic de Couserans, al cor de la ciutat de Saint-Girons.<\/li>\n<li><strong> Pesca al riu Salat<\/strong>, a la massa d&#8217;aigua de Salat o en un dels afluents del riu, el Lez o el Baup.<\/li>\n<\/ul>\n<\/div><\/div><div class=\"element colonne w-40 p-0\"><div class=\"element images\"><div class=\"image\"><img decoding=\"async\" src=\"https:\/\/www.camping-lesedour.com\/wp-content\/uploads\/2023\/06\/decouvrir-saint-girons-100x100.jpg\" data-src=\"https:\/\/www.camping-lesedour.com\/wp-content\/uploads\/2023\/06\/decouvrir-saint-girons.jpg\" alt=\"d\u00e9couvrir saint girons\" class=\"images_image\" \/><\/div><\/div><\/div><\/div><\/div><\/section>","protected":false},"excerpt":{"rendered":"","protected":false},"author":8,"featured_media":2463,"parent":5122,"menu_order":0,"comment_status":"closed","ping_status":"closed","template":"","meta":{"_acf_changed":false,"footnotes":""},"class_list":["post-5172","page","type-page","status-publish","has-post-thumbnail","hentry"],"acf":[],"yoast_head":"<!-- This site is optimized with the Yoast SEO plugin v25.3 - https:\/\/yoast.com\/wordpress\/plugins\/seo\/ -->\n<title>C\u00e0mping Saint Girons | Lloguer a Saint Girons | Activitats de Saint Girons<\/title>\n<meta name=\"robots\" content=\"index, follow, max-snippet:-1, max-image-preview:large, max-video-preview:-1\" \/>\n<link rel=\"canonical\" href=\"https:\/\/www.camping-lesedour.com\/ca\/camping-midi-pirineus\/campament-saint-girons\/\" \/>\n<meta property=\"og:locale\" content=\"ca_ES\" \/>\n<meta property=\"og:type\" content=\"article\" \/>\n<meta property=\"og:title\" content=\"C\u00e0mping Saint Girons | Lloguer a Saint Girons | Activitats de Saint Girons\" \/>\n<meta property=\"og:url\" content=\"https:\/\/www.camping-lesedour.com\/ca\/camping-midi-pirineus\/campament-saint-girons\/\" \/>\n<meta property=\"og:site_name\" content=\"Camping le S\u00e9dour\" \/>\n<meta property=\"article:modified_time\" content=\"2023-06-27T09:49:51+00:00\" \/>\n<meta property=\"og:image\" content=\"https:\/\/www.camping-lesedour.com\/wp-content\/uploads\/2020\/09\/tourisme-saint-girons.jpg\" \/>\n\t<meta property=\"og:image:width\" content=\"1903\" \/>\n\t<meta property=\"og:image:height\" content=\"550\" \/>\n\t<meta property=\"og:image:type\" content=\"image\/jpeg\" \/>\n<meta name=\"twitter:card\" content=\"summary_large_image\" \/>\n<script type=\"application\/ld+json\" class=\"yoast-schema-graph\">{\"@context\":\"https:\/\/schema.org\",\"@graph\":[{\"@type\":\"WebPage\",\"@id\":\"https:\/\/www.camping-lesedour.com\/ca\/camping-midi-pirineus\/campament-saint-girons\/\",\"url\":\"https:\/\/www.camping-lesedour.com\/ca\/camping-midi-pirineus\/campament-saint-girons\/\",\"name\":\"C\u00e0mping Saint Girons | Lloguer a Saint Girons | Activitats de Saint Girons\",\"isPartOf\":{\"@id\":\"https:\/\/www.camping-lesedour.com\/ca\/#website\"},\"primaryImageOfPage\":{\"@id\":\"https:\/\/www.camping-lesedour.com\/ca\/camping-midi-pirineus\/campament-saint-girons\/#primaryimage\"},\"image\":{\"@id\":\"https:\/\/www.camping-lesedour.com\/ca\/camping-midi-pirineus\/campament-saint-girons\/#primaryimage\"},\"thumbnailUrl\":\"https:\/\/www.camping-lesedour.com\/wp-content\/uploads\/2020\/09\/tourisme-saint-girons.jpg\",\"datePublished\":\"2023-06-22T12:58:14+00:00\",\"dateModified\":\"2023-06-27T09:49:51+00:00\",\"breadcrumb\":{\"@id\":\"https:\/\/www.camping-lesedour.com\/ca\/camping-midi-pirineus\/campament-saint-girons\/#breadcrumb\"},\"inLanguage\":\"ca\",\"potentialAction\":[{\"@type\":\"ReadAction\",\"target\":[\"https:\/\/www.camping-lesedour.com\/ca\/camping-midi-pirineus\/campament-saint-girons\/\"]}]},{\"@type\":\"ImageObject\",\"inLanguage\":\"ca\",\"@id\":\"https:\/\/www.camping-lesedour.com\/ca\/camping-midi-pirineus\/campament-saint-girons\/#primaryimage\",\"url\":\"https:\/\/www.camping-lesedour.com\/wp-content\/uploads\/2020\/09\/tourisme-saint-girons.jpg\",\"contentUrl\":\"https:\/\/www.camping-lesedour.com\/wp-content\/uploads\/2020\/09\/tourisme-saint-girons.jpg\",\"width\":1903,\"height\":550,\"caption\":\"tourisme saint-girons\"},{\"@type\":\"BreadcrumbList\",\"@id\":\"https:\/\/www.camping-lesedour.com\/ca\/camping-midi-pirineus\/campament-saint-girons\/#breadcrumb\",\"itemListElement\":[{\"@type\":\"ListItem\",\"position\":1,\"name\":\"Campament Ariege\",\"item\":\"https:\/\/www.camping-lesedour.com\/ca\/\"},{\"@type\":\"ListItem\",\"position\":2,\"name\":\"C\u00e0mping Migdia Pirineus\",\"item\":\"https:\/\/www.camping-lesedour.com\/ca\/camping-midi-pirineus\/\"},{\"@type\":\"ListItem\",\"position\":3,\"name\":\"Campament Saint Girons\"}]},{\"@type\":\"WebSite\",\"@id\":\"https:\/\/www.camping-lesedour.com\/ca\/#website\",\"url\":\"https:\/\/www.camping-lesedour.com\/ca\/\",\"name\":\"Camping le S\u00e9dour\",\"description\":\"\",\"potentialAction\":[{\"@type\":\"SearchAction\",\"target\":{\"@type\":\"EntryPoint\",\"urlTemplate\":\"https:\/\/www.camping-lesedour.com\/ca\/?s={search_term_string}\"},\"query-input\":{\"@type\":\"PropertyValueSpecification\",\"valueRequired\":true,\"valueName\":\"search_term_string\"}}],\"inLanguage\":\"ca\"}]}<\/script>\n<!-- \/ Yoast SEO plugin. -->","yoast_head_json":{"title":"C\u00e0mping Saint Girons | Lloguer a Saint Girons | Activitats de Saint Girons","robots":{"index":"index","follow":"follow","max-snippet":"max-snippet:-1","max-image-preview":"max-image-preview:large","max-video-preview":"max-video-preview:-1"},"canonical":"https:\/\/www.camping-lesedour.com\/ca\/camping-midi-pirineus\/campament-saint-girons\/","og_locale":"ca_ES","og_type":"article","og_title":"C\u00e0mping Saint Girons | Lloguer a Saint Girons | Activitats de Saint Girons","og_url":"https:\/\/www.camping-lesedour.com\/ca\/camping-midi-pirineus\/campament-saint-girons\/","og_site_name":"Camping le S\u00e9dour","article_modified_time":"2023-06-27T09:49:51+00:00","og_image":[{"width":1903,"height":550,"url":"https:\/\/www.camping-lesedour.com\/wp-content\/uploads\/2020\/09\/tourisme-saint-girons.jpg","type":"image\/jpeg"}],"twitter_card":"summary_large_image","schema":{"@context":"https:\/\/schema.org","@graph":[{"@type":"WebPage","@id":"https:\/\/www.camping-lesedour.com\/ca\/camping-midi-pirineus\/campament-saint-girons\/","url":"https:\/\/www.camping-lesedour.com\/ca\/camping-midi-pirineus\/campament-saint-girons\/","name":"C\u00e0mping Saint Girons | Lloguer a Saint Girons | Activitats de Saint Girons","isPartOf":{"@id":"https:\/\/www.camping-lesedour.com\/ca\/#website"},"primaryImageOfPage":{"@id":"https:\/\/www.camping-lesedour.com\/ca\/camping-midi-pirineus\/campament-saint-girons\/#primaryimage"},"image":{"@id":"https:\/\/www.camping-lesedour.com\/ca\/camping-midi-pirineus\/campament-saint-girons\/#primaryimage"},"thumbnailUrl":"https:\/\/www.camping-lesedour.com\/wp-content\/uploads\/2020\/09\/tourisme-saint-girons.jpg","datePublished":"2023-06-22T12:58:14+00:00","dateModified":"2023-06-27T09:49:51+00:00","breadcrumb":{"@id":"https:\/\/www.camping-lesedour.com\/ca\/camping-midi-pirineus\/campament-saint-girons\/#breadcrumb"},"inLanguage":"ca","potentialAction":[{"@type":"ReadAction","target":["https:\/\/www.camping-lesedour.com\/ca\/camping-midi-pirineus\/campament-saint-girons\/"]}]},{"@type":"ImageObject","inLanguage":"ca","@id":"https:\/\/www.camping-lesedour.com\/ca\/camping-midi-pirineus\/campament-saint-girons\/#primaryimage","url":"https:\/\/www.camping-lesedour.com\/wp-content\/uploads\/2020\/09\/tourisme-saint-girons.jpg","contentUrl":"https:\/\/www.camping-lesedour.com\/wp-content\/uploads\/2020\/09\/tourisme-saint-girons.jpg","width":1903,"height":550,"caption":"tourisme saint-girons"},{"@type":"BreadcrumbList","@id":"https:\/\/www.camping-lesedour.com\/ca\/camping-midi-pirineus\/campament-saint-girons\/#breadcrumb","itemListElement":[{"@type":"ListItem","position":1,"name":"Campament Ariege","item":"https:\/\/www.camping-lesedour.com\/ca\/"},{"@type":"ListItem","position":2,"name":"C\u00e0mping Migdia Pirineus","item":"https:\/\/www.camping-lesedour.com\/ca\/camping-midi-pirineus\/"},{"@type":"ListItem","position":3,"name":"Campament Saint Girons"}]},{"@type":"WebSite","@id":"https:\/\/www.camping-lesedour.com\/ca\/#website","url":"https:\/\/www.camping-lesedour.com\/ca\/","name":"Camping le S\u00e9dour","description":"","potentialAction":[{"@type":"SearchAction","target":{"@type":"EntryPoint","urlTemplate":"https:\/\/www.camping-lesedour.com\/ca\/?s={search_term_string}"},"query-input":{"@type":"PropertyValueSpecification","valueRequired":true,"valueName":"search_term_string"}}],"inLanguage":"ca"}]}},"_links":{"self":[{"href":"https:\/\/www.camping-lesedour.com\/ca\/wp-json\/wp\/v2\/pages\/5172"}],"collection":[{"href":"https:\/\/www.camping-lesedour.com\/ca\/wp-json\/wp\/v2\/pages"}],"about":[{"href":"https:\/\/www.camping-lesedour.com\/ca\/wp-json\/wp\/v2\/types\/page"}],"author":[{"embeddable":true,"href":"https:\/\/www.camping-lesedour.com\/ca\/wp-json\/wp\/v2\/users\/8"}],"replies":[{"embeddable":true,"href":"https:\/\/www.camping-lesedour.com\/ca\/wp-json\/wp\/v2\/comments?post=5172"}],"version-history":[{"count":2,"href":"https:\/\/www.camping-lesedour.com\/ca\/wp-json\/wp\/v2\/pages\/5172\/revisions"}],"predecessor-version":[{"id":5177,"href":"https:\/\/www.camping-lesedour.com\/ca\/wp-json\/wp\/v2\/pages\/5172\/revisions\/5177"}],"up":[{"embeddable":true,"href":"https:\/\/www.camping-lesedour.com\/ca\/wp-json\/wp\/v2\/pages\/5122"}],"wp:featuredmedia":[{"embeddable":true,"href":"https:\/\/www.camping-lesedour.com\/ca\/wp-json\/wp\/v2\/media\/2463"}],"wp:attachment":[{"href":"https:\/\/www.camping-lesedour.com\/ca\/wp-json\/wp\/v2\/media?parent=5172"}],"curies":[{"name":"wp","href":"https:\/\/api.w.org\/{rel}","templated":true}]}}