{"id":5187,"date":"2023-06-22T15:04:48","date_gmt":"2023-06-22T13:04:48","guid":{"rendered":"https:\/\/www.camping-lesedour.com\/camping-midi-pirineus\/camping-andorre\/"},"modified":"2023-06-27T12:10:07","modified_gmt":"2023-06-27T10:10:07","slug":"campament-andorra","status":"publish","type":"page","link":"https:\/\/www.camping-lesedour.com\/ca\/camping-midi-pirineus\/campament-andorra\/","title":{"rendered":"Camping Andorre"},"content":{"rendered":"<section id=\"section-649433233a7d1\"\" class=\"section bg-color3\" \/><div class=\"container\"><h1 class=\"element section-title center\">Campament Andorra<\/h1><\/div><\/section>\n\n<section id=\"section-649433233acbf\"\" class=\"section bg-white\" \/><div class=\"container extralarge\"><div class=\"colonnes-wrap valign-middle \"><div class=\"element colonne w-40 p-0\"><div class=\"element images\"><div class=\"image\"><img decoding=\"async\" src=\"https:\/\/www.camping-lesedour.com\/wp-content\/uploads\/2020\/09\/acsi-ariege-100x70.jpg\" data-src=\"https:\/\/www.camping-lesedour.com\/wp-content\/uploads\/2020\/09\/acsi-ariege.jpg\" alt=\"Campament Andorra\" class=\"images_image\" \/><\/div><\/div><\/div><div class=\"element colonne w-60 p-4\"><h2 class=\"element section-title justify\">Situacio d\u2019Andorra en relacio amb el camping<\/h2><div class=\"element bloc-text justify \">\n\t<p>El <a href=\"\/ca\/\">c\u00e0mping Le S\u00e9dour<\/a> \u00e9s un c\u00e0mping familiar situat al petit poble de Surba, a dos minuts de Tarascon, a l&#8217;Arieja. Aquest c\u00e0mping de tres estrelles es troba a una hora i mitja en cotxe del pa\u00eds d\u2019Andorra. Si voleu descobrir tot el que fa que aquest <strong> magn\u00edfic pa\u00eds <\/strong> sigui tan especial, el c\u00e0mping Sedour *** us d\u00f3na la benvinguda amb els bra\u00e7os oberts.<\/p>\n<p>Gr\u00e0cies a la seva ubicaci\u00f3 privilegiada, al cor del <strong> Parc Natural Regional dels Pirineus <\/strong> de l\u2019Arieja, aquest establiment far\u00e0 les del\u00edcies dels amants de la natura i de la natura. Tamb\u00e9 \u00e9s vorejat de rierols i es troba en un entorn verd d\u20191,5 hect\u00e0rees on es pot trobar pau i serenitat. Tamb\u00e9 \u00e9s popular per la seva proximitat a <strong> llocs imprescindibles <\/strong> i estacions d\u2019esqu\u00ed de l\u2019Arieja, aix\u00ed com a destinacions destacades com el Principat d\u2019Andorra. Durant tot l&#8217;any, hi ha moltes activitats disponibles per satisfer tots els vostres desitjos de vacances.<\/p>\n<\/div><\/div><\/div><\/div><\/section>\n\n<section id=\"section-64944709bef44\"\" class=\"section bg-color3\" \/><div class=\"container extralarge\"><div class=\"colonnes-wrap valign-top \"><div class=\"element colonne w-60 p-4\"><h2 class=\"element section-title justify\">Per qu\u00e8 triar Andorra per a les teves vacances de c\u00e0mping?<\/h2><div class=\"element bloc-text justify \">\n\t<p>El <strong> pa\u00eds d\u2019Andorra<\/strong>, tamb\u00e9 conegut com el Principat d\u2019Andorra, \u00e9s la destinaci\u00f3 comercial i d\u2019esqu\u00ed per excel\u00b7l\u00e8ncia entre el sud de Fran\u00e7a i el nord d\u2019Espanya al Migdia dels Pirineus. De fet, \u00e9s fam\u00f3s pels seus productes econ\u00f2mics, per\u00f2 tamb\u00e9 pels seus immensos vessants nevats a les <strong> muntanyes dels Pirineus<\/strong>. Tamb\u00e9 encanta els visitants amb la seva autenticitat i atractiu natural.<\/p>\n<p>Per\u00f2 Andorra tamb\u00e9 \u00e9s un parad\u00eds per a les <strong> vacances esportives <\/strong> el m\u00e9s proper possible a la natura. Esqu\u00ed, senderisme, bicicleta de muntanya i moltes altres activitats estan disponibles per a tota la fam\u00edlia durant les temporades. El seu <strong> patrimoni natural <\/strong>, els seus <strong> espectaculars paisatges muntanyencs <\/strong> i els seus <strong> pobles amb encant <\/strong> ubicats a les verdes valls fan de la regi\u00f3 una destinaci\u00f3 ideal per a les vacances campament.<\/p>\n<\/div><\/div><div class=\"element colonne w-40 p-0\"><div class=\"element images\"><div class=\"image\"><img decoding=\"async\" src=\"https:\/\/www.camping-lesedour.com\/wp-content\/uploads\/2023\/06\/camping-andorre-100x100.jpg\" data-src=\"https:\/\/www.camping-lesedour.com\/wp-content\/uploads\/2023\/06\/camping-andorre.jpg\" alt=\"camping andorre\" class=\"images_image\" \/><\/div><\/div><\/div><\/div><\/div><\/section>\n\n<section id=\"section-64944709bf0f3\"\" class=\"section bg-white\" \/><div class=\"container extralarge\"><div class=\"colonnes-wrap valign-top \"><div class=\"element colonne w-40 p-0\"><div class=\"element images\"><div class=\"image\"><img decoding=\"async\" src=\"https:\/\/www.camping-lesedour.com\/wp-content\/uploads\/2020\/09\/mobil-home-3ch-ariege-1-100x100.jpg\" data-src=\"https:\/\/www.camping-lesedour.com\/wp-content\/uploads\/2020\/09\/mobil-home-3ch-ariege-1.jpg\" alt=\"casa mobil camping andorre\" class=\"images_image\" \/><\/div><\/div><\/div><div class=\"element colonne w-60 p-4\"><h2 class=\"element section-title justify\">Lloga la teva casa mobil a prop d&#8217;Andorra<\/h2><div class=\"element bloc-text justify \">\n\t<p>El c\u00e0mping Le S\u00e9dour ofereix lloguer de mobil-homes i parcel\u00b7les exteriors per a les vostres vacances a prop d\u2019Andorra. Aix\u00ed, els estiuejants podran triar entre llogar cases m\u00f2bils molt c\u00f2modes, allotjar-se en xalets o dormir a tendes de campanya, furgonetes camper i caravanes als empla\u00e7aments dedicats. Fins i tot \u00e9s possible passar l\u2019estada a l \u2019<strong> allotjament inusual Coco Sweet <\/strong>. Tot i que els lloguers de vacances estan completament equipats, els llocs per a caravanes s\u00f3n amplis i ombrejats. Serveis, TNT i Wifi s\u00f3n alguns dels serveis que podeu gaudir al lloc. El c\u00e0mping est\u00e0 obert tot l&#8217;any per oferir-vos moments inoblidables en aquesta regi\u00f3 en qualsevol temporada.<\/p>\n<\/div><\/div><\/div><\/div><\/section>\n\n<section id=\"section-64944709bf1ef\"\" class=\"section bg-white p-t-0 p-b-0\" \/><div class=\"container full\"><ul class=\"liste-de-page hebergements row\"><li class=\"hebergement hebergement--init hebergement--style-1  nombre-de-persones-4 nombre-dhabitacions-2\"><div class=\"hebergement_image\"><img decoding=\"async\" src=\"https:\/\/www.camping-lesedour.com\/wp-content\/uploads\/2020\/09\/camping-sedour-ohara.jpg\" data-src=\"https:\/\/www.camping-lesedour.com\/wp-content\/uploads\/2020\/09\/camping-sedour-ohara.jpg\" alt=\"\" class=\"\" \/><div class=\"hebergement_link\" id=\"3430\"><\/div><\/div><div class=\"hebergement_content\"><div class=\"hebergement_titre hebergement_titre decoration\">Casa mobil O&#8217;HARA 865T<\/div><div class=\"hebergement-attributs\"><span class=\"attribut nombre-de-persones\">4<i class=\"icon-chambres\"><\/i><\/span><span class=\"attribut nombre-dhabitacions\">2<i class=\"icon-personnes\"><\/i><\/span><\/div><\/div><\/li><li class=\"hebergement hebergement--init hebergement--style-1  nombre-de-persones-4 nombre-dhabitacions-2\"><div class=\"hebergement_image\"><img decoding=\"async\" src=\"https:\/\/www.camping-lesedour.com\/wp-content\/uploads\/2020\/09\/camping-le-sedour-mh2.jpg\" data-src=\"https:\/\/www.camping-lesedour.com\/wp-content\/uploads\/2020\/09\/camping-le-sedour-mh2.jpg\" alt=\"\" class=\"\" \/><div class=\"hebergement_link\" id=\"3429\"><\/div><\/div><div class=\"hebergement_content\"><div class=\"hebergement_titre hebergement_titre decoration\">Casa mobil de 2 habitacions<\/div><div class=\"hebergement-attributs\"><span class=\"attribut nombre-de-persones\">4<i class=\"icon-chambres\"><\/i><\/span><span class=\"attribut nombre-dhabitacions\">2<i class=\"icon-personnes\"><\/i><\/span><\/div><\/div><\/li><li class=\"hebergement hebergement--init hebergement--style-1  nombre-de-persones-4 nombre-dhabitacions-2\"><div class=\"hebergement_image\"><img decoding=\"async\" src=\"https:\/\/www.camping-lesedour.com\/wp-content\/uploads\/2020\/09\/camping-chalet-ariege.jpg\" data-src=\"https:\/\/www.camping-lesedour.com\/wp-content\/uploads\/2020\/09\/camping-chalet-ariege.jpg\" alt=\"camping chalet Ari\u00e8ge\" class=\"\" \/><div class=\"hebergement_link\" id=\"3428\"><\/div><\/div><div class=\"hebergement_content\"><div class=\"hebergement_titre hebergement_titre decoration\">Xalet de 2 habitacions<\/div><div class=\"hebergement-attributs\"><span class=\"attribut nombre-de-persones\">4<i class=\"icon-chambres\"><\/i><\/span><span class=\"attribut nombre-dhabitacions\">2<i class=\"icon-personnes\"><\/i><\/span><\/div><\/div><\/li><li class=\"hebergement hebergement--init hebergement--style-1  nombre-de-persones-4 nombre-dhabitacions-2\"><div class=\"hebergement_image\"><img decoding=\"async\" src=\"https:\/\/www.camping-lesedour.com\/wp-content\/uploads\/2020\/09\/cocosweet-ariege.jpg\" data-src=\"https:\/\/www.camping-lesedour.com\/wp-content\/uploads\/2020\/09\/cocosweet-ariege.jpg\" alt=\"cocosweet ariege\" class=\"\" \/><div class=\"hebergement_link\" id=\"3420\"><\/div><\/div><div class=\"hebergement_content\"><div class=\"hebergement_titre hebergement_titre decoration\">Cocosweet 2 habitacions<\/div><div class=\"hebergement-attributs\"><span class=\"attribut nombre-de-persones\">4<i class=\"icon-chambres\"><\/i><\/span><span class=\"attribut nombre-dhabitacions\">2<i class=\"icon-personnes\"><\/i><\/span><\/div><\/div><\/li><li class=\"hebergement hebergement--init hebergement--style-1  nombre-de-persones-2 nombre-dhabitacions-1\"><div class=\"hebergement_image\"><img decoding=\"async\" src=\"https:\/\/www.camping-lesedour.com\/wp-content\/uploads\/2020\/09\/camping-sedour-cahita.jpg\" data-src=\"https:\/\/www.camping-lesedour.com\/wp-content\/uploads\/2020\/09\/camping-sedour-cahita.jpg\" alt=\"\" class=\"\" \/><div class=\"hebergement_link\" id=\"3412\"><\/div><\/div><div class=\"hebergement_content\"><div class=\"hebergement_titre hebergement_titre decoration\">Mobilhome Cahita Riviera 1 dormitori<\/div><div class=\"hebergement-attributs\"><span class=\"attribut nombre-de-persones\">2<i class=\"icon-chambres\"><\/i><\/span><span class=\"attribut nombre-dhabitacions\">1<i class=\"icon-personnes\"><\/i><\/span><\/div><\/div><\/li><li class=\"hebergement hebergement--init hebergement--style-1  nombre-de-persones-6 nombre-dhabitacions-3\"><div class=\"hebergement_image\"><img decoding=\"async\" src=\"https:\/\/www.camping-lesedour.com\/wp-content\/uploads\/2020\/09\/camping-le-sedour-mh3.jpg\" data-src=\"https:\/\/www.camping-lesedour.com\/wp-content\/uploads\/2020\/09\/camping-le-sedour-mh3.jpg\" alt=\"\" class=\"\" \/><div class=\"hebergement_link\" id=\"3405\"><\/div><\/div><div class=\"hebergement_content\"><div class=\"hebergement_titre hebergement_titre decoration\">Casa mobil de 3 habitacions<\/div><div class=\"hebergement-attributs\"><span class=\"attribut nombre-de-persones\">6<i class=\"icon-chambres\"><\/i><\/span><span class=\"attribut nombre-dhabitacions\">3<i class=\"icon-personnes\"><\/i><\/span><\/div><\/div><\/li><li class=\"hebergement hebergement--init hebergement--style-1  nombre-de-persones-45 nombre-dhabitacions-2\"><div class=\"hebergement_image\"><img decoding=\"async\" src=\"https:\/\/www.camping-lesedour.com\/wp-content\/uploads\/2020\/09\/mobil-home-keywest-ariege.jpg\" data-src=\"https:\/\/www.camping-lesedour.com\/wp-content\/uploads\/2020\/09\/mobil-home-keywest-ariege.jpg\" alt=\"mobil-home keywest ariege\" class=\"\" \/><div class=\"hebergement_link\" id=\"3396\"><\/div><\/div><div class=\"hebergement_content\"><div class=\"hebergement_titre hebergement_titre decoration\">Keywest mobile home 2 habitacions &#8211; 2 banys<\/div><div class=\"hebergement-attributs\"><span class=\"attribut nombre-de-persones\">4\/5<i class=\"icon-chambres\"><\/i><\/span><span class=\"attribut nombre-dhabitacions\">2<i class=\"icon-personnes\"><\/i><\/span><\/div><\/div><\/li><li class=\"hebergement hebergement--init hebergement--style-1  nombre-de-persones-4 nombre-dhabitacions-2\"><div class=\"hebergement_image\"><img decoding=\"async\" src=\"https:\/\/www.camping-lesedour.com\/wp-content\/uploads\/2020\/09\/terrasse-hotelier-ariege.jpg\" data-src=\"https:\/\/www.camping-lesedour.com\/wp-content\/uploads\/2020\/09\/terrasse-hotelier-ariege.jpg\" alt=\"terrasse hotelier ariege\" class=\"\" \/><div class=\"hebergement_link\" id=\"3390\"><\/div><\/div><div class=\"hebergement_content\"><div class=\"hebergement_titre hebergement_titre decoration\">Hotellier de casa mobil<\/div><div class=\"hebergement-attributs\"><span class=\"attribut nombre-de-persones\">4<i class=\"icon-chambres\"><\/i><\/span><span class=\"attribut nombre-dhabitacions\">2<i class=\"icon-personnes\"><\/i><\/span><\/div><\/div><\/li><li class=\"hebergement hebergement--init hebergement--style-1  nombre-de-persones-4 nombre-dhabitacions-2\"><div class=\"hebergement_image\"><img decoding=\"async\" src=\"https:\/\/www.camping-lesedour.com\/wp-content\/uploads\/2024\/10\/00001198578.webp\" data-src=\"https:\/\/www.camping-lesedour.com\/wp-content\/uploads\/2024\/10\/00001198578.webp\" alt=\"\" class=\"\" \/><div class=\"hebergement_link\" id=\"5705\"><\/div><\/div><div class=\"hebergement_content\"><div class=\"hebergement_titre hebergement_titre decoration\">Casa M\u00f2bil Confort 31m2 al costat de la riera<\/div><div class=\"hebergement-attributs\"><span class=\"attribut nombre-de-persones\">4<i class=\"icon-chambres\"><\/i><\/span><span class=\"attribut nombre-dhabitacions\">2<i class=\"icon-personnes\"><\/i><\/span><\/div><\/div><\/li><\/ul><\/div><\/section>\n\n<section id=\"section-64944709bf38c\"\" class=\"section bg-white\" \/><div class=\"container extralarge\"><div class=\"colonnes-wrap valign-top \"><div class=\"element colonne w-40 p-0\"><div class=\"element images\"><div class=\"image\"><img decoding=\"async\" src=\"https:\/\/www.camping-lesedour.com\/wp-content\/uploads\/2023\/06\/tourisme-andorre-100x100.jpg\" data-src=\"https:\/\/www.camping-lesedour.com\/wp-content\/uploads\/2023\/06\/tourisme-andorre.jpg\" alt=\"tourisme andorre\" class=\"images_image\" \/><\/div><\/div><\/div><div class=\"element colonne w-60 p-4\"><h2 class=\"element section-title justify\">Andorra, un principat per descobrir durant les vostres vacances al camping<\/h2><div class=\"element bloc-text justify \">\n\t<p>La vostra estada a Andorra <strong> es combinar\u00e0 amb els vostres desitjos <\/strong>. Podeu orientar les vostres vacances al c\u00e0mping S\u00e9dour cap al descobriment de la natura descobrint les muntanyes i la vall del Madriu a trav\u00e9s de senderisme, escalada, bicicleta de muntanya, equitaci\u00f3, esports n\u00e0utics &#8230; els amants de la cultura trobaran la seva felicitat visitant els llocs pintorescos i els tresors arquitect\u00f2nics de La Massana, Ordino o Canillo.<\/p>\n<p>Les estacions d\u2019esqu\u00ed, incloses les famoses Grandvalira i Vallnord, s\u00f3n essencials per als <strong> aficionats als esports d\u2019hivern <\/strong> i per a la neu. Entre les activitats que no s\u2019han de perdre hi ha, entre altres, compres a ciutats com el Pas de la Casa i Andorra la Vella; per\u00f2 tamb\u00e9 una estada de benestar a la zona termal de Caldea a Escaldes-Engordany, la m\u00e9s gran d\u2019Europa.<\/p>\n<\/div><\/div><\/div><\/div><\/section>\n\n<section id=\"section-64944709bf62e\"\" class=\"section bg-color3\" \/><div class=\"container extralarge\"><div class=\"colonnes-wrap valign-top \"><div class=\"element colonne w-60 p-4\"><h2 class=\"element section-title justify\">Pas de la Casa, ciutat insignia d&#8217;Andorra<\/h2><div class=\"element bloc-text justify \">\n\t<p>Durant les vostres vacances al c\u00e0mping Le S\u00e9dour, Pas de la Casa \u00e9s una <strong> ciutat imperdible<\/strong>. Forma part del municipi d\u2019Encamp i es troba idealment al peu de les muntanyes andorranes. Aquesta ciutat ins\u00edgnia del Principat d&#8217;Andorra \u00e9s tan popular per l&#8217;esqu\u00ed de muntanya com per les botigues i empreses que ofereixen productes lliures d&#8217;impostos. Ja sigui per anar de compres o esquiar, el Pas de la Casa \u00e9s absolutament per descobrir. Tamb\u00e9 s\u00f3n opcionals altres activitats, com ara <strong> excursions a la muntanya <\/strong>.<\/p>\n<p>El <strong> patrimoni arquitect\u00f2nic <\/strong> d\u2019aquesta ciutat tamb\u00e9 \u00e9s un bon motiu per visitar-la. Dep\u00e8n de vosaltres descobrir al vostre ritme l\u2019Esgl\u00e9sia de Santa Eul\u00e0lia dels segles XI-XII, l\u2019Esgl\u00e9sia de Sant Miquel i Sant Joan de la Mosquera del XVI-XVII o l\u2019Esgl\u00e9sia de Sant P\u00e8re du Pas de la Casa del segle XX . Els restaurants del centre de la ciutat i al final de les pistes d\u2019esqu\u00ed us conviden a una escapada gourmet amb vista entre dos passejos.<\/p>\n<\/div><\/div><div class=\"element colonne w-40 p-0\"><div class=\"element images\"><div class=\"image\"><img decoding=\"async\" src=\"https:\/\/www.camping-lesedour.com\/wp-content\/uploads\/2023\/06\/pas-de-la-case-100x100.jpg\" data-src=\"https:\/\/www.camping-lesedour.com\/wp-content\/uploads\/2023\/06\/pas-de-la-case.jpg\" alt=\"pas de la casa\" class=\"images_image\" \/><\/div><\/div><\/div><\/div><\/div><\/section>","protected":false},"excerpt":{"rendered":"","protected":false},"author":8,"featured_media":2418,"parent":5122,"menu_order":0,"comment_status":"closed","ping_status":"closed","template":"","meta":{"_acf_changed":false,"footnotes":""},"class_list":["post-5187","page","type-page","status-publish","has-post-thumbnail","hentry"],"acf":[],"yoast_head":"<!-- This site is optimized with the Yoast SEO plugin v25.3 - https:\/\/yoast.com\/wordpress\/plugins\/seo\/ -->\n<title>C\u00e0mping Andorra - C\u00e0mping lloguer vacances Pas de la Casa, Andorra<\/title>\n<meta name=\"robots\" content=\"index, follow, max-snippet:-1, max-image-preview:large, max-video-preview:-1\" \/>\n<link rel=\"canonical\" href=\"https:\/\/www.camping-lesedour.com\/ca\/camping-midi-pirineus\/campament-andorra\/\" \/>\n<meta property=\"og:locale\" content=\"ca_ES\" \/>\n<meta property=\"og:type\" content=\"article\" \/>\n<meta property=\"og:title\" content=\"C\u00e0mping Andorra - C\u00e0mping lloguer vacances Pas de la Casa, Andorra\" \/>\n<meta property=\"og:url\" content=\"https:\/\/www.camping-lesedour.com\/ca\/camping-midi-pirineus\/campament-andorra\/\" \/>\n<meta property=\"og:site_name\" content=\"Camping le S\u00e9dour\" \/>\n<meta property=\"article:modified_time\" content=\"2023-06-27T10:10:07+00:00\" \/>\n<meta property=\"og:image\" content=\"https:\/\/www.camping-lesedour.com\/wp-content\/uploads\/2020\/09\/tourisme-andorre.jpg\" \/>\n\t<meta property=\"og:image:width\" content=\"1903\" \/>\n\t<meta property=\"og:image:height\" content=\"550\" \/>\n\t<meta property=\"og:image:type\" content=\"image\/jpeg\" \/>\n<meta name=\"twitter:card\" content=\"summary_large_image\" \/>\n<script type=\"application\/ld+json\" class=\"yoast-schema-graph\">{\"@context\":\"https:\/\/schema.org\",\"@graph\":[{\"@type\":\"WebPage\",\"@id\":\"https:\/\/www.camping-lesedour.com\/ca\/camping-midi-pirineus\/campament-andorra\/\",\"url\":\"https:\/\/www.camping-lesedour.com\/ca\/camping-midi-pirineus\/campament-andorra\/\",\"name\":\"C\u00e0mping Andorra - C\u00e0mping lloguer vacances Pas de la Casa, Andorra\",\"isPartOf\":{\"@id\":\"https:\/\/www.camping-lesedour.com\/ca\/#website\"},\"primaryImageOfPage\":{\"@id\":\"https:\/\/www.camping-lesedour.com\/ca\/camping-midi-pirineus\/campament-andorra\/#primaryimage\"},\"image\":{\"@id\":\"https:\/\/www.camping-lesedour.com\/ca\/camping-midi-pirineus\/campament-andorra\/#primaryimage\"},\"thumbnailUrl\":\"https:\/\/www.camping-lesedour.com\/wp-content\/uploads\/2020\/09\/tourisme-andorre.jpg\",\"datePublished\":\"2023-06-22T13:04:48+00:00\",\"dateModified\":\"2023-06-27T10:10:07+00:00\",\"breadcrumb\":{\"@id\":\"https:\/\/www.camping-lesedour.com\/ca\/camping-midi-pirineus\/campament-andorra\/#breadcrumb\"},\"inLanguage\":\"ca\",\"potentialAction\":[{\"@type\":\"ReadAction\",\"target\":[\"https:\/\/www.camping-lesedour.com\/ca\/camping-midi-pirineus\/campament-andorra\/\"]}]},{\"@type\":\"ImageObject\",\"inLanguage\":\"ca\",\"@id\":\"https:\/\/www.camping-lesedour.com\/ca\/camping-midi-pirineus\/campament-andorra\/#primaryimage\",\"url\":\"https:\/\/www.camping-lesedour.com\/wp-content\/uploads\/2020\/09\/tourisme-andorre.jpg\",\"contentUrl\":\"https:\/\/www.camping-lesedour.com\/wp-content\/uploads\/2020\/09\/tourisme-andorre.jpg\",\"width\":1903,\"height\":550,\"caption\":\"tourisme andorre\"},{\"@type\":\"BreadcrumbList\",\"@id\":\"https:\/\/www.camping-lesedour.com\/ca\/camping-midi-pirineus\/campament-andorra\/#breadcrumb\",\"itemListElement\":[{\"@type\":\"ListItem\",\"position\":1,\"name\":\"Campament Ariege\",\"item\":\"https:\/\/www.camping-lesedour.com\/ca\/\"},{\"@type\":\"ListItem\",\"position\":2,\"name\":\"C\u00e0mping Migdia Pirineus\",\"item\":\"https:\/\/www.camping-lesedour.com\/ca\/camping-midi-pirineus\/\"},{\"@type\":\"ListItem\",\"position\":3,\"name\":\"Campament Andorra\"}]},{\"@type\":\"WebSite\",\"@id\":\"https:\/\/www.camping-lesedour.com\/ca\/#website\",\"url\":\"https:\/\/www.camping-lesedour.com\/ca\/\",\"name\":\"Camping le S\u00e9dour\",\"description\":\"\",\"potentialAction\":[{\"@type\":\"SearchAction\",\"target\":{\"@type\":\"EntryPoint\",\"urlTemplate\":\"https:\/\/www.camping-lesedour.com\/ca\/?s={search_term_string}\"},\"query-input\":{\"@type\":\"PropertyValueSpecification\",\"valueRequired\":true,\"valueName\":\"search_term_string\"}}],\"inLanguage\":\"ca\"}]}<\/script>\n<!-- \/ Yoast SEO plugin. -->","yoast_head_json":{"title":"C\u00e0mping Andorra - C\u00e0mping lloguer vacances Pas de la Casa, Andorra","robots":{"index":"index","follow":"follow","max-snippet":"max-snippet:-1","max-image-preview":"max-image-preview:large","max-video-preview":"max-video-preview:-1"},"canonical":"https:\/\/www.camping-lesedour.com\/ca\/camping-midi-pirineus\/campament-andorra\/","og_locale":"ca_ES","og_type":"article","og_title":"C\u00e0mping Andorra - C\u00e0mping lloguer vacances Pas de la Casa, Andorra","og_url":"https:\/\/www.camping-lesedour.com\/ca\/camping-midi-pirineus\/campament-andorra\/","og_site_name":"Camping le S\u00e9dour","article_modified_time":"2023-06-27T10:10:07+00:00","og_image":[{"width":1903,"height":550,"url":"https:\/\/www.camping-lesedour.com\/wp-content\/uploads\/2020\/09\/tourisme-andorre.jpg","type":"image\/jpeg"}],"twitter_card":"summary_large_image","schema":{"@context":"https:\/\/schema.org","@graph":[{"@type":"WebPage","@id":"https:\/\/www.camping-lesedour.com\/ca\/camping-midi-pirineus\/campament-andorra\/","url":"https:\/\/www.camping-lesedour.com\/ca\/camping-midi-pirineus\/campament-andorra\/","name":"C\u00e0mping Andorra - C\u00e0mping lloguer vacances Pas de la Casa, Andorra","isPartOf":{"@id":"https:\/\/www.camping-lesedour.com\/ca\/#website"},"primaryImageOfPage":{"@id":"https:\/\/www.camping-lesedour.com\/ca\/camping-midi-pirineus\/campament-andorra\/#primaryimage"},"image":{"@id":"https:\/\/www.camping-lesedour.com\/ca\/camping-midi-pirineus\/campament-andorra\/#primaryimage"},"thumbnailUrl":"https:\/\/www.camping-lesedour.com\/wp-content\/uploads\/2020\/09\/tourisme-andorre.jpg","datePublished":"2023-06-22T13:04:48+00:00","dateModified":"2023-06-27T10:10:07+00:00","breadcrumb":{"@id":"https:\/\/www.camping-lesedour.com\/ca\/camping-midi-pirineus\/campament-andorra\/#breadcrumb"},"inLanguage":"ca","potentialAction":[{"@type":"ReadAction","target":["https:\/\/www.camping-lesedour.com\/ca\/camping-midi-pirineus\/campament-andorra\/"]}]},{"@type":"ImageObject","inLanguage":"ca","@id":"https:\/\/www.camping-lesedour.com\/ca\/camping-midi-pirineus\/campament-andorra\/#primaryimage","url":"https:\/\/www.camping-lesedour.com\/wp-content\/uploads\/2020\/09\/tourisme-andorre.jpg","contentUrl":"https:\/\/www.camping-lesedour.com\/wp-content\/uploads\/2020\/09\/tourisme-andorre.jpg","width":1903,"height":550,"caption":"tourisme andorre"},{"@type":"BreadcrumbList","@id":"https:\/\/www.camping-lesedour.com\/ca\/camping-midi-pirineus\/campament-andorra\/#breadcrumb","itemListElement":[{"@type":"ListItem","position":1,"name":"Campament Ariege","item":"https:\/\/www.camping-lesedour.com\/ca\/"},{"@type":"ListItem","position":2,"name":"C\u00e0mping Migdia Pirineus","item":"https:\/\/www.camping-lesedour.com\/ca\/camping-midi-pirineus\/"},{"@type":"ListItem","position":3,"name":"Campament Andorra"}]},{"@type":"WebSite","@id":"https:\/\/www.camping-lesedour.com\/ca\/#website","url":"https:\/\/www.camping-lesedour.com\/ca\/","name":"Camping le S\u00e9dour","description":"","potentialAction":[{"@type":"SearchAction","target":{"@type":"EntryPoint","urlTemplate":"https:\/\/www.camping-lesedour.com\/ca\/?s={search_term_string}"},"query-input":{"@type":"PropertyValueSpecification","valueRequired":true,"valueName":"search_term_string"}}],"inLanguage":"ca"}]}},"_links":{"self":[{"href":"https:\/\/www.camping-lesedour.com\/ca\/wp-json\/wp\/v2\/pages\/5187"}],"collection":[{"href":"https:\/\/www.camping-lesedour.com\/ca\/wp-json\/wp\/v2\/pages"}],"about":[{"href":"https:\/\/www.camping-lesedour.com\/ca\/wp-json\/wp\/v2\/types\/page"}],"author":[{"embeddable":true,"href":"https:\/\/www.camping-lesedour.com\/ca\/wp-json\/wp\/v2\/users\/8"}],"replies":[{"embeddable":true,"href":"https:\/\/www.camping-lesedour.com\/ca\/wp-json\/wp\/v2\/comments?post=5187"}],"version-history":[{"count":2,"href":"https:\/\/www.camping-lesedour.com\/ca\/wp-json\/wp\/v2\/pages\/5187\/revisions"}],"predecessor-version":[{"id":5192,"href":"https:\/\/www.camping-lesedour.com\/ca\/wp-json\/wp\/v2\/pages\/5187\/revisions\/5192"}],"up":[{"embeddable":true,"href":"https:\/\/www.camping-lesedour.com\/ca\/wp-json\/wp\/v2\/pages\/5122"}],"wp:featuredmedia":[{"embeddable":true,"href":"https:\/\/www.camping-lesedour.com\/ca\/wp-json\/wp\/v2\/media\/2418"}],"wp:attachment":[{"href":"https:\/\/www.camping-lesedour.com\/ca\/wp-json\/wp\/v2\/media?parent=5187"}],"curies":[{"name":"wp","href":"https:\/\/api.w.org\/{rel}","templated":true}]}}