{"id":5199,"date":"2023-06-22T14:32:39","date_gmt":"2023-06-22T12:32:39","guid":{"rendered":"https:\/\/www.camping-lesedour.com\/camping-midi-pirineus\/camping-foix\/"},"modified":"2023-06-27T15:30:46","modified_gmt":"2023-06-27T13:30:46","slug":"campament-foix","status":"publish","type":"page","link":"https:\/\/www.camping-lesedour.com\/ca\/camping-midi-pirineus\/campament-foix\/","title":{"rendered":"Camping Foix"},"content":{"rendered":"<section id=\"section-6494332d309e5\"\" class=\"section bg-color3\" \/><div class=\"container\"><h1 class=\"element section-title center\">Campament Foix<\/h1><\/div><\/section>\n\n<section id=\"section-6494332d30e47\"\" class=\"section bg-white\" \/><div class=\"container extralarge\"><div class=\"colonnes-wrap valign-top \"><div class=\"element colonne w-40 p-0\"><div class=\"element images\"><div class=\"image\"><img decoding=\"async\" src=\"https:\/\/www.camping-lesedour.com\/wp-content\/uploads\/2020\/09\/mobil-home-3ch-ariege-1-100x100.jpg\" data-src=\"https:\/\/www.camping-lesedour.com\/wp-content\/uploads\/2020\/09\/mobil-home-3ch-ariege-1.jpg\" alt=\"Campament Foix\" class=\"images_image\" \/><\/div><\/div><\/div><div class=\"element colonne w-60 p-4\"><h2 class=\"element section-title justify\">Ubicacio de Foix en relacio amb el camping<\/h2><div class=\"element bloc-text justify \">\n\t<p>El <a href=\"\/ca\/\"> c\u00e0mping Le S\u00e9dour en Ari\u00e8ge<\/a> un c\u00e0mping obert a fam\u00edlies, grups d\u2019amics, parelles, excursionistes i autocaravanes que vulguin allotjar-se a Ari\u00e8ge. Es troba a pocs minuts de la ciutat de Foix. Aquest establiment, separat de la ciutat per una dist\u00e0ncia de 16 km, es troba en una <strong> vall verda <\/strong> a la ciutat de Surba, als peus de l\u2019emblem\u00e0tica muntanya S\u00e9dour, a Tarascon, a l\u2019Arieja.<\/p>\n<p>Gr\u00e0cies a la seva ubicaci\u00f3 privilegiada, aquest c\u00e0mping ser\u00e0 el punt de partida ideal per explorar Foix i els <strong> tresors de l\u2019Arieja<\/strong>. Ari\u00e8ge, el parc del <strong> Parc Natural Regional dels Pirineus de l\u2019Arieja<\/strong>, es convertir\u00e0 en el vostre parc infantil durant les vostres vacances. Per a una escapada fora de temporada a Foix o unes vacances prolongades en temporada alta, el c\u00e0mping Le S\u00e9dour estar\u00e0 encantat de donar-li la benvinguda.<\/p>\n<\/div><\/div><\/div><\/div><\/section>\n\n<section id=\"section-64943fecbf748\"\" class=\"section bg-color3\" \/><div class=\"container extralarge\"><div class=\"colonnes-wrap valign-top \"><div class=\"element colonne w-60 p-4\"><h2 class=\"element section-title justify\">Reserveu el vostre lloguer de mobil home a prop de Foix<\/h2><div class=\"element bloc-text justify \">\n\t<p>Els estiuejants podran triar entre llogar cases m\u00f2bils i xalets totalment equipats. Alguns tenen dos dormitoris, mentre que altres en tenen fins a tres per allotjar tota la fam\u00edlia. La capacitat pot arribar fins a sis persones. Cada lloguer est\u00e0 equipat amb TNT i Wifi, per\u00f2 tamb\u00e9 amb tots els estris i equipaments essencials.<\/p>\n<p>Les parcelles de c\u00e0mping i caravaning de l\u2019hotel exterior Le S\u00e9dour faran les del\u00edcies dels amants del c\u00e0mping tradicional. Amples, ombrejades i equipades amb electricitat, estan destinades a tendes de campanya, igl\u00fas, furgonetes camper i caravanes.<\/p>\n<\/div><\/div><div class=\"element colonne w-40 p-0\"><div class=\"element images\"><div class=\"image\"><img decoding=\"async\" src=\"https:\/\/www.camping-lesedour.com\/wp-content\/uploads\/2020\/09\/terrasse-hotelier-ariege-100x100.jpg\" data-src=\"https:\/\/www.camping-lesedour.com\/wp-content\/uploads\/2020\/09\/terrasse-hotelier-ariege.jpg\" alt=\"location camping foix \" class=\"images_image\" \/><\/div><\/div><\/div><\/div><\/div><\/section>\n\n<section id=\"section-64943fecbf834\"\" class=\"section bg-white p-t-0 p-b-0\" \/><div class=\"container full\"><ul class=\"liste-de-page hebergements row\"><li class=\"hebergement hebergement--init hebergement--style-1  nombre-de-persones-4 nombre-dhabitacions-2\"><div class=\"hebergement_image\"><img decoding=\"async\" src=\"https:\/\/www.camping-lesedour.com\/wp-content\/uploads\/2020\/09\/camping-sedour-ohara.jpg\" data-src=\"https:\/\/www.camping-lesedour.com\/wp-content\/uploads\/2020\/09\/camping-sedour-ohara.jpg\" alt=\"\" class=\"\" \/><div class=\"hebergement_link\" id=\"3430\"><\/div><\/div><div class=\"hebergement_content\"><div class=\"hebergement_titre hebergement_titre decoration\">Casa mobil O&#8217;HARA 865T<\/div><div class=\"hebergement-attributs\"><span class=\"attribut nombre-de-persones\">4<i class=\"icon-chambres\"><\/i><\/span><span class=\"attribut nombre-dhabitacions\">2<i class=\"icon-personnes\"><\/i><\/span><\/div><\/div><\/li><li class=\"hebergement hebergement--init hebergement--style-1  nombre-de-persones-4 nombre-dhabitacions-2\"><div class=\"hebergement_image\"><img decoding=\"async\" src=\"https:\/\/www.camping-lesedour.com\/wp-content\/uploads\/2020\/09\/camping-le-sedour-mh2.jpg\" data-src=\"https:\/\/www.camping-lesedour.com\/wp-content\/uploads\/2020\/09\/camping-le-sedour-mh2.jpg\" alt=\"\" class=\"\" \/><div class=\"hebergement_link\" id=\"3429\"><\/div><\/div><div class=\"hebergement_content\"><div class=\"hebergement_titre hebergement_titre decoration\">Casa mobil de 2 habitacions<\/div><div class=\"hebergement-attributs\"><span class=\"attribut nombre-de-persones\">4<i class=\"icon-chambres\"><\/i><\/span><span class=\"attribut nombre-dhabitacions\">2<i class=\"icon-personnes\"><\/i><\/span><\/div><\/div><\/li><li class=\"hebergement hebergement--init hebergement--style-1  nombre-de-persones-4 nombre-dhabitacions-2\"><div class=\"hebergement_image\"><img decoding=\"async\" src=\"https:\/\/www.camping-lesedour.com\/wp-content\/uploads\/2020\/09\/camping-chalet-ariege.jpg\" data-src=\"https:\/\/www.camping-lesedour.com\/wp-content\/uploads\/2020\/09\/camping-chalet-ariege.jpg\" alt=\"camping chalet Ari\u00e8ge\" class=\"\" \/><div class=\"hebergement_link\" id=\"3428\"><\/div><\/div><div class=\"hebergement_content\"><div class=\"hebergement_titre hebergement_titre decoration\">Xalet de 2 habitacions<\/div><div class=\"hebergement-attributs\"><span class=\"attribut nombre-de-persones\">4<i class=\"icon-chambres\"><\/i><\/span><span class=\"attribut nombre-dhabitacions\">2<i class=\"icon-personnes\"><\/i><\/span><\/div><\/div><\/li><li class=\"hebergement hebergement--init hebergement--style-1  nombre-de-persones-4 nombre-dhabitacions-2\"><div class=\"hebergement_image\"><img decoding=\"async\" src=\"https:\/\/www.camping-lesedour.com\/wp-content\/uploads\/2020\/09\/cocosweet-ariege.jpg\" data-src=\"https:\/\/www.camping-lesedour.com\/wp-content\/uploads\/2020\/09\/cocosweet-ariege.jpg\" alt=\"cocosweet ariege\" class=\"\" \/><div class=\"hebergement_link\" id=\"3420\"><\/div><\/div><div class=\"hebergement_content\"><div class=\"hebergement_titre hebergement_titre decoration\">Cocosweet 2 habitacions<\/div><div class=\"hebergement-attributs\"><span class=\"attribut nombre-de-persones\">4<i class=\"icon-chambres\"><\/i><\/span><span class=\"attribut nombre-dhabitacions\">2<i class=\"icon-personnes\"><\/i><\/span><\/div><\/div><\/li><li class=\"hebergement hebergement--init hebergement--style-1  nombre-de-persones-2 nombre-dhabitacions-1\"><div class=\"hebergement_image\"><img decoding=\"async\" src=\"https:\/\/www.camping-lesedour.com\/wp-content\/uploads\/2020\/09\/camping-sedour-cahita.jpg\" data-src=\"https:\/\/www.camping-lesedour.com\/wp-content\/uploads\/2020\/09\/camping-sedour-cahita.jpg\" alt=\"\" class=\"\" \/><div class=\"hebergement_link\" id=\"3412\"><\/div><\/div><div class=\"hebergement_content\"><div class=\"hebergement_titre hebergement_titre decoration\">Mobilhome Cahita Riviera 1 dormitori<\/div><div class=\"hebergement-attributs\"><span class=\"attribut nombre-de-persones\">2<i class=\"icon-chambres\"><\/i><\/span><span class=\"attribut nombre-dhabitacions\">1<i class=\"icon-personnes\"><\/i><\/span><\/div><\/div><\/li><li class=\"hebergement hebergement--init hebergement--style-1  nombre-de-persones-6 nombre-dhabitacions-3\"><div class=\"hebergement_image\"><img decoding=\"async\" src=\"https:\/\/www.camping-lesedour.com\/wp-content\/uploads\/2020\/09\/camping-le-sedour-mh3.jpg\" data-src=\"https:\/\/www.camping-lesedour.com\/wp-content\/uploads\/2020\/09\/camping-le-sedour-mh3.jpg\" alt=\"\" class=\"\" \/><div class=\"hebergement_link\" id=\"3405\"><\/div><\/div><div class=\"hebergement_content\"><div class=\"hebergement_titre hebergement_titre decoration\">Casa mobil de 3 habitacions<\/div><div class=\"hebergement-attributs\"><span class=\"attribut nombre-de-persones\">6<i class=\"icon-chambres\"><\/i><\/span><span class=\"attribut nombre-dhabitacions\">3<i class=\"icon-personnes\"><\/i><\/span><\/div><\/div><\/li><li class=\"hebergement hebergement--init hebergement--style-1  nombre-de-persones-45 nombre-dhabitacions-2\"><div class=\"hebergement_image\"><img decoding=\"async\" src=\"https:\/\/www.camping-lesedour.com\/wp-content\/uploads\/2020\/09\/mobil-home-keywest-ariege.jpg\" data-src=\"https:\/\/www.camping-lesedour.com\/wp-content\/uploads\/2020\/09\/mobil-home-keywest-ariege.jpg\" alt=\"mobil-home keywest ariege\" class=\"\" \/><div class=\"hebergement_link\" id=\"3396\"><\/div><\/div><div class=\"hebergement_content\"><div class=\"hebergement_titre hebergement_titre decoration\">Keywest mobile home 2 habitacions &#8211; 2 banys<\/div><div class=\"hebergement-attributs\"><span class=\"attribut nombre-de-persones\">4\/5<i class=\"icon-chambres\"><\/i><\/span><span class=\"attribut nombre-dhabitacions\">2<i class=\"icon-personnes\"><\/i><\/span><\/div><\/div><\/li><li class=\"hebergement hebergement--init hebergement--style-1  nombre-de-persones-4 nombre-dhabitacions-2\"><div class=\"hebergement_image\"><img decoding=\"async\" src=\"https:\/\/www.camping-lesedour.com\/wp-content\/uploads\/2020\/09\/terrasse-hotelier-ariege.jpg\" data-src=\"https:\/\/www.camping-lesedour.com\/wp-content\/uploads\/2020\/09\/terrasse-hotelier-ariege.jpg\" alt=\"terrasse hotelier ariege\" class=\"\" \/><div class=\"hebergement_link\" id=\"3390\"><\/div><\/div><div class=\"hebergement_content\"><div class=\"hebergement_titre hebergement_titre decoration\">Hotellier de casa mobil<\/div><div class=\"hebergement-attributs\"><span class=\"attribut nombre-de-persones\">4<i class=\"icon-chambres\"><\/i><\/span><span class=\"attribut nombre-dhabitacions\">2<i class=\"icon-personnes\"><\/i><\/span><\/div><\/div><\/li><li class=\"hebergement hebergement--init hebergement--style-1  nombre-de-persones-4 nombre-dhabitacions-2\"><div class=\"hebergement_image\"><img decoding=\"async\" src=\"https:\/\/www.camping-lesedour.com\/wp-content\/uploads\/2024\/10\/00001198578.webp\" data-src=\"https:\/\/www.camping-lesedour.com\/wp-content\/uploads\/2024\/10\/00001198578.webp\" alt=\"\" class=\"\" \/><div class=\"hebergement_link\" id=\"5705\"><\/div><\/div><div class=\"hebergement_content\"><div class=\"hebergement_titre hebergement_titre decoration\">Casa M\u00f2bil Confort 31m2 al costat de la riera<\/div><div class=\"hebergement-attributs\"><span class=\"attribut nombre-de-persones\">4<i class=\"icon-chambres\"><\/i><\/span><span class=\"attribut nombre-dhabitacions\">2<i class=\"icon-personnes\"><\/i><\/span><\/div><\/div><\/li><\/ul><\/div><\/section>\n\n<section id=\"section-64943fecbf9c7\"\" class=\"section bg-color3\" \/><div class=\"container extralarge\"><div class=\"colonnes-wrap valign-top \"><div class=\"element colonne w-60 p-4\"><h2 class=\"element section-title left\">Ubicacio de Foix en relacio amb el camping<\/h2><div class=\"element bloc-text justify \">\n\t<p>Obert durant tot l&#8217;any, aquest c\u00e0mping familiar ofereix <strong> lloguers vacacionals <\/strong> amb tota la comoditat necess\u00e0ria, aix\u00ed com parcel\u00b7les exteriors on podeu acampar i caravanejar el m\u00e9s a prop possible de la natura.<\/p>\n<p>Els inquilins, per descomptat, tindran acc\u00e9s als diversos serveis del c\u00e0mping, com ara instal\u00b7lacions sanit\u00e0ries de qualitat, zones de jocs, camps d\u2019esports, camp de bitlles, sales de jocs &#8230; Podeu gaudir de les muntanyes de l\u2019Ariege en qualsevol temporada. ja que el c\u00e0mping Le S\u00e9dour est\u00e0 obert tot l&#8217;any. Senderisme, esqu\u00ed, panor\u00e0miques impressionants, nom\u00e9s bons moments en perspectiva.<\/p>\n<\/div><\/div><div class=\"element colonne w-40 p-0\"><div class=\"element images\"><div class=\"image\"><img decoding=\"async\" src=\"https:\/\/www.camping-lesedour.com\/wp-content\/uploads\/2020\/09\/mobil-home-ohara-ariege-100x100.jpg\" data-src=\"https:\/\/www.camping-lesedour.com\/wp-content\/uploads\/2020\/09\/mobil-home-ohara-ariege.jpg\" alt=\"mobil home camping foix\" class=\"images_image\" \/><\/div><\/div><\/div><\/div><\/div><\/section>\n\n<section id=\"section-64943fecbfb8c\"\" class=\"section bg-white\" \/><div class=\"container extralarge\"><div class=\"colonnes-wrap valign-top \"><div class=\"element colonne w-40 p-0\"><div class=\"element images\"><div class=\"image\"><img decoding=\"async\" src=\"https:\/\/www.camping-lesedour.com\/wp-content\/uploads\/2023\/06\/visiter-foix-100x100.jpg\" data-src=\"https:\/\/www.camping-lesedour.com\/wp-content\/uploads\/2023\/06\/visiter-foix.jpg\" alt=\"visiteu foix\" class=\"images_image\" \/><\/div><\/div><\/div><div class=\"element colonne w-60 p-4\"><h2 class=\"element section-title justify\">Foix, ciutat d&#8217;art i hist\u00f2ria<\/h2><div class=\"element bloc-text justify \">\n\t<p>La ciutat de Foix, la ciutat principal de l\u2019Arieja, \u00e9s una destinaci\u00f3 coneguda pels <strong> amants de l\u2019art i la hist\u00f2ria <\/strong> i tamb\u00e9 pels visitants. De fet, \u00e9s un dels elements essencials d\u2019aquest territori i fins i tot del Migdia-Pirineus. Fet fam\u00f3s pel fam\u00f3s <strong>castell de Foix<\/strong>, despr\u00e8n un cert encant amb la seva arquitectura t\u00edpica, els seus pintorescos mercats i els seus antics carrerons. Tamb\u00e9 \u00e9s apreciada pel seu <strong>art de viure<\/strong>.<\/p>\n<p>Per\u00f2 aix\u00f2 no \u00e9s tot, Foix est\u00e0 envoltat de paisatges d \u2019<strong> exuberant verd <\/strong> i de <strong> muntanyes amb vistes espectaculars<\/strong>. Estiu i hivern, permetr\u00e0 moltes activitats d\u2019oci i descobriments, fent feli\u00e7os els visitants. Per aprofitar al m\u00e0xim les vostres vacances, res \u00e9s millor que els hotels a l\u2019aire lliure. El c\u00e0mping \u00e9s, de fet, ideal per romandre a prop de la natura i descobrir Foix durant les seves vacances. Descobriu el c\u00e0mping Le S\u00e9dour, un c\u00e0mping de 3 estrelles de qualitat a prop de Foix per a les vostres properes vacances.<\/p>\n<\/div><\/div><\/div><\/div><\/section>\n\n<section id=\"section-64943fecbfd40\"\" class=\"section bg-color3\" \/><div class=\"container extralarge\"><div class=\"colonnes-wrap valign-middle \"><div class=\"element colonne w-60 p-4\"><h2 class=\"element section-title justify\">Allotgeu-vos al camping Sedour i visiteu Foix<\/h2><div class=\"element bloc-text justify \">\n\t<p>Des del c\u00e0mping Le S\u00e9dour, no hi falten <strong> activitats i visites<\/strong>. Nom\u00e9s cal rec\u00f3rrer els pocs quil\u00f2metres que us separen de Foix per descobrir tota la riquesa i bellesa d\u2019aquesta capital del cant\u00f3 de l\u2019Arieja.<\/p>\n<p>La <strong> visita del Ch\u00e2teau de Foix <\/strong> ser\u00e0 imprescindible durant les vacances de c\u00e0mping a Arieja. Aquesta joia arquitect\u00f2nica data del segle VII i simbolitza la hist\u00f2ria de la ciutat.<\/p>\n<p>La visita guiada o audioguiada a aquesta magn\u00edfica fortalesa us far\u00e0 retrocedir en el temps. Dins del castell, hi trobareu un museu amb col\u00b7leccions d&#8217;objectes de totes les \u00e8poques. No us podreu perdre les boniques cases d\u2019arquitectura t\u00edpica, carrerons bordats de pastisseries, fleques, mercats de puces &#8230; Descobriu tamb\u00e9 la <strong> pla\u00e7a del mercat <\/strong> on podreu descobrir botigues i parades de productes art, formatges, mel i molts altres productes locals.<\/p>\n<p>Els <strong> paisatges exuberants <\/strong> envolten la ciutat de Foix, a la vall alta de l\u2019Arieja. Les muntanyes dels Pirineus tamb\u00e9 s\u00f3n a pocs minuts de la ciutat. A l\u2019estiu s\u2019hi practica senderisme i ciclisme. A l\u2019hivern, es converteixen en paradisos per als esquiadors principiants. Sigui quina sigui la temporada, segur que passareu unes vacances fant\u00e0stiques a Foix.<\/p>\n<\/div><\/div><div class=\"element colonne w-40 p-0\"><div class=\"element images\"><div class=\"image\"><img decoding=\"async\" src=\"https:\/\/www.camping-lesedour.com\/wp-content\/uploads\/2020\/09\/camping-foix-100x80.jpg\" data-src=\"https:\/\/www.camping-lesedour.com\/wp-content\/uploads\/2020\/09\/camping-foix.jpg\" alt=\"chateau de foix\" class=\"images_image\" \/><\/div><\/div><\/div><\/div><\/div><\/section>","protected":false},"excerpt":{"rendered":"","protected":false},"author":8,"featured_media":2451,"parent":5122,"menu_order":0,"comment_status":"closed","ping_status":"closed","template":"","meta":{"_acf_changed":false,"footnotes":""},"class_list":["post-5199","page","type-page","status-publish","has-post-thumbnail","hentry"],"acf":[],"yoast_head":"<!-- This site is optimized with the Yoast SEO plugin v25.3 - https:\/\/yoast.com\/wordpress\/plugins\/seo\/ -->\n<title>Acampar Foix - Caravaning acampar a Foix, Ariege (09) - Vacances Foix<\/title>\n<meta name=\"description\" content=\"Obteniu m\u00e9s informaci\u00f3 sobre la ciutat de Foix, a Ari\u00e8ge\" \/>\n<meta name=\"robots\" content=\"index, follow, max-snippet:-1, max-image-preview:large, max-video-preview:-1\" \/>\n<link rel=\"canonical\" href=\"https:\/\/www.camping-lesedour.com\/ca\/camping-midi-pirineus\/campament-foix\/\" \/>\n<meta property=\"og:locale\" content=\"ca_ES\" \/>\n<meta property=\"og:type\" content=\"article\" \/>\n<meta property=\"og:title\" content=\"Acampar Foix - Caravaning acampar a Foix, Ariege (09) - Vacances Foix\" \/>\n<meta property=\"og:description\" content=\"Obteniu m\u00e9s informaci\u00f3 sobre la ciutat de Foix, a Ari\u00e8ge\" \/>\n<meta property=\"og:url\" content=\"https:\/\/www.camping-lesedour.com\/ca\/camping-midi-pirineus\/campament-foix\/\" \/>\n<meta property=\"og:site_name\" content=\"Camping le S\u00e9dour\" \/>\n<meta property=\"article:modified_time\" content=\"2023-06-27T13:30:46+00:00\" \/>\n<meta property=\"og:image\" content=\"https:\/\/www.camping-lesedour.com\/wp-content\/uploads\/2020\/09\/tourisme-foix.jpg\" \/>\n\t<meta property=\"og:image:width\" content=\"1903\" \/>\n\t<meta property=\"og:image:height\" content=\"550\" \/>\n\t<meta property=\"og:image:type\" content=\"image\/jpeg\" \/>\n<meta name=\"twitter:card\" content=\"summary_large_image\" \/>\n<script type=\"application\/ld+json\" class=\"yoast-schema-graph\">{\"@context\":\"https:\/\/schema.org\",\"@graph\":[{\"@type\":\"WebPage\",\"@id\":\"https:\/\/www.camping-lesedour.com\/ca\/camping-midi-pirineus\/campament-foix\/\",\"url\":\"https:\/\/www.camping-lesedour.com\/ca\/camping-midi-pirineus\/campament-foix\/\",\"name\":\"Acampar Foix - Caravaning acampar a Foix, Ariege (09) - Vacances Foix\",\"isPartOf\":{\"@id\":\"https:\/\/www.camping-lesedour.com\/ca\/#website\"},\"primaryImageOfPage\":{\"@id\":\"https:\/\/www.camping-lesedour.com\/ca\/camping-midi-pirineus\/campament-foix\/#primaryimage\"},\"image\":{\"@id\":\"https:\/\/www.camping-lesedour.com\/ca\/camping-midi-pirineus\/campament-foix\/#primaryimage\"},\"thumbnailUrl\":\"https:\/\/www.camping-lesedour.com\/wp-content\/uploads\/2020\/09\/tourisme-foix.jpg\",\"datePublished\":\"2023-06-22T12:32:39+00:00\",\"dateModified\":\"2023-06-27T13:30:46+00:00\",\"description\":\"Obteniu m\u00e9s informaci\u00f3 sobre la ciutat de Foix, a Ari\u00e8ge\",\"breadcrumb\":{\"@id\":\"https:\/\/www.camping-lesedour.com\/ca\/camping-midi-pirineus\/campament-foix\/#breadcrumb\"},\"inLanguage\":\"ca\",\"potentialAction\":[{\"@type\":\"ReadAction\",\"target\":[\"https:\/\/www.camping-lesedour.com\/ca\/camping-midi-pirineus\/campament-foix\/\"]}]},{\"@type\":\"ImageObject\",\"inLanguage\":\"ca\",\"@id\":\"https:\/\/www.camping-lesedour.com\/ca\/camping-midi-pirineus\/campament-foix\/#primaryimage\",\"url\":\"https:\/\/www.camping-lesedour.com\/wp-content\/uploads\/2020\/09\/tourisme-foix.jpg\",\"contentUrl\":\"https:\/\/www.camping-lesedour.com\/wp-content\/uploads\/2020\/09\/tourisme-foix.jpg\",\"width\":1903,\"height\":550,\"caption\":\"tourisme foix\"},{\"@type\":\"BreadcrumbList\",\"@id\":\"https:\/\/www.camping-lesedour.com\/ca\/camping-midi-pirineus\/campament-foix\/#breadcrumb\",\"itemListElement\":[{\"@type\":\"ListItem\",\"position\":1,\"name\":\"Campament Ariege\",\"item\":\"https:\/\/www.camping-lesedour.com\/ca\/\"},{\"@type\":\"ListItem\",\"position\":2,\"name\":\"C\u00e0mping Migdia Pirineus\",\"item\":\"https:\/\/www.camping-lesedour.com\/ca\/camping-midi-pirineus\/\"},{\"@type\":\"ListItem\",\"position\":3,\"name\":\"Campament Foix\"}]},{\"@type\":\"WebSite\",\"@id\":\"https:\/\/www.camping-lesedour.com\/ca\/#website\",\"url\":\"https:\/\/www.camping-lesedour.com\/ca\/\",\"name\":\"Camping le S\u00e9dour\",\"description\":\"\",\"potentialAction\":[{\"@type\":\"SearchAction\",\"target\":{\"@type\":\"EntryPoint\",\"urlTemplate\":\"https:\/\/www.camping-lesedour.com\/ca\/?s={search_term_string}\"},\"query-input\":{\"@type\":\"PropertyValueSpecification\",\"valueRequired\":true,\"valueName\":\"search_term_string\"}}],\"inLanguage\":\"ca\"}]}<\/script>\n<!-- \/ Yoast SEO plugin. -->","yoast_head_json":{"title":"Acampar Foix - Caravaning acampar a Foix, Ariege (09) - Vacances Foix","description":"Obteniu m\u00e9s informaci\u00f3 sobre la ciutat de Foix, a Ari\u00e8ge","robots":{"index":"index","follow":"follow","max-snippet":"max-snippet:-1","max-image-preview":"max-image-preview:large","max-video-preview":"max-video-preview:-1"},"canonical":"https:\/\/www.camping-lesedour.com\/ca\/camping-midi-pirineus\/campament-foix\/","og_locale":"ca_ES","og_type":"article","og_title":"Acampar Foix - Caravaning acampar a Foix, Ariege (09) - Vacances Foix","og_description":"Obteniu m\u00e9s informaci\u00f3 sobre la ciutat de Foix, a Ari\u00e8ge","og_url":"https:\/\/www.camping-lesedour.com\/ca\/camping-midi-pirineus\/campament-foix\/","og_site_name":"Camping le S\u00e9dour","article_modified_time":"2023-06-27T13:30:46+00:00","og_image":[{"width":1903,"height":550,"url":"https:\/\/www.camping-lesedour.com\/wp-content\/uploads\/2020\/09\/tourisme-foix.jpg","type":"image\/jpeg"}],"twitter_card":"summary_large_image","schema":{"@context":"https:\/\/schema.org","@graph":[{"@type":"WebPage","@id":"https:\/\/www.camping-lesedour.com\/ca\/camping-midi-pirineus\/campament-foix\/","url":"https:\/\/www.camping-lesedour.com\/ca\/camping-midi-pirineus\/campament-foix\/","name":"Acampar Foix - Caravaning acampar a Foix, Ariege (09) - Vacances Foix","isPartOf":{"@id":"https:\/\/www.camping-lesedour.com\/ca\/#website"},"primaryImageOfPage":{"@id":"https:\/\/www.camping-lesedour.com\/ca\/camping-midi-pirineus\/campament-foix\/#primaryimage"},"image":{"@id":"https:\/\/www.camping-lesedour.com\/ca\/camping-midi-pirineus\/campament-foix\/#primaryimage"},"thumbnailUrl":"https:\/\/www.camping-lesedour.com\/wp-content\/uploads\/2020\/09\/tourisme-foix.jpg","datePublished":"2023-06-22T12:32:39+00:00","dateModified":"2023-06-27T13:30:46+00:00","description":"Obteniu m\u00e9s informaci\u00f3 sobre la ciutat de Foix, a Ari\u00e8ge","breadcrumb":{"@id":"https:\/\/www.camping-lesedour.com\/ca\/camping-midi-pirineus\/campament-foix\/#breadcrumb"},"inLanguage":"ca","potentialAction":[{"@type":"ReadAction","target":["https:\/\/www.camping-lesedour.com\/ca\/camping-midi-pirineus\/campament-foix\/"]}]},{"@type":"ImageObject","inLanguage":"ca","@id":"https:\/\/www.camping-lesedour.com\/ca\/camping-midi-pirineus\/campament-foix\/#primaryimage","url":"https:\/\/www.camping-lesedour.com\/wp-content\/uploads\/2020\/09\/tourisme-foix.jpg","contentUrl":"https:\/\/www.camping-lesedour.com\/wp-content\/uploads\/2020\/09\/tourisme-foix.jpg","width":1903,"height":550,"caption":"tourisme foix"},{"@type":"BreadcrumbList","@id":"https:\/\/www.camping-lesedour.com\/ca\/camping-midi-pirineus\/campament-foix\/#breadcrumb","itemListElement":[{"@type":"ListItem","position":1,"name":"Campament Ariege","item":"https:\/\/www.camping-lesedour.com\/ca\/"},{"@type":"ListItem","position":2,"name":"C\u00e0mping Migdia Pirineus","item":"https:\/\/www.camping-lesedour.com\/ca\/camping-midi-pirineus\/"},{"@type":"ListItem","position":3,"name":"Campament Foix"}]},{"@type":"WebSite","@id":"https:\/\/www.camping-lesedour.com\/ca\/#website","url":"https:\/\/www.camping-lesedour.com\/ca\/","name":"Camping le S\u00e9dour","description":"","potentialAction":[{"@type":"SearchAction","target":{"@type":"EntryPoint","urlTemplate":"https:\/\/www.camping-lesedour.com\/ca\/?s={search_term_string}"},"query-input":{"@type":"PropertyValueSpecification","valueRequired":true,"valueName":"search_term_string"}}],"inLanguage":"ca"}]}},"_links":{"self":[{"href":"https:\/\/www.camping-lesedour.com\/ca\/wp-json\/wp\/v2\/pages\/5199"}],"collection":[{"href":"https:\/\/www.camping-lesedour.com\/ca\/wp-json\/wp\/v2\/pages"}],"about":[{"href":"https:\/\/www.camping-lesedour.com\/ca\/wp-json\/wp\/v2\/types\/page"}],"author":[{"embeddable":true,"href":"https:\/\/www.camping-lesedour.com\/ca\/wp-json\/wp\/v2\/users\/8"}],"replies":[{"embeddable":true,"href":"https:\/\/www.camping-lesedour.com\/ca\/wp-json\/wp\/v2\/comments?post=5199"}],"version-history":[{"count":1,"href":"https:\/\/www.camping-lesedour.com\/ca\/wp-json\/wp\/v2\/pages\/5199\/revisions"}],"predecessor-version":[{"id":5203,"href":"https:\/\/www.camping-lesedour.com\/ca\/wp-json\/wp\/v2\/pages\/5199\/revisions\/5203"}],"up":[{"embeddable":true,"href":"https:\/\/www.camping-lesedour.com\/ca\/wp-json\/wp\/v2\/pages\/5122"}],"wp:featuredmedia":[{"embeddable":true,"href":"https:\/\/www.camping-lesedour.com\/ca\/wp-json\/wp\/v2\/media\/2451"}],"wp:attachment":[{"href":"https:\/\/www.camping-lesedour.com\/ca\/wp-json\/wp\/v2\/media?parent=5199"}],"curies":[{"name":"wp","href":"https:\/\/api.w.org\/{rel}","templated":true}]}}