{"id":5229,"date":"2023-06-22T14:38:48","date_gmt":"2023-06-22T12:38:48","guid":{"rendered":"https:\/\/www.camping-lesedour.com\/camping-midi-pirineus\/camping-vicdessos\/"},"modified":"2023-06-27T16:27:05","modified_gmt":"2023-06-27T14:27:05","slug":"campament-vicdessos","status":"publish","type":"page","link":"https:\/\/www.camping-lesedour.com\/ca\/camping-midi-pirineus\/campament-vicdessos\/","title":{"rendered":"Camping proche de Vicdessos"},"content":{"rendered":"<section id=\"section-6494332d2dab7\"\" class=\"section bg-color3\" \/><div class=\"container\"><h1 class=\"element section-title center\">Camping a prop de Vicdessos<\/h1><\/div><\/section>\n\n<section id=\"section-6494332d2de39\"\" class=\"section bg-white\" \/><div class=\"container extralarge\"><div class=\"colonnes-wrap valign-middle \"><div class=\"element colonne w-40 p-0\"><div class=\"element images\"><div class=\"image\"><img decoding=\"async\" src=\"https:\/\/www.camping-lesedour.com\/wp-content\/uploads\/2020\/09\/camping-ouvert-annee-ariege-75x100.jpg\" data-src=\"https:\/\/www.camping-lesedour.com\/wp-content\/uploads\/2020\/09\/camping-ouvert-annee-ariege.jpg\" alt=\"camping Vicdessos\" class=\"images_image\" \/><\/div><\/div><\/div><div class=\"element colonne w-60 p-4\"><h2 class=\"element section-title justify\">Le S\u00e9dour, el teu hotel a l&#8217;aire lliure per descobrir Vicdessos<\/h2><div class=\"element bloc-text justify \">\n\t<p>Passeu una veritable <strong> estada relaxant <\/strong> al Pirineu de l&#8217;Arieja reservant una parcel\u00b7la o una casa m\u00f2bil en un c\u00e0mping a prop de Vicdessos. Le S\u00e9dour us d\u00f3na la benvinguda en un entorn excepcional de m\u00e9s d&#8217;una hect\u00e0rea d&#8217;entorn natural, al peu de les muntanyes i al costat d&#8217;un rierol.<\/p>\n<p>El c\u00e0mping, que \u00e9s el dest\u00ed ideal per gaudir de l\u2019Arieja, els seus <strong> llocs destacats <\/strong> i la seva infinitat d\u2019activitats d\u2019oci, \u200b\u200bes troba a nom\u00e9s 16 quil\u00f2metres de Vicdessos. Gaudireu d\u2019una <strong> gran tranquil\u00b7litat <\/strong> i de serveis dedicats al vostre benestar, com ara massatges i tractaments corporals.<\/p>\n<\/div><\/div><\/div><\/div><\/section>\n\n<section id=\"section-64944114ed351\"\" class=\"section bg-color3\" \/><div class=\"container extralarge\"><div class=\"colonnes-wrap valign-middle \"><div class=\"element colonne w-60 p-4\"><h2 class=\"element section-title justify\">Llogueu una casa mobil a prop de Vicdessos<\/h2><div class=\"element bloc-text justify \">\n\t<p>Qu\u00e8 tal si llogueu una casa m\u00f2bil a prop de Vicdessos, amb una terrassa privada que d\u00f3na a les muntanyes o al l\u00edmit d\u2019un rierol? El <a href=\"\/ca\/\"> c\u00e0mping le S\u00e9dour<\/a>\u00a0ofereix una <strong> \u00e0mplia gamma d&#8217;allotjaments de vacances <\/strong> per a 2 a 6 persones, amb 1, 2 o 3 dormitoris per a la seva comoditat.<\/p>\n<p>El c\u00e0mping Le S\u00e9dour, de 3 estrelles, tamb\u00e9 ofereix lloguer de bungalous a prop de Vicdessos, en el tipus d\u2019alberg Coco Sweet: petits lloguers oberts a la natura per als amants de l\u2019aire lliure i de l\u2019inusual. Si preferiu el c\u00e0mping tradicional a llogar una casa m\u00f2bil a Vicdessos, tamb\u00e9 trobareu magn\u00edfiques parcel\u00b7les boscoses a S\u00e9dour on instal\u00b7lar la vostra tenda.<\/p>\n<\/div><\/div><div class=\"element colonne w-40 p-0\"><div class=\"element images\"><div class=\"image\"><img decoding=\"async\" src=\"https:\/\/www.camping-lesedour.com\/wp-content\/uploads\/2020\/09\/mobil-home-annee-ariege-100x80.jpg\" data-src=\"https:\/\/www.camping-lesedour.com\/wp-content\/uploads\/2020\/09\/mobil-home-annee-ariege.jpg\" alt=\"casa mobil Vicdessos\" class=\"images_image\" \/><\/div><\/div><\/div><\/div><\/div><\/section>\n\n<section id=\"section-64944114ed528\"\" class=\"section bg-white p-t-0 p-b-0\" \/><div class=\"container full\"><ul class=\"liste-de-page hebergements row\"><li class=\"hebergement hebergement--init hebergement--style-1  nombre-de-persones-4 nombre-dhabitacions-2\"><div class=\"hebergement_image\"><img decoding=\"async\" src=\"https:\/\/www.camping-lesedour.com\/wp-content\/uploads\/2020\/09\/camping-sedour-ohara.jpg\" data-src=\"https:\/\/www.camping-lesedour.com\/wp-content\/uploads\/2020\/09\/camping-sedour-ohara.jpg\" alt=\"\" class=\"\" \/><div class=\"hebergement_link\" id=\"3430\"><\/div><\/div><div class=\"hebergement_content\"><div class=\"hebergement_titre hebergement_titre decoration\">Casa mobil O&#8217;HARA 865T<\/div><div class=\"hebergement-attributs\"><span class=\"attribut nombre-de-persones\">4<i class=\"icon-chambres\"><\/i><\/span><span class=\"attribut nombre-dhabitacions\">2<i class=\"icon-personnes\"><\/i><\/span><\/div><\/div><\/li><li class=\"hebergement hebergement--init hebergement--style-1  nombre-de-persones-4 nombre-dhabitacions-2\"><div class=\"hebergement_image\"><img decoding=\"async\" src=\"https:\/\/www.camping-lesedour.com\/wp-content\/uploads\/2020\/09\/camping-le-sedour-mh2.jpg\" data-src=\"https:\/\/www.camping-lesedour.com\/wp-content\/uploads\/2020\/09\/camping-le-sedour-mh2.jpg\" alt=\"\" class=\"\" \/><div class=\"hebergement_link\" id=\"3429\"><\/div><\/div><div class=\"hebergement_content\"><div class=\"hebergement_titre hebergement_titre decoration\">Casa mobil de 2 habitacions<\/div><div class=\"hebergement-attributs\"><span class=\"attribut nombre-de-persones\">4<i class=\"icon-chambres\"><\/i><\/span><span class=\"attribut nombre-dhabitacions\">2<i class=\"icon-personnes\"><\/i><\/span><\/div><\/div><\/li><li class=\"hebergement hebergement--init hebergement--style-1  nombre-de-persones-4 nombre-dhabitacions-2\"><div class=\"hebergement_image\"><img decoding=\"async\" src=\"https:\/\/www.camping-lesedour.com\/wp-content\/uploads\/2020\/09\/camping-chalet-ariege.jpg\" data-src=\"https:\/\/www.camping-lesedour.com\/wp-content\/uploads\/2020\/09\/camping-chalet-ariege.jpg\" alt=\"camping chalet Ari\u00e8ge\" class=\"\" \/><div class=\"hebergement_link\" id=\"3428\"><\/div><\/div><div class=\"hebergement_content\"><div class=\"hebergement_titre hebergement_titre decoration\">Xalet de 2 habitacions<\/div><div class=\"hebergement-attributs\"><span class=\"attribut nombre-de-persones\">4<i class=\"icon-chambres\"><\/i><\/span><span class=\"attribut nombre-dhabitacions\">2<i class=\"icon-personnes\"><\/i><\/span><\/div><\/div><\/li><li class=\"hebergement hebergement--init hebergement--style-1  nombre-de-persones-4 nombre-dhabitacions-2\"><div class=\"hebergement_image\"><img decoding=\"async\" src=\"https:\/\/www.camping-lesedour.com\/wp-content\/uploads\/2020\/09\/cocosweet-ariege.jpg\" data-src=\"https:\/\/www.camping-lesedour.com\/wp-content\/uploads\/2020\/09\/cocosweet-ariege.jpg\" alt=\"cocosweet ariege\" class=\"\" \/><div class=\"hebergement_link\" id=\"3420\"><\/div><\/div><div class=\"hebergement_content\"><div class=\"hebergement_titre hebergement_titre decoration\">Cocosweet 2 habitacions<\/div><div class=\"hebergement-attributs\"><span class=\"attribut nombre-de-persones\">4<i class=\"icon-chambres\"><\/i><\/span><span class=\"attribut nombre-dhabitacions\">2<i class=\"icon-personnes\"><\/i><\/span><\/div><\/div><\/li><li class=\"hebergement hebergement--init hebergement--style-1  nombre-de-persones-2 nombre-dhabitacions-1\"><div class=\"hebergement_image\"><img decoding=\"async\" src=\"https:\/\/www.camping-lesedour.com\/wp-content\/uploads\/2020\/09\/camping-sedour-cahita.jpg\" data-src=\"https:\/\/www.camping-lesedour.com\/wp-content\/uploads\/2020\/09\/camping-sedour-cahita.jpg\" alt=\"\" class=\"\" \/><div class=\"hebergement_link\" id=\"3412\"><\/div><\/div><div class=\"hebergement_content\"><div class=\"hebergement_titre hebergement_titre decoration\">Mobilhome Cahita Riviera 1 dormitori<\/div><div class=\"hebergement-attributs\"><span class=\"attribut nombre-de-persones\">2<i class=\"icon-chambres\"><\/i><\/span><span class=\"attribut nombre-dhabitacions\">1<i class=\"icon-personnes\"><\/i><\/span><\/div><\/div><\/li><li class=\"hebergement hebergement--init hebergement--style-1  nombre-de-persones-6 nombre-dhabitacions-3\"><div class=\"hebergement_image\"><img decoding=\"async\" src=\"https:\/\/www.camping-lesedour.com\/wp-content\/uploads\/2020\/09\/camping-le-sedour-mh3.jpg\" data-src=\"https:\/\/www.camping-lesedour.com\/wp-content\/uploads\/2020\/09\/camping-le-sedour-mh3.jpg\" alt=\"\" class=\"\" \/><div class=\"hebergement_link\" id=\"3405\"><\/div><\/div><div class=\"hebergement_content\"><div class=\"hebergement_titre hebergement_titre decoration\">Casa mobil de 3 habitacions<\/div><div class=\"hebergement-attributs\"><span class=\"attribut nombre-de-persones\">6<i class=\"icon-chambres\"><\/i><\/span><span class=\"attribut nombre-dhabitacions\">3<i class=\"icon-personnes\"><\/i><\/span><\/div><\/div><\/li><li class=\"hebergement hebergement--init hebergement--style-1  nombre-de-persones-45 nombre-dhabitacions-2\"><div class=\"hebergement_image\"><img decoding=\"async\" src=\"https:\/\/www.camping-lesedour.com\/wp-content\/uploads\/2020\/09\/mobil-home-keywest-ariege.jpg\" data-src=\"https:\/\/www.camping-lesedour.com\/wp-content\/uploads\/2020\/09\/mobil-home-keywest-ariege.jpg\" alt=\"mobil-home keywest ariege\" class=\"\" \/><div class=\"hebergement_link\" id=\"3396\"><\/div><\/div><div class=\"hebergement_content\"><div class=\"hebergement_titre hebergement_titre decoration\">Keywest mobile home 2 habitacions &#8211; 2 banys<\/div><div class=\"hebergement-attributs\"><span class=\"attribut nombre-de-persones\">4\/5<i class=\"icon-chambres\"><\/i><\/span><span class=\"attribut nombre-dhabitacions\">2<i class=\"icon-personnes\"><\/i><\/span><\/div><\/div><\/li><li class=\"hebergement hebergement--init hebergement--style-1  nombre-de-persones-4 nombre-dhabitacions-2\"><div class=\"hebergement_image\"><img decoding=\"async\" src=\"https:\/\/www.camping-lesedour.com\/wp-content\/uploads\/2020\/09\/terrasse-hotelier-ariege.jpg\" data-src=\"https:\/\/www.camping-lesedour.com\/wp-content\/uploads\/2020\/09\/terrasse-hotelier-ariege.jpg\" alt=\"terrasse hotelier ariege\" class=\"\" \/><div class=\"hebergement_link\" id=\"3390\"><\/div><\/div><div class=\"hebergement_content\"><div class=\"hebergement_titre hebergement_titre decoration\">Hotellier de casa mobil<\/div><div class=\"hebergement-attributs\"><span class=\"attribut nombre-de-persones\">4<i class=\"icon-chambres\"><\/i><\/span><span class=\"attribut nombre-dhabitacions\">2<i class=\"icon-personnes\"><\/i><\/span><\/div><\/div><\/li><li class=\"hebergement hebergement--init hebergement--style-1  nombre-de-persones-4 nombre-dhabitacions-2\"><div class=\"hebergement_image\"><img decoding=\"async\" src=\"https:\/\/www.camping-lesedour.com\/wp-content\/uploads\/2024\/10\/00001198578.webp\" data-src=\"https:\/\/www.camping-lesedour.com\/wp-content\/uploads\/2024\/10\/00001198578.webp\" alt=\"\" class=\"\" \/><div class=\"hebergement_link\" id=\"5705\"><\/div><\/div><div class=\"hebergement_content\"><div class=\"hebergement_titre hebergement_titre decoration\">Casa M\u00f2bil Confort 31m2 al costat de la riera<\/div><div class=\"hebergement-attributs\"><span class=\"attribut nombre-de-persones\">4<i class=\"icon-chambres\"><\/i><\/span><span class=\"attribut nombre-dhabitacions\">2<i class=\"icon-personnes\"><\/i><\/span><\/div><\/div><\/li><\/ul><\/div><\/section>\n\n<section id=\"section-64944114ed7e2\"\" class=\"section bg-white\" \/><div class=\"container extralarge\"><div class=\"colonnes-wrap valign-top \"><div class=\"element colonne w-60 p-4\"><h2 class=\"element section-title justify\">Fer i veure a Vicdessos<\/h2><div class=\"element bloc-text justify \">\n\t<p>Ara integrat a Val-de-Sos, el poble de Vicdessos, a Ari\u00e8ge, t\u00e9 un <strong> ric patrimoni <\/strong> constru\u00eft que d\u00f3na fe de la seva llarga hist\u00f2ria. Per veure en particular, les seves muralles del segle XIV, les restes del seu castell del segle XII, una esgl\u00e9sia medieval del segle XI amb un notable campanar rom\u00e0nic de planta quadrada i nombrosos edificis i resid\u00e8ncies burgeses dels segles XV i XVI.<\/p>\n<p>Una ciutat pr\u00f2spera a partir del Renaixement, Vicdessos va ser poblada per <strong>artesans i comerciants<\/strong>. Va acollir una important fira ramadera al final de l\u2019estiu, quan els animals baixaven de les altes pastures. El poble es va construir al curs del riu Vicdessos. Al peu del <strong>mass\u00eds de Montcalm<\/strong>, el seu territori \u00e9s ric en diversos llocs naturals excepcionals, com les cascades de Caraoucou i les basses de Peyregrand, Neych o Brouquenat.<\/p>\n<\/div><\/div><div class=\"element colonne w-40 p-0\"><div class=\"element images\"><div class=\"image\"><img decoding=\"async\" src=\"https:\/\/www.camping-lesedour.com\/wp-content\/uploads\/2023\/06\/decouvrir-vicdessos-100x100.jpg\" data-src=\"https:\/\/www.camping-lesedour.com\/wp-content\/uploads\/2023\/06\/decouvrir-vicdessos.jpg\" alt=\"d\u00e9couvrir vicdessos\" class=\"images_image\" \/><\/div><\/div><\/div><\/div><\/div><\/section>\n\n<section id=\"section-64944114edaa9\"\" class=\"section bg-color3\" \/><div class=\"container extralarge\"><div class=\"colonnes-wrap valign-top \"><div class=\"element colonne w-40 p-0\"><div class=\"element images\"><div class=\"image\"><img decoding=\"async\" src=\"https:\/\/www.camping-lesedour.com\/wp-content\/uploads\/2020\/09\/camping-vicdessos-100x80.jpg\" data-src=\"https:\/\/www.camping-lesedour.com\/wp-content\/uploads\/2020\/09\/camping-vicdessos.jpg\" alt=\"activit\u00e9 vicdessos\" class=\"images_image\" \/><\/div><\/div><\/div><div class=\"element colonne w-60 p-4\"><div class=\"element bloc-text justify \">\n\t<p>Les <strong> activitats a l\u2019aire lliure <\/strong> abunden a Vicdessos. Els m\u00e9s aventurers i amants de l\u2019emoci\u00f3 poden provar el parapent amb les escoles Gypa\u00e8te o Kymaya. Sibelle Escapade i Montcalm Aventure ofereixen experi\u00e8ncies en barranquisme, circuits extrems, excursions per terra o aigua, r\u00e0pel i escalada.<\/p>\n<p>La Via Ferrata du Vicdessos promet als aficionats <strong> punts de vista excepcionals <\/strong>. Amb la fam\u00edlia, una caminada a l\u2019estany d\u2019Arbu \u00e9s l\u2019oportunitat de recarregar les piles en un entorn magn\u00edfic: amb una durada de 2 hores a un ritme tranquil, la pujada \u00e9s accessible per als nens i es caracteritza per refrescar-se les fonts.<\/p>\n<p><strong> La nataci\u00f3 \u00e9s possible a l&#8217;arribada! <\/strong> Si no podeu caminar tant, al costat de l&#8217;antiga estaci\u00f3 us espera una ruta de fitness: 800 metres de longitud, us convida a un agradable passeig de 20 minuts entre prats i rierols.<\/p>\n<\/div><\/div><\/div><\/div><\/section>","protected":false},"excerpt":{"rendered":"","protected":false},"author":8,"featured_media":2467,"parent":5122,"menu_order":0,"comment_status":"closed","ping_status":"closed","template":"","meta":{"_acf_changed":false,"footnotes":""},"class_list":["post-5229","page","type-page","status-publish","has-post-thumbnail","hentry"],"acf":[],"yoast_head":"<!-- This site is optimized with the Yoast SEO plugin v25.3 - https:\/\/yoast.com\/wordpress\/plugins\/seo\/ -->\n<title>C\u00e0mping Vicdessos | Lloguer de cases m\u00f2bils Vicdessos | Activitats<\/title>\n<meta name=\"robots\" content=\"index, follow, max-snippet:-1, max-image-preview:large, max-video-preview:-1\" \/>\n<link rel=\"canonical\" href=\"https:\/\/www.camping-lesedour.com\/ca\/camping-midi-pirineus\/campament-vicdessos\/\" \/>\n<meta property=\"og:locale\" content=\"ca_ES\" \/>\n<meta property=\"og:type\" content=\"article\" \/>\n<meta property=\"og:title\" content=\"C\u00e0mping Vicdessos | Lloguer de cases m\u00f2bils Vicdessos | Activitats\" \/>\n<meta property=\"og:url\" content=\"https:\/\/www.camping-lesedour.com\/ca\/camping-midi-pirineus\/campament-vicdessos\/\" \/>\n<meta property=\"og:site_name\" content=\"Camping le S\u00e9dour\" \/>\n<meta property=\"article:modified_time\" content=\"2023-06-27T14:27:05+00:00\" \/>\n<meta property=\"og:image\" content=\"https:\/\/www.camping-lesedour.com\/wp-content\/uploads\/2020\/09\/tourisme-vicdessos.jpg\" \/>\n\t<meta property=\"og:image:width\" content=\"1903\" \/>\n\t<meta property=\"og:image:height\" content=\"549\" \/>\n\t<meta property=\"og:image:type\" content=\"image\/jpeg\" \/>\n<meta name=\"twitter:card\" content=\"summary_large_image\" \/>\n<script type=\"application\/ld+json\" class=\"yoast-schema-graph\">{\"@context\":\"https:\/\/schema.org\",\"@graph\":[{\"@type\":\"WebPage\",\"@id\":\"https:\/\/www.camping-lesedour.com\/ca\/camping-midi-pirineus\/campament-vicdessos\/\",\"url\":\"https:\/\/www.camping-lesedour.com\/ca\/camping-midi-pirineus\/campament-vicdessos\/\",\"name\":\"C\u00e0mping Vicdessos | Lloguer de cases m\u00f2bils Vicdessos | Activitats\",\"isPartOf\":{\"@id\":\"https:\/\/www.camping-lesedour.com\/ca\/#website\"},\"primaryImageOfPage\":{\"@id\":\"https:\/\/www.camping-lesedour.com\/ca\/camping-midi-pirineus\/campament-vicdessos\/#primaryimage\"},\"image\":{\"@id\":\"https:\/\/www.camping-lesedour.com\/ca\/camping-midi-pirineus\/campament-vicdessos\/#primaryimage\"},\"thumbnailUrl\":\"https:\/\/www.camping-lesedour.com\/wp-content\/uploads\/2020\/09\/tourisme-vicdessos.jpg\",\"datePublished\":\"2023-06-22T12:38:48+00:00\",\"dateModified\":\"2023-06-27T14:27:05+00:00\",\"breadcrumb\":{\"@id\":\"https:\/\/www.camping-lesedour.com\/ca\/camping-midi-pirineus\/campament-vicdessos\/#breadcrumb\"},\"inLanguage\":\"ca\",\"potentialAction\":[{\"@type\":\"ReadAction\",\"target\":[\"https:\/\/www.camping-lesedour.com\/ca\/camping-midi-pirineus\/campament-vicdessos\/\"]}]},{\"@type\":\"ImageObject\",\"inLanguage\":\"ca\",\"@id\":\"https:\/\/www.camping-lesedour.com\/ca\/camping-midi-pirineus\/campament-vicdessos\/#primaryimage\",\"url\":\"https:\/\/www.camping-lesedour.com\/wp-content\/uploads\/2020\/09\/tourisme-vicdessos.jpg\",\"contentUrl\":\"https:\/\/www.camping-lesedour.com\/wp-content\/uploads\/2020\/09\/tourisme-vicdessos.jpg\",\"width\":1903,\"height\":549,\"caption\":\"tourisme vicdessos\"},{\"@type\":\"BreadcrumbList\",\"@id\":\"https:\/\/www.camping-lesedour.com\/ca\/camping-midi-pirineus\/campament-vicdessos\/#breadcrumb\",\"itemListElement\":[{\"@type\":\"ListItem\",\"position\":1,\"name\":\"Campament Ariege\",\"item\":\"https:\/\/www.camping-lesedour.com\/ca\/\"},{\"@type\":\"ListItem\",\"position\":2,\"name\":\"C\u00e0mping Migdia Pirineus\",\"item\":\"https:\/\/www.camping-lesedour.com\/ca\/camping-midi-pirineus\/\"},{\"@type\":\"ListItem\",\"position\":3,\"name\":\"Campament Vicdessos\"}]},{\"@type\":\"WebSite\",\"@id\":\"https:\/\/www.camping-lesedour.com\/ca\/#website\",\"url\":\"https:\/\/www.camping-lesedour.com\/ca\/\",\"name\":\"Camping le S\u00e9dour\",\"description\":\"\",\"potentialAction\":[{\"@type\":\"SearchAction\",\"target\":{\"@type\":\"EntryPoint\",\"urlTemplate\":\"https:\/\/www.camping-lesedour.com\/ca\/?s={search_term_string}\"},\"query-input\":{\"@type\":\"PropertyValueSpecification\",\"valueRequired\":true,\"valueName\":\"search_term_string\"}}],\"inLanguage\":\"ca\"}]}<\/script>\n<!-- \/ Yoast SEO plugin. -->","yoast_head_json":{"title":"C\u00e0mping Vicdessos | Lloguer de cases m\u00f2bils Vicdessos | Activitats","robots":{"index":"index","follow":"follow","max-snippet":"max-snippet:-1","max-image-preview":"max-image-preview:large","max-video-preview":"max-video-preview:-1"},"canonical":"https:\/\/www.camping-lesedour.com\/ca\/camping-midi-pirineus\/campament-vicdessos\/","og_locale":"ca_ES","og_type":"article","og_title":"C\u00e0mping Vicdessos | Lloguer de cases m\u00f2bils Vicdessos | Activitats","og_url":"https:\/\/www.camping-lesedour.com\/ca\/camping-midi-pirineus\/campament-vicdessos\/","og_site_name":"Camping le S\u00e9dour","article_modified_time":"2023-06-27T14:27:05+00:00","og_image":[{"width":1903,"height":549,"url":"https:\/\/www.camping-lesedour.com\/wp-content\/uploads\/2020\/09\/tourisme-vicdessos.jpg","type":"image\/jpeg"}],"twitter_card":"summary_large_image","schema":{"@context":"https:\/\/schema.org","@graph":[{"@type":"WebPage","@id":"https:\/\/www.camping-lesedour.com\/ca\/camping-midi-pirineus\/campament-vicdessos\/","url":"https:\/\/www.camping-lesedour.com\/ca\/camping-midi-pirineus\/campament-vicdessos\/","name":"C\u00e0mping Vicdessos | Lloguer de cases m\u00f2bils Vicdessos | Activitats","isPartOf":{"@id":"https:\/\/www.camping-lesedour.com\/ca\/#website"},"primaryImageOfPage":{"@id":"https:\/\/www.camping-lesedour.com\/ca\/camping-midi-pirineus\/campament-vicdessos\/#primaryimage"},"image":{"@id":"https:\/\/www.camping-lesedour.com\/ca\/camping-midi-pirineus\/campament-vicdessos\/#primaryimage"},"thumbnailUrl":"https:\/\/www.camping-lesedour.com\/wp-content\/uploads\/2020\/09\/tourisme-vicdessos.jpg","datePublished":"2023-06-22T12:38:48+00:00","dateModified":"2023-06-27T14:27:05+00:00","breadcrumb":{"@id":"https:\/\/www.camping-lesedour.com\/ca\/camping-midi-pirineus\/campament-vicdessos\/#breadcrumb"},"inLanguage":"ca","potentialAction":[{"@type":"ReadAction","target":["https:\/\/www.camping-lesedour.com\/ca\/camping-midi-pirineus\/campament-vicdessos\/"]}]},{"@type":"ImageObject","inLanguage":"ca","@id":"https:\/\/www.camping-lesedour.com\/ca\/camping-midi-pirineus\/campament-vicdessos\/#primaryimage","url":"https:\/\/www.camping-lesedour.com\/wp-content\/uploads\/2020\/09\/tourisme-vicdessos.jpg","contentUrl":"https:\/\/www.camping-lesedour.com\/wp-content\/uploads\/2020\/09\/tourisme-vicdessos.jpg","width":1903,"height":549,"caption":"tourisme vicdessos"},{"@type":"BreadcrumbList","@id":"https:\/\/www.camping-lesedour.com\/ca\/camping-midi-pirineus\/campament-vicdessos\/#breadcrumb","itemListElement":[{"@type":"ListItem","position":1,"name":"Campament Ariege","item":"https:\/\/www.camping-lesedour.com\/ca\/"},{"@type":"ListItem","position":2,"name":"C\u00e0mping Migdia Pirineus","item":"https:\/\/www.camping-lesedour.com\/ca\/camping-midi-pirineus\/"},{"@type":"ListItem","position":3,"name":"Campament Vicdessos"}]},{"@type":"WebSite","@id":"https:\/\/www.camping-lesedour.com\/ca\/#website","url":"https:\/\/www.camping-lesedour.com\/ca\/","name":"Camping le S\u00e9dour","description":"","potentialAction":[{"@type":"SearchAction","target":{"@type":"EntryPoint","urlTemplate":"https:\/\/www.camping-lesedour.com\/ca\/?s={search_term_string}"},"query-input":{"@type":"PropertyValueSpecification","valueRequired":true,"valueName":"search_term_string"}}],"inLanguage":"ca"}]}},"_links":{"self":[{"href":"https:\/\/www.camping-lesedour.com\/ca\/wp-json\/wp\/v2\/pages\/5229"}],"collection":[{"href":"https:\/\/www.camping-lesedour.com\/ca\/wp-json\/wp\/v2\/pages"}],"about":[{"href":"https:\/\/www.camping-lesedour.com\/ca\/wp-json\/wp\/v2\/types\/page"}],"author":[{"embeddable":true,"href":"https:\/\/www.camping-lesedour.com\/ca\/wp-json\/wp\/v2\/users\/8"}],"replies":[{"embeddable":true,"href":"https:\/\/www.camping-lesedour.com\/ca\/wp-json\/wp\/v2\/comments?post=5229"}],"version-history":[{"count":2,"href":"https:\/\/www.camping-lesedour.com\/ca\/wp-json\/wp\/v2\/pages\/5229\/revisions"}],"predecessor-version":[{"id":5234,"href":"https:\/\/www.camping-lesedour.com\/ca\/wp-json\/wp\/v2\/pages\/5229\/revisions\/5234"}],"up":[{"embeddable":true,"href":"https:\/\/www.camping-lesedour.com\/ca\/wp-json\/wp\/v2\/pages\/5122"}],"wp:featuredmedia":[{"embeddable":true,"href":"https:\/\/www.camping-lesedour.com\/ca\/wp-json\/wp\/v2\/media\/2467"}],"wp:attachment":[{"href":"https:\/\/www.camping-lesedour.com\/ca\/wp-json\/wp\/v2\/media?parent=5229"}],"curies":[{"name":"wp","href":"https:\/\/api.w.org\/{rel}","templated":true}]}}