{"id":751,"date":"2015-11-27T13:49:13","date_gmt":"2015-11-27T12:49:13","guid":{"rendered":"https:\/\/www.camping-lesedour.com\/ca\/accueil\/"},"modified":"2025-06-12T14:06:41","modified_gmt":"2025-06-12T12:06:41","slug":"inici","status":"publish","type":"page","link":"https:\/\/www.camping-lesedour.com\/ca\/","title":{"rendered":"Inici"},"content":{"rendered":"<section id=\"section-5f5649fddce0c\"\" class=\"section first-home bg-color3 p-t-0\" \/><div class=\"container extralarge\"><div class=\"colonnes-wrap valign-middle \"><div class=\"element colonne w-60 p-4\"><h1 class=\"element section-title center\">Camping Tarascon sur Ariege <span>a Occitania<\/span><\/h1><div class=\"element bloc-text center \">\n\t<p><strong class=\"bold color1\">Situat al cor d&#8217;una vegetaci\u00f3 frondosa <\/strong>, al peu de la muntanya S\u00e9dour, prop de Tarascon sur Ari\u00e8ge, el c\u00e0mping &#8220;Le S\u00e9dour&#8221; d\u00f3na la benvinguda a <strong class=\"bold color1\">amant de la natura <\/strong>.<\/p>\n<p>El c\u00e0mping ocupa una superf\u00edcie total d&#8217;1,3 hect\u00e0rees, amb 80 parcel\u00b7les disponibles i 22 allotjaments de lloguer. El c\u00e0mping us d\u00f3na la benvinguda en un <strong class=\"bold color1\">entorn aut\u00e8ntic<\/strong>, <strong class=\"bold color1\">tranquil<\/strong> i <strong class=\"bold color1\"> tranquil <\/strong> per oferir-vos un aire fresc i el canvi d&#8217;escenari tan desitjat pels estiuejants durant les seves vacances a l&#8217;Arieja a Occit\u00e0nia. No tenim <strong class=\"bold color1\"> cap piscina <\/strong>, <strong class=\"bold color1\"> ni animacions <\/strong> perqu\u00e8 pugueu treure el m\u00e0xim profit de <strong class=\"bold color1\"> calma <\/strong> i l&#8217;entorn natural del nostre c\u00e0mping.<\/p>\n<p>Llimit pel <strong class=\"bold color1\"> suau murmuri de la riera <\/strong> al llarg del nostre c\u00e0mping, submergiu-vos en un entorn refrescant i tranquil en qualsevol \u00e8poca de l&#8217;any durant la vostra estada a Ari\u00e8ge. a prop de la cova de Niaux i i de Lombrives, al <strong class=\"bold color1\"> cor del Parc Natural Regional dels Pirineus <\/strong>.<\/p>\n<p>El mobiliari i la comoditat dels nostres lloguers vacacionals i de les nostres parcel\u00b7les de c\u00e0mping i caravaning satisfaran <strong class=\"bold color1\"> totes les vostres necessitats <\/strong>. La ubicaci\u00f3 privilegiada del c\u00e0mping tamb\u00e9 us permetr\u00e0 descobrir f\u00e0cilment els <strong class=\"bold color1\"> tresors de la regi\u00f3 <\/strong>.<\/p>\n<\/div><\/div><div class=\"element colonne w-40 bg-color2\"><div class=\"element bloc-text center citation\">\n\t<p><strong>Escala ideal<\/strong> per als amants de la <span>calma<\/span>, la <span>natura<\/span> i els <strong> descobriments a l&#8217;Arieja.<\/strong><\/p>\n<\/div><\/div><\/div><\/div><\/section>\n\n<section id=\"section-5f5649fddd4cc\"\" class=\"section second-home bg-white p-t-0 p-b-0\" \/><div class=\"container full\"><div class=\"colonnes-wrap valign-middle \"><div class=\"element colonne w-60 p-0\"><ul class=\"liste-de-page\"><li class=\"element call-to-action w-60 p-0 call-to-action--style-1 call-to-action--big\"><a href=\"https:\/\/www.camping-lesedour.com\/ca\/preus-camping-ariege\/\"  class=\"call-to-action_link\" title=\"Aprendre mes sobre els preus\"><div class=\"call-to-action_image\"><img decoding=\"async\" src=\"https:\/\/www.camping-lesedour.com\/wp-content\/uploads\/2024\/01\/camping-le-sedour-contact-100x29.jpg\" data-src=\"https:\/\/www.camping-lesedour.com\/wp-content\/uploads\/2024\/01\/camping-le-sedour-contact.jpg\" alt=\"\" class=\"big\" \/><\/div><div class=\"call-to-action_contenu\"><div class=\"call-to-action_titre\">Els preus<\/div><div class=\"call-to-action_texte\">Apr\u00e8n m\u00e9s<\/div><\/div><\/a><\/li><li class=\"element call-to-action  call-to-action--style-1 call-to-action--big\"><a href=\"https:\/\/www.camping-lesedour.com\/ca\/venda-casa-mobil-ariege\/\"  class=\"call-to-action_link\" title=\"Aprendre mes sobre feu-vos propietaris\"><div class=\"call-to-action_image\"><img decoding=\"async\" src=\"https:\/\/www.camping-lesedour.com\/wp-content\/uploads\/2024\/01\/camping-sedour-devenez-100x80.jpg\" data-src=\"https:\/\/www.camping-lesedour.com\/wp-content\/uploads\/2024\/01\/camping-sedour-devenez.jpg\" alt=\"camping-sedour-devenez\" class=\"big\" \/><\/div><div class=\"call-to-action_contenu\"><div class=\"call-to-action_titre\">Feu-vos propietaris<\/div><div class=\"call-to-action_texte\">Apr\u00e8n m\u00e9s<\/div><\/div><\/a><\/li><li class=\"element call-to-action  call-to-action--style-1 call-to-action--big\"><a href=\"https:\/\/www.camping-lesedour.com\/ca\/lloguer-de-mobile-home-ariege\/\"  class=\"call-to-action_link\" title=\"Aprendre mes sobre mobilhome\"><div class=\"call-to-action_image\"><img decoding=\"async\" src=\"https:\/\/www.camping-lesedour.com\/wp-content\/uploads\/2024\/01\/camping-le-sedour-ariege-100x80.jpg\" data-src=\"https:\/\/www.camping-lesedour.com\/wp-content\/uploads\/2024\/01\/camping-le-sedour-ariege.jpg\" alt=\"\" class=\"big\" \/><\/div><div class=\"call-to-action_contenu\"><div class=\"call-to-action_titre\">Mobilhome<\/div><div class=\"call-to-action_texte\">Apr\u00e8n m\u00e9s<\/div><\/div><\/a><\/li><li class=\"element call-to-action  call-to-action--style-1 call-to-action--big\"><a href=\"https:\/\/www.camping-lesedour.com\/ca\/tarascon-ariege-camping-pitch\/\"  class=\"call-to-action_link\" title=\"Aprendre mes sobre parcel\u00b7les\"><div class=\"call-to-action_image\"><img decoding=\"async\" src=\"https:\/\/www.camping-lesedour.com\/wp-content\/uploads\/2020\/09\/camping-caravaning-ariege-100x80.jpg\" data-src=\"https:\/\/www.camping-lesedour.com\/wp-content\/uploads\/2020\/09\/camping-caravaning-ariege.jpg\" alt=\"camping caravaning ariege\" class=\"big\" \/><\/div><div class=\"call-to-action_contenu\"><div class=\"call-to-action_titre\">Parcel\u00b7les<\/div><div class=\"call-to-action_texte\">Apr\u00e8n m\u00e9s<\/div><\/div><\/a><\/li><\/ul><\/div><div class=\"element colonne p-8 w-40\"><h2 class=\"element section-title left\">Lloguer de xalets i cases mobils Ariege<\/h2><div class=\"element bloc-text justify \">\n\t<p>Envoltats de natura exuberant, els nostres lloguers de cases m\u00f2bils a Arieja s\u00f3n <strong class = \"bold color1\">ideals per a una estada a Occit\u00e0nia<\/strong>. Trieu el lloguer que s&#8217;adapti a les vostres necessitats i la configuraci\u00f3 del vostre grup d&#8217;entre els nostres xalets i mobil-homes disponibles per llogar. D&#8217;1 a 6 persones poden allotjar-se en els nostres mobil-homes de 31 a 36 m2 amb la m\u00e0xima comoditat.<\/p>\n<p>Optar per un lloguer de casa m\u00f2bil significa gaudir d&#8217;un <strong class = \"bold color1\">confort irreprotxable<\/strong> durant les seves vacances a prop d&#8217;Ax-les-Thermes i de la cova de Niaux.<\/p>\n<p>Combinant comoditat i preu, els xalets us permetran passar unes vacances a Ari\u00e8ge amb un pressupost redu\u00eft. M\u00e9s originals, les cases m\u00f2bils Coco Sweet us prometen una <strong class = \"bold color1\"> estada inusual a Ari\u00e8ge <\/strong>, a prop de Tarascon sur Ari\u00e8ge. Descobriu tamb\u00e9 les nostres ofertes de compra de mobil-homes: fer-se propietari del nostre c\u00e0mping Le S\u00e9dour significa tenir peu durant tot l\u2019any als Pirineus.<\/p>\n<\/div><h2 class=\"element section-title left m-t-4\">Parcel\u00b7les de camping Ariege<\/h2><div class=\"element bloc-text justify \">\n\t<p>A m\u00e9s del lloguer de cases rurals a l\u2019Arieja, les parcel\u00b7les del c\u00e0mping S\u00e9dour us permetran <strong class = \"bold color1\"> caravaning en un entorn privilegiat <\/strong>. Hi ha paquets de senderisme disponibles per als campistes que busquen un lloc per descansar entre dues etapes.<\/p>\n<p>Les nostres <strong class = \"bold color1\"> parcel\u00b7les gratu\u00eftes <\/strong> tamb\u00e9 estan obertes als campistes en tendes de campanya, autocaravanes i caravanes. Amb una superf\u00edcie que oscil\u00b7la entre els 80 i els 100 m\u00b2, s\u00f3n ombrejats i assolellats. Si busqueu un parad\u00eds de pau per al caravaning al Pirineu Migdia, Occit\u00e0nia no dubteu a acampar en una de les nostres parcel\u00b7les.<\/p>\n<\/div><\/div><\/div><\/div><\/section>\n\n<section id=\"section-5f578aded0858\"\" class=\"section third-home bg-color3\" \/><div class=\"container extralarge\"><h2 class=\"element section-title center w-60\">Camping Tarascon sur Ariege<\/h2><div class=\"colonnes-wrap valign-top \"><div class=\"element colonne icon-nature\"><div class=\"element section-title left\">Presentaci\u00f3 i serveis<\/div><div class=\"element bloc-text left \">\n\t<p>Trieu la direcci\u00f3: Ari\u00e8ge, Surba, c\u00e0mping Le S\u00e9dour, per oferir-vos una estada inoblidable en un entorn verd allunyat de la congesti\u00f3 i la contaminaci\u00f3 urbana.<\/p>\n<p>Us acolliran en allotjaments confortables: xalets i cases rurals en parcel\u00b7les amb gespa envoltats de petites bardisses de fullatge perenne, o b\u00e9 ocupareu una parcel\u00b7la amb el vostre equipament: tendes de campanya, caravanes o autocaravanes. Tu tries!<\/p>\n<\/div><\/div><div class=\"element colonne icon-activites\"><div class=\"element section-title left\">Activitats<\/div><div class=\"element bloc-text left \">\n\t<p>Depenent de la temporada, les activitats evolucionen per\u00f2 continuen sent tan atractives com sempre! Els amants de l\u2019esport es dedicaran a fer excursions a les muntanyes que envolten el c\u00e0mping durant totes les estacions: cap a Calam\u00e8s, S\u00e9dour, el Pic des 3 Seigneurs i molts m\u00e9s &#8230;<\/p>\n<p>Els amants dels esports d\u2019hivern escolliran l\u2019esqu\u00ed aqu\u00e0tic a 3 quil\u00f2metres del c\u00e0mping, mentre que a l\u2019hivern es posaran els esqu\u00eds per anar a les moltes estacions dels voltants: Bonascre, Plateau de Beille, Port de Lers, etc.<\/p>\n<\/div><\/div><\/div><\/div><\/section>\n\n<section id=\"section-5f578aded104c\"\" class=\"section fourth-home bg-white p-t-0 p-b-0\" \/><div class=\"container full\"><div class=\"colonnes-wrap valign-middle \"><div class=\"element colonne p-8\"><h2 class=\"element section-title left\">Visiteu l&#8217;Ariege <span> des del camping <\/span><\/h2><div class=\"element bloc-text left \">\n\t<p>No falten <strong class = \"bold color1\"> llocs tur\u00edstics <\/strong> per descobrir al nostre c\u00e0mping. Aprofiteu la vostra estada a Arieja per fer <strong class = \"bold color1\"> senderisme a les muntanyes de S\u00e9dour <\/strong>, Calam\u00e8s, Col de Port ..<\/p>\n<p>Les excursions a la muntanya reserven <strong class = \"bold color1\"> belles sorpreses <\/strong> a l&#8217;estiu com a l&#8217;hivern.<\/p>\n<p>Els amants de la natura estaran encantats amb la pres\u00e8ncia de llacs de pesca i rius, llacs i rierols que travessen les muntanyes.<\/p>\n<p>La pesca, la nataci\u00f3, l\u2019espeleologia, el descens de barrancs, l\u2019escalada i molts altres s\u00f3n fonamentals.<\/p>\n<p>Els entusiastes del descobriment poden visitar el <strong class = \"bold color1\"> poble de Tarascon sur Ari\u00e8ge <\/strong>, les pintoresques ciutats de Foix amb els famosos Ch\u00e2teau de Foix i Monts\u00e9gur, que tamb\u00e9 alberguen un castell i una <strong class = \"bold color1\"> patrimoni excepcional <\/strong>.<\/p>\n<p>Haureu ent\u00e8s que la ubicaci\u00f3 geogr\u00e0fica del c\u00e0mping us permetr\u00e0 <strong class = \"bold color1\"> visitar l&#8217;Arieja <\/strong> amb facilitat.<\/p>\n<p>Per a les vostres properes vacances, vingueu a pescar, descanseu, passegeu i carregueu les piles al c\u00e0mping situat a un pas de Tarascon al peu del Pirineu de l\u2019Arieja.<\/p>\n<p>Si busqueu un <strong class = \"bold color1\"> lloc tranquil <\/strong>, <strong class = \"bold color1\"> verge <\/strong>, heu trobat el lloc perfecte per a la vostra estada. Situat a Occit\u00e0nia, a poca dist\u00e0ncia d&#8217;Andorra, al departament de l&#8217;Arieja, el c\u00e0mping S\u00e9dour est\u00e0 pensat per a vosaltres i, finalment, podreu comen\u00e7ar les vostres vacances <strong class = \"bold color1\"> a Arieja <\/strong>.<\/p>\n<\/div><\/div><div class=\"element colonne p-0 liste-home\"><ul class=\"liste-de-page\"><li class=\"element call-to-action p-0 liste-home call-to-action--style-1 call-to-action--big\"><a href=\"https:\/\/www.camping-lesedour.com\/ca\/activites\/campament-andorra\/\"  class=\"call-to-action_link\" title=\"Aprendre mes sobre andorra\"><div class=\"call-to-action_image\"><img decoding=\"async\" src=\"https:\/\/www.camping-lesedour.com\/wp-content\/uploads\/2020\/09\/camping-andorre-100x80.jpg\" data-src=\"https:\/\/www.camping-lesedour.com\/wp-content\/uploads\/2020\/09\/camping-andorre.jpg\" alt=\"camping andorre\" class=\"big\" \/><\/div><div class=\"call-to-action_contenu\"><div class=\"call-to-action_titre\">Andorra<\/div><div class=\"call-to-action_texte\">D\u00e9couvrir<\/div><\/div><\/a><\/li><li class=\"element call-to-action  call-to-action--style-1 call-to-action--big\"><a href=\"https:\/\/www.camping-lesedour.com\/ca\/activites\/campament-foix\/\"  class=\"call-to-action_link\" title=\"Aprendre mes sobre foix\"><div class=\"call-to-action_image\"><img decoding=\"async\" src=\"https:\/\/www.camping-lesedour.com\/wp-content\/uploads\/2020\/09\/camping-foix-100x80.jpg\" data-src=\"https:\/\/www.camping-lesedour.com\/wp-content\/uploads\/2020\/09\/camping-foix.jpg\" alt=\"camping foix\" class=\"big\" \/><\/div><div class=\"call-to-action_contenu\"><div class=\"call-to-action_titre\">Foix<\/div><div class=\"call-to-action_texte\">D\u00e9couvrir<\/div><\/div><\/a><\/li><li class=\"element call-to-action  call-to-action--style-1 call-to-action--big\"><a href=\"https:\/\/www.camping-lesedour.com\/ca\/activites\/campament-mas-azil\/\"  class=\"call-to-action_link\" title=\"Aprendre mes sobre mas d'azil\"><div class=\"call-to-action_image\"><img decoding=\"async\" src=\"https:\/\/www.camping-lesedour.com\/wp-content\/uploads\/2020\/09\/tourisme-mas-azil-100x80.jpg\" data-src=\"https:\/\/www.camping-lesedour.com\/wp-content\/uploads\/2020\/09\/tourisme-mas-azil.jpg\" alt=\"tourisme mas azil\" class=\"big\" \/><\/div><div class=\"call-to-action_contenu\"><div class=\"call-to-action_titre\">Mas d&#8217;Azil<\/div><div class=\"call-to-action_texte\">D\u00e9couvrir<\/div><\/div><\/a><\/li><li class=\"element call-to-action  call-to-action--style-1 call-to-action--big\"><a href=\"https:\/\/www.camping-lesedour.com\/ca\/activites\/campament-mirepoix\/\"  class=\"call-to-action_link\" title=\"Aprendre mes sobre mirepoix\"><div class=\"call-to-action_image\"><img decoding=\"async\" src=\"https:\/\/www.camping-lesedour.com\/wp-content\/uploads\/2020\/09\/camping-mirepoi-100x80.jpg\" data-src=\"https:\/\/www.camping-lesedour.com\/wp-content\/uploads\/2020\/09\/camping-mirepoi.jpg\" alt=\"camping mirepoix\" class=\"big\" \/><\/div><div class=\"call-to-action_contenu\"><div class=\"call-to-action_titre\">Mirepoix<\/div><div class=\"call-to-action_texte\">D\u00e9couvrir<\/div><\/div><\/a><\/li><li class=\"element call-to-action  call-to-action--style-1 call-to-action--big\"><a href=\"https:\/\/www.camping-lesedour.com\/ca\/activites\/campament-saint-girons\/\"  class=\"call-to-action_link\" title=\"Aprendre mes sobre saint girons \"><div class=\"call-to-action_image\"><img decoding=\"async\" src=\"https:\/\/www.camping-lesedour.com\/wp-content\/uploads\/2020\/09\/camping-saint-girons-100x80.jpg\" data-src=\"https:\/\/www.camping-lesedour.com\/wp-content\/uploads\/2020\/09\/camping-saint-girons.jpg\" alt=\"camping saint-girons\" class=\"big\" \/><\/div><div class=\"call-to-action_contenu\"><div class=\"call-to-action_titre\">Saint Girons <\/div><div class=\"call-to-action_texte\">D\u00e9couvrir<\/div><\/div><\/a><\/li><li class=\"element call-to-action  call-to-action--style-1 call-to-action--big\"><a href=\"https:\/\/www.camping-lesedour.com\/ca\/activites\/campament-ax-les-thermes\/\"  class=\"call-to-action_link\" title=\"Aprendre mes sobre ax-les-thermes\"><div class=\"call-to-action_image\"><img decoding=\"async\" src=\"https:\/\/www.camping-lesedour.com\/wp-content\/uploads\/2020\/09\/camping-ax-thermes-100x80.jpg\" data-src=\"https:\/\/www.camping-lesedour.com\/wp-content\/uploads\/2020\/09\/camping-ax-thermes.jpg\" alt=\"camping ax thermes\" class=\"big\" \/><\/div><div class=\"call-to-action_contenu\"><div class=\"call-to-action_titre\">Ax-les-Thermes<\/div><div class=\"call-to-action_texte\">D\u00e9couvrir<\/div><\/div><\/a><\/li><\/ul><div class=\"element call-to-action  call-to-action--style-1 call-to-action--normal\"><a href=\"https:\/\/www.camping-lesedour.com\/ca\/activites\/campament-vicdessos\/\"  class=\"call-to-action_link\" title=\"Aprendre mes sobre vicdessos\"><div class=\"call-to-action_image\"><img decoding=\"async\" src=\"https:\/\/www.camping-lesedour.com\/wp-content\/uploads\/2020\/09\/camping-vicdessos-100x80.jpg\" data-src=\"https:\/\/www.camping-lesedour.com\/wp-content\/uploads\/2020\/09\/camping-vicdessos.jpg\" alt=\"camping vicdessos\" class=\"normal\" \/><\/div><div class=\"call-to-action_contenu\"><div class=\"call-to-action_titre\">Vicdessos<\/div><div class=\"call-to-action_texte\">D\u00e9couvrir<\/div><\/div><\/a><\/div><div class=\"element call-to-action  call-to-action--style-1 call-to-action--normal\"><a href=\"\/ca\/camping-midi-pirineus\/\"  class=\"call-to-action_link\" title=\"Aprendre mes sobre occitanie\"><div class=\"call-to-action_image\"><img decoding=\"async\" src=\"https:\/\/www.camping-lesedour.com\/wp-content\/uploads\/2020\/09\/camping-midi-pyrenees-100x80.jpg\" data-src=\"https:\/\/www.camping-lesedour.com\/wp-content\/uploads\/2020\/09\/camping-midi-pyrenees.jpg\" alt=\"camping midi pyrenees\" class=\"normal\" \/><\/div><div class=\"call-to-action_contenu\"><div class=\"call-to-action_titre\">Occitanie<\/div><div class=\"call-to-action_texte\">D\u00e9couvrir<\/div><\/div><\/a><\/div><\/div><\/div><\/div><\/section>","protected":false},"excerpt":{"rendered":"","protected":false},"author":1,"featured_media":0,"parent":0,"menu_order":0,"comment_status":"closed","ping_status":"closed","template":"","meta":{"_acf_changed":false,"footnotes":""},"class_list":["post-751","page","type-page","status-publish","hentry"],"acf":[],"yoast_head":"<!-- This site is optimized with the Yoast SEO plugin v25.3 - https:\/\/yoast.com\/wordpress\/plugins\/seo\/ -->\n<title>C\u00e0mping Ariege | C\u00e0mping a Ariege, al Parc Natural Regional dels Pirineus<\/title>\n<meta name=\"description\" content=\"C\u00e0mping el Sedour, Petit c\u00e0mping familiar i tranquil al cor del Ariege tur\u00edstic prop de Tarascon. parada perfecta per a les seves vacances familiars.\" \/>\n<meta name=\"robots\" content=\"index, follow, max-snippet:-1, max-image-preview:large, max-video-preview:-1\" \/>\n<link rel=\"canonical\" href=\"https:\/\/www.camping-lesedour.com\/ca\/\" \/>\n<meta property=\"og:locale\" content=\"ca_ES\" \/>\n<meta property=\"og:type\" content=\"article\" \/>\n<meta property=\"og:title\" content=\"C\u00e0mping Ariege | C\u00e0mping a Ariege, al Parc Natural Regional dels Pirineus\" \/>\n<meta property=\"og:description\" content=\"C\u00e0mping el Sedour, Petit c\u00e0mping familiar i tranquil al cor del Ariege tur\u00edstic prop de Tarascon. parada perfecta per a les seves vacances familiars.\" \/>\n<meta property=\"og:url\" content=\"https:\/\/www.camping-lesedour.com\/ca\/\" \/>\n<meta property=\"og:site_name\" content=\"Camping le S\u00e9dour\" \/>\n<meta property=\"article:modified_time\" content=\"2025-06-12T12:06:41+00:00\" \/>\n<meta name=\"twitter:card\" content=\"summary_large_image\" \/>\n<script type=\"application\/ld+json\" class=\"yoast-schema-graph\">{\"@context\":\"https:\/\/schema.org\",\"@graph\":[{\"@type\":\"WebPage\",\"@id\":\"https:\/\/www.camping-lesedour.com\/ca\/\",\"url\":\"https:\/\/www.camping-lesedour.com\/ca\/\",\"name\":\"C\u00e0mping Ariege | C\u00e0mping a Ariege, al Parc Natural Regional dels Pirineus\",\"isPartOf\":{\"@id\":\"https:\/\/www.camping-lesedour.com\/ca\/#website\"},\"datePublished\":\"2015-11-27T12:49:13+00:00\",\"dateModified\":\"2025-06-12T12:06:41+00:00\",\"description\":\"C\u00e0mping el Sedour, Petit c\u00e0mping familiar i tranquil al cor del Ariege tur\u00edstic prop de Tarascon. parada perfecta per a les seves vacances familiars.\",\"breadcrumb\":{\"@id\":\"https:\/\/www.camping-lesedour.com\/ca\/#breadcrumb\"},\"inLanguage\":\"ca\",\"potentialAction\":[{\"@type\":\"ReadAction\",\"target\":[\"https:\/\/www.camping-lesedour.com\/ca\/\"]}]},{\"@type\":\"BreadcrumbList\",\"@id\":\"https:\/\/www.camping-lesedour.com\/ca\/#breadcrumb\",\"itemListElement\":[{\"@type\":\"ListItem\",\"position\":1,\"name\":\"Campament Ariege\",\"item\":\"https:\/\/www.camping-lesedour.com\/ca\/\"},{\"@type\":\"ListItem\",\"position\":2,\"name\":\"Inici\"}]},{\"@type\":\"WebSite\",\"@id\":\"https:\/\/www.camping-lesedour.com\/ca\/#website\",\"url\":\"https:\/\/www.camping-lesedour.com\/ca\/\",\"name\":\"Camping le S\u00e9dour\",\"description\":\"\",\"potentialAction\":[{\"@type\":\"SearchAction\",\"target\":{\"@type\":\"EntryPoint\",\"urlTemplate\":\"https:\/\/www.camping-lesedour.com\/ca\/?s={search_term_string}\"},\"query-input\":{\"@type\":\"PropertyValueSpecification\",\"valueRequired\":true,\"valueName\":\"search_term_string\"}}],\"inLanguage\":\"ca\"}]}<\/script>\n<!-- \/ Yoast SEO plugin. -->","yoast_head_json":{"title":"C\u00e0mping Ariege | C\u00e0mping a Ariege, al Parc Natural Regional dels Pirineus","description":"C\u00e0mping el Sedour, Petit c\u00e0mping familiar i tranquil al cor del Ariege tur\u00edstic prop de Tarascon. parada perfecta per a les seves vacances familiars.","robots":{"index":"index","follow":"follow","max-snippet":"max-snippet:-1","max-image-preview":"max-image-preview:large","max-video-preview":"max-video-preview:-1"},"canonical":"https:\/\/www.camping-lesedour.com\/ca\/","og_locale":"ca_ES","og_type":"article","og_title":"C\u00e0mping Ariege | C\u00e0mping a Ariege, al Parc Natural Regional dels Pirineus","og_description":"C\u00e0mping el Sedour, Petit c\u00e0mping familiar i tranquil al cor del Ariege tur\u00edstic prop de Tarascon. parada perfecta per a les seves vacances familiars.","og_url":"https:\/\/www.camping-lesedour.com\/ca\/","og_site_name":"Camping le S\u00e9dour","article_modified_time":"2025-06-12T12:06:41+00:00","twitter_card":"summary_large_image","schema":{"@context":"https:\/\/schema.org","@graph":[{"@type":"WebPage","@id":"https:\/\/www.camping-lesedour.com\/ca\/","url":"https:\/\/www.camping-lesedour.com\/ca\/","name":"C\u00e0mping Ariege | C\u00e0mping a Ariege, al Parc Natural Regional dels Pirineus","isPartOf":{"@id":"https:\/\/www.camping-lesedour.com\/ca\/#website"},"datePublished":"2015-11-27T12:49:13+00:00","dateModified":"2025-06-12T12:06:41+00:00","description":"C\u00e0mping el Sedour, Petit c\u00e0mping familiar i tranquil al cor del Ariege tur\u00edstic prop de Tarascon. parada perfecta per a les seves vacances familiars.","breadcrumb":{"@id":"https:\/\/www.camping-lesedour.com\/ca\/#breadcrumb"},"inLanguage":"ca","potentialAction":[{"@type":"ReadAction","target":["https:\/\/www.camping-lesedour.com\/ca\/"]}]},{"@type":"BreadcrumbList","@id":"https:\/\/www.camping-lesedour.com\/ca\/#breadcrumb","itemListElement":[{"@type":"ListItem","position":1,"name":"Campament Ariege","item":"https:\/\/www.camping-lesedour.com\/ca\/"},{"@type":"ListItem","position":2,"name":"Inici"}]},{"@type":"WebSite","@id":"https:\/\/www.camping-lesedour.com\/ca\/#website","url":"https:\/\/www.camping-lesedour.com\/ca\/","name":"Camping le S\u00e9dour","description":"","potentialAction":[{"@type":"SearchAction","target":{"@type":"EntryPoint","urlTemplate":"https:\/\/www.camping-lesedour.com\/ca\/?s={search_term_string}"},"query-input":{"@type":"PropertyValueSpecification","valueRequired":true,"valueName":"search_term_string"}}],"inLanguage":"ca"}]}},"_links":{"self":[{"href":"https:\/\/www.camping-lesedour.com\/ca\/wp-json\/wp\/v2\/pages\/751"}],"collection":[{"href":"https:\/\/www.camping-lesedour.com\/ca\/wp-json\/wp\/v2\/pages"}],"about":[{"href":"https:\/\/www.camping-lesedour.com\/ca\/wp-json\/wp\/v2\/types\/page"}],"author":[{"embeddable":true,"href":"https:\/\/www.camping-lesedour.com\/ca\/wp-json\/wp\/v2\/users\/1"}],"replies":[{"embeddable":true,"href":"https:\/\/www.camping-lesedour.com\/ca\/wp-json\/wp\/v2\/comments?post=751"}],"version-history":[{"count":20,"href":"https:\/\/www.camping-lesedour.com\/ca\/wp-json\/wp\/v2\/pages\/751\/revisions"}],"predecessor-version":[{"id":5873,"href":"https:\/\/www.camping-lesedour.com\/ca\/wp-json\/wp\/v2\/pages\/751\/revisions\/5873"}],"wp:attachment":[{"href":"https:\/\/www.camping-lesedour.com\/ca\/wp-json\/wp\/v2\/media?parent=751"}],"curies":[{"name":"wp","href":"https:\/\/api.w.org\/{rel}","templated":true}]}}