{"id":755,"date":"2015-11-30T12:02:09","date_gmt":"2015-11-30T11:02:09","guid":{"rendered":"https:\/\/www.camping-lesedour.com\/ca\/presentation-camping-midi-pyrenees\/"},"modified":"2022-08-30T16:39:53","modified_gmt":"2022-08-30T14:39:53","slug":"presentacio-camping-migdia-pirineus","status":"publish","type":"page","link":"https:\/\/www.camping-lesedour.com\/ca\/presentacio-camping-migdia-pirineus\/","title":{"rendered":"El c\u00e0mping del S\u00e9dour prop de Tarascon sur Ari\u00e8ge, a Migdia Pirineus"},"content":{"rendered":"<section id=\"section-5f6b51e6d8b51\"\" class=\"section bg-color3\" \/><div class=\"container\"><h1 class=\"element section-title center\">Camping de 3 estrelles a Surba<\/h1><\/div><\/section>\n\n<section id=\"section-5f6b51e6d8ffe\"\" class=\"section bg-white p-t-0\" \/><div class=\"container extralarge\"><div class=\"colonnes-wrap valign-top \"><div class=\"element colonne w-40 p-0\"><div class=\"element images\"><div class=\"image\"><img decoding=\"async\" src=\"https:\/\/www.camping-lesedour.com\/wp-content\/uploads\/2020\/09\/camping-en-ariege-78x100.jpg\" data-src=\"https:\/\/www.camping-lesedour.com\/wp-content\/uploads\/2020\/09\/camping-en-ariege.jpg\" alt=\"camping en ariege\" class=\"images_image\" \/><\/div><\/div><\/div><div class=\"element colonne w-60 p-4\"><h2 class=\"element section-title justify\">Descobriu el nostre camping<\/h2><div class=\"element bloc-text justify \">\n\t<p>Situat al cor d\u2019una vall, als peus de la muntanya de la que rep el nom, dins el Parc Regional Natural dels Pirineus d\u2019Ari\u00e8ge, el C\u00e0mping le S\u00e9dour \u00e9s el lloc ideal per als apassionats de la tranquil\u00b7litat, la natura i els descobriment de nous llocs.<\/p>\n<ul>\n<li>El camping est\u00e1 abierto todo el a\u00f1o para residencias<\/li>\n<li>Situat a SURBA a 2 KM de Tarascon sur Ari\u00e8ge<\/li>\n<li>Altitud: 500 metres<\/li>\n<li>Estaci\u00f3 SNCF 2 KM \u2013 Parada Bus 2 KM<\/li>\n<li>105 KM de TOULOUSE<\/li>\n<li>322 KM de BARCELONA<\/li>\n<\/ul>\n<p>Poseu-vos en contacte amb les nostres parcel\u00b7les durant tot l&#8217;any i les nostres cases m\u00f2bils a la venda. Per a la vostra comoditat, teniu a la vostra disposici\u00f3 2 blocs sanitaris completament equipats.<\/p>\n<p>Saludeu la primavera i assistiu al despertar de la natura, en un lloc protegit de la contaminaci\u00f3, sense entreteniment ni piscina, aix\u00f2 \u00e9s el que us ofereix el <a href=\"\/ca\/\"> c\u00e0mping &#8220;le S\u00e9dour&#8221; a Ari\u00e8ge<\/a>, a les seves molt c\u00f2modes cases m\u00f2bils, equipades amb TNT, WIFI i obertes al lloguer durant tot l&#8217;any, amb seguretat ininterrompuda per part de Patrick.<\/p>\n<p>Novetats el 2022:<br \/>\nLes instal\u00b7lacions sanit\u00e0ries, totalment noves, renovades l&#8217;any 2022, estan equipades amb PMR (dutxa, WC, lavabo i lavabo) i una banyera per a nadons.<\/p>\n<\/div><\/div><\/div><\/div><\/section>\n\n<section id=\"section-5f6b51e6d970e\"\" class=\"section bg-color3\" \/><div class=\"container full\"><div class=\"colonnes-wrap valign-middle \"><div class=\"element colonne w-60 p-0\"><div class=\"element images\"><div class=\"image\"><img decoding=\"async\" src=\"https:\/\/www.camping-lesedour.com\/wp-content\/uploads\/2020\/09\/mobil-home-services-ariege-100x80.jpg\" data-src=\"https:\/\/www.camping-lesedour.com\/wp-content\/uploads\/2020\/09\/mobil-home-services-ariege.jpg\" alt=\"mobil-home services ariege\" class=\"images_image\" \/><\/div><div class=\"image\"><img decoding=\"async\" src=\"https:\/\/www.camping-lesedour.com\/wp-content\/uploads\/2020\/09\/camping-calme-ariege-100x80.jpg\" data-src=\"https:\/\/www.camping-lesedour.com\/wp-content\/uploads\/2020\/09\/camping-calme-ariege.jpg\" alt=\"camping calme ariege\" class=\"images_image\" \/><\/div><\/div><div class=\"element images\"><div class=\"image\"><img decoding=\"async\" src=\"https:\/\/www.camping-lesedour.com\/wp-content\/uploads\/2020\/09\/ping-pong-ariege-100x80.jpg\" data-src=\"https:\/\/www.camping-lesedour.com\/wp-content\/uploads\/2020\/09\/ping-pong-ariege.jpg\" alt=\"ping-pong ariege\" class=\"images_image\" \/><\/div><div class=\"image\"><img decoding=\"async\" src=\"https:\/\/www.camping-lesedour.com\/wp-content\/uploads\/2020\/09\/interieur-mobil-home-ariege-100x80.jpg\" data-src=\"https:\/\/www.camping-lesedour.com\/wp-content\/uploads\/2020\/09\/interieur-mobil-home-ariege.jpg\" alt=\"interieur mobil-home ariege\" class=\"images_image\" \/><\/div><\/div><\/div><div class=\"element colonne p-8 w-40\"><div class=\"element bloc-text justify \">\n\t<p>El nou propietari Christophe est\u00e0 orgull\u00f3s de la tasca de modernitzaci\u00f3 que ja ha dut a terme per obrir a la regi\u00f3, <strong class = \"bold color1\">un nou concepte d\u2019allotjament exterior<\/strong>: totes les comoditats m\u00e9s a prop de la natura, allunyat de les mol\u00e8sties de l\u2019activitat urbana!<\/p>\n<p>\u00c9s una estada revitalitzant que el <strong class = \"bold color1\"> entorn natural de Surba <\/strong> us garanteix; podeu adoptar la f\u00f3rmula clau:<\/p>\n<p><strong class = \"bold color1\"> &#8220;Despr\u00e9s d&#8217;una estada al c\u00e0mping S\u00e9dour, sempre tornem!&#8221; <\/strong><\/p>\n<\/div><h2 class=\"element section-title justify m-t-6\">Els nostres serveis al camping<\/h2><div class=\"element bloc-text justify \">\n\t<p>Entre els <strong class = \"bold color1\"> diferents serveis <\/strong> que s&#8217;ofereixen al c\u00e0mping Le S\u00e9dour, trobareu aparcament privat exterior, a m\u00e9s de l&#8217;espai per al cotxe situat a la parcel\u00b7la del vostre lloguer.<\/p>\n<p>Com que el c\u00e0mping est\u00e0 equipat amb una barrera autom\u00e0tica que funciona de 7 a 23 hores, a la vostra arribada se us lliurar\u00e0 una ins\u00edgnia de pas <strong class = \"bold color1\"> durant la vostra estada<\/strong>.<\/p>\n<p>A la parcel\u00b7la o a l&#8217;estructura que heu llogat (xalet, Coco Sweet o casa m\u00f2bil), la Wi-Fi <strong class = \"bold color1\"> \u00e9s gratu\u00efta. <\/strong><\/p>\n<\/div><\/div><\/div><\/div><\/section>\n\n<section id=\"section-duplicate\"\" class=\"section bg-white p-t-0\" \/><div class=\"container extralarge\"><div class=\"colonnes-wrap valign-top \"><div class=\"element colonne w-60 p-4\"><div class=\"element bloc-text justify \">\n\t<p>Hi ha una sala de bugaderia oberta per a \u00fas de rentadores i assecadores.<\/p>\n<p>Un <strong class=\"bold color1\"> parc infantil <\/strong> amb gronxadors, carrusel i taules de ping pong mantindr\u00e0 ocupats els nens petits.<\/p>\n<p>Una <strong class=\"bold color1\"> pista de petanca <\/strong> espera als jugadors de petanca i la <strong class=\"bold color1\"> zona de la barbacoa <\/strong> a prop est\u00e0 preparada per fer brasa. Sota la bonica p\u00e8rgola, taules i cadires donen la benvinguda a grans i petits per gaudir de carns a la brasa i especialitats locals, aix\u00ed com begudes fredes a la venda a la recepci\u00f3 del c\u00e0mping.<\/p>\n<p>A la sala polivalent , hi ha una televisi\u00f3, una zona de biblioteca, jocs de taula per a grans i petits.<\/p>\n<p>En aquesta sala tamb\u00e9 s\u2019instal\u00b7len una nevera, un congelador i un microones per a campistes sense equipament dom\u00e8stic. Tamb\u00e9 hi ha bombones de gas prop\u00e0 a la venda per ajudar-les si cal.<\/p>\n<p>Cada mat\u00ed <strong class=\"bold color1\"> un forner <\/strong> ve a lliurar el pa i les pastes.<\/p>\n<\/div><\/div><div class=\"element colonne w-40 p-0\"><div class=\"element images\"><div class=\"image\"><img decoding=\"async\" src=\"https:\/\/www.camping-lesedour.com\/wp-content\/uploads\/2020\/09\/petanque-ariege-78x100.jpg\" data-src=\"https:\/\/www.camping-lesedour.com\/wp-content\/uploads\/2020\/09\/petanque-ariege.jpg\" alt=\"petanque ariege\" class=\"images_image\" \/><\/div><\/div><\/div><\/div><\/div><\/section>\n\n<section id=\"section-cta-bas-page\"\" class=\"section bg-color3\" \/><div class=\"container extralarge\"><div class=\"element section-title center titre-cta\">Els nostres altres serveis de camping<\/div><ul class=\"liste-de-page\"><li class=\"element call-to-action center titre-cta call-to-action--style-1 call-to-action--normal\"><a href=\"https:\/\/www.camping-lesedour.com\/ca\/activitats-camping-ariege\/\"  class=\"call-to-action_link\" title=\"Aprendre mes sobre activitats a l'arieja\"><div class=\"call-to-action_image\"><img decoding=\"async\" src=\"https:\/\/www.camping-lesedour.com\/wp-content\/uploads\/2020\/09\/partenaire-ariege-100x80.jpg\" data-src=\"https:\/\/www.camping-lesedour.com\/wp-content\/uploads\/2020\/09\/partenaire-ariege.jpg\" alt=\"partenaire Ari\u00e8ge\" class=\"normal\" \/><\/div><div class=\"call-to-action_contenu\"><div class=\"call-to-action_titre\">Activitats a l&#8217;Arieja<\/div><div class=\"call-to-action_texte\">Apr\u00e8n m\u00e9s<\/div><\/div><\/a><\/li><li class=\"element call-to-action  call-to-action--style-1 call-to-action--normal\"><a href=\"https:\/\/www.camping-lesedour.com\/ca\/camping-obert-tot-lany\/\"  class=\"call-to-action_link\" title=\"Aprendre mes sobre obert tot l'any\"><div class=\"call-to-action_image\"><img decoding=\"async\" src=\"https:\/\/www.camping-lesedour.com\/wp-content\/uploads\/2024\/01\/camping-sedour-ouvert-100x80.jpg\" data-src=\"https:\/\/www.camping-lesedour.com\/wp-content\/uploads\/2024\/01\/camping-sedour-ouvert.jpg\" alt=\"\" class=\"normal\" \/><\/div><div class=\"call-to-action_contenu\"><div class=\"call-to-action_titre\">Obert tot l&#8217;any<\/div><div class=\"call-to-action_texte\">Apr\u00e8n m\u00e9s<\/div><\/div><\/a><\/li><\/ul><\/div><\/section>","protected":false},"excerpt":{"rendered":"","protected":false},"author":1,"featured_media":5878,"parent":0,"menu_order":0,"comment_status":"closed","ping_status":"closed","template":"","meta":{"_acf_changed":false,"footnotes":""},"class_list":["post-755","page","type-page","status-publish","has-post-thumbnail","hentry"],"acf":[],"yoast_head":"<!-- This site is optimized with the Yoast SEO plugin v25.3 - https:\/\/yoast.com\/wordpress\/plugins\/seo\/ -->\n<title>C\u00e0mping Tarascon sur Ari\u00e8ge - C\u00e0mping balneari Ariege<\/title>\n<meta name=\"description\" content=\"Descobreixi el nostre c\u00e0mping Ari\u00e8ge 3 estrelles per a la seva propera estada als Pirineus Ari\u00e9oises\" \/>\n<meta name=\"robots\" content=\"index, follow, max-snippet:-1, max-image-preview:large, max-video-preview:-1\" \/>\n<link rel=\"canonical\" href=\"https:\/\/www.camping-lesedour.com\/ca\/presentacio-camping-migdia-pirineus\/\" \/>\n<meta property=\"og:locale\" content=\"ca_ES\" \/>\n<meta property=\"og:type\" content=\"article\" \/>\n<meta property=\"og:title\" content=\"C\u00e0mping Tarascon sur Ari\u00e8ge - C\u00e0mping balneari Ariege\" \/>\n<meta property=\"og:description\" content=\"Descobreixi el nostre c\u00e0mping Ari\u00e8ge 3 estrelles per a la seva propera estada als Pirineus Ari\u00e9oises\" \/>\n<meta property=\"og:url\" content=\"https:\/\/www.camping-lesedour.com\/ca\/presentacio-camping-migdia-pirineus\/\" \/>\n<meta property=\"og:site_name\" content=\"Camping le S\u00e9dour\" \/>\n<meta property=\"article:modified_time\" content=\"2022-08-30T14:39:53+00:00\" \/>\n<meta property=\"og:image\" content=\"https:\/\/www.camping-lesedour.com\/wp-content\/uploads\/2020\/10\/camping-reception-ariege.jpg\" \/>\n\t<meta property=\"og:image:width\" content=\"1903\" \/>\n\t<meta property=\"og:image:height\" content=\"550\" \/>\n\t<meta property=\"og:image:type\" content=\"image\/jpeg\" \/>\n<meta name=\"twitter:card\" content=\"summary_large_image\" \/>\n<script type=\"application\/ld+json\" class=\"yoast-schema-graph\">{\"@context\":\"https:\/\/schema.org\",\"@graph\":[{\"@type\":\"WebPage\",\"@id\":\"https:\/\/www.camping-lesedour.com\/ca\/presentacio-camping-migdia-pirineus\/\",\"url\":\"https:\/\/www.camping-lesedour.com\/ca\/presentacio-camping-migdia-pirineus\/\",\"name\":\"C\u00e0mping Tarascon sur Ari\u00e8ge - C\u00e0mping balneari Ariege\",\"isPartOf\":{\"@id\":\"https:\/\/www.camping-lesedour.com\/ca\/#website\"},\"primaryImageOfPage\":{\"@id\":\"https:\/\/www.camping-lesedour.com\/ca\/presentacio-camping-migdia-pirineus\/#primaryimage\"},\"image\":{\"@id\":\"https:\/\/www.camping-lesedour.com\/ca\/presentacio-camping-migdia-pirineus\/#primaryimage\"},\"thumbnailUrl\":\"https:\/\/www.camping-lesedour.com\/wp-content\/uploads\/2025\/06\/new-accueil.webp\",\"datePublished\":\"2015-11-30T11:02:09+00:00\",\"dateModified\":\"2022-08-30T14:39:53+00:00\",\"description\":\"Descobreixi el nostre c\u00e0mping Ari\u00e8ge 3 estrelles per a la seva propera estada als Pirineus Ari\u00e9oises\",\"breadcrumb\":{\"@id\":\"https:\/\/www.camping-lesedour.com\/ca\/presentacio-camping-migdia-pirineus\/#breadcrumb\"},\"inLanguage\":\"ca\",\"potentialAction\":[{\"@type\":\"ReadAction\",\"target\":[\"https:\/\/www.camping-lesedour.com\/ca\/presentacio-camping-migdia-pirineus\/\"]}]},{\"@type\":\"ImageObject\",\"inLanguage\":\"ca\",\"@id\":\"https:\/\/www.camping-lesedour.com\/ca\/presentacio-camping-migdia-pirineus\/#primaryimage\",\"url\":\"https:\/\/www.camping-lesedour.com\/wp-content\/uploads\/2025\/06\/new-accueil.webp\",\"contentUrl\":\"https:\/\/www.camping-lesedour.com\/wp-content\/uploads\/2025\/06\/new-accueil.webp\",\"width\":1000,\"height\":563,\"caption\":\"camping le s\u00e9dour\"},{\"@type\":\"BreadcrumbList\",\"@id\":\"https:\/\/www.camping-lesedour.com\/ca\/presentacio-camping-migdia-pirineus\/#breadcrumb\",\"itemListElement\":[{\"@type\":\"ListItem\",\"position\":1,\"name\":\"Campament Ariege\",\"item\":\"https:\/\/www.camping-lesedour.com\/ca\/\"},{\"@type\":\"ListItem\",\"position\":2,\"name\":\"Presentaci\u00f3 del c\u00e0mping\"}]},{\"@type\":\"WebSite\",\"@id\":\"https:\/\/www.camping-lesedour.com\/ca\/#website\",\"url\":\"https:\/\/www.camping-lesedour.com\/ca\/\",\"name\":\"Camping le S\u00e9dour\",\"description\":\"\",\"potentialAction\":[{\"@type\":\"SearchAction\",\"target\":{\"@type\":\"EntryPoint\",\"urlTemplate\":\"https:\/\/www.camping-lesedour.com\/ca\/?s={search_term_string}\"},\"query-input\":{\"@type\":\"PropertyValueSpecification\",\"valueRequired\":true,\"valueName\":\"search_term_string\"}}],\"inLanguage\":\"ca\"}]}<\/script>\n<!-- \/ Yoast SEO plugin. -->","yoast_head_json":{"title":"C\u00e0mping Tarascon sur Ari\u00e8ge - C\u00e0mping balneari Ariege","description":"Descobreixi el nostre c\u00e0mping Ari\u00e8ge 3 estrelles per a la seva propera estada als Pirineus Ari\u00e9oises","robots":{"index":"index","follow":"follow","max-snippet":"max-snippet:-1","max-image-preview":"max-image-preview:large","max-video-preview":"max-video-preview:-1"},"canonical":"https:\/\/www.camping-lesedour.com\/ca\/presentacio-camping-migdia-pirineus\/","og_locale":"ca_ES","og_type":"article","og_title":"C\u00e0mping Tarascon sur Ari\u00e8ge - C\u00e0mping balneari Ariege","og_description":"Descobreixi el nostre c\u00e0mping Ari\u00e8ge 3 estrelles per a la seva propera estada als Pirineus Ari\u00e9oises","og_url":"https:\/\/www.camping-lesedour.com\/ca\/presentacio-camping-migdia-pirineus\/","og_site_name":"Camping le S\u00e9dour","article_modified_time":"2022-08-30T14:39:53+00:00","og_image":[{"width":1903,"height":550,"url":"https:\/\/www.camping-lesedour.com\/wp-content\/uploads\/2020\/10\/camping-reception-ariege.jpg","type":"image\/jpeg"}],"twitter_card":"summary_large_image","schema":{"@context":"https:\/\/schema.org","@graph":[{"@type":"WebPage","@id":"https:\/\/www.camping-lesedour.com\/ca\/presentacio-camping-migdia-pirineus\/","url":"https:\/\/www.camping-lesedour.com\/ca\/presentacio-camping-migdia-pirineus\/","name":"C\u00e0mping Tarascon sur Ari\u00e8ge - C\u00e0mping balneari Ariege","isPartOf":{"@id":"https:\/\/www.camping-lesedour.com\/ca\/#website"},"primaryImageOfPage":{"@id":"https:\/\/www.camping-lesedour.com\/ca\/presentacio-camping-migdia-pirineus\/#primaryimage"},"image":{"@id":"https:\/\/www.camping-lesedour.com\/ca\/presentacio-camping-migdia-pirineus\/#primaryimage"},"thumbnailUrl":"https:\/\/www.camping-lesedour.com\/wp-content\/uploads\/2025\/06\/new-accueil.webp","datePublished":"2015-11-30T11:02:09+00:00","dateModified":"2022-08-30T14:39:53+00:00","description":"Descobreixi el nostre c\u00e0mping Ari\u00e8ge 3 estrelles per a la seva propera estada als Pirineus Ari\u00e9oises","breadcrumb":{"@id":"https:\/\/www.camping-lesedour.com\/ca\/presentacio-camping-migdia-pirineus\/#breadcrumb"},"inLanguage":"ca","potentialAction":[{"@type":"ReadAction","target":["https:\/\/www.camping-lesedour.com\/ca\/presentacio-camping-migdia-pirineus\/"]}]},{"@type":"ImageObject","inLanguage":"ca","@id":"https:\/\/www.camping-lesedour.com\/ca\/presentacio-camping-migdia-pirineus\/#primaryimage","url":"https:\/\/www.camping-lesedour.com\/wp-content\/uploads\/2025\/06\/new-accueil.webp","contentUrl":"https:\/\/www.camping-lesedour.com\/wp-content\/uploads\/2025\/06\/new-accueil.webp","width":1000,"height":563,"caption":"camping le s\u00e9dour"},{"@type":"BreadcrumbList","@id":"https:\/\/www.camping-lesedour.com\/ca\/presentacio-camping-migdia-pirineus\/#breadcrumb","itemListElement":[{"@type":"ListItem","position":1,"name":"Campament Ariege","item":"https:\/\/www.camping-lesedour.com\/ca\/"},{"@type":"ListItem","position":2,"name":"Presentaci\u00f3 del c\u00e0mping"}]},{"@type":"WebSite","@id":"https:\/\/www.camping-lesedour.com\/ca\/#website","url":"https:\/\/www.camping-lesedour.com\/ca\/","name":"Camping le S\u00e9dour","description":"","potentialAction":[{"@type":"SearchAction","target":{"@type":"EntryPoint","urlTemplate":"https:\/\/www.camping-lesedour.com\/ca\/?s={search_term_string}"},"query-input":{"@type":"PropertyValueSpecification","valueRequired":true,"valueName":"search_term_string"}}],"inLanguage":"ca"}]}},"_links":{"self":[{"href":"https:\/\/www.camping-lesedour.com\/ca\/wp-json\/wp\/v2\/pages\/755"}],"collection":[{"href":"https:\/\/www.camping-lesedour.com\/ca\/wp-json\/wp\/v2\/pages"}],"about":[{"href":"https:\/\/www.camping-lesedour.com\/ca\/wp-json\/wp\/v2\/types\/page"}],"author":[{"embeddable":true,"href":"https:\/\/www.camping-lesedour.com\/ca\/wp-json\/wp\/v2\/users\/1"}],"replies":[{"embeddable":true,"href":"https:\/\/www.camping-lesedour.com\/ca\/wp-json\/wp\/v2\/comments?post=755"}],"version-history":[{"count":19,"href":"https:\/\/www.camping-lesedour.com\/ca\/wp-json\/wp\/v2\/pages\/755\/revisions"}],"predecessor-version":[{"id":4701,"href":"https:\/\/www.camping-lesedour.com\/ca\/wp-json\/wp\/v2\/pages\/755\/revisions\/4701"}],"wp:featuredmedia":[{"embeddable":true,"href":"https:\/\/www.camping-lesedour.com\/ca\/wp-json\/wp\/v2\/media\/5878"}],"wp:attachment":[{"href":"https:\/\/www.camping-lesedour.com\/ca\/wp-json\/wp\/v2\/media?parent=755"}],"curies":[{"name":"wp","href":"https:\/\/api.w.org\/{rel}","templated":true}]}}