{"id":758,"date":"2015-11-30T08:37:00","date_gmt":"2015-11-30T07:37:00","guid":{"rendered":"https:\/\/www.camping-lesedour.com\/ca\/camping-pas-cher-ariege\/"},"modified":"2024-01-11T15:44:25","modified_gmt":"2024-01-11T14:44:25","slug":"preus-camping-ariege","status":"publish","type":"page","link":"https:\/\/www.camping-lesedour.com\/ca\/preus-camping-ariege\/","title":{"rendered":"Els preus"},"content":{"rendered":"<section id=\"section-5f6b51e6d8b51\"\" class=\"section bg-color3\" \/><div class=\"container\"><h1 class=\"element section-title center\">Camping barat Ariege<\/h1><div class=\"element bloc-text center \">\n\t<p>Tens un pressupost redu\u00eft per a les teves vacances? Allotgeu-vos econ\u00f2micament a Ari\u00e8ge al <a href=\"\/ca\/\"> c\u00e0mping Le S\u00e9dour <\/a>.<\/p>\n<\/div><\/div><\/section>\n\n<section id=\"section-5f6b51e6d8ffe\"\" class=\"section bg-white p-t-0\" \/><div class=\"container extralarge\"><div class=\"colonnes-wrap valign-top \"><div class=\"element colonne p-0 w-70\"><div class=\"element bloc-text justify \">\n\t<p><script>\n    window.ctoutvert = {\n        id: 735,\n        lang: 'ca',\n        url: 'https:\/\/bookingpremium.secureholiday.net\/widgets\/', \n    };\n    (function (w, d, s, ctv, r, js, fjs) {\n        r=new XMLHttpRequest();r.open('GET',w[ctv].url+'js\/src.json');\n        r.responseType='json';r.json=true;r.send();\n        r.onload=function(){w[ctv].src=r.responseType=='json'?r.response:JSON.parse(r.response);\n        js.src=w[ctv].src[0];fjs.parentNode.insertBefore(js, fjs);}\n        js=d.createElement(s),fjs=d.getElementsByTagName(s)[0];\n        js.id='ctvwidget';js.async=1;\n    }(window, document, 'script', 'ctoutvert'));\n<\/script><br \/>\n<ctv-availability data-full='true' ><\/ctv-availability><\/p>\n<\/div><\/div><div class=\"element colonne p-0 w-30\"><div class=\"element bloc-text justify \">\n\t<p><ctv-offers data-only-with-stock='false' ><\/ctv-offers><\/p>\n<\/div><\/div><\/div><\/div><\/section>\n\n<section id=\"section-5f6b51e6d970e\"\" class=\"section bg-color3\" \/><div class=\"container full\"><div class=\"colonnes-wrap valign-middle \"><div class=\"element colonne w-60 p-0\"><div class=\"element images\"><div class=\"image\"><img decoding=\"async\" src=\"https:\/\/www.camping-lesedour.com\/wp-content\/uploads\/2024\/01\/camping-le-sedour-ariege-100x80.jpg\" data-src=\"https:\/\/www.camping-lesedour.com\/wp-content\/uploads\/2024\/01\/camping-le-sedour-ariege.jpg\" alt=\"emplacement acsi\" class=\"images_image\" \/><\/div><div class=\"image\"><img decoding=\"async\" src=\"https:\/\/www.camping-lesedour.com\/wp-content\/uploads\/2020\/09\/acsi-emplacement-ariege-100x70.jpg\" data-src=\"https:\/\/www.camping-lesedour.com\/wp-content\/uploads\/2020\/09\/acsi-emplacement-ariege.jpg\" alt=\"acsi emplacement ariege\" class=\"images_image\" \/><\/div><\/div><div class=\"element images\"><div class=\"image\"><img decoding=\"async\" src=\"https:\/\/www.camping-lesedour.com\/wp-content\/uploads\/2020\/09\/acsi-ariege-100x70.jpg\" data-src=\"https:\/\/www.camping-lesedour.com\/wp-content\/uploads\/2020\/09\/acsi-ariege.jpg\" alt=\"acsi ariege\" class=\"images_image\" \/><\/div><div class=\"image\"><img decoding=\"async\" src=\"https:\/\/www.camping-lesedour.com\/wp-content\/uploads\/2024\/01\/camping-sedour-ouvert-100x80.jpg\" data-src=\"https:\/\/www.camping-lesedour.com\/wp-content\/uploads\/2024\/01\/camping-sedour-ouvert.jpg\" alt=\"allee camping ariege\" class=\"images_image\" \/><\/div><\/div><\/div><div class=\"element colonne p-8 w-40\"><h2 class=\"element section-title justify m-t-6\">Lloga una parcel\u00b7la d\u2019acampada barata<\/h2><div class=\"element bloc-text justify \">\n\t<p>El c\u00e0mping Le S\u00e9dour compta amb llocs per a caravanes adaptats als diferents perfils de <strong class = \"bold color1\"> estiuejants i viatgers <\/strong>: parcel\u00b7les naturals petites o parcel\u00b7les Grand Comfort, <strong class = \"bold color1\"> totes es compleixen les necessitats! <\/strong><\/p>\n<p>Aix\u00ed s\u2019ofereixen paquets adaptats a cada pressupost. Molt econ\u00f2mic, el passi de moto i el passi per a excursionistes estan pensats per a persones solteres que v\u00e9nen en moto, a peu o en bicicleta.<\/p>\n<p>Fora de juliol-agost, com en temporada alta, es poden fer <strong class = \"bold color1\"> molt bones ofertes <\/strong> aprofitant, per exemple, les promocions que estem establint amb motiu de la cursa cicloturportiva L &#8216; Ari\u00e9geoise a finals de juny.<\/p>\n<p>Des de principis de setembre fins a principis de juliol, les targetes ACSI, BEST DEAL o FFCC us permeten romandre en una parcel\u00b7la Comfort amb electricitat a 14 euros per nit.<\/p>\n<\/div><\/div><\/div><\/div><\/section>\n\n<section id=\"section-duplicate\"\" class=\"section bg-white p-t-0\" \/><div class=\"container extralarge\"><div class=\"colonnes-wrap valign-top \"><div class=\"element colonne w-60 p-4\"><h2 class=\"element section-title justify\">Lloguer de cases mobils a preus baixos<\/h2><div class=\"element bloc-text justify \">\n\t<p>Els mobile homes econ\u00f2mics disponibles al c\u00e0mping Le S\u00e9dour us oferiran tota la comoditat que necessiteu. Podeu triar entre lloguers de 31 a 35 m\u00b2 equipats amb estris de cuina, TNT i sanitaris. Les cases m\u00f2bils per a 2, 4, o 4\/5 o 6 persones estan a la vostra disposici\u00f3 per a una <strong class = \"bold color1\"> estada c\u00f2moda <\/strong> a un preu m\u00ednim per a duo, fam\u00edlia o grups. Tamb\u00e9 podeu optar per xalets per a 5 persones o cases mobles Coco Sweet sense instal\u00b7lacions sanit\u00e0ries.<\/p>\n<p>Per a les properes vacances a Occit\u00e0nia, tenim <strong class = \"bold color1\"> moltes ofertes avantatjoses <\/strong>. Des de principis de juliol fins a principis de setembre, amb l\u2019operaci\u00f3 Early Booking, podeu allotjar-vos en una casa m\u00f2bil o en un dels nostres inusuals dol\u00e7os de coco, aprofitant una reducci\u00f3 del 5 o 10% del paquet setmanal. . Els preus per nit us permeten <strong class = \"bold color1\"> reservar per a estades curtes <\/strong> a preus baixos. Al juliol i agost, tamb\u00e9 s\u00f3n possibles estades curtes amb arribada i sortida dimecres o dissabte.<\/p>\n<\/div><\/div><div class=\"element colonne w-40 p-0\"><div class=\"element images\"><div class=\"image\"><img decoding=\"async\" src=\"https:\/\/www.camping-lesedour.com\/wp-content\/uploads\/2020\/09\/camping-proprietaire-ariege-78x100.jpg\" data-src=\"https:\/\/www.camping-lesedour.com\/wp-content\/uploads\/2020\/09\/camping-proprietaire-ariege.jpg\" alt=\"camping mobil-home ariege\" class=\"images_image\" \/><\/div><\/div><\/div><\/div><\/div><\/section>\n\n<section id=\"section-cta-bas-page\"\" class=\"section bg-color3\" \/><div class=\"container extralarge\"><div class=\"element section-title center titre-cta\">Llogueu la vostra casa m\u00f2bil o el vostre lloc al camping<\/div><ul class=\"liste-de-page\"><li class=\"element call-to-action center titre-cta call-to-action--style-1 call-to-action--normal\"><a href=\"https:\/\/www.camping-lesedour.com\/ca\/venda-casa-mobil-ariege\/\"  class=\"call-to-action_link\" title=\"Aprendre mes sobre feu-vos propietaris\"><div class=\"call-to-action_image\"><img decoding=\"async\" src=\"https:\/\/www.camping-lesedour.com\/wp-content\/uploads\/2024\/01\/camping-sedour-devenez-100x80.jpg\" data-src=\"https:\/\/www.camping-lesedour.com\/wp-content\/uploads\/2024\/01\/camping-sedour-devenez.jpg\" alt=\"camping-sedour-devenez\" class=\"normal\" \/><\/div><div class=\"call-to-action_contenu\"><div class=\"call-to-action_titre\">Feu-vos propietaris<\/div><div class=\"call-to-action_texte\">Apr\u00e8n m\u00e9s<\/div><\/div><\/a><\/li><li class=\"element call-to-action  call-to-action--style-1 call-to-action--normal\"><a href=\"https:\/\/www.camping-lesedour.com\/ca\/lloguer-de-mobile-home-ariege\/\"  class=\"call-to-action_link\" title=\"Aprendre mes sobre mobilhome\"><div class=\"call-to-action_image\"><img decoding=\"async\" src=\"https:\/\/www.camping-lesedour.com\/wp-content\/uploads\/2024\/01\/camping-le-sedour-ariege-100x80.jpg\" data-src=\"https:\/\/www.camping-lesedour.com\/wp-content\/uploads\/2024\/01\/camping-le-sedour-ariege.jpg\" alt=\"\" class=\"normal\" \/><\/div><div class=\"call-to-action_contenu\"><div class=\"call-to-action_titre\">Mobilhome<\/div><div class=\"call-to-action_texte\">Apr\u00e8n m\u00e9s<\/div><\/div><\/a><\/li><li class=\"element call-to-action  call-to-action--style-1 call-to-action--normal\"><a href=\"https:\/\/www.camping-lesedour.com\/ca\/tarascon-ariege-camping-pitch\/\"  class=\"call-to-action_link\" title=\"Aprendre mes sobre parcel\u00b7les\"><div class=\"call-to-action_image\"><img decoding=\"async\" src=\"https:\/\/www.camping-lesedour.com\/wp-content\/uploads\/2020\/09\/camping-caravaning-ariege-100x80.jpg\" data-src=\"https:\/\/www.camping-lesedour.com\/wp-content\/uploads\/2020\/09\/camping-caravaning-ariege.jpg\" alt=\"camping caravaning ariege\" class=\"normal\" \/><\/div><div class=\"call-to-action_contenu\"><div class=\"call-to-action_titre\">Parcel\u00b7les<\/div><div class=\"call-to-action_texte\">Apr\u00e8n m\u00e9s<\/div><\/div><\/a><\/li><\/ul><\/div><\/section>","protected":false},"excerpt":{"rendered":"","protected":false},"author":1,"featured_media":5427,"parent":0,"menu_order":0,"comment_status":"closed","ping_status":"closed","template":"","meta":{"_acf_changed":false,"footnotes":""},"class_list":["post-758","page","type-page","status-publish","has-post-thumbnail","hentry"],"acf":[],"yoast_head":"<!-- This site is optimized with the Yoast SEO plugin v25.3 - https:\/\/yoast.com\/wordpress\/plugins\/seo\/ -->\n<title>Camping Ariege barat - lloguer de vacances de baix preu, descomptes<\/title>\n<meta name=\"description\" content=\"Descobreixi m\u00e9s sobre el nostre c\u00e0mping barat a Ari\u00e8ge: habitatges m\u00f2bils en llocs confortables a Ari\u00e8ge.m\u00e9sVoir aussimosmonma\" \/>\n<meta name=\"robots\" content=\"index, follow, max-snippet:-1, max-image-preview:large, max-video-preview:-1\" \/>\n<link rel=\"canonical\" href=\"https:\/\/www.camping-lesedour.com\/ca\/preus-camping-ariege\/\" \/>\n<meta property=\"og:locale\" content=\"ca_ES\" \/>\n<meta property=\"og:type\" content=\"article\" \/>\n<meta property=\"og:title\" content=\"Camping Ariege barat - lloguer de vacances de baix preu, descomptes\" \/>\n<meta property=\"og:description\" content=\"Descobreixi m\u00e9s sobre el nostre c\u00e0mping barat a Ari\u00e8ge: habitatges m\u00f2bils en llocs confortables a Ari\u00e8ge.m\u00e9sVoir aussimosmonma\" \/>\n<meta property=\"og:url\" content=\"https:\/\/www.camping-lesedour.com\/ca\/preus-camping-ariege\/\" \/>\n<meta property=\"og:site_name\" content=\"Camping le S\u00e9dour\" \/>\n<meta property=\"article:modified_time\" content=\"2024-01-11T14:44:25+00:00\" \/>\n<meta property=\"og:image\" content=\"https:\/\/www.camping-lesedour.com\/wp-content\/uploads\/2024\/01\/camping-le-sedour-contact.jpg\" \/>\n\t<meta property=\"og:image:width\" content=\"1903\" \/>\n\t<meta property=\"og:image:height\" content=\"550\" \/>\n\t<meta property=\"og:image:type\" content=\"image\/jpeg\" \/>\n<meta name=\"twitter:card\" content=\"summary_large_image\" \/>\n<script type=\"application\/ld+json\" class=\"yoast-schema-graph\">{\"@context\":\"https:\/\/schema.org\",\"@graph\":[{\"@type\":\"WebPage\",\"@id\":\"https:\/\/www.camping-lesedour.com\/ca\/preus-camping-ariege\/\",\"url\":\"https:\/\/www.camping-lesedour.com\/ca\/preus-camping-ariege\/\",\"name\":\"Camping Ariege barat - lloguer de vacances de baix preu, descomptes\",\"isPartOf\":{\"@id\":\"https:\/\/www.camping-lesedour.com\/ca\/#website\"},\"primaryImageOfPage\":{\"@id\":\"https:\/\/www.camping-lesedour.com\/ca\/preus-camping-ariege\/#primaryimage\"},\"image\":{\"@id\":\"https:\/\/www.camping-lesedour.com\/ca\/preus-camping-ariege\/#primaryimage\"},\"thumbnailUrl\":\"https:\/\/www.camping-lesedour.com\/wp-content\/uploads\/2024\/01\/camping-le-sedour-contact.jpg\",\"datePublished\":\"2015-11-30T07:37:00+00:00\",\"dateModified\":\"2024-01-11T14:44:25+00:00\",\"description\":\"Descobreixi m\u00e9s sobre el nostre c\u00e0mping barat a Ari\u00e8ge: habitatges m\u00f2bils en llocs confortables a Ari\u00e8ge.m\u00e9sVoir aussimosmonma\",\"breadcrumb\":{\"@id\":\"https:\/\/www.camping-lesedour.com\/ca\/preus-camping-ariege\/#breadcrumb\"},\"inLanguage\":\"ca\",\"potentialAction\":[{\"@type\":\"ReadAction\",\"target\":[\"https:\/\/www.camping-lesedour.com\/ca\/preus-camping-ariege\/\"]}]},{\"@type\":\"ImageObject\",\"inLanguage\":\"ca\",\"@id\":\"https:\/\/www.camping-lesedour.com\/ca\/preus-camping-ariege\/#primaryimage\",\"url\":\"https:\/\/www.camping-lesedour.com\/wp-content\/uploads\/2024\/01\/camping-le-sedour-contact.jpg\",\"contentUrl\":\"https:\/\/www.camping-lesedour.com\/wp-content\/uploads\/2024\/01\/camping-le-sedour-contact.jpg\",\"width\":1903,\"height\":550},{\"@type\":\"BreadcrumbList\",\"@id\":\"https:\/\/www.camping-lesedour.com\/ca\/preus-camping-ariege\/#breadcrumb\",\"itemListElement\":[{\"@type\":\"ListItem\",\"position\":1,\"name\":\"Campament Ariege\",\"item\":\"https:\/\/www.camping-lesedour.com\/ca\/\"},{\"@type\":\"ListItem\",\"position\":2,\"name\":\"Reserva de vacances Ariege\"}]},{\"@type\":\"WebSite\",\"@id\":\"https:\/\/www.camping-lesedour.com\/ca\/#website\",\"url\":\"https:\/\/www.camping-lesedour.com\/ca\/\",\"name\":\"Camping le S\u00e9dour\",\"description\":\"\",\"potentialAction\":[{\"@type\":\"SearchAction\",\"target\":{\"@type\":\"EntryPoint\",\"urlTemplate\":\"https:\/\/www.camping-lesedour.com\/ca\/?s={search_term_string}\"},\"query-input\":{\"@type\":\"PropertyValueSpecification\",\"valueRequired\":true,\"valueName\":\"search_term_string\"}}],\"inLanguage\":\"ca\"}]}<\/script>\n<!-- \/ Yoast SEO plugin. -->","yoast_head_json":{"title":"Camping Ariege barat - lloguer de vacances de baix preu, descomptes","description":"Descobreixi m\u00e9s sobre el nostre c\u00e0mping barat a Ari\u00e8ge: habitatges m\u00f2bils en llocs confortables a Ari\u00e8ge.m\u00e9sVoir aussimosmonma","robots":{"index":"index","follow":"follow","max-snippet":"max-snippet:-1","max-image-preview":"max-image-preview:large","max-video-preview":"max-video-preview:-1"},"canonical":"https:\/\/www.camping-lesedour.com\/ca\/preus-camping-ariege\/","og_locale":"ca_ES","og_type":"article","og_title":"Camping Ariege barat - lloguer de vacances de baix preu, descomptes","og_description":"Descobreixi m\u00e9s sobre el nostre c\u00e0mping barat a Ari\u00e8ge: habitatges m\u00f2bils en llocs confortables a Ari\u00e8ge.m\u00e9sVoir aussimosmonma","og_url":"https:\/\/www.camping-lesedour.com\/ca\/preus-camping-ariege\/","og_site_name":"Camping le S\u00e9dour","article_modified_time":"2024-01-11T14:44:25+00:00","og_image":[{"width":1903,"height":550,"url":"https:\/\/www.camping-lesedour.com\/wp-content\/uploads\/2024\/01\/camping-le-sedour-contact.jpg","type":"image\/jpeg"}],"twitter_card":"summary_large_image","schema":{"@context":"https:\/\/schema.org","@graph":[{"@type":"WebPage","@id":"https:\/\/www.camping-lesedour.com\/ca\/preus-camping-ariege\/","url":"https:\/\/www.camping-lesedour.com\/ca\/preus-camping-ariege\/","name":"Camping Ariege barat - lloguer de vacances de baix preu, descomptes","isPartOf":{"@id":"https:\/\/www.camping-lesedour.com\/ca\/#website"},"primaryImageOfPage":{"@id":"https:\/\/www.camping-lesedour.com\/ca\/preus-camping-ariege\/#primaryimage"},"image":{"@id":"https:\/\/www.camping-lesedour.com\/ca\/preus-camping-ariege\/#primaryimage"},"thumbnailUrl":"https:\/\/www.camping-lesedour.com\/wp-content\/uploads\/2024\/01\/camping-le-sedour-contact.jpg","datePublished":"2015-11-30T07:37:00+00:00","dateModified":"2024-01-11T14:44:25+00:00","description":"Descobreixi m\u00e9s sobre el nostre c\u00e0mping barat a Ari\u00e8ge: habitatges m\u00f2bils en llocs confortables a Ari\u00e8ge.m\u00e9sVoir aussimosmonma","breadcrumb":{"@id":"https:\/\/www.camping-lesedour.com\/ca\/preus-camping-ariege\/#breadcrumb"},"inLanguage":"ca","potentialAction":[{"@type":"ReadAction","target":["https:\/\/www.camping-lesedour.com\/ca\/preus-camping-ariege\/"]}]},{"@type":"ImageObject","inLanguage":"ca","@id":"https:\/\/www.camping-lesedour.com\/ca\/preus-camping-ariege\/#primaryimage","url":"https:\/\/www.camping-lesedour.com\/wp-content\/uploads\/2024\/01\/camping-le-sedour-contact.jpg","contentUrl":"https:\/\/www.camping-lesedour.com\/wp-content\/uploads\/2024\/01\/camping-le-sedour-contact.jpg","width":1903,"height":550},{"@type":"BreadcrumbList","@id":"https:\/\/www.camping-lesedour.com\/ca\/preus-camping-ariege\/#breadcrumb","itemListElement":[{"@type":"ListItem","position":1,"name":"Campament Ariege","item":"https:\/\/www.camping-lesedour.com\/ca\/"},{"@type":"ListItem","position":2,"name":"Reserva de vacances Ariege"}]},{"@type":"WebSite","@id":"https:\/\/www.camping-lesedour.com\/ca\/#website","url":"https:\/\/www.camping-lesedour.com\/ca\/","name":"Camping le S\u00e9dour","description":"","potentialAction":[{"@type":"SearchAction","target":{"@type":"EntryPoint","urlTemplate":"https:\/\/www.camping-lesedour.com\/ca\/?s={search_term_string}"},"query-input":{"@type":"PropertyValueSpecification","valueRequired":true,"valueName":"search_term_string"}}],"inLanguage":"ca"}]}},"_links":{"self":[{"href":"https:\/\/www.camping-lesedour.com\/ca\/wp-json\/wp\/v2\/pages\/758"}],"collection":[{"href":"https:\/\/www.camping-lesedour.com\/ca\/wp-json\/wp\/v2\/pages"}],"about":[{"href":"https:\/\/www.camping-lesedour.com\/ca\/wp-json\/wp\/v2\/types\/page"}],"author":[{"embeddable":true,"href":"https:\/\/www.camping-lesedour.com\/ca\/wp-json\/wp\/v2\/users\/1"}],"replies":[{"embeddable":true,"href":"https:\/\/www.camping-lesedour.com\/ca\/wp-json\/wp\/v2\/comments?post=758"}],"version-history":[{"count":10,"href":"https:\/\/www.camping-lesedour.com\/ca\/wp-json\/wp\/v2\/pages\/758\/revisions"}],"predecessor-version":[{"id":5549,"href":"https:\/\/www.camping-lesedour.com\/ca\/wp-json\/wp\/v2\/pages\/758\/revisions\/5549"}],"wp:featuredmedia":[{"embeddable":true,"href":"https:\/\/www.camping-lesedour.com\/ca\/wp-json\/wp\/v2\/media\/5427"}],"wp:attachment":[{"href":"https:\/\/www.camping-lesedour.com\/ca\/wp-json\/wp\/v2\/media?parent=758"}],"curies":[{"name":"wp","href":"https:\/\/api.w.org\/{rel}","templated":true}]}}