{"id":771,"date":"2015-11-30T18:31:59","date_gmt":"2015-11-30T17:31:59","guid":{"rendered":"https:\/\/www.camping-lesedour.com\/ca\/contact-camping-ariege\/"},"modified":"2024-01-11T09:52:12","modified_gmt":"2024-01-11T08:52:12","slug":"contacte-camping-ariege","status":"publish","type":"page","link":"https:\/\/www.camping-lesedour.com\/ca\/contacte-camping-ariege\/","title":{"rendered":"Contacte"},"content":{"rendered":"<section id=\"section-5f6b51e6d8b51\"\" class=\"section bg-color3\" \/><div class=\"container\"><h1 class=\"element section-title center\">Acces al camping<\/h1><\/div><\/section>\n\n<section id=\"section-5f6b51e6d8ffe\"\" class=\"section bg-white p-t-0\" \/><div class=\"container extralarge\"><div class=\"colonnes-wrap valign-top \"><div class=\"element colonne w-40 p-0\"><div class=\"element images\"><div class=\"image\"><img decoding=\"async\" src=\"https:\/\/www.camping-lesedour.com\/wp-content\/uploads\/2020\/10\/reception-ariege-1-85x100.jpg\" data-src=\"https:\/\/www.camping-lesedour.com\/wp-content\/uploads\/2020\/10\/reception-ariege-1.jpg\" alt=\"reception ariege\" class=\"images_image\" \/><\/div><\/div><\/div><div class=\"element colonne w-60 p-4\"><h2 class=\"element section-title justify\">Poseu-vos en contacte amb nosaltres al camping<\/h2><div class=\"element bloc-text justify \">\n\t<p>Per a qualsevol informaci\u00f3, reserva, no dubti a enviar el formulari de contacte.<\/p>\n<ul>\n<li><strong class=\"bold color1\">Adre\u00e7a <\/strong>: Camping le S\u00e9dour, 09400 Surba \/ Tarascon sur Ari\u00e8ge, Ari\u00e8ge, Occitanie<\/li>\n<li><strong class=\"bold color1\">Tel\u00e8fon<\/strong> : +33 (0)5 61 05 87 28<\/li>\n<li><strong class=\"bold color1\">Bernard (reserva)<\/strong> : +33 (0)7 83 38 73 57<\/li>\n<li><strong class=\"bold color1\">Christophe (propietari)<\/strong> : +33 (0)6 49 52 39 38*<\/li>\n<li><strong class=\"bold color1\">Correu electr\u00f2nic<\/strong> : <a href=\"mailto:campinglesedour@orange.fr\" target=\"_blank\" rel=\"noopener\">campinglesedour@orange.fr<\/a><\/li>\n<\/ul>\n<p>En el <strong class = \"bold color1\"> cas de controv\u00e8rsia <\/strong> i despr\u00e9s d&#8217;entrar al servei &#8220;client&#8221; de l&#8217;establiment, qualsevol client del c\u00e0mping t\u00e9 la possibilitat d&#8217;entrar a un mediador de consumidors en un termini m\u00e0xim un any des de la data de la reclamaci\u00f3 per escrit, mitjan\u00e7ant lliurament registrat, a l\u2019operador.<\/p>\n<p>Les <strong class = \"bold color1\"> dades de contacte del mediador <\/strong> susceptibles de ser contactades pel client s\u00f3n les seg\u00fcents: derivaci\u00f3 per correu electr\u00f2nic: contact@medicys.fr. Refer\u00e8ncia per correu postal: 73 boulevard de clichy 75009 Paris \/ Tel\u00e8fon: 01 49 70 15 93.<\/p>\n<\/div><\/div><\/div><\/div><\/section>\n\n<section id=\"section-5f6b51e6d970e\"\" class=\"section bg-color3\" \/><div class=\"container full\"><div class=\"colonnes-wrap valign-middle \"><div class=\"element colonne w-60 p-0\"><div class=\"formulaire-de-contact\">\n<div class=\"wpcf7 no-js\" id=\"wpcf7-f773-o1\" lang=\"fr-FR\" dir=\"ltr\">\n<div class=\"screen-reader-response\"><p role=\"status\" aria-live=\"polite\" aria-atomic=\"true\"><\/p> <ul><\/ul><\/div>\n<form action=\"\/ca\/wp-json\/wp\/v2\/pages\/771#wpcf7-f773-o1\" method=\"post\" class=\"wpcf7-form init\" aria-label=\"Formulaire de contact\" novalidate=\"novalidate\" data-status=\"init\">\n<div style=\"display: none;\">\n<input type=\"hidden\" name=\"_wpcf7\" value=\"773\" \/>\n<input type=\"hidden\" name=\"_wpcf7_version\" value=\"5.9.8\" \/>\n<input type=\"hidden\" name=\"_wpcf7_locale\" value=\"fr_FR\" \/>\n<input type=\"hidden\" name=\"_wpcf7_unit_tag\" value=\"wpcf7-f773-o1\" \/>\n<input type=\"hidden\" name=\"_wpcf7_container_post\" value=\"0\" \/>\n<input type=\"hidden\" name=\"_wpcf7_posted_data_hash\" value=\"\" \/>\n<input type=\"hidden\" name=\"_wpcf7_recaptcha_response\" value=\"\" \/>\n<\/div>\n<div class=\"row\">\n\t<div class=\"col-md-6\">\n\t\t<p>Nom *\n\t\t<\/p>\n\t\t<p><span class=\"wpcf7-form-control-wrap\" data-name=\"your-name\"><input size=\"40\" maxlength=\"400\" class=\"wpcf7-form-control wpcf7-text wpcf7-validates-as-required\" aria-required=\"true\" aria-invalid=\"false\" value=\"\" type=\"text\" name=\"your-name\" \/><\/span>\n\t\t<\/p>\n\t<\/div>\n\t<div class=\"col-md-6\">\n\t\t<p>Correu electr\u00f2nic *\n\t\t<\/p>\n\t\t<p><span class=\"wpcf7-form-control-wrap\" data-name=\"your-email\"><input size=\"40\" maxlength=\"400\" class=\"wpcf7-form-control wpcf7-email wpcf7-validates-as-required wpcf7-text wpcf7-validates-as-email\" aria-required=\"true\" aria-invalid=\"false\" value=\"\" type=\"email\" name=\"your-email\" \/><\/span>\n\t\t<\/p>\n\t<\/div>\n<\/div>\n<p>Subjecte *\n<\/p>\n<p><span class=\"wpcf7-form-control-wrap\" data-name=\"your-subject\"><input size=\"40\" maxlength=\"400\" class=\"wpcf7-form-control wpcf7-text\" aria-invalid=\"false\" value=\"\" type=\"text\" name=\"your-subject\" \/><\/span>\n<\/p>\n<p>Missatge *\n<\/p>\n<p><span class=\"wpcf7-form-control-wrap\" data-name=\"your-message\"><textarea cols=\"40\" rows=\"10\" maxlength=\"2000\" class=\"wpcf7-form-control wpcf7-textarea\" aria-invalid=\"false\" name=\"your-message\"><\/textarea><\/span>\n<\/p>\n<p><span class=\"wpcf7-form-control-wrap\" data-name=\"acceptance-354\"><span class=\"wpcf7-form-control wpcf7-acceptance\"><span class=\"wpcf7-list-item\"><label><input type=\"checkbox\" name=\"acceptance-354\" value=\"1\" aria-invalid=\"false\" \/><span class=\"wpcf7-list-item-label\">Si marqueu aquesta casella, accepto la <a href=\"\/ca\/politica-de-confidencialidad\/\" rel=\"noopener\" target=\"_blank\"> pol\u00edtica de privadesa <\/a> d&#8217;aquest lloc web.<\/span><\/label><\/span><\/span><\/span>\n<\/p>\n<p><input class=\"wpcf7-form-control wpcf7-submit has-spinner\" type=\"submit\" value=\"Enviar\" \/>\n<\/p><div class=\"wpcf7-response-output\" aria-hidden=\"true\"><\/div>\n<\/form>\n<\/div>\n<\/div><\/div><div class=\"element colonne w-40 p-r-8\"><div class=\"element bloc-text justify \">\n\t<p>Un formulari de contacte us permetr\u00e0 enviar r\u00e0pidament al nostre equip qualsevol <strong class = \"bold color1\"> consulta <\/strong>, sol\u00b7licitud especial o sol\u00b7licitud d&#8217;assist\u00e8ncia amb la vostra reserva.<\/p>\n<p>Tamb\u00e9 ens podeu escriure per correu electr\u00f2nic a <strong class = \"bold color1\"> campinglesedour@orange.fr <\/strong> o contactar-nos directament per tel\u00e8fon a <strong class = \"bold color1\"> 05 61 05 87 28 <\/strong>. Per fer una reserva per tel\u00e8fon, poseu-vos en contacte amb Bernard al <strong class = \"bold color1\"> 07 83 38 73 57 <\/strong>.<\/p>\n<p>Tamb\u00e9 podeu reservar amb molta facilitat al nostre lloc, escollint <strong class = \"bold color1\"> l&#8217;allotjament que vulgueu <\/strong>, introduint les vostres dates i seleccionant entre les nostres propostes de preus l&#8217;estada que m\u00e9s us convingui. A continuaci\u00f3, feu clic al bot\u00f3 <strong class = \"bold color1\"> &#8220;Reserva&#8221; <\/strong> i deixeu-vos guiar.<\/p>\n<\/div><\/div><\/div><\/div><\/section>\n\n<section id=\"section-duplicate\"\" class=\"section bg-white p-t-0\" \/><div class=\"container extralarge\"><div class=\"colonnes-wrap valign-top \"><div class=\"element colonne w-60 p-4\"><h2 class=\"element section-title left\">Com arribar al camping Le Sedour<\/h2><div class=\"element bloc-text justify \">\n\t<p>El <a href=\"\/ca\/\"> c\u00e0mping Ari\u00e8ge <\/a> Le S\u00e9dour est\u00e0 situat a 2 km de l&#8217;estaci\u00f3 de tren de Tarascon-sur-Ari\u00e8ge, en direcci\u00f3 a B\u00e9deilhac.<\/p>\n<p>Situat a <strong class = \"bold color1\"> l&#8217;eix ferroviari Par\u00eds-Barcelona <\/strong>, est\u00e0 servit tant per les principals l\u00ednies nacionals com pels trens TER Occitanie.<\/p>\n<p>Per tant, baixem de les estacions principals de Tolosa-Matabiau i Par\u00eds-Austerlitz.<\/p>\n<p><strong class=\"bold color1\">Aeroport<\/strong> m\u00e9s proper a Tarascon \u00e9s Toulouse-Blagnac, a poc m\u00e9s d&#8217;una hora en cotxe de la nacional N20 i despr\u00e9s de les autopistes A66 i A61.<\/p>\n<\/div><\/div><div class=\"element colonne w-40 p-0\"><div class=\"carte\" data-src=\"https:\/\/www.google.com\/maps\/embed?pb=!1m14!1m8!1m3!1d157334.5550394567!2d1.492721795675839!3d42.8836034657971!3m2!1i1024!2i768!4f13.1!3m3!1m2!1s0x0%3A0xc21f6f17d6d225ec!2sCamping%20Le%20Sedour%20%7C%20Camping%20Ari%C3%A8ge!5e0!3m2!1sfr!2sfr!4v1601461371849!5m2!1sfr!2sfr\"><\/div><\/div><\/div><\/div><\/section>","protected":false},"excerpt":{"rendered":"","protected":false},"author":1,"featured_media":5427,"parent":0,"menu_order":0,"comment_status":"closed","ping_status":"closed","template":"","meta":{"_acf_changed":false,"footnotes":""},"class_list":["post-771","page","type-page","status-publish","has-post-thumbnail","hentry"],"acf":[],"yoast_head":"<!-- This site is optimized with the Yoast SEO plugin v25.3 - https:\/\/yoast.com\/wordpress\/plugins\/seo\/ -->\n<title>Com arribar al c\u00e0mping Le S\u00e9dour: mapa, itinerari, acc\u00e9s al c\u00e0mping<\/title>\n<meta name=\"description\" content=\"Contacti amb el c\u00e0mping a Tarascon sur Ari\u00e8ge, com arribar al c\u00e0mping a Ari\u00e8ge.\" \/>\n<meta name=\"robots\" content=\"index, follow, max-snippet:-1, max-image-preview:large, max-video-preview:-1\" \/>\n<link rel=\"canonical\" href=\"https:\/\/www.camping-lesedour.com\/ca\/contacte-camping-ariege\/\" \/>\n<meta property=\"og:locale\" content=\"ca_ES\" \/>\n<meta property=\"og:type\" content=\"article\" \/>\n<meta property=\"og:title\" content=\"Com arribar al c\u00e0mping Le S\u00e9dour: mapa, itinerari, acc\u00e9s al c\u00e0mping\" \/>\n<meta property=\"og:description\" content=\"Contacti amb el c\u00e0mping a Tarascon sur Ari\u00e8ge, com arribar al c\u00e0mping a Ari\u00e8ge.\" \/>\n<meta property=\"og:url\" content=\"https:\/\/www.camping-lesedour.com\/ca\/contacte-camping-ariege\/\" \/>\n<meta property=\"og:site_name\" content=\"Camping le S\u00e9dour\" \/>\n<meta property=\"article:modified_time\" content=\"2024-01-11T08:52:12+00:00\" \/>\n<meta property=\"og:image\" content=\"https:\/\/www.camping-lesedour.com\/wp-content\/uploads\/2024\/01\/camping-le-sedour-contact.jpg\" \/>\n\t<meta property=\"og:image:width\" content=\"1903\" \/>\n\t<meta property=\"og:image:height\" content=\"550\" \/>\n\t<meta property=\"og:image:type\" content=\"image\/jpeg\" \/>\n<meta name=\"twitter:card\" content=\"summary_large_image\" \/>\n<script type=\"application\/ld+json\" class=\"yoast-schema-graph\">{\"@context\":\"https:\/\/schema.org\",\"@graph\":[{\"@type\":\"WebPage\",\"@id\":\"https:\/\/www.camping-lesedour.com\/ca\/contacte-camping-ariege\/\",\"url\":\"https:\/\/www.camping-lesedour.com\/ca\/contacte-camping-ariege\/\",\"name\":\"Com arribar al c\u00e0mping Le S\u00e9dour: mapa, itinerari, acc\u00e9s al c\u00e0mping\",\"isPartOf\":{\"@id\":\"https:\/\/www.camping-lesedour.com\/ca\/#website\"},\"primaryImageOfPage\":{\"@id\":\"https:\/\/www.camping-lesedour.com\/ca\/contacte-camping-ariege\/#primaryimage\"},\"image\":{\"@id\":\"https:\/\/www.camping-lesedour.com\/ca\/contacte-camping-ariege\/#primaryimage\"},\"thumbnailUrl\":\"https:\/\/www.camping-lesedour.com\/wp-content\/uploads\/2024\/01\/camping-le-sedour-contact.jpg\",\"datePublished\":\"2015-11-30T17:31:59+00:00\",\"dateModified\":\"2024-01-11T08:52:12+00:00\",\"description\":\"Contacti amb el c\u00e0mping a Tarascon sur Ari\u00e8ge, com arribar al c\u00e0mping a Ari\u00e8ge.\",\"breadcrumb\":{\"@id\":\"https:\/\/www.camping-lesedour.com\/ca\/contacte-camping-ariege\/#breadcrumb\"},\"inLanguage\":\"ca\",\"potentialAction\":[{\"@type\":\"ReadAction\",\"target\":[\"https:\/\/www.camping-lesedour.com\/ca\/contacte-camping-ariege\/\"]}]},{\"@type\":\"ImageObject\",\"inLanguage\":\"ca\",\"@id\":\"https:\/\/www.camping-lesedour.com\/ca\/contacte-camping-ariege\/#primaryimage\",\"url\":\"https:\/\/www.camping-lesedour.com\/wp-content\/uploads\/2024\/01\/camping-le-sedour-contact.jpg\",\"contentUrl\":\"https:\/\/www.camping-lesedour.com\/wp-content\/uploads\/2024\/01\/camping-le-sedour-contact.jpg\",\"width\":1903,\"height\":550},{\"@type\":\"BreadcrumbList\",\"@id\":\"https:\/\/www.camping-lesedour.com\/ca\/contacte-camping-ariege\/#breadcrumb\",\"itemListElement\":[{\"@type\":\"ListItem\",\"position\":1,\"name\":\"Campament Ariege\",\"item\":\"https:\/\/www.camping-lesedour.com\/ca\/\"},{\"@type\":\"ListItem\",\"position\":2,\"name\":\"Acc\u00e9s al c\u00e0mping Le S\u00e9dour\"}]},{\"@type\":\"WebSite\",\"@id\":\"https:\/\/www.camping-lesedour.com\/ca\/#website\",\"url\":\"https:\/\/www.camping-lesedour.com\/ca\/\",\"name\":\"Camping le S\u00e9dour\",\"description\":\"\",\"potentialAction\":[{\"@type\":\"SearchAction\",\"target\":{\"@type\":\"EntryPoint\",\"urlTemplate\":\"https:\/\/www.camping-lesedour.com\/ca\/?s={search_term_string}\"},\"query-input\":{\"@type\":\"PropertyValueSpecification\",\"valueRequired\":true,\"valueName\":\"search_term_string\"}}],\"inLanguage\":\"ca\"}]}<\/script>\n<!-- \/ Yoast SEO plugin. -->","yoast_head_json":{"title":"Com arribar al c\u00e0mping Le S\u00e9dour: mapa, itinerari, acc\u00e9s al c\u00e0mping","description":"Contacti amb el c\u00e0mping a Tarascon sur Ari\u00e8ge, com arribar al c\u00e0mping a Ari\u00e8ge.","robots":{"index":"index","follow":"follow","max-snippet":"max-snippet:-1","max-image-preview":"max-image-preview:large","max-video-preview":"max-video-preview:-1"},"canonical":"https:\/\/www.camping-lesedour.com\/ca\/contacte-camping-ariege\/","og_locale":"ca_ES","og_type":"article","og_title":"Com arribar al c\u00e0mping Le S\u00e9dour: mapa, itinerari, acc\u00e9s al c\u00e0mping","og_description":"Contacti amb el c\u00e0mping a Tarascon sur Ari\u00e8ge, com arribar al c\u00e0mping a Ari\u00e8ge.","og_url":"https:\/\/www.camping-lesedour.com\/ca\/contacte-camping-ariege\/","og_site_name":"Camping le S\u00e9dour","article_modified_time":"2024-01-11T08:52:12+00:00","og_image":[{"width":1903,"height":550,"url":"https:\/\/www.camping-lesedour.com\/wp-content\/uploads\/2024\/01\/camping-le-sedour-contact.jpg","type":"image\/jpeg"}],"twitter_card":"summary_large_image","schema":{"@context":"https:\/\/schema.org","@graph":[{"@type":"WebPage","@id":"https:\/\/www.camping-lesedour.com\/ca\/contacte-camping-ariege\/","url":"https:\/\/www.camping-lesedour.com\/ca\/contacte-camping-ariege\/","name":"Com arribar al c\u00e0mping Le S\u00e9dour: mapa, itinerari, acc\u00e9s al c\u00e0mping","isPartOf":{"@id":"https:\/\/www.camping-lesedour.com\/ca\/#website"},"primaryImageOfPage":{"@id":"https:\/\/www.camping-lesedour.com\/ca\/contacte-camping-ariege\/#primaryimage"},"image":{"@id":"https:\/\/www.camping-lesedour.com\/ca\/contacte-camping-ariege\/#primaryimage"},"thumbnailUrl":"https:\/\/www.camping-lesedour.com\/wp-content\/uploads\/2024\/01\/camping-le-sedour-contact.jpg","datePublished":"2015-11-30T17:31:59+00:00","dateModified":"2024-01-11T08:52:12+00:00","description":"Contacti amb el c\u00e0mping a Tarascon sur Ari\u00e8ge, com arribar al c\u00e0mping a Ari\u00e8ge.","breadcrumb":{"@id":"https:\/\/www.camping-lesedour.com\/ca\/contacte-camping-ariege\/#breadcrumb"},"inLanguage":"ca","potentialAction":[{"@type":"ReadAction","target":["https:\/\/www.camping-lesedour.com\/ca\/contacte-camping-ariege\/"]}]},{"@type":"ImageObject","inLanguage":"ca","@id":"https:\/\/www.camping-lesedour.com\/ca\/contacte-camping-ariege\/#primaryimage","url":"https:\/\/www.camping-lesedour.com\/wp-content\/uploads\/2024\/01\/camping-le-sedour-contact.jpg","contentUrl":"https:\/\/www.camping-lesedour.com\/wp-content\/uploads\/2024\/01\/camping-le-sedour-contact.jpg","width":1903,"height":550},{"@type":"BreadcrumbList","@id":"https:\/\/www.camping-lesedour.com\/ca\/contacte-camping-ariege\/#breadcrumb","itemListElement":[{"@type":"ListItem","position":1,"name":"Campament Ariege","item":"https:\/\/www.camping-lesedour.com\/ca\/"},{"@type":"ListItem","position":2,"name":"Acc\u00e9s al c\u00e0mping Le S\u00e9dour"}]},{"@type":"WebSite","@id":"https:\/\/www.camping-lesedour.com\/ca\/#website","url":"https:\/\/www.camping-lesedour.com\/ca\/","name":"Camping le S\u00e9dour","description":"","potentialAction":[{"@type":"SearchAction","target":{"@type":"EntryPoint","urlTemplate":"https:\/\/www.camping-lesedour.com\/ca\/?s={search_term_string}"},"query-input":{"@type":"PropertyValueSpecification","valueRequired":true,"valueName":"search_term_string"}}],"inLanguage":"ca"}]}},"_links":{"self":[{"href":"https:\/\/www.camping-lesedour.com\/ca\/wp-json\/wp\/v2\/pages\/771"}],"collection":[{"href":"https:\/\/www.camping-lesedour.com\/ca\/wp-json\/wp\/v2\/pages"}],"about":[{"href":"https:\/\/www.camping-lesedour.com\/ca\/wp-json\/wp\/v2\/types\/page"}],"author":[{"embeddable":true,"href":"https:\/\/www.camping-lesedour.com\/ca\/wp-json\/wp\/v2\/users\/1"}],"replies":[{"embeddable":true,"href":"https:\/\/www.camping-lesedour.com\/ca\/wp-json\/wp\/v2\/comments?post=771"}],"version-history":[{"count":10,"href":"https:\/\/www.camping-lesedour.com\/ca\/wp-json\/wp\/v2\/pages\/771\/revisions"}],"predecessor-version":[{"id":5433,"href":"https:\/\/www.camping-lesedour.com\/ca\/wp-json\/wp\/v2\/pages\/771\/revisions\/5433"}],"wp:featuredmedia":[{"embeddable":true,"href":"https:\/\/www.camping-lesedour.com\/ca\/wp-json\/wp\/v2\/media\/5427"}],"wp:attachment":[{"href":"https:\/\/www.camping-lesedour.com\/ca\/wp-json\/wp\/v2\/media?parent=771"}],"curies":[{"name":"wp","href":"https:\/\/api.w.org\/{rel}","templated":true}]}}