{"id":306,"date":"2015-11-27T13:49:13","date_gmt":"2015-11-27T12:49:13","guid":{"rendered":"https:\/\/www.camping-lesedour.com\/en\/accueil\/"},"modified":"2025-06-12T14:08:12","modified_gmt":"2025-06-12T12:08:12","slug":"home","status":"publish","type":"page","link":"https:\/\/www.camping-lesedour.com\/en\/","title":{"rendered":"Home"},"content":{"rendered":"<section id=\"section-5f5649fddce0c\"\" class=\"section first-home bg-color3 p-t-0\" \/><div class=\"container extralarge\"><div class=\"colonnes-wrap valign-middle \"><div class=\"element colonne w-60 p-4\"><h1 class=\"element section-title center\">Campsite Tarascon sur Ariege <span>in Occitania<\/span><\/h1><div class=\"element bloc-text center \">\n\t<p>Nestled in the heart of a green setting, at the foot of the S\u00e9dour mountain near Tarascon sur Ari\u00e8ge, the campsite &#8220;Le S\u00e9dour&#8221; welcomes the <strong class=\"bold color1\">nature lovers<\/strong>.<\/p>\n<p>The campsite welcomes you in a <strong class=\"bold color1\">authentic setting<\/strong>, <strong class=\"bold color1\">calm<\/strong> and <strong class=\"bold color1\">peaceful<\/strong> to offer you a breath of fresh air and the change of scenery so much sought after by holidaymakers during their vacations in Ari\u00e8ge in Occitania. We have <strong class=\"bold color1\">no swimming pool<\/strong>, <strong class=\"bold color1\">not of animations<\/strong> so that you can benefit as much as possible <strong class=\"bold color1\">from the calm<\/strong> and the natural framework of our campsite.<\/p>\n<p>De camping heeft een totale oppervlakte van 1,3 hectare, met 80 beschikbare staanplaatsen en 22 huuraccommodaties. Cradled by the <strong class=\"bold color1\">sweet murmur of the stream<\/strong> running alongside our campsite, plunge into a refreshing and restful setting at any time of the year during your stay in Ari\u00e8ge, very close to the Niaux and Lombrives caves, in the <strong class=\"bold color1\">heart of the Pyrenees regional natural park<\/strong>.<\/p>\n<p>The furnishings and comfort of our vacation rentals and our camping and caravanning pitches for rent will meet all your needs. The privileged location of the campsite will also allow you to discover the <strong class=\"bold color1\">treasures of the region<\/strong> with ease.<\/p>\n<\/div><\/div><div class=\"element colonne w-40 bg-color2\"><div class=\"element bloc-text center citation\">\n\t<p><strong>Ideal stopover<\/strong> for the followers of <span> calm<\/span>, <span>nature<\/span> and <strong>discoveries in Ari\u00e8ge.<\/strong><\/p>\n<\/div><\/div><\/div><\/div><\/section>\n\n<section id=\"section-5f5649fddd4cc\"\" class=\"section second-home bg-white p-t-0 p-b-0\" \/><div class=\"container full\"><div class=\"colonnes-wrap valign-middle \"><div class=\"element colonne w-60 p-0\"><ul class=\"liste-de-page\"><li class=\"element call-to-action w-60 p-0 call-to-action--style-1 call-to-action--big\"><a href=\"https:\/\/www.camping-lesedour.com\/en\/campsite-prices-ariege\/\"  class=\"call-to-action_link\" title=\"Learn more about price list\"><div class=\"call-to-action_image\"><img decoding=\"async\" src=\"https:\/\/www.camping-lesedour.com\/wp-content\/uploads\/2020\/09\/tarifs-ariege-100x80.jpg\" data-src=\"https:\/\/www.camping-lesedour.com\/wp-content\/uploads\/2020\/09\/tarifs-ariege.jpg\" alt=\"tarifs ariege\" class=\"big\" \/><\/div><div class=\"call-to-action_contenu\"><div class=\"call-to-action_titre\">Price list<\/div><div class=\"call-to-action_texte\">To know more about it<\/div><\/div><\/a><\/li><li class=\"element call-to-action  call-to-action--style-1 call-to-action--big\"><a href=\"https:\/\/www.camping-lesedour.com\/en\/rental-pitches-ariege\/\"  class=\"call-to-action_link\" title=\"Learn more about the pitches\"><div class=\"call-to-action_image\"><img decoding=\"async\" src=\"https:\/\/www.camping-lesedour.com\/wp-content\/uploads\/2020\/09\/camping-caravaning-ariege-100x80.jpg\" data-src=\"https:\/\/www.camping-lesedour.com\/wp-content\/uploads\/2020\/09\/camping-caravaning-ariege.jpg\" alt=\"camping caravaning ariege\" class=\"big\" \/><\/div><div class=\"call-to-action_contenu\"><div class=\"call-to-action_titre\">The pitches<\/div><div class=\"call-to-action_texte\">To know more about it<\/div><\/div><\/a><\/li><li class=\"element call-to-action  call-to-action--style-1 call-to-action--big\"><a href=\"https:\/\/www.camping-lesedour.com\/en\/rent-mobil-home-campsite-ariege\/\"  class=\"call-to-action_link\" title=\"Learn more about mobile homes\"><div class=\"call-to-action_image\"><img decoding=\"async\" src=\"https:\/\/www.camping-lesedour.com\/wp-content\/uploads\/2024\/01\/camping-le-sedour-ariege-100x80.jpg\" data-src=\"https:\/\/www.camping-lesedour.com\/wp-content\/uploads\/2024\/01\/camping-le-sedour-ariege.jpg\" alt=\"\" class=\"big\" \/><\/div><div class=\"call-to-action_contenu\"><div class=\"call-to-action_titre\">Mobile homes<\/div><div class=\"call-to-action_texte\">To know more about it<\/div><\/div><\/a><\/li><li class=\"element call-to-action  call-to-action--style-1 call-to-action--big\"><a href=\"https:\/\/www.camping-lesedour.com\/en\/sale-mobil-home-ariege\/\"  class=\"call-to-action_link\" title=\"Learn more about become a homeowner\"><div class=\"call-to-action_image\"><img decoding=\"async\" src=\"https:\/\/www.camping-lesedour.com\/wp-content\/uploads\/2024\/01\/camping-sedour-devenez-100x80.jpg\" data-src=\"https:\/\/www.camping-lesedour.com\/wp-content\/uploads\/2024\/01\/camping-sedour-devenez.jpg\" alt=\"camping-sedour-devenez\" class=\"big\" \/><\/div><div class=\"call-to-action_contenu\"><div class=\"call-to-action_titre\">Become a homeowner<\/div><div class=\"call-to-action_texte\">To know more about it<\/div><\/div><\/a><\/li><\/ul><\/div><div class=\"element colonne p-8 w-40\"><h2 class=\"element section-title left\">Rental chalet and mobile home midi Ariege<\/h2><div class=\"element bloc-text justify \">\n\t<p>Surrounded by a luxuriant nature our mobile homes rentals in Ari\u00e8ge are <strong class=\"bold color1\">ideal for a stay in Occitania<\/strong>. Choose the rental according to your needs and the configuration of your group among our chalets and mobile homes available for rent. 1 to 6 people can stay in our mobile homes from 31 to 36 m2 in the greatest comfort.<\/p>\n<p>Opting for a mobile-home rental means taking advantage of a <strong class=\"bold color1\">irreproachable comfort<\/strong> during your vacations near Ax-les-Thermes and the cave of Niaux. <\/p>\n<p>Combining comfort and price, the chalets will allow you to enjoy low budget vacations in Ari\u00e8ge. More original, the mobile homes coco sweet promise you a <strong class=\"bold color1\">unusual stay in Ari\u00e8ge<\/strong>, near Tarascon sur Ari\u00e8ge. Discover also our offers to buy mobile homes: to become an owner in our campsite Le S\u00e9dour is to have a foot on the ground all year round in the Pyrenees.<\/p>\n<\/div><h2 class=\"element section-title left m-t-4\">Pitches campsite Ariege<\/h2><div class=\"element bloc-text justify \">\n\t<p>In addition to the rental of mobile homes in Ari\u00e8ge, the pitches of camping le S\u00e9dour will allow you to make <strong class=\"bold color1\">caravaning in a privileged setting<\/strong>. Hiking packages are offered to campers looking for a place to rest between two stages.<\/p>\n<p>Our <strong class=\"bold color1\">free pitches<\/strong> are also open to campers in tents, camper vans and caravans. With a surface area of 80 to 100 m\u00b2, they are shaded and sunny. If you are looking for a haven of peace for caravanning in the Midi Pyr\u00e9n\u00e9es, Occitanie do not hesitate to camp on one of our pitches. <\/p>\n<\/div><\/div><\/div><\/div><\/section>\n\n<section id=\"section-5f578aded0858\"\" class=\"section third-home bg-color3\" \/><div class=\"container extralarge\"><h2 class=\"element section-title center w-60\">Campsite Tarascon on Ariege<\/h2><div class=\"colonnes-wrap valign-top \"><div class=\"element colonne icon-nature\"><div class=\"element section-title left\">Presentation &#038; services<\/div><div class=\"element bloc-text left \">\n\t<p>Choose the direction : Ari\u00e8ge , Surba , campsite Le S\u00e9dour , to give you an unforgettable stay in a green setting far from the congestion and pollution of cities !<\/p>\n<p>You will be welcomed in comfortable accommodation: chalets and mobile homes on grassy plots surrounded by small hedges of evergreen leaves, or you will occupy a pitch with your equipment: tents, caravans or camping-car. The choice is yours!<\/p>\n<\/div><\/div><div class=\"element colonne icon-activites\"><div class=\"element section-title left\">The<br\/>activities<\/div><div class=\"element bloc-text left \">\n\t<p>Depending on the season, the activities evolve but remain as attractive as ever! The sportsmen will devote themselves to beautiful hikes in all seasons in the mountains surrounding the campsite: towards Calam\u00e8s, S\u00e9dour, the Pic des 3 Seigneurs and many others&#8230;<\/p>\n<p>In the summer, ski lovers will choose the water-ski lift at 3 Kilometers from the campsite while in the winter they will put on skis to go to the numerous surrounding resorts : Bonascre, Plateau de Beille, Port de Lers etc&#8230;<\/p>\n<\/div><\/div><\/div><\/div><\/section>\n\n<section id=\"section-5f578aded104c\"\" class=\"section fourth-home bg-white p-t-0 p-b-0\" \/><div class=\"container full\"><div class=\"colonnes-wrap valign-middle \"><div class=\"element colonne p-8\"><h2 class=\"element section-title left\">Visit the Ariege <span>from the campsite<\/span><\/h2><div class=\"element bloc-text left \">\n\t<p>The <strong class=\"bold color1\">tourist sites<\/strong> to discover are not missing around our campsite ! Take advantage of your stay in Ariege for <strong class=\"bold color1\">hiking in the mountains of S\u00e9dour<\/Strong>, Calam\u00e8s, Col de Port &#8230;<\/p>\n<p>The excursions in the mountains reserve of <strong class=\"bold color1\">belles surprises<\/strong> summer and winter.<\/p>\n<p>The <strong class=\"bold color1\">nature lovers<\/strong> will be filled by the presence of fishing lakes, and rivers, lakes and streams that crisscross the mountains.<\/p>\n<p>Fishing, swimming, speleology, canyoning, climbing and many others are a must.<\/p>\n<p>The amateurs of discoveries will be able to visit the <strong class=\"bold color1\">village of Tarascon sur Ari\u00e8ge<\/strong>, the picturesque cities of Foix with the famous Castle of Foix and Monts\u00e9gur, also sheltering a castle and a <strong class=\"bold color1\">exceptional heritage<\/strong>.<\/p>\n<p>You will have understood it, the geographical situation of the campsite will allow you to <strong class=\"bold color1\">visit Ari\u00e8ge<\/strong> in all ease!<\/p>\n<p>For your next vacations, come and fish, rest, walk, recharge your batteries at the campsite located close to Tarascon at the foot of the Ari\u00e8ge Pyrenees.<\/p>\n<p>If you are looking for a <strong class=\"bold color1\">quiet place<\/strong>, <strong class=\"bold color1\">preserved<\/strong>, you have found the ideal place for your stay. Located in Occitania, not far from Andorra, in the department of Ari\u00e8ge, the camping le S\u00e9dour is made for you, and your <strong class=\"bold color1\">holidays in Ari\u00e8ge<\/strong> can finally begin! <\/p>\n<\/div><\/div><div class=\"element colonne p-0 liste-home\"><ul class=\"liste-de-page\"><li class=\"element call-to-action p-0 liste-home call-to-action--style-1 call-to-action--big\"><a href=\"https:\/\/www.camping-lesedour.com\/en\/activites\/campsite-andorra\/\"  class=\"call-to-action_link\" title=\"Learn more about andorra\"><div class=\"call-to-action_image\"><img decoding=\"async\" src=\"https:\/\/www.camping-lesedour.com\/wp-content\/uploads\/2020\/09\/camping-andorre-100x80.jpg\" data-src=\"https:\/\/www.camping-lesedour.com\/wp-content\/uploads\/2020\/09\/camping-andorre.jpg\" alt=\"camping andorre\" class=\"big\" \/><\/div><div class=\"call-to-action_contenu\"><div class=\"call-to-action_titre\">Andorra<\/div><div class=\"call-to-action_texte\">Discover<\/div><\/div><\/a><\/li><li class=\"element call-to-action  call-to-action--style-1 call-to-action--big\"><a href=\"https:\/\/www.camping-lesedour.com\/en\/activites\/campsite-foix\/\"  class=\"call-to-action_link\" title=\"Learn more about foix\"><div class=\"call-to-action_image\"><img decoding=\"async\" src=\"https:\/\/www.camping-lesedour.com\/wp-content\/uploads\/2020\/09\/camping-foix-100x80.jpg\" data-src=\"https:\/\/www.camping-lesedour.com\/wp-content\/uploads\/2020\/09\/camping-foix.jpg\" alt=\"camping foix\" class=\"big\" \/><\/div><div class=\"call-to-action_contenu\"><div class=\"call-to-action_titre\">Foix<\/div><div class=\"call-to-action_texte\">Discover<\/div><\/div><\/a><\/li><li class=\"element call-to-action  call-to-action--style-1 call-to-action--big\"><a href=\"https:\/\/www.camping-lesedour.com\/en\/activites\/campsite-mas-azil\/\"  class=\"call-to-action_link\" title=\"Learn more about mas d'azil\"><div class=\"call-to-action_image\"><img decoding=\"async\" src=\"https:\/\/www.camping-lesedour.com\/wp-content\/uploads\/2020\/09\/tourisme-mas-azil-100x80.jpg\" data-src=\"https:\/\/www.camping-lesedour.com\/wp-content\/uploads\/2020\/09\/tourisme-mas-azil.jpg\" alt=\"tourisme mas azil\" class=\"big\" \/><\/div><div class=\"call-to-action_contenu\"><div class=\"call-to-action_titre\">Mas d&#8217;Azil<\/div><div class=\"call-to-action_texte\">Discover<\/div><\/div><\/a><\/li><li class=\"element call-to-action  call-to-action--style-1 call-to-action--big\"><a href=\"https:\/\/www.camping-lesedour.com\/en\/activites\/campsite-mirepoix\/\"  class=\"call-to-action_link\" title=\"Learn more about mirepoix\"><div class=\"call-to-action_image\"><img decoding=\"async\" src=\"https:\/\/www.camping-lesedour.com\/wp-content\/uploads\/2020\/09\/camping-mirepoi-100x80.jpg\" data-src=\"https:\/\/www.camping-lesedour.com\/wp-content\/uploads\/2020\/09\/camping-mirepoi.jpg\" alt=\"camping mirepoix\" class=\"big\" \/><\/div><div class=\"call-to-action_contenu\"><div class=\"call-to-action_titre\">Mirepoix<\/div><div class=\"call-to-action_texte\">Discover<\/div><\/div><\/a><\/li><li class=\"element call-to-action  call-to-action--style-1 call-to-action--big\"><a href=\"https:\/\/www.camping-lesedour.com\/en\/activites\/campsite-saint-girons\/\"  class=\"call-to-action_link\" title=\"Learn more about saint girons \"><div class=\"call-to-action_image\"><img decoding=\"async\" src=\"https:\/\/www.camping-lesedour.com\/wp-content\/uploads\/2020\/09\/camping-saint-girons-100x80.jpg\" data-src=\"https:\/\/www.camping-lesedour.com\/wp-content\/uploads\/2020\/09\/camping-saint-girons.jpg\" alt=\"camping saint-girons\" class=\"big\" \/><\/div><div class=\"call-to-action_contenu\"><div class=\"call-to-action_titre\">Saint Girons <\/div><div class=\"call-to-action_texte\">Discover<\/div><\/div><\/a><\/li><li class=\"element call-to-action  call-to-action--style-1 call-to-action--big\"><a href=\"https:\/\/www.camping-lesedour.com\/en\/activites\/campsite-ax-les-thermes\/\"  class=\"call-to-action_link\" title=\"Learn more about ax-les-thermes\"><div class=\"call-to-action_image\"><img decoding=\"async\" src=\"https:\/\/www.camping-lesedour.com\/wp-content\/uploads\/2020\/09\/camping-ax-thermes-100x80.jpg\" data-src=\"https:\/\/www.camping-lesedour.com\/wp-content\/uploads\/2020\/09\/camping-ax-thermes.jpg\" alt=\"camping ax thermes\" class=\"big\" \/><\/div><div class=\"call-to-action_contenu\"><div class=\"call-to-action_titre\">Ax-les-Thermes<\/div><div class=\"call-to-action_texte\">Discover<\/div><\/div><\/a><\/li><\/ul><div class=\"element call-to-action  call-to-action--style-1 call-to-action--normal\"><a href=\"https:\/\/www.camping-lesedour.com\/en\/activites\/campsite-vicdessos\/\"  class=\"call-to-action_link\" title=\"Learn more about vicdessos\"><div class=\"call-to-action_image\"><img decoding=\"async\" src=\"https:\/\/www.camping-lesedour.com\/wp-content\/uploads\/2020\/09\/camping-vicdessos-100x80.jpg\" data-src=\"https:\/\/www.camping-lesedour.com\/wp-content\/uploads\/2020\/09\/camping-vicdessos.jpg\" alt=\"camping vicdessos\" class=\"normal\" \/><\/div><div class=\"call-to-action_contenu\"><div class=\"call-to-action_titre\">Vicdessos<\/div><div class=\"call-to-action_texte\">Discover<\/div><\/div><\/a><\/div><div class=\"element call-to-action  call-to-action--style-1 call-to-action--normal\"><a href=\"\/en\/campsite-midi-pyrennees\/\"  class=\"call-to-action_link\" title=\"Learn more about occitanie\"><div class=\"call-to-action_image\"><img decoding=\"async\" src=\"https:\/\/www.camping-lesedour.com\/wp-content\/uploads\/2020\/09\/camping-midi-pyrenees-100x80.jpg\" data-src=\"https:\/\/www.camping-lesedour.com\/wp-content\/uploads\/2020\/09\/camping-midi-pyrenees.jpg\" alt=\"camping midi pyrenees\" class=\"normal\" \/><\/div><div class=\"call-to-action_contenu\"><div class=\"call-to-action_titre\">Occitanie<\/div><div class=\"call-to-action_texte\">Discover<\/div><\/div><\/a><\/div><\/div><\/div><\/div><\/section>","protected":false},"excerpt":{"rendered":"","protected":false},"author":1,"featured_media":0,"parent":0,"menu_order":0,"comment_status":"closed","ping_status":"closed","template":"","meta":{"_acf_changed":false,"footnotes":""},"class_list":["post-306","page","type-page","status-publish","hentry"],"acf":[],"yoast_head":"<!-- This site is optimized with the Yoast SEO plugin v25.3 - https:\/\/yoast.com\/wordpress\/plugins\/seo\/ -->\n<title>Ariege camping - Camping rental Tarascon sur Ariege - Midi Pyr\u00e9n\u00e9es<\/title>\n<meta name=\"description\" content=\"Camping ari\u00e8ge, Camping le Sedour, Small calm and family campsite in the heart of the tourist Ari\u00e8ge near Tarascon. Ideal stopover for your family vacations.\" \/>\n<meta name=\"robots\" content=\"index, follow, max-snippet:-1, max-image-preview:large, max-video-preview:-1\" \/>\n<link rel=\"canonical\" href=\"https:\/\/www.camping-lesedour.com\/en\/\" \/>\n<meta property=\"og:locale\" content=\"en_US\" \/>\n<meta property=\"og:type\" content=\"article\" \/>\n<meta property=\"og:title\" content=\"Ariege camping - Camping rental Tarascon sur Ariege - Midi Pyr\u00e9n\u00e9es\" \/>\n<meta property=\"og:description\" content=\"Camping ari\u00e8ge, Camping le Sedour, Small calm and family campsite in the heart of the tourist Ari\u00e8ge near Tarascon. Ideal stopover for your family vacations.\" \/>\n<meta property=\"og:url\" content=\"https:\/\/www.camping-lesedour.com\/en\/\" \/>\n<meta property=\"og:site_name\" content=\"Camping le S\u00e9dour\" \/>\n<meta property=\"article:modified_time\" content=\"2025-06-12T12:08:12+00:00\" \/>\n<meta name=\"twitter:card\" content=\"summary_large_image\" \/>\n<script type=\"application\/ld+json\" class=\"yoast-schema-graph\">{\"@context\":\"https:\/\/schema.org\",\"@graph\":[{\"@type\":\"WebPage\",\"@id\":\"https:\/\/www.camping-lesedour.com\/en\/\",\"url\":\"https:\/\/www.camping-lesedour.com\/en\/\",\"name\":\"Ariege camping - Camping rental Tarascon sur Ariege - Midi Pyr\u00e9n\u00e9es\",\"isPartOf\":{\"@id\":\"https:\/\/www.camping-lesedour.com\/en\/#website\"},\"datePublished\":\"2015-11-27T12:49:13+00:00\",\"dateModified\":\"2025-06-12T12:08:12+00:00\",\"description\":\"Camping ari\u00e8ge, Camping le Sedour, Small calm and family campsite in the heart of the tourist Ari\u00e8ge near Tarascon. Ideal stopover for your family vacations.\",\"breadcrumb\":{\"@id\":\"https:\/\/www.camping-lesedour.com\/en\/#breadcrumb\"},\"inLanguage\":\"en-US\",\"potentialAction\":[{\"@type\":\"ReadAction\",\"target\":[\"https:\/\/www.camping-lesedour.com\/en\/\"]}]},{\"@type\":\"BreadcrumbList\",\"@id\":\"https:\/\/www.camping-lesedour.com\/en\/#breadcrumb\",\"itemListElement\":[{\"@type\":\"ListItem\",\"position\":1,\"name\":\"Campsite Ariege\",\"item\":\"https:\/\/www.camping-lesedour.com\/en\/\"},{\"@type\":\"ListItem\",\"position\":2,\"name\":\"Home\"}]},{\"@type\":\"WebSite\",\"@id\":\"https:\/\/www.camping-lesedour.com\/en\/#website\",\"url\":\"https:\/\/www.camping-lesedour.com\/en\/\",\"name\":\"Camping le S\u00e9dour\",\"description\":\"\",\"potentialAction\":[{\"@type\":\"SearchAction\",\"target\":{\"@type\":\"EntryPoint\",\"urlTemplate\":\"https:\/\/www.camping-lesedour.com\/en\/?s={search_term_string}\"},\"query-input\":{\"@type\":\"PropertyValueSpecification\",\"valueRequired\":true,\"valueName\":\"search_term_string\"}}],\"inLanguage\":\"en-US\"}]}<\/script>\n<!-- \/ Yoast SEO plugin. -->","yoast_head_json":{"title":"Ariege camping - Camping rental Tarascon sur Ariege - Midi Pyr\u00e9n\u00e9es","description":"Camping ari\u00e8ge, Camping le Sedour, Small calm and family campsite in the heart of the tourist Ari\u00e8ge near Tarascon. Ideal stopover for your family vacations.","robots":{"index":"index","follow":"follow","max-snippet":"max-snippet:-1","max-image-preview":"max-image-preview:large","max-video-preview":"max-video-preview:-1"},"canonical":"https:\/\/www.camping-lesedour.com\/en\/","og_locale":"en_US","og_type":"article","og_title":"Ariege camping - Camping rental Tarascon sur Ariege - Midi Pyr\u00e9n\u00e9es","og_description":"Camping ari\u00e8ge, Camping le Sedour, Small calm and family campsite in the heart of the tourist Ari\u00e8ge near Tarascon. Ideal stopover for your family vacations.","og_url":"https:\/\/www.camping-lesedour.com\/en\/","og_site_name":"Camping le S\u00e9dour","article_modified_time":"2025-06-12T12:08:12+00:00","twitter_card":"summary_large_image","schema":{"@context":"https:\/\/schema.org","@graph":[{"@type":"WebPage","@id":"https:\/\/www.camping-lesedour.com\/en\/","url":"https:\/\/www.camping-lesedour.com\/en\/","name":"Ariege camping - Camping rental Tarascon sur Ariege - Midi Pyr\u00e9n\u00e9es","isPartOf":{"@id":"https:\/\/www.camping-lesedour.com\/en\/#website"},"datePublished":"2015-11-27T12:49:13+00:00","dateModified":"2025-06-12T12:08:12+00:00","description":"Camping ari\u00e8ge, Camping le Sedour, Small calm and family campsite in the heart of the tourist Ari\u00e8ge near Tarascon. Ideal stopover for your family vacations.","breadcrumb":{"@id":"https:\/\/www.camping-lesedour.com\/en\/#breadcrumb"},"inLanguage":"en-US","potentialAction":[{"@type":"ReadAction","target":["https:\/\/www.camping-lesedour.com\/en\/"]}]},{"@type":"BreadcrumbList","@id":"https:\/\/www.camping-lesedour.com\/en\/#breadcrumb","itemListElement":[{"@type":"ListItem","position":1,"name":"Campsite Ariege","item":"https:\/\/www.camping-lesedour.com\/en\/"},{"@type":"ListItem","position":2,"name":"Home"}]},{"@type":"WebSite","@id":"https:\/\/www.camping-lesedour.com\/en\/#website","url":"https:\/\/www.camping-lesedour.com\/en\/","name":"Camping le S\u00e9dour","description":"","potentialAction":[{"@type":"SearchAction","target":{"@type":"EntryPoint","urlTemplate":"https:\/\/www.camping-lesedour.com\/en\/?s={search_term_string}"},"query-input":{"@type":"PropertyValueSpecification","valueRequired":true,"valueName":"search_term_string"}}],"inLanguage":"en-US"}]}},"_links":{"self":[{"href":"https:\/\/www.camping-lesedour.com\/en\/wp-json\/wp\/v2\/pages\/306"}],"collection":[{"href":"https:\/\/www.camping-lesedour.com\/en\/wp-json\/wp\/v2\/pages"}],"about":[{"href":"https:\/\/www.camping-lesedour.com\/en\/wp-json\/wp\/v2\/types\/page"}],"author":[{"embeddable":true,"href":"https:\/\/www.camping-lesedour.com\/en\/wp-json\/wp\/v2\/users\/1"}],"replies":[{"embeddable":true,"href":"https:\/\/www.camping-lesedour.com\/en\/wp-json\/wp\/v2\/comments?post=306"}],"version-history":[{"count":18,"href":"https:\/\/www.camping-lesedour.com\/en\/wp-json\/wp\/v2\/pages\/306\/revisions"}],"predecessor-version":[{"id":5875,"href":"https:\/\/www.camping-lesedour.com\/en\/wp-json\/wp\/v2\/pages\/306\/revisions\/5875"}],"wp:attachment":[{"href":"https:\/\/www.camping-lesedour.com\/en\/wp-json\/wp\/v2\/media?parent=306"}],"curies":[{"name":"wp","href":"https:\/\/api.w.org\/{rel}","templated":true}]}}