{"id":31,"date":"2015-11-30T08:37:00","date_gmt":"2015-11-30T07:37:00","guid":{"rendered":"https:\/\/www.camping-lesedour.com\/camping-pas-cher-ariege\/?lang=en"},"modified":"2024-01-11T15:46:47","modified_gmt":"2024-01-11T14:46:47","slug":"campsite-prices-ariege","status":"publish","type":"page","link":"https:\/\/www.camping-lesedour.com\/en\/campsite-prices-ariege\/","title":{"rendered":"The tarifs of campsite le S\u00e9dour at Surba nearby Tarascon sur Ari\u00e8ge, in the midi-pyr\u00e9n\u00e9es"},"content":{"rendered":"<section id=\"section-5f6b51e6d8b51\"\" class=\"section bg-color3\" \/><div class=\"container\"><h1 class=\"element section-title center\">Cheap campsite Ariege <\/h1><div class=\"element bloc-text center \">\n\t<p>You have a small budget for your vacations? Stay for cheap in Ari\u00e8ge at <a href=\"\/en\/\">campsite Le S\u00e9dour<\/a>.<\/p>\n<\/div><\/div><\/section>\n\n<section id=\"section-5f6b51e6d8ffe\"\" class=\"section bg-white p-t-0\" \/><div class=\"container extralarge\"><div class=\"colonnes-wrap valign-top \"><div class=\"element colonne p-0 w-70\"><div class=\"element bloc-text justify \">\n\t<p><script>\n    window.ctoutvert = {\n        id: 735,\n        lang: 'en',\n        url: 'https:\/\/bookingpremium.secureholiday.net\/widgets\/', \n    };\n    (function (w, d, s, ctv, r, js, fjs) {\n        r=new XMLHttpRequest();r.open('GET',w[ctv].url+'js\/src.json');\n        r.responseType='json';r.json=true;r.send();\n        r.onload=function(){w[ctv].src=r.responseType=='json'?r.response:JSON.parse(r.response);\n        js.src=w[ctv].src[0];fjs.parentNode.insertBefore(js, fjs);}\n        js=d.createElement(s),fjs=d.getElementsByTagName(s)[0];\n        js.id='ctvwidget';js.async=1;\n    }(window, document, 'script', 'ctoutvert'));\n<\/script><br \/>\n<ctv-availability data-full='true' ><\/ctv-availability><\/p>\n<\/div><\/div><div class=\"element colonne p-0 w-30\"><div class=\"element bloc-text justify \">\n\t<p><ctv-offers data-only-with-stock='false' ><\/ctv-offers><\/p>\n<\/div><\/div><\/div><\/div><\/section>\n\n<section id=\"section-5f6b51e6d970e\"\" class=\"section bg-color3\" \/><div class=\"container full\"><div class=\"colonnes-wrap valign-middle \"><div class=\"element colonne w-60 p-0\"><div class=\"element images\"><div class=\"image\"><img decoding=\"async\" src=\"https:\/\/www.camping-lesedour.com\/wp-content\/uploads\/2024\/01\/camping-le-sedour-ariege-100x80.jpg\" data-src=\"https:\/\/www.camping-lesedour.com\/wp-content\/uploads\/2024\/01\/camping-le-sedour-ariege.jpg\" alt=\"emplacement acsi\" class=\"images_image\" \/><\/div><div class=\"image\"><img decoding=\"async\" src=\"https:\/\/www.camping-lesedour.com\/wp-content\/uploads\/2020\/09\/acsi-emplacement-ariege-100x70.jpg\" data-src=\"https:\/\/www.camping-lesedour.com\/wp-content\/uploads\/2020\/09\/acsi-emplacement-ariege.jpg\" alt=\"acsi emplacement ariege\" class=\"images_image\" \/><\/div><\/div><div class=\"element images\"><div class=\"image\"><img decoding=\"async\" src=\"https:\/\/www.camping-lesedour.com\/wp-content\/uploads\/2020\/09\/acsi-ariege-100x70.jpg\" data-src=\"https:\/\/www.camping-lesedour.com\/wp-content\/uploads\/2020\/09\/acsi-ariege.jpg\" alt=\"acsi ariege\" class=\"images_image\" \/><\/div><div class=\"image\"><img decoding=\"async\" src=\"https:\/\/www.camping-lesedour.com\/wp-content\/uploads\/2024\/01\/camping-sedour-ouvert-100x80.jpg\" data-src=\"https:\/\/www.camping-lesedour.com\/wp-content\/uploads\/2024\/01\/camping-sedour-ouvert.jpg\" alt=\"allee camping ariege\" class=\"images_image\" \/><\/div><\/div><\/div><div class=\"element colonne p-8 w-40\"><h2 class=\"element section-title justify m-t-6\">Rent a cheap campsite pitch<\/h2><div class=\"element bloc-text justify \">\n\t<p>Le S\u00e9dour campsite has caravaning pitches adapted to the different profiles of <strong class=\"bold color1\">vacationists and travelers<\/strong> : small plots Nature or Great Comfort pitches, <strong class=\"bold color1\">all needs are satisfied !<\/strong><\/p>\n<p>Packages adapted to each budget are thus proposed. Very economical, the motorcycle package and the hiker package are for single people who come by motorcycle, on foot or by bike.<\/p>\n<p>Outside July-August as in high season, <strong class=\"bold color1\">very good deals<\/strong> can be made by taking advantage for example of the promotions that we set up on the occasion of the cyclosportive race L&#8217;Ari\u00e9geoise at the end of June.<\/p>\n<p>From early September to early July, ACSI, BEST DEAL or FFCC cards allow you to stay on a Comfort pitch with electricity at 14 euros per night.<\/p>\n<\/div><\/div><\/div><\/div><\/section>\n\n<section id=\"section-duplicate\"\" class=\"section bg-white p-t-0\" \/><div class=\"container extralarge\"><div class=\"colonnes-wrap valign-top \"><div class=\"element colonne w-60 p-4\"><h2 class=\"element section-title justify\">Cheap mobile home rental<\/h2><div class=\"element bloc-text justify \">\n\t<p>The cheap mobile homes available at Le S\u00e9dour campsite will offer you all the comfort you need. You can choose between 31 to 35 m\u00b2 rental units, equipped with kitchen utensils, TNT and sanitary facilities. Mobile homes for 2, or 4, or 4\/5 or 6 persons are at your disposal for a <strong class=\"bold color1\">comfortable stay<\/strong> at mini prices for couples, families or groups. You can also opt for 5 persons chalets or Coco Sweet mobile homes without sanitary facilities.<\/p>\n<p>For your next vacations in Occitania, we propose you to <strong class=\"bold color1\">many advantageous offers<\/strong>. From the beginning of July to the beginning of September, with the Early Booking operation, you can stay in a mobile home or in one of our unusual Coco Sweet mobile homes with a 5 or 10% discount on the weekly package. The price per night allows you to <strong class=\"bold color1\">reserve for short stays<\/strong> at a minimum price. In July and August, short stays with arrival and departure on Wednesday or Saturday are also possible. <\/p>\n<\/div><\/div><div class=\"element colonne w-40 p-0\"><div class=\"element images\"><div class=\"image\"><img decoding=\"async\" src=\"https:\/\/www.camping-lesedour.com\/wp-content\/uploads\/2020\/09\/camping-proprietaire-ariege-78x100.jpg\" data-src=\"https:\/\/www.camping-lesedour.com\/wp-content\/uploads\/2020\/09\/camping-proprietaire-ariege.jpg\" alt=\"camping mobil-home ariege\" class=\"images_image\" \/><\/div><\/div><\/div><\/div><\/div><\/section>\n\n<section id=\"section-cta-bas-page\"\" class=\"section bg-color3\" \/><div class=\"container extralarge\"><div class=\"element section-title center titre-cta\">Rent your mobile home or pitch at the campsite<\/div><ul class=\"liste-de-page\"><li class=\"element call-to-action center titre-cta call-to-action--style-1 call-to-action--normal\"><a href=\"https:\/\/www.camping-lesedour.com\/en\/rental-pitches-ariege\/\"  class=\"call-to-action_link\" title=\"Learn more about the pitches\"><div class=\"call-to-action_image\"><img decoding=\"async\" src=\"https:\/\/www.camping-lesedour.com\/wp-content\/uploads\/2020\/09\/camping-caravaning-ariege-100x80.jpg\" data-src=\"https:\/\/www.camping-lesedour.com\/wp-content\/uploads\/2020\/09\/camping-caravaning-ariege.jpg\" alt=\"camping caravaning ariege\" class=\"normal\" \/><\/div><div class=\"call-to-action_contenu\"><div class=\"call-to-action_titre\">The pitches<\/div><div class=\"call-to-action_texte\">To know more about it<\/div><\/div><\/a><\/li><li class=\"element call-to-action  call-to-action--style-1 call-to-action--normal\"><a href=\"https:\/\/www.camping-lesedour.com\/en\/rent-mobil-home-campsite-ariege\/\"  class=\"call-to-action_link\" title=\"Learn more about mobile homes\"><div class=\"call-to-action_image\"><img decoding=\"async\" src=\"https:\/\/www.camping-lesedour.com\/wp-content\/uploads\/2024\/01\/camping-le-sedour-ariege-100x80.jpg\" data-src=\"https:\/\/www.camping-lesedour.com\/wp-content\/uploads\/2024\/01\/camping-le-sedour-ariege.jpg\" alt=\"\" class=\"normal\" \/><\/div><div class=\"call-to-action_contenu\"><div class=\"call-to-action_titre\">Mobile homes<\/div><div class=\"call-to-action_texte\">To know more about it<\/div><\/div><\/a><\/li><li class=\"element call-to-action  call-to-action--style-1 call-to-action--normal\"><a href=\"https:\/\/www.camping-lesedour.com\/en\/sale-mobil-home-ariege\/\"  class=\"call-to-action_link\" title=\"Learn more about become a homeowner\"><div class=\"call-to-action_image\"><img decoding=\"async\" src=\"https:\/\/www.camping-lesedour.com\/wp-content\/uploads\/2024\/01\/camping-sedour-devenez-100x80.jpg\" data-src=\"https:\/\/www.camping-lesedour.com\/wp-content\/uploads\/2024\/01\/camping-sedour-devenez.jpg\" alt=\"camping-sedour-devenez\" class=\"normal\" \/><\/div><div class=\"call-to-action_contenu\"><div class=\"call-to-action_titre\">Become a homeowner<\/div><div class=\"call-to-action_texte\">To know more about it<\/div><\/div><\/a><\/li><\/ul><\/div><\/section>","protected":false},"excerpt":{"rendered":"","protected":false},"author":1,"featured_media":5429,"parent":0,"menu_order":0,"comment_status":"closed","ping_status":"closed","template":"","meta":{"_acf_changed":false,"footnotes":""},"class_list":["post-31","page","type-page","status-publish","has-post-thumbnail","hentry"],"acf":[],"yoast_head":"<!-- This site is optimized with the Yoast SEO plugin v25.3 - https:\/\/yoast.com\/wordpress\/plugins\/seo\/ -->\n<title>Cheap Campsite Ariege - Campsite holidays Tarascon Ariege<\/title>\n<meta name=\"description\" content=\"Find out more about our cheap campsite in Ari\u00e8ge: mobile homes in comfortable locations in Ari\u00e8ge!\" \/>\n<meta name=\"robots\" content=\"index, follow, max-snippet:-1, max-image-preview:large, max-video-preview:-1\" \/>\n<link rel=\"canonical\" href=\"https:\/\/www.camping-lesedour.com\/en\/campsite-prices-ariege\/\" \/>\n<meta property=\"og:locale\" content=\"en_US\" \/>\n<meta property=\"og:type\" content=\"article\" \/>\n<meta property=\"og:title\" content=\"Cheap Campsite Ariege - Campsite holidays Tarascon Ariege\" \/>\n<meta property=\"og:description\" content=\"Find out more about our cheap campsite in Ari\u00e8ge: mobile homes in comfortable locations in Ari\u00e8ge!\" \/>\n<meta property=\"og:url\" content=\"https:\/\/www.camping-lesedour.com\/en\/campsite-prices-ariege\/\" \/>\n<meta property=\"og:site_name\" content=\"Camping le S\u00e9dour\" \/>\n<meta property=\"article:modified_time\" content=\"2024-01-11T14:46:47+00:00\" \/>\n<meta property=\"og:image\" content=\"https:\/\/www.camping-lesedour.com\/wp-content\/uploads\/2024\/01\/camping-le-sedour-contact.jpg\" \/>\n\t<meta property=\"og:image:width\" content=\"1903\" \/>\n\t<meta property=\"og:image:height\" content=\"550\" \/>\n\t<meta property=\"og:image:type\" content=\"image\/jpeg\" \/>\n<meta name=\"twitter:card\" content=\"summary_large_image\" \/>\n<script type=\"application\/ld+json\" class=\"yoast-schema-graph\">{\"@context\":\"https:\/\/schema.org\",\"@graph\":[{\"@type\":\"WebPage\",\"@id\":\"https:\/\/www.camping-lesedour.com\/en\/campsite-prices-ariege\/\",\"url\":\"https:\/\/www.camping-lesedour.com\/en\/campsite-prices-ariege\/\",\"name\":\"Cheap Campsite Ariege - Campsite holidays Tarascon Ariege\",\"isPartOf\":{\"@id\":\"https:\/\/www.camping-lesedour.com\/en\/#website\"},\"primaryImageOfPage\":{\"@id\":\"https:\/\/www.camping-lesedour.com\/en\/campsite-prices-ariege\/#primaryimage\"},\"image\":{\"@id\":\"https:\/\/www.camping-lesedour.com\/en\/campsite-prices-ariege\/#primaryimage\"},\"thumbnailUrl\":\"https:\/\/www.camping-lesedour.com\/wp-content\/uploads\/2024\/01\/camping-le-sedour-contact.jpg\",\"datePublished\":\"2015-11-30T07:37:00+00:00\",\"dateModified\":\"2024-01-11T14:46:47+00:00\",\"description\":\"Find out more about our cheap campsite in Ari\u00e8ge: mobile homes in comfortable locations in Ari\u00e8ge!\",\"breadcrumb\":{\"@id\":\"https:\/\/www.camping-lesedour.com\/en\/campsite-prices-ariege\/#breadcrumb\"},\"inLanguage\":\"en-US\",\"potentialAction\":[{\"@type\":\"ReadAction\",\"target\":[\"https:\/\/www.camping-lesedour.com\/en\/campsite-prices-ariege\/\"]}]},{\"@type\":\"ImageObject\",\"inLanguage\":\"en-US\",\"@id\":\"https:\/\/www.camping-lesedour.com\/en\/campsite-prices-ariege\/#primaryimage\",\"url\":\"https:\/\/www.camping-lesedour.com\/wp-content\/uploads\/2024\/01\/camping-le-sedour-contact.jpg\",\"contentUrl\":\"https:\/\/www.camping-lesedour.com\/wp-content\/uploads\/2024\/01\/camping-le-sedour-contact.jpg\",\"width\":1903,\"height\":550},{\"@type\":\"BreadcrumbList\",\"@id\":\"https:\/\/www.camping-lesedour.com\/en\/campsite-prices-ariege\/#breadcrumb\",\"itemListElement\":[{\"@type\":\"ListItem\",\"position\":1,\"name\":\"Campsite Ariege\",\"item\":\"https:\/\/www.camping-lesedour.com\/en\/\"},{\"@type\":\"ListItem\",\"position\":2,\"name\":\"Cheap campsite Ari\u00e8ge\"}]},{\"@type\":\"WebSite\",\"@id\":\"https:\/\/www.camping-lesedour.com\/en\/#website\",\"url\":\"https:\/\/www.camping-lesedour.com\/en\/\",\"name\":\"Camping le S\u00e9dour\",\"description\":\"\",\"potentialAction\":[{\"@type\":\"SearchAction\",\"target\":{\"@type\":\"EntryPoint\",\"urlTemplate\":\"https:\/\/www.camping-lesedour.com\/en\/?s={search_term_string}\"},\"query-input\":{\"@type\":\"PropertyValueSpecification\",\"valueRequired\":true,\"valueName\":\"search_term_string\"}}],\"inLanguage\":\"en-US\"}]}<\/script>\n<!-- \/ Yoast SEO plugin. -->","yoast_head_json":{"title":"Cheap Campsite Ariege - Campsite holidays Tarascon Ariege","description":"Find out more about our cheap campsite in Ari\u00e8ge: mobile homes in comfortable locations in Ari\u00e8ge!","robots":{"index":"index","follow":"follow","max-snippet":"max-snippet:-1","max-image-preview":"max-image-preview:large","max-video-preview":"max-video-preview:-1"},"canonical":"https:\/\/www.camping-lesedour.com\/en\/campsite-prices-ariege\/","og_locale":"en_US","og_type":"article","og_title":"Cheap Campsite Ariege - Campsite holidays Tarascon Ariege","og_description":"Find out more about our cheap campsite in Ari\u00e8ge: mobile homes in comfortable locations in Ari\u00e8ge!","og_url":"https:\/\/www.camping-lesedour.com\/en\/campsite-prices-ariege\/","og_site_name":"Camping le S\u00e9dour","article_modified_time":"2024-01-11T14:46:47+00:00","og_image":[{"width":1903,"height":550,"url":"https:\/\/www.camping-lesedour.com\/wp-content\/uploads\/2024\/01\/camping-le-sedour-contact.jpg","type":"image\/jpeg"}],"twitter_card":"summary_large_image","schema":{"@context":"https:\/\/schema.org","@graph":[{"@type":"WebPage","@id":"https:\/\/www.camping-lesedour.com\/en\/campsite-prices-ariege\/","url":"https:\/\/www.camping-lesedour.com\/en\/campsite-prices-ariege\/","name":"Cheap Campsite Ariege - Campsite holidays Tarascon Ariege","isPartOf":{"@id":"https:\/\/www.camping-lesedour.com\/en\/#website"},"primaryImageOfPage":{"@id":"https:\/\/www.camping-lesedour.com\/en\/campsite-prices-ariege\/#primaryimage"},"image":{"@id":"https:\/\/www.camping-lesedour.com\/en\/campsite-prices-ariege\/#primaryimage"},"thumbnailUrl":"https:\/\/www.camping-lesedour.com\/wp-content\/uploads\/2024\/01\/camping-le-sedour-contact.jpg","datePublished":"2015-11-30T07:37:00+00:00","dateModified":"2024-01-11T14:46:47+00:00","description":"Find out more about our cheap campsite in Ari\u00e8ge: mobile homes in comfortable locations in Ari\u00e8ge!","breadcrumb":{"@id":"https:\/\/www.camping-lesedour.com\/en\/campsite-prices-ariege\/#breadcrumb"},"inLanguage":"en-US","potentialAction":[{"@type":"ReadAction","target":["https:\/\/www.camping-lesedour.com\/en\/campsite-prices-ariege\/"]}]},{"@type":"ImageObject","inLanguage":"en-US","@id":"https:\/\/www.camping-lesedour.com\/en\/campsite-prices-ariege\/#primaryimage","url":"https:\/\/www.camping-lesedour.com\/wp-content\/uploads\/2024\/01\/camping-le-sedour-contact.jpg","contentUrl":"https:\/\/www.camping-lesedour.com\/wp-content\/uploads\/2024\/01\/camping-le-sedour-contact.jpg","width":1903,"height":550},{"@type":"BreadcrumbList","@id":"https:\/\/www.camping-lesedour.com\/en\/campsite-prices-ariege\/#breadcrumb","itemListElement":[{"@type":"ListItem","position":1,"name":"Campsite Ariege","item":"https:\/\/www.camping-lesedour.com\/en\/"},{"@type":"ListItem","position":2,"name":"Cheap campsite Ari\u00e8ge"}]},{"@type":"WebSite","@id":"https:\/\/www.camping-lesedour.com\/en\/#website","url":"https:\/\/www.camping-lesedour.com\/en\/","name":"Camping le S\u00e9dour","description":"","potentialAction":[{"@type":"SearchAction","target":{"@type":"EntryPoint","urlTemplate":"https:\/\/www.camping-lesedour.com\/en\/?s={search_term_string}"},"query-input":{"@type":"PropertyValueSpecification","valueRequired":true,"valueName":"search_term_string"}}],"inLanguage":"en-US"}]}},"_links":{"self":[{"href":"https:\/\/www.camping-lesedour.com\/en\/wp-json\/wp\/v2\/pages\/31"}],"collection":[{"href":"https:\/\/www.camping-lesedour.com\/en\/wp-json\/wp\/v2\/pages"}],"about":[{"href":"https:\/\/www.camping-lesedour.com\/en\/wp-json\/wp\/v2\/types\/page"}],"author":[{"embeddable":true,"href":"https:\/\/www.camping-lesedour.com\/en\/wp-json\/wp\/v2\/users\/1"}],"replies":[{"embeddable":true,"href":"https:\/\/www.camping-lesedour.com\/en\/wp-json\/wp\/v2\/comments?post=31"}],"version-history":[{"count":8,"href":"https:\/\/www.camping-lesedour.com\/en\/wp-json\/wp\/v2\/pages\/31\/revisions"}],"predecessor-version":[{"id":5553,"href":"https:\/\/www.camping-lesedour.com\/en\/wp-json\/wp\/v2\/pages\/31\/revisions\/5553"}],"wp:featuredmedia":[{"embeddable":true,"href":"https:\/\/www.camping-lesedour.com\/en\/wp-json\/wp\/v2\/media\/5429"}],"wp:attachment":[{"href":"https:\/\/www.camping-lesedour.com\/en\/wp-json\/wp\/v2\/media?parent=31"}],"curies":[{"name":"wp","href":"https:\/\/api.w.org\/{rel}","templated":true}]}}