{"id":315,"date":"2015-11-30T12:02:09","date_gmt":"2015-11-30T11:02:09","guid":{"rendered":"https:\/\/www.camping-lesedour.com\/en\/presentation-camping-midi-pyrenees\/"},"modified":"2022-08-30T16:41:51","modified_gmt":"2022-08-30T14:41:51","slug":"presentation-campsite-midi-pyrenees","status":"publish","type":"page","link":"https:\/\/www.camping-lesedour.com\/en\/presentation-campsite-midi-pyrenees\/","title":{"rendered":"Campsite le s\u00e9dour in the Ari\u00e8ge, at Surba, nearby Tarascon-sur-Ari\u00e8ge, in the Midi-Pyr\u00e9n\u00e9es"},"content":{"rendered":"<section id=\"section-5f6b51e6d8b51\"\" class=\"section bg-color3\" \/><div class=\"container\"><h1 class=\"element section-title center\">Campsite 3 stars in Surba<\/h1><\/div><\/section>\n\n<section id=\"section-5f6b51e6d8ffe\"\" class=\"section bg-white p-t-0\" \/><div class=\"container extralarge\"><div class=\"colonnes-wrap valign-top \"><div class=\"element colonne w-40 p-0\"><div class=\"element images\"><div class=\"image\"><img decoding=\"async\" src=\"https:\/\/www.camping-lesedour.com\/wp-content\/uploads\/2020\/09\/camping-en-ariege-78x100.jpg\" data-src=\"https:\/\/www.camping-lesedour.com\/wp-content\/uploads\/2020\/09\/camping-en-ariege.jpg\" alt=\"camping en ariege\" class=\"images_image\" \/><\/div><\/div><\/div><div class=\"element colonne w-60 p-4\"><h2 class=\"element section-title justify\">Discover our campsite<\/h2><div class=\"element bloc-text justify \">\n\t<p>Nestled in the hollow of a valley, at the foot of the mountain to which it owes its name, within the <strong class=\"bold color1\">Parc R\u00e9gional Naturel des Pyr\u00e9n\u00e9es Ari\u00e9geoises<\/strong>.<\/p>\n<ul>\n<li>Campsite open all year round for residences<\/li>\n<li>Located in Surba 2 KM from Tarascon sur Ari\u00e8ge, 2 KM from Tarascon sur Ari\u00e8ge.<\/li>\n<li>Altitude: 500 meters<\/li>\n<li>SNCF 2 KM railway station &#8211; Bus stop 2 KM<\/li>\n<li>105 KM from Toulouse<\/li>\n<li>322 KM from Barcelona<\/li>\n<\/ul>\n<p>For our serviced plots of land all year round, our mobile homes for sale, contact us! For your comfort, 2 fully equipped sanitary blocks are at your disposal.<\/p>\n<p>Greet the spring and witness the awakening of nature, in a place protected from pollution, without animations or swimming pool, that&#8217;s what the <a href=\"\/en\/\">campsite &#8220;le S\u00e9dour&#8221; in Ari\u00e8ge<\/a> offers you, in its mobil-homes great comfort, equipped with TNT, WIFI and open to rent all year long, with a guarding assured without interruption by Patrick.<\/p>\n<p>New in 2022:<br \/>\nThe completely new sanitary facilities have been renovated in 2022 and are equipped with PMR (shower, WC, washbasin and washing machine) and a baby bath.<\/p>\n<\/div><\/div><\/div><\/div><\/section>\n\n<section id=\"section-5f6b51e6d970e\"\" class=\"section bg-color3\" \/><div class=\"container full\"><div class=\"colonnes-wrap valign-middle \"><div class=\"element colonne w-60 p-0\"><div class=\"element images\"><div class=\"image\"><img decoding=\"async\" src=\"https:\/\/www.camping-lesedour.com\/wp-content\/uploads\/2020\/09\/mobil-home-services-ariege-100x80.jpg\" data-src=\"https:\/\/www.camping-lesedour.com\/wp-content\/uploads\/2020\/09\/mobil-home-services-ariege.jpg\" alt=\"mobil-home services ariege\" class=\"images_image\" \/><\/div><div class=\"image\"><img decoding=\"async\" src=\"https:\/\/www.camping-lesedour.com\/wp-content\/uploads\/2020\/09\/camping-calme-ariege-100x80.jpg\" data-src=\"https:\/\/www.camping-lesedour.com\/wp-content\/uploads\/2020\/09\/camping-calme-ariege.jpg\" alt=\"camping calme ariege\" class=\"images_image\" \/><\/div><\/div><div class=\"element images\"><div class=\"image\"><img decoding=\"async\" src=\"https:\/\/www.camping-lesedour.com\/wp-content\/uploads\/2020\/09\/ping-pong-ariege-100x80.jpg\" data-src=\"https:\/\/www.camping-lesedour.com\/wp-content\/uploads\/2020\/09\/ping-pong-ariege.jpg\" alt=\"ping-pong ariege\" class=\"images_image\" \/><\/div><div class=\"image\"><img decoding=\"async\" src=\"https:\/\/www.camping-lesedour.com\/wp-content\/uploads\/2020\/09\/interieur-mobil-home-ariege-100x80.jpg\" data-src=\"https:\/\/www.camping-lesedour.com\/wp-content\/uploads\/2020\/09\/interieur-mobil-home-ariege.jpg\" alt=\"interieur mobil-home ariege\" class=\"images_image\" \/><\/div><\/div><\/div><div class=\"element colonne p-8 w-40\"><div class=\"element bloc-text justify \">\n\t<p>The new owner Christophe is proud of the modernization work he has already carried out to open in the region, a <strong class=\"bold color1\">new outdoor hotel concept<\/strong> : all the comfort, close to nature, away from the nuisances of urban activity!<\/p>\n<p>It is a revitalizing stay that the <strong class=\"bold color1\">natural setting of Surba<\/strong> guarantees you, you may adopt the key formula :<\/p>\n<p><strong class=\"bold color1\">&#8220;After a stay at the S\u00e9dour campsite, you always come back!&#8221;<\/strong><\/p>\n<\/div><h2 class=\"element section-title justify m-t-6\">Our services at the campsite<\/h2><div class=\"element bloc-text justify \">\n\t<p>Among the <strong class=\"bold color1\">different services<\/strong> offered at Le S\u00e9dour campsite, you will find a private outdoor parking, in addition to the car parking space located on the plot of your rental. <\/p>\n<p>The campsite being equipped with an automatic barrier in operation from 7 am to 11 pm, a <strong class=\"bold color1\">badge de passage<\/strong> will be given to you at your arrival for the duration of your stay.<\/p>\n<p>On the plot or in the structure that you will have rented (chalet, Coco Sweet or mobile home) the <strong class=\"bold color1\">Wi-FI is free.<\/strong><\/p>\n<\/div><\/div><\/div><\/div><\/section>\n\n<section id=\"section-duplicate\"\" class=\"section bg-white p-t-0\" \/><div class=\"container extralarge\"><div class=\"colonnes-wrap valign-top \"><div class=\"element colonne w-60 p-4\"><div class=\"element bloc-text justify \">\n\t<p>A <strong class=\"bold color1\">laundry area<\/strong> is open for the use of washing machines and dryers.<\/p>\n<p>A <strong class=\"bold color1\">play area with swings<\/strong>, merry-go-round and ping pong tables will keep young children occupied. <\/p>\n<p>A <strong class=\"bold color1\">bowls field<\/strong> is waiting for the petanque players and nearby <strong class=\"bold color1\">the barbecue corner<\/strong> is ready for grilling. Under the beautiful pergola, tables and chairs welcome young and old to enjoy grilled food and local specialties as well as fresh drinks on sale at the campsite reception. <\/p>\n<p>In the <strong class=\"bold color1\">multipurpose room, a television<\/strong>, a library area, board games for young and old are at your disposal.<\/p>\n<p>In this room are also installed a refrigerator, a freezer and a microwave for campers without electrical household equipment. There are also propane gas bottles for sale to help out if needed&#8230;<\/p>\n<p>Every morning <strong class=\"bold color1\">a baker<\/strong> comes to deliver bread and pastries.<\/p>\n<p>Finally, <strong class=\"bold color1\">the caretaker<\/strong> is present all year round at the campsite which remains open without interruption. <\/p>\n<\/div><\/div><div class=\"element colonne w-40 p-0\"><div class=\"element images\"><div class=\"image\"><img decoding=\"async\" src=\"https:\/\/www.camping-lesedour.com\/wp-content\/uploads\/2020\/09\/petanque-ariege-78x100.jpg\" data-src=\"https:\/\/www.camping-lesedour.com\/wp-content\/uploads\/2020\/09\/petanque-ariege.jpg\" alt=\"petanque ariege\" class=\"images_image\" \/><\/div><\/div><\/div><\/div><\/div><\/section>\n\n<section id=\"section-cta-bas-page\"\" class=\"section bg-color3\" \/><div class=\"container extralarge\"><div class=\"element section-title center titre-cta\">Our other services at the campsite<\/div><ul class=\"liste-de-page\"><li class=\"element call-to-action center titre-cta call-to-action--style-1 call-to-action--normal\"><a href=\"https:\/\/www.camping-lesedour.com\/en\/activities-campsite-ariege\/\"  class=\"call-to-action_link\" title=\"Learn more about activities in ariege\"><div class=\"call-to-action_image\"><img decoding=\"async\" src=\"https:\/\/www.camping-lesedour.com\/wp-content\/uploads\/2020\/09\/partenaire-ariege-100x80.jpg\" data-src=\"https:\/\/www.camping-lesedour.com\/wp-content\/uploads\/2020\/09\/partenaire-ariege.jpg\" alt=\"partenaire Ari\u00e8ge\" class=\"normal\" \/><\/div><div class=\"call-to-action_contenu\"><div class=\"call-to-action_titre\">Activities in Ariege<\/div><div class=\"call-to-action_texte\">To know more about it<\/div><\/div><\/a><\/li><li class=\"element call-to-action  call-to-action--style-1 call-to-action--normal\"><a href=\"https:\/\/www.camping-lesedour.com\/en\/open-year-round-campsite\/\"  class=\"call-to-action_link\" title=\"Learn more about open all year round\"><div class=\"call-to-action_image\"><img decoding=\"async\" src=\"https:\/\/www.camping-lesedour.com\/wp-content\/uploads\/2024\/01\/camping-sedour-ouvert-100x80.jpg\" data-src=\"https:\/\/www.camping-lesedour.com\/wp-content\/uploads\/2024\/01\/camping-sedour-ouvert.jpg\" alt=\"\" class=\"normal\" \/><\/div><div class=\"call-to-action_contenu\"><div class=\"call-to-action_titre\">Open all year round<\/div><div class=\"call-to-action_texte\">To know more about it<\/div><\/div><\/a><\/li><\/ul><\/div><\/section>","protected":false},"excerpt":{"rendered":"","protected":false},"author":1,"featured_media":5880,"parent":0,"menu_order":0,"comment_status":"closed","ping_status":"closed","template":"","meta":{"_acf_changed":false,"footnotes":""},"class_list":["post-315","page","type-page","status-publish","has-post-thumbnail","hentry"],"acf":[],"yoast_head":"<!-- This site is optimized with the Yoast SEO plugin v25.3 - https:\/\/yoast.com\/wordpress\/plugins\/seo\/ -->\n<title>Presentation of campsite le S\u00e9dour, in the Ari\u00e8ge Midi-pyr\u00e9n\u00e9es<\/title>\n<meta name=\"description\" content=\"Discover our campsite Ari\u00e8ge 3 stars for your next stay in the Pyr\u00e9n\u00e9es Ari\u00e9geoises\" \/>\n<meta name=\"robots\" content=\"index, follow, max-snippet:-1, max-image-preview:large, max-video-preview:-1\" \/>\n<link rel=\"canonical\" href=\"https:\/\/www.camping-lesedour.com\/en\/presentation-campsite-midi-pyrenees\/\" \/>\n<meta property=\"og:locale\" content=\"en_US\" \/>\n<meta property=\"og:type\" content=\"article\" \/>\n<meta property=\"og:title\" content=\"Presentation of campsite le S\u00e9dour, in the Ari\u00e8ge Midi-pyr\u00e9n\u00e9es\" \/>\n<meta property=\"og:description\" content=\"Discover our campsite Ari\u00e8ge 3 stars for your next stay in the Pyr\u00e9n\u00e9es Ari\u00e9geoises\" \/>\n<meta property=\"og:url\" content=\"https:\/\/www.camping-lesedour.com\/en\/presentation-campsite-midi-pyrenees\/\" \/>\n<meta property=\"og:site_name\" content=\"Camping le S\u00e9dour\" \/>\n<meta property=\"article:modified_time\" content=\"2022-08-30T14:41:51+00:00\" \/>\n<meta property=\"og:image\" content=\"https:\/\/www.camping-lesedour.com\/wp-content\/uploads\/2020\/10\/camping-reception-ariege.jpg\" \/>\n\t<meta property=\"og:image:width\" content=\"1903\" \/>\n\t<meta property=\"og:image:height\" content=\"550\" \/>\n\t<meta property=\"og:image:type\" content=\"image\/jpeg\" \/>\n<meta name=\"twitter:card\" content=\"summary_large_image\" \/>\n<script type=\"application\/ld+json\" class=\"yoast-schema-graph\">{\"@context\":\"https:\/\/schema.org\",\"@graph\":[{\"@type\":\"WebPage\",\"@id\":\"https:\/\/www.camping-lesedour.com\/en\/presentation-campsite-midi-pyrenees\/\",\"url\":\"https:\/\/www.camping-lesedour.com\/en\/presentation-campsite-midi-pyrenees\/\",\"name\":\"Presentation of campsite le S\u00e9dour, in the Ari\u00e8ge Midi-pyr\u00e9n\u00e9es\",\"isPartOf\":{\"@id\":\"https:\/\/www.camping-lesedour.com\/en\/#website\"},\"primaryImageOfPage\":{\"@id\":\"https:\/\/www.camping-lesedour.com\/en\/presentation-campsite-midi-pyrenees\/#primaryimage\"},\"image\":{\"@id\":\"https:\/\/www.camping-lesedour.com\/en\/presentation-campsite-midi-pyrenees\/#primaryimage\"},\"thumbnailUrl\":\"https:\/\/www.camping-lesedour.com\/wp-content\/uploads\/2025\/06\/new-accueil.webp\",\"datePublished\":\"2015-11-30T11:02:09+00:00\",\"dateModified\":\"2022-08-30T14:41:51+00:00\",\"description\":\"Discover our campsite Ari\u00e8ge 3 stars for your next stay in the Pyr\u00e9n\u00e9es Ari\u00e9geoises\",\"breadcrumb\":{\"@id\":\"https:\/\/www.camping-lesedour.com\/en\/presentation-campsite-midi-pyrenees\/#breadcrumb\"},\"inLanguage\":\"en-US\",\"potentialAction\":[{\"@type\":\"ReadAction\",\"target\":[\"https:\/\/www.camping-lesedour.com\/en\/presentation-campsite-midi-pyrenees\/\"]}]},{\"@type\":\"ImageObject\",\"inLanguage\":\"en-US\",\"@id\":\"https:\/\/www.camping-lesedour.com\/en\/presentation-campsite-midi-pyrenees\/#primaryimage\",\"url\":\"https:\/\/www.camping-lesedour.com\/wp-content\/uploads\/2025\/06\/new-accueil.webp\",\"contentUrl\":\"https:\/\/www.camping-lesedour.com\/wp-content\/uploads\/2025\/06\/new-accueil.webp\",\"width\":1000,\"height\":563,\"caption\":\"camping le s\u00e9dour\"},{\"@type\":\"BreadcrumbList\",\"@id\":\"https:\/\/www.camping-lesedour.com\/en\/presentation-campsite-midi-pyrenees\/#breadcrumb\",\"itemListElement\":[{\"@type\":\"ListItem\",\"position\":1,\"name\":\"Campsite Ariege\",\"item\":\"https:\/\/www.camping-lesedour.com\/en\/\"},{\"@type\":\"ListItem\",\"position\":2,\"name\":\"Presentation of the campsite\"}]},{\"@type\":\"WebSite\",\"@id\":\"https:\/\/www.camping-lesedour.com\/en\/#website\",\"url\":\"https:\/\/www.camping-lesedour.com\/en\/\",\"name\":\"Camping le S\u00e9dour\",\"description\":\"\",\"potentialAction\":[{\"@type\":\"SearchAction\",\"target\":{\"@type\":\"EntryPoint\",\"urlTemplate\":\"https:\/\/www.camping-lesedour.com\/en\/?s={search_term_string}\"},\"query-input\":{\"@type\":\"PropertyValueSpecification\",\"valueRequired\":true,\"valueName\":\"search_term_string\"}}],\"inLanguage\":\"en-US\"}]}<\/script>\n<!-- \/ Yoast SEO plugin. -->","yoast_head_json":{"title":"Presentation of campsite le S\u00e9dour, in the Ari\u00e8ge Midi-pyr\u00e9n\u00e9es","description":"Discover our campsite Ari\u00e8ge 3 stars for your next stay in the Pyr\u00e9n\u00e9es Ari\u00e9geoises","robots":{"index":"index","follow":"follow","max-snippet":"max-snippet:-1","max-image-preview":"max-image-preview:large","max-video-preview":"max-video-preview:-1"},"canonical":"https:\/\/www.camping-lesedour.com\/en\/presentation-campsite-midi-pyrenees\/","og_locale":"en_US","og_type":"article","og_title":"Presentation of campsite le S\u00e9dour, in the Ari\u00e8ge Midi-pyr\u00e9n\u00e9es","og_description":"Discover our campsite Ari\u00e8ge 3 stars for your next stay in the Pyr\u00e9n\u00e9es Ari\u00e9geoises","og_url":"https:\/\/www.camping-lesedour.com\/en\/presentation-campsite-midi-pyrenees\/","og_site_name":"Camping le S\u00e9dour","article_modified_time":"2022-08-30T14:41:51+00:00","og_image":[{"width":1903,"height":550,"url":"https:\/\/www.camping-lesedour.com\/wp-content\/uploads\/2020\/10\/camping-reception-ariege.jpg","type":"image\/jpeg"}],"twitter_card":"summary_large_image","schema":{"@context":"https:\/\/schema.org","@graph":[{"@type":"WebPage","@id":"https:\/\/www.camping-lesedour.com\/en\/presentation-campsite-midi-pyrenees\/","url":"https:\/\/www.camping-lesedour.com\/en\/presentation-campsite-midi-pyrenees\/","name":"Presentation of campsite le S\u00e9dour, in the Ari\u00e8ge Midi-pyr\u00e9n\u00e9es","isPartOf":{"@id":"https:\/\/www.camping-lesedour.com\/en\/#website"},"primaryImageOfPage":{"@id":"https:\/\/www.camping-lesedour.com\/en\/presentation-campsite-midi-pyrenees\/#primaryimage"},"image":{"@id":"https:\/\/www.camping-lesedour.com\/en\/presentation-campsite-midi-pyrenees\/#primaryimage"},"thumbnailUrl":"https:\/\/www.camping-lesedour.com\/wp-content\/uploads\/2025\/06\/new-accueil.webp","datePublished":"2015-11-30T11:02:09+00:00","dateModified":"2022-08-30T14:41:51+00:00","description":"Discover our campsite Ari\u00e8ge 3 stars for your next stay in the Pyr\u00e9n\u00e9es Ari\u00e9geoises","breadcrumb":{"@id":"https:\/\/www.camping-lesedour.com\/en\/presentation-campsite-midi-pyrenees\/#breadcrumb"},"inLanguage":"en-US","potentialAction":[{"@type":"ReadAction","target":["https:\/\/www.camping-lesedour.com\/en\/presentation-campsite-midi-pyrenees\/"]}]},{"@type":"ImageObject","inLanguage":"en-US","@id":"https:\/\/www.camping-lesedour.com\/en\/presentation-campsite-midi-pyrenees\/#primaryimage","url":"https:\/\/www.camping-lesedour.com\/wp-content\/uploads\/2025\/06\/new-accueil.webp","contentUrl":"https:\/\/www.camping-lesedour.com\/wp-content\/uploads\/2025\/06\/new-accueil.webp","width":1000,"height":563,"caption":"camping le s\u00e9dour"},{"@type":"BreadcrumbList","@id":"https:\/\/www.camping-lesedour.com\/en\/presentation-campsite-midi-pyrenees\/#breadcrumb","itemListElement":[{"@type":"ListItem","position":1,"name":"Campsite Ariege","item":"https:\/\/www.camping-lesedour.com\/en\/"},{"@type":"ListItem","position":2,"name":"Presentation of the campsite"}]},{"@type":"WebSite","@id":"https:\/\/www.camping-lesedour.com\/en\/#website","url":"https:\/\/www.camping-lesedour.com\/en\/","name":"Camping le S\u00e9dour","description":"","potentialAction":[{"@type":"SearchAction","target":{"@type":"EntryPoint","urlTemplate":"https:\/\/www.camping-lesedour.com\/en\/?s={search_term_string}"},"query-input":{"@type":"PropertyValueSpecification","valueRequired":true,"valueName":"search_term_string"}}],"inLanguage":"en-US"}]}},"_links":{"self":[{"href":"https:\/\/www.camping-lesedour.com\/en\/wp-json\/wp\/v2\/pages\/315"}],"collection":[{"href":"https:\/\/www.camping-lesedour.com\/en\/wp-json\/wp\/v2\/pages"}],"about":[{"href":"https:\/\/www.camping-lesedour.com\/en\/wp-json\/wp\/v2\/types\/page"}],"author":[{"embeddable":true,"href":"https:\/\/www.camping-lesedour.com\/en\/wp-json\/wp\/v2\/users\/1"}],"replies":[{"embeddable":true,"href":"https:\/\/www.camping-lesedour.com\/en\/wp-json\/wp\/v2\/comments?post=315"}],"version-history":[{"count":14,"href":"https:\/\/www.camping-lesedour.com\/en\/wp-json\/wp\/v2\/pages\/315\/revisions"}],"predecessor-version":[{"id":4705,"href":"https:\/\/www.camping-lesedour.com\/en\/wp-json\/wp\/v2\/pages\/315\/revisions\/4705"}],"wp:featuredmedia":[{"embeddable":true,"href":"https:\/\/www.camping-lesedour.com\/en\/wp-json\/wp\/v2\/media\/5880"}],"wp:attachment":[{"href":"https:\/\/www.camping-lesedour.com\/en\/wp-json\/wp\/v2\/media?parent=315"}],"curies":[{"name":"wp","href":"https:\/\/api.w.org\/{rel}","templated":true}]}}