{"id":326,"date":"2015-12-02T20:05:55","date_gmt":"2015-12-02T19:05:55","guid":{"rendered":"https:\/\/www.camping-lesedour.com\/en\/activites-camping-ariege\/"},"modified":"2020-10-26T10:15:50","modified_gmt":"2020-10-26T09:15:50","slug":"activities-campsite-ariege","status":"publish","type":"page","link":"https:\/\/www.camping-lesedour.com\/en\/activities-campsite-ariege\/","title":{"rendered":"The activities in the region"},"content":{"rendered":"<section id=\"section-5f6b51e6d8b51\"\" class=\"section bg-color3\" \/><div class=\"container\"><h1 class=\"element section-title center\">What to do in Ariege?<\/h1><\/div><\/section>\n\n<section id=\"section-5f6b51e6d8ffe\"\" class=\"section bg-white p-t-0\" \/><div class=\"container extralarge\"><div class=\"colonnes-wrap valign-top \"><div class=\"element colonne w-40 p-0\"><div class=\"element images\"><div class=\"image\"><img decoding=\"async\" src=\"https:\/\/www.camping-lesedour.com\/wp-content\/uploads\/2020\/09\/randonnee-groupe-ariege-73x100.jpg\" data-src=\"https:\/\/www.camping-lesedour.com\/wp-content\/uploads\/2020\/09\/randonnee-groupe-ariege.jpg\" alt=\"randonn\u00e9e groupe Ari\u00e8ge\" class=\"images_image\" \/><\/div><\/div><\/div><div class=\"element colonne w-60 p-4\"><h2 class=\"element section-title justify\">Activities near the campsite<\/h2><div class=\"element bloc-text justify \">\n\t<p>The campsite &#8221; le S\u00e9dour &#8221; at the <strong class=\"bold color1\">crossroads of the valleys<\/strong>.<\/p>\n<p>It is at the crossroads of 3 valleys that is located the campsite &#8220;le S\u00e9dour&#8221; and more precisely at the opening of the <strong class=\"bold color1\">valley of the pass of Port<\/strong>, very touristic.<\/p>\n<p>During your stay at the <a href=\"\/en\/\">campsite in Ari\u00e8ge<\/a>, you will have the choice between hiking around Surba, or visiting the B\u00e9deilhac cave (2 km from the campsite) or discovering the climbing wall of Calam\u00e8s (3km from the campsite) or spending a day at the Prehistory Park (2 km from the campsite).<\/p>\n<p>In Mercus (4 km from the campsite) an artificial dam has been built in <strong class=\"bold color1\">recreational center with games for children<\/strong>, a restaurant, a guinguette restaurant, a water ski lift open from June to September.<\/p>\n<p>The <strong class=\"bold color1\">mountain streams<\/strong> are waiting for anglers (Saurat, Loumet, Courbi\u00e8re &#8230;) but also the Ari\u00e8ge, Vicdessos and high altitude lakes above Gourbit or Rabat Les 3 Seigneurs.<\/p>\n<p>The <strong class=\"bold color1\">town of Tarascon<\/strong> located 3 km from the campsite &#8220;le S\u00e9dour&#8221;, with its old stones, its shops, its restaurants, its cinema, its library and its various entertainments will welcome you for pleasant days.<\/p>\n<p>Towards the south, 5 km from the campsite, the <strong class=\"bold color1\">spa resort of Ussat-les-Bains<\/strong>, can offer you fitness stays, aquagym sessions or individual baths \u00e0 la carte (from March to November).<\/p>\n<p>A <strong class=\"bold color1\">range of activities for the whole family<\/strong> that will make the success of your stay in this wonderful corner of Ari\u00e8ge, in Midi Pyr\u00e9n\u00e9es.<\/p>\n<\/div><\/div><\/div><\/div><\/section>\n\n<section id=\"section-5f6b51e6d970e\"\" class=\"section bg-color3\" \/><div class=\"container extralarge\"><h2 class=\"element section-title center\">Our partners at the campsite<\/h2>    \n         \n        \n        \n      <div id=\"filters\" class=\"button-group\">  \n    \n        <button class=\"button is-checked\" data-filter=\"*\">Everything<\/button>\n    \n        <button class=\"button\" data-filter=\".ski\">Ski &#8211; Rent<\/button>\n    \n        <button class=\"button\" data-filter=\".massage\">Massage &#8211; Relax<\/button>\n    \n        <button class=\"button\" data-filter=\".escalade\">Escalade &#8211; Canyoning<\/button>\n    \n        <button class=\"button\" data-filter=\".ballade\">All kind of walkings &#8211; hiking<\/button>\n    \n        <button class=\"button\" data-filter=\".peche\">Fishing<\/button>\n    \n      <\/div>\n    \n        \n    \n    \n    <div class=\"isotope\">\n    \n      <div class=\"element-item escalade ballade\">\n    \n        <a href=\"http:\/\/waterploof.com\/\" target=\"_blank\">\n    \n          <img decoding=\"async\" src=\"\/wp-content\/themes\/merlin\/img\/kayak-ariege.jpg\" alt=\"kayak ari\u00e8ge\" \/>\n    \n          <span class=\"thumb-info-title\">\n    \n            <span class=\"thumb-info-inner\">Water Ploof<\/span>\n    \n            <span class=\"thumb-info-type\">Canoeing, Kayaking and Rafting<\/span>\n    \n          <\/span>\n    \n          <p>Canoe, Kayak, Rafting and Stand-Up Paddle in Ari\u00e8ge<\/p>\n    \n        <\/a>\n    \n      <\/div>\n    \n      <div class=\"element-item ski\">\n    \n        <a href=\"https:\/\/www.location-point-glisse.com\/\" target=\"_blank\">\n    \n          <img decoding=\"async\" src=\"\/wp-content\/themes\/merlin\/img\/ariege-point-glisse.jpg\" alt=\"vacances en camping tarascon\" \/>\n    \n          <p>Ski Rental &#8211; Ski Repair &#8211; Ski Equipment Sales &#8211; Bike Rental<\/p>\n    \n        <\/a>\n    \n      <\/div>\n    \n      <div class=\"element-item ski\">\n    \n        <a href=\"https:\/\/vertikarst.fr\/\" target=\"_blank\">\n    \n          <img decoding=\"async\" src=\"\/wp-content\/themes\/merlin\/img\/vacances-sport-ariege.jpg\" alt=\"vacances en camping tarascon\" \/>\n    \n          <span class=\"thumb-info-title\">\n    \n            <span class=\"thumb-info-inner\">SPELEO &#8211; CANYON<\/span>\n    \n            <span class=\"thumb-info-type\">Caving &#8211; Canyoning<\/span>\n    \n          <\/span>\n    \n          <p>A unique and sporty environment<\/p>\n    \n        <\/a>\n    \n      <\/div>\n    \n      <div class=\"element-item escalade ballade\">\n    \n        <a href=\"https:\/\/www.sport-location.com\/\" target=\"_blank\">\n    \n          <img decoding=\"async\" src=\"\/wp-content\/themes\/merlin\/img\/location-ariege.jpg\" alt=\"vacances midi pyr\u00e9n\u00e9es\" \/>\n    \n          <span class=\"thumb-info-title\">\n    \n            <span class=\"thumb-info-inner\">SPORT &#8211; LOCATION<\/span>\n    \n            <span class=\"thumb-info-type\">Mountain &#8211; Climbing &#8211; Canyoning<\/span>\n    \n          <\/span>\n    \n          <p>Mountain, climbing and canyoning equipment rental<\/p>\n    \n        <\/a>\n    \n      <\/div>\n    \n      <div class=\"element-item escalade ballade\">\n    \n        <a href=\"http:\/\/escalade-canyon.com\/\" target=\"_blank\">\n    \n          <img decoding=\"async\" src=\"\/wp-content\/themes\/merlin\/img\/escalade-ariege.jpg\" alt=\"camping midi pyr\u00e9n\u00e9es\" \/>\n    \n          <span class=\"thumb-info-title\">\n    \n            <span class=\"thumb-info-inner\">CLIMBING &#8211; CANYON<\/span>\n    \n            <span class=\"thumb-info-type\">Climbing and Canyoning<\/span>\n    \n          <\/span>\n    \n          <p>Discover new sensations <\/p>\n    \n        <\/a>\n    \n      <\/div>\n    \n      <div class=\"element-item peche\">\n    \n        <a href=\"http:\/\/www.truiteariegeoise.fr\/\" target=\"_blank\">\n    \n          <img decoding=\"async\" src=\"\/wp-content\/themes\/merlin\/img\/peche-midi-pyrenees.jpg\" alt=\"camping p\u00eache ariege\" \/>\n    \n          <span class=\"thumb-info-title\">\n    \n            <span class=\"thumb-info-inner\">TRUITE ARI\u00c9GEOISE<\/span>\n    \n            <span class=\"thumb-info-type\">Fishing<\/span>\n    \n          <\/span>\n    \n          <p>Trout fishing, fun and family fishing<\/p>\n    \n        <\/a>\n    \n      <\/div>\n    \n      <div class=\"element-item ballade\">\n    \n        <a href=\"https:\/\/www.larando.net\/\" target=\"_blank\">\n    \n          <img decoding=\"async\" src=\"\/wp-content\/themes\/merlin\/img\/servaire-ariege.jpg\" alt=\"camping montagne pyr\u00e9n\u00e9es\" \/>\n    \n          <span class=\"thumb-info-title\">\n    \n            <span class=\"thumb-info-inner\">J\u00c9R\u00d4ME SERVAIRE<\/span>\n    \n            <span class=\"thumb-info-type\">Mountain leader<\/span>\n    \n          <\/span>\n    \n          <p>Mountain Leader for more than 15 years, I&#8217;ve been traveling in the Pyrenees from West to East and from North to South.<\/p>\n    \n        <\/a>\n    \n      <\/div>\n\n <div class=\"element bloc-text center \">\n\t\n<\/div><\/div><\/section>","protected":false},"excerpt":{"rendered":"","protected":false},"author":1,"featured_media":2620,"parent":0,"menu_order":0,"comment_status":"closed","ping_status":"closed","template":"","meta":{"_acf_changed":false,"footnotes":""},"class_list":["post-326","page","type-page","status-publish","has-post-thumbnail","hentry"],"acf":[],"yoast_head":"<!-- This site is optimized with the Yoast SEO plugin v25.3 - https:\/\/yoast.com\/wordpress\/plugins\/seo\/ -->\n<title>Activities around campsite le S\u00e9dour, in the Ari\u00e8ge<\/title>\n<meta name=\"description\" content=\"Learn more about outdoor activities around camping Le S\u00e9dour in Ari\u00e8ge\" \/>\n<meta name=\"robots\" content=\"index, follow, max-snippet:-1, max-image-preview:large, max-video-preview:-1\" \/>\n<link rel=\"canonical\" href=\"https:\/\/www.camping-lesedour.com\/en\/activities-campsite-ariege\/\" \/>\n<meta property=\"og:locale\" content=\"en_US\" \/>\n<meta property=\"og:type\" content=\"article\" \/>\n<meta property=\"og:title\" content=\"Activities around campsite le S\u00e9dour, in the Ari\u00e8ge\" \/>\n<meta property=\"og:description\" content=\"Learn more about outdoor activities around camping Le S\u00e9dour in Ari\u00e8ge\" \/>\n<meta property=\"og:url\" content=\"https:\/\/www.camping-lesedour.com\/en\/activities-campsite-ariege\/\" \/>\n<meta property=\"og:site_name\" content=\"Camping le S\u00e9dour\" \/>\n<meta property=\"article:modified_time\" content=\"2020-10-26T09:15:50+00:00\" \/>\n<meta property=\"og:image\" content=\"https:\/\/www.camping-lesedour.com\/wp-content\/uploads\/2020\/09\/randonnee-en-ariege.jpg\" \/>\n\t<meta property=\"og:image:width\" content=\"1903\" \/>\n\t<meta property=\"og:image:height\" content=\"550\" \/>\n\t<meta property=\"og:image:type\" content=\"image\/jpeg\" \/>\n<meta name=\"twitter:card\" content=\"summary_large_image\" \/>\n<script type=\"application\/ld+json\" class=\"yoast-schema-graph\">{\"@context\":\"https:\/\/schema.org\",\"@graph\":[{\"@type\":\"WebPage\",\"@id\":\"https:\/\/www.camping-lesedour.com\/en\/activities-campsite-ariege\/\",\"url\":\"https:\/\/www.camping-lesedour.com\/en\/activities-campsite-ariege\/\",\"name\":\"Activities around campsite le S\u00e9dour, in the Ari\u00e8ge\",\"isPartOf\":{\"@id\":\"https:\/\/www.camping-lesedour.com\/en\/#website\"},\"primaryImageOfPage\":{\"@id\":\"https:\/\/www.camping-lesedour.com\/en\/activities-campsite-ariege\/#primaryimage\"},\"image\":{\"@id\":\"https:\/\/www.camping-lesedour.com\/en\/activities-campsite-ariege\/#primaryimage\"},\"thumbnailUrl\":\"https:\/\/www.camping-lesedour.com\/wp-content\/uploads\/2020\/09\/randonnee-en-ariege.jpg\",\"datePublished\":\"2015-12-02T19:05:55+00:00\",\"dateModified\":\"2020-10-26T09:15:50+00:00\",\"description\":\"Learn more about outdoor activities around camping Le S\u00e9dour in Ari\u00e8ge\",\"breadcrumb\":{\"@id\":\"https:\/\/www.camping-lesedour.com\/en\/activities-campsite-ariege\/#breadcrumb\"},\"inLanguage\":\"en-US\",\"potentialAction\":[{\"@type\":\"ReadAction\",\"target\":[\"https:\/\/www.camping-lesedour.com\/en\/activities-campsite-ariege\/\"]}]},{\"@type\":\"ImageObject\",\"inLanguage\":\"en-US\",\"@id\":\"https:\/\/www.camping-lesedour.com\/en\/activities-campsite-ariege\/#primaryimage\",\"url\":\"https:\/\/www.camping-lesedour.com\/wp-content\/uploads\/2020\/09\/randonnee-en-ariege.jpg\",\"contentUrl\":\"https:\/\/www.camping-lesedour.com\/wp-content\/uploads\/2020\/09\/randonnee-en-ariege.jpg\",\"width\":1903,\"height\":550,\"caption\":\"randonn\u00e9e en Ari\u00e8ge\"},{\"@type\":\"BreadcrumbList\",\"@id\":\"https:\/\/www.camping-lesedour.com\/en\/activities-campsite-ariege\/#breadcrumb\",\"itemListElement\":[{\"@type\":\"ListItem\",\"position\":1,\"name\":\"Campsite Ariege\",\"item\":\"https:\/\/www.camping-lesedour.com\/en\/\"},{\"@type\":\"ListItem\",\"position\":2,\"name\":\"Activities Ari\u00e8ge\"}]},{\"@type\":\"WebSite\",\"@id\":\"https:\/\/www.camping-lesedour.com\/en\/#website\",\"url\":\"https:\/\/www.camping-lesedour.com\/en\/\",\"name\":\"Camping le S\u00e9dour\",\"description\":\"\",\"potentialAction\":[{\"@type\":\"SearchAction\",\"target\":{\"@type\":\"EntryPoint\",\"urlTemplate\":\"https:\/\/www.camping-lesedour.com\/en\/?s={search_term_string}\"},\"query-input\":{\"@type\":\"PropertyValueSpecification\",\"valueRequired\":true,\"valueName\":\"search_term_string\"}}],\"inLanguage\":\"en-US\"}]}<\/script>\n<!-- \/ Yoast SEO plugin. -->","yoast_head_json":{"title":"Activities around campsite le S\u00e9dour, in the Ari\u00e8ge","description":"Learn more about outdoor activities around camping Le S\u00e9dour in Ari\u00e8ge","robots":{"index":"index","follow":"follow","max-snippet":"max-snippet:-1","max-image-preview":"max-image-preview:large","max-video-preview":"max-video-preview:-1"},"canonical":"https:\/\/www.camping-lesedour.com\/en\/activities-campsite-ariege\/","og_locale":"en_US","og_type":"article","og_title":"Activities around campsite le S\u00e9dour, in the Ari\u00e8ge","og_description":"Learn more about outdoor activities around camping Le S\u00e9dour in Ari\u00e8ge","og_url":"https:\/\/www.camping-lesedour.com\/en\/activities-campsite-ariege\/","og_site_name":"Camping le S\u00e9dour","article_modified_time":"2020-10-26T09:15:50+00:00","og_image":[{"width":1903,"height":550,"url":"https:\/\/www.camping-lesedour.com\/wp-content\/uploads\/2020\/09\/randonnee-en-ariege.jpg","type":"image\/jpeg"}],"twitter_card":"summary_large_image","schema":{"@context":"https:\/\/schema.org","@graph":[{"@type":"WebPage","@id":"https:\/\/www.camping-lesedour.com\/en\/activities-campsite-ariege\/","url":"https:\/\/www.camping-lesedour.com\/en\/activities-campsite-ariege\/","name":"Activities around campsite le S\u00e9dour, in the Ari\u00e8ge","isPartOf":{"@id":"https:\/\/www.camping-lesedour.com\/en\/#website"},"primaryImageOfPage":{"@id":"https:\/\/www.camping-lesedour.com\/en\/activities-campsite-ariege\/#primaryimage"},"image":{"@id":"https:\/\/www.camping-lesedour.com\/en\/activities-campsite-ariege\/#primaryimage"},"thumbnailUrl":"https:\/\/www.camping-lesedour.com\/wp-content\/uploads\/2020\/09\/randonnee-en-ariege.jpg","datePublished":"2015-12-02T19:05:55+00:00","dateModified":"2020-10-26T09:15:50+00:00","description":"Learn more about outdoor activities around camping Le S\u00e9dour in Ari\u00e8ge","breadcrumb":{"@id":"https:\/\/www.camping-lesedour.com\/en\/activities-campsite-ariege\/#breadcrumb"},"inLanguage":"en-US","potentialAction":[{"@type":"ReadAction","target":["https:\/\/www.camping-lesedour.com\/en\/activities-campsite-ariege\/"]}]},{"@type":"ImageObject","inLanguage":"en-US","@id":"https:\/\/www.camping-lesedour.com\/en\/activities-campsite-ariege\/#primaryimage","url":"https:\/\/www.camping-lesedour.com\/wp-content\/uploads\/2020\/09\/randonnee-en-ariege.jpg","contentUrl":"https:\/\/www.camping-lesedour.com\/wp-content\/uploads\/2020\/09\/randonnee-en-ariege.jpg","width":1903,"height":550,"caption":"randonn\u00e9e en Ari\u00e8ge"},{"@type":"BreadcrumbList","@id":"https:\/\/www.camping-lesedour.com\/en\/activities-campsite-ariege\/#breadcrumb","itemListElement":[{"@type":"ListItem","position":1,"name":"Campsite Ariege","item":"https:\/\/www.camping-lesedour.com\/en\/"},{"@type":"ListItem","position":2,"name":"Activities Ari\u00e8ge"}]},{"@type":"WebSite","@id":"https:\/\/www.camping-lesedour.com\/en\/#website","url":"https:\/\/www.camping-lesedour.com\/en\/","name":"Camping le S\u00e9dour","description":"","potentialAction":[{"@type":"SearchAction","target":{"@type":"EntryPoint","urlTemplate":"https:\/\/www.camping-lesedour.com\/en\/?s={search_term_string}"},"query-input":{"@type":"PropertyValueSpecification","valueRequired":true,"valueName":"search_term_string"}}],"inLanguage":"en-US"}]}},"_links":{"self":[{"href":"https:\/\/www.camping-lesedour.com\/en\/wp-json\/wp\/v2\/pages\/326"}],"collection":[{"href":"https:\/\/www.camping-lesedour.com\/en\/wp-json\/wp\/v2\/pages"}],"about":[{"href":"https:\/\/www.camping-lesedour.com\/en\/wp-json\/wp\/v2\/types\/page"}],"author":[{"embeddable":true,"href":"https:\/\/www.camping-lesedour.com\/en\/wp-json\/wp\/v2\/users\/1"}],"replies":[{"embeddable":true,"href":"https:\/\/www.camping-lesedour.com\/en\/wp-json\/wp\/v2\/comments?post=326"}],"version-history":[{"count":6,"href":"https:\/\/www.camping-lesedour.com\/en\/wp-json\/wp\/v2\/pages\/326\/revisions"}],"predecessor-version":[{"id":3969,"href":"https:\/\/www.camping-lesedour.com\/en\/wp-json\/wp\/v2\/pages\/326\/revisions\/3969"}],"wp:featuredmedia":[{"embeddable":true,"href":"https:\/\/www.camping-lesedour.com\/en\/wp-json\/wp\/v2\/media\/2620"}],"wp:attachment":[{"href":"https:\/\/www.camping-lesedour.com\/en\/wp-json\/wp\/v2\/media?parent=326"}],"curies":[{"name":"wp","href":"https:\/\/api.w.org\/{rel}","templated":true}]}}