{"id":330,"date":"2015-12-03T18:47:57","date_gmt":"2015-12-03T17:47:57","guid":{"rendered":"https:\/\/www.camping-lesedour.com\/en\/emplacement-camping-tarascon-ariege\/"},"modified":"2020-10-27T16:45:39","modified_gmt":"2020-10-27T15:45:39","slug":"rental-pitches-ariege","status":"publish","type":"page","link":"https:\/\/www.camping-lesedour.com\/en\/rental-pitches-ariege\/","title":{"rendered":"OUR CAMPSITE PLACES"},"content":{"rendered":"<section id=\"section-5f6b51e6d8b51\"\" class=\"section bg-color3\" \/><div class=\"container\"><h1 class=\"element section-title center\">Pitches campsite Tarascon sur Ariege<\/h1><\/div><\/section>\n\n<section id=\"section-5f6b51e6d8ffe\"\" class=\"section bg-white p-t-0\" \/><div class=\"container\"><div class=\"element bloc-text justify \">\n\t<p><script>\n    window.ctoutvert = {\n        id: 735,\n        lang: 'en',\n        url: 'https:\/\/bookingpremium.secureholiday.net\/widgets\/', \n    };\n    (function (w, d, s, ctv, r, js, fjs) {\n        r=new XMLHttpRequest();r.open('GET',w[ctv].url+'js\/src.json');\n        r.responseType='json';r.json=true;r.send();\n        r.onload=function(){w[ctv].src=r.responseType=='json'?r.response:JSON.parse(r.response);\n        js.src=w[ctv].src[0];fjs.parentNode.insertBefore(js, fjs);}\n        js=d.createElement(s),fjs=d.getElementsByTagName(s)[0];\n        js.id='ctvwidget';js.async=1;\n    }(window, document, 'script', 'ctoutvert'));\n<\/script><br \/>\n<ctv-availability data-product-id='41509;77002;41508' ><\/ctv-availability><\/p>\n<\/div><\/div><\/section>\n\n<section id=\"section-5f6b51e6d970e\"\" class=\"section bg-color3\" \/><div class=\"container full\"><div class=\"colonnes-wrap valign-middle \"><div class=\"element colonne w-60 p-0\"><div class=\"element images\"><div class=\"image\"><img decoding=\"async\" src=\"https:\/\/www.camping-lesedour.com\/wp-content\/uploads\/2020\/09\/acsi-ariege-100x70.jpg\" data-src=\"https:\/\/www.camping-lesedour.com\/wp-content\/uploads\/2020\/09\/acsi-ariege.jpg\" alt=\"location emplacement occitanie\" class=\"images_image\" \/><\/div><div class=\"image\"><img decoding=\"async\" src=\"https:\/\/www.camping-lesedour.com\/wp-content\/uploads\/2020\/10\/location-emplacement-ariege-100x80.jpg\" data-src=\"https:\/\/www.camping-lesedour.com\/wp-content\/uploads\/2020\/10\/location-emplacement-ariege.jpg\" alt=\"location emplacement ariege\" class=\"images_image\" \/><\/div><\/div><div class=\"element images\"><div class=\"image\"><img decoding=\"async\" src=\"https:\/\/www.camping-lesedour.com\/wp-content\/uploads\/2020\/10\/emplacement-tente-ariege-100x80.jpg\" data-src=\"https:\/\/www.camping-lesedour.com\/wp-content\/uploads\/2020\/10\/emplacement-tente-ariege.jpg\" alt=\"emplacement tente ariege\" class=\"images_image\" \/><\/div><div class=\"image\"><img decoding=\"async\" src=\"https:\/\/www.camping-lesedour.com\/wp-content\/uploads\/2020\/10\/caravaning-ariege-100x80.jpg\" data-src=\"https:\/\/www.camping-lesedour.com\/wp-content\/uploads\/2020\/10\/caravaning-ariege.jpg\" alt=\"caravaning ariege\" class=\"images_image\" \/><\/div><\/div><\/div><div class=\"element colonne p-8 w-40\"><h2 class=\"element section-title left\">Pitches Hiker&#8217;s Package<\/h2><div class=\"element bloc-text justify \">\n\t<p>At <a href=\"\/en\/\">campsite Ari\u00e8ge<\/a>, we offer you <strong class=\"bold color1\">quality camping sites<\/strong>, for family vacations with all comfort.<\/p>\n<p>Intimate and green plots are available for single travellers on foot or by bike. Ideal for hikers and cyclists, our package includes a <strong class=\"bold color1\">camping pitch for tents<\/strong> with a pleasant area of 80 m2 for one person.<\/p>\n<p>Electricity is included in your hiking package and allows you to use personal or rented equipment for your own comfort.<\/p>\n<p>In a <strong class=\"bold color1\">calm neighborhood<\/strong> of our site, you can enjoy a pleasant view of the Ari\u00e8ge countryside with the mountains in the background.<\/p>\n<p>Your site is delimited by trees to bring you a pleasant shade and to guarantee your tranquility.<\/p>\n<p>The grassy ground is ideal for a stay or a halt in the open air.<\/p>\n<p><strong class=\"bold color1\">group barbecues<\/strong> allow light travelers to enjoy the pleasure and conviviality of grilled dishes. <\/p>\n<p>As an option, up to three additional people and two pets are allowed on the site.<\/p>\n<\/div><\/div><\/div><\/div><\/section>\n\n<section id=\"section-duplicate\"\" class=\"section bg-white\" \/><div class=\"container extralarge\"><div class=\"colonnes-wrap valign-middle \"><div class=\"element colonne w-60 p-4\"><h2 class=\"element section-title justify\">Pitches Comfort Package<\/h2><div class=\"element bloc-text justify \">\n\t<p>Ideal for <strong class=\"bold color1\">travellers in motorhomes<\/strong> and <strong class=\"bold color1\">travellers in tents or caravans<\/strong> with car, the Comfort Package includes the rental of a spacious and comfortable pitch equipped with an electrical connection.<\/p>\n<p>The 80 to 100 m\u00b2 surface area of the Comfort pitches is perfect for <strong class=\"bold color1\">families<\/strong> and <strong class=\"bold color1\">vacationists with large tents<\/strong> in general. Grassed and shaded, the pitches are also delimited by trees for your tranquility.<\/p>\n<p>You benefit from a beautiful view on the mountain and the natural landscape of the Ari\u00e8ge. You have on your plot of land 10 A electricity, an ideal amperage for the connection of your equipment: lighting, cooking appliances, refrigerators.<\/p>\n<p>The use of the charcoal barbecue is authorized in our establishment.<\/p>\n<p>Picnic tables are at your disposal to enjoy it. Between <strong class=\"bold color1\">tranquillity<\/strong>, <strong class=\"bold color1\">friendliness<\/strong> and <strong class=\"bold color1\">simplicity<\/strong>, get ready for a nature vacation in the purest camping spirit!<\/p>\n<\/div><\/div><div class=\"element colonne w-40 p-0\"><div class=\"element images\"><div class=\"image\"><img decoding=\"async\" src=\"https:\/\/www.camping-lesedour.com\/wp-content\/uploads\/2020\/10\/emplacement-confort-ariege-85x100.jpg\" data-src=\"https:\/\/www.camping-lesedour.com\/wp-content\/uploads\/2020\/10\/emplacement-confort-ariege.jpg\" alt=\"emplacement confort ariege\" class=\"images_image\" \/><\/div><\/div><\/div><\/div><\/div><\/section>\n\n<section id=\"section-5f747ff22d561\"\" class=\"section bg-color3\" \/><div class=\"container full\"><div class=\"colonnes-wrap valign-middle \"><div class=\"element colonne w-50 p-0\"><div class=\"element images\"><div class=\"image\"><img decoding=\"async\" src=\"https:\/\/www.camping-lesedour.com\/wp-content\/uploads\/2020\/10\/camping-moto-ariege-100x79.jpg\" data-src=\"https:\/\/www.camping-lesedour.com\/wp-content\/uploads\/2020\/10\/camping-moto-ariege.jpg\" alt=\"camping moto ariege\" class=\"images_image\" \/><\/div><\/div><\/div><div class=\"element colonne p-8 w-50\"><h2 class=\"element section-title justify\">Motorcycle package in Ariege<\/h2><div class=\"element bloc-text justify \">\n\t<p>The Occitania region, with its <strong class=\"bold color1\">various landscapes and temperate<\/strong> climate is an ideal destination for motorcycle travel. The roads of the Pyrenees offer <strong class=\"bold color1\">wonderful landscapes<\/strong> with their multifaceted mountains.<\/p>\n<p>The Ari\u00e8ge massifs concentrate a great variety of green landscapes with their forests, pastures and deep valleys.<\/p>\n<p>By motorcycle you will discover the mythical roads of the Tour de France like the ascent to the Beille plateau, the Bonascre road above Ax-les-Thermes, and also the Port de Lers a few kilometers from the campsite Le S\u00e9dour. The bike will take you to the Mur de P\u00e9gu\u00e8re that the Tour de France riders know well!<\/p>\n<p>In a few minutes by motorcycle you will be in front of <strong class=\"bold color1\">extraordinary sites<\/strong> : glittering lakes and hydraulic dams like Soulcem or the pond of Lers, or hanging villages on top of mountains like Lap\u00e8ge, panoramic passes with breathtaking views and at the top an inn famous for its gastronomy. <strong class=\"bold color1\">All these wonders in a short time by motorcycle<\/strong>.<\/p>\n<p>However caution is recommended because weather conditions can change quickly in the mountains. Then you will be very happy to find the <strong class=\"bold color1\">peaceful and cozy<\/strong> setting of your accommodation at Le S\u00e9dour de Surba campsite.<\/p>\n<\/div><\/div><\/div><\/div><\/section>\n\n<section id=\"section-cta-bas-page\"\" class=\"section bg-white\" \/><div class=\"container extralarge\"><div class=\"element section-title center titre-cta\">Discover our mobile homes for sale or for rent<\/div><ul class=\"liste-de-page\"><li class=\"element call-to-action center titre-cta call-to-action--style-1 call-to-action--normal\"><a href=\"https:\/\/www.camping-lesedour.com\/en\/campsite-prices-ariege\/\"  class=\"call-to-action_link\" title=\"Learn more about price list\"><div class=\"call-to-action_image\"><img decoding=\"async\" src=\"https:\/\/www.camping-lesedour.com\/wp-content\/uploads\/2020\/09\/tarifs-ariege-100x80.jpg\" data-src=\"https:\/\/www.camping-lesedour.com\/wp-content\/uploads\/2020\/09\/tarifs-ariege.jpg\" alt=\"tarifs ariege\" class=\"normal\" \/><\/div><div class=\"call-to-action_contenu\"><div class=\"call-to-action_titre\">Price list<\/div><div class=\"call-to-action_texte\">To know more about it<\/div><\/div><\/a><\/li><li class=\"element call-to-action  call-to-action--style-1 call-to-action--normal\"><a href=\"https:\/\/www.camping-lesedour.com\/en\/rent-mobil-home-campsite-ariege\/\"  class=\"call-to-action_link\" title=\"Learn more about mobile homes\"><div class=\"call-to-action_image\"><img decoding=\"async\" src=\"https:\/\/www.camping-lesedour.com\/wp-content\/uploads\/2024\/01\/camping-le-sedour-ariege-100x80.jpg\" data-src=\"https:\/\/www.camping-lesedour.com\/wp-content\/uploads\/2024\/01\/camping-le-sedour-ariege.jpg\" alt=\"\" class=\"normal\" \/><\/div><div class=\"call-to-action_contenu\"><div class=\"call-to-action_titre\">Mobile homes<\/div><div class=\"call-to-action_texte\">To know more about it<\/div><\/div><\/a><\/li><li class=\"element call-to-action  call-to-action--style-1 call-to-action--normal\"><a href=\"https:\/\/www.camping-lesedour.com\/en\/sale-mobil-home-ariege\/\"  class=\"call-to-action_link\" title=\"Learn more about become a homeowner\"><div class=\"call-to-action_image\"><img decoding=\"async\" src=\"https:\/\/www.camping-lesedour.com\/wp-content\/uploads\/2024\/01\/camping-sedour-devenez-100x80.jpg\" data-src=\"https:\/\/www.camping-lesedour.com\/wp-content\/uploads\/2024\/01\/camping-sedour-devenez.jpg\" alt=\"camping-sedour-devenez\" class=\"normal\" \/><\/div><div class=\"call-to-action_contenu\"><div class=\"call-to-action_titre\">Become a homeowner<\/div><div class=\"call-to-action_texte\">To know more about it<\/div><\/div><\/a><\/li><\/ul><\/div><\/section>","protected":false},"excerpt":{"rendered":"","protected":false},"author":1,"featured_media":2871,"parent":0,"menu_order":0,"comment_status":"closed","ping_status":"closed","template":"","meta":{"_acf_changed":false,"footnotes":""},"class_list":["post-330","page","type-page","status-publish","has-post-thumbnail","hentry"],"acf":[],"yoast_head":"<!-- This site is optimized with the Yoast SEO plugin v25.3 - https:\/\/yoast.com\/wordpress\/plugins\/seo\/ -->\n<title>Campsite places of camping le S\u00e9dour, in the Ari\u00e8ge Midi-pyr\u00e9n\u00e9es<\/title>\n<meta name=\"robots\" content=\"index, follow, max-snippet:-1, max-image-preview:large, max-video-preview:-1\" \/>\n<link rel=\"canonical\" href=\"https:\/\/www.camping-lesedour.com\/en\/rental-pitches-ariege\/\" \/>\n<meta property=\"og:locale\" content=\"en_US\" \/>\n<meta property=\"og:type\" content=\"article\" \/>\n<meta property=\"og:title\" content=\"Campsite places of camping le S\u00e9dour, in the Ari\u00e8ge Midi-pyr\u00e9n\u00e9es\" \/>\n<meta property=\"og:url\" content=\"https:\/\/www.camping-lesedour.com\/en\/rental-pitches-ariege\/\" \/>\n<meta property=\"og:site_name\" content=\"Camping le S\u00e9dour\" \/>\n<meta property=\"article:modified_time\" content=\"2020-10-27T15:45:39+00:00\" \/>\n<meta property=\"og:image\" content=\"https:\/\/www.camping-lesedour.com\/wp-content\/uploads\/2020\/09\/emplacement-caravaning-ariege.jpg\" \/>\n\t<meta property=\"og:image:width\" content=\"1903\" \/>\n\t<meta property=\"og:image:height\" content=\"550\" \/>\n\t<meta property=\"og:image:type\" content=\"image\/jpeg\" \/>\n<meta name=\"twitter:card\" content=\"summary_large_image\" \/>\n<script type=\"application\/ld+json\" class=\"yoast-schema-graph\">{\"@context\":\"https:\/\/schema.org\",\"@graph\":[{\"@type\":\"WebPage\",\"@id\":\"https:\/\/www.camping-lesedour.com\/en\/rental-pitches-ariege\/\",\"url\":\"https:\/\/www.camping-lesedour.com\/en\/rental-pitches-ariege\/\",\"name\":\"Campsite places of camping le S\u00e9dour, in the Ari\u00e8ge Midi-pyr\u00e9n\u00e9es\",\"isPartOf\":{\"@id\":\"https:\/\/www.camping-lesedour.com\/en\/#website\"},\"primaryImageOfPage\":{\"@id\":\"https:\/\/www.camping-lesedour.com\/en\/rental-pitches-ariege\/#primaryimage\"},\"image\":{\"@id\":\"https:\/\/www.camping-lesedour.com\/en\/rental-pitches-ariege\/#primaryimage\"},\"thumbnailUrl\":\"https:\/\/www.camping-lesedour.com\/wp-content\/uploads\/2020\/09\/emplacement-caravaning-ariege.jpg\",\"datePublished\":\"2015-12-03T17:47:57+00:00\",\"dateModified\":\"2020-10-27T15:45:39+00:00\",\"breadcrumb\":{\"@id\":\"https:\/\/www.camping-lesedour.com\/en\/rental-pitches-ariege\/#breadcrumb\"},\"inLanguage\":\"en-US\",\"potentialAction\":[{\"@type\":\"ReadAction\",\"target\":[\"https:\/\/www.camping-lesedour.com\/en\/rental-pitches-ariege\/\"]}]},{\"@type\":\"ImageObject\",\"inLanguage\":\"en-US\",\"@id\":\"https:\/\/www.camping-lesedour.com\/en\/rental-pitches-ariege\/#primaryimage\",\"url\":\"https:\/\/www.camping-lesedour.com\/wp-content\/uploads\/2020\/09\/emplacement-caravaning-ariege.jpg\",\"contentUrl\":\"https:\/\/www.camping-lesedour.com\/wp-content\/uploads\/2020\/09\/emplacement-caravaning-ariege.jpg\",\"width\":1903,\"height\":550,\"caption\":\"emplacement caravaning ariege\"},{\"@type\":\"BreadcrumbList\",\"@id\":\"https:\/\/www.camping-lesedour.com\/en\/rental-pitches-ariege\/#breadcrumb\",\"itemListElement\":[{\"@type\":\"ListItem\",\"position\":1,\"name\":\"Campsite Ariege\",\"item\":\"https:\/\/www.camping-lesedour.com\/en\/\"},{\"@type\":\"ListItem\",\"position\":2,\"name\":\"Our pitches\"}]},{\"@type\":\"WebSite\",\"@id\":\"https:\/\/www.camping-lesedour.com\/en\/#website\",\"url\":\"https:\/\/www.camping-lesedour.com\/en\/\",\"name\":\"Camping le S\u00e9dour\",\"description\":\"\",\"potentialAction\":[{\"@type\":\"SearchAction\",\"target\":{\"@type\":\"EntryPoint\",\"urlTemplate\":\"https:\/\/www.camping-lesedour.com\/en\/?s={search_term_string}\"},\"query-input\":{\"@type\":\"PropertyValueSpecification\",\"valueRequired\":true,\"valueName\":\"search_term_string\"}}],\"inLanguage\":\"en-US\"}]}<\/script>\n<!-- \/ Yoast SEO plugin. -->","yoast_head_json":{"title":"Campsite places of camping le S\u00e9dour, in the Ari\u00e8ge Midi-pyr\u00e9n\u00e9es","robots":{"index":"index","follow":"follow","max-snippet":"max-snippet:-1","max-image-preview":"max-image-preview:large","max-video-preview":"max-video-preview:-1"},"canonical":"https:\/\/www.camping-lesedour.com\/en\/rental-pitches-ariege\/","og_locale":"en_US","og_type":"article","og_title":"Campsite places of camping le S\u00e9dour, in the Ari\u00e8ge Midi-pyr\u00e9n\u00e9es","og_url":"https:\/\/www.camping-lesedour.com\/en\/rental-pitches-ariege\/","og_site_name":"Camping le S\u00e9dour","article_modified_time":"2020-10-27T15:45:39+00:00","og_image":[{"width":1903,"height":550,"url":"https:\/\/www.camping-lesedour.com\/wp-content\/uploads\/2020\/09\/emplacement-caravaning-ariege.jpg","type":"image\/jpeg"}],"twitter_card":"summary_large_image","schema":{"@context":"https:\/\/schema.org","@graph":[{"@type":"WebPage","@id":"https:\/\/www.camping-lesedour.com\/en\/rental-pitches-ariege\/","url":"https:\/\/www.camping-lesedour.com\/en\/rental-pitches-ariege\/","name":"Campsite places of camping le S\u00e9dour, in the Ari\u00e8ge Midi-pyr\u00e9n\u00e9es","isPartOf":{"@id":"https:\/\/www.camping-lesedour.com\/en\/#website"},"primaryImageOfPage":{"@id":"https:\/\/www.camping-lesedour.com\/en\/rental-pitches-ariege\/#primaryimage"},"image":{"@id":"https:\/\/www.camping-lesedour.com\/en\/rental-pitches-ariege\/#primaryimage"},"thumbnailUrl":"https:\/\/www.camping-lesedour.com\/wp-content\/uploads\/2020\/09\/emplacement-caravaning-ariege.jpg","datePublished":"2015-12-03T17:47:57+00:00","dateModified":"2020-10-27T15:45:39+00:00","breadcrumb":{"@id":"https:\/\/www.camping-lesedour.com\/en\/rental-pitches-ariege\/#breadcrumb"},"inLanguage":"en-US","potentialAction":[{"@type":"ReadAction","target":["https:\/\/www.camping-lesedour.com\/en\/rental-pitches-ariege\/"]}]},{"@type":"ImageObject","inLanguage":"en-US","@id":"https:\/\/www.camping-lesedour.com\/en\/rental-pitches-ariege\/#primaryimage","url":"https:\/\/www.camping-lesedour.com\/wp-content\/uploads\/2020\/09\/emplacement-caravaning-ariege.jpg","contentUrl":"https:\/\/www.camping-lesedour.com\/wp-content\/uploads\/2020\/09\/emplacement-caravaning-ariege.jpg","width":1903,"height":550,"caption":"emplacement caravaning ariege"},{"@type":"BreadcrumbList","@id":"https:\/\/www.camping-lesedour.com\/en\/rental-pitches-ariege\/#breadcrumb","itemListElement":[{"@type":"ListItem","position":1,"name":"Campsite Ariege","item":"https:\/\/www.camping-lesedour.com\/en\/"},{"@type":"ListItem","position":2,"name":"Our pitches"}]},{"@type":"WebSite","@id":"https:\/\/www.camping-lesedour.com\/en\/#website","url":"https:\/\/www.camping-lesedour.com\/en\/","name":"Camping le S\u00e9dour","description":"","potentialAction":[{"@type":"SearchAction","target":{"@type":"EntryPoint","urlTemplate":"https:\/\/www.camping-lesedour.com\/en\/?s={search_term_string}"},"query-input":{"@type":"PropertyValueSpecification","valueRequired":true,"valueName":"search_term_string"}}],"inLanguage":"en-US"}]}},"_links":{"self":[{"href":"https:\/\/www.camping-lesedour.com\/en\/wp-json\/wp\/v2\/pages\/330"}],"collection":[{"href":"https:\/\/www.camping-lesedour.com\/en\/wp-json\/wp\/v2\/pages"}],"about":[{"href":"https:\/\/www.camping-lesedour.com\/en\/wp-json\/wp\/v2\/types\/page"}],"author":[{"embeddable":true,"href":"https:\/\/www.camping-lesedour.com\/en\/wp-json\/wp\/v2\/users\/1"}],"replies":[{"embeddable":true,"href":"https:\/\/www.camping-lesedour.com\/en\/wp-json\/wp\/v2\/comments?post=330"}],"version-history":[{"count":8,"href":"https:\/\/www.camping-lesedour.com\/en\/wp-json\/wp\/v2\/pages\/330\/revisions"}],"predecessor-version":[{"id":3967,"href":"https:\/\/www.camping-lesedour.com\/en\/wp-json\/wp\/v2\/pages\/330\/revisions\/3967"}],"wp:featuredmedia":[{"embeddable":true,"href":"https:\/\/www.camping-lesedour.com\/en\/wp-json\/wp\/v2\/media\/2871"}],"wp:attachment":[{"href":"https:\/\/www.camping-lesedour.com\/en\/wp-json\/wp\/v2\/media?parent=330"}],"curies":[{"name":"wp","href":"https:\/\/api.w.org\/{rel}","templated":true}]}}