{"id":342,"date":"2015-12-10T08:24:48","date_gmt":"2015-12-10T07:24:48","guid":{"rendered":"https:\/\/www.camping-lesedour.com\/en\/vente-mobil-home-ariege\/"},"modified":"2024-01-11T15:08:59","modified_gmt":"2024-01-11T14:08:59","slug":"sale-mobil-home-ariege","status":"publish","type":"page","link":"https:\/\/www.camping-lesedour.com\/en\/sale-mobil-home-ariege\/","title":{"rendered":"For sale mobil-home on campsite Le S\u00e9dour at Surba close by Tarascon sur Ari\u00e8ge, in the midi-pyr\u00e9n\u00e9es"},"content":{"rendered":"<section id=\"section-5f6b51e6d8b51\"\" class=\"section bg-color3\" \/><div class=\"container\"><h1 class=\"element section-title center\">Buy a mobile home at campsite le S\u00e9dour<\/h1><\/div><\/section>\n\n<section id=\"section-5f6b51e6d8ffe\"\" class=\"section bg-white p-t-0\" \/><div class=\"container extralarge\"><div class=\"colonnes-wrap valign-top \"><div class=\"element colonne w-40 p-0\"><div class=\"element images\"><div class=\"image\"><img decoding=\"async\" src=\"https:\/\/www.camping-lesedour.com\/wp-content\/uploads\/2024\/01\/camping-le-sedour-proprietaire-70x100.jpg\" data-src=\"https:\/\/www.camping-lesedour.com\/wp-content\/uploads\/2024\/01\/camping-le-sedour-proprietaire.jpg\" alt=\"camping proprietaire ariege\" class=\"images_image\" \/><\/div><\/div><\/div><div class=\"element colonne w-60 p-4\"><div class=\"element bloc-text justify \">\n\t<p>Are you looking for a mobile home to buy? You want to <strong class=\"bold color1\">buy your own mobile home<\/strong> in a <a href=\"\/en\/\">campsite in Ari\u00e8ge<\/a> near Tarascon-sur-Ari\u00e8ge?<\/p>\n<p>Buy your own mobile home, and benefit from <strong class=\"bold color1\">100% of the services<\/strong> and infrastructures of the campsite.<\/p>\n<p>The purchase of a mobile home in our open-air hotel will allow you to have a fully equipped <strong class=\"bold color1\">holiday home<\/strong> at an affordable price inside the <strong class=\"bold color1\">Regional Natural Park of the Ari\u00e8ge Pyrenees<\/strong>.<\/p>\n<p>Camping Le S\u00e9dour has a <strong class=\"bold color1\">range of new mobile homes for sale<\/strong> for future owners. With our campsite in Ari\u00e8ge, you have a large choice of mobile homes for sale for all budgets, and <strong class=\"bold color1\"> according to your desires<\/strong>.<\/p>\n<p>Take your chance, and do not hesitate to get your <strong class=\"bold color1\">second home<\/strong>. We propose you a turnkey offer. We take care of everything: <strong class=\"bold color1\">purchase of your mobile home<\/strong>, water, electricity and sanitation connections.<\/p>\n<p>All you have to do is to fit out your <strong class=\"bold color1\">futur mobile-home<\/strong> and to <strong class=\"bold color1\">take advantage of the pleasures that life in camping<\/strong> offers. <\/p>\n<\/div><\/div><\/div><\/div><\/section>\n\n<section id=\"section-5f6b51e6d970e\"\" class=\"section bg-color3\" \/><div class=\"container full\"><div class=\"colonnes-wrap valign-middle \"><div class=\"element colonne w-60 p-0\"><div class=\"element images\"><div class=\"image\"><img decoding=\"async\" src=\"https:\/\/www.camping-lesedour.com\/wp-content\/uploads\/2020\/09\/proprietaire-mobil-home-100x80.jpg\" data-src=\"https:\/\/www.camping-lesedour.com\/wp-content\/uploads\/2020\/09\/proprietaire-mobil-home.jpg\" alt=\"proprietaire mobil-home\" class=\"images_image\" \/><\/div><div class=\"image\"><img decoding=\"async\" src=\"https:\/\/www.camping-lesedour.com\/wp-content\/uploads\/2020\/09\/vente-mobil-home-ariege-100x80.jpg\" data-src=\"https:\/\/www.camping-lesedour.com\/wp-content\/uploads\/2020\/09\/vente-mobil-home-ariege.jpg\" alt=\"vente mobil-home ariege\" class=\"images_image\" \/><\/div><\/div><div class=\"element images\"><div class=\"image\"><img decoding=\"async\" src=\"https:\/\/www.camping-lesedour.com\/wp-content\/uploads\/2020\/09\/achat-interieur-mobil-home-100x80.jpg\" data-src=\"https:\/\/www.camping-lesedour.com\/wp-content\/uploads\/2020\/09\/achat-interieur-mobil-home.jpg\" alt=\"achat interieur mobil-home\" class=\"images_image\" \/><\/div><div class=\"image\"><img decoding=\"async\" src=\"https:\/\/www.camping-lesedour.com\/wp-content\/uploads\/2024\/01\/camping-le-sedour-neige-100x81.jpg\" data-src=\"https:\/\/www.camping-lesedour.com\/wp-content\/uploads\/2024\/01\/camping-le-sedour-neige.jpg\" alt=\"proprietaire en camping\" class=\"images_image\" \/><\/div><\/div><\/div><div class=\"element colonne p-8 w-40\"><h2 class=\"element section-title justify\">What do I need to know before buying a mobile home?<\/h2><div class=\"element bloc-text justify \">\n\t<p>You will choose among the plots of Le S\u00e9dour campsite the one that suits you best. The surface area of our second-hand <strong class=\"bold color1\">mobile homes<\/strong> varies between 29 and 36.5 m2.<\/p>\n<p>We advise you to go directly to the campsite and make a <strong class=\"bold color1\">idea of the plots<\/strong> and mobile homes available. Our objective is to guarantee you the <strong class=\"bold color1\">more comfort<\/strong> and satisfaction in the purchase of your mobile home.<\/p>\n<p>Here are the <strong class=\"bold color1\">good questions to ask<\/strong> and practical information for the purchase of a mobile home:<\/p>\n<ul>\n<li><strong class=\"bold color1\">What use<\/strong> you wish to have of your future mobile home? Do you intend to spend several weeks or months there? Do you intend to rent it out to receive income?<\/li>\n<li><strong class=\"bold color1\">The dimensions<\/strong> of your mobile home to take into account<\/li>\n<li><strong class=\"bold color1\">Number of rooms<\/strong><\/li>\n<li>Questions related to <strong class=\"bold color1\">safety and maintenance<\/strong> of your mobile home<\/li>\n<li>Select the <strong class=\"bold color1\">ideal pitch in the campsite<\/strong> : you will have the choice between several mobile home pitches, it&#8217;s up to you to make your own opinion of the future owner.<\/li>\n<\/ul>\n<\/div><\/div><\/div><\/div><\/section>\n\n<section id=\"section-duplicate\"\" class=\"section bg-white p-t-0\" \/><div class=\"container extralarge\"><div class=\"colonnes-wrap valign-top \"><div class=\"element colonne w-60 p-4\"><h2 class=\"element section-title justify\">Buy a second hand mobile home<\/h2><div class=\"element bloc-text justify \">\n\t<p><strong class=\"bold color1\">Invest<\/strong> in a second hand mobile home in 4 steps :<\/p>\n<ul>\n<li><strong class=\"bold color1\">Go to the campsite<\/strong> to come and discover the second-hand mobile homes and the available plots.<\/li>\n<li><strong class=\"bold color1\">Elaborate your purchase project<\/strong> by meeting with our team who will be there to guide and advise you in your purchasing act. We will propose you comparative offers related to your search criteria and your desires.<\/li>\n<li><strong class=\"bold color1\">You will come to discover the campsite in its entirety<\/strong> : its installations, its infrastructures, its services, its calm and without forgetting the surroundings.<\/li>\n<li>You will have <strong class=\"bold color1\">all the information related to your purchase project<\/strong>, from there it only remains for you to become the owner of your own mobile home.<\/li>\n<\/ul>\n<\/div><\/div><div class=\"element colonne w-40 p-0\"><div class=\"element images\"><div class=\"image\"><img decoding=\"async\" src=\"https:\/\/www.camping-lesedour.com\/wp-content\/uploads\/2020\/09\/achat-en-camping-ariege-92x100.jpg\" data-src=\"https:\/\/www.camping-lesedour.com\/wp-content\/uploads\/2020\/09\/achat-en-camping-ariege.jpg\" alt=\"achat en camping ariege\" class=\"images_image\" \/><\/div><\/div><\/div><\/div><\/div><\/section>\n\n<section id=\"section-cta-bas-page\"\" class=\"section bg-color3\" \/><div class=\"container extralarge\"><div class=\"element section-title center titre-cta\">Services and benefits of the campsite<\/div><ul class=\"liste-de-page\"><li class=\"element call-to-action center titre-cta call-to-action--style-1 call-to-action--normal\"><a href=\"https:\/\/www.camping-lesedour.com\/en\/campsite-prices-ariege\/\"  class=\"call-to-action_link\" title=\"Learn more about price list\"><div class=\"call-to-action_image\"><img decoding=\"async\" src=\"https:\/\/www.camping-lesedour.com\/wp-content\/uploads\/2020\/09\/tarifs-ariege-100x80.jpg\" data-src=\"https:\/\/www.camping-lesedour.com\/wp-content\/uploads\/2020\/09\/tarifs-ariege.jpg\" alt=\"tarifs ariege\" class=\"normal\" \/><\/div><div class=\"call-to-action_contenu\"><div class=\"call-to-action_titre\">Price list<\/div><div class=\"call-to-action_texte\">To know more about it<\/div><\/div><\/a><\/li><li class=\"element call-to-action  call-to-action--style-1 call-to-action--normal\"><a href=\"https:\/\/www.camping-lesedour.com\/en\/rental-pitches-ariege\/\"  class=\"call-to-action_link\" title=\"Learn more about the pitches\"><div class=\"call-to-action_image\"><img decoding=\"async\" src=\"https:\/\/www.camping-lesedour.com\/wp-content\/uploads\/2020\/09\/camping-caravaning-ariege-100x80.jpg\" data-src=\"https:\/\/www.camping-lesedour.com\/wp-content\/uploads\/2020\/09\/camping-caravaning-ariege.jpg\" alt=\"camping caravaning ariege\" class=\"normal\" \/><\/div><div class=\"call-to-action_contenu\"><div class=\"call-to-action_titre\">The pitches<\/div><div class=\"call-to-action_texte\">To know more about it<\/div><\/div><\/a><\/li><li class=\"element call-to-action  call-to-action--style-1 call-to-action--normal\"><a href=\"https:\/\/www.camping-lesedour.com\/en\/rent-mobil-home-campsite-ariege\/\"  class=\"call-to-action_link\" title=\"Learn more about mobile homes\"><div class=\"call-to-action_image\"><img decoding=\"async\" src=\"https:\/\/www.camping-lesedour.com\/wp-content\/uploads\/2024\/01\/camping-le-sedour-ariege-100x80.jpg\" data-src=\"https:\/\/www.camping-lesedour.com\/wp-content\/uploads\/2024\/01\/camping-le-sedour-ariege.jpg\" alt=\"\" class=\"normal\" \/><\/div><div class=\"call-to-action_contenu\"><div class=\"call-to-action_titre\">Mobile homes<\/div><div class=\"call-to-action_texte\">To know more about it<\/div><\/div><\/a><\/li><\/ul><\/div><\/section>","protected":false},"excerpt":{"rendered":"","protected":false},"author":1,"featured_media":5425,"parent":0,"menu_order":0,"comment_status":"closed","ping_status":"closed","template":"","meta":{"_acf_changed":false,"footnotes":""},"class_list":["post-342","page","type-page","status-publish","has-post-thumbnail","hentry"],"acf":[],"yoast_head":"<!-- This site is optimized with the Yoast SEO plugin v25.3 - https:\/\/yoast.com\/wordpress\/plugins\/seo\/ -->\n<title>Buy your own mobile-home on campsite le S\u00e9dour, in the Ari\u00e8ge Midi-pyr\u00e9n\u00e9es<\/title>\n<meta name=\"description\" content=\"Become the owner of your second home in Ari\u00e8ge. Calm and serenity, rest in a wooded park of various species, the campsite is open all year round.\" \/>\n<meta name=\"robots\" content=\"index, follow, max-snippet:-1, max-image-preview:large, max-video-preview:-1\" \/>\n<link rel=\"canonical\" href=\"https:\/\/www.camping-lesedour.com\/en\/sale-mobil-home-ariege\/\" \/>\n<meta property=\"og:locale\" content=\"en_US\" \/>\n<meta property=\"og:type\" content=\"article\" \/>\n<meta property=\"og:title\" content=\"Buy your own mobile-home on campsite le S\u00e9dour, in the Ari\u00e8ge Midi-pyr\u00e9n\u00e9es\" \/>\n<meta property=\"og:description\" content=\"Become the owner of your second home in Ari\u00e8ge. Calm and serenity, rest in a wooded park of various species, the campsite is open all year round.\" \/>\n<meta property=\"og:url\" content=\"https:\/\/www.camping-lesedour.com\/en\/sale-mobil-home-ariege\/\" \/>\n<meta property=\"og:site_name\" content=\"Camping le S\u00e9dour\" \/>\n<meta property=\"article:modified_time\" content=\"2024-01-11T14:08:59+00:00\" \/>\n<meta property=\"og:image\" content=\"https:\/\/www.camping-lesedour.com\/wp-content\/uploads\/2024\/01\/camping-le-sedour-proprio.jpg\" \/>\n\t<meta property=\"og:image:width\" content=\"1903\" \/>\n\t<meta property=\"og:image:height\" content=\"550\" \/>\n\t<meta property=\"og:image:type\" content=\"image\/jpeg\" \/>\n<meta name=\"twitter:card\" content=\"summary_large_image\" \/>\n<script type=\"application\/ld+json\" class=\"yoast-schema-graph\">{\"@context\":\"https:\/\/schema.org\",\"@graph\":[{\"@type\":\"WebPage\",\"@id\":\"https:\/\/www.camping-lesedour.com\/en\/sale-mobil-home-ariege\/\",\"url\":\"https:\/\/www.camping-lesedour.com\/en\/sale-mobil-home-ariege\/\",\"name\":\"Buy your own mobile-home on campsite le S\u00e9dour, in the Ari\u00e8ge Midi-pyr\u00e9n\u00e9es\",\"isPartOf\":{\"@id\":\"https:\/\/www.camping-lesedour.com\/en\/#website\"},\"primaryImageOfPage\":{\"@id\":\"https:\/\/www.camping-lesedour.com\/en\/sale-mobil-home-ariege\/#primaryimage\"},\"image\":{\"@id\":\"https:\/\/www.camping-lesedour.com\/en\/sale-mobil-home-ariege\/#primaryimage\"},\"thumbnailUrl\":\"https:\/\/www.camping-lesedour.com\/wp-content\/uploads\/2024\/01\/camping-le-sedour-proprio.jpg\",\"datePublished\":\"2015-12-10T07:24:48+00:00\",\"dateModified\":\"2024-01-11T14:08:59+00:00\",\"description\":\"Become the owner of your second home in Ari\u00e8ge. Calm and serenity, rest in a wooded park of various species, the campsite is open all year round.\",\"breadcrumb\":{\"@id\":\"https:\/\/www.camping-lesedour.com\/en\/sale-mobil-home-ariege\/#breadcrumb\"},\"inLanguage\":\"en-US\",\"potentialAction\":[{\"@type\":\"ReadAction\",\"target\":[\"https:\/\/www.camping-lesedour.com\/en\/sale-mobil-home-ariege\/\"]}]},{\"@type\":\"ImageObject\",\"inLanguage\":\"en-US\",\"@id\":\"https:\/\/www.camping-lesedour.com\/en\/sale-mobil-home-ariege\/#primaryimage\",\"url\":\"https:\/\/www.camping-lesedour.com\/wp-content\/uploads\/2024\/01\/camping-le-sedour-proprio.jpg\",\"contentUrl\":\"https:\/\/www.camping-lesedour.com\/wp-content\/uploads\/2024\/01\/camping-le-sedour-proprio.jpg\",\"width\":1903,\"height\":550},{\"@type\":\"BreadcrumbList\",\"@id\":\"https:\/\/www.camping-lesedour.com\/en\/sale-mobil-home-ariege\/#breadcrumb\",\"itemListElement\":[{\"@type\":\"ListItem\",\"position\":1,\"name\":\"Campsite Ariege\",\"item\":\"https:\/\/www.camping-lesedour.com\/en\/\"},{\"@type\":\"ListItem\",\"position\":2,\"name\":\"Be owner\"}]},{\"@type\":\"WebSite\",\"@id\":\"https:\/\/www.camping-lesedour.com\/en\/#website\",\"url\":\"https:\/\/www.camping-lesedour.com\/en\/\",\"name\":\"Camping le S\u00e9dour\",\"description\":\"\",\"potentialAction\":[{\"@type\":\"SearchAction\",\"target\":{\"@type\":\"EntryPoint\",\"urlTemplate\":\"https:\/\/www.camping-lesedour.com\/en\/?s={search_term_string}\"},\"query-input\":{\"@type\":\"PropertyValueSpecification\",\"valueRequired\":true,\"valueName\":\"search_term_string\"}}],\"inLanguage\":\"en-US\"}]}<\/script>\n<!-- \/ Yoast SEO plugin. -->","yoast_head_json":{"title":"Buy your own mobile-home on campsite le S\u00e9dour, in the Ari\u00e8ge Midi-pyr\u00e9n\u00e9es","description":"Become the owner of your second home in Ari\u00e8ge. Calm and serenity, rest in a wooded park of various species, the campsite is open all year round.","robots":{"index":"index","follow":"follow","max-snippet":"max-snippet:-1","max-image-preview":"max-image-preview:large","max-video-preview":"max-video-preview:-1"},"canonical":"https:\/\/www.camping-lesedour.com\/en\/sale-mobil-home-ariege\/","og_locale":"en_US","og_type":"article","og_title":"Buy your own mobile-home on campsite le S\u00e9dour, in the Ari\u00e8ge Midi-pyr\u00e9n\u00e9es","og_description":"Become the owner of your second home in Ari\u00e8ge. Calm and serenity, rest in a wooded park of various species, the campsite is open all year round.","og_url":"https:\/\/www.camping-lesedour.com\/en\/sale-mobil-home-ariege\/","og_site_name":"Camping le S\u00e9dour","article_modified_time":"2024-01-11T14:08:59+00:00","og_image":[{"width":1903,"height":550,"url":"https:\/\/www.camping-lesedour.com\/wp-content\/uploads\/2024\/01\/camping-le-sedour-proprio.jpg","type":"image\/jpeg"}],"twitter_card":"summary_large_image","schema":{"@context":"https:\/\/schema.org","@graph":[{"@type":"WebPage","@id":"https:\/\/www.camping-lesedour.com\/en\/sale-mobil-home-ariege\/","url":"https:\/\/www.camping-lesedour.com\/en\/sale-mobil-home-ariege\/","name":"Buy your own mobile-home on campsite le S\u00e9dour, in the Ari\u00e8ge Midi-pyr\u00e9n\u00e9es","isPartOf":{"@id":"https:\/\/www.camping-lesedour.com\/en\/#website"},"primaryImageOfPage":{"@id":"https:\/\/www.camping-lesedour.com\/en\/sale-mobil-home-ariege\/#primaryimage"},"image":{"@id":"https:\/\/www.camping-lesedour.com\/en\/sale-mobil-home-ariege\/#primaryimage"},"thumbnailUrl":"https:\/\/www.camping-lesedour.com\/wp-content\/uploads\/2024\/01\/camping-le-sedour-proprio.jpg","datePublished":"2015-12-10T07:24:48+00:00","dateModified":"2024-01-11T14:08:59+00:00","description":"Become the owner of your second home in Ari\u00e8ge. Calm and serenity, rest in a wooded park of various species, the campsite is open all year round.","breadcrumb":{"@id":"https:\/\/www.camping-lesedour.com\/en\/sale-mobil-home-ariege\/#breadcrumb"},"inLanguage":"en-US","potentialAction":[{"@type":"ReadAction","target":["https:\/\/www.camping-lesedour.com\/en\/sale-mobil-home-ariege\/"]}]},{"@type":"ImageObject","inLanguage":"en-US","@id":"https:\/\/www.camping-lesedour.com\/en\/sale-mobil-home-ariege\/#primaryimage","url":"https:\/\/www.camping-lesedour.com\/wp-content\/uploads\/2024\/01\/camping-le-sedour-proprio.jpg","contentUrl":"https:\/\/www.camping-lesedour.com\/wp-content\/uploads\/2024\/01\/camping-le-sedour-proprio.jpg","width":1903,"height":550},{"@type":"BreadcrumbList","@id":"https:\/\/www.camping-lesedour.com\/en\/sale-mobil-home-ariege\/#breadcrumb","itemListElement":[{"@type":"ListItem","position":1,"name":"Campsite Ariege","item":"https:\/\/www.camping-lesedour.com\/en\/"},{"@type":"ListItem","position":2,"name":"Be owner"}]},{"@type":"WebSite","@id":"https:\/\/www.camping-lesedour.com\/en\/#website","url":"https:\/\/www.camping-lesedour.com\/en\/","name":"Camping le S\u00e9dour","description":"","potentialAction":[{"@type":"SearchAction","target":{"@type":"EntryPoint","urlTemplate":"https:\/\/www.camping-lesedour.com\/en\/?s={search_term_string}"},"query-input":{"@type":"PropertyValueSpecification","valueRequired":true,"valueName":"search_term_string"}}],"inLanguage":"en-US"}]}},"_links":{"self":[{"href":"https:\/\/www.camping-lesedour.com\/en\/wp-json\/wp\/v2\/pages\/342"}],"collection":[{"href":"https:\/\/www.camping-lesedour.com\/en\/wp-json\/wp\/v2\/pages"}],"about":[{"href":"https:\/\/www.camping-lesedour.com\/en\/wp-json\/wp\/v2\/types\/page"}],"author":[{"embeddable":true,"href":"https:\/\/www.camping-lesedour.com\/en\/wp-json\/wp\/v2\/users\/1"}],"replies":[{"embeddable":true,"href":"https:\/\/www.camping-lesedour.com\/en\/wp-json\/wp\/v2\/comments?post=342"}],"version-history":[{"count":13,"href":"https:\/\/www.camping-lesedour.com\/en\/wp-json\/wp\/v2\/pages\/342\/revisions"}],"predecessor-version":[{"id":5516,"href":"https:\/\/www.camping-lesedour.com\/en\/wp-json\/wp\/v2\/pages\/342\/revisions\/5516"}],"wp:featuredmedia":[{"embeddable":true,"href":"https:\/\/www.camping-lesedour.com\/en\/wp-json\/wp\/v2\/media\/5425"}],"wp:attachment":[{"href":"https:\/\/www.camping-lesedour.com\/en\/wp-json\/wp\/v2\/media?parent=342"}],"curies":[{"name":"wp","href":"https:\/\/api.w.org\/{rel}","templated":true}]}}