{"id":3685,"date":"2018-05-09T08:57:15","date_gmt":"2018-05-09T06:57:15","guid":{"rendered":"https:\/\/www.camping-lesedour.com\/vacances-ariege\/"},"modified":"2020-10-26T10:17:52","modified_gmt":"2020-10-26T09:17:52","slug":"vacation-ariege","status":"publish","type":"page","link":"https:\/\/www.camping-lesedour.com\/en\/vacation-ariege\/","title":{"rendered":"Vacances en Ari\u00e8ge"},"content":{"rendered":"<section id=\"section-5f6b51e6d8b51\"\" class=\"section bg-color3\" \/><div class=\"container\"><h1 class=\"element section-title center\">Vacations in Ariege<\/h1><\/div><\/section>\n\n<section id=\"section-5f6b51e6d8ffe\"\" class=\"section bg-white p-t-0\" \/><div class=\"container extralarge\"><div class=\"colonnes-wrap valign-top \"><div class=\"element colonne w-40 p-0\"><div class=\"element images\"><div class=\"image\"><img decoding=\"async\" src=\"https:\/\/www.camping-lesedour.com\/wp-content\/uploads\/2020\/09\/vacances-ariege-78x100.jpg\" data-src=\"https:\/\/www.camping-lesedour.com\/wp-content\/uploads\/2020\/09\/vacances-ariege.jpg\" alt=\"vacances ariege\" class=\"images_image\" \/><\/div><\/div><\/div><div class=\"element colonne w-60 p-4\"><div class=\"element bloc-text justify \">\n\t<p>The <strong class=\"bold color1\">Ari\u00e8ge<\/strong> seduces by its geographical situation, astonishes by its relief and marvels by its landscapes. This <strong class=\"bold color1\">small corner of paradise<\/strong> of the Occitan region, nestled at the foot of the central Pyrenees and next to Spain, consists of three main geographical areas that contain landscapes as diverse as they are fabulous: <strong class=\"bold color1\">the plain of Ari\u00e8ge<\/strong> with its green hills, <strong class=\"bold color1\">the Pyrenean foothills<\/strong> and the <strong class=\"bold color1\">high country of Ari\u00e8ge<\/strong> with peaks rising to more than 3,000 meters (pique d&#8217;Estats, peak of Montcalm, peak of the port of Sullo). <\/p>\n<p>Visit the Midi-Pyr\u00e9n\u00e9es region.<\/p>\n<p>The <strong class=\"bold color1\">departement 09<\/strong> has three main cities perfectly integrated in nature and which shelter a well-preserved cultural heritage, unavoidable during vacations in <a href=\"\/en\/\">campsite Ari\u00e8ge<\/a> : Foix (capital, about 10 000 inhabitants), Pamiers (26 000 inhabitants) and Saint-Girons (6 300 inhabitants).<\/p>\n<p>Some monuments remind us that the department was formerly in the <strong class=\"bold color1\">heart of the Cathar country<\/strong>. Nearly 40% of the territory is located within the regional natural park of the <strong class=\"bold color1\">Pyr\u00e9n\u00e9es ari\u00e9geoises<\/strong>, a protected area created in 2009 which contains an exceptional fauna and flora.<\/p>\n<\/div><\/div><\/div><\/div><\/section>\n\n<section id=\"section-5f6b51e6d970e\"\" class=\"section bg-color3\" \/><div class=\"container full\"><div class=\"colonnes-wrap valign-middle \"><div class=\"element colonne w-60 p-0\"><div class=\"element images\"><div class=\"image\"><img decoding=\"async\" src=\"https:\/\/www.camping-lesedour.com\/wp-content\/uploads\/2020\/09\/rafting-ariege-100x80.jpg\" data-src=\"https:\/\/www.camping-lesedour.com\/wp-content\/uploads\/2020\/09\/rafting-ariege.jpg\" alt=\"rafting ariege\" class=\"images_image\" \/><\/div><div class=\"image\"><img decoding=\"async\" src=\"https:\/\/www.camping-lesedour.com\/wp-content\/uploads\/2020\/09\/activite-enfant-ariege-100x80.jpg\" data-src=\"https:\/\/www.camping-lesedour.com\/wp-content\/uploads\/2020\/09\/activite-enfant-ariege.jpg\" alt=\"activite enfant ariege\" class=\"images_image\" \/><\/div><\/div><div class=\"element images\"><div class=\"image\"><img decoding=\"async\" src=\"https:\/\/www.camping-lesedour.com\/wp-content\/uploads\/2020\/09\/randonee-ariege-100x80.jpg\" data-src=\"https:\/\/www.camping-lesedour.com\/wp-content\/uploads\/2020\/09\/randonee-ariege.jpg\" alt=\"randonn\u00e9e ariege\" class=\"images_image\" \/><\/div><div class=\"image\"><img decoding=\"async\" src=\"https:\/\/www.camping-lesedour.com\/wp-content\/uploads\/2020\/09\/speleologie-ariege-100x80.jpg\" data-src=\"https:\/\/www.camping-lesedour.com\/wp-content\/uploads\/2020\/09\/speleologie-ariege.jpg\" alt=\"sp\u00e9l\u00e9ologie ariege\" class=\"images_image\" \/><\/div><\/div><\/div><div class=\"element colonne p-8 w-40\"><h2 class=\"element section-title justify\">What to see in the Ariege region?<\/h2><div class=\"element bloc-text justify \">\n\t<p>Privileged destination of the <strong class=\"bold color1\">nature lovers<\/strong>, Ari\u00e8ge is a land suitable for sports vacations and outdoor activities.<\/p>\n<p>If you like hiking, take the <strong class=\"bold color1\">long hiking trails<\/strong> (GR 10, GR 107) and those that cross the superb natural areas (Mont Valier reserve, Orlu reserve, Cagateille cirque).<\/p>\n<p>From the old railroads converted into greenways to the mythical passes of the Tour de France, the Ari\u00e8ge attracts <strong class=\"bold color1\">cyclotourists and cyclists<\/strong> eager to ride with their hair in the wind or to move mountains. <\/p>\n<p>You prefer the <strong class=\"bold color1\">white water sports<\/strong> ? Venture out in a kayak or canoe on the 2,500 km of waterways.<\/p>\n<p>You can also do activities at <strong class=\"bold color1\">strong sensations<\/strong> such as climbing, caving or canyoning, fly over the Pyrenees in a microlight or helicopter.<\/p>\n<p>Without forgetting the <strong class=\"bold color1\">winter sports<\/strong> when the region puts on its white coat.<\/p>\n<p>If you are staying with children at Le S\u00e9dour campsite, offer them a ride on horseback, pony or donkey.<\/p>\n<p>Visiting Ari\u00e8ge is also discovering its cathar castles (Monts\u00e9gur castle, Usson castle, Foix castle), its bastides (Mirepoix, Saint-Lizier), its famous caves (Lombrives, Niaux, B\u00e9deilhac), the prehistory park of Tarascon and its unusual sites such as the underground river of Labouiche and the dolmens of Mas d&#8217;Azil.<\/p>\n<p>Take advantage of a <strong class=\"bold color1\">day of relaxation<\/strong> to visit the main museums of the department (Puppetry in Laroque d&#8217;Olmes, Pyrenean museum in Niaux) and get lost in the <strong class=\"bold color1\">magnificent villages<\/strong> of Saint-Martin-d&#8217;Oydes and Seix.<\/p>\n<\/div><\/div><\/div><\/div><\/section>\n\n<section id=\"section-duplicate\"\" class=\"section bg-white p-t-0\" \/><div class=\"container extralarge\"><div class=\"colonnes-wrap valign-top \"><div class=\"element colonne w-60 p-4\"><h2 class=\"element section-title justify\">Visit the department of Ariege during your vacations<\/h2><div class=\"element bloc-text justify \">\n\t<p>The Ari\u00e8ge offers holidaymakers a wide choice of <strong class=\"bold color1\">leisure and activities<\/strong> and many discoveries. Prehistoric caves, castles and famous cities like Foix are among the must-see. Not to mention the <strong class=\"bold color1\">hiking trails<\/strong> and mythical routes that wind through the territory.<\/p>\n<p>Take advantage of your <strong class=\"bold color1\">holidays in Ari\u00e8ge<\/strong> to visit the cave of Niaux, the cave of the Cow, the cave of B\u00e9deilhac and that of Lombrives but also the Park of the Prehistory. It is more than 14000 years of history, from prehistory to the Cathar period which will be told to you. You won&#8217;t be able to miss the Bastide of Mirepoix, the fortified castles such as Foix, Monts\u00e9gur or even cities such as the City of Saint Lizier. They are part of the <strong class=\"bold color1\">big tourist sites in Ari\u00e8ge<\/strong>.<\/p>\n<p>The hiking trails are also part of the <strong class=\"bold color1\">excursions not to be missed<\/strong> during your vacations in Ari\u00e8ge. <\/p>\n<p>Starting with the Route des Cols and their impressive landscapes, the Sentier Cathare, the Chemin des Bonshommes and the Routes of Catharism and the Middle Ages.<\/p>\n<p>Other routes such as the Way to Santiago de Compostela and the <strong class=\"bold color1\">famous GR10<\/strong> also cross the Pyrenean foothills and the Ariege Pyrenees before finishing in the Mediterranean Sea.<\/p>\n<p>On foot, by bike, by motorcycle, on horseback or by car, everyone will choose the best way to better appreciate the most spectacular panoramas of the Ari\u00e8ge.<\/p>\n<p>Discover also Andorra.<\/p>\n<\/div><\/div><div class=\"element colonne w-40 p-0\"><div class=\"element images\"><div class=\"image\"><img decoding=\"async\" src=\"https:\/\/www.camping-lesedour.com\/wp-content\/uploads\/2020\/09\/randonnee-gr10-ariege-73x100.jpg\" data-src=\"https:\/\/www.camping-lesedour.com\/wp-content\/uploads\/2020\/09\/randonnee-gr10-ariege.jpg\" alt=\"randonn\u00e9e gr10 ariege\" class=\"images_image\" \/><\/div><\/div><\/div><\/div><\/div><\/section>\n\n<section id=\"section-cta-bas-page\"\" class=\"section bg-color3\" \/><div class=\"container extralarge\"><div class=\"element section-title center titre-cta\">Discover the Ariege as you&#8217;ve never seen it before.<\/div><ul class=\"liste-de-page\"><li class=\"element call-to-action center titre-cta call-to-action--style-1 call-to-action--normal\"><a href=\"https:\/\/www.camping-lesedour.com\/en\/activites\/campsite-andorra\/\"  class=\"call-to-action_link\" title=\"Learn more about andorra\"><div class=\"call-to-action_image\"><img decoding=\"async\" src=\"https:\/\/www.camping-lesedour.com\/wp-content\/uploads\/2020\/09\/camping-andorre-100x80.jpg\" data-src=\"https:\/\/www.camping-lesedour.com\/wp-content\/uploads\/2020\/09\/camping-andorre.jpg\" alt=\"camping andorre\" class=\"normal\" \/><\/div><div class=\"call-to-action_contenu\"><div class=\"call-to-action_titre\">Andorra<\/div><div class=\"call-to-action_texte\">To know more about it<\/div><\/div><\/a><\/li><li class=\"element call-to-action  call-to-action--style-1 call-to-action--normal\"><a href=\"https:\/\/www.camping-lesedour.com\/en\/activites\/campsite-foix\/\"  class=\"call-to-action_link\" title=\"Learn more about foix\"><div class=\"call-to-action_image\"><img decoding=\"async\" src=\"https:\/\/www.camping-lesedour.com\/wp-content\/uploads\/2020\/09\/camping-foix-100x80.jpg\" data-src=\"https:\/\/www.camping-lesedour.com\/wp-content\/uploads\/2020\/09\/camping-foix.jpg\" alt=\"camping foix\" class=\"normal\" \/><\/div><div class=\"call-to-action_contenu\"><div class=\"call-to-action_titre\">Foix<\/div><div class=\"call-to-action_texte\">To know more about it<\/div><\/div><\/a><\/li><li class=\"element call-to-action  call-to-action--style-1 call-to-action--normal\"><a href=\"https:\/\/www.camping-lesedour.com\/en\/activites\/campsite-vicdessos\/\"  class=\"call-to-action_link\" title=\"Learn more about vicdessos\"><div class=\"call-to-action_image\"><img decoding=\"async\" src=\"https:\/\/www.camping-lesedour.com\/wp-content\/uploads\/2020\/09\/camping-vicdessos-100x80.jpg\" data-src=\"https:\/\/www.camping-lesedour.com\/wp-content\/uploads\/2020\/09\/camping-vicdessos.jpg\" alt=\"camping vicdessos\" class=\"normal\" \/><\/div><div class=\"call-to-action_contenu\"><div class=\"call-to-action_titre\">Vicdessos<\/div><div class=\"call-to-action_texte\">To know more about it<\/div><\/div><\/a><\/li><\/ul><\/div><\/section>","protected":false},"excerpt":{"rendered":"","protected":false},"author":1,"featured_media":2526,"parent":0,"menu_order":0,"comment_status":"closed","ping_status":"closed","template":"","meta":{"_acf_changed":false,"footnotes":""},"class_list":["post-3685","page","type-page","status-publish","has-post-thumbnail","hentry"],"acf":[],"yoast_head":"<!-- This site is optimized with the Yoast SEO plugin v25.3 - https:\/\/yoast.com\/wordpress\/plugins\/seo\/ -->\n<title>Tourist vacations Ari\u00e8ge: what to do, what to visit in Ari\u00e8ge (09)<\/title>\n<meta name=\"description\" content=\"Discover all the richness of the department of Ari\u00e8ge during your next stay at Le S\u00e9dour campsite. You will be ideally located to explore the Ari\u00e8ge.\" \/>\n<meta name=\"robots\" content=\"index, follow, max-snippet:-1, max-image-preview:large, max-video-preview:-1\" \/>\n<link rel=\"canonical\" href=\"https:\/\/www.camping-lesedour.com\/en\/vacation-ariege\/\" \/>\n<meta property=\"og:locale\" content=\"en_US\" \/>\n<meta property=\"og:type\" content=\"article\" \/>\n<meta property=\"og:title\" content=\"Tourist vacations Ari\u00e8ge: what to do, what to visit in Ari\u00e8ge (09)\" \/>\n<meta property=\"og:description\" content=\"Discover all the richness of the department of Ari\u00e8ge during your next stay at Le S\u00e9dour campsite. You will be ideally located to explore the Ari\u00e8ge.\" \/>\n<meta property=\"og:url\" content=\"https:\/\/www.camping-lesedour.com\/en\/vacation-ariege\/\" \/>\n<meta property=\"og:site_name\" content=\"Camping le S\u00e9dour\" \/>\n<meta property=\"article:modified_time\" content=\"2020-10-26T09:17:52+00:00\" \/>\n<meta property=\"og:image\" content=\"https:\/\/www.camping-lesedour.com\/wp-content\/uploads\/2020\/09\/paysage-ariege.jpg\" \/>\n\t<meta property=\"og:image:width\" content=\"1903\" \/>\n\t<meta property=\"og:image:height\" content=\"550\" \/>\n\t<meta property=\"og:image:type\" content=\"image\/jpeg\" \/>\n<meta name=\"twitter:card\" content=\"summary_large_image\" \/>\n<script type=\"application\/ld+json\" class=\"yoast-schema-graph\">{\"@context\":\"https:\/\/schema.org\",\"@graph\":[{\"@type\":\"WebPage\",\"@id\":\"https:\/\/www.camping-lesedour.com\/en\/vacation-ariege\/\",\"url\":\"https:\/\/www.camping-lesedour.com\/en\/vacation-ariege\/\",\"name\":\"Tourist vacations Ari\u00e8ge: what to do, what to visit in Ari\u00e8ge (09)\",\"isPartOf\":{\"@id\":\"https:\/\/www.camping-lesedour.com\/en\/#website\"},\"primaryImageOfPage\":{\"@id\":\"https:\/\/www.camping-lesedour.com\/en\/vacation-ariege\/#primaryimage\"},\"image\":{\"@id\":\"https:\/\/www.camping-lesedour.com\/en\/vacation-ariege\/#primaryimage\"},\"thumbnailUrl\":\"https:\/\/www.camping-lesedour.com\/wp-content\/uploads\/2020\/09\/paysage-ariege.jpg\",\"datePublished\":\"2018-05-09T06:57:15+00:00\",\"dateModified\":\"2020-10-26T09:17:52+00:00\",\"description\":\"Discover all the richness of the department of Ari\u00e8ge during your next stay at Le S\u00e9dour campsite. You will be ideally located to explore the Ari\u00e8ge.\",\"breadcrumb\":{\"@id\":\"https:\/\/www.camping-lesedour.com\/en\/vacation-ariege\/#breadcrumb\"},\"inLanguage\":\"en-US\",\"potentialAction\":[{\"@type\":\"ReadAction\",\"target\":[\"https:\/\/www.camping-lesedour.com\/en\/vacation-ariege\/\"]}]},{\"@type\":\"ImageObject\",\"inLanguage\":\"en-US\",\"@id\":\"https:\/\/www.camping-lesedour.com\/en\/vacation-ariege\/#primaryimage\",\"url\":\"https:\/\/www.camping-lesedour.com\/wp-content\/uploads\/2020\/09\/paysage-ariege.jpg\",\"contentUrl\":\"https:\/\/www.camping-lesedour.com\/wp-content\/uploads\/2020\/09\/paysage-ariege.jpg\",\"width\":1903,\"height\":550,\"caption\":\"paysage ariege\"},{\"@type\":\"BreadcrumbList\",\"@id\":\"https:\/\/www.camping-lesedour.com\/en\/vacation-ariege\/#breadcrumb\",\"itemListElement\":[{\"@type\":\"ListItem\",\"position\":1,\"name\":\"Campsite Ariege\",\"item\":\"https:\/\/www.camping-lesedour.com\/en\/\"},{\"@type\":\"ListItem\",\"position\":2,\"name\":\"The Ari\u00e8ge\"}]},{\"@type\":\"WebSite\",\"@id\":\"https:\/\/www.camping-lesedour.com\/en\/#website\",\"url\":\"https:\/\/www.camping-lesedour.com\/en\/\",\"name\":\"Camping le S\u00e9dour\",\"description\":\"\",\"potentialAction\":[{\"@type\":\"SearchAction\",\"target\":{\"@type\":\"EntryPoint\",\"urlTemplate\":\"https:\/\/www.camping-lesedour.com\/en\/?s={search_term_string}\"},\"query-input\":{\"@type\":\"PropertyValueSpecification\",\"valueRequired\":true,\"valueName\":\"search_term_string\"}}],\"inLanguage\":\"en-US\"}]}<\/script>\n<!-- \/ Yoast SEO plugin. -->","yoast_head_json":{"title":"Tourist vacations Ari\u00e8ge: what to do, what to visit in Ari\u00e8ge (09)","description":"Discover all the richness of the department of Ari\u00e8ge during your next stay at Le S\u00e9dour campsite. You will be ideally located to explore the Ari\u00e8ge.","robots":{"index":"index","follow":"follow","max-snippet":"max-snippet:-1","max-image-preview":"max-image-preview:large","max-video-preview":"max-video-preview:-1"},"canonical":"https:\/\/www.camping-lesedour.com\/en\/vacation-ariege\/","og_locale":"en_US","og_type":"article","og_title":"Tourist vacations Ari\u00e8ge: what to do, what to visit in Ari\u00e8ge (09)","og_description":"Discover all the richness of the department of Ari\u00e8ge during your next stay at Le S\u00e9dour campsite. You will be ideally located to explore the Ari\u00e8ge.","og_url":"https:\/\/www.camping-lesedour.com\/en\/vacation-ariege\/","og_site_name":"Camping le S\u00e9dour","article_modified_time":"2020-10-26T09:17:52+00:00","og_image":[{"width":1903,"height":550,"url":"https:\/\/www.camping-lesedour.com\/wp-content\/uploads\/2020\/09\/paysage-ariege.jpg","type":"image\/jpeg"}],"twitter_card":"summary_large_image","schema":{"@context":"https:\/\/schema.org","@graph":[{"@type":"WebPage","@id":"https:\/\/www.camping-lesedour.com\/en\/vacation-ariege\/","url":"https:\/\/www.camping-lesedour.com\/en\/vacation-ariege\/","name":"Tourist vacations Ari\u00e8ge: what to do, what to visit in Ari\u00e8ge (09)","isPartOf":{"@id":"https:\/\/www.camping-lesedour.com\/en\/#website"},"primaryImageOfPage":{"@id":"https:\/\/www.camping-lesedour.com\/en\/vacation-ariege\/#primaryimage"},"image":{"@id":"https:\/\/www.camping-lesedour.com\/en\/vacation-ariege\/#primaryimage"},"thumbnailUrl":"https:\/\/www.camping-lesedour.com\/wp-content\/uploads\/2020\/09\/paysage-ariege.jpg","datePublished":"2018-05-09T06:57:15+00:00","dateModified":"2020-10-26T09:17:52+00:00","description":"Discover all the richness of the department of Ari\u00e8ge during your next stay at Le S\u00e9dour campsite. You will be ideally located to explore the Ari\u00e8ge.","breadcrumb":{"@id":"https:\/\/www.camping-lesedour.com\/en\/vacation-ariege\/#breadcrumb"},"inLanguage":"en-US","potentialAction":[{"@type":"ReadAction","target":["https:\/\/www.camping-lesedour.com\/en\/vacation-ariege\/"]}]},{"@type":"ImageObject","inLanguage":"en-US","@id":"https:\/\/www.camping-lesedour.com\/en\/vacation-ariege\/#primaryimage","url":"https:\/\/www.camping-lesedour.com\/wp-content\/uploads\/2020\/09\/paysage-ariege.jpg","contentUrl":"https:\/\/www.camping-lesedour.com\/wp-content\/uploads\/2020\/09\/paysage-ariege.jpg","width":1903,"height":550,"caption":"paysage ariege"},{"@type":"BreadcrumbList","@id":"https:\/\/www.camping-lesedour.com\/en\/vacation-ariege\/#breadcrumb","itemListElement":[{"@type":"ListItem","position":1,"name":"Campsite Ariege","item":"https:\/\/www.camping-lesedour.com\/en\/"},{"@type":"ListItem","position":2,"name":"The Ari\u00e8ge"}]},{"@type":"WebSite","@id":"https:\/\/www.camping-lesedour.com\/en\/#website","url":"https:\/\/www.camping-lesedour.com\/en\/","name":"Camping le S\u00e9dour","description":"","potentialAction":[{"@type":"SearchAction","target":{"@type":"EntryPoint","urlTemplate":"https:\/\/www.camping-lesedour.com\/en\/?s={search_term_string}"},"query-input":{"@type":"PropertyValueSpecification","valueRequired":true,"valueName":"search_term_string"}}],"inLanguage":"en-US"}]}},"_links":{"self":[{"href":"https:\/\/www.camping-lesedour.com\/en\/wp-json\/wp\/v2\/pages\/3685"}],"collection":[{"href":"https:\/\/www.camping-lesedour.com\/en\/wp-json\/wp\/v2\/pages"}],"about":[{"href":"https:\/\/www.camping-lesedour.com\/en\/wp-json\/wp\/v2\/types\/page"}],"author":[{"embeddable":true,"href":"https:\/\/www.camping-lesedour.com\/en\/wp-json\/wp\/v2\/users\/1"}],"replies":[{"embeddable":true,"href":"https:\/\/www.camping-lesedour.com\/en\/wp-json\/wp\/v2\/comments?post=3685"}],"version-history":[{"count":10,"href":"https:\/\/www.camping-lesedour.com\/en\/wp-json\/wp\/v2\/pages\/3685\/revisions"}],"predecessor-version":[{"id":3972,"href":"https:\/\/www.camping-lesedour.com\/en\/wp-json\/wp\/v2\/pages\/3685\/revisions\/3972"}],"wp:featuredmedia":[{"embeddable":true,"href":"https:\/\/www.camping-lesedour.com\/en\/wp-json\/wp\/v2\/media\/2526"}],"wp:attachment":[{"href":"https:\/\/www.camping-lesedour.com\/en\/wp-json\/wp\/v2\/media?parent=3685"}],"curies":[{"name":"wp","href":"https:\/\/api.w.org\/{rel}","templated":true}]}}