{"id":3733,"date":"2015-12-10T08:05:10","date_gmt":"2015-12-10T07:05:10","guid":{"rendered":"https:\/\/www.camping-lesedour.com\/camping-acsi\/"},"modified":"2020-10-26T10:02:24","modified_gmt":"2020-10-26T09:02:24","slug":"campsite-acsi","status":"publish","type":"page","link":"https:\/\/www.camping-lesedour.com\/en\/campsite-acsi\/","title":{"rendered":"Campsite ACSI Ari\u00e8ge"},"content":{"rendered":"<section id=\"section-5f6b51e6d8b51\"\" class=\"section bg-color3\" \/><div class=\"container\"><h1 class=\"element section-title center\">ACSI Camping Ariege<\/h1><\/div><\/section>\n\n<section id=\"section-5f6b51e6d8ffe\"\" class=\"section bg-white p-t-0\" \/><div class=\"container extralarge\"><div class=\"colonnes-wrap valign-top \"><div class=\"element colonne w-40 p-0\"><div class=\"element images\"><div class=\"image\"><img decoding=\"async\" src=\"https:\/\/www.camping-lesedour.com\/wp-content\/uploads\/2020\/09\/vacances-acsi-85x100.jpg\" data-src=\"https:\/\/www.camping-lesedour.com\/wp-content\/uploads\/2020\/09\/vacances-acsi.jpg\" alt=\"vacances acsi\" class=\"images_image\" \/><\/div><\/div><\/div><div class=\"element colonne w-60 p-4\"><div class=\"element bloc-text justify \">\n\t<p>Staying in a quality campsite at a low price is the wish of all holidaymakers. If you are looking for a camping not expensive in Ari\u00e8ge, the campsite Le S\u00e9dour *** located in Surba, labeled Tourisme h\u00f4tellerie de plein air Occitanie, 2 km from Tarascon sur Ari\u00e8ge is the best address.<\/p>\n<p>This <a href=\"\/\">campsite in ari\u00e8ge<\/a> will seduce the great nature lovers thanks to its <strong class=\"bold color1\">privileged situation<\/strong> in the heart of the Natural Regional Park of the Ari\u00e8ge Pyrenees. It is labeled Acsi for economic vacations in family, groups or duo.<\/p>\n<p>The campsite Le S\u00e9dour welcomes you in a green setting surrounded by a <strong class=\"bold color1\"> generous nature<\/strong>, at the foot of the S\u00e9dour mountain and on the banks of a stream. <\/p>\n<p>It is established in a shady domain of 1,5 ha, close to a <strong class=\"bold color1\">fishing lake<\/strong>. You will be able to spend relaxing vacations close to nature for cheap. <\/p>\n<\/div><\/div><\/div><\/div><\/section>\n\n<section id=\"section-5f6b51e6d970e\"\" class=\"section bg-color3\" \/><div class=\"container full\"><div class=\"colonnes-wrap valign-middle \"><div class=\"element colonne w-60 p-0\"><div class=\"element images\"><div class=\"image\"><img decoding=\"async\" src=\"https:\/\/www.camping-lesedour.com\/wp-content\/uploads\/2020\/09\/emplacement-acsi-100x70.jpg\" data-src=\"https:\/\/www.camping-lesedour.com\/wp-content\/uploads\/2020\/09\/emplacement-acsi.jpg\" alt=\"emplacement acsi\" class=\"images_image\" \/><\/div><div class=\"image\"><img decoding=\"async\" src=\"https:\/\/www.camping-lesedour.com\/wp-content\/uploads\/2020\/09\/acsi-emplacement-ariege-100x70.jpg\" data-src=\"https:\/\/www.camping-lesedour.com\/wp-content\/uploads\/2020\/09\/acsi-emplacement-ariege.jpg\" alt=\"acsi emplacement ariege\" class=\"images_image\" \/><\/div><\/div><div class=\"element images\"><div class=\"image\"><img decoding=\"async\" src=\"https:\/\/www.camping-lesedour.com\/wp-content\/uploads\/2020\/09\/acsi-ariege-100x70.jpg\" data-src=\"https:\/\/www.camping-lesedour.com\/wp-content\/uploads\/2020\/09\/acsi-ariege.jpg\" alt=\"acsi ariege\" class=\"images_image\" \/><\/div><div class=\"image\"><img decoding=\"async\" src=\"https:\/\/www.camping-lesedour.com\/wp-content\/uploads\/2020\/09\/allee-camping-ariege-100x70.jpg\" data-src=\"https:\/\/www.camping-lesedour.com\/wp-content\/uploads\/2020\/09\/allee-camping-ariege.jpg\" alt=\"allee camping ariege\" class=\"images_image\" \/><\/div><\/div><\/div><div class=\"element colonne p-8 w-40\"><h2 class=\"element section-title justify m-t-6\">OPERATION OF THE ACSI CARD<\/h2><div class=\"element bloc-text justify \">\n\t<p>The <strong class=\"bold color1\">discount card Acsi<\/strong> is a card that allows you to stay in outdoor hotels labeled as Le S\u00e9dour campsite at <strong class=\"bold color1\">discount rates<\/strong>. To benefit from the special rates, you just need to have an Acsi card valid during the current year and <strong class=\"bold color1\">stay out of season<\/strong>.<\/p>\n<p>In particular, you can use your Acsi card for the rental of camping and caravaning pitches. The purists of the campsite will be the first to be delighted to stay in a caravan, camper van or tent at a low price at the <strong class=\"bold color1\">heart of nature<\/strong> in the campsites members of the Acsi network such as Le S\u00e9dour campsite. Since this <strong class=\"bold color1\">family establishment<\/strong> is open all year round, you will be able to come at different times of the year out of season.<\/p>\n<\/div><\/div><\/div><\/div><\/section>\n\n<section id=\"section-duplicate\"\" class=\"section bg-white p-t-0\" \/><div class=\"container extralarge\"><div class=\"colonnes-wrap valign-top \"><div class=\"element colonne w-60 p-4\"><h2 class=\"element section-title justify\">CAMPSITE IN ARIEGE WITH YOUR ACSI CARD<\/h2><div class=\"element bloc-text justify \">\n\t<p>The campsite Le S\u00e9dour <strong class=\"bold color1\">is a must to camp at lower cost<\/strong> in Ari\u00e8ge with your Acsi card. As a <strong class=\"bold color1\">partner of the Acsi<\/strong> network and a campsite open all year round, it welcomes holidaymakers in possession of the discount card outside the July-August period. <\/p>\n<p>It offers lower rates on the rental of spacious and shady pitches for tents, camper vans and caravans.<\/p>\n<p>During the low season, you can come to this campsite in Ari\u00e8ge to do <strong class=\"bold color1\">traditional camping at the water&#8217;s edge <\/strong> and discover the <strong class=\"bold color1\">natural richness<\/strong> of the region. <\/p>\n<p>Nature reserve, green mountains, streams and fishing lakes will be your playgrounds outside the campsite, a paradise for hiking, water sports, skiing, biking and many other outdoor activities throughout the seasons. Playgrounds, sports fields and other facilities are also available on site during your <strong class=\"bold color1\">cheap vacations in Ari\u00e8ge<\/strong>. <\/p>\n<\/div><\/div><div class=\"element colonne w-40 p-0\"><div class=\"element images\"><div class=\"image\"><img decoding=\"async\" src=\"https:\/\/www.camping-lesedour.com\/wp-content\/uploads\/2020\/09\/petanque-ariege-78x100.jpg\" data-src=\"https:\/\/www.camping-lesedour.com\/wp-content\/uploads\/2020\/09\/petanque-ariege.jpg\" alt=\"petanque ariege\" class=\"images_image\" \/><\/div><\/div><\/div><\/div><\/div><\/section>\n\n<section id=\"section-cta-bas-page\"\" class=\"section bg-color3\" \/><div class=\"container extralarge\"><div class=\"element section-title center titre-cta\">Our rentals and pitches at the campsite<\/div><ul class=\"liste-de-page\"><li class=\"element call-to-action center titre-cta call-to-action--style-1 call-to-action--normal\"><a href=\"https:\/\/www.camping-lesedour.com\/en\/campsite-prices-ariege\/\"  class=\"call-to-action_link\" title=\"Learn more about price list\"><div class=\"call-to-action_image\"><img decoding=\"async\" src=\"https:\/\/www.camping-lesedour.com\/wp-content\/uploads\/2020\/09\/tarifs-ariege-100x80.jpg\" data-src=\"https:\/\/www.camping-lesedour.com\/wp-content\/uploads\/2020\/09\/tarifs-ariege.jpg\" alt=\"tarifs ariege\" class=\"normal\" \/><\/div><div class=\"call-to-action_contenu\"><div class=\"call-to-action_titre\">Price list<\/div><div class=\"call-to-action_texte\">To know more about it<\/div><\/div><\/a><\/li><li class=\"element call-to-action  call-to-action--style-1 call-to-action--normal\"><a href=\"https:\/\/www.camping-lesedour.com\/en\/rental-pitches-ariege\/\"  class=\"call-to-action_link\" title=\"Learn more about the pitches\"><div class=\"call-to-action_image\"><img decoding=\"async\" src=\"https:\/\/www.camping-lesedour.com\/wp-content\/uploads\/2020\/09\/camping-caravaning-ariege-100x80.jpg\" data-src=\"https:\/\/www.camping-lesedour.com\/wp-content\/uploads\/2020\/09\/camping-caravaning-ariege.jpg\" alt=\"camping caravaning ariege\" class=\"normal\" \/><\/div><div class=\"call-to-action_contenu\"><div class=\"call-to-action_titre\">The pitches<\/div><div class=\"call-to-action_texte\">To know more about it<\/div><\/div><\/a><\/li><li class=\"element call-to-action  call-to-action--style-1 call-to-action--normal\"><a href=\"https:\/\/www.camping-lesedour.com\/en\/rent-mobil-home-campsite-ariege\/\"  class=\"call-to-action_link\" title=\"Learn more about mobile homes\"><div class=\"call-to-action_image\"><img decoding=\"async\" src=\"https:\/\/www.camping-lesedour.com\/wp-content\/uploads\/2024\/01\/camping-le-sedour-ariege-100x80.jpg\" data-src=\"https:\/\/www.camping-lesedour.com\/wp-content\/uploads\/2024\/01\/camping-le-sedour-ariege.jpg\" alt=\"\" class=\"normal\" \/><\/div><div class=\"call-to-action_contenu\"><div class=\"call-to-action_titre\">Mobile homes<\/div><div class=\"call-to-action_texte\">To know more about it<\/div><\/div><\/a><\/li><\/ul><\/div><\/section>","protected":false},"excerpt":{"rendered":"","protected":false},"author":1,"featured_media":2749,"parent":0,"menu_order":0,"comment_status":"closed","ping_status":"closed","template":"","meta":{"_acf_changed":false,"footnotes":""},"class_list":["post-3733","page","type-page","status-publish","has-post-thumbnail","hentry"],"acf":[],"yoast_head":"<!-- This site is optimized with the Yoast SEO plugin v25.3 - https:\/\/yoast.com\/wordpress\/plugins\/seo\/ -->\n<title>Camping ACSI - Card ACSI Ariege - Partner campsite ACSI Tarascon 09<\/title>\n<meta name=\"description\" content=\"Learn more about the ACSI Card for your stay at Le S\u00e9dour campsite in Ariege\" \/>\n<meta name=\"robots\" content=\"index, follow, max-snippet:-1, max-image-preview:large, max-video-preview:-1\" \/>\n<link rel=\"canonical\" href=\"https:\/\/www.camping-lesedour.com\/en\/campsite-acsi\/\" \/>\n<meta property=\"og:locale\" content=\"en_US\" \/>\n<meta property=\"og:type\" content=\"article\" \/>\n<meta property=\"og:title\" content=\"Camping ACSI - Card ACSI Ariege - Partner campsite ACSI Tarascon 09\" \/>\n<meta property=\"og:description\" content=\"Learn more about the ACSI Card for your stay at Le S\u00e9dour campsite in Ariege\" \/>\n<meta property=\"og:url\" content=\"https:\/\/www.camping-lesedour.com\/en\/campsite-acsi\/\" \/>\n<meta property=\"og:site_name\" content=\"Camping le S\u00e9dour\" \/>\n<meta property=\"article:modified_time\" content=\"2020-10-26T09:02:24+00:00\" \/>\n<meta property=\"og:image\" content=\"https:\/\/www.camping-lesedour.com\/wp-content\/uploads\/2020\/09\/camping-acsi.jpg\" \/>\n\t<meta property=\"og:image:width\" content=\"1903\" \/>\n\t<meta property=\"og:image:height\" content=\"550\" \/>\n\t<meta property=\"og:image:type\" content=\"image\/jpeg\" \/>\n<meta name=\"twitter:card\" content=\"summary_large_image\" \/>\n<script type=\"application\/ld+json\" class=\"yoast-schema-graph\">{\"@context\":\"https:\/\/schema.org\",\"@graph\":[{\"@type\":\"WebPage\",\"@id\":\"https:\/\/www.camping-lesedour.com\/en\/campsite-acsi\/\",\"url\":\"https:\/\/www.camping-lesedour.com\/en\/campsite-acsi\/\",\"name\":\"Camping ACSI - Card ACSI Ariege - Partner campsite ACSI Tarascon 09\",\"isPartOf\":{\"@id\":\"https:\/\/www.camping-lesedour.com\/en\/#website\"},\"primaryImageOfPage\":{\"@id\":\"https:\/\/www.camping-lesedour.com\/en\/campsite-acsi\/#primaryimage\"},\"image\":{\"@id\":\"https:\/\/www.camping-lesedour.com\/en\/campsite-acsi\/#primaryimage\"},\"thumbnailUrl\":\"https:\/\/www.camping-lesedour.com\/wp-content\/uploads\/2020\/09\/camping-acsi.jpg\",\"datePublished\":\"2015-12-10T07:05:10+00:00\",\"dateModified\":\"2020-10-26T09:02:24+00:00\",\"description\":\"Learn more about the ACSI Card for your stay at Le S\u00e9dour campsite in Ariege\",\"breadcrumb\":{\"@id\":\"https:\/\/www.camping-lesedour.com\/en\/campsite-acsi\/#breadcrumb\"},\"inLanguage\":\"en-US\",\"potentialAction\":[{\"@type\":\"ReadAction\",\"target\":[\"https:\/\/www.camping-lesedour.com\/en\/campsite-acsi\/\"]}]},{\"@type\":\"ImageObject\",\"inLanguage\":\"en-US\",\"@id\":\"https:\/\/www.camping-lesedour.com\/en\/campsite-acsi\/#primaryimage\",\"url\":\"https:\/\/www.camping-lesedour.com\/wp-content\/uploads\/2020\/09\/camping-acsi.jpg\",\"contentUrl\":\"https:\/\/www.camping-lesedour.com\/wp-content\/uploads\/2020\/09\/camping-acsi.jpg\",\"width\":1903,\"height\":550,\"caption\":\"camping acsi\"},{\"@type\":\"BreadcrumbList\",\"@id\":\"https:\/\/www.camping-lesedour.com\/en\/campsite-acsi\/#breadcrumb\",\"itemListElement\":[{\"@type\":\"ListItem\",\"position\":1,\"name\":\"Campsite Ariege\",\"item\":\"https:\/\/www.camping-lesedour.com\/en\/\"},{\"@type\":\"ListItem\",\"position\":2,\"name\":\"Camping ACSI Ari\u00e8ge\"}]},{\"@type\":\"WebSite\",\"@id\":\"https:\/\/www.camping-lesedour.com\/en\/#website\",\"url\":\"https:\/\/www.camping-lesedour.com\/en\/\",\"name\":\"Camping le S\u00e9dour\",\"description\":\"\",\"potentialAction\":[{\"@type\":\"SearchAction\",\"target\":{\"@type\":\"EntryPoint\",\"urlTemplate\":\"https:\/\/www.camping-lesedour.com\/en\/?s={search_term_string}\"},\"query-input\":{\"@type\":\"PropertyValueSpecification\",\"valueRequired\":true,\"valueName\":\"search_term_string\"}}],\"inLanguage\":\"en-US\"}]}<\/script>\n<!-- \/ Yoast SEO plugin. -->","yoast_head_json":{"title":"Camping ACSI - Card ACSI Ariege - Partner campsite ACSI Tarascon 09","description":"Learn more about the ACSI Card for your stay at Le S\u00e9dour campsite in Ariege","robots":{"index":"index","follow":"follow","max-snippet":"max-snippet:-1","max-image-preview":"max-image-preview:large","max-video-preview":"max-video-preview:-1"},"canonical":"https:\/\/www.camping-lesedour.com\/en\/campsite-acsi\/","og_locale":"en_US","og_type":"article","og_title":"Camping ACSI - Card ACSI Ariege - Partner campsite ACSI Tarascon 09","og_description":"Learn more about the ACSI Card for your stay at Le S\u00e9dour campsite in Ariege","og_url":"https:\/\/www.camping-lesedour.com\/en\/campsite-acsi\/","og_site_name":"Camping le S\u00e9dour","article_modified_time":"2020-10-26T09:02:24+00:00","og_image":[{"width":1903,"height":550,"url":"https:\/\/www.camping-lesedour.com\/wp-content\/uploads\/2020\/09\/camping-acsi.jpg","type":"image\/jpeg"}],"twitter_card":"summary_large_image","schema":{"@context":"https:\/\/schema.org","@graph":[{"@type":"WebPage","@id":"https:\/\/www.camping-lesedour.com\/en\/campsite-acsi\/","url":"https:\/\/www.camping-lesedour.com\/en\/campsite-acsi\/","name":"Camping ACSI - Card ACSI Ariege - Partner campsite ACSI Tarascon 09","isPartOf":{"@id":"https:\/\/www.camping-lesedour.com\/en\/#website"},"primaryImageOfPage":{"@id":"https:\/\/www.camping-lesedour.com\/en\/campsite-acsi\/#primaryimage"},"image":{"@id":"https:\/\/www.camping-lesedour.com\/en\/campsite-acsi\/#primaryimage"},"thumbnailUrl":"https:\/\/www.camping-lesedour.com\/wp-content\/uploads\/2020\/09\/camping-acsi.jpg","datePublished":"2015-12-10T07:05:10+00:00","dateModified":"2020-10-26T09:02:24+00:00","description":"Learn more about the ACSI Card for your stay at Le S\u00e9dour campsite in Ariege","breadcrumb":{"@id":"https:\/\/www.camping-lesedour.com\/en\/campsite-acsi\/#breadcrumb"},"inLanguage":"en-US","potentialAction":[{"@type":"ReadAction","target":["https:\/\/www.camping-lesedour.com\/en\/campsite-acsi\/"]}]},{"@type":"ImageObject","inLanguage":"en-US","@id":"https:\/\/www.camping-lesedour.com\/en\/campsite-acsi\/#primaryimage","url":"https:\/\/www.camping-lesedour.com\/wp-content\/uploads\/2020\/09\/camping-acsi.jpg","contentUrl":"https:\/\/www.camping-lesedour.com\/wp-content\/uploads\/2020\/09\/camping-acsi.jpg","width":1903,"height":550,"caption":"camping acsi"},{"@type":"BreadcrumbList","@id":"https:\/\/www.camping-lesedour.com\/en\/campsite-acsi\/#breadcrumb","itemListElement":[{"@type":"ListItem","position":1,"name":"Campsite Ariege","item":"https:\/\/www.camping-lesedour.com\/en\/"},{"@type":"ListItem","position":2,"name":"Camping ACSI Ari\u00e8ge"}]},{"@type":"WebSite","@id":"https:\/\/www.camping-lesedour.com\/en\/#website","url":"https:\/\/www.camping-lesedour.com\/en\/","name":"Camping le S\u00e9dour","description":"","potentialAction":[{"@type":"SearchAction","target":{"@type":"EntryPoint","urlTemplate":"https:\/\/www.camping-lesedour.com\/en\/?s={search_term_string}"},"query-input":{"@type":"PropertyValueSpecification","valueRequired":true,"valueName":"search_term_string"}}],"inLanguage":"en-US"}]}},"_links":{"self":[{"href":"https:\/\/www.camping-lesedour.com\/en\/wp-json\/wp\/v2\/pages\/3733"}],"collection":[{"href":"https:\/\/www.camping-lesedour.com\/en\/wp-json\/wp\/v2\/pages"}],"about":[{"href":"https:\/\/www.camping-lesedour.com\/en\/wp-json\/wp\/v2\/types\/page"}],"author":[{"embeddable":true,"href":"https:\/\/www.camping-lesedour.com\/en\/wp-json\/wp\/v2\/users\/1"}],"replies":[{"embeddable":true,"href":"https:\/\/www.camping-lesedour.com\/en\/wp-json\/wp\/v2\/comments?post=3733"}],"version-history":[{"count":6,"href":"https:\/\/www.camping-lesedour.com\/en\/wp-json\/wp\/v2\/pages\/3733\/revisions"}],"predecessor-version":[{"id":3946,"href":"https:\/\/www.camping-lesedour.com\/en\/wp-json\/wp\/v2\/pages\/3733\/revisions\/3946"}],"wp:featuredmedia":[{"embeddable":true,"href":"https:\/\/www.camping-lesedour.com\/en\/wp-json\/wp\/v2\/media\/2749"}],"wp:attachment":[{"href":"https:\/\/www.camping-lesedour.com\/en\/wp-json\/wp\/v2\/media?parent=3733"}],"curies":[{"name":"wp","href":"https:\/\/api.w.org\/{rel}","templated":true}]}}