{"id":397,"date":"2015-11-30T18:31:59","date_gmt":"2015-11-30T17:31:59","guid":{"rendered":"https:\/\/www.camping-lesedour.com\/en\/contact-camping-ariege\/"},"modified":"2024-01-11T09:53:35","modified_gmt":"2024-01-11T08:53:35","slug":"contact-campsite-ariege","status":"publish","type":"page","link":"https:\/\/www.camping-lesedour.com\/en\/contact-campsite-ariege\/","title":{"rendered":"Contact-us"},"content":{"rendered":"<section id=\"section-5f6b51e6d8b51\"\" class=\"section bg-color3\" \/><div class=\"container\"><h1 class=\"element section-title center\">Access to the campsite<\/h1><\/div><\/section>\n\n<section id=\"section-5f6b51e6d8ffe\"\" class=\"section bg-white p-t-0\" \/><div class=\"container extralarge\"><div class=\"colonnes-wrap valign-top \"><div class=\"element colonne w-40 p-0\"><div class=\"element images\"><div class=\"image\"><img decoding=\"async\" src=\"https:\/\/www.camping-lesedour.com\/wp-content\/uploads\/2020\/10\/reception-ariege-1-85x100.jpg\" data-src=\"https:\/\/www.camping-lesedour.com\/wp-content\/uploads\/2020\/10\/reception-ariege-1.jpg\" alt=\"reception ariege\" class=\"images_image\" \/><\/div><\/div><\/div><div class=\"element colonne w-60 p-4\"><h2 class=\"element section-title justify\">Contact us at the campsite<\/h2><div class=\"element bloc-text justify \">\n\t<p>For any information, reservation, do not hesitate to send the contact form.<\/p>\n<ul>\n<li><strong class=\"bold color1\">Address<\/strong> : Camping le S\u00e9dour, 09400 Surba \/ Tarascon sur Ari\u00e8ge, Ari\u00e8ge, Occitanie<\/li>\n<li><strong class=\"bold color1\">Phone<\/strong> : +33 (0)5 61 05 87 28<\/li>\n<li><strong class=\"bold color1\">Bernard (reservation)<\/strong> : +33 (0)7 83 38 73 57<\/li>\n<li><strong class=\"bold color1\">Christophe (owner)<\/strong> : +33 (0)6 49 52 39 38*<\/li>\n<li><strong class=\"bold color1\">Email<\/strong> : <a href=\"mailto:campinglesedour@orange.fr\" target=\"_blank\" rel=\"noopener\">campinglesedour@orange.fr<\/a><\/li>\n<\/ul>\n<p>In <strong class=\"bold color1\">case of dispute<\/strong> and after having contacted the &#8220;customer&#8221; service of the establishment, any customer of the campsite has the possibility to contact a consumer mediator, within a maximum period of one year from the date of the written complaint, by LRAR, to the operator.<\/p>\n<p>The <strong class=\"bold color1\">coordinates of the mediator<\/strong> that can be seized by the customer are the following: seized by mail:contact@medicys.fr. Seizure by post: 73 boulevard de clichy 75009 Paris \/ Telephone:01 49 70 15 93.<\/p>\n<\/div><\/div><\/div><\/div><\/section>\n\n<section id=\"section-5f6b51e6d970e\"\" class=\"section bg-color3\" \/><div class=\"container full\"><div class=\"colonnes-wrap valign-middle \"><div class=\"element colonne w-60 p-0\"><div class=\"formulaire-de-contact\">\n<div class=\"wpcf7 no-js\" id=\"wpcf7-f399-o1\" lang=\"fr-FR\" dir=\"ltr\">\n<div class=\"screen-reader-response\"><p role=\"status\" aria-live=\"polite\" aria-atomic=\"true\"><\/p> <ul><\/ul><\/div>\n<form action=\"\/en\/wp-json\/wp\/v2\/pages\/397#wpcf7-f399-o1\" method=\"post\" class=\"wpcf7-form init\" aria-label=\"Formulaire de contact\" novalidate=\"novalidate\" data-status=\"init\">\n<div style=\"display: none;\">\n<input type=\"hidden\" name=\"_wpcf7\" value=\"399\" \/>\n<input type=\"hidden\" name=\"_wpcf7_version\" value=\"5.9.8\" \/>\n<input type=\"hidden\" name=\"_wpcf7_locale\" value=\"fr_FR\" \/>\n<input type=\"hidden\" name=\"_wpcf7_unit_tag\" value=\"wpcf7-f399-o1\" \/>\n<input type=\"hidden\" name=\"_wpcf7_container_post\" value=\"0\" \/>\n<input type=\"hidden\" name=\"_wpcf7_posted_data_hash\" value=\"\" \/>\n<input type=\"hidden\" name=\"_wpcf7_recaptcha_response\" value=\"\" \/>\n<\/div>\n<div class=\"row\">\n\t<div class=\"col-md-6\">\n\t\t<p>Your name *\n\t\t<\/p>\n\t\t<p><span class=\"wpcf7-form-control-wrap\" data-name=\"your-name\"><input size=\"40\" maxlength=\"400\" class=\"wpcf7-form-control wpcf7-text wpcf7-validates-as-required\" aria-required=\"true\" aria-invalid=\"false\" value=\"\" type=\"text\" name=\"your-name\" \/><\/span>\n\t\t<\/p>\n\t<\/div>\n\t<div class=\"col-md-6\">\n\t\t<p>Your email *\n\t\t<\/p>\n\t\t<p><span class=\"wpcf7-form-control-wrap\" data-name=\"your-email\"><input size=\"40\" maxlength=\"400\" class=\"wpcf7-form-control wpcf7-email wpcf7-validates-as-required wpcf7-text wpcf7-validates-as-email\" aria-required=\"true\" aria-invalid=\"false\" value=\"\" type=\"email\" name=\"your-email\" \/><\/span>\n\t\t<\/p>\n\t<\/div>\n<\/div>\n<p>Subject *\n<\/p>\n<p><span class=\"wpcf7-form-control-wrap\" data-name=\"your-subject\"><input size=\"40\" maxlength=\"400\" class=\"wpcf7-form-control wpcf7-text\" aria-invalid=\"false\" value=\"\" type=\"text\" name=\"your-subject\" \/><\/span>\n<\/p>\n<p>Message *\n<\/p>\n<p><span class=\"wpcf7-form-control-wrap\" data-name=\"your-message\"><textarea cols=\"40\" rows=\"10\" maxlength=\"2000\" class=\"wpcf7-form-control wpcf7-textarea\" aria-invalid=\"false\" name=\"your-message\"><\/textarea><\/span>\n<\/p>\n<p><span class=\"wpcf7-form-control-wrap\" data-name=\"acceptance-423\"><span class=\"wpcf7-form-control wpcf7-acceptance\"><span class=\"wpcf7-list-item\"><label><input type=\"checkbox\" name=\"acceptance-423\" value=\"1\" aria-invalid=\"false\" \/><span class=\"wpcf7-list-item-label\">By checking this box, I accept this website\u2019s <a href=\"\/en\/privacy-policy\/\" rel=\"noopener\" target=\"_blank\">privacy policy<\/a>.<\/span><\/label><\/span><\/span><\/span>\n<\/p>\n<p><input class=\"wpcf7-form-control wpcf7-submit has-spinner\" type=\"submit\" value=\"Send\" \/>\n<\/p><div class=\"wpcf7-response-output\" aria-hidden=\"true\"><\/div>\n<\/form>\n<\/div>\n<\/div><\/div><div class=\"element colonne w-40 p-r-8\"><div class=\"element bloc-text justify \">\n\t<p>A contact form allows you to quickly send to our team any enquiry, special request or request for assistance for your reservation.<\/p>\n<p>You can also write us by email at <strong class=\"bold color1\">campinglesedour@orange.fr<\/strong> or contact us directly by phone at <strong class=\"bold color1\">05 61 05 87 28<\/strong>. To make a reservation by phone, contact Bernard at <strong class=\"bold color1\">07 83 38 73 57<\/strong>.<\/p>\n<p>You can also book very easily on our website, by choosing <strong class=\"bold color1\">the accommodation<\/strong> you want, by entering your dates and selecting among our price proposals the stay that suits you. Then simply click on the <strong class=\"bold color1\">button &#8221; Book &#8220;<\/strong> and let yourself be guided! <\/p>\n<\/div><\/div><\/div><\/div><\/section>\n\n<section id=\"section-duplicate\"\" class=\"section bg-white p-t-0\" \/><div class=\"container extralarge\"><div class=\"colonnes-wrap valign-top \"><div class=\"element colonne w-60 p-4\"><h2 class=\"element section-title left\">How to come to Le Sedour campsite<\/h2><div class=\"element bloc-text justify \">\n\t<p>The <a href=\"\/en\/\">campsite Ari\u00e8ge<\/a> Le S\u00e9dour is located 2 km from the station of Tarascon-sur-Ari\u00e8ge, in the direction of B\u00e9deilhac.<\/p>\n<p>Located on <strong class=\"bold color1\">the railway axis Paris-Barcelona<\/strong>, it is served both by the main national lines and by the TER Occitanie trains.<\/p>\n<p>You get off from the main stations of Toulouse-Matabiau and Paris-Austerlitz. <\/p>\n<p>The closest airport to Tarascon is Toulouse-Blagnac, a little more than an hour away by the N20 national road, then the A66 and A61 freeways.<\/p>\n<\/div><\/div><div class=\"element colonne w-40 p-0\"><div class=\"carte\" data-src=\"https:\/\/www.google.com\/maps\/embed?pb=!1m14!1m8!1m3!1d157334.5550394567!2d1.492721795675839!3d42.8836034657971!3m2!1i1024!2i768!4f13.1!3m3!1m2!1s0x0%3A0xc21f6f17d6d225ec!2sCamping%20Le%20Sedour%20%7C%20Camping%20Ari%C3%A8ge!5e0!3m2!1sfr!2sfr!4v1601461371849!5m2!1sfr!2sfr\"><\/div><\/div><\/div><\/div><\/section>","protected":false},"excerpt":{"rendered":"","protected":false},"author":1,"featured_media":5429,"parent":0,"menu_order":0,"comment_status":"closed","ping_status":"closed","template":"","meta":{"_acf_changed":false,"footnotes":""},"class_list":["post-397","page","type-page","status-publish","has-post-thumbnail","hentry"],"acf":[],"yoast_head":"<!-- This site is optimized with the Yoast SEO plugin v25.3 - https:\/\/yoast.com\/wordpress\/plugins\/seo\/ -->\n<title>How to come to Le S\u00e9dour campsite: map, itinerary, camping access<\/title>\n<meta name=\"description\" content=\"Contact the campsite in Tarascon sur Ari\u00e8ge, how to get to the campsite in Ari\u00e8ge.\" \/>\n<meta name=\"robots\" content=\"index, follow, max-snippet:-1, max-image-preview:large, max-video-preview:-1\" \/>\n<link rel=\"canonical\" href=\"https:\/\/www.camping-lesedour.com\/en\/contact-campsite-ariege\/\" \/>\n<meta property=\"og:locale\" content=\"en_US\" \/>\n<meta property=\"og:type\" content=\"article\" \/>\n<meta property=\"og:title\" content=\"How to come to Le S\u00e9dour campsite: map, itinerary, camping access\" \/>\n<meta property=\"og:description\" content=\"Contact the campsite in Tarascon sur Ari\u00e8ge, how to get to the campsite in Ari\u00e8ge.\" \/>\n<meta property=\"og:url\" content=\"https:\/\/www.camping-lesedour.com\/en\/contact-campsite-ariege\/\" \/>\n<meta property=\"og:site_name\" content=\"Camping le S\u00e9dour\" \/>\n<meta property=\"article:modified_time\" content=\"2024-01-11T08:53:35+00:00\" \/>\n<meta property=\"og:image\" content=\"https:\/\/www.camping-lesedour.com\/wp-content\/uploads\/2024\/01\/camping-le-sedour-contact.jpg\" \/>\n\t<meta property=\"og:image:width\" content=\"1903\" \/>\n\t<meta property=\"og:image:height\" content=\"550\" \/>\n\t<meta property=\"og:image:type\" content=\"image\/jpeg\" \/>\n<meta name=\"twitter:card\" content=\"summary_large_image\" \/>\n<script type=\"application\/ld+json\" class=\"yoast-schema-graph\">{\"@context\":\"https:\/\/schema.org\",\"@graph\":[{\"@type\":\"WebPage\",\"@id\":\"https:\/\/www.camping-lesedour.com\/en\/contact-campsite-ariege\/\",\"url\":\"https:\/\/www.camping-lesedour.com\/en\/contact-campsite-ariege\/\",\"name\":\"How to come to Le S\u00e9dour campsite: map, itinerary, camping access\",\"isPartOf\":{\"@id\":\"https:\/\/www.camping-lesedour.com\/en\/#website\"},\"primaryImageOfPage\":{\"@id\":\"https:\/\/www.camping-lesedour.com\/en\/contact-campsite-ariege\/#primaryimage\"},\"image\":{\"@id\":\"https:\/\/www.camping-lesedour.com\/en\/contact-campsite-ariege\/#primaryimage\"},\"thumbnailUrl\":\"https:\/\/www.camping-lesedour.com\/wp-content\/uploads\/2024\/01\/camping-le-sedour-contact.jpg\",\"datePublished\":\"2015-11-30T17:31:59+00:00\",\"dateModified\":\"2024-01-11T08:53:35+00:00\",\"description\":\"Contact the campsite in Tarascon sur Ari\u00e8ge, how to get to the campsite in Ari\u00e8ge.\",\"breadcrumb\":{\"@id\":\"https:\/\/www.camping-lesedour.com\/en\/contact-campsite-ariege\/#breadcrumb\"},\"inLanguage\":\"en-US\",\"potentialAction\":[{\"@type\":\"ReadAction\",\"target\":[\"https:\/\/www.camping-lesedour.com\/en\/contact-campsite-ariege\/\"]}]},{\"@type\":\"ImageObject\",\"inLanguage\":\"en-US\",\"@id\":\"https:\/\/www.camping-lesedour.com\/en\/contact-campsite-ariege\/#primaryimage\",\"url\":\"https:\/\/www.camping-lesedour.com\/wp-content\/uploads\/2024\/01\/camping-le-sedour-contact.jpg\",\"contentUrl\":\"https:\/\/www.camping-lesedour.com\/wp-content\/uploads\/2024\/01\/camping-le-sedour-contact.jpg\",\"width\":1903,\"height\":550},{\"@type\":\"BreadcrumbList\",\"@id\":\"https:\/\/www.camping-lesedour.com\/en\/contact-campsite-ariege\/#breadcrumb\",\"itemListElement\":[{\"@type\":\"ListItem\",\"position\":1,\"name\":\"Campsite Ariege\",\"item\":\"https:\/\/www.camping-lesedour.com\/en\/\"},{\"@type\":\"ListItem\",\"position\":2,\"name\":\"Campsite access Le S\u00e9dour\"}]},{\"@type\":\"WebSite\",\"@id\":\"https:\/\/www.camping-lesedour.com\/en\/#website\",\"url\":\"https:\/\/www.camping-lesedour.com\/en\/\",\"name\":\"Camping le S\u00e9dour\",\"description\":\"\",\"potentialAction\":[{\"@type\":\"SearchAction\",\"target\":{\"@type\":\"EntryPoint\",\"urlTemplate\":\"https:\/\/www.camping-lesedour.com\/en\/?s={search_term_string}\"},\"query-input\":{\"@type\":\"PropertyValueSpecification\",\"valueRequired\":true,\"valueName\":\"search_term_string\"}}],\"inLanguage\":\"en-US\"}]}<\/script>\n<!-- \/ Yoast SEO plugin. -->","yoast_head_json":{"title":"How to come to Le S\u00e9dour campsite: map, itinerary, camping access","description":"Contact the campsite in Tarascon sur Ari\u00e8ge, how to get to the campsite in Ari\u00e8ge.","robots":{"index":"index","follow":"follow","max-snippet":"max-snippet:-1","max-image-preview":"max-image-preview:large","max-video-preview":"max-video-preview:-1"},"canonical":"https:\/\/www.camping-lesedour.com\/en\/contact-campsite-ariege\/","og_locale":"en_US","og_type":"article","og_title":"How to come to Le S\u00e9dour campsite: map, itinerary, camping access","og_description":"Contact the campsite in Tarascon sur Ari\u00e8ge, how to get to the campsite in Ari\u00e8ge.","og_url":"https:\/\/www.camping-lesedour.com\/en\/contact-campsite-ariege\/","og_site_name":"Camping le S\u00e9dour","article_modified_time":"2024-01-11T08:53:35+00:00","og_image":[{"width":1903,"height":550,"url":"https:\/\/www.camping-lesedour.com\/wp-content\/uploads\/2024\/01\/camping-le-sedour-contact.jpg","type":"image\/jpeg"}],"twitter_card":"summary_large_image","schema":{"@context":"https:\/\/schema.org","@graph":[{"@type":"WebPage","@id":"https:\/\/www.camping-lesedour.com\/en\/contact-campsite-ariege\/","url":"https:\/\/www.camping-lesedour.com\/en\/contact-campsite-ariege\/","name":"How to come to Le S\u00e9dour campsite: map, itinerary, camping access","isPartOf":{"@id":"https:\/\/www.camping-lesedour.com\/en\/#website"},"primaryImageOfPage":{"@id":"https:\/\/www.camping-lesedour.com\/en\/contact-campsite-ariege\/#primaryimage"},"image":{"@id":"https:\/\/www.camping-lesedour.com\/en\/contact-campsite-ariege\/#primaryimage"},"thumbnailUrl":"https:\/\/www.camping-lesedour.com\/wp-content\/uploads\/2024\/01\/camping-le-sedour-contact.jpg","datePublished":"2015-11-30T17:31:59+00:00","dateModified":"2024-01-11T08:53:35+00:00","description":"Contact the campsite in Tarascon sur Ari\u00e8ge, how to get to the campsite in Ari\u00e8ge.","breadcrumb":{"@id":"https:\/\/www.camping-lesedour.com\/en\/contact-campsite-ariege\/#breadcrumb"},"inLanguage":"en-US","potentialAction":[{"@type":"ReadAction","target":["https:\/\/www.camping-lesedour.com\/en\/contact-campsite-ariege\/"]}]},{"@type":"ImageObject","inLanguage":"en-US","@id":"https:\/\/www.camping-lesedour.com\/en\/contact-campsite-ariege\/#primaryimage","url":"https:\/\/www.camping-lesedour.com\/wp-content\/uploads\/2024\/01\/camping-le-sedour-contact.jpg","contentUrl":"https:\/\/www.camping-lesedour.com\/wp-content\/uploads\/2024\/01\/camping-le-sedour-contact.jpg","width":1903,"height":550},{"@type":"BreadcrumbList","@id":"https:\/\/www.camping-lesedour.com\/en\/contact-campsite-ariege\/#breadcrumb","itemListElement":[{"@type":"ListItem","position":1,"name":"Campsite Ariege","item":"https:\/\/www.camping-lesedour.com\/en\/"},{"@type":"ListItem","position":2,"name":"Campsite access Le S\u00e9dour"}]},{"@type":"WebSite","@id":"https:\/\/www.camping-lesedour.com\/en\/#website","url":"https:\/\/www.camping-lesedour.com\/en\/","name":"Camping le S\u00e9dour","description":"","potentialAction":[{"@type":"SearchAction","target":{"@type":"EntryPoint","urlTemplate":"https:\/\/www.camping-lesedour.com\/en\/?s={search_term_string}"},"query-input":{"@type":"PropertyValueSpecification","valueRequired":true,"valueName":"search_term_string"}}],"inLanguage":"en-US"}]}},"_links":{"self":[{"href":"https:\/\/www.camping-lesedour.com\/en\/wp-json\/wp\/v2\/pages\/397"}],"collection":[{"href":"https:\/\/www.camping-lesedour.com\/en\/wp-json\/wp\/v2\/pages"}],"about":[{"href":"https:\/\/www.camping-lesedour.com\/en\/wp-json\/wp\/v2\/types\/page"}],"author":[{"embeddable":true,"href":"https:\/\/www.camping-lesedour.com\/en\/wp-json\/wp\/v2\/users\/1"}],"replies":[{"embeddable":true,"href":"https:\/\/www.camping-lesedour.com\/en\/wp-json\/wp\/v2\/comments?post=397"}],"version-history":[{"count":13,"href":"https:\/\/www.camping-lesedour.com\/en\/wp-json\/wp\/v2\/pages\/397\/revisions"}],"predecessor-version":[{"id":5437,"href":"https:\/\/www.camping-lesedour.com\/en\/wp-json\/wp\/v2\/pages\/397\/revisions\/5437"}],"wp:featuredmedia":[{"embeddable":true,"href":"https:\/\/www.camping-lesedour.com\/en\/wp-json\/wp\/v2\/media\/5429"}],"wp:attachment":[{"href":"https:\/\/www.camping-lesedour.com\/en\/wp-json\/wp\/v2\/media?parent=397"}],"curies":[{"name":"wp","href":"https:\/\/api.w.org\/{rel}","templated":true}]}}