{"id":5124,"date":"2023-06-22T11:24:34","date_gmt":"2023-06-22T09:24:34","guid":{"rendered":"https:\/\/www.camping-lesedour.com\/camping-midi-pyrenees\/"},"modified":"2023-06-27T10:54:53","modified_gmt":"2023-06-27T08:54:53","slug":"campsite-midi-pyrennees","status":"publish","type":"page","link":"https:\/\/www.camping-lesedour.com\/en\/campsite-midi-pyrennees\/","title":{"rendered":"Camping Midi-Pyrenees"},"content":{"rendered":"<section id=\"section-6494141b65311\"\" class=\"section bg-color3\" \/><div class=\"container extralarge\"><h1 class=\"element section-title center\">Campsite Midi Pyrenees<\/h1><div class=\"element bloc-text justify \">\n\t<p>The region of Midi Pyr\u00e9n\u00e9es is a particularly <strong>rich in tourist sites<\/strong>. It has indeed a remarkable natural, built and cultural heritage which attracts thousands of visitors every year. The variety of the landscapes never cease to <strong> marvel the holiday makers<\/strong>.<\/p>\n<p>Regional parks such as those of the Grands Causses, Haut-Languedoc, the Ariege Pyrenees near Andorra, the city of Foix, the Causses du Quercy, the great Pyrenean sites, the Pyrenees are all reasons to come to Midi Pyr\u00e9n\u00e9es during your vacations. The region thus offers a <strong>multitude of leisure<\/strong> and discoveries to make your vacations, <strong> unforgettable moments<\/strong>.<\/p>\n<p>Whatever your desire of stay, the Midi Pyr\u00e9n\u00e9es region is a <strong>destination not to be missed to discover in family<\/strong>, in duo or with friends. Different activities are possible throughout the seasons. Outdoor accommodation remains the best way to enjoy both the natural environment of the region and its beautiful landscapes. Here you can camp close to nature and famous sites!<\/p>\n<\/div><\/div><\/section>\n\n<section id=\"section-6494141b65706\"\" class=\"section bg-white\" \/><div class=\"container extralarge\"><div class=\"colonnes-wrap valign-top \"><div class=\"element colonne w-40 p-0\"><div class=\"element images\"><div class=\"image\"><img decoding=\"async\" src=\"https:\/\/www.camping-lesedour.com\/wp-content\/uploads\/2020\/09\/camping-en-ariege-78x100.jpg\" data-src=\"https:\/\/www.camping-lesedour.com\/wp-content\/uploads\/2020\/09\/camping-en-ariege.jpg\" alt=\"campsite midi pyr\u00e9n\u00e9es\" class=\"images_image\" \/><\/div><\/div><\/div><div class=\"element colonne w-60 p-4\"><h2 class=\"element section-title justify\">THE GREAT SITES OF MIDI-PYRENEES TO DISCOVER<\/h2><div class=\"element bloc-text justify \">\n\t<p>The Midi Pyrenees never cease to charm its visitors with its wealth. The <strong>preserved landscapes and the wide open spaces<\/strong> are next to villages of character, historical sites and are embellished by rivers, canals and vineyards, forming a small paradise that must absolutely be discovered.<\/p>\n<p>Your camping vacations in the region are the ideal opportunity to explore the famous <strong>Grands Sites de Midi<\/strong> such as the Millau Viaduct, the Pic du Midi, Conques, Rodez, Rocamadour, the Dordogne valley and many other treasures. They will be able to discover themselves in a thousand and one ways with <strong> activities<\/strong> such as hiking, cycling, water sports, skiing &#8230; The villages of character with unique architectural styles are also great ideas for discoveries to make.<\/p>\n<p>In addition to the discoveries of the territory, the land between the Atlantic and the Mediterranean and is bathed by a generous sun is worthy of interest. The local products and colorful drinks from its land will delight the fine gourmets and gourmands.<\/p>\n<\/div><\/div><\/div><\/div><\/section>\n\n<section id=\"section-6494141b65a21\"\" class=\"section bg-color3\" \/><div class=\"container extralarge\"><div class=\"colonnes-wrap valign-top \"><div class=\"element colonne w-60 p-4\"><h2 class=\"element section-title justify\">STAY AT THE CAMPING LE SEDOUR TO DISCOVER THE MIDI-PYRENEES<\/h2><div class=\"element bloc-text justify \">\n\t<p>The campsite le S\u00e9dour ***, located at the foot of the S\u00e9dour mountain, in the <strong> Parc R\u00e9gional Naturel des Pyr\u00e9n\u00e9es Ari\u00e9geoises<\/strong> in Tarascon sur Ari\u00e8ge is an ideal starting point to discover the Midi Pyr\u00e9n\u00e9es. This campsite in the Midi Pyr\u00e9n\u00e9es opens its doors to holidaymakers who wish to take advantage of the <strong> natural richness<\/strong> of the region and discover all its beauty. It welcomes you in a green setting, far from the hustle and bustle of the cities.<\/p>\n<p>Le S\u00e9dour campsite invites you to stay in <strong>comfortable accommodation<\/strong> for two to six people, in the heart of nature. You have the choice between a stay in a mobile home, a chalet or even a camping-caravanning pitch for tent, camper and caravan during your stay. The proposed vacation rentals are fully equipped with a TV, utensils, garden furniture and much more to ensure your comfort while the pitches are equipped with all the necessary amenities.<\/p>\n<p>The shops and services of the city of Tarascon are only a few minutes away from the campsite.<\/p>\n<\/div><\/div><div class=\"element colonne w-40 p-0\"><div class=\"element images\"><div class=\"image\"><img decoding=\"async\" src=\"https:\/\/www.camping-lesedour.com\/wp-content\/uploads\/2020\/09\/mobil-home-3ch-ariege-1-100x100.jpg\" data-src=\"https:\/\/www.camping-lesedour.com\/wp-content\/uploads\/2020\/09\/mobil-home-3ch-ariege-1.jpg\" alt=\"campsite midi pyr\u00e9n\u00e9es\" class=\"images_image\" \/><\/div><\/div><\/div><\/div><\/div><\/section>\n\n<section id=\"section-6494141b65d41\"\" class=\"section bg-white\" \/><div class=\"container extralarge\"><div class=\"colonnes-wrap valign-top \"><div class=\"element colonne w-40 p-0\"><div class=\"element images\"><div class=\"image\"><img decoding=\"async\" src=\"https:\/\/www.camping-lesedour.com\/wp-content\/uploads\/2020\/12\/randonnees-ariege-75x100.jpg\" data-src=\"https:\/\/www.camping-lesedour.com\/wp-content\/uploads\/2020\/12\/randonnees-ariege.jpg\" alt=\"hikes midi pyrenees\" class=\"images_image\" \/><\/div><\/div><\/div><div class=\"element colonne w-60 p-4\"><h2 class=\"element section-title justify\">HIKES AND SKI RESORTS FROM THE CAMPSITE<\/h2><div class=\"element bloc-text justify \">\n\t<p>Numerous leisure activities are proposed to you from the <a href=\"\/en\/\">campsite in Ari\u00e8ge<\/a> Le S\u00e9dour. The establishment is ideally located at the <strong>foot of the mountain<\/strong> of the S\u00e9dour and the Pyrenees, you can easily walk or bike in the Pyrenean mountains according to your desires. The ski resorts are also nearby for unforgettable vacations in the Midi Pyr\u00e9n\u00e9es throughout the winter season.<\/p>\n<p>Le S\u00e9dour campsite is also a campsite open all year round for residences to make the most of your camping vacations to ski, hike, fish, white water sports in the Pyrenees. Whatever the season, this <strong>family-run outdoor hotel<\/strong> will be delighted to welcome you. Authenticity, calm, friendliness and a change of scenery will be there to spend an idyllic vacation while camping in the mountains.<\/p>\n<p>You will also like to spend your vacations in Ari\u00e8ge.<\/p>\n<\/div><\/div><\/div><\/div><\/section>\n\n<section id=\"section-649465c7454d8\"\" class=\"section bg-white\" \/><div class=\"container extralarge\"><div class=\"element section-title center\">Decouvrez aussi<\/div><ul class=\"liste-de-page\"><li class=\"element call-to-action center call-to-action--style-1 call-to-action--normal\"><a href=\"https:\/\/www.camping-lesedour.com\/en\/campsite-midi-pyrennees\/campsite-andorra\/\"  class=\"call-to-action_link\" title=\"Learn more about camping andorre\"><div class=\"call-to-action_image\"><img decoding=\"async\" src=\"https:\/\/www.camping-lesedour.com\/wp-content\/uploads\/2020\/09\/tourisme-andorre-100x29.jpg\" data-src=\"https:\/\/www.camping-lesedour.com\/wp-content\/uploads\/2020\/09\/tourisme-andorre.jpg\" alt=\"tourisme andorre\" class=\"normal\" \/><\/div><div class=\"call-to-action_contenu\"><div class=\"call-to-action_titre\">Camping Andorre<\/div><div class=\"call-to-action_texte\">To know more about it<\/div><\/div><\/a><\/li><li class=\"element call-to-action  call-to-action--style-1 call-to-action--normal\"><a href=\"https:\/\/www.camping-lesedour.com\/en\/campsite-midi-pyrennees\/campsite-vicdessos\/\"  class=\"call-to-action_link\" title=\"Learn more about camping proche de vicdessos\"><div class=\"call-to-action_image\"><img decoding=\"async\" src=\"https:\/\/www.camping-lesedour.com\/wp-content\/uploads\/2020\/09\/tourisme-vicdessos-100x29.jpg\" data-src=\"https:\/\/www.camping-lesedour.com\/wp-content\/uploads\/2020\/09\/tourisme-vicdessos.jpg\" alt=\"tourisme vicdessos\" class=\"normal\" \/><\/div><div class=\"call-to-action_contenu\"><div class=\"call-to-action_titre\">Camping proche de Vicdessos<\/div><div class=\"call-to-action_texte\">To know more about it<\/div><\/div><\/a><\/li><li class=\"element call-to-action  call-to-action--style-1 call-to-action--normal\"><a href=\"https:\/\/www.camping-lesedour.com\/en\/campsite-midi-pyrennees\/campsite-saint-girons\/\"  class=\"call-to-action_link\" title=\"Learn more about camping \u00e0 55 km de saint-girons\"><div class=\"call-to-action_image\"><img decoding=\"async\" src=\"https:\/\/www.camping-lesedour.com\/wp-content\/uploads\/2020\/09\/tourisme-saint-girons-100x29.jpg\" data-src=\"https:\/\/www.camping-lesedour.com\/wp-content\/uploads\/2020\/09\/tourisme-saint-girons.jpg\" alt=\"tourisme saint-girons\" class=\"normal\" \/><\/div><div class=\"call-to-action_contenu\"><div class=\"call-to-action_titre\">Camping \u00e0 55 km de Saint-Girons<\/div><div class=\"call-to-action_texte\">To know more about it<\/div><\/div><\/a><\/li><li class=\"element call-to-action  call-to-action--style-1 call-to-action--normal\"><a href=\"https:\/\/www.camping-lesedour.com\/en\/campsite-midi-pyrennees\/campsite-ax-les-thermes\/\"  class=\"call-to-action_link\" title=\"Learn more about ax-les-thermes\"><div class=\"call-to-action_image\"><img decoding=\"async\" src=\"https:\/\/www.camping-lesedour.com\/wp-content\/uploads\/2023\/06\/Ax-Les-Thermes-100x100.jpg\" data-src=\"https:\/\/www.camping-lesedour.com\/wp-content\/uploads\/2023\/06\/Ax-Les-Thermes.jpg\" alt=\"\" class=\"normal\" \/><\/div><div class=\"call-to-action_contenu\"><div class=\"call-to-action_titre\">Ax-Les-Thermes<\/div><div class=\"call-to-action_texte\">To know more about it<\/div><\/div><\/a><\/li><li class=\"element call-to-action  call-to-action--style-1 call-to-action--normal\"><a href=\"https:\/\/www.camping-lesedour.com\/en\/campsite-midi-pyrennees\/campsite-mas-azil\/\"  class=\"call-to-action_link\" title=\"Learn more about camping \u00e0 45 km du mas d&#8217;azil\"><div class=\"call-to-action_image\"><img decoding=\"async\" src=\"https:\/\/www.camping-lesedour.com\/wp-content\/uploads\/2020\/09\/camping-mas-azil-100x29.jpg\" data-src=\"https:\/\/www.camping-lesedour.com\/wp-content\/uploads\/2020\/09\/camping-mas-azil.jpg\" alt=\"camping mas azil\" class=\"normal\" \/><\/div><div class=\"call-to-action_contenu\"><div class=\"call-to-action_titre\">Camping \u00e0 45 km du Mas d&#8217;Azil<\/div><div class=\"call-to-action_texte\">To know more about it<\/div><\/div><\/a><\/li><li class=\"element call-to-action  call-to-action--style-1 call-to-action--normal\"><a href=\"https:\/\/www.camping-lesedour.com\/en\/campsite-midi-pyrennees\/campsite-mirepoix\/\"  class=\"call-to-action_link\" title=\"Learn more about camping mirepoix\"><div class=\"call-to-action_image\"><img decoding=\"async\" src=\"https:\/\/www.camping-lesedour.com\/wp-content\/uploads\/2020\/09\/tourisme-mirepoix-100x29.jpg\" data-src=\"https:\/\/www.camping-lesedour.com\/wp-content\/uploads\/2020\/09\/tourisme-mirepoix.jpg\" alt=\"tourisme mirepoix\" class=\"normal\" \/><\/div><div class=\"call-to-action_contenu\"><div class=\"call-to-action_titre\">Camping Mirepoix<\/div><div class=\"call-to-action_texte\">To know more about it<\/div><\/div><\/a><\/li><li class=\"element call-to-action  call-to-action--style-1 call-to-action--normal\"><a href=\"https:\/\/www.camping-lesedour.com\/en\/campsite-midi-pyrennees\/campsite-foix\/\"  class=\"call-to-action_link\" title=\"Learn more about camping foix\"><div class=\"call-to-action_image\"><img decoding=\"async\" src=\"https:\/\/www.camping-lesedour.com\/wp-content\/uploads\/2020\/09\/tourisme-foix-100x29.jpg\" data-src=\"https:\/\/www.camping-lesedour.com\/wp-content\/uploads\/2020\/09\/tourisme-foix.jpg\" alt=\"tourisme foix\" class=\"normal\" \/><\/div><div class=\"call-to-action_contenu\"><div class=\"call-to-action_titre\">Camping Foix<\/div><div class=\"call-to-action_texte\">To know more about it<\/div><\/div><\/a><\/li><\/ul><\/div><\/section>","protected":false},"excerpt":{"rendered":"","protected":false},"author":8,"featured_media":3237,"parent":0,"menu_order":0,"comment_status":"closed","ping_status":"closed","template":"","meta":{"_acf_changed":false,"footnotes":""},"class_list":["post-5124","page","type-page","status-publish","has-post-thumbnail","hentry"],"acf":[],"yoast_head":"<!-- This site is optimized with the Yoast SEO plugin v25.3 - https:\/\/yoast.com\/wordpress\/plugins\/seo\/ -->\n<title>Campsite Midi Pyr\u00e9n\u00e9es - Holidays caravanning mobil home Midi-Pyr\u00e9n\u00e9es<\/title>\n<meta name=\"description\" content=\"To know more about the Midi Pyr\u00e9n\u00e9es region. Le S\u00e9dour campsite is located in Ari\u00e8ge, the opportunity for you to explore all the riches of the region.\" \/>\n<meta name=\"robots\" content=\"index, follow, max-snippet:-1, max-image-preview:large, max-video-preview:-1\" \/>\n<link rel=\"canonical\" href=\"https:\/\/www.camping-lesedour.com\/en\/campsite-midi-pyrennees\/\" \/>\n<meta property=\"og:locale\" content=\"en_US\" \/>\n<meta property=\"og:type\" content=\"article\" \/>\n<meta property=\"og:title\" content=\"Campsite Midi Pyr\u00e9n\u00e9es - Holidays caravanning mobil home Midi-Pyr\u00e9n\u00e9es\" \/>\n<meta property=\"og:description\" content=\"To know more about the Midi Pyr\u00e9n\u00e9es region. Le S\u00e9dour campsite is located in Ari\u00e8ge, the opportunity for you to explore all the riches of the region.\" \/>\n<meta property=\"og:url\" content=\"https:\/\/www.camping-lesedour.com\/en\/campsite-midi-pyrennees\/\" \/>\n<meta property=\"og:site_name\" content=\"Camping le S\u00e9dour\" \/>\n<meta property=\"article:modified_time\" content=\"2023-06-27T08:54:53+00:00\" \/>\n<meta property=\"og:image\" content=\"https:\/\/www.camping-lesedour.com\/wp-content\/uploads\/2020\/10\/camping-midi-pyrenees.jpg\" \/>\n\t<meta property=\"og:image:width\" content=\"1903\" \/>\n\t<meta property=\"og:image:height\" content=\"550\" \/>\n\t<meta property=\"og:image:type\" content=\"image\/jpeg\" \/>\n<meta name=\"twitter:card\" content=\"summary_large_image\" \/>\n<script type=\"application\/ld+json\" class=\"yoast-schema-graph\">{\"@context\":\"https:\/\/schema.org\",\"@graph\":[{\"@type\":\"WebPage\",\"@id\":\"https:\/\/www.camping-lesedour.com\/en\/campsite-midi-pyrennees\/\",\"url\":\"https:\/\/www.camping-lesedour.com\/en\/campsite-midi-pyrennees\/\",\"name\":\"Campsite Midi Pyr\u00e9n\u00e9es - Holidays caravanning mobil home Midi-Pyr\u00e9n\u00e9es\",\"isPartOf\":{\"@id\":\"https:\/\/www.camping-lesedour.com\/en\/#website\"},\"primaryImageOfPage\":{\"@id\":\"https:\/\/www.camping-lesedour.com\/en\/campsite-midi-pyrennees\/#primaryimage\"},\"image\":{\"@id\":\"https:\/\/www.camping-lesedour.com\/en\/campsite-midi-pyrennees\/#primaryimage\"},\"thumbnailUrl\":\"https:\/\/www.camping-lesedour.com\/wp-content\/uploads\/2020\/10\/camping-midi-pyrenees.jpg\",\"datePublished\":\"2023-06-22T09:24:34+00:00\",\"dateModified\":\"2023-06-27T08:54:53+00:00\",\"description\":\"To know more about the Midi Pyr\u00e9n\u00e9es region. Le S\u00e9dour campsite is located in Ari\u00e8ge, the opportunity for you to explore all the riches of the region.\",\"breadcrumb\":{\"@id\":\"https:\/\/www.camping-lesedour.com\/en\/campsite-midi-pyrennees\/#breadcrumb\"},\"inLanguage\":\"en-US\",\"potentialAction\":[{\"@type\":\"ReadAction\",\"target\":[\"https:\/\/www.camping-lesedour.com\/en\/campsite-midi-pyrennees\/\"]}]},{\"@type\":\"ImageObject\",\"inLanguage\":\"en-US\",\"@id\":\"https:\/\/www.camping-lesedour.com\/en\/campsite-midi-pyrennees\/#primaryimage\",\"url\":\"https:\/\/www.camping-lesedour.com\/wp-content\/uploads\/2020\/10\/camping-midi-pyrenees.jpg\",\"contentUrl\":\"https:\/\/www.camping-lesedour.com\/wp-content\/uploads\/2020\/10\/camping-midi-pyrenees.jpg\",\"width\":1903,\"height\":550,\"caption\":\"camping midi Pyr\u00e9n\u00e9es\"},{\"@type\":\"BreadcrumbList\",\"@id\":\"https:\/\/www.camping-lesedour.com\/en\/campsite-midi-pyrennees\/#breadcrumb\",\"itemListElement\":[{\"@type\":\"ListItem\",\"position\":1,\"name\":\"Campsite Ariege\",\"item\":\"https:\/\/www.camping-lesedour.com\/en\/\"},{\"@type\":\"ListItem\",\"position\":2,\"name\":\"Campsite Midi Pyr\u00e9n\u00e9es\"}]},{\"@type\":\"WebSite\",\"@id\":\"https:\/\/www.camping-lesedour.com\/en\/#website\",\"url\":\"https:\/\/www.camping-lesedour.com\/en\/\",\"name\":\"Camping le S\u00e9dour\",\"description\":\"\",\"potentialAction\":[{\"@type\":\"SearchAction\",\"target\":{\"@type\":\"EntryPoint\",\"urlTemplate\":\"https:\/\/www.camping-lesedour.com\/en\/?s={search_term_string}\"},\"query-input\":{\"@type\":\"PropertyValueSpecification\",\"valueRequired\":true,\"valueName\":\"search_term_string\"}}],\"inLanguage\":\"en-US\"}]}<\/script>\n<!-- \/ Yoast SEO plugin. -->","yoast_head_json":{"title":"Campsite Midi Pyr\u00e9n\u00e9es - Holidays caravanning mobil home Midi-Pyr\u00e9n\u00e9es","description":"To know more about the Midi Pyr\u00e9n\u00e9es region. Le S\u00e9dour campsite is located in Ari\u00e8ge, the opportunity for you to explore all the riches of the region.","robots":{"index":"index","follow":"follow","max-snippet":"max-snippet:-1","max-image-preview":"max-image-preview:large","max-video-preview":"max-video-preview:-1"},"canonical":"https:\/\/www.camping-lesedour.com\/en\/campsite-midi-pyrennees\/","og_locale":"en_US","og_type":"article","og_title":"Campsite Midi Pyr\u00e9n\u00e9es - Holidays caravanning mobil home Midi-Pyr\u00e9n\u00e9es","og_description":"To know more about the Midi Pyr\u00e9n\u00e9es region. Le S\u00e9dour campsite is located in Ari\u00e8ge, the opportunity for you to explore all the riches of the region.","og_url":"https:\/\/www.camping-lesedour.com\/en\/campsite-midi-pyrennees\/","og_site_name":"Camping le S\u00e9dour","article_modified_time":"2023-06-27T08:54:53+00:00","og_image":[{"width":1903,"height":550,"url":"https:\/\/www.camping-lesedour.com\/wp-content\/uploads\/2020\/10\/camping-midi-pyrenees.jpg","type":"image\/jpeg"}],"twitter_card":"summary_large_image","schema":{"@context":"https:\/\/schema.org","@graph":[{"@type":"WebPage","@id":"https:\/\/www.camping-lesedour.com\/en\/campsite-midi-pyrennees\/","url":"https:\/\/www.camping-lesedour.com\/en\/campsite-midi-pyrennees\/","name":"Campsite Midi Pyr\u00e9n\u00e9es - Holidays caravanning mobil home Midi-Pyr\u00e9n\u00e9es","isPartOf":{"@id":"https:\/\/www.camping-lesedour.com\/en\/#website"},"primaryImageOfPage":{"@id":"https:\/\/www.camping-lesedour.com\/en\/campsite-midi-pyrennees\/#primaryimage"},"image":{"@id":"https:\/\/www.camping-lesedour.com\/en\/campsite-midi-pyrennees\/#primaryimage"},"thumbnailUrl":"https:\/\/www.camping-lesedour.com\/wp-content\/uploads\/2020\/10\/camping-midi-pyrenees.jpg","datePublished":"2023-06-22T09:24:34+00:00","dateModified":"2023-06-27T08:54:53+00:00","description":"To know more about the Midi Pyr\u00e9n\u00e9es region. Le S\u00e9dour campsite is located in Ari\u00e8ge, the opportunity for you to explore all the riches of the region.","breadcrumb":{"@id":"https:\/\/www.camping-lesedour.com\/en\/campsite-midi-pyrennees\/#breadcrumb"},"inLanguage":"en-US","potentialAction":[{"@type":"ReadAction","target":["https:\/\/www.camping-lesedour.com\/en\/campsite-midi-pyrennees\/"]}]},{"@type":"ImageObject","inLanguage":"en-US","@id":"https:\/\/www.camping-lesedour.com\/en\/campsite-midi-pyrennees\/#primaryimage","url":"https:\/\/www.camping-lesedour.com\/wp-content\/uploads\/2020\/10\/camping-midi-pyrenees.jpg","contentUrl":"https:\/\/www.camping-lesedour.com\/wp-content\/uploads\/2020\/10\/camping-midi-pyrenees.jpg","width":1903,"height":550,"caption":"camping midi Pyr\u00e9n\u00e9es"},{"@type":"BreadcrumbList","@id":"https:\/\/www.camping-lesedour.com\/en\/campsite-midi-pyrennees\/#breadcrumb","itemListElement":[{"@type":"ListItem","position":1,"name":"Campsite Ariege","item":"https:\/\/www.camping-lesedour.com\/en\/"},{"@type":"ListItem","position":2,"name":"Campsite Midi Pyr\u00e9n\u00e9es"}]},{"@type":"WebSite","@id":"https:\/\/www.camping-lesedour.com\/en\/#website","url":"https:\/\/www.camping-lesedour.com\/en\/","name":"Camping le S\u00e9dour","description":"","potentialAction":[{"@type":"SearchAction","target":{"@type":"EntryPoint","urlTemplate":"https:\/\/www.camping-lesedour.com\/en\/?s={search_term_string}"},"query-input":{"@type":"PropertyValueSpecification","valueRequired":true,"valueName":"search_term_string"}}],"inLanguage":"en-US"}]}},"_links":{"self":[{"href":"https:\/\/www.camping-lesedour.com\/en\/wp-json\/wp\/v2\/pages\/5124"}],"collection":[{"href":"https:\/\/www.camping-lesedour.com\/en\/wp-json\/wp\/v2\/pages"}],"about":[{"href":"https:\/\/www.camping-lesedour.com\/en\/wp-json\/wp\/v2\/types\/page"}],"author":[{"embeddable":true,"href":"https:\/\/www.camping-lesedour.com\/en\/wp-json\/wp\/v2\/users\/8"}],"replies":[{"embeddable":true,"href":"https:\/\/www.camping-lesedour.com\/en\/wp-json\/wp\/v2\/comments?post=5124"}],"version-history":[{"count":2,"href":"https:\/\/www.camping-lesedour.com\/en\/wp-json\/wp\/v2\/pages\/5124\/revisions"}],"predecessor-version":[{"id":5138,"href":"https:\/\/www.camping-lesedour.com\/en\/wp-json\/wp\/v2\/pages\/5124\/revisions\/5138"}],"wp:featuredmedia":[{"embeddable":true,"href":"https:\/\/www.camping-lesedour.com\/en\/wp-json\/wp\/v2\/media\/3237"}],"wp:attachment":[{"href":"https:\/\/www.camping-lesedour.com\/en\/wp-json\/wp\/v2\/media?parent=5124"}],"curies":[{"name":"wp","href":"https:\/\/api.w.org\/{rel}","templated":true}]}}