{"id":5174,"date":"2023-06-22T14:58:14","date_gmt":"2023-06-22T12:58:14","guid":{"rendered":"https:\/\/www.camping-lesedour.com\/campsite-midi-pyrennees\/camping-saint-girons\/"},"modified":"2023-06-27T11:57:36","modified_gmt":"2023-06-27T09:57:36","slug":"campsite-saint-girons","status":"publish","type":"page","link":"https:\/\/www.camping-lesedour.com\/en\/campsite-midi-pyrennees\/campsite-saint-girons\/","title":{"rendered":"Camping \u00e0 55 km de Saint-Girons"},"content":{"rendered":"<section id=\"section-64943331954ab\"\" class=\"section bg-color3\" \/><div class=\"container\"><h1 class=\"element section-title center\">Campsite at 55 km from Saint-Girons<\/h1><\/div><\/section>\n\n<section id=\"section-649433319580c\"\" class=\"section bg-white\" \/><div class=\"container extralarge\"><div class=\"colonnes-wrap valign-top \"><div class=\"element colonne w-40 p-0\"><div class=\"element images\"><div class=\"image\"><img decoding=\"async\" src=\"https:\/\/www.camping-lesedour.com\/wp-content\/uploads\/2020\/09\/achat-mobil-home-ariege-1-100x80.jpg\" data-src=\"https:\/\/www.camping-lesedour.com\/wp-content\/uploads\/2020\/09\/achat-mobil-home-ariege-1.jpg\" alt=\"campsite Saint-Girons\" class=\"images_image\" \/><\/div><\/div><\/div><div class=\"element colonne w-60 p-4\"><h2 class=\"element section-title justify\">A campsite located in the heart of Ari\u00e8ge near Saint Girons<\/h2><div class=\"element bloc-text justify \">\n\t<p>Are you looking for a nature holiday in Ari\u00e8ge?Discover the S\u00e9dour, campsite at less than 60 km from Saint-Girons entirely thought out for holidaymakers in search of <strong> large spaces and tranquility<\/strong>. Everything is done to promote the <strong> resourcing and relaxation<\/strong> in this 4 seasons campsite.<\/p>\n<p>At the foot of the <strong>mountains of the Ari\u00e8ge Pyrenees<\/strong>, the wooded and landscaped domain of more than one hectare includes vast and beautiful pitches for camping and caravanning, as well as plots with mobile homes and canvas bungalows. At the <strong>edge of a river<\/strong> with a view of the mountains, the setting of our campsite near Saint-Girons is ideal for a revitalizing stay with family and friends.<\/p>\n<\/div><\/div><\/div><\/div><\/section>\n\n<section id=\"section-6494456618757\"\" class=\"section bg-color3\" \/><div class=\"container extralarge\"><div class=\"colonnes-wrap valign-top \"><div class=\"element colonne w-60 p-4\"><h2 class=\"element section-title justify\">Mobile homes rental near Saint-Girons<\/h2><div class=\"element bloc-text justify \">\n\t<p>You want to rent a mobile home in Ari\u00e8ge to spend a vacation of pure relaxation in the heart of exceptional natural spaces? Le S\u00e9dour campsite offers you to choose to rent a mobile home near Saint-Girons, at the foot of the Ari\u00e8ge Pyrenees.<\/p>\n<p>An ideal destination to indulge in <strong> sports and outdoor leisure activities<\/strong> and stay in a quiet and revitalizing setting. Treat yourself to an authentic green vacation by booking a Coco Sweet tent open to the great outdoors! The <a href=\"\/en\/\">campsite S\u00e9dour<\/a> proposes the rental of mobile homes and bungalows near Saint-Girons all year round, so that you can enjoy the Ari\u00e8ge during the four seasons!<\/p>\n<\/div><\/div><div class=\"element colonne w-40 p-0\"><div class=\"element images\"><div class=\"image\"><img decoding=\"async\" src=\"https:\/\/www.camping-lesedour.com\/wp-content\/uploads\/2020\/09\/mobil-home-3ch-ariege-1-100x100.jpg\" data-src=\"https:\/\/www.camping-lesedour.com\/wp-content\/uploads\/2020\/09\/mobil-home-3ch-ariege-1.jpg\" alt=\"rental mobilhome Saint-Girons\" class=\"images_image\" \/><\/div><\/div><\/div><\/div><\/div><\/section>\n\n<section id=\"section-6494456618963\"\" class=\"section bg-white p-t-0 p-b-0\" \/><div class=\"container full\"><ul class=\"liste-de-page hebergements row\"><li class=\"hebergement hebergement--init hebergement--style-1  number-of-people-4 number-of-rooms-2\"><div class=\"hebergement_image\"><img decoding=\"async\" src=\"https:\/\/www.camping-lesedour.com\/wp-content\/uploads\/2020\/09\/camping-sedour-ohara.jpg\" data-src=\"https:\/\/www.camping-lesedour.com\/wp-content\/uploads\/2020\/09\/camping-sedour-ohara.jpg\" alt=\"\" class=\"\" \/><div class=\"hebergement_link\" id=\"3445\"><\/div><\/div><div class=\"hebergement_content\"><div class=\"hebergement_titre hebergement_titre decoration\">Mobile home O&#8217;HARA 865T<\/div><div class=\"hebergement-attributs\"><span class=\"attribut number-of-people\">4<i class=\"icon-chambres\"><\/i><\/span><span class=\"attribut number-of-rooms\">2<i class=\"icon-personnes\"><\/i><\/span><\/div><\/div><\/li><li class=\"hebergement hebergement--init hebergement--style-1  number-of-people-4 number-of-rooms-2\"><div class=\"hebergement_image\"><img decoding=\"async\" src=\"https:\/\/www.camping-lesedour.com\/wp-content\/uploads\/2020\/09\/camping-le-sedour-mh2.jpg\" data-src=\"https:\/\/www.camping-lesedour.com\/wp-content\/uploads\/2020\/09\/camping-le-sedour-mh2.jpg\" alt=\"\" class=\"\" \/><div class=\"hebergement_link\" id=\"3444\"><\/div><\/div><div class=\"hebergement_content\"><div class=\"hebergement_titre hebergement_titre decoration\">Mobile home 2 bedrooms<\/div><div class=\"hebergement-attributs\"><span class=\"attribut number-of-people\">4<i class=\"icon-chambres\"><\/i><\/span><span class=\"attribut number-of-rooms\">2<i class=\"icon-personnes\"><\/i><\/span><\/div><\/div><\/li><li class=\"hebergement hebergement--init hebergement--style-1  number-of-people-4 number-of-rooms-2\"><div class=\"hebergement_image\"><img decoding=\"async\" src=\"https:\/\/www.camping-lesedour.com\/wp-content\/uploads\/2020\/09\/camping-chalet-ariege.jpg\" data-src=\"https:\/\/www.camping-lesedour.com\/wp-content\/uploads\/2020\/09\/camping-chalet-ariege.jpg\" alt=\"camping chalet Ari\u00e8ge\" class=\"\" \/><div class=\"hebergement_link\" id=\"3443\"><\/div><\/div><div class=\"hebergement_content\"><div class=\"hebergement_titre hebergement_titre decoration\">Chalet 2 bedrooms<\/div><div class=\"hebergement-attributs\"><span class=\"attribut number-of-people\">4<i class=\"icon-chambres\"><\/i><\/span><span class=\"attribut number-of-rooms\">2<i class=\"icon-personnes\"><\/i><\/span><\/div><\/div><\/li><li class=\"hebergement hebergement--init hebergement--style-1  number-of-people-4 number-of-rooms-2\"><div class=\"hebergement_image\"><img decoding=\"async\" src=\"https:\/\/www.camping-lesedour.com\/wp-content\/uploads\/2020\/09\/cocosweet-ariege.jpg\" data-src=\"https:\/\/www.camping-lesedour.com\/wp-content\/uploads\/2020\/09\/cocosweet-ariege.jpg\" alt=\"cocosweet ariege\" class=\"\" \/><div class=\"hebergement_link\" id=\"3422\"><\/div><\/div><div class=\"hebergement_content\"><div class=\"hebergement_titre hebergement_titre decoration\">Cocosweet 2 bedrooms<\/div><div class=\"hebergement-attributs\"><span class=\"attribut number-of-people\">4<i class=\"icon-chambres\"><\/i><\/span><span class=\"attribut number-of-rooms\">2<i class=\"icon-personnes\"><\/i><\/span><\/div><\/div><\/li><li class=\"hebergement hebergement--init hebergement--style-1  number-of-people-2 number-of-rooms-1\"><div class=\"hebergement_image\"><img decoding=\"async\" src=\"https:\/\/www.camping-lesedour.com\/wp-content\/uploads\/2020\/09\/camping-sedour-cahita.jpg\" data-src=\"https:\/\/www.camping-lesedour.com\/wp-content\/uploads\/2020\/09\/camping-sedour-cahita.jpg\" alt=\"\" class=\"\" \/><div class=\"hebergement_link\" id=\"3414\"><\/div><\/div><div class=\"hebergement_content\"><div class=\"hebergement_titre hebergement_titre decoration\">Mobile home Cahita Riviera 1 bedroom<\/div><div class=\"hebergement-attributs\"><span class=\"attribut number-of-people\">2<i class=\"icon-chambres\"><\/i><\/span><span class=\"attribut number-of-rooms\">1<i class=\"icon-personnes\"><\/i><\/span><\/div><\/div><\/li><li class=\"hebergement hebergement--init hebergement--style-1  number-of-people-6 number-of-rooms-3\"><div class=\"hebergement_image\"><img decoding=\"async\" src=\"https:\/\/www.camping-lesedour.com\/wp-content\/uploads\/2020\/09\/camping-le-sedour-mh3.jpg\" data-src=\"https:\/\/www.camping-lesedour.com\/wp-content\/uploads\/2020\/09\/camping-le-sedour-mh3.jpg\" alt=\"\" class=\"\" \/><div class=\"hebergement_link\" id=\"3407\"><\/div><\/div><div class=\"hebergement_content\"><div class=\"hebergement_titre hebergement_titre decoration\">Mobile home 3 bedrooms<\/div><div class=\"hebergement-attributs\"><span class=\"attribut number-of-people\">6<i class=\"icon-chambres\"><\/i><\/span><span class=\"attribut number-of-rooms\">3<i class=\"icon-personnes\"><\/i><\/span><\/div><\/div><\/li><li class=\"hebergement hebergement--init hebergement--style-1  number-of-people-45 number-of-rooms-2\"><div class=\"hebergement_image\"><img decoding=\"async\" src=\"https:\/\/www.camping-lesedour.com\/wp-content\/uploads\/2020\/09\/mobil-home-keywest-ariege.jpg\" data-src=\"https:\/\/www.camping-lesedour.com\/wp-content\/uploads\/2020\/09\/mobil-home-keywest-ariege.jpg\" alt=\"mobil-home keywest ariege\" class=\"\" \/><div class=\"hebergement_link\" id=\"3398\"><\/div><\/div><div class=\"hebergement_content\"><div class=\"hebergement_titre hebergement_titre decoration\">Mobile home Keywest 2 bedrooms &#8211; 2 bathrooms<\/div><div class=\"hebergement-attributs\"><span class=\"attribut number-of-people\">4\/5<i class=\"icon-chambres\"><\/i><\/span><span class=\"attribut number-of-rooms\">2<i class=\"icon-personnes\"><\/i><\/span><\/div><\/div><\/li><li class=\"hebergement hebergement--init hebergement--style-1  number-of-people-4 number-of-rooms-2\"><div class=\"hebergement_image\"><img decoding=\"async\" src=\"https:\/\/www.camping-lesedour.com\/wp-content\/uploads\/2020\/09\/terrasse-hotelier-ariege.jpg\" data-src=\"https:\/\/www.camping-lesedour.com\/wp-content\/uploads\/2020\/09\/terrasse-hotelier-ariege.jpg\" alt=\"terrasse hotelier ariege\" class=\"\" \/><div class=\"hebergement_link\" id=\"3392\"><\/div><\/div><div class=\"hebergement_content\"><div class=\"hebergement_titre hebergement_titre decoration\">Mobile home Hotellier<\/div><div class=\"hebergement-attributs\"><span class=\"attribut number-of-people\">4<i class=\"icon-chambres\"><\/i><\/span><span class=\"attribut number-of-rooms\">2<i class=\"icon-personnes\"><\/i><\/span><\/div><\/div><\/li><li class=\"hebergement hebergement--init hebergement--style-1  number-of-people-4 number-of-rooms-2\"><div class=\"hebergement_image\"><img decoding=\"async\" src=\"https:\/\/www.camping-lesedour.com\/wp-content\/uploads\/2024\/10\/00001198578.webp\" data-src=\"https:\/\/www.camping-lesedour.com\/wp-content\/uploads\/2024\/10\/00001198578.webp\" alt=\"\" class=\"\" \/><div class=\"hebergement_link\" id=\"5707\"><\/div><\/div><div class=\"hebergement_content\"><div class=\"hebergement_titre hebergement_titre decoration\">Mobil-Home Comfort 31m2 Bord de Ruisseau<\/div><div class=\"hebergement-attributs\"><span class=\"attribut number-of-people\">4<i class=\"icon-chambres\"><\/i><\/span><span class=\"attribut number-of-rooms\">2<i class=\"icon-personnes\"><\/i><\/span><\/div><\/div><\/li><\/ul><\/div><\/section>\n\n<section id=\"section-64944566190eb\"\" class=\"section bg-color3\" \/><div class=\"container extralarge\"><div class=\"colonnes-wrap valign-top \"><div class=\"element colonne w-40 p-0\"><div class=\"element images\"><div class=\"image\"><img decoding=\"async\" src=\"https:\/\/www.camping-lesedour.com\/wp-content\/uploads\/2023\/06\/tourisme-saint-girons-100x100.jpg\" data-src=\"https:\/\/www.camping-lesedour.com\/wp-content\/uploads\/2023\/06\/tourisme-saint-girons.jpg\" alt=\"what to see saint girons\" class=\"images_image\" \/><\/div><\/div><\/div><div class=\"element colonne w-60 p-4\"><h2 class=\"element section-title justify\">What to see in Saint-Girons<\/h2><div class=\"element bloc-text justify \">\n\t<ul>\n<li><strong>Religious heritage<\/strong> : the church Saint-Gen\u00e8s and its bell tower of the 14th century, but also the church Saint-Valier and its ornate portal of the 12th century.<\/li>\n<li><strong>The old bridge that spans the river Salat<\/strong> : it dates from the 16th century and its sidewalks are made of marble from the Ari\u00e8ge region.<\/li>\n<li><strong>The museum of the road to freedom<\/strong> : a museographic space installed in the former railway station of Saint-Girons, dedicated to the journey of the exiles who tried to flee the Nazi oppression by joining Spain during the Second World War.<\/li>\n<li><strong>The viscountal castle<\/strong> : on the left bank, the 16th century building, former castle of the viscounts of Couserans, houses a media library, as well as exhibitions in its basement.<\/li>\n<li><strong>The Champ de Mars which borders the Salat<\/strong> : a pleasant place to stroll, it hosts every Saturday the great market of Saint-Girons.<\/li>\n<\/ul>\n<\/div><\/div><\/div><\/div><\/section>\n\n<section id=\"section-649445661951e\"\" class=\"section bg-white\" \/><div class=\"container extralarge\"><div class=\"colonnes-wrap valign-top \"><div class=\"element colonne w-60 p-4\"><h2 class=\"element section-title justify\">Things to do in Saint Girons<\/h2><div class=\"element bloc-text justify \">\n\t<ul>\n<li><strong>Stroll on the market<\/strong> : renowned throughout the Ari\u00e8ge and as far as Toulouse, it is one of the largest in the department. The weekly market takes place on Saturday mornings all year round. Two Mondays per month, a fair also takes place in Saint-Girons.<\/li>\n<li><strong>Participate in the festive events of the city<\/strong> : the traditional festivals at the end of July and their fairground rides, the festival Autrefois le Couserans and its many folklore events in August, or the Rite festival devoted to world cultures.<\/li>\n<li><strong>Visit the nearby Saint-Lizier<\/strong> cathedral, as well as the bishops&#8217; palace, less than 3 km north of downtown Saint-Girons along the course of the Salat.<\/li>\n<li><strong>Refresh and relax<\/strong> at the Couserans aquatic center, in the heart of the city of Saint-Girons.<\/li>\n<li><strong>Fishing in the Salat river<\/strong>, in the Salat body of water, or in one of the tributaries of the river, the Lez or the Baup.<\/li>\n<\/ul>\n<\/div><\/div><div class=\"element colonne w-40 p-0\"><div class=\"element images\"><div class=\"image\"><img decoding=\"async\" src=\"https:\/\/www.camping-lesedour.com\/wp-content\/uploads\/2023\/06\/decouvrir-saint-girons-100x100.jpg\" data-src=\"https:\/\/www.camping-lesedour.com\/wp-content\/uploads\/2023\/06\/decouvrir-saint-girons.jpg\" alt=\"saint girons\" class=\"images_image\" \/><\/div><\/div><\/div><\/div><\/div><\/section>","protected":false},"excerpt":{"rendered":"","protected":false},"author":8,"featured_media":2465,"parent":5124,"menu_order":0,"comment_status":"closed","ping_status":"closed","template":"","meta":{"_acf_changed":false,"footnotes":""},"class_list":["post-5174","page","type-page","status-publish","has-post-thumbnail","hentry"],"acf":[],"yoast_head":"<!-- This site is optimized with the Yoast SEO plugin v25.3 - https:\/\/yoast.com\/wordpress\/plugins\/seo\/ -->\n<title>Camsite Saint Girons | Rental in Saint Girons | Activities Saint Girons<\/title>\n<meta name=\"robots\" content=\"index, follow, max-snippet:-1, max-image-preview:large, max-video-preview:-1\" \/>\n<link rel=\"canonical\" href=\"https:\/\/www.camping-lesedour.com\/en\/campsite-midi-pyrennees\/campsite-saint-girons\/\" \/>\n<meta property=\"og:locale\" content=\"en_US\" \/>\n<meta property=\"og:type\" content=\"article\" \/>\n<meta property=\"og:title\" content=\"Camsite Saint Girons | Rental in Saint Girons | Activities Saint Girons\" \/>\n<meta property=\"og:url\" content=\"https:\/\/www.camping-lesedour.com\/en\/campsite-midi-pyrennees\/campsite-saint-girons\/\" \/>\n<meta property=\"og:site_name\" content=\"Camping le S\u00e9dour\" \/>\n<meta property=\"article:modified_time\" content=\"2023-06-27T09:57:36+00:00\" \/>\n<meta property=\"og:image\" content=\"https:\/\/www.camping-lesedour.com\/wp-content\/uploads\/2020\/09\/tourisme-saint-girons.jpg\" \/>\n\t<meta property=\"og:image:width\" content=\"1903\" \/>\n\t<meta property=\"og:image:height\" content=\"550\" \/>\n\t<meta property=\"og:image:type\" content=\"image\/jpeg\" \/>\n<meta name=\"twitter:card\" content=\"summary_large_image\" \/>\n<script type=\"application\/ld+json\" class=\"yoast-schema-graph\">{\"@context\":\"https:\/\/schema.org\",\"@graph\":[{\"@type\":\"WebPage\",\"@id\":\"https:\/\/www.camping-lesedour.com\/en\/campsite-midi-pyrennees\/campsite-saint-girons\/\",\"url\":\"https:\/\/www.camping-lesedour.com\/en\/campsite-midi-pyrennees\/campsite-saint-girons\/\",\"name\":\"Camsite Saint Girons | Rental in Saint Girons | Activities Saint Girons\",\"isPartOf\":{\"@id\":\"https:\/\/www.camping-lesedour.com\/en\/#website\"},\"primaryImageOfPage\":{\"@id\":\"https:\/\/www.camping-lesedour.com\/en\/campsite-midi-pyrennees\/campsite-saint-girons\/#primaryimage\"},\"image\":{\"@id\":\"https:\/\/www.camping-lesedour.com\/en\/campsite-midi-pyrennees\/campsite-saint-girons\/#primaryimage\"},\"thumbnailUrl\":\"https:\/\/www.camping-lesedour.com\/wp-content\/uploads\/2020\/09\/tourisme-saint-girons.jpg\",\"datePublished\":\"2023-06-22T12:58:14+00:00\",\"dateModified\":\"2023-06-27T09:57:36+00:00\",\"breadcrumb\":{\"@id\":\"https:\/\/www.camping-lesedour.com\/en\/campsite-midi-pyrennees\/campsite-saint-girons\/#breadcrumb\"},\"inLanguage\":\"en-US\",\"potentialAction\":[{\"@type\":\"ReadAction\",\"target\":[\"https:\/\/www.camping-lesedour.com\/en\/campsite-midi-pyrennees\/campsite-saint-girons\/\"]}]},{\"@type\":\"ImageObject\",\"inLanguage\":\"en-US\",\"@id\":\"https:\/\/www.camping-lesedour.com\/en\/campsite-midi-pyrennees\/campsite-saint-girons\/#primaryimage\",\"url\":\"https:\/\/www.camping-lesedour.com\/wp-content\/uploads\/2020\/09\/tourisme-saint-girons.jpg\",\"contentUrl\":\"https:\/\/www.camping-lesedour.com\/wp-content\/uploads\/2020\/09\/tourisme-saint-girons.jpg\",\"width\":1903,\"height\":550,\"caption\":\"tourisme saint-girons\"},{\"@type\":\"BreadcrumbList\",\"@id\":\"https:\/\/www.camping-lesedour.com\/en\/campsite-midi-pyrennees\/campsite-saint-girons\/#breadcrumb\",\"itemListElement\":[{\"@type\":\"ListItem\",\"position\":1,\"name\":\"Campsite Ariege\",\"item\":\"https:\/\/www.camping-lesedour.com\/en\/\"},{\"@type\":\"ListItem\",\"position\":2,\"name\":\"Campsite Midi Pyr\u00e9n\u00e9es\",\"item\":\"https:\/\/www.camping-lesedour.com\/en\/campsite-midi-pyrennees\/\"},{\"@type\":\"ListItem\",\"position\":3,\"name\":\"Campsite Saint-Girons\"}]},{\"@type\":\"WebSite\",\"@id\":\"https:\/\/www.camping-lesedour.com\/en\/#website\",\"url\":\"https:\/\/www.camping-lesedour.com\/en\/\",\"name\":\"Camping le S\u00e9dour\",\"description\":\"\",\"potentialAction\":[{\"@type\":\"SearchAction\",\"target\":{\"@type\":\"EntryPoint\",\"urlTemplate\":\"https:\/\/www.camping-lesedour.com\/en\/?s={search_term_string}\"},\"query-input\":{\"@type\":\"PropertyValueSpecification\",\"valueRequired\":true,\"valueName\":\"search_term_string\"}}],\"inLanguage\":\"en-US\"}]}<\/script>\n<!-- \/ Yoast SEO plugin. -->","yoast_head_json":{"title":"Camsite Saint Girons | Rental in Saint Girons | Activities Saint Girons","robots":{"index":"index","follow":"follow","max-snippet":"max-snippet:-1","max-image-preview":"max-image-preview:large","max-video-preview":"max-video-preview:-1"},"canonical":"https:\/\/www.camping-lesedour.com\/en\/campsite-midi-pyrennees\/campsite-saint-girons\/","og_locale":"en_US","og_type":"article","og_title":"Camsite Saint Girons | Rental in Saint Girons | Activities Saint Girons","og_url":"https:\/\/www.camping-lesedour.com\/en\/campsite-midi-pyrennees\/campsite-saint-girons\/","og_site_name":"Camping le S\u00e9dour","article_modified_time":"2023-06-27T09:57:36+00:00","og_image":[{"width":1903,"height":550,"url":"https:\/\/www.camping-lesedour.com\/wp-content\/uploads\/2020\/09\/tourisme-saint-girons.jpg","type":"image\/jpeg"}],"twitter_card":"summary_large_image","schema":{"@context":"https:\/\/schema.org","@graph":[{"@type":"WebPage","@id":"https:\/\/www.camping-lesedour.com\/en\/campsite-midi-pyrennees\/campsite-saint-girons\/","url":"https:\/\/www.camping-lesedour.com\/en\/campsite-midi-pyrennees\/campsite-saint-girons\/","name":"Camsite Saint Girons | Rental in Saint Girons | Activities Saint Girons","isPartOf":{"@id":"https:\/\/www.camping-lesedour.com\/en\/#website"},"primaryImageOfPage":{"@id":"https:\/\/www.camping-lesedour.com\/en\/campsite-midi-pyrennees\/campsite-saint-girons\/#primaryimage"},"image":{"@id":"https:\/\/www.camping-lesedour.com\/en\/campsite-midi-pyrennees\/campsite-saint-girons\/#primaryimage"},"thumbnailUrl":"https:\/\/www.camping-lesedour.com\/wp-content\/uploads\/2020\/09\/tourisme-saint-girons.jpg","datePublished":"2023-06-22T12:58:14+00:00","dateModified":"2023-06-27T09:57:36+00:00","breadcrumb":{"@id":"https:\/\/www.camping-lesedour.com\/en\/campsite-midi-pyrennees\/campsite-saint-girons\/#breadcrumb"},"inLanguage":"en-US","potentialAction":[{"@type":"ReadAction","target":["https:\/\/www.camping-lesedour.com\/en\/campsite-midi-pyrennees\/campsite-saint-girons\/"]}]},{"@type":"ImageObject","inLanguage":"en-US","@id":"https:\/\/www.camping-lesedour.com\/en\/campsite-midi-pyrennees\/campsite-saint-girons\/#primaryimage","url":"https:\/\/www.camping-lesedour.com\/wp-content\/uploads\/2020\/09\/tourisme-saint-girons.jpg","contentUrl":"https:\/\/www.camping-lesedour.com\/wp-content\/uploads\/2020\/09\/tourisme-saint-girons.jpg","width":1903,"height":550,"caption":"tourisme saint-girons"},{"@type":"BreadcrumbList","@id":"https:\/\/www.camping-lesedour.com\/en\/campsite-midi-pyrennees\/campsite-saint-girons\/#breadcrumb","itemListElement":[{"@type":"ListItem","position":1,"name":"Campsite Ariege","item":"https:\/\/www.camping-lesedour.com\/en\/"},{"@type":"ListItem","position":2,"name":"Campsite Midi Pyr\u00e9n\u00e9es","item":"https:\/\/www.camping-lesedour.com\/en\/campsite-midi-pyrennees\/"},{"@type":"ListItem","position":3,"name":"Campsite Saint-Girons"}]},{"@type":"WebSite","@id":"https:\/\/www.camping-lesedour.com\/en\/#website","url":"https:\/\/www.camping-lesedour.com\/en\/","name":"Camping le S\u00e9dour","description":"","potentialAction":[{"@type":"SearchAction","target":{"@type":"EntryPoint","urlTemplate":"https:\/\/www.camping-lesedour.com\/en\/?s={search_term_string}"},"query-input":{"@type":"PropertyValueSpecification","valueRequired":true,"valueName":"search_term_string"}}],"inLanguage":"en-US"}]}},"_links":{"self":[{"href":"https:\/\/www.camping-lesedour.com\/en\/wp-json\/wp\/v2\/pages\/5174"}],"collection":[{"href":"https:\/\/www.camping-lesedour.com\/en\/wp-json\/wp\/v2\/pages"}],"about":[{"href":"https:\/\/www.camping-lesedour.com\/en\/wp-json\/wp\/v2\/types\/page"}],"author":[{"embeddable":true,"href":"https:\/\/www.camping-lesedour.com\/en\/wp-json\/wp\/v2\/users\/8"}],"replies":[{"embeddable":true,"href":"https:\/\/www.camping-lesedour.com\/en\/wp-json\/wp\/v2\/comments?post=5174"}],"version-history":[{"count":2,"href":"https:\/\/www.camping-lesedour.com\/en\/wp-json\/wp\/v2\/pages\/5174\/revisions"}],"predecessor-version":[{"id":5186,"href":"https:\/\/www.camping-lesedour.com\/en\/wp-json\/wp\/v2\/pages\/5174\/revisions\/5186"}],"up":[{"embeddable":true,"href":"https:\/\/www.camping-lesedour.com\/en\/wp-json\/wp\/v2\/pages\/5124"}],"wp:featuredmedia":[{"embeddable":true,"href":"https:\/\/www.camping-lesedour.com\/en\/wp-json\/wp\/v2\/media\/2465"}],"wp:attachment":[{"href":"https:\/\/www.camping-lesedour.com\/en\/wp-json\/wp\/v2\/media?parent=5174"}],"curies":[{"name":"wp","href":"https:\/\/api.w.org\/{rel}","templated":true}]}}