{"id":5201,"date":"2023-06-22T14:32:39","date_gmt":"2023-06-22T12:32:39","guid":{"rendered":"https:\/\/www.camping-lesedour.com\/campsite-midi-pyrennees\/camping-foix\/"},"modified":"2023-06-27T15:47:25","modified_gmt":"2023-06-27T13:47:25","slug":"campsite-foix","status":"publish","type":"page","link":"https:\/\/www.camping-lesedour.com\/en\/campsite-midi-pyrennees\/campsite-foix\/","title":{"rendered":"Camping Foix"},"content":{"rendered":"<section id=\"section-6494332d309e5\"\" class=\"section bg-color3\" \/><div class=\"container\"><h1 class=\"element section-title center\">Campsite Foix<\/h1><\/div><\/section>\n\n<section id=\"section-6494332d30e47\"\" class=\"section bg-white\" \/><div class=\"container extralarge\"><div class=\"colonnes-wrap valign-top \"><div class=\"element colonne w-40 p-0\"><div class=\"element images\"><div class=\"image\"><img decoding=\"async\" src=\"https:\/\/www.camping-lesedour.com\/wp-content\/uploads\/2020\/09\/mobil-home-3ch-ariege-1-100x100.jpg\" data-src=\"https:\/\/www.camping-lesedour.com\/wp-content\/uploads\/2020\/09\/mobil-home-3ch-ariege-1.jpg\" alt=\"campsite foix\" class=\"images_image\" \/><\/div><\/div><\/div><div class=\"element colonne w-60 p-4\"><h2 class=\"element section-title justify\">Location of Foix in relation to the campsite<\/h2><div class=\"element bloc-text justify \">\n\t<p>The <a href=\"\/en\/\">campsite Le S\u00e9dour in Ari\u00e8ge<\/a> is a campsite open to families, groups of friends, couples, hikers and motorhome owners who wish to stay in Ari\u00e8ge. It is only a few minutes away from the town of Foix. Separated from the city by a distance of 16 km, this establishment is installed on a <strong>green valley<\/strong> in the commune of Surba, at the foot of the emblematic S\u00e9dour mountain in Tarascon in Ari\u00e8ge.<\/p>\n<p>Thanks to its privileged location, this campsite will be the ideal starting point to discover Foix and the <strong> treasures of the Ari\u00e8ge region<\/strong>. The Ari\u00e8ge, the <strong>Parc R\u00e9gional Naturel des Pyr\u00e9n\u00e9es Ari\u00e9geoises<\/strong> will become your playground throughout your vacations. For an off-season getaway to Foix or extended vacations in high season, Le S\u00e9dour campsite will be <strong>delighted to welcome you.<\/strong><\/p>\n<\/div><\/div><\/div><\/div><\/section>\n\n<section id=\"section-64943fecbf748\"\" class=\"section bg-color3\" \/><div class=\"container extralarge\"><div class=\"colonnes-wrap valign-top \"><div class=\"element colonne w-60 p-4\"><h2 class=\"element section-title justify\">Book your mobile home rental near Foix<\/h2><div class=\"element bloc-text justify \">\n\t<p>Holidaymakers will have the choice between renting mobile homes and fully equipped chalets. Some have two bedrooms, while others have up to three bedrooms to accommodate the whole family. The capacity is up to six beds. Each rental is equipped with TNT and Wifi but also with all the necessary utensils and equipment.<\/p>\n<p>The camping and caravanning pitches of the open-air hotel Le S\u00e9dour will delight fans of traditional camping. Spacious, shaded and equipped with electricity, they are intended for tents, igloo, camper and caravan.<\/p>\n<\/div><\/div><div class=\"element colonne w-40 p-0\"><div class=\"element images\"><div class=\"image\"><img decoding=\"async\" src=\"https:\/\/www.camping-lesedour.com\/wp-content\/uploads\/2020\/09\/terrasse-hotelier-ariege-100x100.jpg\" data-src=\"https:\/\/www.camping-lesedour.com\/wp-content\/uploads\/2020\/09\/terrasse-hotelier-ariege.jpg\" alt=\"rental campsite foix \" class=\"images_image\" \/><\/div><\/div><\/div><\/div><\/div><\/section>\n\n<section id=\"section-64943fecbf834\"\" class=\"section bg-white p-t-0 p-b-0\" \/><div class=\"container full\"><ul class=\"liste-de-page hebergements row\"><li class=\"hebergement hebergement--init hebergement--style-1  number-of-people-4 number-of-rooms-2\"><div class=\"hebergement_image\"><img decoding=\"async\" src=\"https:\/\/www.camping-lesedour.com\/wp-content\/uploads\/2020\/09\/camping-sedour-ohara.jpg\" data-src=\"https:\/\/www.camping-lesedour.com\/wp-content\/uploads\/2020\/09\/camping-sedour-ohara.jpg\" alt=\"\" class=\"\" \/><div class=\"hebergement_link\" id=\"3445\"><\/div><\/div><div class=\"hebergement_content\"><div class=\"hebergement_titre hebergement_titre decoration\">Mobile home O&#8217;HARA 865T<\/div><div class=\"hebergement-attributs\"><span class=\"attribut number-of-people\">4<i class=\"icon-chambres\"><\/i><\/span><span class=\"attribut number-of-rooms\">2<i class=\"icon-personnes\"><\/i><\/span><\/div><\/div><\/li><li class=\"hebergement hebergement--init hebergement--style-1  number-of-people-4 number-of-rooms-2\"><div class=\"hebergement_image\"><img decoding=\"async\" src=\"https:\/\/www.camping-lesedour.com\/wp-content\/uploads\/2020\/09\/camping-le-sedour-mh2.jpg\" data-src=\"https:\/\/www.camping-lesedour.com\/wp-content\/uploads\/2020\/09\/camping-le-sedour-mh2.jpg\" alt=\"\" class=\"\" \/><div class=\"hebergement_link\" id=\"3444\"><\/div><\/div><div class=\"hebergement_content\"><div class=\"hebergement_titre hebergement_titre decoration\">Mobile home 2 bedrooms<\/div><div class=\"hebergement-attributs\"><span class=\"attribut number-of-people\">4<i class=\"icon-chambres\"><\/i><\/span><span class=\"attribut number-of-rooms\">2<i class=\"icon-personnes\"><\/i><\/span><\/div><\/div><\/li><li class=\"hebergement hebergement--init hebergement--style-1  number-of-people-4 number-of-rooms-2\"><div class=\"hebergement_image\"><img decoding=\"async\" src=\"https:\/\/www.camping-lesedour.com\/wp-content\/uploads\/2020\/09\/camping-chalet-ariege.jpg\" data-src=\"https:\/\/www.camping-lesedour.com\/wp-content\/uploads\/2020\/09\/camping-chalet-ariege.jpg\" alt=\"camping chalet Ari\u00e8ge\" class=\"\" \/><div class=\"hebergement_link\" id=\"3443\"><\/div><\/div><div class=\"hebergement_content\"><div class=\"hebergement_titre hebergement_titre decoration\">Chalet 2 bedrooms<\/div><div class=\"hebergement-attributs\"><span class=\"attribut number-of-people\">4<i class=\"icon-chambres\"><\/i><\/span><span class=\"attribut number-of-rooms\">2<i class=\"icon-personnes\"><\/i><\/span><\/div><\/div><\/li><li class=\"hebergement hebergement--init hebergement--style-1  number-of-people-4 number-of-rooms-2\"><div class=\"hebergement_image\"><img decoding=\"async\" src=\"https:\/\/www.camping-lesedour.com\/wp-content\/uploads\/2020\/09\/cocosweet-ariege.jpg\" data-src=\"https:\/\/www.camping-lesedour.com\/wp-content\/uploads\/2020\/09\/cocosweet-ariege.jpg\" alt=\"cocosweet ariege\" class=\"\" \/><div class=\"hebergement_link\" id=\"3422\"><\/div><\/div><div class=\"hebergement_content\"><div class=\"hebergement_titre hebergement_titre decoration\">Cocosweet 2 bedrooms<\/div><div class=\"hebergement-attributs\"><span class=\"attribut number-of-people\">4<i class=\"icon-chambres\"><\/i><\/span><span class=\"attribut number-of-rooms\">2<i class=\"icon-personnes\"><\/i><\/span><\/div><\/div><\/li><li class=\"hebergement hebergement--init hebergement--style-1  number-of-people-2 number-of-rooms-1\"><div class=\"hebergement_image\"><img decoding=\"async\" src=\"https:\/\/www.camping-lesedour.com\/wp-content\/uploads\/2020\/09\/camping-sedour-cahita.jpg\" data-src=\"https:\/\/www.camping-lesedour.com\/wp-content\/uploads\/2020\/09\/camping-sedour-cahita.jpg\" alt=\"\" class=\"\" \/><div class=\"hebergement_link\" id=\"3414\"><\/div><\/div><div class=\"hebergement_content\"><div class=\"hebergement_titre hebergement_titre decoration\">Mobile home Cahita Riviera 1 bedroom<\/div><div class=\"hebergement-attributs\"><span class=\"attribut number-of-people\">2<i class=\"icon-chambres\"><\/i><\/span><span class=\"attribut number-of-rooms\">1<i class=\"icon-personnes\"><\/i><\/span><\/div><\/div><\/li><li class=\"hebergement hebergement--init hebergement--style-1  number-of-people-6 number-of-rooms-3\"><div class=\"hebergement_image\"><img decoding=\"async\" src=\"https:\/\/www.camping-lesedour.com\/wp-content\/uploads\/2020\/09\/camping-le-sedour-mh3.jpg\" data-src=\"https:\/\/www.camping-lesedour.com\/wp-content\/uploads\/2020\/09\/camping-le-sedour-mh3.jpg\" alt=\"\" class=\"\" \/><div class=\"hebergement_link\" id=\"3407\"><\/div><\/div><div class=\"hebergement_content\"><div class=\"hebergement_titre hebergement_titre decoration\">Mobile home 3 bedrooms<\/div><div class=\"hebergement-attributs\"><span class=\"attribut number-of-people\">6<i class=\"icon-chambres\"><\/i><\/span><span class=\"attribut number-of-rooms\">3<i class=\"icon-personnes\"><\/i><\/span><\/div><\/div><\/li><li class=\"hebergement hebergement--init hebergement--style-1  number-of-people-45 number-of-rooms-2\"><div class=\"hebergement_image\"><img decoding=\"async\" src=\"https:\/\/www.camping-lesedour.com\/wp-content\/uploads\/2020\/09\/mobil-home-keywest-ariege.jpg\" data-src=\"https:\/\/www.camping-lesedour.com\/wp-content\/uploads\/2020\/09\/mobil-home-keywest-ariege.jpg\" alt=\"mobil-home keywest ariege\" class=\"\" \/><div class=\"hebergement_link\" id=\"3398\"><\/div><\/div><div class=\"hebergement_content\"><div class=\"hebergement_titre hebergement_titre decoration\">Mobile home Keywest 2 bedrooms &#8211; 2 bathrooms<\/div><div class=\"hebergement-attributs\"><span class=\"attribut number-of-people\">4\/5<i class=\"icon-chambres\"><\/i><\/span><span class=\"attribut number-of-rooms\">2<i class=\"icon-personnes\"><\/i><\/span><\/div><\/div><\/li><li class=\"hebergement hebergement--init hebergement--style-1  number-of-people-4 number-of-rooms-2\"><div class=\"hebergement_image\"><img decoding=\"async\" src=\"https:\/\/www.camping-lesedour.com\/wp-content\/uploads\/2020\/09\/terrasse-hotelier-ariege.jpg\" data-src=\"https:\/\/www.camping-lesedour.com\/wp-content\/uploads\/2020\/09\/terrasse-hotelier-ariege.jpg\" alt=\"terrasse hotelier ariege\" class=\"\" \/><div class=\"hebergement_link\" id=\"3392\"><\/div><\/div><div class=\"hebergement_content\"><div class=\"hebergement_titre hebergement_titre decoration\">Mobile home Hotellier<\/div><div class=\"hebergement-attributs\"><span class=\"attribut number-of-people\">4<i class=\"icon-chambres\"><\/i><\/span><span class=\"attribut number-of-rooms\">2<i class=\"icon-personnes\"><\/i><\/span><\/div><\/div><\/li><li class=\"hebergement hebergement--init hebergement--style-1  number-of-people-4 number-of-rooms-2\"><div class=\"hebergement_image\"><img decoding=\"async\" src=\"https:\/\/www.camping-lesedour.com\/wp-content\/uploads\/2024\/10\/00001198578.webp\" data-src=\"https:\/\/www.camping-lesedour.com\/wp-content\/uploads\/2024\/10\/00001198578.webp\" alt=\"\" class=\"\" \/><div class=\"hebergement_link\" id=\"5707\"><\/div><\/div><div class=\"hebergement_content\"><div class=\"hebergement_titre hebergement_titre decoration\">Mobil-Home Comfort 31m2 Bord de Ruisseau<\/div><div class=\"hebergement-attributs\"><span class=\"attribut number-of-people\">4<i class=\"icon-chambres\"><\/i><\/span><span class=\"attribut number-of-rooms\">2<i class=\"icon-personnes\"><\/i><\/span><\/div><\/div><\/li><\/ul><\/div><\/section>\n\n<section id=\"section-64943fecbf9c7\"\" class=\"section bg-color3\" \/><div class=\"container extralarge\"><div class=\"colonnes-wrap valign-top \"><div class=\"element colonne w-60 p-4\"><h2 class=\"element section-title left\">Stay at camping le Sedour and visit Foix<\/h2><div class=\"element bloc-text justify \">\n\t<p>Open all year round, this family campsite offers you <strong>vacation rentals<\/strong> with all the necessary comfort as well as open-air pitches where you can camp and caravan as close to nature as possible.<\/p>\n<p>The tenants will of course have access to the various services of the campsite such as quality sanitary facilities, playgrounds, sports fields, bowling alleys, playrooms&#8230; You will of course be able to enjoy the Ariege mountains in all seasons since the camping Le S\u00e9dour is open all year round. Hiking, skiing, breathtaking panoramas, only good moments in perspective.<\/p>\n<\/div><\/div><div class=\"element colonne w-40 p-0\"><div class=\"element images\"><div class=\"image\"><img decoding=\"async\" src=\"https:\/\/www.camping-lesedour.com\/wp-content\/uploads\/2020\/09\/mobil-home-ohara-ariege-100x100.jpg\" data-src=\"https:\/\/www.camping-lesedour.com\/wp-content\/uploads\/2020\/09\/mobil-home-ohara-ariege.jpg\" alt=\"mobil home campsite foix\" class=\"images_image\" \/><\/div><\/div><\/div><\/div><\/div><\/section>\n\n<section id=\"section-64943fecbfb8c\"\" class=\"section bg-white\" \/><div class=\"container extralarge\"><div class=\"colonnes-wrap valign-top \"><div class=\"element colonne w-40 p-0\"><div class=\"element images\"><div class=\"image\"><img decoding=\"async\" src=\"https:\/\/www.camping-lesedour.com\/wp-content\/uploads\/2023\/06\/visiter-foix-100x100.jpg\" data-src=\"https:\/\/www.camping-lesedour.com\/wp-content\/uploads\/2023\/06\/visiter-foix.jpg\" alt=\"visit foix\" class=\"images_image\" \/><\/div><\/div><\/div><div class=\"element colonne w-60 p-4\"><h2 class=\"element section-title justify\">Foix, city of art and history<\/h2><div class=\"element bloc-text justify \">\n\t<p>La ville de Foix, principale ville d\u2019<a href=\"\/vacances-ariege\/\">Ari\u00e8ge<\/a> est une destination connue des <strong class=\"bold color1\">amoureux d\u2019art<\/strong> et d\u2019histoire mais aussi des visiteurs. Elle figure en effet parmi les incontournables de ce territoire et m\u00eame du <a href=\"\/camping-midi-pyrenees\/\">Midi-Pyr\u00e9n\u00e9es<\/a>. Rendue c\u00e9l\u00e8bre par le fameux <strong class=\"bold color1\">ch\u00e2teau de Foix<\/strong>, elle d\u00e9gage un charme certain avec son architecture typique, ses march\u00e9s pittoresques et ses vieilles ruelles. Elle est \u00e9galement appr\u00e9ci\u00e9e pour son <strong class=\"bold color1\">art de vivre<\/strong>.<\/p>\n<p>Mais ce n\u2019est pas tout, Foix est entour\u00e9 par des paysages de <strong class=\"bold color1\">verdure luxuriante<\/strong> et des <strong class=\"bold color1\">montagnes aux panoramas spectaculaires<\/strong>. \u00c9t\u00e9 comme hiver, elle permet de nombreux loisirs et d\u00e9couvertes, faisant ainsi le bonheur des visiteurs. Pour mieux profiter de vos vacances, rien n\u2019\u00e9gale les h\u00f4tels plein air. Le camping est en effet id\u00e9al pour rester pr\u00e8s de la nature et d\u00e9couvrir Foix pendant vos vacances.<\/p>\n<p>Pour des vacances en famille r\u00e9ussies et inoubliables, les campeurs devront opter pour un s\u00e9jour en camping dans un des diff\u00e9rents h\u00e9bergements de pleine nature disponibles. A savoir, un mobil-home grand confort pr\u00e8s de l&#8217;aire de jeux pour enfants, un bungalow ou un emplacement de camping verdoyant pour camping-cars, caravanes ou tente pour camper en toute tranquillit\u00e9 dans un cadre naturel.<\/p>\n<\/div><\/div><\/div><\/div><\/section>\n\n<section id=\"section-64943fecbfd40\"\" class=\"section bg-color3\" \/><div class=\"container extralarge\"><div class=\"colonnes-wrap valign-middle \"><div class=\"element colonne w-60 p-4\"><h2 class=\"element section-title justify\">What to do during your vacations in Foix ?<\/h2><div class=\"element bloc-text justify \">\n\t<p>From the campsite Le S\u00e9dour, there is no lack of <strong> activities and visits<\/strong>. You just have to travel the few kilometers that separate you from Foix to discover all the richness and beauty of this capital of the canton of Ari\u00e8ge.<\/p>\n<p>The <strong>visit of the Castle of Foix<\/strong> will be a must during your camping vacations in Ari\u00e8ge. This architectural jewel dates from the 7th century and symbolizes the history of the city.<\/p>\n<p>The guided or audio guided tour of this superb fortress will take you back in time. You will find inside the castle, a museum with collections of objects from all eras. You can&#8217;t miss the beautiful houses with their typical architecture, the narrow streets lined with pastries, bakeries, antique stores&#8230; Discover also the <strong>market square where you will find stores and stalls with art products, cheeses, honeys and many other local products.<\/strong><\/p>\n<p>The <strong>luxuriant landscapes<\/strong> surround the city of Foix on the upper Ari\u00e8ge valley. The mountains of the Pyrenees are also a few minutes away from the town. In summer, hiking and biking are practiced there. In winter, they become a paradise for beginner skiers. Whatever the season, you are sure to have a good vacation in Foix.<\/p>\n<\/div><\/div><div class=\"element colonne w-40 p-0\"><div class=\"element images\"><div class=\"image\"><img decoding=\"async\" src=\"https:\/\/www.camping-lesedour.com\/wp-content\/uploads\/2020\/09\/camping-foix-100x80.jpg\" data-src=\"https:\/\/www.camping-lesedour.com\/wp-content\/uploads\/2020\/09\/camping-foix.jpg\" alt=\"castel of foix\" class=\"images_image\" \/><\/div><\/div><\/div><\/div><\/div><\/section>","protected":false},"excerpt":{"rendered":"","protected":false},"author":8,"featured_media":2453,"parent":5124,"menu_order":0,"comment_status":"closed","ping_status":"closed","template":"","meta":{"_acf_changed":false,"footnotes":""},"class_list":["post-5201","page","type-page","status-publish","has-post-thumbnail","hentry"],"acf":[],"yoast_head":"<!-- This site is optimized with the Yoast SEO plugin v25.3 - https:\/\/yoast.com\/wordpress\/plugins\/seo\/ -->\n<title>Campsite Foix - Campsite caravanning in Foix, Ariege (09) - Holidays Foix<\/title>\n<meta name=\"description\" content=\"To know more about the city of Foix in Ari\u00e8ge\" \/>\n<meta name=\"robots\" content=\"index, follow, max-snippet:-1, max-image-preview:large, max-video-preview:-1\" \/>\n<link rel=\"canonical\" href=\"https:\/\/www.camping-lesedour.com\/en\/campsite-midi-pyrennees\/campsite-foix\/\" \/>\n<meta property=\"og:locale\" content=\"en_US\" \/>\n<meta property=\"og:type\" content=\"article\" \/>\n<meta property=\"og:title\" content=\"Campsite Foix - Campsite caravanning in Foix, Ariege (09) - Holidays Foix\" \/>\n<meta property=\"og:description\" content=\"To know more about the city of Foix in Ari\u00e8ge\" \/>\n<meta property=\"og:url\" content=\"https:\/\/www.camping-lesedour.com\/en\/campsite-midi-pyrennees\/campsite-foix\/\" \/>\n<meta property=\"og:site_name\" content=\"Camping le S\u00e9dour\" \/>\n<meta property=\"article:modified_time\" content=\"2023-06-27T13:47:25+00:00\" \/>\n<meta property=\"og:image\" content=\"https:\/\/www.camping-lesedour.com\/wp-content\/uploads\/2020\/09\/tourisme-foix.jpg\" \/>\n\t<meta property=\"og:image:width\" content=\"1903\" \/>\n\t<meta property=\"og:image:height\" content=\"550\" \/>\n\t<meta property=\"og:image:type\" content=\"image\/jpeg\" \/>\n<meta name=\"twitter:card\" content=\"summary_large_image\" \/>\n<script type=\"application\/ld+json\" class=\"yoast-schema-graph\">{\"@context\":\"https:\/\/schema.org\",\"@graph\":[{\"@type\":\"WebPage\",\"@id\":\"https:\/\/www.camping-lesedour.com\/en\/campsite-midi-pyrennees\/campsite-foix\/\",\"url\":\"https:\/\/www.camping-lesedour.com\/en\/campsite-midi-pyrennees\/campsite-foix\/\",\"name\":\"Campsite Foix - Campsite caravanning in Foix, Ariege (09) - Holidays Foix\",\"isPartOf\":{\"@id\":\"https:\/\/www.camping-lesedour.com\/en\/#website\"},\"primaryImageOfPage\":{\"@id\":\"https:\/\/www.camping-lesedour.com\/en\/campsite-midi-pyrennees\/campsite-foix\/#primaryimage\"},\"image\":{\"@id\":\"https:\/\/www.camping-lesedour.com\/en\/campsite-midi-pyrennees\/campsite-foix\/#primaryimage\"},\"thumbnailUrl\":\"https:\/\/www.camping-lesedour.com\/wp-content\/uploads\/2020\/09\/tourisme-foix.jpg\",\"datePublished\":\"2023-06-22T12:32:39+00:00\",\"dateModified\":\"2023-06-27T13:47:25+00:00\",\"description\":\"To know more about the city of Foix in Ari\u00e8ge\",\"breadcrumb\":{\"@id\":\"https:\/\/www.camping-lesedour.com\/en\/campsite-midi-pyrennees\/campsite-foix\/#breadcrumb\"},\"inLanguage\":\"en-US\",\"potentialAction\":[{\"@type\":\"ReadAction\",\"target\":[\"https:\/\/www.camping-lesedour.com\/en\/campsite-midi-pyrennees\/campsite-foix\/\"]}]},{\"@type\":\"ImageObject\",\"inLanguage\":\"en-US\",\"@id\":\"https:\/\/www.camping-lesedour.com\/en\/campsite-midi-pyrennees\/campsite-foix\/#primaryimage\",\"url\":\"https:\/\/www.camping-lesedour.com\/wp-content\/uploads\/2020\/09\/tourisme-foix.jpg\",\"contentUrl\":\"https:\/\/www.camping-lesedour.com\/wp-content\/uploads\/2020\/09\/tourisme-foix.jpg\",\"width\":1903,\"height\":550,\"caption\":\"tourisme foix\"},{\"@type\":\"BreadcrumbList\",\"@id\":\"https:\/\/www.camping-lesedour.com\/en\/campsite-midi-pyrennees\/campsite-foix\/#breadcrumb\",\"itemListElement\":[{\"@type\":\"ListItem\",\"position\":1,\"name\":\"Campsite Ariege\",\"item\":\"https:\/\/www.camping-lesedour.com\/en\/\"},{\"@type\":\"ListItem\",\"position\":2,\"name\":\"Campsite Midi Pyr\u00e9n\u00e9es\",\"item\":\"https:\/\/www.camping-lesedour.com\/en\/campsite-midi-pyrennees\/\"},{\"@type\":\"ListItem\",\"position\":3,\"name\":\"Campsite Foix\"}]},{\"@type\":\"WebSite\",\"@id\":\"https:\/\/www.camping-lesedour.com\/en\/#website\",\"url\":\"https:\/\/www.camping-lesedour.com\/en\/\",\"name\":\"Camping le S\u00e9dour\",\"description\":\"\",\"potentialAction\":[{\"@type\":\"SearchAction\",\"target\":{\"@type\":\"EntryPoint\",\"urlTemplate\":\"https:\/\/www.camping-lesedour.com\/en\/?s={search_term_string}\"},\"query-input\":{\"@type\":\"PropertyValueSpecification\",\"valueRequired\":true,\"valueName\":\"search_term_string\"}}],\"inLanguage\":\"en-US\"}]}<\/script>\n<!-- \/ Yoast SEO plugin. -->","yoast_head_json":{"title":"Campsite Foix - Campsite caravanning in Foix, Ariege (09) - Holidays Foix","description":"To know more about the city of Foix in Ari\u00e8ge","robots":{"index":"index","follow":"follow","max-snippet":"max-snippet:-1","max-image-preview":"max-image-preview:large","max-video-preview":"max-video-preview:-1"},"canonical":"https:\/\/www.camping-lesedour.com\/en\/campsite-midi-pyrennees\/campsite-foix\/","og_locale":"en_US","og_type":"article","og_title":"Campsite Foix - Campsite caravanning in Foix, Ariege (09) - Holidays Foix","og_description":"To know more about the city of Foix in Ari\u00e8ge","og_url":"https:\/\/www.camping-lesedour.com\/en\/campsite-midi-pyrennees\/campsite-foix\/","og_site_name":"Camping le S\u00e9dour","article_modified_time":"2023-06-27T13:47:25+00:00","og_image":[{"width":1903,"height":550,"url":"https:\/\/www.camping-lesedour.com\/wp-content\/uploads\/2020\/09\/tourisme-foix.jpg","type":"image\/jpeg"}],"twitter_card":"summary_large_image","schema":{"@context":"https:\/\/schema.org","@graph":[{"@type":"WebPage","@id":"https:\/\/www.camping-lesedour.com\/en\/campsite-midi-pyrennees\/campsite-foix\/","url":"https:\/\/www.camping-lesedour.com\/en\/campsite-midi-pyrennees\/campsite-foix\/","name":"Campsite Foix - Campsite caravanning in Foix, Ariege (09) - Holidays Foix","isPartOf":{"@id":"https:\/\/www.camping-lesedour.com\/en\/#website"},"primaryImageOfPage":{"@id":"https:\/\/www.camping-lesedour.com\/en\/campsite-midi-pyrennees\/campsite-foix\/#primaryimage"},"image":{"@id":"https:\/\/www.camping-lesedour.com\/en\/campsite-midi-pyrennees\/campsite-foix\/#primaryimage"},"thumbnailUrl":"https:\/\/www.camping-lesedour.com\/wp-content\/uploads\/2020\/09\/tourisme-foix.jpg","datePublished":"2023-06-22T12:32:39+00:00","dateModified":"2023-06-27T13:47:25+00:00","description":"To know more about the city of Foix in Ari\u00e8ge","breadcrumb":{"@id":"https:\/\/www.camping-lesedour.com\/en\/campsite-midi-pyrennees\/campsite-foix\/#breadcrumb"},"inLanguage":"en-US","potentialAction":[{"@type":"ReadAction","target":["https:\/\/www.camping-lesedour.com\/en\/campsite-midi-pyrennees\/campsite-foix\/"]}]},{"@type":"ImageObject","inLanguage":"en-US","@id":"https:\/\/www.camping-lesedour.com\/en\/campsite-midi-pyrennees\/campsite-foix\/#primaryimage","url":"https:\/\/www.camping-lesedour.com\/wp-content\/uploads\/2020\/09\/tourisme-foix.jpg","contentUrl":"https:\/\/www.camping-lesedour.com\/wp-content\/uploads\/2020\/09\/tourisme-foix.jpg","width":1903,"height":550,"caption":"tourisme foix"},{"@type":"BreadcrumbList","@id":"https:\/\/www.camping-lesedour.com\/en\/campsite-midi-pyrennees\/campsite-foix\/#breadcrumb","itemListElement":[{"@type":"ListItem","position":1,"name":"Campsite Ariege","item":"https:\/\/www.camping-lesedour.com\/en\/"},{"@type":"ListItem","position":2,"name":"Campsite Midi Pyr\u00e9n\u00e9es","item":"https:\/\/www.camping-lesedour.com\/en\/campsite-midi-pyrennees\/"},{"@type":"ListItem","position":3,"name":"Campsite Foix"}]},{"@type":"WebSite","@id":"https:\/\/www.camping-lesedour.com\/en\/#website","url":"https:\/\/www.camping-lesedour.com\/en\/","name":"Camping le S\u00e9dour","description":"","potentialAction":[{"@type":"SearchAction","target":{"@type":"EntryPoint","urlTemplate":"https:\/\/www.camping-lesedour.com\/en\/?s={search_term_string}"},"query-input":{"@type":"PropertyValueSpecification","valueRequired":true,"valueName":"search_term_string"}}],"inLanguage":"en-US"}]}},"_links":{"self":[{"href":"https:\/\/www.camping-lesedour.com\/en\/wp-json\/wp\/v2\/pages\/5201"}],"collection":[{"href":"https:\/\/www.camping-lesedour.com\/en\/wp-json\/wp\/v2\/pages"}],"about":[{"href":"https:\/\/www.camping-lesedour.com\/en\/wp-json\/wp\/v2\/types\/page"}],"author":[{"embeddable":true,"href":"https:\/\/www.camping-lesedour.com\/en\/wp-json\/wp\/v2\/users\/8"}],"replies":[{"embeddable":true,"href":"https:\/\/www.camping-lesedour.com\/en\/wp-json\/wp\/v2\/comments?post=5201"}],"version-history":[{"count":2,"href":"https:\/\/www.camping-lesedour.com\/en\/wp-json\/wp\/v2\/pages\/5201\/revisions"}],"predecessor-version":[{"id":5210,"href":"https:\/\/www.camping-lesedour.com\/en\/wp-json\/wp\/v2\/pages\/5201\/revisions\/5210"}],"up":[{"embeddable":true,"href":"https:\/\/www.camping-lesedour.com\/en\/wp-json\/wp\/v2\/pages\/5124"}],"wp:featuredmedia":[{"embeddable":true,"href":"https:\/\/www.camping-lesedour.com\/en\/wp-json\/wp\/v2\/media\/2453"}],"wp:attachment":[{"href":"https:\/\/www.camping-lesedour.com\/en\/wp-json\/wp\/v2\/media?parent=5201"}],"curies":[{"name":"wp","href":"https:\/\/api.w.org\/{rel}","templated":true}]}}