{"id":30,"date":"2015-11-30T08:37:00","date_gmt":"2015-11-30T07:37:00","guid":{"rendered":"https:\/\/www.camping-lesedour.com\/camping-pas-cher-ariege\/?lang=nl"},"modified":"2024-01-11T15:45:41","modified_gmt":"2024-01-11T14:45:41","slug":"camping-ariege-tarieven","status":"publish","type":"page","link":"https:\/\/www.camping-lesedour.com\/nl\/camping-ariege-tarieven\/","title":{"rendered":"De tarieven van camping le s\u00e9dour te Surba dichtbij Tarascon sur Ari\u00e8ge, in de midi-pyr\u00e9n\u00e9es"},"content":{"rendered":"<section id=\"section-5f6b51e6d8b51\"\" class=\"section bg-color3\" \/><div class=\"container\"><h1 class=\"element section-title center\">Goedkope camping Ariege <\/h1><div class=\"element bloc-text center \">\n\t<p>Heeft u een klein budget voor uw vakantie? Verblijf goedkoop in de Ari\u00e8ge bij <a href=\"\/nl\/\">camping Le S\u00e9dour<\/a>.<\/p>\n<\/div><\/div><\/section>\n\n<section id=\"section-5f6b51e6d8ffe\"\" class=\"section bg-white p-t-0\" \/><div class=\"container extralarge\"><div class=\"colonnes-wrap valign-top \"><div class=\"element colonne p-0 w-70\"><div class=\"element bloc-text justify \">\n\t<p><script>\n    window.ctoutvert = {\n        id: 735,\n        lang: 'nl',\n        url: 'https:\/\/bookingpremium.secureholiday.net\/widgets\/', \n    };\n    (function (w, d, s, ctv, r, js, fjs) {\n        r=new XMLHttpRequest();r.open('GET',w[ctv].url+'js\/src.json');\n        r.responseType='json';r.json=true;r.send();\n        r.onload=function(){w[ctv].src=r.responseType=='json'?r.response:JSON.parse(r.response);\n        js.src=w[ctv].src[0];fjs.parentNode.insertBefore(js, fjs);}\n        js=d.createElement(s),fjs=d.getElementsByTagName(s)[0];\n        js.id='ctvwidget';js.async=1;\n    }(window, document, 'script', 'ctoutvert'));\n<\/script><br \/>\n<ctv-availability data-full='true' ><\/ctv-availability><\/p>\n<\/div><\/div><div class=\"element colonne p-0 w-30\"><div class=\"element bloc-text justify \">\n\t<p><ctv-offers data-only-with-stock='false' ><\/ctv-offers><\/p>\n<\/div><\/div><\/div><\/div><\/section>\n\n<section id=\"section-5f6b51e6d970e\"\" class=\"section bg-color3\" \/><div class=\"container full\"><div class=\"colonnes-wrap valign-middle \"><div class=\"element colonne w-60 p-0\"><div class=\"element images\"><div class=\"image\"><img decoding=\"async\" src=\"https:\/\/www.camping-lesedour.com\/wp-content\/uploads\/2024\/01\/camping-le-sedour-ariege-100x80.jpg\" data-src=\"https:\/\/www.camping-lesedour.com\/wp-content\/uploads\/2024\/01\/camping-le-sedour-ariege.jpg\" alt=\"emplacement acsi\" class=\"images_image\" \/><\/div><div class=\"image\"><img decoding=\"async\" src=\"https:\/\/www.camping-lesedour.com\/wp-content\/uploads\/2020\/09\/acsi-emplacement-ariege-100x70.jpg\" data-src=\"https:\/\/www.camping-lesedour.com\/wp-content\/uploads\/2020\/09\/acsi-emplacement-ariege.jpg\" alt=\"acsi emplacement ariege\" class=\"images_image\" \/><\/div><\/div><div class=\"element images\"><div class=\"image\"><img decoding=\"async\" src=\"https:\/\/www.camping-lesedour.com\/wp-content\/uploads\/2020\/09\/acsi-ariege-100x70.jpg\" data-src=\"https:\/\/www.camping-lesedour.com\/wp-content\/uploads\/2020\/09\/acsi-ariege.jpg\" alt=\"acsi ariege\" class=\"images_image\" \/><\/div><div class=\"image\"><img decoding=\"async\" src=\"https:\/\/www.camping-lesedour.com\/wp-content\/uploads\/2024\/01\/camping-sedour-ouvert-100x80.jpg\" data-src=\"https:\/\/www.camping-lesedour.com\/wp-content\/uploads\/2024\/01\/camping-sedour-ouvert.jpg\" alt=\"allee camping ariege\" class=\"images_image\" \/><\/div><\/div><\/div><div class=\"element colonne p-8 w-40\"><h2 class=\"element section-title justify m-t-6\">Huur een goedkope kampeerplaats<\/h2><div class=\"element bloc-text justify \">\n\t<p>Camping Le S\u00e9dour heeft caravaningplaatsen die aangepast zijn aan de verschillende profielen van <strong class=\"bold color1\">vacationisten en reizigers<\/strong> : kleine percelen Natuur of Groot Comfort plaatsen, <strong class=\"bold color1\">alle behoeften zijn vervuld !<\/strong><\/p>\n<p>Er worden dus aan elke begroting aangepaste pakketten voorgesteld. Zeer zuinig, het motorpakket en het trekkerspakket zijn voor alleenstaanden die met de motor, te voet of op de fiets komen.<\/p>\n<p>Buiten juli-augustus, net als in het hoogseizoen, kunnen <strong class=\"bold color1\">zeer goede deals<\/strong> worden gemaakt door bijvoorbeeld te profiteren van de promoties die we hebben opgezet ter gelegenheid van de cyclosportwedstrijd L&#8217;Ari\u00e9geoise eind juni.<\/p>\n<p>Van begin september tot begin juli kunt u met de ACSI-, BEST DEAL- of FFCC-kaarten op een comfortplaats met elektriciteit verblijven voor 14 euro per nacht.<\/p>\n<\/div><\/div><\/div><\/div><\/section>\n\n<section id=\"section-duplicate\"\" class=\"section bg-white p-t-0\" \/><div class=\"container extralarge\"><div class=\"colonnes-wrap valign-top \"><div class=\"element colonne w-60 p-4\"><h2 class=\"element section-title justify\">Verhuur van stacaravans tegen een lage prijs<\/h2><div class=\"element bloc-text justify \">\n\t<p>De goedkope stacaravans op camping Le S\u00e9dour bieden u al het comfort dat u nodig heeft. U kunt kiezen uit huureenheden van 31 tot 35 m\u00b2, uitgerust met keukengerei, TNT en sanitair. Stacaravans voor 2, of 4, of 4\/5 of 6 personen staan tot uw beschikking voor een <strong class=\"bold color1\">comfortabel verblijf<\/strong> tegen miniprijzen voor koppels, families of groepen. U kunt ook kiezen voor 5-persoons chalets of Coco Sweet stacaravans zonder sanitair.<\/p>\n<p>Voor uw volgende vakantie in Occitani\u00eb, stellen wij u voor om <strong class=\"bold color1\">veel voordelige aanbiedingen<\/strong>. Vanaf begin juli tot begin september kunt u met de Vroegboekkorting verblijven in een stacaravan of in een van onze bijzondere Coco Sweet stacaravans met een korting van 5 of 10% op het weekpakket. De prijs per nacht geeft u de mogelijkheid om <strong class=\"bold color1\">te reserveren voor korte verblijven<\/strong> tegen een minimumprijs. In juli en augustus zijn korte verblijven met aankomst en vertrek op woensdag of zaterdag ook mogelijk. <\/p>\n<\/div><\/div><div class=\"element colonne w-40 p-0\"><div class=\"element images\"><div class=\"image\"><img decoding=\"async\" src=\"https:\/\/www.camping-lesedour.com\/wp-content\/uploads\/2020\/09\/camping-proprietaire-ariege-78x100.jpg\" data-src=\"https:\/\/www.camping-lesedour.com\/wp-content\/uploads\/2020\/09\/camping-proprietaire-ariege.jpg\" alt=\"camping mobil-home ariege\" class=\"images_image\" \/><\/div><\/div><\/div><\/div><\/div><\/section>\n\n<section id=\"section-cta-bas-page\"\" class=\"section bg-color3\" \/><div class=\"container extralarge\"><div class=\"element section-title center titre-cta\">Huur uw stacaravan of standplaats op de camping<\/div><ul class=\"liste-de-page\"><li class=\"element call-to-action center titre-cta call-to-action--style-1 call-to-action--normal\"><a href=\"https:\/\/www.camping-lesedour.com\/nl\/kampeerplaatsen-camping-tarascon-ariege\/\"  class=\"call-to-action_link\" title=\"Meer informatie over de standplaatsen\"><div class=\"call-to-action_image\"><img decoding=\"async\" src=\"https:\/\/www.camping-lesedour.com\/wp-content\/uploads\/2020\/09\/camping-caravaning-ariege-100x80.jpg\" data-src=\"https:\/\/www.camping-lesedour.com\/wp-content\/uploads\/2020\/09\/camping-caravaning-ariege.jpg\" alt=\"camping caravaning ariege\" class=\"normal\" \/><\/div><div class=\"call-to-action_contenu\"><div class=\"call-to-action_titre\">De standplaatsen<\/div><div class=\"call-to-action_texte\">Om er meer over te weten<\/div><\/div><\/a><\/li><li class=\"element call-to-action  call-to-action--style-1 call-to-action--normal\"><a href=\"https:\/\/www.camping-lesedour.com\/nl\/verhuur-mobil-home-ariege\/\"  class=\"call-to-action_link\" title=\"Meer informatie over stacaravans\"><div class=\"call-to-action_image\"><img decoding=\"async\" src=\"https:\/\/www.camping-lesedour.com\/wp-content\/uploads\/2024\/01\/camping-le-sedour-ariege-100x80.jpg\" data-src=\"https:\/\/www.camping-lesedour.com\/wp-content\/uploads\/2024\/01\/camping-le-sedour-ariege.jpg\" alt=\"\" class=\"normal\" \/><\/div><div class=\"call-to-action_contenu\"><div class=\"call-to-action_titre\">Stacaravans<\/div><div class=\"call-to-action_texte\">Om er meer over te weten<\/div><\/div><\/a><\/li><li class=\"element call-to-action  call-to-action--style-1 call-to-action--normal\"><a href=\"https:\/\/www.camping-lesedour.com\/nl\/wordt-eigenaar-mobil-home-ariege\/\"  class=\"call-to-action_link\" title=\"Meer informatie over huiseigenaar worden\"><div class=\"call-to-action_image\"><img decoding=\"async\" src=\"https:\/\/www.camping-lesedour.com\/wp-content\/uploads\/2024\/01\/camping-sedour-devenez-100x80.jpg\" data-src=\"https:\/\/www.camping-lesedour.com\/wp-content\/uploads\/2024\/01\/camping-sedour-devenez.jpg\" alt=\"camping-sedour-devenez\" class=\"normal\" \/><\/div><div class=\"call-to-action_contenu\"><div class=\"call-to-action_titre\">Huiseigenaar worden<\/div><div class=\"call-to-action_texte\">Om er meer over te weten<\/div><\/div><\/a><\/li><\/ul><\/div><\/section>","protected":false},"excerpt":{"rendered":"","protected":false},"author":1,"featured_media":5428,"parent":0,"menu_order":0,"comment_status":"closed","ping_status":"closed","template":"","meta":{"_acf_changed":false,"footnotes":""},"class_list":["post-30","page","type-page","status-publish","has-post-thumbnail","hentry"],"acf":[],"yoast_head":"<!-- This site is optimized with the Yoast SEO plugin v25.3 - https:\/\/yoast.com\/wordpress\/plugins\/seo\/ -->\n<title>Camping Ariege goedkoop - Lage prijs vakantiewoning - Camping korting<\/title>\n<meta name=\"description\" content=\"Meer informatie over onze goedkope camping in Ari\u00e8ge: stacaravans op comfortabele locaties in Ari\u00e8ge!\" \/>\n<meta name=\"robots\" content=\"index, follow, max-snippet:-1, max-image-preview:large, max-video-preview:-1\" \/>\n<link rel=\"canonical\" href=\"https:\/\/www.camping-lesedour.com\/nl\/camping-ariege-tarieven\/\" \/>\n<meta property=\"og:locale\" content=\"nl_NL\" \/>\n<meta property=\"og:type\" content=\"article\" \/>\n<meta property=\"og:title\" content=\"Camping Ariege goedkoop - Lage prijs vakantiewoning - Camping korting\" \/>\n<meta property=\"og:description\" content=\"Meer informatie over onze goedkope camping in Ari\u00e8ge: stacaravans op comfortabele locaties in Ari\u00e8ge!\" \/>\n<meta property=\"og:url\" content=\"https:\/\/www.camping-lesedour.com\/nl\/camping-ariege-tarieven\/\" \/>\n<meta property=\"og:site_name\" content=\"Camping le S\u00e9dour\" \/>\n<meta property=\"article:modified_time\" content=\"2024-01-11T14:45:41+00:00\" \/>\n<meta property=\"og:image\" content=\"https:\/\/www.camping-lesedour.com\/wp-content\/uploads\/2024\/01\/camping-le-sedour-contact.jpg\" \/>\n\t<meta property=\"og:image:width\" content=\"1903\" \/>\n\t<meta property=\"og:image:height\" content=\"550\" \/>\n\t<meta property=\"og:image:type\" content=\"image\/jpeg\" \/>\n<meta name=\"twitter:card\" content=\"summary_large_image\" \/>\n<script type=\"application\/ld+json\" class=\"yoast-schema-graph\">{\"@context\":\"https:\/\/schema.org\",\"@graph\":[{\"@type\":\"WebPage\",\"@id\":\"https:\/\/www.camping-lesedour.com\/nl\/camping-ariege-tarieven\/\",\"url\":\"https:\/\/www.camping-lesedour.com\/nl\/camping-ariege-tarieven\/\",\"name\":\"Camping Ariege goedkoop - Lage prijs vakantiewoning - Camping korting\",\"isPartOf\":{\"@id\":\"https:\/\/www.camping-lesedour.com\/nl\/#website\"},\"primaryImageOfPage\":{\"@id\":\"https:\/\/www.camping-lesedour.com\/nl\/camping-ariege-tarieven\/#primaryimage\"},\"image\":{\"@id\":\"https:\/\/www.camping-lesedour.com\/nl\/camping-ariege-tarieven\/#primaryimage\"},\"thumbnailUrl\":\"https:\/\/www.camping-lesedour.com\/wp-content\/uploads\/2024\/01\/camping-le-sedour-contact.jpg\",\"datePublished\":\"2015-11-30T07:37:00+00:00\",\"dateModified\":\"2024-01-11T14:45:41+00:00\",\"description\":\"Meer informatie over onze goedkope camping in Ari\u00e8ge: stacaravans op comfortabele locaties in Ari\u00e8ge!\",\"breadcrumb\":{\"@id\":\"https:\/\/www.camping-lesedour.com\/nl\/camping-ariege-tarieven\/#breadcrumb\"},\"inLanguage\":\"nl-NL\",\"potentialAction\":[{\"@type\":\"ReadAction\",\"target\":[\"https:\/\/www.camping-lesedour.com\/nl\/camping-ariege-tarieven\/\"]}]},{\"@type\":\"ImageObject\",\"inLanguage\":\"nl-NL\",\"@id\":\"https:\/\/www.camping-lesedour.com\/nl\/camping-ariege-tarieven\/#primaryimage\",\"url\":\"https:\/\/www.camping-lesedour.com\/wp-content\/uploads\/2024\/01\/camping-le-sedour-contact.jpg\",\"contentUrl\":\"https:\/\/www.camping-lesedour.com\/wp-content\/uploads\/2024\/01\/camping-le-sedour-contact.jpg\",\"width\":1903,\"height\":550},{\"@type\":\"BreadcrumbList\",\"@id\":\"https:\/\/www.camping-lesedour.com\/nl\/camping-ariege-tarieven\/#breadcrumb\",\"itemListElement\":[{\"@type\":\"ListItem\",\"position\":1,\"name\":\"Kamperen Ariege\",\"item\":\"https:\/\/www.camping-lesedour.com\/nl\/\"},{\"@type\":\"ListItem\",\"position\":2,\"name\":\"Reservering\"}]},{\"@type\":\"WebSite\",\"@id\":\"https:\/\/www.camping-lesedour.com\/nl\/#website\",\"url\":\"https:\/\/www.camping-lesedour.com\/nl\/\",\"name\":\"Camping le S\u00e9dour\",\"description\":\"\",\"potentialAction\":[{\"@type\":\"SearchAction\",\"target\":{\"@type\":\"EntryPoint\",\"urlTemplate\":\"https:\/\/www.camping-lesedour.com\/nl\/?s={search_term_string}\"},\"query-input\":{\"@type\":\"PropertyValueSpecification\",\"valueRequired\":true,\"valueName\":\"search_term_string\"}}],\"inLanguage\":\"nl-NL\"}]}<\/script>\n<!-- \/ Yoast SEO plugin. -->","yoast_head_json":{"title":"Camping Ariege goedkoop - Lage prijs vakantiewoning - Camping korting","description":"Meer informatie over onze goedkope camping in Ari\u00e8ge: stacaravans op comfortabele locaties in Ari\u00e8ge!","robots":{"index":"index","follow":"follow","max-snippet":"max-snippet:-1","max-image-preview":"max-image-preview:large","max-video-preview":"max-video-preview:-1"},"canonical":"https:\/\/www.camping-lesedour.com\/nl\/camping-ariege-tarieven\/","og_locale":"nl_NL","og_type":"article","og_title":"Camping Ariege goedkoop - Lage prijs vakantiewoning - Camping korting","og_description":"Meer informatie over onze goedkope camping in Ari\u00e8ge: stacaravans op comfortabele locaties in Ari\u00e8ge!","og_url":"https:\/\/www.camping-lesedour.com\/nl\/camping-ariege-tarieven\/","og_site_name":"Camping le S\u00e9dour","article_modified_time":"2024-01-11T14:45:41+00:00","og_image":[{"width":1903,"height":550,"url":"https:\/\/www.camping-lesedour.com\/wp-content\/uploads\/2024\/01\/camping-le-sedour-contact.jpg","type":"image\/jpeg"}],"twitter_card":"summary_large_image","schema":{"@context":"https:\/\/schema.org","@graph":[{"@type":"WebPage","@id":"https:\/\/www.camping-lesedour.com\/nl\/camping-ariege-tarieven\/","url":"https:\/\/www.camping-lesedour.com\/nl\/camping-ariege-tarieven\/","name":"Camping Ariege goedkoop - Lage prijs vakantiewoning - Camping korting","isPartOf":{"@id":"https:\/\/www.camping-lesedour.com\/nl\/#website"},"primaryImageOfPage":{"@id":"https:\/\/www.camping-lesedour.com\/nl\/camping-ariege-tarieven\/#primaryimage"},"image":{"@id":"https:\/\/www.camping-lesedour.com\/nl\/camping-ariege-tarieven\/#primaryimage"},"thumbnailUrl":"https:\/\/www.camping-lesedour.com\/wp-content\/uploads\/2024\/01\/camping-le-sedour-contact.jpg","datePublished":"2015-11-30T07:37:00+00:00","dateModified":"2024-01-11T14:45:41+00:00","description":"Meer informatie over onze goedkope camping in Ari\u00e8ge: stacaravans op comfortabele locaties in Ari\u00e8ge!","breadcrumb":{"@id":"https:\/\/www.camping-lesedour.com\/nl\/camping-ariege-tarieven\/#breadcrumb"},"inLanguage":"nl-NL","potentialAction":[{"@type":"ReadAction","target":["https:\/\/www.camping-lesedour.com\/nl\/camping-ariege-tarieven\/"]}]},{"@type":"ImageObject","inLanguage":"nl-NL","@id":"https:\/\/www.camping-lesedour.com\/nl\/camping-ariege-tarieven\/#primaryimage","url":"https:\/\/www.camping-lesedour.com\/wp-content\/uploads\/2024\/01\/camping-le-sedour-contact.jpg","contentUrl":"https:\/\/www.camping-lesedour.com\/wp-content\/uploads\/2024\/01\/camping-le-sedour-contact.jpg","width":1903,"height":550},{"@type":"BreadcrumbList","@id":"https:\/\/www.camping-lesedour.com\/nl\/camping-ariege-tarieven\/#breadcrumb","itemListElement":[{"@type":"ListItem","position":1,"name":"Kamperen Ariege","item":"https:\/\/www.camping-lesedour.com\/nl\/"},{"@type":"ListItem","position":2,"name":"Reservering"}]},{"@type":"WebSite","@id":"https:\/\/www.camping-lesedour.com\/nl\/#website","url":"https:\/\/www.camping-lesedour.com\/nl\/","name":"Camping le S\u00e9dour","description":"","potentialAction":[{"@type":"SearchAction","target":{"@type":"EntryPoint","urlTemplate":"https:\/\/www.camping-lesedour.com\/nl\/?s={search_term_string}"},"query-input":{"@type":"PropertyValueSpecification","valueRequired":true,"valueName":"search_term_string"}}],"inLanguage":"nl-NL"}]}},"_links":{"self":[{"href":"https:\/\/www.camping-lesedour.com\/nl\/wp-json\/wp\/v2\/pages\/30"}],"collection":[{"href":"https:\/\/www.camping-lesedour.com\/nl\/wp-json\/wp\/v2\/pages"}],"about":[{"href":"https:\/\/www.camping-lesedour.com\/nl\/wp-json\/wp\/v2\/types\/page"}],"author":[{"embeddable":true,"href":"https:\/\/www.camping-lesedour.com\/nl\/wp-json\/wp\/v2\/users\/1"}],"replies":[{"embeddable":true,"href":"https:\/\/www.camping-lesedour.com\/nl\/wp-json\/wp\/v2\/comments?post=30"}],"version-history":[{"count":10,"href":"https:\/\/www.camping-lesedour.com\/nl\/wp-json\/wp\/v2\/pages\/30\/revisions"}],"predecessor-version":[{"id":5551,"href":"https:\/\/www.camping-lesedour.com\/nl\/wp-json\/wp\/v2\/pages\/30\/revisions\/5551"}],"wp:featuredmedia":[{"embeddable":true,"href":"https:\/\/www.camping-lesedour.com\/nl\/wp-json\/wp\/v2\/media\/5428"}],"wp:attachment":[{"href":"https:\/\/www.camping-lesedour.com\/nl\/wp-json\/wp\/v2\/media?parent=30"}],"curies":[{"name":"wp","href":"https:\/\/api.w.org\/{rel}","templated":true}]}}