{"id":305,"date":"2015-11-27T13:49:13","date_gmt":"2015-11-27T12:49:13","guid":{"rendered":"https:\/\/www.camping-lesedour.com\/nl\/accueil\/"},"modified":"2025-06-12T14:07:46","modified_gmt":"2025-06-12T12:07:46","slug":"startpag","status":"publish","type":"page","link":"https:\/\/www.camping-lesedour.com\/nl\/","title":{"rendered":"Startpag"},"content":{"rendered":"<section id=\"section-5f5649fddce0c\"\" class=\"section first-home bg-color3 p-t-0\" \/><div class=\"container extralarge\"><div class=\"colonnes-wrap valign-middle \"><div class=\"element colonne w-60 p-4\"><h1 class=\"element section-title center\">Camping Tarascon sur Ariege <span>in Occitani\u00eb<\/span><\/h1><div class=\"element bloc-text center \">\n\t<p>In het hart van een groene omgeving, aan de voet van de berg S\u00e9dour in de buurt van Tarascon sur Ari\u00e8ge, verwelkomt de camping &#8220;Le S\u00e9dour&#8221; alle natuurliefhebbers.<\/p>\n<p>De camping heeft een totale oppervlakte van 1,3 hectare, met 80 beschikbare staanplaatsen en 22 huuraccommodaties. De camping verwelkomt u in een <strong class=\"bold color1\">authentieke omgeving<\/strong>, <strong class=\"bold color1\">calm<\/strong> en <strong class=\"bold color1\">vreugdevol<\/strong> om u een frisse wind te laten waaien en de verandering van omgeving te bieden die zo gewild is bij de vakantiegangers in de Ari\u00e8ge in Occitani\u00eb. We hebben <strong class=\"bold color1\">geen zwembad<\/strong>, <strong class=\"bold color1\">geen animaties<\/strong> zodat u zoveel mogelijk kunt profiteren <strong class=\"bold color1\">van de rust<\/strong> en de natuurlijke omgeving van onze camping.<\/p>\n<p>In een verfrissende en rustgevende omgeving op elk moment van het jaar tijdens uw verblijf in de Ari\u00e8ge, vlakbij de grotten van Niaux en Lombrives, in de <strong class=\"bold color1\">het hart van het regionale natuurpark van de Pyrenee\u00ebn<\/strong>.<\/p>\n<p>De inrichting en het comfort van onze vakantiewoningen en onze kampeer- en caravaningstandplaatsen zullen aan al uw wensen voldoen <strong class=\"bold color1\">allemaal uw wensen<\/strong>. De bevoorrechte ligging van de camping stelt u ook in staat om de <strong class=\"bold color1\">trekjes van de regio<\/strong> met gemak te ontdekken.<\/p>\n<\/div><\/div><div class=\"element colonne w-40 bg-color2\"><div class=\"element bloc-text center citation\">\n\t<p><strong>Ideale tussenstop<\/strong> voor de adepten van <span> kalmte<\/span>, <span>natuur<\/span> en <strong>ontdekt in de Ari\u00e8ge.<\/strong><\/p>\n<\/div><\/div><\/div><\/div><\/section>\n\n<section id=\"section-5f5649fddd4cc\"\" class=\"section second-home bg-white p-t-0 p-b-0\" \/><div class=\"container full\"><div class=\"colonnes-wrap valign-middle \"><div class=\"element colonne w-60 p-0\"><ul class=\"liste-de-page\"><li class=\"element call-to-action w-60 p-0 call-to-action--style-1 call-to-action--big\"><a href=\"https:\/\/www.camping-lesedour.com\/nl\/camping-ariege-tarieven\/\"  class=\"call-to-action_link\" title=\"Meer informatie over tarieven\"><div class=\"call-to-action_image\"><img decoding=\"async\" src=\"https:\/\/www.camping-lesedour.com\/wp-content\/uploads\/2020\/09\/tarifs-ariege-100x80.jpg\" data-src=\"https:\/\/www.camping-lesedour.com\/wp-content\/uploads\/2020\/09\/tarifs-ariege.jpg\" alt=\"tarifs ariege\" class=\"big\" \/><\/div><div class=\"call-to-action_contenu\"><div class=\"call-to-action_titre\">Tarieven<\/div><div class=\"call-to-action_texte\">Om er meer over te weten<\/div><\/div><\/a><\/li><li class=\"element call-to-action  call-to-action--style-1 call-to-action--big\"><a href=\"https:\/\/www.camping-lesedour.com\/nl\/kampeerplaatsen-camping-tarascon-ariege\/\"  class=\"call-to-action_link\" title=\"Meer informatie over de standplaatsen\"><div class=\"call-to-action_image\"><img decoding=\"async\" src=\"https:\/\/www.camping-lesedour.com\/wp-content\/uploads\/2020\/09\/camping-caravaning-ariege-100x80.jpg\" data-src=\"https:\/\/www.camping-lesedour.com\/wp-content\/uploads\/2020\/09\/camping-caravaning-ariege.jpg\" alt=\"camping caravaning ariege\" class=\"big\" \/><\/div><div class=\"call-to-action_contenu\"><div class=\"call-to-action_titre\">De standplaatsen<\/div><div class=\"call-to-action_texte\">Om er meer over te weten<\/div><\/div><\/a><\/li><li class=\"element call-to-action  call-to-action--style-1 call-to-action--big\"><a href=\"https:\/\/www.camping-lesedour.com\/nl\/verhuur-mobil-home-ariege\/\"  class=\"call-to-action_link\" title=\"Meer informatie over stacaravans\"><div class=\"call-to-action_image\"><img decoding=\"async\" src=\"https:\/\/www.camping-lesedour.com\/wp-content\/uploads\/2024\/01\/camping-le-sedour-ariege-100x80.jpg\" data-src=\"https:\/\/www.camping-lesedour.com\/wp-content\/uploads\/2024\/01\/camping-le-sedour-ariege.jpg\" alt=\"\" class=\"big\" \/><\/div><div class=\"call-to-action_contenu\"><div class=\"call-to-action_titre\">Stacaravans<\/div><div class=\"call-to-action_texte\">Om er meer over te weten<\/div><\/div><\/a><\/li><li class=\"element call-to-action  call-to-action--style-1 call-to-action--big\"><a href=\"https:\/\/www.camping-lesedour.com\/nl\/wordt-eigenaar-mobil-home-ariege\/\"  class=\"call-to-action_link\" title=\"Meer informatie over huiseigenaar worden\"><div class=\"call-to-action_image\"><img decoding=\"async\" src=\"https:\/\/www.camping-lesedour.com\/wp-content\/uploads\/2024\/01\/camping-sedour-devenez-100x80.jpg\" data-src=\"https:\/\/www.camping-lesedour.com\/wp-content\/uploads\/2024\/01\/camping-sedour-devenez.jpg\" alt=\"camping-sedour-devenez\" class=\"big\" \/><\/div><div class=\"call-to-action_contenu\"><div class=\"call-to-action_titre\">Huiseigenaar worden<\/div><div class=\"call-to-action_texte\">Om er meer over te weten<\/div><\/div><\/a><\/li><\/ul><\/div><div class=\"element colonne p-8 w-40\"><h2 class=\"element section-title left\">Verhuur chalet en stacaravan midi Ariege<\/h2><div class=\"element bloc-text justify \">\n\t<p>Omgeven door een weelderige natuur zijn onze stacaravans in de Ari\u00e8ge <strong class=\"bold color1\">ideal voor een verblijf in Occitania<\/strong>. Kies de huur in overeenstemming met uw behoeften en de configuratie van uw groep uit onze chalets en stacaravans die beschikbaar zijn voor verhuur. 1 tot 6 personen kunnen in onze stacaravans van 31 tot 36 m2 in het grootste comfort verblijven.<\/p>\n<p>Kiezen voor een mobile-home verhuur betekent profiteren van een <strong class=\"bold color1\">onberispelijk comfort<\/strong> tijdens uw vakantie in de buurt van Ax-les-Thermes en de grot van Niaux. <\/p>\n<p>Door de combinatie van comfort en prijs kunt u met de chalets genieten van een low budget vakantie in de Ari\u00e8ge. Meer origineel, de stacaravans coco sweet beloven u een <strong class=\"bold color1\">ongewoon verblijf in de Ari\u00e8ge<\/strong>, in de buurt van Tarascon sur Ari\u00e8ge. Ontdek ook ons aanbod om stacaravans te kopen: eigenaar worden van onze camping Le S\u00e9dour betekent het hele jaar door een voet op de grond hebben in de Pyrenee\u00ebn.<\/p>\n<\/div><h2 class=\"element section-title left m-t-4\">Plaatsen camping Ariege<\/h2><div class=\"element bloc-text justify \">\n\t<p>Naast de verhuur van stacaravans in de Ari\u00e8ge, kunt u op de staanplaatsen van camping le S\u00e9dour in een geprivilegieerde omgeving <strong class=\"bold color1\">caravaning doen<\/strong>. Wandelarrangementen worden aangeboden aan kampeerders die op zoek zijn naar een plek om uit te rusten tussen twee etappes.<\/p>\n<p>Onze <strong class=\"bold color1\">vrije plaatsen<\/strong> zijn ook toegankelijk voor kampeerders in tenten, campers en caravans. Met een oppervlakte van 80 tot 100 m\u00b2 zijn ze schaduwrijk en zonnig. Als u op zoek bent naar een oase van rust om te carven in de Midi Pyr\u00e9n\u00e9es, aarzel dan niet om te kamperen op een van onze staanplaatsen. <\/p>\n<\/div><\/div><\/div><\/div><\/section>\n\n<section id=\"section-5f578aded0858\"\" class=\"section third-home bg-color3\" \/><div class=\"container extralarge\"><h2 class=\"element section-title center w-60\">Camping Tarascon sur Ariege<\/h2><div class=\"colonnes-wrap valign-top \"><div class=\"element colonne icon-nature\"><div class=\"element section-title left\">Presentatie &#038; diensten<\/div><div class=\"element bloc-text left \">\n\t<p>Kies de richting : Ari\u00e8ge , Surba , camping Le S\u00e9dour , om u een onvergetelijk verblijf te bezorgen in een groene omgeving ver van de congestie en de vervuiling van de steden !<\/p>\n<p>U wordt verwelkomd in comfortabele accommodaties: chalets en stacaravans op met gras begroeide percelen, omgeven door kleine hagen van groenblijvende bladeren, of u kunt een plaats innemen met uw uitrusting: tenten, caravans of campers. De keuze is aan u!<\/p>\n<\/div><\/div><div class=\"element colonne icon-activites\"><div class=\"element section-title left\">Activiteiten<\/div><div class=\"element bloc-text left \">\n\t<p>Afhankelijk van het seizoen veranderen de activiteiten, maar blijven ze net zo aantrekkelijk als altijd! De sporters zullen zich in alle seizoenen wijden aan prachtige wandelingen in de bergen rondom de camping: in de richting van Calam\u00e8s, S\u00e9dour, de Pic des 3 Seigneurs en vele andere&#8230;<\/p>\n<p>In de zomer kiezen skiliefhebbers voor de waterskilift op 3 kilometer van de camping, terwijl ze in de winter hun ski&#8217;s aandoen om naar de vele omliggende plaatsen te gaan: Bonascre, Plateau de Beille, Port de Lers etc&#8230;<\/p>\n<\/div><\/div><\/div><\/div><\/section>\n\n<section id=\"section-5f578aded104c\"\" class=\"section fourth-home bg-white p-t-0 p-b-0\" \/><div class=\"container full\"><div class=\"colonnes-wrap valign-middle \"><div class=\"element colonne p-8\"><h2 class=\"element section-title left\">Bezoek de Ariege <span> van de camping<\/span><\/h2><div class=\"element bloc-text left \">\n\t<p>De te ontdekken <strong class=\"bold color1\">toeristische sites<\/strong> ontbreken niet in de buurt van onze camping! Profiteer van uw verblijf in de Ari\u00e8ge om te gaan wandelen in de bergen van S\u00e9dour, Calam\u00e8s, Col de Port .<\/p>\n<p>De berg excursies reserve van <strong class=\"bold color1\">belles verrassingen<\/strong> zomer en winter.<\/p>\n<p>De <strong class=\"bold color1\">natuurliefhebbers<\/strong> zullen blij zijn met de aanwezigheid van visvijvers, en rivieren, meren en beken die kriskras door de bergen lopen.<\/p>\n<p>Vissen, zwemmen, speleologie, canyoning, klimmen en vele andere zijn een must.<\/p>\n<p>De amateurs van de ontdekkingen zullen een bezoek kunnen brengen aan de <strong class=\"bold color1\">dorp van Tarascon sur Ari\u00e8ge<\/strong>, de pittoreske steden van Foix met het beroemde kasteel van Foix en Monts\u00e9gur, waar ook een kasteel en een <strong class=\"bold color1\">uitzonderlijke erfenis<\/strong> schuilt.<\/p>\n<p>U zult het begrepen hebben, de geografische ligging van de camping zal u toelaten de Ari\u00e8ge met gemak te bezoeken !<\/p>\n<p>Voor uw volgende vakantie kunt u komen vissen, uitrusten, wandelen en uw batterijen opladen op de camping die op een steenworp afstand van Tarascon aan de voet van de Pyrenee\u00ebn van de Ari\u00e8ge ligt.<\/p>\n<p>Als u op zoek bent naar een <strong class=\"bold color1\">rustige plaats<\/strong>, <strong class=\"bold color1\">voorbehouden<\/strong>, dan heeft u de ideale plaats voor uw verblijf gevonden. Gelegen in Occitani\u00eb, niet ver van Andorra, in het departement Ari\u00e8ge, is camping le S\u00e9dour voor u gemaakt, en kan uw <strong class=\"bold color1\">vakantie in de Ari\u00e8ge<\/strong> eindelijk beginnen! <\/p>\n<\/div><\/div><div class=\"element colonne p-0 liste-home\"><ul class=\"liste-de-page\"><li class=\"element call-to-action p-0 liste-home call-to-action--style-1 call-to-action--big\"><a href=\"https:\/\/www.camping-lesedour.com\/nl\/nieuws\/kampeer-andorra\/\"  class=\"call-to-action_link\" title=\"Meer informatie over andorra\"><div class=\"call-to-action_image\"><img decoding=\"async\" src=\"https:\/\/www.camping-lesedour.com\/wp-content\/uploads\/2020\/09\/camping-andorre-100x80.jpg\" data-src=\"https:\/\/www.camping-lesedour.com\/wp-content\/uploads\/2020\/09\/camping-andorre.jpg\" alt=\"camping andorre\" class=\"big\" \/><\/div><div class=\"call-to-action_contenu\"><div class=\"call-to-action_titre\">Andorra<\/div><div class=\"call-to-action_texte\">Ontdek<\/div><\/div><\/a><\/li><li class=\"element call-to-action  call-to-action--style-1 call-to-action--big\"><a href=\"https:\/\/www.camping-lesedour.com\/nl\/activites\/kampeer-foix\/\"  class=\"call-to-action_link\" title=\"Meer informatie over foix\"><div class=\"call-to-action_image\"><img decoding=\"async\" src=\"https:\/\/www.camping-lesedour.com\/wp-content\/uploads\/2020\/09\/camping-foix-100x80.jpg\" data-src=\"https:\/\/www.camping-lesedour.com\/wp-content\/uploads\/2020\/09\/camping-foix.jpg\" alt=\"camping foix\" class=\"big\" \/><\/div><div class=\"call-to-action_contenu\"><div class=\"call-to-action_titre\">Foix<\/div><div class=\"call-to-action_texte\">Ontdek<\/div><\/div><\/a><\/li><li class=\"element call-to-action  call-to-action--style-1 call-to-action--big\"><a href=\"https:\/\/www.camping-lesedour.com\/nl\/activites\/kampeer-mas-azil\/\"  class=\"call-to-action_link\" title=\"Meer informatie over mas d'azil\"><div class=\"call-to-action_image\"><img decoding=\"async\" src=\"https:\/\/www.camping-lesedour.com\/wp-content\/uploads\/2020\/09\/tourisme-mas-azil-100x80.jpg\" data-src=\"https:\/\/www.camping-lesedour.com\/wp-content\/uploads\/2020\/09\/tourisme-mas-azil.jpg\" alt=\"tourisme mas azil\" class=\"big\" \/><\/div><div class=\"call-to-action_contenu\"><div class=\"call-to-action_titre\">Mas d&#8217;Azil<\/div><div class=\"call-to-action_texte\">Ontdek<\/div><\/div><\/a><\/li><li class=\"element call-to-action  call-to-action--style-1 call-to-action--big\"><a href=\"https:\/\/www.camping-lesedour.com\/nl\/activites\/kampeer-mirepoix\/\"  class=\"call-to-action_link\" title=\"Meer informatie over mirepoix\"><div class=\"call-to-action_image\"><img decoding=\"async\" src=\"https:\/\/www.camping-lesedour.com\/wp-content\/uploads\/2020\/09\/camping-mirepoi-100x80.jpg\" data-src=\"https:\/\/www.camping-lesedour.com\/wp-content\/uploads\/2020\/09\/camping-mirepoi.jpg\" alt=\"camping mirepoix\" class=\"big\" \/><\/div><div class=\"call-to-action_contenu\"><div class=\"call-to-action_titre\">Mirepoix<\/div><div class=\"call-to-action_texte\">Ontdek<\/div><\/div><\/a><\/li><li class=\"element call-to-action  call-to-action--style-1 call-to-action--big\"><a href=\"https:\/\/www.camping-lesedour.com\/nl\/activites\/kampeer-saint-girons\/\"  class=\"call-to-action_link\" title=\"Meer informatie over saint girons \"><div class=\"call-to-action_image\"><img decoding=\"async\" src=\"https:\/\/www.camping-lesedour.com\/wp-content\/uploads\/2020\/09\/camping-saint-girons-100x80.jpg\" data-src=\"https:\/\/www.camping-lesedour.com\/wp-content\/uploads\/2020\/09\/camping-saint-girons.jpg\" alt=\"camping saint-girons\" class=\"big\" \/><\/div><div class=\"call-to-action_contenu\"><div class=\"call-to-action_titre\">Saint Girons <\/div><div class=\"call-to-action_texte\">Ontdek<\/div><\/div><\/a><\/li><li class=\"element call-to-action  call-to-action--style-1 call-to-action--big\"><a href=\"https:\/\/www.camping-lesedour.com\/nl\/activites\/kampeer-ax-les-thermes\/\"  class=\"call-to-action_link\" title=\"Meer informatie over ax-les-thermes\"><div class=\"call-to-action_image\"><img decoding=\"async\" src=\"https:\/\/www.camping-lesedour.com\/wp-content\/uploads\/2020\/09\/camping-ax-thermes-100x80.jpg\" data-src=\"https:\/\/www.camping-lesedour.com\/wp-content\/uploads\/2020\/09\/camping-ax-thermes.jpg\" alt=\"camping ax thermes\" class=\"big\" \/><\/div><div class=\"call-to-action_contenu\"><div class=\"call-to-action_titre\">Ax-les-Thermes<\/div><div class=\"call-to-action_texte\">Ontdek<\/div><\/div><\/a><\/li><\/ul><div class=\"element call-to-action  call-to-action--style-1 call-to-action--normal\"><a href=\"https:\/\/www.camping-lesedour.com\/nl\/activites\/kampeer-vicdessos\/\"  class=\"call-to-action_link\" title=\"Meer informatie over vicdessos\"><div class=\"call-to-action_image\"><img decoding=\"async\" src=\"https:\/\/www.camping-lesedour.com\/wp-content\/uploads\/2020\/09\/camping-vicdessos-100x80.jpg\" data-src=\"https:\/\/www.camping-lesedour.com\/wp-content\/uploads\/2020\/09\/camping-vicdessos.jpg\" alt=\"camping vicdessos\" class=\"normal\" \/><\/div><div class=\"call-to-action_contenu\"><div class=\"call-to-action_titre\">Vicdessos<\/div><div class=\"call-to-action_texte\">Ontdek<\/div><\/div><\/a><\/div><div class=\"element call-to-action  call-to-action--style-1 call-to-action--normal\"><a href=\"\/nl\/camping-midi-pyreneeen\/\"  class=\"call-to-action_link\" title=\"Meer informatie over occitanie\"><div class=\"call-to-action_image\"><img decoding=\"async\" src=\"https:\/\/www.camping-lesedour.com\/wp-content\/uploads\/2020\/09\/camping-midi-pyrenees-100x80.jpg\" data-src=\"https:\/\/www.camping-lesedour.com\/wp-content\/uploads\/2020\/09\/camping-midi-pyrenees.jpg\" alt=\"camping midi pyrenees\" class=\"normal\" \/><\/div><div class=\"call-to-action_contenu\"><div class=\"call-to-action_titre\">Occitanie<\/div><div class=\"call-to-action_texte\">Ontdek<\/div><\/div><\/a><\/div><\/div><\/div><\/div><\/section>","protected":false},"excerpt":{"rendered":"","protected":false},"author":1,"featured_media":0,"parent":0,"menu_order":0,"comment_status":"closed","ping_status":"closed","template":"","meta":{"_acf_changed":false,"footnotes":""},"class_list":["post-305","page","type-page","status-publish","hentry"],"acf":[],"yoast_head":"<!-- This site is optimized with the Yoast SEO plugin v25.3 - https:\/\/yoast.com\/wordpress\/plugins\/seo\/ -->\n<title>Ariege kamperen - Camping verhuur Tarascon sur Ari\u00e8ge - Midi Pyr\u00e9n\u00e9es<\/title>\n<meta name=\"description\" content=\"Camping ari\u00e8ge, Camping le Sedour, Petit camping calme et familial au c\u0153ur de l&#039;Ari\u00e8ge touristique pr\u00e8s de Tarascon. Halte id\u00e9ale pour vos vacances en famille.\" \/>\n<meta name=\"robots\" content=\"index, follow, max-snippet:-1, max-image-preview:large, max-video-preview:-1\" \/>\n<link rel=\"canonical\" href=\"https:\/\/www.camping-lesedour.com\/nl\/\" \/>\n<meta property=\"og:locale\" content=\"nl_NL\" \/>\n<meta property=\"og:type\" content=\"article\" \/>\n<meta property=\"og:title\" content=\"Ariege kamperen - Camping verhuur Tarascon sur Ari\u00e8ge - Midi Pyr\u00e9n\u00e9es\" \/>\n<meta property=\"og:description\" content=\"Camping ari\u00e8ge, Camping le Sedour, Petit camping calme et familial au c\u0153ur de l&#039;Ari\u00e8ge touristique pr\u00e8s de Tarascon. Halte id\u00e9ale pour vos vacances en famille.\" \/>\n<meta property=\"og:url\" content=\"https:\/\/www.camping-lesedour.com\/nl\/\" \/>\n<meta property=\"og:site_name\" content=\"Camping le S\u00e9dour\" \/>\n<meta property=\"article:modified_time\" content=\"2025-06-12T12:07:46+00:00\" \/>\n<meta name=\"twitter:card\" content=\"summary_large_image\" \/>\n<script type=\"application\/ld+json\" class=\"yoast-schema-graph\">{\"@context\":\"https:\/\/schema.org\",\"@graph\":[{\"@type\":\"WebPage\",\"@id\":\"https:\/\/www.camping-lesedour.com\/nl\/\",\"url\":\"https:\/\/www.camping-lesedour.com\/nl\/\",\"name\":\"Ariege kamperen - Camping verhuur Tarascon sur Ari\u00e8ge - Midi Pyr\u00e9n\u00e9es\",\"isPartOf\":{\"@id\":\"https:\/\/www.camping-lesedour.com\/nl\/#website\"},\"datePublished\":\"2015-11-27T12:49:13+00:00\",\"dateModified\":\"2025-06-12T12:07:46+00:00\",\"description\":\"Camping ari\u00e8ge, Camping le Sedour, Petit camping calme et familial au c\u0153ur de l'Ari\u00e8ge touristique pr\u00e8s de Tarascon. Halte id\u00e9ale pour vos vacances en famille.\",\"breadcrumb\":{\"@id\":\"https:\/\/www.camping-lesedour.com\/nl\/#breadcrumb\"},\"inLanguage\":\"nl-NL\",\"potentialAction\":[{\"@type\":\"ReadAction\",\"target\":[\"https:\/\/www.camping-lesedour.com\/nl\/\"]}]},{\"@type\":\"BreadcrumbList\",\"@id\":\"https:\/\/www.camping-lesedour.com\/nl\/#breadcrumb\",\"itemListElement\":[{\"@type\":\"ListItem\",\"position\":1,\"name\":\"Kamperen Ariege\",\"item\":\"https:\/\/www.camping-lesedour.com\/nl\/\"},{\"@type\":\"ListItem\",\"position\":2,\"name\":\"Startpag\"}]},{\"@type\":\"WebSite\",\"@id\":\"https:\/\/www.camping-lesedour.com\/nl\/#website\",\"url\":\"https:\/\/www.camping-lesedour.com\/nl\/\",\"name\":\"Camping le S\u00e9dour\",\"description\":\"\",\"potentialAction\":[{\"@type\":\"SearchAction\",\"target\":{\"@type\":\"EntryPoint\",\"urlTemplate\":\"https:\/\/www.camping-lesedour.com\/nl\/?s={search_term_string}\"},\"query-input\":{\"@type\":\"PropertyValueSpecification\",\"valueRequired\":true,\"valueName\":\"search_term_string\"}}],\"inLanguage\":\"nl-NL\"}]}<\/script>\n<!-- \/ Yoast SEO plugin. -->","yoast_head_json":{"title":"Ariege kamperen - Camping verhuur Tarascon sur Ari\u00e8ge - Midi Pyr\u00e9n\u00e9es","description":"Camping ari\u00e8ge, Camping le Sedour, Petit camping calme et familial au c\u0153ur de l'Ari\u00e8ge touristique pr\u00e8s de Tarascon. Halte id\u00e9ale pour vos vacances en famille.","robots":{"index":"index","follow":"follow","max-snippet":"max-snippet:-1","max-image-preview":"max-image-preview:large","max-video-preview":"max-video-preview:-1"},"canonical":"https:\/\/www.camping-lesedour.com\/nl\/","og_locale":"nl_NL","og_type":"article","og_title":"Ariege kamperen - Camping verhuur Tarascon sur Ari\u00e8ge - Midi Pyr\u00e9n\u00e9es","og_description":"Camping ari\u00e8ge, Camping le Sedour, Petit camping calme et familial au c\u0153ur de l'Ari\u00e8ge touristique pr\u00e8s de Tarascon. Halte id\u00e9ale pour vos vacances en famille.","og_url":"https:\/\/www.camping-lesedour.com\/nl\/","og_site_name":"Camping le S\u00e9dour","article_modified_time":"2025-06-12T12:07:46+00:00","twitter_card":"summary_large_image","schema":{"@context":"https:\/\/schema.org","@graph":[{"@type":"WebPage","@id":"https:\/\/www.camping-lesedour.com\/nl\/","url":"https:\/\/www.camping-lesedour.com\/nl\/","name":"Ariege kamperen - Camping verhuur Tarascon sur Ari\u00e8ge - Midi Pyr\u00e9n\u00e9es","isPartOf":{"@id":"https:\/\/www.camping-lesedour.com\/nl\/#website"},"datePublished":"2015-11-27T12:49:13+00:00","dateModified":"2025-06-12T12:07:46+00:00","description":"Camping ari\u00e8ge, Camping le Sedour, Petit camping calme et familial au c\u0153ur de l'Ari\u00e8ge touristique pr\u00e8s de Tarascon. Halte id\u00e9ale pour vos vacances en famille.","breadcrumb":{"@id":"https:\/\/www.camping-lesedour.com\/nl\/#breadcrumb"},"inLanguage":"nl-NL","potentialAction":[{"@type":"ReadAction","target":["https:\/\/www.camping-lesedour.com\/nl\/"]}]},{"@type":"BreadcrumbList","@id":"https:\/\/www.camping-lesedour.com\/nl\/#breadcrumb","itemListElement":[{"@type":"ListItem","position":1,"name":"Kamperen Ariege","item":"https:\/\/www.camping-lesedour.com\/nl\/"},{"@type":"ListItem","position":2,"name":"Startpag"}]},{"@type":"WebSite","@id":"https:\/\/www.camping-lesedour.com\/nl\/#website","url":"https:\/\/www.camping-lesedour.com\/nl\/","name":"Camping le S\u00e9dour","description":"","potentialAction":[{"@type":"SearchAction","target":{"@type":"EntryPoint","urlTemplate":"https:\/\/www.camping-lesedour.com\/nl\/?s={search_term_string}"},"query-input":{"@type":"PropertyValueSpecification","valueRequired":true,"valueName":"search_term_string"}}],"inLanguage":"nl-NL"}]}},"_links":{"self":[{"href":"https:\/\/www.camping-lesedour.com\/nl\/wp-json\/wp\/v2\/pages\/305"}],"collection":[{"href":"https:\/\/www.camping-lesedour.com\/nl\/wp-json\/wp\/v2\/pages"}],"about":[{"href":"https:\/\/www.camping-lesedour.com\/nl\/wp-json\/wp\/v2\/types\/page"}],"author":[{"embeddable":true,"href":"https:\/\/www.camping-lesedour.com\/nl\/wp-json\/wp\/v2\/users\/1"}],"replies":[{"embeddable":true,"href":"https:\/\/www.camping-lesedour.com\/nl\/wp-json\/wp\/v2\/comments?post=305"}],"version-history":[{"count":15,"href":"https:\/\/www.camping-lesedour.com\/nl\/wp-json\/wp\/v2\/pages\/305\/revisions"}],"predecessor-version":[{"id":5874,"href":"https:\/\/www.camping-lesedour.com\/nl\/wp-json\/wp\/v2\/pages\/305\/revisions\/5874"}],"wp:attachment":[{"href":"https:\/\/www.camping-lesedour.com\/nl\/wp-json\/wp\/v2\/media?parent=305"}],"curies":[{"name":"wp","href":"https:\/\/api.w.org\/{rel}","templated":true}]}}