{"id":314,"date":"2015-11-30T12:02:09","date_gmt":"2015-11-30T11:02:09","guid":{"rendered":"https:\/\/www.camping-lesedour.com\/nl\/presentation-camping-midi-pyrenees\/"},"modified":"2022-08-30T16:40:50","modified_gmt":"2022-08-30T14:40:50","slug":"presentatie-camping-midi-pyrenees","status":"publish","type":"page","link":"https:\/\/www.camping-lesedour.com\/nl\/presentatie-camping-midi-pyrenees\/","title":{"rendered":"Camping le s\u00e9dour in de Ari\u00e8ge, te Surba, dichtbij Tarascon-sur-Ari\u00e8ge, in de Midi-Pyr\u00e9n\u00e9es"},"content":{"rendered":"<section id=\"section-5f6b51e6d8b51\"\" class=\"section bg-color3\" \/><div class=\"container\"><h1 class=\"element section-title center\">3 sterren camping in Surba<\/h1><\/div><\/section>\n\n<section id=\"section-5f6b51e6d8ffe\"\" class=\"section bg-white p-t-0\" \/><div class=\"container extralarge\"><div class=\"colonnes-wrap valign-top \"><div class=\"element colonne w-40 p-0\"><div class=\"element images\"><div class=\"image\"><img decoding=\"async\" src=\"https:\/\/www.camping-lesedour.com\/wp-content\/uploads\/2020\/09\/camping-en-ariege-78x100.jpg\" data-src=\"https:\/\/www.camping-lesedour.com\/wp-content\/uploads\/2020\/09\/camping-en-ariege.jpg\" alt=\"camping en ariege\" class=\"images_image\" \/><\/div><\/div><\/div><div class=\"element colonne w-60 p-4\"><h2 class=\"element section-title justify\">Ontdek onze camping<\/h2><div class=\"element bloc-text justify \">\n\t<p>Genesteld in de holte van een vallei, aan de voet van de berg waaraan het zijn naam dankt, binnen de <strong class=\"bold color1\">Parc R\u00e9gional Naturel des Pyr\u00e9n\u00e9es Ari\u00e9geoises<\/strong>.<\/p>\n<ul>\n<li>Camping het hele jaar geopend voor residenties<\/li>\n<li>Gelegen in Surba, op 2 km van Tarascon sur Ari\u00e8ge.<\/li>\n<li>Altitude: 500 meter boven zeeniveau.<\/li>\n<li>SNCF 2 KM station &#8211; Bushalte 2 KM<\/li>\n<li>105 mijl van Toulouse.<\/li>\n<li>322 KM uit Barcelona<\/li>\n<\/ul>\n<p>Voor onze onderhouden percelen, onze stacaravans te koop, neem contact met ons op! Voor uw comfort staan er 2 volledig uitgeruste sanitairgebouwen tot uw beschikking.<\/p>\n<p>Groet de lente en wees getuige van het ontwaken van de natuur, op een plaats die beschermd is tegen vervuiling, zonder animaties of zwembad, dat is wat u de <a href=\"\/nl\/\">camping &#8221; le S\u00e9dour &#8221; in de Ari\u00e8ge<\/a> biedt, in zijn stacaravans groot comfort, uitgerust met TNT, WIFI en open om het hele jaar door te verhuren, met een bewaking verzekerd zonder onderbreking door Patrick.<\/p>\n<p>Nieuw in 2022:<br \/>\nHet volledig nieuwe sanitair is in 2022 gerenoveerd en is uitgerust met PMR (douche, WC, wastafel en wasmachine) en een babybadje.<\/p>\n<\/div><\/div><\/div><\/div><\/section>\n\n<section id=\"section-5f6b51e6d970e\"\" class=\"section bg-color3\" \/><div class=\"container full\"><div class=\"colonnes-wrap valign-middle \"><div class=\"element colonne w-60 p-0\"><div class=\"element images\"><div class=\"image\"><img decoding=\"async\" src=\"https:\/\/www.camping-lesedour.com\/wp-content\/uploads\/2020\/09\/mobil-home-services-ariege-100x80.jpg\" data-src=\"https:\/\/www.camping-lesedour.com\/wp-content\/uploads\/2020\/09\/mobil-home-services-ariege.jpg\" alt=\"mobil-home services ariege\" class=\"images_image\" \/><\/div><div class=\"image\"><img decoding=\"async\" src=\"https:\/\/www.camping-lesedour.com\/wp-content\/uploads\/2020\/09\/camping-calme-ariege-100x80.jpg\" data-src=\"https:\/\/www.camping-lesedour.com\/wp-content\/uploads\/2020\/09\/camping-calme-ariege.jpg\" alt=\"camping calme ariege\" class=\"images_image\" \/><\/div><\/div><div class=\"element images\"><div class=\"image\"><img decoding=\"async\" src=\"https:\/\/www.camping-lesedour.com\/wp-content\/uploads\/2020\/09\/ping-pong-ariege-100x80.jpg\" data-src=\"https:\/\/www.camping-lesedour.com\/wp-content\/uploads\/2020\/09\/ping-pong-ariege.jpg\" alt=\"ping-pong ariege\" class=\"images_image\" \/><\/div><div class=\"image\"><img decoding=\"async\" src=\"https:\/\/www.camping-lesedour.com\/wp-content\/uploads\/2020\/09\/interieur-mobil-home-ariege-100x80.jpg\" data-src=\"https:\/\/www.camping-lesedour.com\/wp-content\/uploads\/2020\/09\/interieur-mobil-home-ariege.jpg\" alt=\"interieur mobil-home ariege\" class=\"images_image\" \/><\/div><\/div><\/div><div class=\"element colonne p-8 w-40\"><div class=\"element bloc-text justify \">\n\t<p>De nieuwe eigenaar Christophe is trots op het moderniseringswerk dat hij al heeft verricht om in de regio te openen, een <strong class=\"bold color1\">nieuw concept van buitenhotels<\/strong> : alle comfort, dicht bij de natuur, beschut tegen de overlast van de stedelijke activiteit!<\/p>\n<p>Het is een revitaliserend verblijf dat de <strong class=\"bold color1\">natuurlijke instelling van Surba<\/strong> u garandeert, mag u de sleutelformule overnemen:<\/p>\n<p><strong class=\"bold color1\">&#8220;Na een verblijf op de camping S\u00e9dour komt u altijd terug!&#8221;<\/strong><\/p>\n<\/div><h2 class=\"element section-title justify m-t-6\">Onze diensten op de camping<\/h2><div class=\"element bloc-text justify \">\n\t<p>Onder de <strong class=\"bold color1\">verschillende diensten<\/strong> die worden aangeboden op camping Le S\u00e9dour, vindt u een eigen buitenparkeerplaats, naast de parkeerplaats die zich op het terrein van uw huuraccommodatie bevindt. <\/p>\n<p>Aangezien de camping is uitgerust met een automatische slagboom die van 7 uur &#8217;s ochtends tot 23 uur &#8217;s avonds in werking is, krijgt u bij aankomst voor de duur van uw verblijf een <strong class=\"bold color1\">bezoekersbadge<\/strong>.<\/p>\n<p>Op het perceel of in de structuur die u zult hebben gehuurd (chalet, Coco Sweet of stacaravan) is de <strong class=\"bold color1\">Wi-FI gratis<\/strong>.<\/p>\n<\/div><\/div><\/div><\/div><\/section>\n\n<section id=\"section-duplicate\"\" class=\"section bg-white p-t-0\" \/><div class=\"container extralarge\"><div class=\"colonnes-wrap valign-top \"><div class=\"element colonne w-60 p-4\"><div class=\"element bloc-text justify \">\n\t<p>Een <strong class=\"bold color1\">wasruimte<\/strong> staat open voor het gebruik van wasmachines en drogers.<\/p>\n<p>Een <strong class=\"bold color1\">speelruimte met schommels<\/strong>, draaimolens en pingpongtafels houdt de jonge kinderen bezig.<\/p>\n<p>Een <strong class=\"bold color1\">bocce ball field<\/strong> wacht op de jeu de boules spelers en in de buurt <strong class=\"bold color1\">de barbecueplaats is klaar om te grillen<\/strong>. Onder de prachtige pergola verwelkomen tafels en stoelen jong en oud om te genieten van gegrilde gerechten en lokale specialiteiten en van verse drankjes die te koop zijn bij de receptie van de camping.<\/p>\n<p>In de <strong class=\"bold color1\">multifunctionele ruimte staan een televisie<\/strong>, een bibliotheekruimte, gezelschapsspelen voor jong en oud tot uw beschikking.<\/p>\n<p>In deze kamer zijn ook een koelkast, een vriezer en een magnetron voor campers zonder elektrische huishoudelijke apparatuur ge\u00efnstalleerd. Er zijn ook propaangasflessen te koop om te helpen als dat nodig is&#8230;<\/p>\n<p><strong class=\"bold color1\">Elke ochtend komt er een bakker<\/strong> om brood en gebak af te leveren.<\/p>\n<\/div><\/div><div class=\"element colonne w-40 p-0\"><div class=\"element images\"><div class=\"image\"><img decoding=\"async\" src=\"https:\/\/www.camping-lesedour.com\/wp-content\/uploads\/2020\/09\/petanque-ariege-78x100.jpg\" data-src=\"https:\/\/www.camping-lesedour.com\/wp-content\/uploads\/2020\/09\/petanque-ariege.jpg\" alt=\"petanque ariege\" class=\"images_image\" \/><\/div><\/div><\/div><\/div><\/div><\/section>\n\n<section id=\"section-cta-bas-page\"\" class=\"section bg-color3\" \/><div class=\"container extralarge\"><div class=\"element section-title center titre-cta\">Onze andere diensten op de camping<\/div><ul class=\"liste-de-page\"><li class=\"element call-to-action center titre-cta call-to-action--style-1 call-to-action--normal\"><a href=\"https:\/\/www.camping-lesedour.com\/nl\/activiteiten-camping-ariege\/\"  class=\"call-to-action_link\" title=\"Meer informatie over activiteiten in de ari\u00e8ge\"><div class=\"call-to-action_image\"><img decoding=\"async\" src=\"https:\/\/www.camping-lesedour.com\/wp-content\/uploads\/2020\/09\/partenaire-ariege-100x80.jpg\" data-src=\"https:\/\/www.camping-lesedour.com\/wp-content\/uploads\/2020\/09\/partenaire-ariege.jpg\" alt=\"partenaire Ari\u00e8ge\" class=\"normal\" \/><\/div><div class=\"call-to-action_contenu\"><div class=\"call-to-action_titre\">Activiteiten in de Ari\u00e8ge<\/div><div class=\"call-to-action_texte\">Om er meer over te weten<\/div><\/div><\/a><\/li><li class=\"element call-to-action  call-to-action--style-1 call-to-action--normal\"><a href=\"https:\/\/www.camping-lesedour.com\/nl\/camping-het-hele-jaar-geopend\/\"  class=\"call-to-action_link\" title=\"Meer informatie over het hele jaar door geopend\"><div class=\"call-to-action_image\"><img decoding=\"async\" src=\"https:\/\/www.camping-lesedour.com\/wp-content\/uploads\/2024\/01\/camping-sedour-ouvert-100x80.jpg\" data-src=\"https:\/\/www.camping-lesedour.com\/wp-content\/uploads\/2024\/01\/camping-sedour-ouvert.jpg\" alt=\"\" class=\"normal\" \/><\/div><div class=\"call-to-action_contenu\"><div class=\"call-to-action_titre\">Het hele jaar door geopend<\/div><div class=\"call-to-action_texte\">Om er meer over te weten<\/div><\/div><\/a><\/li><\/ul><\/div><\/section>","protected":false},"excerpt":{"rendered":"","protected":false},"author":1,"featured_media":5879,"parent":0,"menu_order":0,"comment_status":"closed","ping_status":"closed","template":"","meta":{"_acf_changed":false,"footnotes":""},"class_list":["post-314","page","type-page","status-publish","has-post-thumbnail","hentry"],"acf":[],"yoast_head":"<!-- This site is optimized with the Yoast SEO plugin v25.3 - https:\/\/yoast.com\/wordpress\/plugins\/seo\/ -->\n<title>Presentatie van camping le S\u00e9dour, in de Ari\u00e8ge Midi-pyr\u00e9n\u00e9es<\/title>\n<meta name=\"description\" content=\"Ontdek onze camping Ari\u00e8ge 3 sterren voor uw volgende verblijf in de Pyrenee\u00ebn Ari\u00e9geoises\" \/>\n<meta name=\"robots\" content=\"index, follow, max-snippet:-1, max-image-preview:large, max-video-preview:-1\" \/>\n<link rel=\"canonical\" href=\"https:\/\/www.camping-lesedour.com\/nl\/presentatie-camping-midi-pyrenees\/\" \/>\n<meta property=\"og:locale\" content=\"nl_NL\" \/>\n<meta property=\"og:type\" content=\"article\" \/>\n<meta property=\"og:title\" content=\"Presentatie van camping le S\u00e9dour, in de Ari\u00e8ge Midi-pyr\u00e9n\u00e9es\" \/>\n<meta property=\"og:description\" content=\"Ontdek onze camping Ari\u00e8ge 3 sterren voor uw volgende verblijf in de Pyrenee\u00ebn Ari\u00e9geoises\" \/>\n<meta property=\"og:url\" content=\"https:\/\/www.camping-lesedour.com\/nl\/presentatie-camping-midi-pyrenees\/\" \/>\n<meta property=\"og:site_name\" content=\"Camping le S\u00e9dour\" \/>\n<meta property=\"article:modified_time\" content=\"2022-08-30T14:40:50+00:00\" \/>\n<meta property=\"og:image\" content=\"https:\/\/www.camping-lesedour.com\/wp-content\/uploads\/2020\/10\/camping-reception-ariege.jpg\" \/>\n\t<meta property=\"og:image:width\" content=\"1903\" \/>\n\t<meta property=\"og:image:height\" content=\"550\" \/>\n\t<meta property=\"og:image:type\" content=\"image\/jpeg\" \/>\n<meta name=\"twitter:card\" content=\"summary_large_image\" \/>\n<script type=\"application\/ld+json\" class=\"yoast-schema-graph\">{\"@context\":\"https:\/\/schema.org\",\"@graph\":[{\"@type\":\"WebPage\",\"@id\":\"https:\/\/www.camping-lesedour.com\/nl\/presentatie-camping-midi-pyrenees\/\",\"url\":\"https:\/\/www.camping-lesedour.com\/nl\/presentatie-camping-midi-pyrenees\/\",\"name\":\"Presentatie van camping le S\u00e9dour, in de Ari\u00e8ge Midi-pyr\u00e9n\u00e9es\",\"isPartOf\":{\"@id\":\"https:\/\/www.camping-lesedour.com\/nl\/#website\"},\"primaryImageOfPage\":{\"@id\":\"https:\/\/www.camping-lesedour.com\/nl\/presentatie-camping-midi-pyrenees\/#primaryimage\"},\"image\":{\"@id\":\"https:\/\/www.camping-lesedour.com\/nl\/presentatie-camping-midi-pyrenees\/#primaryimage\"},\"thumbnailUrl\":\"https:\/\/www.camping-lesedour.com\/wp-content\/uploads\/2025\/06\/new-accueil.webp\",\"datePublished\":\"2015-11-30T11:02:09+00:00\",\"dateModified\":\"2022-08-30T14:40:50+00:00\",\"description\":\"Ontdek onze camping Ari\u00e8ge 3 sterren voor uw volgende verblijf in de Pyrenee\u00ebn Ari\u00e9geoises\",\"breadcrumb\":{\"@id\":\"https:\/\/www.camping-lesedour.com\/nl\/presentatie-camping-midi-pyrenees\/#breadcrumb\"},\"inLanguage\":\"nl-NL\",\"potentialAction\":[{\"@type\":\"ReadAction\",\"target\":[\"https:\/\/www.camping-lesedour.com\/nl\/presentatie-camping-midi-pyrenees\/\"]}]},{\"@type\":\"ImageObject\",\"inLanguage\":\"nl-NL\",\"@id\":\"https:\/\/www.camping-lesedour.com\/nl\/presentatie-camping-midi-pyrenees\/#primaryimage\",\"url\":\"https:\/\/www.camping-lesedour.com\/wp-content\/uploads\/2025\/06\/new-accueil.webp\",\"contentUrl\":\"https:\/\/www.camping-lesedour.com\/wp-content\/uploads\/2025\/06\/new-accueil.webp\",\"width\":1000,\"height\":563,\"caption\":\"camping le s\u00e9dour\"},{\"@type\":\"BreadcrumbList\",\"@id\":\"https:\/\/www.camping-lesedour.com\/nl\/presentatie-camping-midi-pyrenees\/#breadcrumb\",\"itemListElement\":[{\"@type\":\"ListItem\",\"position\":1,\"name\":\"Kamperen Ariege\",\"item\":\"https:\/\/www.camping-lesedour.com\/nl\/\"},{\"@type\":\"ListItem\",\"position\":2,\"name\":\"Presentatie van de camping\"}]},{\"@type\":\"WebSite\",\"@id\":\"https:\/\/www.camping-lesedour.com\/nl\/#website\",\"url\":\"https:\/\/www.camping-lesedour.com\/nl\/\",\"name\":\"Camping le S\u00e9dour\",\"description\":\"\",\"potentialAction\":[{\"@type\":\"SearchAction\",\"target\":{\"@type\":\"EntryPoint\",\"urlTemplate\":\"https:\/\/www.camping-lesedour.com\/nl\/?s={search_term_string}\"},\"query-input\":{\"@type\":\"PropertyValueSpecification\",\"valueRequired\":true,\"valueName\":\"search_term_string\"}}],\"inLanguage\":\"nl-NL\"}]}<\/script>\n<!-- \/ Yoast SEO plugin. -->","yoast_head_json":{"title":"Presentatie van camping le S\u00e9dour, in de Ari\u00e8ge Midi-pyr\u00e9n\u00e9es","description":"Ontdek onze camping Ari\u00e8ge 3 sterren voor uw volgende verblijf in de Pyrenee\u00ebn Ari\u00e9geoises","robots":{"index":"index","follow":"follow","max-snippet":"max-snippet:-1","max-image-preview":"max-image-preview:large","max-video-preview":"max-video-preview:-1"},"canonical":"https:\/\/www.camping-lesedour.com\/nl\/presentatie-camping-midi-pyrenees\/","og_locale":"nl_NL","og_type":"article","og_title":"Presentatie van camping le S\u00e9dour, in de Ari\u00e8ge Midi-pyr\u00e9n\u00e9es","og_description":"Ontdek onze camping Ari\u00e8ge 3 sterren voor uw volgende verblijf in de Pyrenee\u00ebn Ari\u00e9geoises","og_url":"https:\/\/www.camping-lesedour.com\/nl\/presentatie-camping-midi-pyrenees\/","og_site_name":"Camping le S\u00e9dour","article_modified_time":"2022-08-30T14:40:50+00:00","og_image":[{"width":1903,"height":550,"url":"https:\/\/www.camping-lesedour.com\/wp-content\/uploads\/2020\/10\/camping-reception-ariege.jpg","type":"image\/jpeg"}],"twitter_card":"summary_large_image","schema":{"@context":"https:\/\/schema.org","@graph":[{"@type":"WebPage","@id":"https:\/\/www.camping-lesedour.com\/nl\/presentatie-camping-midi-pyrenees\/","url":"https:\/\/www.camping-lesedour.com\/nl\/presentatie-camping-midi-pyrenees\/","name":"Presentatie van camping le S\u00e9dour, in de Ari\u00e8ge Midi-pyr\u00e9n\u00e9es","isPartOf":{"@id":"https:\/\/www.camping-lesedour.com\/nl\/#website"},"primaryImageOfPage":{"@id":"https:\/\/www.camping-lesedour.com\/nl\/presentatie-camping-midi-pyrenees\/#primaryimage"},"image":{"@id":"https:\/\/www.camping-lesedour.com\/nl\/presentatie-camping-midi-pyrenees\/#primaryimage"},"thumbnailUrl":"https:\/\/www.camping-lesedour.com\/wp-content\/uploads\/2025\/06\/new-accueil.webp","datePublished":"2015-11-30T11:02:09+00:00","dateModified":"2022-08-30T14:40:50+00:00","description":"Ontdek onze camping Ari\u00e8ge 3 sterren voor uw volgende verblijf in de Pyrenee\u00ebn Ari\u00e9geoises","breadcrumb":{"@id":"https:\/\/www.camping-lesedour.com\/nl\/presentatie-camping-midi-pyrenees\/#breadcrumb"},"inLanguage":"nl-NL","potentialAction":[{"@type":"ReadAction","target":["https:\/\/www.camping-lesedour.com\/nl\/presentatie-camping-midi-pyrenees\/"]}]},{"@type":"ImageObject","inLanguage":"nl-NL","@id":"https:\/\/www.camping-lesedour.com\/nl\/presentatie-camping-midi-pyrenees\/#primaryimage","url":"https:\/\/www.camping-lesedour.com\/wp-content\/uploads\/2025\/06\/new-accueil.webp","contentUrl":"https:\/\/www.camping-lesedour.com\/wp-content\/uploads\/2025\/06\/new-accueil.webp","width":1000,"height":563,"caption":"camping le s\u00e9dour"},{"@type":"BreadcrumbList","@id":"https:\/\/www.camping-lesedour.com\/nl\/presentatie-camping-midi-pyrenees\/#breadcrumb","itemListElement":[{"@type":"ListItem","position":1,"name":"Kamperen Ariege","item":"https:\/\/www.camping-lesedour.com\/nl\/"},{"@type":"ListItem","position":2,"name":"Presentatie van de camping"}]},{"@type":"WebSite","@id":"https:\/\/www.camping-lesedour.com\/nl\/#website","url":"https:\/\/www.camping-lesedour.com\/nl\/","name":"Camping le S\u00e9dour","description":"","potentialAction":[{"@type":"SearchAction","target":{"@type":"EntryPoint","urlTemplate":"https:\/\/www.camping-lesedour.com\/nl\/?s={search_term_string}"},"query-input":{"@type":"PropertyValueSpecification","valueRequired":true,"valueName":"search_term_string"}}],"inLanguage":"nl-NL"}]}},"_links":{"self":[{"href":"https:\/\/www.camping-lesedour.com\/nl\/wp-json\/wp\/v2\/pages\/314"}],"collection":[{"href":"https:\/\/www.camping-lesedour.com\/nl\/wp-json\/wp\/v2\/pages"}],"about":[{"href":"https:\/\/www.camping-lesedour.com\/nl\/wp-json\/wp\/v2\/types\/page"}],"author":[{"embeddable":true,"href":"https:\/\/www.camping-lesedour.com\/nl\/wp-json\/wp\/v2\/users\/1"}],"replies":[{"embeddable":true,"href":"https:\/\/www.camping-lesedour.com\/nl\/wp-json\/wp\/v2\/comments?post=314"}],"version-history":[{"count":12,"href":"https:\/\/www.camping-lesedour.com\/nl\/wp-json\/wp\/v2\/pages\/314\/revisions"}],"predecessor-version":[{"id":4703,"href":"https:\/\/www.camping-lesedour.com\/nl\/wp-json\/wp\/v2\/pages\/314\/revisions\/4703"}],"wp:featuredmedia":[{"embeddable":true,"href":"https:\/\/www.camping-lesedour.com\/nl\/wp-json\/wp\/v2\/media\/5879"}],"wp:attachment":[{"href":"https:\/\/www.camping-lesedour.com\/nl\/wp-json\/wp\/v2\/media?parent=314"}],"curies":[{"name":"wp","href":"https:\/\/api.w.org\/{rel}","templated":true}]}}