{"id":325,"date":"2015-12-02T20:05:55","date_gmt":"2015-12-02T19:05:55","guid":{"rendered":"https:\/\/www.camping-lesedour.com\/nl\/activites-camping-ariege\/"},"modified":"2020-10-23T15:22:29","modified_gmt":"2020-10-23T13:22:29","slug":"activiteiten-camping-ariege","status":"publish","type":"page","link":"https:\/\/www.camping-lesedour.com\/nl\/activiteiten-camping-ariege\/","title":{"rendered":"De activiteiten in de omgeving"},"content":{"rendered":"<section id=\"section-5f6b51e6d8b51\"\" class=\"section bg-color3\" \/><div class=\"container\"><h1 class=\"element section-title center\">Wat doe je in Ariege?<\/h1><\/div><\/section>\n\n<section id=\"section-5f6b51e6d8ffe\"\" class=\"section bg-white p-t-0\" \/><div class=\"container extralarge\"><div class=\"colonnes-wrap valign-top \"><div class=\"element colonne w-40 p-0\"><div class=\"element images\"><div class=\"image\"><img decoding=\"async\" src=\"https:\/\/www.camping-lesedour.com\/wp-content\/uploads\/2020\/09\/randonnee-groupe-ariege-73x100.jpg\" data-src=\"https:\/\/www.camping-lesedour.com\/wp-content\/uploads\/2020\/09\/randonnee-groupe-ariege.jpg\" alt=\"randonn\u00e9e groupe Ari\u00e8ge\" class=\"images_image\" \/><\/div><\/div><\/div><div class=\"element colonne w-60 p-4\"><h2 class=\"element section-title justify\">Activiteiten in de buurt van de camping<\/h2><div class=\"element bloc-text justify \">\n\t<p>De camping &#8221; le S\u00e9dour &#8221; op de <strong class=\"bold color1\">kruising van de valleien<\/strong>.<\/p>\n<p>Het is op het kruispunt van 3 valleien dat de camping &#8220;le S\u00e9dour&#8221; ligt en meer precies bij de opening van de <strong class=\"bold color1\">Valley van de pas van Port<\/strong>, zeer toeristisch.<\/p>\n<p>Tijdens uw verblijf in de <a href=\"\/nl\/\">camping in de Ari\u00e8ge<\/a> heeft u de keuze tussen wandelen in de omgeving van Surba, of een bezoek brengen aan de grot van B\u00e9deilhac (2km van de camping) of het ontdekken van de klimmuur van Calam\u00e8s (3km van de camping) of een dagje doorbrengen in het Prehistorisch Park (2km van de camping). <\/p>\n<p>In Mercus (4 km van de camping) is er een kunstmatige dam in de vorm van een <strong class=\"bold color1\">recreatiecentrum met spelletjes voor kinderen<\/strong>, een restaurant, een guingueterestaurant en een waterskilift geopend van juni tot september.<\/p>\n<p>De <strong class=\"bold color1\">bergbekeningen<\/strong> wachten op vissers (de Saurat, de Loumet, de Courbi\u00e8re&#8230;) maar ook op de Ari\u00e8ge, de Vicdessos en de hooggelegen meren boven Gourbit of Rabat Les 3 Seigneurs.<\/p>\n<p>De <strong class=\"bold color1\">stad van Tarascon<\/strong> ligt op 3 km van de camping &#8221; le S\u00e9dour &#8220;, met zijn oude stenen, zijn winkels, zijn restaurants, zijn bioscoop, zijn bibliotheek en zijn verschillende animaties zullen u verwelkomen voor aangename dagen.<\/p>\n<p>In het zuiden, op 5 km van de camping, kan de <strong class=\"bold color1\">spa resort van Ussat-les-Bains<\/strong>, u fitness verblijven, aquagym sessies of individuele baden \u00e0 la carte (van maart tot november) aanbieden.<\/p>\n<p>Een <strong class=\"bold color1\">waaier van activiteiten voor het hele gezin<\/strong> die het succes van uw verblijf in deze prachtige hoek van de Ari\u00e8ge, in Midi Pyr\u00e9n\u00e9es, zal maken.<\/p>\n<\/div><\/div><\/div><\/div><\/section>\n\n<section id=\"section-5f6b51e6d970e\"\" class=\"section bg-color3\" \/><div class=\"container extralarge\"><h2 class=\"element section-title center\">Onze partners op de camping<\/h2>    \n         \n        \n      <div id=\"filters\" class=\"button-group\">  \n    \n        <button class=\"button is-checked\" data-filter=\"*\">Alles<\/button>\n    \n        <button class=\"button\" data-filter=\".ski\">Ski &#8211; verhuur<\/button>\n    \n        <button class=\"button\" data-filter=\".massage\">Massage &#8211; Ontspannig<\/button>\n    \n        <button class=\"button\" data-filter=\".escalade\">Kletteren &#8211; Canyoning<\/button>\n    \n        <button class=\"button\" data-filter=\".ballade\">Lange en korte wandelingen &#8211; bergwandelingen<\/button>\n    \n        <button class=\"button\" data-filter=\".peche\">Vissen<\/button>\n    \n      <\/div>\n    \n        \n        \n    \n    \n    <div class=\"isotope\">\n    \n      <div class=\"element-item escalade ballade\">\n    \n        <a href=\"http:\/\/waterploof.com\/\" target=\"_blank\">\n    \n          <img decoding=\"async\" src=\"\/wp-content\/themes\/merlin\/img\/kayak-ariege.jpg\" alt=\"kayak ari\u00e8ge\" \/>\n    \n          <span class=\"thumb-info-title\">\n    \n            <span class=\"thumb-info-inner\">Water Ploof<\/span>\n    \n            <span class=\"thumb-info-type\">Kano\u00ebn, kajakken en raften<\/span>\n    \n          <\/span>\n    \n          <p>Kano\u00ebn, Kajakken, Rafting en Stand-Up Paddle in de Ari\u00e8ge<\/p>\n    \n        <\/a>\n    \n      <\/div>\n    \n      <div class=\"element-item ski\">\n    \n        <a href=\"https:\/\/www.location-point-glisse.com\/\" target=\"_blank\">\n    \n          <img decoding=\"async\" src=\"\/wp-content\/themes\/merlin\/img\/ariege-point-glisse.jpg\" alt=\"vacances en camping tarascon\" \/>\n    \n          <p>Skiverhuur &#8211; Skireparatie &#8211; Verkoop van skimateriaal &#8211; Fietsenverhuur<\/p>\n    \n        <\/a>\n    \n      <\/div>\n    \n      <div class=\"element-item ski\">\n    \n        <a href=\"https:\/\/vertikarst.fr\/\" target=\"_blank\">\n    \n          <img decoding=\"async\" src=\"\/wp-content\/themes\/merlin\/img\/vacances-sport-ariege.jpg\" alt=\"vacances en camping tarascon\" \/>\n    \n          <span class=\"thumb-info-title\">\n    \n            <span class=\"thumb-info-inner\">SPELEO &#8211; CANYON<\/span>\n    \n            <span class=\"thumb-info-type\">Speleologie &#8211; Canyoning <\/span>\n    \n          <\/span>\n    \n          <p>Een unieke en sportieve omgeving <\/p>\n    \n        <\/a>\n    \n      <\/div>\n    \n      <div class=\"element-item escalade ballade\">\n    \n        <a href=\"https:\/\/www.sport-location.com\/\" target=\"_blank\">\n    \n          <img decoding=\"async\" src=\"\/wp-content\/themes\/merlin\/img\/location-ariege.jpg\" alt=\"vacances midi pyr\u00e9n\u00e9es\" \/>\n    \n          <span class=\"thumb-info-title\">\n    \n            <span class=\"thumb-info-inner\">SPORT &#8211; LOCATION<\/span>\n    \n            <span class=\"thumb-info-type\">Berg &#8211; Klimmen &#8211; Canyoning<\/span>\n    \n          <\/span>\n    \n          <p>Verhuur van berg-, klim- en canyoning materiaal<\/p>\n    \n        <\/a>\n    \n      <\/div>\n    \n      <div class=\"element-item escalade ballade\">\n    \n        <a href=\"http:\/\/escalade-canyon.com\/\" target=\"_blank\">\n    \n          <img decoding=\"async\" src=\"\/wp-content\/themes\/merlin\/img\/escalade-ariege.jpg\" alt=\"camping midi pyr\u00e9n\u00e9es\" \/>\n    \n          <span class=\"thumb-info-title\">\n    \n            <span class=\"thumb-info-inner\">ROTSKLIMMEN &#8211; CANYON<\/span>\n    \n            <span class=\"thumb-info-type\">Klimmen en Canyoning<\/span>\n    \n          <\/span>\n    \n          <p>Ontdek nieuwe sensaties<\/p>\n    \n        <\/a>\n    \n      <\/div>\n    \n      <div class=\"element-item peche\">\n    \n        <a href=\"http:\/\/www.truiteariegeoise.fr\/\" target=\"_blank\">\n    \n          <img decoding=\"async\" src=\"\/wp-content\/themes\/merlin\/img\/peche-midi-pyrenees.jpg\" alt=\"camping p\u00eache ariege\" \/>\n    \n          <span class=\"thumb-info-title\">\n    \n            <span class=\"thumb-info-inner\">TRUITE ARI\u00c9GEOISE<\/span>\n    \n            <span class=\"thumb-info-type\">Vissen<\/span>\n    \n          <\/span>\n    \n          <p>Vissen op forel, plezier en gezinsvissen<\/p>\n    \n        <\/a>\n    \n      <\/div>\n    \n      <div class=\"element-item ballade\">\n    \n        <a href=\"https:\/\/www.larando.net\/\" target=\"_blank\">\n    \n          <img decoding=\"async\" src=\"\/wp-content\/themes\/merlin\/img\/servaire-ariege.jpg\" alt=\"camping montagne pyr\u00e9n\u00e9es\" \/>\n    \n          <span class=\"thumb-info-title\">\n    \n            <span class=\"thumb-info-inner\">J\u00c9R\u00d4ME SERVAIRE<\/span>\n    \n            <span class=\"thumb-info-type\">Bergleider<\/span>\n    \n          <\/span>\n    \n          <p>Ik ben al meer dan 15 jaar bergbeklimmer en ik heb de Pyrenee\u00ebn van west naar oost en van noord naar zuid doorkruist.<\/p>\n    \n        <\/a>\n    \n      <\/div>\n\n <div class=\"element bloc-text center \">\n\t\n<\/div><\/div><\/section>","protected":false},"excerpt":{"rendered":"","protected":false},"author":1,"featured_media":2619,"parent":0,"menu_order":0,"comment_status":"closed","ping_status":"closed","template":"","meta":{"_acf_changed":false,"footnotes":""},"class_list":["post-325","page","type-page","status-publish","has-post-thumbnail","hentry"],"acf":[],"yoast_head":"<!-- This site is optimized with the Yoast SEO plugin v25.3 - https:\/\/yoast.com\/wordpress\/plugins\/seo\/ -->\n<title>De activiteiten rondom camping le S\u00e9dour, in de Ari\u00e8ge<\/title>\n<meta name=\"description\" content=\"Meer informatie over buitenactiviteiten rondom camping Le S\u00e9dour in Ari\u00e8ge\" \/>\n<meta name=\"robots\" content=\"index, follow, max-snippet:-1, max-image-preview:large, max-video-preview:-1\" \/>\n<link rel=\"canonical\" href=\"https:\/\/www.camping-lesedour.com\/nl\/activiteiten-camping-ariege\/\" \/>\n<meta property=\"og:locale\" content=\"nl_NL\" \/>\n<meta property=\"og:type\" content=\"article\" \/>\n<meta property=\"og:title\" content=\"De activiteiten rondom camping le S\u00e9dour, in de Ari\u00e8ge\" \/>\n<meta property=\"og:description\" content=\"Meer informatie over buitenactiviteiten rondom camping Le S\u00e9dour in Ari\u00e8ge\" \/>\n<meta property=\"og:url\" content=\"https:\/\/www.camping-lesedour.com\/nl\/activiteiten-camping-ariege\/\" \/>\n<meta property=\"og:site_name\" content=\"Camping le S\u00e9dour\" \/>\n<meta property=\"article:modified_time\" content=\"2020-10-23T13:22:29+00:00\" \/>\n<meta property=\"og:image\" content=\"https:\/\/www.camping-lesedour.com\/wp-content\/uploads\/2020\/09\/randonnee-en-ariege.jpg\" \/>\n\t<meta property=\"og:image:width\" content=\"1903\" \/>\n\t<meta property=\"og:image:height\" content=\"550\" \/>\n\t<meta property=\"og:image:type\" content=\"image\/jpeg\" \/>\n<meta name=\"twitter:card\" content=\"summary_large_image\" \/>\n<script type=\"application\/ld+json\" class=\"yoast-schema-graph\">{\"@context\":\"https:\/\/schema.org\",\"@graph\":[{\"@type\":\"WebPage\",\"@id\":\"https:\/\/www.camping-lesedour.com\/nl\/activiteiten-camping-ariege\/\",\"url\":\"https:\/\/www.camping-lesedour.com\/nl\/activiteiten-camping-ariege\/\",\"name\":\"De activiteiten rondom camping le S\u00e9dour, in de Ari\u00e8ge\",\"isPartOf\":{\"@id\":\"https:\/\/www.camping-lesedour.com\/nl\/#website\"},\"primaryImageOfPage\":{\"@id\":\"https:\/\/www.camping-lesedour.com\/nl\/activiteiten-camping-ariege\/#primaryimage\"},\"image\":{\"@id\":\"https:\/\/www.camping-lesedour.com\/nl\/activiteiten-camping-ariege\/#primaryimage\"},\"thumbnailUrl\":\"https:\/\/www.camping-lesedour.com\/wp-content\/uploads\/2020\/09\/randonnee-en-ariege.jpg\",\"datePublished\":\"2015-12-02T19:05:55+00:00\",\"dateModified\":\"2020-10-23T13:22:29+00:00\",\"description\":\"Meer informatie over buitenactiviteiten rondom camping Le S\u00e9dour in Ari\u00e8ge\",\"breadcrumb\":{\"@id\":\"https:\/\/www.camping-lesedour.com\/nl\/activiteiten-camping-ariege\/#breadcrumb\"},\"inLanguage\":\"nl-NL\",\"potentialAction\":[{\"@type\":\"ReadAction\",\"target\":[\"https:\/\/www.camping-lesedour.com\/nl\/activiteiten-camping-ariege\/\"]}]},{\"@type\":\"ImageObject\",\"inLanguage\":\"nl-NL\",\"@id\":\"https:\/\/www.camping-lesedour.com\/nl\/activiteiten-camping-ariege\/#primaryimage\",\"url\":\"https:\/\/www.camping-lesedour.com\/wp-content\/uploads\/2020\/09\/randonnee-en-ariege.jpg\",\"contentUrl\":\"https:\/\/www.camping-lesedour.com\/wp-content\/uploads\/2020\/09\/randonnee-en-ariege.jpg\",\"width\":1903,\"height\":550,\"caption\":\"randonn\u00e9e en Ari\u00e8ge\"},{\"@type\":\"BreadcrumbList\",\"@id\":\"https:\/\/www.camping-lesedour.com\/nl\/activiteiten-camping-ariege\/#breadcrumb\",\"itemListElement\":[{\"@type\":\"ListItem\",\"position\":1,\"name\":\"Kamperen Ariege\",\"item\":\"https:\/\/www.camping-lesedour.com\/nl\/\"},{\"@type\":\"ListItem\",\"position\":2,\"name\":\"Activiteiten Ari\u00e8ge\"}]},{\"@type\":\"WebSite\",\"@id\":\"https:\/\/www.camping-lesedour.com\/nl\/#website\",\"url\":\"https:\/\/www.camping-lesedour.com\/nl\/\",\"name\":\"Camping le S\u00e9dour\",\"description\":\"\",\"potentialAction\":[{\"@type\":\"SearchAction\",\"target\":{\"@type\":\"EntryPoint\",\"urlTemplate\":\"https:\/\/www.camping-lesedour.com\/nl\/?s={search_term_string}\"},\"query-input\":{\"@type\":\"PropertyValueSpecification\",\"valueRequired\":true,\"valueName\":\"search_term_string\"}}],\"inLanguage\":\"nl-NL\"}]}<\/script>\n<!-- \/ Yoast SEO plugin. -->","yoast_head_json":{"title":"De activiteiten rondom camping le S\u00e9dour, in de Ari\u00e8ge","description":"Meer informatie over buitenactiviteiten rondom camping Le S\u00e9dour in Ari\u00e8ge","robots":{"index":"index","follow":"follow","max-snippet":"max-snippet:-1","max-image-preview":"max-image-preview:large","max-video-preview":"max-video-preview:-1"},"canonical":"https:\/\/www.camping-lesedour.com\/nl\/activiteiten-camping-ariege\/","og_locale":"nl_NL","og_type":"article","og_title":"De activiteiten rondom camping le S\u00e9dour, in de Ari\u00e8ge","og_description":"Meer informatie over buitenactiviteiten rondom camping Le S\u00e9dour in Ari\u00e8ge","og_url":"https:\/\/www.camping-lesedour.com\/nl\/activiteiten-camping-ariege\/","og_site_name":"Camping le S\u00e9dour","article_modified_time":"2020-10-23T13:22:29+00:00","og_image":[{"width":1903,"height":550,"url":"https:\/\/www.camping-lesedour.com\/wp-content\/uploads\/2020\/09\/randonnee-en-ariege.jpg","type":"image\/jpeg"}],"twitter_card":"summary_large_image","schema":{"@context":"https:\/\/schema.org","@graph":[{"@type":"WebPage","@id":"https:\/\/www.camping-lesedour.com\/nl\/activiteiten-camping-ariege\/","url":"https:\/\/www.camping-lesedour.com\/nl\/activiteiten-camping-ariege\/","name":"De activiteiten rondom camping le S\u00e9dour, in de Ari\u00e8ge","isPartOf":{"@id":"https:\/\/www.camping-lesedour.com\/nl\/#website"},"primaryImageOfPage":{"@id":"https:\/\/www.camping-lesedour.com\/nl\/activiteiten-camping-ariege\/#primaryimage"},"image":{"@id":"https:\/\/www.camping-lesedour.com\/nl\/activiteiten-camping-ariege\/#primaryimage"},"thumbnailUrl":"https:\/\/www.camping-lesedour.com\/wp-content\/uploads\/2020\/09\/randonnee-en-ariege.jpg","datePublished":"2015-12-02T19:05:55+00:00","dateModified":"2020-10-23T13:22:29+00:00","description":"Meer informatie over buitenactiviteiten rondom camping Le S\u00e9dour in Ari\u00e8ge","breadcrumb":{"@id":"https:\/\/www.camping-lesedour.com\/nl\/activiteiten-camping-ariege\/#breadcrumb"},"inLanguage":"nl-NL","potentialAction":[{"@type":"ReadAction","target":["https:\/\/www.camping-lesedour.com\/nl\/activiteiten-camping-ariege\/"]}]},{"@type":"ImageObject","inLanguage":"nl-NL","@id":"https:\/\/www.camping-lesedour.com\/nl\/activiteiten-camping-ariege\/#primaryimage","url":"https:\/\/www.camping-lesedour.com\/wp-content\/uploads\/2020\/09\/randonnee-en-ariege.jpg","contentUrl":"https:\/\/www.camping-lesedour.com\/wp-content\/uploads\/2020\/09\/randonnee-en-ariege.jpg","width":1903,"height":550,"caption":"randonn\u00e9e en Ari\u00e8ge"},{"@type":"BreadcrumbList","@id":"https:\/\/www.camping-lesedour.com\/nl\/activiteiten-camping-ariege\/#breadcrumb","itemListElement":[{"@type":"ListItem","position":1,"name":"Kamperen Ariege","item":"https:\/\/www.camping-lesedour.com\/nl\/"},{"@type":"ListItem","position":2,"name":"Activiteiten Ari\u00e8ge"}]},{"@type":"WebSite","@id":"https:\/\/www.camping-lesedour.com\/nl\/#website","url":"https:\/\/www.camping-lesedour.com\/nl\/","name":"Camping le S\u00e9dour","description":"","potentialAction":[{"@type":"SearchAction","target":{"@type":"EntryPoint","urlTemplate":"https:\/\/www.camping-lesedour.com\/nl\/?s={search_term_string}"},"query-input":{"@type":"PropertyValueSpecification","valueRequired":true,"valueName":"search_term_string"}}],"inLanguage":"nl-NL"}]}},"_links":{"self":[{"href":"https:\/\/www.camping-lesedour.com\/nl\/wp-json\/wp\/v2\/pages\/325"}],"collection":[{"href":"https:\/\/www.camping-lesedour.com\/nl\/wp-json\/wp\/v2\/pages"}],"about":[{"href":"https:\/\/www.camping-lesedour.com\/nl\/wp-json\/wp\/v2\/types\/page"}],"author":[{"embeddable":true,"href":"https:\/\/www.camping-lesedour.com\/nl\/wp-json\/wp\/v2\/users\/1"}],"replies":[{"embeddable":true,"href":"https:\/\/www.camping-lesedour.com\/nl\/wp-json\/wp\/v2\/comments?post=325"}],"version-history":[{"count":4,"href":"https:\/\/www.camping-lesedour.com\/nl\/wp-json\/wp\/v2\/pages\/325\/revisions"}],"predecessor-version":[{"id":3799,"href":"https:\/\/www.camping-lesedour.com\/nl\/wp-json\/wp\/v2\/pages\/325\/revisions\/3799"}],"wp:featuredmedia":[{"embeddable":true,"href":"https:\/\/www.camping-lesedour.com\/nl\/wp-json\/wp\/v2\/media\/2619"}],"wp:attachment":[{"href":"https:\/\/www.camping-lesedour.com\/nl\/wp-json\/wp\/v2\/media?parent=325"}],"curies":[{"name":"wp","href":"https:\/\/api.w.org\/{rel}","templated":true}]}}