{"id":329,"date":"2015-12-03T18:47:57","date_gmt":"2015-12-03T17:47:57","guid":{"rendered":"https:\/\/www.camping-lesedour.com\/nl\/emplacement-camping-tarascon-ariege\/"},"modified":"2020-10-23T16:28:27","modified_gmt":"2020-10-23T14:28:27","slug":"kampeerplaatsen-camping-tarascon-ariege","status":"publish","type":"page","link":"https:\/\/www.camping-lesedour.com\/nl\/kampeerplaatsen-camping-tarascon-ariege\/","title":{"rendered":"ONZE KAMPEERPLAATSEN"},"content":{"rendered":"<section id=\"section-5f6b51e6d8b51\"\" class=\"section bg-color3\" \/><div class=\"container\"><h1 class=\"element section-title center\">Plaatsen camping Tarascon sur Ariege<\/h1><\/div><\/section>\n\n<section id=\"section-5f6b51e6d8ffe\"\" class=\"section bg-white p-t-0\" \/><div class=\"container\"><div class=\"element bloc-text justify \">\n\t<p><script>\n    window.ctoutvert = {\n        id: 735,\n        lang: 'nl',\n        url: 'https:\/\/bookingpremium.secureholiday.net\/widgets\/', \n    };\n    (function (w, d, s, ctv, r, js, fjs) {\n        r=new XMLHttpRequest();r.open('GET',w[ctv].url+'js\/src.json');\n        r.responseType='json';r.json=true;r.send();\n        r.onload=function(){w[ctv].src=r.responseType=='json'?r.response:JSON.parse(r.response);\n        js.src=w[ctv].src[0];fjs.parentNode.insertBefore(js, fjs);}\n        js=d.createElement(s),fjs=d.getElementsByTagName(s)[0];\n        js.id='ctvwidget';js.async=1;\n    }(window, document, 'script', 'ctoutvert'));\n<\/script><br \/>\n<ctv-availability data-product-id='41509;77002;41508' ><\/ctv-availability><\/p>\n<\/div><\/div><\/section>\n\n<section id=\"section-5f6b51e6d970e\"\" class=\"section bg-color3\" \/><div class=\"container full\"><div class=\"colonnes-wrap valign-middle \"><div class=\"element colonne w-60 p-0\"><div class=\"element images\"><div class=\"image\"><img decoding=\"async\" src=\"https:\/\/www.camping-lesedour.com\/wp-content\/uploads\/2020\/09\/acsi-ariege-100x70.jpg\" data-src=\"https:\/\/www.camping-lesedour.com\/wp-content\/uploads\/2020\/09\/acsi-ariege.jpg\" alt=\"location emplacement occitanie\" class=\"images_image\" \/><\/div><div class=\"image\"><img decoding=\"async\" src=\"https:\/\/www.camping-lesedour.com\/wp-content\/uploads\/2020\/10\/location-emplacement-ariege-100x80.jpg\" data-src=\"https:\/\/www.camping-lesedour.com\/wp-content\/uploads\/2020\/10\/location-emplacement-ariege.jpg\" alt=\"location emplacement ariege\" class=\"images_image\" \/><\/div><\/div><div class=\"element images\"><div class=\"image\"><img decoding=\"async\" src=\"https:\/\/www.camping-lesedour.com\/wp-content\/uploads\/2020\/10\/emplacement-tente-ariege-100x80.jpg\" data-src=\"https:\/\/www.camping-lesedour.com\/wp-content\/uploads\/2020\/10\/emplacement-tente-ariege.jpg\" alt=\"emplacement tente ariege\" class=\"images_image\" \/><\/div><div class=\"image\"><img decoding=\"async\" src=\"https:\/\/www.camping-lesedour.com\/wp-content\/uploads\/2020\/10\/caravaning-ariege-100x80.jpg\" data-src=\"https:\/\/www.camping-lesedour.com\/wp-content\/uploads\/2020\/10\/caravaning-ariege.jpg\" alt=\"caravaning ariege\" class=\"images_image\" \/><\/div><\/div><\/div><div class=\"element colonne p-8 w-40\"><h2 class=\"element section-title left\">Wandelarrangementen<\/h2><div class=\"element bloc-text justify \">\n\t<p>Bij <a href=\"\/nl\/\">camping Ari\u00e8ge<\/a>, bieden wij u <strong class=\"bold color1\">kwaliteitscampings<\/strong>, voor gezinsvakanties met alle comfort.<\/p>\n<p>Intieme en groene percelen zijn beschikbaar voor alleenreizenden te voet of op de fiets. Ideaal voor wandelaars en fietsers, ons pakket bevat een <strong class=\"bold color1\">kampeerplaats voor tenten<\/strong> met een aangename oppervlakte van 80 m2 voor \u00e9\u00e9n persoon.<\/p>\n<p>Elektriciteit is inbegrepen in uw wandelarrangement en maakt het mogelijk om gebruik te maken van persoonlijke of gehuurde comfortuitrusting.<\/p>\n<p>In een <strong class=\"bold color1\">stille omgeving<\/strong> van onze site, kunt u genieten van een aangenaam uitzicht op het landschap van de Ari\u00e8ge met de bergen op de achtergrond.<\/p>\n<p>Uw site is afgebakend door bomen om u een aangename schaduw te bieden en uw rust te garanderen.<\/p>\n<p>De grasmat is ideaal voor een verblijf of een stilstand in de open lucht.<\/p>\n<p><strong class=\"bold color1\">gemeenschappelijke barbecues<\/strong> laten lichte reizigers genieten van het plezier en de gezelligheid van gegrilde gerechten. <\/p>\n<p>Als optie worden tot drie extra personen en twee huisdieren op het terrein geaccepteerd.<\/p>\n<\/div><\/div><\/div><\/div><\/section>\n\n<section id=\"section-duplicate\"\" class=\"section bg-white\" \/><div class=\"container extralarge\"><div class=\"colonnes-wrap valign-middle \"><div class=\"element colonne w-60 p-4\"><h2 class=\"element section-title justify\">Staanplaatsen Comfortpakket<\/h2><div class=\"element bloc-text justify \">\n\t<p>Ideaal voor <strong class=\"bold color1\">reizigers in campers<\/strong> en <strong class=\"bold color1\">reizigers in tenten of caravans<\/strong> met auto, het Comfort Pakket omvat de huur van een ruime en comfortabele staanplaats uitgerust met een elektrische aansluiting.<\/p>\n<p>De 80 tot 100 m\u00b2 oppervlakte van de comfortplaatsen is perfect voor <strong class=\"bold color1\">vakantiegangers met gezinnen<\/strong> en <strong class=\"bold color1\">vakantiegangers met grote tenten<\/strong> in het algemeen. De kampeerplaatsen zijn ook met bomen afgebakend voor uw rust en stilte, met gras en schaduw.<\/p>\n<p>U zult genieten van een prachtig uitzicht op de berg en het natuurlijke landschap van de Ari\u00e8ge. U heeft op uw perceel 10 A elektriciteit, een ideale stroomsterkte voor de aansluiting van uw apparatuur: verlichting, kookapparatuur, koelkasten.<\/p>\n<p>Het gebruik van de houtskoolbarbecue is toegestaan in onze vestiging.<\/p>\n<p>Picknicktafels staan tot uw beschikking om er gebruik van te maken. Tussen <strong class=\"bold color1\">tranquillity<\/strong>, <strong class=\"bold color1\">conviviality<\/strong> en <strong class=\"bold color1\">simplicity<\/strong>, maak je klaar voor een natuurvakantie in de zuiverste kampeergeest!<\/p>\n<\/div><\/div><div class=\"element colonne w-40 p-0\"><div class=\"element images\"><div class=\"image\"><img decoding=\"async\" src=\"https:\/\/www.camping-lesedour.com\/wp-content\/uploads\/2020\/10\/emplacement-confort-ariege-85x100.jpg\" data-src=\"https:\/\/www.camping-lesedour.com\/wp-content\/uploads\/2020\/10\/emplacement-confort-ariege.jpg\" alt=\"emplacement confort ariege\" class=\"images_image\" \/><\/div><\/div><\/div><\/div><\/div><\/section>\n\n<section id=\"section-5f747ff22d561\"\" class=\"section bg-color3\" \/><div class=\"container full\"><div class=\"colonnes-wrap valign-middle \"><div class=\"element colonne w-50 p-0\"><div class=\"element images\"><div class=\"image\"><img decoding=\"async\" src=\"https:\/\/www.camping-lesedour.com\/wp-content\/uploads\/2020\/10\/camping-moto-ariege-100x79.jpg\" data-src=\"https:\/\/www.camping-lesedour.com\/wp-content\/uploads\/2020\/10\/camping-moto-ariege.jpg\" alt=\"camping moto ariege\" class=\"images_image\" \/><\/div><\/div><\/div><div class=\"element colonne p-8 w-50\"><h2 class=\"element section-title justify\">Motorfietspakket in Ariege<\/h2><div class=\"element bloc-text justify \">\n\t<p>De regio Occitani\u00eb, met zijn <strong class=\"bold color1\">variabele landschappen en gematigd klimaat<\/strong> is een ideale bestemming voor motorreizen. De wegen van de Pyrenee\u00ebn bieden <strong class=\"bold color1\">prachtige landschappen<\/strong> met hun veelzijdige bergen.<\/p>\n<p>De bergmassieven van de Ari\u00e8ge concentreren zich op een grote verscheidenheid aan groene landschappen met bossen, weilanden en diepe valleien.<\/p>\n<p>Met de motor ontdekt u de mythische wegen van de Tour de France, zoals de beklimming van het plateau van Beille, de Bonascre-weg boven Ax-les-Thermes, en ook de Port de Lers op enkele kilometers van de camping Le S\u00e9dour. De motor brengt u naar de Mur de P\u00e9gu\u00e8re die de renners van de Tour de France goed kennen !<\/p>\n<p>In een paar minuten met de motor staat u voor <strong class=\"bold color1\">uitzonderlijke plaatsen<\/strong> : glinsterende meren en hydraulische stuwdammen zoals Soulcem of de Etang de Lers, of hangende dorpen op de top van bergen zoals Lap\u00e8ge, panoramische passen met een adembenemend uitzicht en op de top een herberg die beroemd is om zijn gastronomie. <strong class=\"bold color1\">Al deze wonderen in korte tijd per motorfiets<\/strong>.<\/p>\n<p>Voorzichtigheid is echter geboden omdat de weersomstandigheden in de bergen snel kunnen veranderen. Dan vindt u met veel plezier de rustige en gezellige omgeving van uw accommodatie op camping Le S\u00e9dour de Surba.<\/p>\n<\/div><\/div><\/div><\/div><\/section>\n\n<section id=\"section-cta-bas-page\"\" class=\"section bg-white\" \/><div class=\"container extralarge\"><div class=\"element section-title center titre-cta\">Ontdek onze stacaravans te koop of te huur<\/div><ul class=\"liste-de-page\"><li class=\"element call-to-action center titre-cta call-to-action--style-1 call-to-action--normal\"><a href=\"https:\/\/www.camping-lesedour.com\/nl\/camping-ariege-tarieven\/\"  class=\"call-to-action_link\" title=\"Meer informatie over tarieven\"><div class=\"call-to-action_image\"><img decoding=\"async\" src=\"https:\/\/www.camping-lesedour.com\/wp-content\/uploads\/2020\/09\/tarifs-ariege-100x80.jpg\" data-src=\"https:\/\/www.camping-lesedour.com\/wp-content\/uploads\/2020\/09\/tarifs-ariege.jpg\" alt=\"tarifs ariege\" class=\"normal\" \/><\/div><div class=\"call-to-action_contenu\"><div class=\"call-to-action_titre\">Tarieven<\/div><div class=\"call-to-action_texte\">Om er meer over te weten<\/div><\/div><\/a><\/li><li class=\"element call-to-action  call-to-action--style-1 call-to-action--normal\"><a href=\"https:\/\/www.camping-lesedour.com\/nl\/verhuur-mobil-home-ariege\/\"  class=\"call-to-action_link\" title=\"Meer informatie over stacaravans\"><div class=\"call-to-action_image\"><img decoding=\"async\" src=\"https:\/\/www.camping-lesedour.com\/wp-content\/uploads\/2024\/01\/camping-le-sedour-ariege-100x80.jpg\" data-src=\"https:\/\/www.camping-lesedour.com\/wp-content\/uploads\/2024\/01\/camping-le-sedour-ariege.jpg\" alt=\"\" class=\"normal\" \/><\/div><div class=\"call-to-action_contenu\"><div class=\"call-to-action_titre\">Stacaravans<\/div><div class=\"call-to-action_texte\">Om er meer over te weten<\/div><\/div><\/a><\/li><li class=\"element call-to-action  call-to-action--style-1 call-to-action--normal\"><a href=\"https:\/\/www.camping-lesedour.com\/nl\/wordt-eigenaar-mobil-home-ariege\/\"  class=\"call-to-action_link\" title=\"Meer informatie over huiseigenaar worden\"><div class=\"call-to-action_image\"><img decoding=\"async\" src=\"https:\/\/www.camping-lesedour.com\/wp-content\/uploads\/2024\/01\/camping-sedour-devenez-100x80.jpg\" data-src=\"https:\/\/www.camping-lesedour.com\/wp-content\/uploads\/2024\/01\/camping-sedour-devenez.jpg\" alt=\"camping-sedour-devenez\" class=\"normal\" \/><\/div><div class=\"call-to-action_contenu\"><div class=\"call-to-action_titre\">Huiseigenaar worden<\/div><div class=\"call-to-action_texte\">Om er meer over te weten<\/div><\/div><\/a><\/li><\/ul><\/div><\/section>","protected":false},"excerpt":{"rendered":"","protected":false},"author":1,"featured_media":2870,"parent":0,"menu_order":0,"comment_status":"closed","ping_status":"closed","template":"","meta":{"_acf_changed":false,"footnotes":""},"class_list":["post-329","page","type-page","status-publish","has-post-thumbnail","hentry"],"acf":[],"yoast_head":"<!-- This site is optimized with the Yoast SEO plugin v25.3 - https:\/\/yoast.com\/wordpress\/plugins\/seo\/ -->\n<title>Kampeerauto-kampeerplaats | Locatie locatie Ari\u00e8ge (09)<\/title>\n<meta name=\"description\" content=\"Meer informatie over kamperen en caravanverhuur in Ari\u00e8ge: ruim en comfortabel voor een onvergetelijke kampeervakantie.\" \/>\n<meta name=\"robots\" content=\"index, follow, max-snippet:-1, max-image-preview:large, max-video-preview:-1\" \/>\n<link rel=\"canonical\" href=\"https:\/\/www.camping-lesedour.com\/nl\/kampeerplaatsen-camping-tarascon-ariege\/\" \/>\n<meta property=\"og:locale\" content=\"nl_NL\" \/>\n<meta property=\"og:type\" content=\"article\" \/>\n<meta property=\"og:title\" content=\"Kampeerauto-kampeerplaats | Locatie locatie Ari\u00e8ge (09)\" \/>\n<meta property=\"og:description\" content=\"Meer informatie over kamperen en caravanverhuur in Ari\u00e8ge: ruim en comfortabel voor een onvergetelijke kampeervakantie.\" \/>\n<meta property=\"og:url\" content=\"https:\/\/www.camping-lesedour.com\/nl\/kampeerplaatsen-camping-tarascon-ariege\/\" \/>\n<meta property=\"og:site_name\" content=\"Camping le S\u00e9dour\" \/>\n<meta property=\"article:modified_time\" content=\"2020-10-23T14:28:27+00:00\" \/>\n<meta property=\"og:image\" content=\"https:\/\/www.camping-lesedour.com\/wp-content\/uploads\/2020\/09\/emplacement-caravaning-ariege.jpg\" \/>\n\t<meta property=\"og:image:width\" content=\"1903\" \/>\n\t<meta property=\"og:image:height\" content=\"550\" \/>\n\t<meta property=\"og:image:type\" content=\"image\/jpeg\" \/>\n<meta name=\"twitter:card\" content=\"summary_large_image\" \/>\n<script type=\"application\/ld+json\" class=\"yoast-schema-graph\">{\"@context\":\"https:\/\/schema.org\",\"@graph\":[{\"@type\":\"WebPage\",\"@id\":\"https:\/\/www.camping-lesedour.com\/nl\/kampeerplaatsen-camping-tarascon-ariege\/\",\"url\":\"https:\/\/www.camping-lesedour.com\/nl\/kampeerplaatsen-camping-tarascon-ariege\/\",\"name\":\"Kampeerauto-kampeerplaats | Locatie locatie Ari\u00e8ge (09)\",\"isPartOf\":{\"@id\":\"https:\/\/www.camping-lesedour.com\/nl\/#website\"},\"primaryImageOfPage\":{\"@id\":\"https:\/\/www.camping-lesedour.com\/nl\/kampeerplaatsen-camping-tarascon-ariege\/#primaryimage\"},\"image\":{\"@id\":\"https:\/\/www.camping-lesedour.com\/nl\/kampeerplaatsen-camping-tarascon-ariege\/#primaryimage\"},\"thumbnailUrl\":\"https:\/\/www.camping-lesedour.com\/wp-content\/uploads\/2020\/09\/emplacement-caravaning-ariege.jpg\",\"datePublished\":\"2015-12-03T17:47:57+00:00\",\"dateModified\":\"2020-10-23T14:28:27+00:00\",\"description\":\"Meer informatie over kamperen en caravanverhuur in Ari\u00e8ge: ruim en comfortabel voor een onvergetelijke kampeervakantie.\",\"breadcrumb\":{\"@id\":\"https:\/\/www.camping-lesedour.com\/nl\/kampeerplaatsen-camping-tarascon-ariege\/#breadcrumb\"},\"inLanguage\":\"nl-NL\",\"potentialAction\":[{\"@type\":\"ReadAction\",\"target\":[\"https:\/\/www.camping-lesedour.com\/nl\/kampeerplaatsen-camping-tarascon-ariege\/\"]}]},{\"@type\":\"ImageObject\",\"inLanguage\":\"nl-NL\",\"@id\":\"https:\/\/www.camping-lesedour.com\/nl\/kampeerplaatsen-camping-tarascon-ariege\/#primaryimage\",\"url\":\"https:\/\/www.camping-lesedour.com\/wp-content\/uploads\/2020\/09\/emplacement-caravaning-ariege.jpg\",\"contentUrl\":\"https:\/\/www.camping-lesedour.com\/wp-content\/uploads\/2020\/09\/emplacement-caravaning-ariege.jpg\",\"width\":1903,\"height\":550,\"caption\":\"emplacement caravaning ariege\"},{\"@type\":\"BreadcrumbList\",\"@id\":\"https:\/\/www.camping-lesedour.com\/nl\/kampeerplaatsen-camping-tarascon-ariege\/#breadcrumb\",\"itemListElement\":[{\"@type\":\"ListItem\",\"position\":1,\"name\":\"Kamperen Ariege\",\"item\":\"https:\/\/www.camping-lesedour.com\/nl\/\"},{\"@type\":\"ListItem\",\"position\":2,\"name\":\"Huur camping Ari\u00e8ge\"}]},{\"@type\":\"WebSite\",\"@id\":\"https:\/\/www.camping-lesedour.com\/nl\/#website\",\"url\":\"https:\/\/www.camping-lesedour.com\/nl\/\",\"name\":\"Camping le S\u00e9dour\",\"description\":\"\",\"potentialAction\":[{\"@type\":\"SearchAction\",\"target\":{\"@type\":\"EntryPoint\",\"urlTemplate\":\"https:\/\/www.camping-lesedour.com\/nl\/?s={search_term_string}\"},\"query-input\":{\"@type\":\"PropertyValueSpecification\",\"valueRequired\":true,\"valueName\":\"search_term_string\"}}],\"inLanguage\":\"nl-NL\"}]}<\/script>\n<!-- \/ Yoast SEO plugin. -->","yoast_head_json":{"title":"Kampeerauto-kampeerplaats | Locatie locatie Ari\u00e8ge (09)","description":"Meer informatie over kamperen en caravanverhuur in Ari\u00e8ge: ruim en comfortabel voor een onvergetelijke kampeervakantie.","robots":{"index":"index","follow":"follow","max-snippet":"max-snippet:-1","max-image-preview":"max-image-preview:large","max-video-preview":"max-video-preview:-1"},"canonical":"https:\/\/www.camping-lesedour.com\/nl\/kampeerplaatsen-camping-tarascon-ariege\/","og_locale":"nl_NL","og_type":"article","og_title":"Kampeerauto-kampeerplaats | Locatie locatie Ari\u00e8ge (09)","og_description":"Meer informatie over kamperen en caravanverhuur in Ari\u00e8ge: ruim en comfortabel voor een onvergetelijke kampeervakantie.","og_url":"https:\/\/www.camping-lesedour.com\/nl\/kampeerplaatsen-camping-tarascon-ariege\/","og_site_name":"Camping le S\u00e9dour","article_modified_time":"2020-10-23T14:28:27+00:00","og_image":[{"width":1903,"height":550,"url":"https:\/\/www.camping-lesedour.com\/wp-content\/uploads\/2020\/09\/emplacement-caravaning-ariege.jpg","type":"image\/jpeg"}],"twitter_card":"summary_large_image","schema":{"@context":"https:\/\/schema.org","@graph":[{"@type":"WebPage","@id":"https:\/\/www.camping-lesedour.com\/nl\/kampeerplaatsen-camping-tarascon-ariege\/","url":"https:\/\/www.camping-lesedour.com\/nl\/kampeerplaatsen-camping-tarascon-ariege\/","name":"Kampeerauto-kampeerplaats | Locatie locatie Ari\u00e8ge (09)","isPartOf":{"@id":"https:\/\/www.camping-lesedour.com\/nl\/#website"},"primaryImageOfPage":{"@id":"https:\/\/www.camping-lesedour.com\/nl\/kampeerplaatsen-camping-tarascon-ariege\/#primaryimage"},"image":{"@id":"https:\/\/www.camping-lesedour.com\/nl\/kampeerplaatsen-camping-tarascon-ariege\/#primaryimage"},"thumbnailUrl":"https:\/\/www.camping-lesedour.com\/wp-content\/uploads\/2020\/09\/emplacement-caravaning-ariege.jpg","datePublished":"2015-12-03T17:47:57+00:00","dateModified":"2020-10-23T14:28:27+00:00","description":"Meer informatie over kamperen en caravanverhuur in Ari\u00e8ge: ruim en comfortabel voor een onvergetelijke kampeervakantie.","breadcrumb":{"@id":"https:\/\/www.camping-lesedour.com\/nl\/kampeerplaatsen-camping-tarascon-ariege\/#breadcrumb"},"inLanguage":"nl-NL","potentialAction":[{"@type":"ReadAction","target":["https:\/\/www.camping-lesedour.com\/nl\/kampeerplaatsen-camping-tarascon-ariege\/"]}]},{"@type":"ImageObject","inLanguage":"nl-NL","@id":"https:\/\/www.camping-lesedour.com\/nl\/kampeerplaatsen-camping-tarascon-ariege\/#primaryimage","url":"https:\/\/www.camping-lesedour.com\/wp-content\/uploads\/2020\/09\/emplacement-caravaning-ariege.jpg","contentUrl":"https:\/\/www.camping-lesedour.com\/wp-content\/uploads\/2020\/09\/emplacement-caravaning-ariege.jpg","width":1903,"height":550,"caption":"emplacement caravaning ariege"},{"@type":"BreadcrumbList","@id":"https:\/\/www.camping-lesedour.com\/nl\/kampeerplaatsen-camping-tarascon-ariege\/#breadcrumb","itemListElement":[{"@type":"ListItem","position":1,"name":"Kamperen Ariege","item":"https:\/\/www.camping-lesedour.com\/nl\/"},{"@type":"ListItem","position":2,"name":"Huur camping Ari\u00e8ge"}]},{"@type":"WebSite","@id":"https:\/\/www.camping-lesedour.com\/nl\/#website","url":"https:\/\/www.camping-lesedour.com\/nl\/","name":"Camping le S\u00e9dour","description":"","potentialAction":[{"@type":"SearchAction","target":{"@type":"EntryPoint","urlTemplate":"https:\/\/www.camping-lesedour.com\/nl\/?s={search_term_string}"},"query-input":{"@type":"PropertyValueSpecification","valueRequired":true,"valueName":"search_term_string"}}],"inLanguage":"nl-NL"}]}},"_links":{"self":[{"href":"https:\/\/www.camping-lesedour.com\/nl\/wp-json\/wp\/v2\/pages\/329"}],"collection":[{"href":"https:\/\/www.camping-lesedour.com\/nl\/wp-json\/wp\/v2\/pages"}],"about":[{"href":"https:\/\/www.camping-lesedour.com\/nl\/wp-json\/wp\/v2\/types\/page"}],"author":[{"embeddable":true,"href":"https:\/\/www.camping-lesedour.com\/nl\/wp-json\/wp\/v2\/users\/1"}],"replies":[{"embeddable":true,"href":"https:\/\/www.camping-lesedour.com\/nl\/wp-json\/wp\/v2\/comments?post=329"}],"version-history":[{"count":4,"href":"https:\/\/www.camping-lesedour.com\/nl\/wp-json\/wp\/v2\/pages\/329\/revisions"}],"predecessor-version":[{"id":3860,"href":"https:\/\/www.camping-lesedour.com\/nl\/wp-json\/wp\/v2\/pages\/329\/revisions\/3860"}],"wp:featuredmedia":[{"embeddable":true,"href":"https:\/\/www.camping-lesedour.com\/nl\/wp-json\/wp\/v2\/media\/2870"}],"wp:attachment":[{"href":"https:\/\/www.camping-lesedour.com\/nl\/wp-json\/wp\/v2\/media?parent=329"}],"curies":[{"name":"wp","href":"https:\/\/api.w.org\/{rel}","templated":true}]}}