{"id":335,"date":"2015-12-03T19:02:15","date_gmt":"2015-12-03T18:02:15","guid":{"rendered":"https:\/\/www.camping-lesedour.com\/nl\/location-mobil-home-ariege\/"},"modified":"2024-01-11T15:23:28","modified_gmt":"2024-01-11T14:23:28","slug":"verhuur-mobil-home-ariege","status":"publish","type":"page","link":"https:\/\/www.camping-lesedour.com\/nl\/verhuur-mobil-home-ariege\/","title":{"rendered":"Verhuur van stacaravans en chalets Tarascon, Ari\u00e8ge"},"content":{"rendered":"<section id=\"section-5f6b51e6d8b51\"\" class=\"section bg-color3\" \/><div class=\"container\"><h1 class=\"element section-title center\">Verhuur van stacaravans en chalets Tarascon, Ariege<\/h1><div class=\"element bloc-text center \">\n\t<p>U wenst Occitani\u00eb te ontdekken tijdens uw volgende vakantie?<\/p>\n<p>Zoek de ideale stacaravan in onze <a href=\"\/nl\/\">camping Ari\u00e8ge<\/a>. Comfortabel en functioneel, onze stacaravans zijn ideaal voor een vakantie met familie of vrienden in het hart van de Ari\u00e8ge Pyrenee\u00ebn, in het hart van de Ari\u00e8ge Pyrenee\u00ebn.<\/p>\n<\/div><div class=\"element section-title center news-title\">Nieuw voor 2024<\/div><div class=\"element bloc-text justify \">\n\t<p>Ontdek de <strong>nieuwste innovatie<\/strong> voor 2024: al onze campingaccommodaties zijn nu uitgerust met glasvezel, waardoor je verzekerd bent van zeer snel en veilig internet. <strong>Profiteer van de mogelijkheid<\/strong> om direct vanuit je stacaravan te telewerken, tegen een toeslag van <strong>\u20ac15 per week<\/strong> of <strong>\u20ac3 per nacht<\/strong>.<\/p>\n<\/div><\/div><\/section>\n\n<section id=\"section-5f6b51e6d8ffe\"\" class=\"section bg-white p-t-0\" \/><div class=\"container full\"><div class=\"filtres\"><\/div><ul class=\"liste-de-page hebergements row\"><li class=\"hebergement hebergement--init hebergement--style-1  aantal-personen-4 aantal-kamers-2\"><div class=\"hebergement_image\"><img decoding=\"async\" src=\"https:\/\/www.camping-lesedour.com\/wp-content\/uploads\/2020\/09\/camping-sedour-ohara.jpg\" data-src=\"https:\/\/www.camping-lesedour.com\/wp-content\/uploads\/2020\/09\/camping-sedour-ohara.jpg\" alt=\"\" class=\"\" \/><div class=\"hebergement_link\" id=\"3438\"><\/div><\/div><div class=\"hebergement_content\"><div class=\"hebergement_titre hebergement_titre decoration\">Stacaravan O&#8217;HARA 865T<\/div><div class=\"hebergement-attributs\"><span class=\"attribut aantal-personen\">4<i class=\"icon-chambres\"><\/i><\/span><span class=\"attribut aantal-kamers\">2<i class=\"icon-personnes\"><\/i><\/span><\/div><\/div><\/li><li class=\"hebergement hebergement--init hebergement--style-1  aantal-personen-4 aantal-kamers-2\"><div class=\"hebergement_image\"><img decoding=\"async\" src=\"https:\/\/www.camping-lesedour.com\/wp-content\/uploads\/2020\/09\/camping-le-sedour-mh2.jpg\" data-src=\"https:\/\/www.camping-lesedour.com\/wp-content\/uploads\/2020\/09\/camping-le-sedour-mh2.jpg\" alt=\"\" class=\"\" \/><div class=\"hebergement_link\" id=\"3437\"><\/div><\/div><div class=\"hebergement_content\"><div class=\"hebergement_titre hebergement_titre decoration\">Stacaravan 2 slaapkamers<\/div><div class=\"hebergement-attributs\"><span class=\"attribut aantal-personen\">4<i class=\"icon-chambres\"><\/i><\/span><span class=\"attribut aantal-kamers\">2<i class=\"icon-personnes\"><\/i><\/span><\/div><\/div><\/li><li class=\"hebergement hebergement--init hebergement--style-1  aantal-personen-4 aantal-kamers-2\"><div class=\"hebergement_image\"><img decoding=\"async\" src=\"https:\/\/www.camping-lesedour.com\/wp-content\/uploads\/2020\/09\/camping-chalet-ariege.jpg\" data-src=\"https:\/\/www.camping-lesedour.com\/wp-content\/uploads\/2020\/09\/camping-chalet-ariege.jpg\" alt=\"camping chalet Ari\u00e8ge\" class=\"\" \/><div class=\"hebergement_link\" id=\"3436\"><\/div><\/div><div class=\"hebergement_content\"><div class=\"hebergement_titre hebergement_titre decoration\">Chalet 2 slaapkamers<\/div><div class=\"hebergement-attributs\"><span class=\"attribut aantal-personen\">4<i class=\"icon-chambres\"><\/i><\/span><span class=\"attribut aantal-kamers\">2<i class=\"icon-personnes\"><\/i><\/span><\/div><\/div><\/li><li class=\"hebergement hebergement--init hebergement--style-1  aantal-personen-4 aantal-kamers-2\"><div class=\"hebergement_image\"><img decoding=\"async\" src=\"https:\/\/www.camping-lesedour.com\/wp-content\/uploads\/2020\/09\/cocosweet-ariege.jpg\" data-src=\"https:\/\/www.camping-lesedour.com\/wp-content\/uploads\/2020\/09\/cocosweet-ariege.jpg\" alt=\"cocosweet ariege\" class=\"\" \/><div class=\"hebergement_link\" id=\"3421\"><\/div><\/div><div class=\"hebergement_content\"><div class=\"hebergement_titre hebergement_titre decoration\">Cocosweet 2 slaapkamers<\/div><div class=\"hebergement-attributs\"><span class=\"attribut aantal-personen\">4<i class=\"icon-chambres\"><\/i><\/span><span class=\"attribut aantal-kamers\">2<i class=\"icon-personnes\"><\/i><\/span><\/div><\/div><\/li><li class=\"hebergement hebergement--init hebergement--style-1  aantal-personen-2 aantal-kamers-1\"><div class=\"hebergement_image\"><img decoding=\"async\" src=\"https:\/\/www.camping-lesedour.com\/wp-content\/uploads\/2020\/09\/camping-sedour-cahita.jpg\" data-src=\"https:\/\/www.camping-lesedour.com\/wp-content\/uploads\/2020\/09\/camping-sedour-cahita.jpg\" alt=\"\" class=\"\" \/><div class=\"hebergement_link\" id=\"3413\"><\/div><\/div><div class=\"hebergement_content\"><div class=\"hebergement_titre hebergement_titre decoration\">Mobile-home Cahita Riviera 1 slaapkamer<\/div><div class=\"hebergement-attributs\"><span class=\"attribut aantal-personen\">2<i class=\"icon-chambres\"><\/i><\/span><span class=\"attribut aantal-kamers\">1<i class=\"icon-personnes\"><\/i><\/span><\/div><\/div><\/li><li class=\"hebergement hebergement--init hebergement--style-1  aantal-personen-6 aantal-kamers-3\"><div class=\"hebergement_image\"><img decoding=\"async\" src=\"https:\/\/www.camping-lesedour.com\/wp-content\/uploads\/2020\/09\/camping-le-sedour-mh3.jpg\" data-src=\"https:\/\/www.camping-lesedour.com\/wp-content\/uploads\/2020\/09\/camping-le-sedour-mh3.jpg\" alt=\"\" class=\"\" \/><div class=\"hebergement_link\" id=\"3406\"><\/div><\/div><div class=\"hebergement_content\"><div class=\"hebergement_titre hebergement_titre decoration\">Stacaravan 3 slaapkamers<\/div><div class=\"hebergement-attributs\"><span class=\"attribut aantal-personen\">6<i class=\"icon-chambres\"><\/i><\/span><span class=\"attribut aantal-kamers\">3<i class=\"icon-personnes\"><\/i><\/span><\/div><\/div><\/li><li class=\"hebergement hebergement--init hebergement--style-1  aantal-personen-45 aantal-kamers-2\"><div class=\"hebergement_image\"><img decoding=\"async\" src=\"https:\/\/www.camping-lesedour.com\/wp-content\/uploads\/2020\/09\/mobil-home-keywest-ariege.jpg\" data-src=\"https:\/\/www.camping-lesedour.com\/wp-content\/uploads\/2020\/09\/mobil-home-keywest-ariege.jpg\" alt=\"mobil-home keywest ariege\" class=\"\" \/><div class=\"hebergement_link\" id=\"3397\"><\/div><\/div><div class=\"hebergement_content\"><div class=\"hebergement_titre hebergement_titre decoration\">Keywest Stacaravan 2 slaapkamers &#8211; 2 badkamers<\/div><div class=\"hebergement-attributs\"><span class=\"attribut aantal-personen\">4\/5<i class=\"icon-chambres\"><\/i><\/span><span class=\"attribut aantal-kamers\">2<i class=\"icon-personnes\"><\/i><\/span><\/div><\/div><\/li><li class=\"hebergement hebergement--init hebergement--style-1  aantal-personen-4 aantal-kamers-2\"><div class=\"hebergement_image\"><img decoding=\"async\" src=\"https:\/\/www.camping-lesedour.com\/wp-content\/uploads\/2020\/09\/terrasse-hotelier-ariege.jpg\" data-src=\"https:\/\/www.camping-lesedour.com\/wp-content\/uploads\/2020\/09\/terrasse-hotelier-ariege.jpg\" alt=\"terrasse hotelier ariege\" class=\"\" \/><div class=\"hebergement_link\" id=\"3391\"><\/div><\/div><div class=\"hebergement_content\"><div class=\"hebergement_titre hebergement_titre decoration\">Stacaravan Hotellier<\/div><div class=\"hebergement-attributs\"><span class=\"attribut aantal-personen\">4<i class=\"icon-chambres\"><\/i><\/span><span class=\"attribut aantal-kamers\">2<i class=\"icon-personnes\"><\/i><\/span><\/div><\/div><\/li><li class=\"hebergement hebergement--init hebergement--style-1  aantal-personen-4 aantal-kamers-2\"><div class=\"hebergement_image\"><img decoding=\"async\" src=\"https:\/\/www.camping-lesedour.com\/wp-content\/uploads\/2024\/10\/00001198578.webp\" data-src=\"https:\/\/www.camping-lesedour.com\/wp-content\/uploads\/2024\/10\/00001198578.webp\" alt=\"\" class=\"\" \/><div class=\"hebergement_link\" id=\"5706\"><\/div><\/div><div class=\"hebergement_content\"><div class=\"hebergement_titre hebergement_titre decoration\">Stacaravan Comfort 31m2 Bord de Ruisseau<\/div><div class=\"hebergement-attributs\"><span class=\"attribut aantal-personen\">4<i class=\"icon-chambres\"><\/i><\/span><span class=\"attribut aantal-kamers\">2<i class=\"icon-personnes\"><\/i><\/span><\/div><\/div><\/li><\/ul><\/div><\/section>\n\n<section id=\"section-5f6b51e6d970e\"\" class=\"section bg-color3\" \/><div class=\"container full\"><div class=\"colonnes-wrap valign-middle \"><div class=\"element colonne w-60 p-0\"><div class=\"element images\"><div class=\"image\"><img decoding=\"async\" src=\"https:\/\/www.camping-lesedour.com\/wp-content\/uploads\/2020\/09\/salon-mobil-home-ariege-100x70.jpg\" data-src=\"https:\/\/www.camping-lesedour.com\/wp-content\/uploads\/2020\/09\/salon-mobil-home-ariege.jpg\" alt=\"salon mobil-home ariege\" class=\"images_image\" \/><\/div><div class=\"image\"><img decoding=\"async\" src=\"https:\/\/www.camping-lesedour.com\/wp-content\/uploads\/2020\/09\/location-cocosweet-ariege-100x70.jpg\" data-src=\"https:\/\/www.camping-lesedour.com\/wp-content\/uploads\/2020\/09\/location-cocosweet-ariege.jpg\" alt=\"location cocosweet ariege\" class=\"images_image\" \/><\/div><\/div><div class=\"element images\"><div class=\"image\"><img decoding=\"async\" src=\"https:\/\/www.camping-lesedour.com\/wp-content\/uploads\/2020\/09\/interieur-mobil-home-ariege-1-100x70.jpg\" data-src=\"https:\/\/www.camping-lesedour.com\/wp-content\/uploads\/2020\/09\/interieur-mobil-home-ariege-1.jpg\" alt=\"interieur mobil-home ariege\" class=\"images_image\" \/><\/div><div class=\"image\"><img decoding=\"async\" src=\"https:\/\/www.camping-lesedour.com\/wp-content\/uploads\/2020\/09\/location-mobil-home-occitanie-100x70.jpg\" data-src=\"https:\/\/www.camping-lesedour.com\/wp-content\/uploads\/2020\/09\/location-mobil-home-occitanie.jpg\" alt=\"location mobil-home occitanie\" class=\"images_image\" \/><\/div><\/div><\/div><div class=\"element colonne p-8 w-40\"><h2 class=\"element section-title justify\">Verhuur van stacaravans met alle comfort in Ariege<\/h2><div class=\"element bloc-text justify \">\n\t<p>Voor uw <strong class=\"bold color1\">comfortabele vakantie in de Ari\u00e8ge<\/strong>, bieden wij u een reeks van verschillende recente stacaravans perfect uitgerust, met verschillende oppervlakken en configuraties om op de meest geschikte manier duo&#8217;s, koppels met kinderen, grote gezinnen, groepen vrienden en liefhebbers van <strong class=\"bold color1\">ongewoone verblijven<\/strong> te accommoderen.<\/p>\n<p>Ontdek de klassieke stacaravans van meer dan 30 m\u00b2 met 2 of 3 slaapkamers die geschikt zijn voor 4 tot 6 personen, stacaravans in het bijzonder <strong class=\"bold color1\">comfortabel<\/strong> met twee badkamers voor 4 of 5 personen, evenals een <strong class=\"bold color1\">insolite Coco Sweet<\/strong> zonder WC of badkamer, maar dicht bij de sanitaire voorzieningen en uitgerust met een kitchenette en comfortabel beddengoed.<\/p>\n<p>Om u in staat te stellen licht te reizen en te genieten van een verblijf dicht bij de natuur, zorgen wij voor kussens, dekbedden in de kamers van de verhuureenheden. U kunt dus een <strong class=\"bold color1\">serene verblijf<\/strong> doorbrengen en genieten van de kwaliteit van de hoteldiensten in een rustige en behouden natuurlijke omgeving.<\/p>\n<\/div><\/div><\/div><\/div><\/section>\n\n<section id=\"section-duplicate\"\" class=\"section bg-white p-t-0\" \/><div class=\"container extralarge\"><div class=\"colonnes-wrap valign-top \"><div class=\"element colonne w-60 p-4\"><h2 class=\"element section-title justify\">Huur uw stacaravan met terras in de Pyreneeen Ariegeoises<\/h2><div class=\"element bloc-text justify \">\n\t<p>Om u in staat te stellen om tijdens uw verblijf optimaal gebruik te maken van de <strong class=\"bold color1\">Ari\u00e8ge platteland<\/strong>, beschikken al onze huuraccommodaties over een groot priv\u00e9terras.<\/p>\n<p>Geheel of gedeeltelijk overdekt, is het altijd ge\u00efntegreerd: dat wil zeggen dat de vloer op hetzelfde niveau ligt als de binnenkant van uw huur, voor u <strong class=\"bold color1\">meer leefruimte biedend<\/strong>.<\/p>\n<p>Onze terrassen zijn charmant en rustgevend, en zijn versierd met mooie houten balustrades, soms bedekt met canvas zoals in de Key West, die u rust en privacy geven.<\/p>\n<p>De daken en luifels die de terrassen beschutten, zijn ontworpen om schaduw te bieden en u te behoeden voor druppels in geval van regen.<\/p>\n<p>Elk terras is uitgerust met een eigen <strong class=\"bold color1\">buitenmeubilair<\/strong>: tuinmeubilair voor het delen van aangename maaltijden in de open lucht, maar ook ligstoelen om te relaxen op elk moment van de dag.<\/p>\n<p>In al onze stacaravans geniet u vanaf uw terras van een ongelooflijk uitzicht op het landschap van de Ari\u00e8ge.<\/p>\n<p>Le S\u00e9dour is een camping die het hele jaar door geopend is, deze accommodaties zijn in alle vier de seizoenen beschikbaar.<\/p>\n<p>Voor de liefhebbers van de Ari\u00e8ge zult u ook genieten van de verkoop van stacaravans in de Ari\u00e8ge.<\/p>\n<\/div><\/div><div class=\"element colonne w-40 p-0\"><div class=\"element images\"><div class=\"image\"><img decoding=\"async\" src=\"https:\/\/www.camping-lesedour.com\/wp-content\/uploads\/2024\/01\/camping-le-sedour-proprietaire-70x100.jpg\" data-src=\"https:\/\/www.camping-lesedour.com\/wp-content\/uploads\/2024\/01\/camping-le-sedour-proprietaire.jpg\" alt=\"louer mobil-home ariege\" class=\"images_image\" \/><\/div><\/div><\/div><\/div><\/div><\/section>\n\n<section id=\"section-cta-bas-page\"\" class=\"section bg-color3\" \/><div class=\"container extralarge\"><div class=\"element section-title center titre-cta\">Onze staanplaatsen en stacaravans te koop<\/div><ul class=\"liste-de-page\"><li class=\"element call-to-action center titre-cta call-to-action--style-1 call-to-action--normal\"><a href=\"https:\/\/www.camping-lesedour.com\/nl\/camping-ariege-tarieven\/\"  class=\"call-to-action_link\" title=\"Meer informatie over tarieven\"><div class=\"call-to-action_image\"><img decoding=\"async\" src=\"https:\/\/www.camping-lesedour.com\/wp-content\/uploads\/2020\/09\/tarifs-ariege-100x80.jpg\" data-src=\"https:\/\/www.camping-lesedour.com\/wp-content\/uploads\/2020\/09\/tarifs-ariege.jpg\" alt=\"tarifs ariege\" class=\"normal\" \/><\/div><div class=\"call-to-action_contenu\"><div class=\"call-to-action_titre\">Tarieven<\/div><div class=\"call-to-action_texte\">Om er meer over te weten<\/div><\/div><\/a><\/li><li class=\"element call-to-action  call-to-action--style-1 call-to-action--normal\"><a href=\"https:\/\/www.camping-lesedour.com\/nl\/kampeerplaatsen-camping-tarascon-ariege\/\"  class=\"call-to-action_link\" title=\"Meer informatie over de standplaatsen\"><div class=\"call-to-action_image\"><img decoding=\"async\" src=\"https:\/\/www.camping-lesedour.com\/wp-content\/uploads\/2020\/09\/camping-caravaning-ariege-100x80.jpg\" data-src=\"https:\/\/www.camping-lesedour.com\/wp-content\/uploads\/2020\/09\/camping-caravaning-ariege.jpg\" alt=\"camping caravaning ariege\" class=\"normal\" \/><\/div><div class=\"call-to-action_contenu\"><div class=\"call-to-action_titre\">De standplaatsen<\/div><div class=\"call-to-action_texte\">Om er meer over te weten<\/div><\/div><\/a><\/li><li class=\"element call-to-action  call-to-action--style-1 call-to-action--normal\"><a href=\"https:\/\/www.camping-lesedour.com\/nl\/wordt-eigenaar-mobil-home-ariege\/\"  class=\"call-to-action_link\" title=\"Meer informatie over huiseigenaar worden\"><div class=\"call-to-action_image\"><img decoding=\"async\" src=\"https:\/\/www.camping-lesedour.com\/wp-content\/uploads\/2024\/01\/camping-sedour-devenez-100x80.jpg\" data-src=\"https:\/\/www.camping-lesedour.com\/wp-content\/uploads\/2024\/01\/camping-sedour-devenez.jpg\" alt=\"camping-sedour-devenez\" class=\"normal\" \/><\/div><div class=\"call-to-action_contenu\"><div class=\"call-to-action_titre\">Huiseigenaar worden<\/div><div class=\"call-to-action_texte\">Om er meer over te weten<\/div><\/div><\/a><\/li><\/ul><\/div><\/section>","protected":false},"excerpt":{"rendered":"","protected":false},"author":1,"featured_media":5416,"parent":0,"menu_order":0,"comment_status":"closed","ping_status":"closed","template":"","meta":{"_acf_changed":false,"footnotes":""},"class_list":["post-335","page","type-page","status-publish","has-post-thumbnail","hentry"],"acf":[],"yoast_head":"<!-- This site is optimized with the Yoast SEO plugin v25.3 - https:\/\/yoast.com\/wordpress\/plugins\/seo\/ -->\n<title>Stacaravan Ariege - Verhuur stacaravan Tarascon sur Ariege (09)<\/title>\n<meta name=\"description\" content=\"Huur uw stacaravan in het departement Ari\u00e8ge: ontdek hier al onze verhuur van stacaravans op de camping Le S\u00e9dour.\" \/>\n<meta name=\"robots\" content=\"index, follow, max-snippet:-1, max-image-preview:large, max-video-preview:-1\" \/>\n<link rel=\"canonical\" href=\"https:\/\/www.camping-lesedour.com\/nl\/verhuur-mobil-home-ariege\/\" \/>\n<meta property=\"og:locale\" content=\"nl_NL\" \/>\n<meta property=\"og:type\" content=\"article\" \/>\n<meta property=\"og:title\" content=\"Stacaravan Ariege - Verhuur stacaravan Tarascon sur Ariege (09)\" \/>\n<meta property=\"og:description\" content=\"Huur uw stacaravan in het departement Ari\u00e8ge: ontdek hier al onze verhuur van stacaravans op de camping Le S\u00e9dour.\" \/>\n<meta property=\"og:url\" content=\"https:\/\/www.camping-lesedour.com\/nl\/verhuur-mobil-home-ariege\/\" \/>\n<meta property=\"og:site_name\" content=\"Camping le S\u00e9dour\" \/>\n<meta property=\"article:modified_time\" content=\"2024-01-11T14:23:28+00:00\" \/>\n<meta property=\"og:image\" content=\"https:\/\/www.camping-lesedour.com\/wp-content\/uploads\/2024\/01\/camping-le-sedour-locatifs.jpg\" \/>\n\t<meta property=\"og:image:width\" content=\"1903\" \/>\n\t<meta property=\"og:image:height\" content=\"550\" \/>\n\t<meta property=\"og:image:type\" content=\"image\/jpeg\" \/>\n<meta name=\"twitter:card\" content=\"summary_large_image\" \/>\n<script type=\"application\/ld+json\" class=\"yoast-schema-graph\">{\"@context\":\"https:\/\/schema.org\",\"@graph\":[{\"@type\":\"WebPage\",\"@id\":\"https:\/\/www.camping-lesedour.com\/nl\/verhuur-mobil-home-ariege\/\",\"url\":\"https:\/\/www.camping-lesedour.com\/nl\/verhuur-mobil-home-ariege\/\",\"name\":\"Stacaravan Ariege - Verhuur stacaravan Tarascon sur Ariege (09)\",\"isPartOf\":{\"@id\":\"https:\/\/www.camping-lesedour.com\/nl\/#website\"},\"primaryImageOfPage\":{\"@id\":\"https:\/\/www.camping-lesedour.com\/nl\/verhuur-mobil-home-ariege\/#primaryimage\"},\"image\":{\"@id\":\"https:\/\/www.camping-lesedour.com\/nl\/verhuur-mobil-home-ariege\/#primaryimage\"},\"thumbnailUrl\":\"https:\/\/www.camping-lesedour.com\/wp-content\/uploads\/2024\/01\/camping-le-sedour-locatifs.jpg\",\"datePublished\":\"2015-12-03T18:02:15+00:00\",\"dateModified\":\"2024-01-11T14:23:28+00:00\",\"description\":\"Huur uw stacaravan in het departement Ari\u00e8ge: ontdek hier al onze verhuur van stacaravans op de camping Le S\u00e9dour.\",\"breadcrumb\":{\"@id\":\"https:\/\/www.camping-lesedour.com\/nl\/verhuur-mobil-home-ariege\/#breadcrumb\"},\"inLanguage\":\"nl-NL\",\"potentialAction\":[{\"@type\":\"ReadAction\",\"target\":[\"https:\/\/www.camping-lesedour.com\/nl\/verhuur-mobil-home-ariege\/\"]}]},{\"@type\":\"ImageObject\",\"inLanguage\":\"nl-NL\",\"@id\":\"https:\/\/www.camping-lesedour.com\/nl\/verhuur-mobil-home-ariege\/#primaryimage\",\"url\":\"https:\/\/www.camping-lesedour.com\/wp-content\/uploads\/2024\/01\/camping-le-sedour-locatifs.jpg\",\"contentUrl\":\"https:\/\/www.camping-lesedour.com\/wp-content\/uploads\/2024\/01\/camping-le-sedour-locatifs.jpg\",\"width\":1903,\"height\":550},{\"@type\":\"BreadcrumbList\",\"@id\":\"https:\/\/www.camping-lesedour.com\/nl\/verhuur-mobil-home-ariege\/#breadcrumb\",\"itemListElement\":[{\"@type\":\"ListItem\",\"position\":1,\"name\":\"Kamperen Ariege\",\"item\":\"https:\/\/www.camping-lesedour.com\/nl\/\"},{\"@type\":\"ListItem\",\"position\":2,\"name\":\"Stacaravan Ariege\"}]},{\"@type\":\"WebSite\",\"@id\":\"https:\/\/www.camping-lesedour.com\/nl\/#website\",\"url\":\"https:\/\/www.camping-lesedour.com\/nl\/\",\"name\":\"Camping le S\u00e9dour\",\"description\":\"\",\"potentialAction\":[{\"@type\":\"SearchAction\",\"target\":{\"@type\":\"EntryPoint\",\"urlTemplate\":\"https:\/\/www.camping-lesedour.com\/nl\/?s={search_term_string}\"},\"query-input\":{\"@type\":\"PropertyValueSpecification\",\"valueRequired\":true,\"valueName\":\"search_term_string\"}}],\"inLanguage\":\"nl-NL\"}]}<\/script>\n<!-- \/ Yoast SEO plugin. -->","yoast_head_json":{"title":"Stacaravan Ariege - Verhuur stacaravan Tarascon sur Ariege (09)","description":"Huur uw stacaravan in het departement Ari\u00e8ge: ontdek hier al onze verhuur van stacaravans op de camping Le S\u00e9dour.","robots":{"index":"index","follow":"follow","max-snippet":"max-snippet:-1","max-image-preview":"max-image-preview:large","max-video-preview":"max-video-preview:-1"},"canonical":"https:\/\/www.camping-lesedour.com\/nl\/verhuur-mobil-home-ariege\/","og_locale":"nl_NL","og_type":"article","og_title":"Stacaravan Ariege - Verhuur stacaravan Tarascon sur Ariege (09)","og_description":"Huur uw stacaravan in het departement Ari\u00e8ge: ontdek hier al onze verhuur van stacaravans op de camping Le S\u00e9dour.","og_url":"https:\/\/www.camping-lesedour.com\/nl\/verhuur-mobil-home-ariege\/","og_site_name":"Camping le S\u00e9dour","article_modified_time":"2024-01-11T14:23:28+00:00","og_image":[{"width":1903,"height":550,"url":"https:\/\/www.camping-lesedour.com\/wp-content\/uploads\/2024\/01\/camping-le-sedour-locatifs.jpg","type":"image\/jpeg"}],"twitter_card":"summary_large_image","schema":{"@context":"https:\/\/schema.org","@graph":[{"@type":"WebPage","@id":"https:\/\/www.camping-lesedour.com\/nl\/verhuur-mobil-home-ariege\/","url":"https:\/\/www.camping-lesedour.com\/nl\/verhuur-mobil-home-ariege\/","name":"Stacaravan Ariege - Verhuur stacaravan Tarascon sur Ariege (09)","isPartOf":{"@id":"https:\/\/www.camping-lesedour.com\/nl\/#website"},"primaryImageOfPage":{"@id":"https:\/\/www.camping-lesedour.com\/nl\/verhuur-mobil-home-ariege\/#primaryimage"},"image":{"@id":"https:\/\/www.camping-lesedour.com\/nl\/verhuur-mobil-home-ariege\/#primaryimage"},"thumbnailUrl":"https:\/\/www.camping-lesedour.com\/wp-content\/uploads\/2024\/01\/camping-le-sedour-locatifs.jpg","datePublished":"2015-12-03T18:02:15+00:00","dateModified":"2024-01-11T14:23:28+00:00","description":"Huur uw stacaravan in het departement Ari\u00e8ge: ontdek hier al onze verhuur van stacaravans op de camping Le S\u00e9dour.","breadcrumb":{"@id":"https:\/\/www.camping-lesedour.com\/nl\/verhuur-mobil-home-ariege\/#breadcrumb"},"inLanguage":"nl-NL","potentialAction":[{"@type":"ReadAction","target":["https:\/\/www.camping-lesedour.com\/nl\/verhuur-mobil-home-ariege\/"]}]},{"@type":"ImageObject","inLanguage":"nl-NL","@id":"https:\/\/www.camping-lesedour.com\/nl\/verhuur-mobil-home-ariege\/#primaryimage","url":"https:\/\/www.camping-lesedour.com\/wp-content\/uploads\/2024\/01\/camping-le-sedour-locatifs.jpg","contentUrl":"https:\/\/www.camping-lesedour.com\/wp-content\/uploads\/2024\/01\/camping-le-sedour-locatifs.jpg","width":1903,"height":550},{"@type":"BreadcrumbList","@id":"https:\/\/www.camping-lesedour.com\/nl\/verhuur-mobil-home-ariege\/#breadcrumb","itemListElement":[{"@type":"ListItem","position":1,"name":"Kamperen Ariege","item":"https:\/\/www.camping-lesedour.com\/nl\/"},{"@type":"ListItem","position":2,"name":"Stacaravan Ariege"}]},{"@type":"WebSite","@id":"https:\/\/www.camping-lesedour.com\/nl\/#website","url":"https:\/\/www.camping-lesedour.com\/nl\/","name":"Camping le S\u00e9dour","description":"","potentialAction":[{"@type":"SearchAction","target":{"@type":"EntryPoint","urlTemplate":"https:\/\/www.camping-lesedour.com\/nl\/?s={search_term_string}"},"query-input":{"@type":"PropertyValueSpecification","valueRequired":true,"valueName":"search_term_string"}}],"inLanguage":"nl-NL"}]}},"_links":{"self":[{"href":"https:\/\/www.camping-lesedour.com\/nl\/wp-json\/wp\/v2\/pages\/335"}],"collection":[{"href":"https:\/\/www.camping-lesedour.com\/nl\/wp-json\/wp\/v2\/pages"}],"about":[{"href":"https:\/\/www.camping-lesedour.com\/nl\/wp-json\/wp\/v2\/types\/page"}],"author":[{"embeddable":true,"href":"https:\/\/www.camping-lesedour.com\/nl\/wp-json\/wp\/v2\/users\/1"}],"replies":[{"embeddable":true,"href":"https:\/\/www.camping-lesedour.com\/nl\/wp-json\/wp\/v2\/comments?post=335"}],"version-history":[{"count":14,"href":"https:\/\/www.camping-lesedour.com\/nl\/wp-json\/wp\/v2\/pages\/335\/revisions"}],"predecessor-version":[{"id":5528,"href":"https:\/\/www.camping-lesedour.com\/nl\/wp-json\/wp\/v2\/pages\/335\/revisions\/5528"}],"wp:featuredmedia":[{"embeddable":true,"href":"https:\/\/www.camping-lesedour.com\/nl\/wp-json\/wp\/v2\/media\/5416"}],"wp:attachment":[{"href":"https:\/\/www.camping-lesedour.com\/nl\/wp-json\/wp\/v2\/media?parent=335"}],"curies":[{"name":"wp","href":"https:\/\/api.w.org\/{rel}","templated":true}]}}