{"id":3790,"date":"2018-05-09T08:57:15","date_gmt":"2018-05-09T06:57:15","guid":{"rendered":"https:\/\/www.camping-lesedour.com\/vacances-ariege\/"},"modified":"2020-10-23T16:29:15","modified_gmt":"2020-10-23T14:29:15","slug":"vacances-ariege","status":"publish","type":"page","link":"https:\/\/www.camping-lesedour.com\/nl\/vacances-ariege\/","title":{"rendered":"Vacances en Ari\u00e8ge"},"content":{"rendered":"<section id=\"section-5f6b51e6d8b51\"\" class=\"section bg-color3\" \/><div class=\"container\"><h1 class=\"element section-title center\">Vakantie in Ariege<\/h1><\/div><\/section>\n\n<section id=\"section-5f6b51e6d8ffe\"\" class=\"section bg-white p-t-0\" \/><div class=\"container extralarge\"><div class=\"colonnes-wrap valign-top \"><div class=\"element colonne w-40 p-0\"><div class=\"element images\"><div class=\"image\"><img decoding=\"async\" src=\"https:\/\/www.camping-lesedour.com\/wp-content\/uploads\/2020\/09\/vacances-ariege-78x100.jpg\" data-src=\"https:\/\/www.camping-lesedour.com\/wp-content\/uploads\/2020\/09\/vacances-ariege.jpg\" alt=\"vacances ariege\" class=\"images_image\" \/><\/div><\/div><\/div><div class=\"element colonne w-60 p-4\"><div class=\"element bloc-text justify \">\n\t<p>De <strong class=\"bold color1\">Ari\u00e8ge<\/strong> verleidt door zijn geografische ligging, verbaast door zijn reli\u00ebf en verwondert door zijn landschappen. Deze <strong class=\"bold color1\">kleine hoek van het paradijs<\/strong> van de Occitaanse regio, genesteld aan de voet van de centrale Pyrenee\u00ebn en naast Spanje, bestaat uit drie belangrijke geografische gebieden die even gevarieerde als fantastische landschappen bevatten: <strong class=\"bold color1\">de vlakte van de Ari\u00e8ge<\/strong> met zijn groene heuvels, <strong class=\"bold color1\">de Pyreneese uitlopers<\/strong> en de <strong class=\"bold color1\">hoge Ari\u00e8ge land<\/strong> met pieken die oplopen tot meer dan 3.000 meter (pique d&#8217;Estats, Montcalmpiek, Sullo-havenpiek). <\/p>\n<p>Bezoek de regio Midi-Pyr\u00e9n\u00e9es.<\/p>\n<p>De <strong class=\"bold color1\">departement 09<\/strong> heeft drie grote steden die perfect ge\u00efntegreerd zijn in de natuur en die een goed bewaard gebleven cultureel erfgoed herbergen, een must tijdens vakanties in <a href=\"\/nl\/\">camping Ari\u00e8ge<\/a> : Foix (hoofdstad, ongeveer 10 000 inwoners), Pamiers (26 000 inwoners) en Saint-Girons (6 300 inwoners).<\/p>\n<p>Sommige monumenten herinneren ons eraan dat de afdeling vroeger in de <strong class=\"bold color1\">hart van het Katharenland<\/strong> was. Bijna 40% van het grondgebied bevindt zich in het regionale natuurpark van de <strong class=\"bold color1\">Pyr\u00e9n\u00e9es ari\u00e9geoises<\/strong>, een beschermd gebied dat in 2009 is gecre\u00eberd en dat een uitzonderlijke fauna en flora bevat.<\/p>\n<\/div><\/div><\/div><\/div><\/section>\n\n<section id=\"section-5f6b51e6d970e\"\" class=\"section bg-color3\" \/><div class=\"container full\"><div class=\"colonnes-wrap valign-middle \"><div class=\"element colonne w-60 p-0\"><div class=\"element images\"><div class=\"image\"><img decoding=\"async\" src=\"https:\/\/www.camping-lesedour.com\/wp-content\/uploads\/2020\/09\/rafting-ariege-100x80.jpg\" data-src=\"https:\/\/www.camping-lesedour.com\/wp-content\/uploads\/2020\/09\/rafting-ariege.jpg\" alt=\"rafting ariege\" class=\"images_image\" \/><\/div><div class=\"image\"><img decoding=\"async\" src=\"https:\/\/www.camping-lesedour.com\/wp-content\/uploads\/2020\/09\/activite-enfant-ariege-100x80.jpg\" data-src=\"https:\/\/www.camping-lesedour.com\/wp-content\/uploads\/2020\/09\/activite-enfant-ariege.jpg\" alt=\"activite enfant ariege\" class=\"images_image\" \/><\/div><\/div><div class=\"element images\"><div class=\"image\"><img decoding=\"async\" src=\"https:\/\/www.camping-lesedour.com\/wp-content\/uploads\/2020\/09\/randonee-ariege-100x80.jpg\" data-src=\"https:\/\/www.camping-lesedour.com\/wp-content\/uploads\/2020\/09\/randonee-ariege.jpg\" alt=\"randonn\u00e9e ariege\" class=\"images_image\" \/><\/div><div class=\"image\"><img decoding=\"async\" src=\"https:\/\/www.camping-lesedour.com\/wp-content\/uploads\/2020\/09\/speleologie-ariege-100x80.jpg\" data-src=\"https:\/\/www.camping-lesedour.com\/wp-content\/uploads\/2020\/09\/speleologie-ariege.jpg\" alt=\"sp\u00e9l\u00e9ologie ariege\" class=\"images_image\" \/><\/div><\/div><\/div><div class=\"element colonne p-8 w-40\"><h2 class=\"element section-title justify\">Wat is er te zien in de regio Ariege?<\/h2><div class=\"element bloc-text justify \">\n\t<p>De Ari\u00e8ge is een bevoorrechte bestemming voor de <strong class=\"bold color1\">natuurliefhebbers<\/strong>, een land dat gunstig is voor sportvakanties en activiteiten in de buitenlucht.<\/p>\n<p>Als je van wandelen houdt, neem dan de <strong class=\"bold color1\">lange wandelroutes<\/strong> (GR 10, GR 107) en die welke de prachtige natuurgebieden (Mont Valier-reservaat, Orlu-reservaat, Cagateille-skelet) doorkruisen.<\/p>\n<p>Van de oude spoorwegen die zijn omgebouwd tot greenways tot de mythische passen van de Tour de France, de Ari\u00e8ge trekt <strong class=\"bold color1\">cyclopedisten en fietsers<\/strong> aan die graag met hun haren in de wind willen rijden of bergen willen verzetten. <\/p>\n<p>Geeft u de voorkeur aan de <strong class=\"bold color1\">witte watersporten<\/strong> ? Ga in een kajak of kano de 2.500 km waterwegen op.<\/p>\n<p>U kunt ook activiteiten doen bij <strong class=\"bold color1\">strong sensations<\/strong> zoals klimmen, speleologie of canyoning, vliegen over de Pyrenee\u00ebn in een microlight of helikopter.<\/p>\n<p>Zonder de <strong class=\"bold color1\">wintersporten<\/strong> te vergeten wanneer de regio zijn witte vacht aantrekt.<\/p>\n<p>Als u met kinderen op camping Le S\u00e9dour verblijft, bied ze dan een paard, pony of ezelritje aan.<\/p>\n<p>Het bezoeken van de Ari\u00e8ge is ook een manier om de katharenkastelen (kasteel van Monts\u00e9gur, kasteel van Usson, kasteel van Foix), de bastides (Mirepoix, Saint-Lizier), de beroemde grotten (Lombrives, Niaux, B\u00e9deilhac), het prehistorische park van Tarascon en de ongewone sites zoals de ondergrondse rivier van Labouiche en de dolmens van de Mas d&#8217;Azil te ontdekken.<\/p>\n<p>Profiteer van een <strong class=\"bold color1\">dag van ontspanning<\/strong> om de belangrijkste musea van het departement te bezoeken (Puppetry in Laroque d&#8217;Olmes, Pyrenean museum in Niaux) en verdwaal in de <strong class=\"bold color1\">magnifieke dorpen<\/strong> van Saint-Martin-d&#8217;Oydes en Seix.<\/p>\n<\/div><\/div><\/div><\/div><\/section>\n\n<section id=\"section-duplicate\"\" class=\"section bg-white p-t-0\" \/><div class=\"container extralarge\"><div class=\"colonnes-wrap valign-top \"><div class=\"element colonne w-60 p-4\"><h2 class=\"element section-title justify\">Bezoek de afdeling Ariege tijdens uw vakantie<\/h2><div class=\"element bloc-text justify \">\n\t<p>De Ari\u00e8ge biedt de vakantiegangers een ruime keuze aan <strong class=\"bold color1\">vakanties en activiteiten<\/strong> en vele ontdekkingen. Prehistorische grotten, kastelen en beroemde steden zoals Foix behoren tot de must-see. Om nog maar te zwijgen van de <strong class=\"bold color1\">wandelroutes<\/strong> en mythische routes die door het gebied slingeren.<\/p>\n<p>Profiteer van uw <strong class=\"bold color1\">vakanties in de Ari\u00e8ge<\/strong> om de grot van Niaux, de grot van de Koe, de grot van B\u00e9deilhac en die van Lombrives, maar ook het Park van de Prehistorie te bezoeken. Meer dan 14000 jaar geschiedenis, van de prehistorie tot de Katharenperiode zal u worden verteld. U zult de Bastide van Mirepoix niet kunnen missen, de versterkte kastelen zoals Foix, Monts\u00e9gur of zelfs steden zoals de stad Saint Lizier. Ze maken deel uit van de <strong class=\"bold color1\">grote toeristische sites in de Ari\u00e8ge<\/strong>.<\/p>\n<p>De wandelroutes maken ook deel uit van de <strong class=\"bold color1\">uitstapjes die u niet mag<\/strong> missen tijdens uw vakantie in de Ari\u00e8ge. <\/p>\n<p>Te beginnen met de Route des Cols en hun indrukwekkende landschappen, de Sentier Cathare, de Chemin des Bonshommes en de Routes van het Katharisme en de Middeleeuwen.<\/p>\n<p>Andere routes zoals de Way of St. James en de <strong class=\"bold color1\">fameux GR10<\/strong> steken ook de Pyreneese uitlopers en de Ariege Pyrenee\u00ebn over alvorens te eindigen in de Middellandse Zee.<\/p>\n<p>Te voet, op de fiets, met de motor, te paard of met de auto, iedereen zal de beste manier kiezen om de meest spectaculaire panorama&#8217;s van de Ari\u00e8ge beter te waarderen.<\/p>\n<p>Ontdek ook Andorra.<\/p>\n<\/div><\/div><div class=\"element colonne w-40 p-0\"><div class=\"element images\"><div class=\"image\"><img decoding=\"async\" src=\"https:\/\/www.camping-lesedour.com\/wp-content\/uploads\/2020\/09\/randonnee-gr10-ariege-73x100.jpg\" data-src=\"https:\/\/www.camping-lesedour.com\/wp-content\/uploads\/2020\/09\/randonnee-gr10-ariege.jpg\" alt=\"randonn\u00e9e gr10 ariege\" class=\"images_image\" \/><\/div><\/div><\/div><\/div><\/div><\/section>\n\n<section id=\"section-cta-bas-page\"\" class=\"section bg-color3\" \/><div class=\"container extralarge\"><div class=\"element section-title center titre-cta\">Ontdek de Ariege zoals je die nog nooit hebt gezien&#8230;<\/div><ul class=\"liste-de-page\"><li class=\"element call-to-action center titre-cta call-to-action--style-1 call-to-action--normal\"><a href=\"https:\/\/www.camping-lesedour.com\/nl\/nieuws\/kampeer-andorra\/\"  class=\"call-to-action_link\" title=\"Meer informatie over andorra\"><div class=\"call-to-action_image\"><img decoding=\"async\" src=\"https:\/\/www.camping-lesedour.com\/wp-content\/uploads\/2020\/09\/camping-andorre-100x80.jpg\" data-src=\"https:\/\/www.camping-lesedour.com\/wp-content\/uploads\/2020\/09\/camping-andorre.jpg\" alt=\"camping andorre\" class=\"normal\" \/><\/div><div class=\"call-to-action_contenu\"><div class=\"call-to-action_titre\">Andorra<\/div><div class=\"call-to-action_texte\">Om er meer over te weten<\/div><\/div><\/a><\/li><li class=\"element call-to-action  call-to-action--style-1 call-to-action--normal\"><a href=\"https:\/\/www.camping-lesedour.com\/nl\/activites\/kampeer-foix\/\"  class=\"call-to-action_link\" title=\"Meer informatie over foix\"><div class=\"call-to-action_image\"><img decoding=\"async\" src=\"https:\/\/www.camping-lesedour.com\/wp-content\/uploads\/2020\/09\/camping-foix-100x80.jpg\" data-src=\"https:\/\/www.camping-lesedour.com\/wp-content\/uploads\/2020\/09\/camping-foix.jpg\" alt=\"camping foix\" class=\"normal\" \/><\/div><div class=\"call-to-action_contenu\"><div class=\"call-to-action_titre\">Foix<\/div><div class=\"call-to-action_texte\">Om er meer over te weten<\/div><\/div><\/a><\/li><li class=\"element call-to-action  call-to-action--style-1 call-to-action--normal\"><a href=\"https:\/\/www.camping-lesedour.com\/nl\/activites\/kampeer-mirepoix\/\"  class=\"call-to-action_link\" title=\"Meer informatie over mirepoix\"><div class=\"call-to-action_image\"><img decoding=\"async\" src=\"https:\/\/www.camping-lesedour.com\/wp-content\/uploads\/2020\/09\/camping-mirepoi-100x80.jpg\" data-src=\"https:\/\/www.camping-lesedour.com\/wp-content\/uploads\/2020\/09\/camping-mirepoi.jpg\" alt=\"camping mirepoix\" class=\"normal\" \/><\/div><div class=\"call-to-action_contenu\"><div class=\"call-to-action_titre\">Mirepoix<\/div><div class=\"call-to-action_texte\">Om er meer over te weten<\/div><\/div><\/a><\/li><\/ul><\/div><\/section>","protected":false},"excerpt":{"rendered":"","protected":false},"author":1,"featured_media":2525,"parent":0,"menu_order":0,"comment_status":"closed","ping_status":"closed","template":"","meta":{"_acf_changed":false,"footnotes":""},"class_list":["post-3790","page","type-page","status-publish","has-post-thumbnail","hentry"],"acf":[],"yoast_head":"<!-- This site is optimized with the Yoast SEO plugin v25.3 - https:\/\/yoast.com\/wordpress\/plugins\/seo\/ -->\n<title>Wat te doen, wat te bezoeken in de Ari\u00e8ge (09)<\/title>\n<meta name=\"description\" content=\"Ontdek alle rijkdommen van het departement Ari\u00e8ge tijdens uw volgende verblijf op camping Le S\u00e9dour. U bent ideaal gelegen om de Ari\u00e8ge te verkennen.\" \/>\n<meta name=\"robots\" content=\"index, follow, max-snippet:-1, max-image-preview:large, max-video-preview:-1\" \/>\n<link rel=\"canonical\" href=\"https:\/\/www.camping-lesedour.com\/nl\/vacances-ariege\/\" \/>\n<meta property=\"og:locale\" content=\"nl_NL\" \/>\n<meta property=\"og:type\" content=\"article\" \/>\n<meta property=\"og:title\" content=\"Wat te doen, wat te bezoeken in de Ari\u00e8ge (09)\" \/>\n<meta property=\"og:description\" content=\"Ontdek alle rijkdommen van het departement Ari\u00e8ge tijdens uw volgende verblijf op camping Le S\u00e9dour. U bent ideaal gelegen om de Ari\u00e8ge te verkennen.\" \/>\n<meta property=\"og:url\" content=\"https:\/\/www.camping-lesedour.com\/nl\/vacances-ariege\/\" \/>\n<meta property=\"og:site_name\" content=\"Camping le S\u00e9dour\" \/>\n<meta property=\"article:modified_time\" content=\"2020-10-23T14:29:15+00:00\" \/>\n<meta property=\"og:image\" content=\"https:\/\/www.camping-lesedour.com\/wp-content\/uploads\/2020\/09\/paysage-ariege.jpg\" \/>\n\t<meta property=\"og:image:width\" content=\"1903\" \/>\n\t<meta property=\"og:image:height\" content=\"550\" \/>\n\t<meta property=\"og:image:type\" content=\"image\/jpeg\" \/>\n<meta name=\"twitter:card\" content=\"summary_large_image\" \/>\n<script type=\"application\/ld+json\" class=\"yoast-schema-graph\">{\"@context\":\"https:\/\/schema.org\",\"@graph\":[{\"@type\":\"WebPage\",\"@id\":\"https:\/\/www.camping-lesedour.com\/nl\/vacances-ariege\/\",\"url\":\"https:\/\/www.camping-lesedour.com\/nl\/vacances-ariege\/\",\"name\":\"Wat te doen, wat te bezoeken in de Ari\u00e8ge (09)\",\"isPartOf\":{\"@id\":\"https:\/\/www.camping-lesedour.com\/nl\/#website\"},\"primaryImageOfPage\":{\"@id\":\"https:\/\/www.camping-lesedour.com\/nl\/vacances-ariege\/#primaryimage\"},\"image\":{\"@id\":\"https:\/\/www.camping-lesedour.com\/nl\/vacances-ariege\/#primaryimage\"},\"thumbnailUrl\":\"https:\/\/www.camping-lesedour.com\/wp-content\/uploads\/2020\/09\/paysage-ariege.jpg\",\"datePublished\":\"2018-05-09T06:57:15+00:00\",\"dateModified\":\"2020-10-23T14:29:15+00:00\",\"description\":\"Ontdek alle rijkdommen van het departement Ari\u00e8ge tijdens uw volgende verblijf op camping Le S\u00e9dour. U bent ideaal gelegen om de Ari\u00e8ge te verkennen.\",\"breadcrumb\":{\"@id\":\"https:\/\/www.camping-lesedour.com\/nl\/vacances-ariege\/#breadcrumb\"},\"inLanguage\":\"nl-NL\",\"potentialAction\":[{\"@type\":\"ReadAction\",\"target\":[\"https:\/\/www.camping-lesedour.com\/nl\/vacances-ariege\/\"]}]},{\"@type\":\"ImageObject\",\"inLanguage\":\"nl-NL\",\"@id\":\"https:\/\/www.camping-lesedour.com\/nl\/vacances-ariege\/#primaryimage\",\"url\":\"https:\/\/www.camping-lesedour.com\/wp-content\/uploads\/2020\/09\/paysage-ariege.jpg\",\"contentUrl\":\"https:\/\/www.camping-lesedour.com\/wp-content\/uploads\/2020\/09\/paysage-ariege.jpg\",\"width\":1903,\"height\":550,\"caption\":\"paysage ariege\"},{\"@type\":\"BreadcrumbList\",\"@id\":\"https:\/\/www.camping-lesedour.com\/nl\/vacances-ariege\/#breadcrumb\",\"itemListElement\":[{\"@type\":\"ListItem\",\"position\":1,\"name\":\"Kamperen Ariege\",\"item\":\"https:\/\/www.camping-lesedour.com\/nl\/\"},{\"@type\":\"ListItem\",\"position\":2,\"name\":\"De Ari\u00e8ge\"}]},{\"@type\":\"WebSite\",\"@id\":\"https:\/\/www.camping-lesedour.com\/nl\/#website\",\"url\":\"https:\/\/www.camping-lesedour.com\/nl\/\",\"name\":\"Camping le S\u00e9dour\",\"description\":\"\",\"potentialAction\":[{\"@type\":\"SearchAction\",\"target\":{\"@type\":\"EntryPoint\",\"urlTemplate\":\"https:\/\/www.camping-lesedour.com\/nl\/?s={search_term_string}\"},\"query-input\":{\"@type\":\"PropertyValueSpecification\",\"valueRequired\":true,\"valueName\":\"search_term_string\"}}],\"inLanguage\":\"nl-NL\"}]}<\/script>\n<!-- \/ Yoast SEO plugin. -->","yoast_head_json":{"title":"Wat te doen, wat te bezoeken in de Ari\u00e8ge (09)","description":"Ontdek alle rijkdommen van het departement Ari\u00e8ge tijdens uw volgende verblijf op camping Le S\u00e9dour. U bent ideaal gelegen om de Ari\u00e8ge te verkennen.","robots":{"index":"index","follow":"follow","max-snippet":"max-snippet:-1","max-image-preview":"max-image-preview:large","max-video-preview":"max-video-preview:-1"},"canonical":"https:\/\/www.camping-lesedour.com\/nl\/vacances-ariege\/","og_locale":"nl_NL","og_type":"article","og_title":"Wat te doen, wat te bezoeken in de Ari\u00e8ge (09)","og_description":"Ontdek alle rijkdommen van het departement Ari\u00e8ge tijdens uw volgende verblijf op camping Le S\u00e9dour. U bent ideaal gelegen om de Ari\u00e8ge te verkennen.","og_url":"https:\/\/www.camping-lesedour.com\/nl\/vacances-ariege\/","og_site_name":"Camping le S\u00e9dour","article_modified_time":"2020-10-23T14:29:15+00:00","og_image":[{"width":1903,"height":550,"url":"https:\/\/www.camping-lesedour.com\/wp-content\/uploads\/2020\/09\/paysage-ariege.jpg","type":"image\/jpeg"}],"twitter_card":"summary_large_image","schema":{"@context":"https:\/\/schema.org","@graph":[{"@type":"WebPage","@id":"https:\/\/www.camping-lesedour.com\/nl\/vacances-ariege\/","url":"https:\/\/www.camping-lesedour.com\/nl\/vacances-ariege\/","name":"Wat te doen, wat te bezoeken in de Ari\u00e8ge (09)","isPartOf":{"@id":"https:\/\/www.camping-lesedour.com\/nl\/#website"},"primaryImageOfPage":{"@id":"https:\/\/www.camping-lesedour.com\/nl\/vacances-ariege\/#primaryimage"},"image":{"@id":"https:\/\/www.camping-lesedour.com\/nl\/vacances-ariege\/#primaryimage"},"thumbnailUrl":"https:\/\/www.camping-lesedour.com\/wp-content\/uploads\/2020\/09\/paysage-ariege.jpg","datePublished":"2018-05-09T06:57:15+00:00","dateModified":"2020-10-23T14:29:15+00:00","description":"Ontdek alle rijkdommen van het departement Ari\u00e8ge tijdens uw volgende verblijf op camping Le S\u00e9dour. U bent ideaal gelegen om de Ari\u00e8ge te verkennen.","breadcrumb":{"@id":"https:\/\/www.camping-lesedour.com\/nl\/vacances-ariege\/#breadcrumb"},"inLanguage":"nl-NL","potentialAction":[{"@type":"ReadAction","target":["https:\/\/www.camping-lesedour.com\/nl\/vacances-ariege\/"]}]},{"@type":"ImageObject","inLanguage":"nl-NL","@id":"https:\/\/www.camping-lesedour.com\/nl\/vacances-ariege\/#primaryimage","url":"https:\/\/www.camping-lesedour.com\/wp-content\/uploads\/2020\/09\/paysage-ariege.jpg","contentUrl":"https:\/\/www.camping-lesedour.com\/wp-content\/uploads\/2020\/09\/paysage-ariege.jpg","width":1903,"height":550,"caption":"paysage ariege"},{"@type":"BreadcrumbList","@id":"https:\/\/www.camping-lesedour.com\/nl\/vacances-ariege\/#breadcrumb","itemListElement":[{"@type":"ListItem","position":1,"name":"Kamperen Ariege","item":"https:\/\/www.camping-lesedour.com\/nl\/"},{"@type":"ListItem","position":2,"name":"De Ari\u00e8ge"}]},{"@type":"WebSite","@id":"https:\/\/www.camping-lesedour.com\/nl\/#website","url":"https:\/\/www.camping-lesedour.com\/nl\/","name":"Camping le S\u00e9dour","description":"","potentialAction":[{"@type":"SearchAction","target":{"@type":"EntryPoint","urlTemplate":"https:\/\/www.camping-lesedour.com\/nl\/?s={search_term_string}"},"query-input":{"@type":"PropertyValueSpecification","valueRequired":true,"valueName":"search_term_string"}}],"inLanguage":"nl-NL"}]}},"_links":{"self":[{"href":"https:\/\/www.camping-lesedour.com\/nl\/wp-json\/wp\/v2\/pages\/3790"}],"collection":[{"href":"https:\/\/www.camping-lesedour.com\/nl\/wp-json\/wp\/v2\/pages"}],"about":[{"href":"https:\/\/www.camping-lesedour.com\/nl\/wp-json\/wp\/v2\/types\/page"}],"author":[{"embeddable":true,"href":"https:\/\/www.camping-lesedour.com\/nl\/wp-json\/wp\/v2\/users\/1"}],"replies":[{"embeddable":true,"href":"https:\/\/www.camping-lesedour.com\/nl\/wp-json\/wp\/v2\/comments?post=3790"}],"version-history":[{"count":6,"href":"https:\/\/www.camping-lesedour.com\/nl\/wp-json\/wp\/v2\/pages\/3790\/revisions"}],"predecessor-version":[{"id":3862,"href":"https:\/\/www.camping-lesedour.com\/nl\/wp-json\/wp\/v2\/pages\/3790\/revisions\/3862"}],"wp:featuredmedia":[{"embeddable":true,"href":"https:\/\/www.camping-lesedour.com\/nl\/wp-json\/wp\/v2\/media\/2525"}],"wp:attachment":[{"href":"https:\/\/www.camping-lesedour.com\/nl\/wp-json\/wp\/v2\/media?parent=3790"}],"curies":[{"name":"wp","href":"https:\/\/api.w.org\/{rel}","templated":true}]}}