{"id":3829,"date":"2015-12-10T08:05:10","date_gmt":"2015-12-10T07:05:10","guid":{"rendered":"https:\/\/www.camping-lesedour.com\/camping-acsi\/"},"modified":"2020-10-23T16:26:14","modified_gmt":"2020-10-23T14:26:14","slug":"kamperen-acsi","status":"publish","type":"page","link":"https:\/\/www.camping-lesedour.com\/nl\/kamperen-acsi\/","title":{"rendered":"Camping ACSI Ari\u00e8ge"},"content":{"rendered":"<section id=\"section-5f6b51e6d8b51\"\" class=\"section bg-color3\" \/><div class=\"container\"><h1 class=\"element section-title center\">Camping ACSI Ariege<\/h1><\/div><\/section>\n\n<section id=\"section-5f6b51e6d8ffe\"\" class=\"section bg-white p-t-0\" \/><div class=\"container extralarge\"><div class=\"colonnes-wrap valign-top \"><div class=\"element colonne w-40 p-0\"><div class=\"element images\"><div class=\"image\"><img decoding=\"async\" src=\"https:\/\/www.camping-lesedour.com\/wp-content\/uploads\/2020\/09\/vacances-acsi-85x100.jpg\" data-src=\"https:\/\/www.camping-lesedour.com\/wp-content\/uploads\/2020\/09\/vacances-acsi.jpg\" alt=\"vacances acsi\" class=\"images_image\" \/><\/div><\/div><\/div><div class=\"element colonne w-60 p-4\"><div class=\"element bloc-text justify \">\n\t<p>Een verblijf op een kwaliteitscamping tegen een lage prijs is iets wat elke vakantieganger wil. Als u op zoek bent naar een goedkope camping in de Ari\u00e8ge, dan is de camping Le S\u00e9dour *** gelegen in Surba, met het label Tourisme h\u00f4tellerie de plein air Occitanie, op 2 km van Tarascon sur Ari\u00e8ge, het beste adres.<\/p>\n<p>Deze <a href=\"\/nl\/\">camping in ari\u00e8ge<\/a> zal de grote natuurliefhebbers weten te verleiden dankzij zijn <strong class=\"bold color1\">bevoorrechte ligging<\/strong> in het hart van het Regionaal Natuurpark van de Ari\u00e8ge Pyrenee\u00ebn. Het heeft het Acsi-label voor voordelige gezins-, groeps- of duovakanties.<\/p>\n<p>De camping Le S\u00e9dour verwelkomt u in een groene omgeving, omgeven door een <strong class=\"bold color1\">gulle natuur<\/strong>, aan de voet van de S\u00e9dour-berg en aan de oever van een beekje. <\/p>\n<p>Het is gevestigd in een schaduwrijk domein van 1,5 ha, dicht bij een <strong class=\"bold color1\">visvijver<\/strong>. U zult een ontspannende vakantie dicht bij de natuur kunnen doorbrengen tegen een lage prijs. <\/p>\n<\/div><\/div><\/div><\/div><\/section>\n\n<section id=\"section-5f6b51e6d970e\"\" class=\"section bg-color3\" \/><div class=\"container full\"><div class=\"colonnes-wrap valign-middle \"><div class=\"element colonne w-60 p-0\"><div class=\"element images\"><div class=\"image\"><img decoding=\"async\" src=\"https:\/\/www.camping-lesedour.com\/wp-content\/uploads\/2020\/09\/emplacement-acsi-100x70.jpg\" data-src=\"https:\/\/www.camping-lesedour.com\/wp-content\/uploads\/2020\/09\/emplacement-acsi.jpg\" alt=\"emplacement acsi\" class=\"images_image\" \/><\/div><div class=\"image\"><img decoding=\"async\" src=\"https:\/\/www.camping-lesedour.com\/wp-content\/uploads\/2020\/09\/acsi-emplacement-ariege-100x70.jpg\" data-src=\"https:\/\/www.camping-lesedour.com\/wp-content\/uploads\/2020\/09\/acsi-emplacement-ariege.jpg\" alt=\"acsi emplacement ariege\" class=\"images_image\" \/><\/div><\/div><div class=\"element images\"><div class=\"image\"><img decoding=\"async\" src=\"https:\/\/www.camping-lesedour.com\/wp-content\/uploads\/2020\/09\/acsi-ariege-100x70.jpg\" data-src=\"https:\/\/www.camping-lesedour.com\/wp-content\/uploads\/2020\/09\/acsi-ariege.jpg\" alt=\"acsi ariege\" class=\"images_image\" \/><\/div><div class=\"image\"><img decoding=\"async\" src=\"https:\/\/www.camping-lesedour.com\/wp-content\/uploads\/2020\/09\/allee-camping-ariege-100x70.jpg\" data-src=\"https:\/\/www.camping-lesedour.com\/wp-content\/uploads\/2020\/09\/allee-camping-ariege.jpg\" alt=\"allee camping ariege\" class=\"images_image\" \/><\/div><\/div><\/div><div class=\"element colonne p-8 w-40\"><h2 class=\"element section-title justify m-t-6\">WERKING VAN DE ACSI-KAART<\/h2><div class=\"element bloc-text justify \">\n\t<p>De <strong class=\"bold color1\">kortingskaart Acsi<\/strong> is een kaart die het mogelijk maakt om te verblijven in buitenhotels met het label Le S\u00e9dour camping op <strong class=\"bold color1\">kortingskaart Acsi<\/strong>. Om te kunnen profiteren van de speciale tarieven, hoeft u alleen maar een Acsi-kaart te hebben die geldig is in het lopende jaar en <strong class=\"bold color1\">verblijft buiten het seizoen<\/strong>.<\/p>\n<p>In het bijzonder kunt u uw Acsi-kaart gebruiken voor de verhuur van kampeer- en caravanplaatsen. De puristen van de camping zullen als eerste blij zijn met een verblijf in een caravan, camper en tent tegen lage kosten in de <strong class=\"bold color1\">hart van de natuur<\/strong> in campings die lid zijn van het Acsi-netwerk, zoals camping Le S\u00e9dour. Aangezien deze <strong class=\"bold color1\">familiebedrijf<\/strong> het hele jaar door open is, kunt u op verschillende tijdstippen van het jaar buiten het seizoen komen.<\/p>\n<\/div><\/div><\/div><\/div><\/section>\n\n<section id=\"section-duplicate\"\" class=\"section bg-white p-t-0\" \/><div class=\"container extralarge\"><div class=\"colonnes-wrap valign-top \"><div class=\"element colonne w-60 p-4\"><h2 class=\"element section-title justify\">KAMPEREN IN ARIEGE MET ZIJN ACSI-KAART<\/h2><div class=\"element bloc-text justify \">\n\t<p>Camping Le S\u00e9dour is een must om tegen lagere kosten te kamperen in de Ari\u00e8ge met uw Acsi-kaart. Als <strong class=\"bold color1\">partner van het Acsi<\/strong> netwerk en een camping die het hele jaar geopend is, verwelkomt het de vakantiegangers die in het bezit zijn van de kortingskaart buiten de periode juli-augustus. <\/p>\n<p>Het biedt lagere tarieven voor de verhuur van ruime en schaduwrijke plaatsen voor tenten, campers en caravans.<\/p>\n<p>In het laagseizoen kunt u naar deze camping in de Ari\u00e8ge komen om <strong class=\"bold color1\">traditionele camping aan het water te doen<\/strong> en de <strong class=\"bold color1\">natuurlijke rijkdom<\/strong> van de regio te ontdekken. <\/p>\n<p>Natuurreservaat, groene bergen, beekjes en visvijvers worden uw speelplaatsen buiten de camping, een paradijs voor wandelaars, watersporters, ski\u00ebrs, fietsers en vele andere buitenactiviteiten in de loop van het seizoen. Speeltuinen, sportterreinen en andere faciliteiten zijn ook beschikbaar op het terrein tijdens uw <strong class=\"bold color1\">cheap vakantie in de Ari\u00e8ge<\/strong>. <\/p>\n<\/div><\/div><div class=\"element colonne w-40 p-0\"><div class=\"element images\"><div class=\"image\"><img decoding=\"async\" src=\"https:\/\/www.camping-lesedour.com\/wp-content\/uploads\/2020\/09\/petanque-ariege-78x100.jpg\" data-src=\"https:\/\/www.camping-lesedour.com\/wp-content\/uploads\/2020\/09\/petanque-ariege.jpg\" alt=\"petanque ariege\" class=\"images_image\" \/><\/div><\/div><\/div><\/div><\/div><\/section>\n\n<section id=\"section-cta-bas-page\"\" class=\"section bg-color3\" \/><div class=\"container extralarge\"><div class=\"element section-title center titre-cta\">Onze verhuur en staanplaatsen op de camping<\/div><ul class=\"liste-de-page\"><li class=\"element call-to-action center titre-cta call-to-action--style-1 call-to-action--normal\"><a href=\"https:\/\/www.camping-lesedour.com\/nl\/camping-ariege-tarieven\/\"  class=\"call-to-action_link\" title=\"Meer informatie over tarieven\"><div class=\"call-to-action_image\"><img decoding=\"async\" src=\"https:\/\/www.camping-lesedour.com\/wp-content\/uploads\/2020\/09\/tarifs-ariege-100x80.jpg\" data-src=\"https:\/\/www.camping-lesedour.com\/wp-content\/uploads\/2020\/09\/tarifs-ariege.jpg\" alt=\"tarifs ariege\" class=\"normal\" \/><\/div><div class=\"call-to-action_contenu\"><div class=\"call-to-action_titre\">Tarieven<\/div><div class=\"call-to-action_texte\">Om er meer over te weten<\/div><\/div><\/a><\/li><li class=\"element call-to-action  call-to-action--style-1 call-to-action--normal\"><a href=\"https:\/\/www.camping-lesedour.com\/nl\/kampeerplaatsen-camping-tarascon-ariege\/\"  class=\"call-to-action_link\" title=\"Meer informatie over de standplaatsen\"><div class=\"call-to-action_image\"><img decoding=\"async\" src=\"https:\/\/www.camping-lesedour.com\/wp-content\/uploads\/2020\/09\/camping-caravaning-ariege-100x80.jpg\" data-src=\"https:\/\/www.camping-lesedour.com\/wp-content\/uploads\/2020\/09\/camping-caravaning-ariege.jpg\" alt=\"camping caravaning ariege\" class=\"normal\" \/><\/div><div class=\"call-to-action_contenu\"><div class=\"call-to-action_titre\">De standplaatsen<\/div><div class=\"call-to-action_texte\">Om er meer over te weten<\/div><\/div><\/a><\/li><li class=\"element call-to-action  call-to-action--style-1 call-to-action--normal\"><a href=\"https:\/\/www.camping-lesedour.com\/nl\/verhuur-mobil-home-ariege\/\"  class=\"call-to-action_link\" title=\"Meer informatie over stacaravans\"><div class=\"call-to-action_image\"><img decoding=\"async\" src=\"https:\/\/www.camping-lesedour.com\/wp-content\/uploads\/2024\/01\/camping-le-sedour-ariege-100x80.jpg\" data-src=\"https:\/\/www.camping-lesedour.com\/wp-content\/uploads\/2024\/01\/camping-le-sedour-ariege.jpg\" alt=\"\" class=\"normal\" \/><\/div><div class=\"call-to-action_contenu\"><div class=\"call-to-action_titre\">Stacaravans<\/div><div class=\"call-to-action_texte\">Om er meer over te weten<\/div><\/div><\/a><\/li><\/ul><\/div><\/section>","protected":false},"excerpt":{"rendered":"","protected":false},"author":1,"featured_media":2748,"parent":0,"menu_order":0,"comment_status":"closed","ping_status":"closed","template":"","meta":{"_acf_changed":false,"footnotes":""},"class_list":["post-3829","page","type-page","status-publish","has-post-thumbnail","hentry"],"acf":[],"yoast_head":"<!-- This site is optimized with the Yoast SEO plugin v25.3 - https:\/\/yoast.com\/wordpress\/plugins\/seo\/ -->\n<title>Camping ACSI - ACSI Card Ariege - Partnercamping ACSI Tarascon 09<\/title>\n<meta name=\"description\" content=\"Meer informatie over de ACSI-kaart voor uw verblijf op camping Le S\u00e9dour in de Ari\u00e8ge\" \/>\n<meta name=\"robots\" content=\"index, follow, max-snippet:-1, max-image-preview:large, max-video-preview:-1\" \/>\n<link rel=\"canonical\" href=\"https:\/\/www.camping-lesedour.com\/nl\/kamperen-acsi\/\" \/>\n<meta property=\"og:locale\" content=\"nl_NL\" \/>\n<meta property=\"og:type\" content=\"article\" \/>\n<meta property=\"og:title\" content=\"Camping ACSI - ACSI Card Ariege - Partnercamping ACSI Tarascon 09\" \/>\n<meta property=\"og:description\" content=\"Meer informatie over de ACSI-kaart voor uw verblijf op camping Le S\u00e9dour in de Ari\u00e8ge\" \/>\n<meta property=\"og:url\" content=\"https:\/\/www.camping-lesedour.com\/nl\/kamperen-acsi\/\" \/>\n<meta property=\"og:site_name\" content=\"Camping le S\u00e9dour\" \/>\n<meta property=\"article:modified_time\" content=\"2020-10-23T14:26:14+00:00\" \/>\n<meta property=\"og:image\" content=\"https:\/\/www.camping-lesedour.com\/wp-content\/uploads\/2020\/09\/camping-acsi.jpg\" \/>\n\t<meta property=\"og:image:width\" content=\"1903\" \/>\n\t<meta property=\"og:image:height\" content=\"550\" \/>\n\t<meta property=\"og:image:type\" content=\"image\/jpeg\" \/>\n<meta name=\"twitter:card\" content=\"summary_large_image\" \/>\n<script type=\"application\/ld+json\" class=\"yoast-schema-graph\">{\"@context\":\"https:\/\/schema.org\",\"@graph\":[{\"@type\":\"WebPage\",\"@id\":\"https:\/\/www.camping-lesedour.com\/nl\/kamperen-acsi\/\",\"url\":\"https:\/\/www.camping-lesedour.com\/nl\/kamperen-acsi\/\",\"name\":\"Camping ACSI - ACSI Card Ariege - Partnercamping ACSI Tarascon 09\",\"isPartOf\":{\"@id\":\"https:\/\/www.camping-lesedour.com\/nl\/#website\"},\"primaryImageOfPage\":{\"@id\":\"https:\/\/www.camping-lesedour.com\/nl\/kamperen-acsi\/#primaryimage\"},\"image\":{\"@id\":\"https:\/\/www.camping-lesedour.com\/nl\/kamperen-acsi\/#primaryimage\"},\"thumbnailUrl\":\"https:\/\/www.camping-lesedour.com\/wp-content\/uploads\/2020\/09\/camping-acsi.jpg\",\"datePublished\":\"2015-12-10T07:05:10+00:00\",\"dateModified\":\"2020-10-23T14:26:14+00:00\",\"description\":\"Meer informatie over de ACSI-kaart voor uw verblijf op camping Le S\u00e9dour in de Ari\u00e8ge\",\"breadcrumb\":{\"@id\":\"https:\/\/www.camping-lesedour.com\/nl\/kamperen-acsi\/#breadcrumb\"},\"inLanguage\":\"nl-NL\",\"potentialAction\":[{\"@type\":\"ReadAction\",\"target\":[\"https:\/\/www.camping-lesedour.com\/nl\/kamperen-acsi\/\"]}]},{\"@type\":\"ImageObject\",\"inLanguage\":\"nl-NL\",\"@id\":\"https:\/\/www.camping-lesedour.com\/nl\/kamperen-acsi\/#primaryimage\",\"url\":\"https:\/\/www.camping-lesedour.com\/wp-content\/uploads\/2020\/09\/camping-acsi.jpg\",\"contentUrl\":\"https:\/\/www.camping-lesedour.com\/wp-content\/uploads\/2020\/09\/camping-acsi.jpg\",\"width\":1903,\"height\":550,\"caption\":\"camping acsi\"},{\"@type\":\"BreadcrumbList\",\"@id\":\"https:\/\/www.camping-lesedour.com\/nl\/kamperen-acsi\/#breadcrumb\",\"itemListElement\":[{\"@type\":\"ListItem\",\"position\":1,\"name\":\"Kamperen Ariege\",\"item\":\"https:\/\/www.camping-lesedour.com\/nl\/\"},{\"@type\":\"ListItem\",\"position\":2,\"name\":\"Camping ACSI Ari\u00e8ge\"}]},{\"@type\":\"WebSite\",\"@id\":\"https:\/\/www.camping-lesedour.com\/nl\/#website\",\"url\":\"https:\/\/www.camping-lesedour.com\/nl\/\",\"name\":\"Camping le S\u00e9dour\",\"description\":\"\",\"potentialAction\":[{\"@type\":\"SearchAction\",\"target\":{\"@type\":\"EntryPoint\",\"urlTemplate\":\"https:\/\/www.camping-lesedour.com\/nl\/?s={search_term_string}\"},\"query-input\":{\"@type\":\"PropertyValueSpecification\",\"valueRequired\":true,\"valueName\":\"search_term_string\"}}],\"inLanguage\":\"nl-NL\"}]}<\/script>\n<!-- \/ Yoast SEO plugin. -->","yoast_head_json":{"title":"Camping ACSI - ACSI Card Ariege - Partnercamping ACSI Tarascon 09","description":"Meer informatie over de ACSI-kaart voor uw verblijf op camping Le S\u00e9dour in de Ari\u00e8ge","robots":{"index":"index","follow":"follow","max-snippet":"max-snippet:-1","max-image-preview":"max-image-preview:large","max-video-preview":"max-video-preview:-1"},"canonical":"https:\/\/www.camping-lesedour.com\/nl\/kamperen-acsi\/","og_locale":"nl_NL","og_type":"article","og_title":"Camping ACSI - ACSI Card Ariege - Partnercamping ACSI Tarascon 09","og_description":"Meer informatie over de ACSI-kaart voor uw verblijf op camping Le S\u00e9dour in de Ari\u00e8ge","og_url":"https:\/\/www.camping-lesedour.com\/nl\/kamperen-acsi\/","og_site_name":"Camping le S\u00e9dour","article_modified_time":"2020-10-23T14:26:14+00:00","og_image":[{"width":1903,"height":550,"url":"https:\/\/www.camping-lesedour.com\/wp-content\/uploads\/2020\/09\/camping-acsi.jpg","type":"image\/jpeg"}],"twitter_card":"summary_large_image","schema":{"@context":"https:\/\/schema.org","@graph":[{"@type":"WebPage","@id":"https:\/\/www.camping-lesedour.com\/nl\/kamperen-acsi\/","url":"https:\/\/www.camping-lesedour.com\/nl\/kamperen-acsi\/","name":"Camping ACSI - ACSI Card Ariege - Partnercamping ACSI Tarascon 09","isPartOf":{"@id":"https:\/\/www.camping-lesedour.com\/nl\/#website"},"primaryImageOfPage":{"@id":"https:\/\/www.camping-lesedour.com\/nl\/kamperen-acsi\/#primaryimage"},"image":{"@id":"https:\/\/www.camping-lesedour.com\/nl\/kamperen-acsi\/#primaryimage"},"thumbnailUrl":"https:\/\/www.camping-lesedour.com\/wp-content\/uploads\/2020\/09\/camping-acsi.jpg","datePublished":"2015-12-10T07:05:10+00:00","dateModified":"2020-10-23T14:26:14+00:00","description":"Meer informatie over de ACSI-kaart voor uw verblijf op camping Le S\u00e9dour in de Ari\u00e8ge","breadcrumb":{"@id":"https:\/\/www.camping-lesedour.com\/nl\/kamperen-acsi\/#breadcrumb"},"inLanguage":"nl-NL","potentialAction":[{"@type":"ReadAction","target":["https:\/\/www.camping-lesedour.com\/nl\/kamperen-acsi\/"]}]},{"@type":"ImageObject","inLanguage":"nl-NL","@id":"https:\/\/www.camping-lesedour.com\/nl\/kamperen-acsi\/#primaryimage","url":"https:\/\/www.camping-lesedour.com\/wp-content\/uploads\/2020\/09\/camping-acsi.jpg","contentUrl":"https:\/\/www.camping-lesedour.com\/wp-content\/uploads\/2020\/09\/camping-acsi.jpg","width":1903,"height":550,"caption":"camping acsi"},{"@type":"BreadcrumbList","@id":"https:\/\/www.camping-lesedour.com\/nl\/kamperen-acsi\/#breadcrumb","itemListElement":[{"@type":"ListItem","position":1,"name":"Kamperen Ariege","item":"https:\/\/www.camping-lesedour.com\/nl\/"},{"@type":"ListItem","position":2,"name":"Camping ACSI Ari\u00e8ge"}]},{"@type":"WebSite","@id":"https:\/\/www.camping-lesedour.com\/nl\/#website","url":"https:\/\/www.camping-lesedour.com\/nl\/","name":"Camping le S\u00e9dour","description":"","potentialAction":[{"@type":"SearchAction","target":{"@type":"EntryPoint","urlTemplate":"https:\/\/www.camping-lesedour.com\/nl\/?s={search_term_string}"},"query-input":{"@type":"PropertyValueSpecification","valueRequired":true,"valueName":"search_term_string"}}],"inLanguage":"nl-NL"}]}},"_links":{"self":[{"href":"https:\/\/www.camping-lesedour.com\/nl\/wp-json\/wp\/v2\/pages\/3829"}],"collection":[{"href":"https:\/\/www.camping-lesedour.com\/nl\/wp-json\/wp\/v2\/pages"}],"about":[{"href":"https:\/\/www.camping-lesedour.com\/nl\/wp-json\/wp\/v2\/types\/page"}],"author":[{"embeddable":true,"href":"https:\/\/www.camping-lesedour.com\/nl\/wp-json\/wp\/v2\/users\/1"}],"replies":[{"embeddable":true,"href":"https:\/\/www.camping-lesedour.com\/nl\/wp-json\/wp\/v2\/comments?post=3829"}],"version-history":[{"count":4,"href":"https:\/\/www.camping-lesedour.com\/nl\/wp-json\/wp\/v2\/pages\/3829\/revisions"}],"predecessor-version":[{"id":3850,"href":"https:\/\/www.camping-lesedour.com\/nl\/wp-json\/wp\/v2\/pages\/3829\/revisions\/3850"}],"wp:featuredmedia":[{"embeddable":true,"href":"https:\/\/www.camping-lesedour.com\/nl\/wp-json\/wp\/v2\/media\/2748"}],"wp:attachment":[{"href":"https:\/\/www.camping-lesedour.com\/nl\/wp-json\/wp\/v2\/media?parent=3829"}],"curies":[{"name":"wp","href":"https:\/\/api.w.org\/{rel}","templated":true}]}}