{"id":396,"date":"2015-11-30T18:31:59","date_gmt":"2015-11-30T17:31:59","guid":{"rendered":"https:\/\/www.camping-lesedour.com\/nl\/contact-camping-ariege\/"},"modified":"2024-01-11T09:53:00","modified_gmt":"2024-01-11T08:53:00","slug":"neem-contact-camping-ariege","status":"publish","type":"page","link":"https:\/\/www.camping-lesedour.com\/nl\/neem-contact-camping-ariege\/","title":{"rendered":"Neem contact op wij"},"content":{"rendered":"<section id=\"section-5f6b51e6d8b51\"\" class=\"section bg-color3\" \/><div class=\"container\"><h1 class=\"element section-title center\">Toegang tot de camping<\/h1><\/div><\/section>\n\n<section id=\"section-5f6b51e6d8ffe\"\" class=\"section bg-white p-t-0\" \/><div class=\"container extralarge\"><div class=\"colonnes-wrap valign-top \"><div class=\"element colonne w-40 p-0\"><div class=\"element images\"><div class=\"image\"><img decoding=\"async\" src=\"https:\/\/www.camping-lesedour.com\/wp-content\/uploads\/2020\/10\/reception-ariege-1-85x100.jpg\" data-src=\"https:\/\/www.camping-lesedour.com\/wp-content\/uploads\/2020\/10\/reception-ariege-1.jpg\" alt=\"reception ariege\" class=\"images_image\" \/><\/div><\/div><\/div><div class=\"element colonne w-60 p-4\"><h2 class=\"element section-title justify\">Contacteer ons op de camping<\/h2><div class=\"element bloc-text justify \">\n\t<p>Voor alle informatie, reservering, aarzel niet om het contactformulier te sturen.<\/p>\n<ul>\n<li><strong class=\"bold color1\">Adres<\/strong> : Camping le S\u00e9dour, 09400 Surba \/ Tarascon sur Ari\u00e8ge, Ari\u00e8ge, Occitanie<\/li>\n<li><strong class=\"bold color1\">Telefoon<\/strong> : +33 (0)5 61 05 87 28<\/li>\n<li><strong class=\"bold color1\">Bernard (reservering)<\/strong> : +33 (0)7 83 38 73 57<\/li>\n<li><strong class=\"bold color1\">Christophe (eigenaar)<\/strong> : +33 (0)6 49 52 39 38*<\/li>\n<li><strong class=\"bold color1\">E-mail<\/strong> : <a href=\"mailto:campinglesedour@orange.fr\" target=\"_blank\" rel=\"noopener\">campinglesedour@orange.fr<\/a><\/li>\n<\/ul>\n<p>In <strong class=\"bold color1\"> geval van geschil<\/strong> en na contact te hebben opgenomen met de &#8220;klant&#8221;-service van het etablissement, heeft elke klant van de camping de mogelijkheid om contact op te nemen met een consumentenbemiddelaar, binnen een periode van maximaal een jaar na de datum van de schriftelijke klacht, door LRAR, bij de exploitant.<\/p>\n<p>De <strong class=\"bold color1\">co\u00f6rdinaten van de mediator<\/strong> die door de klant gecontacteerd kunnen worden zijn: mail:contact@medicys.fr. Verwijzing per post: 73 boulevard de clichy 75009 Parijs \/ Telefoon:01 49 70 15 93.<\/p>\n<\/div><\/div><\/div><\/div><\/section>\n\n<section id=\"section-5f6b51e6d970e\"\" class=\"section bg-color3\" \/><div class=\"container full\"><div class=\"colonnes-wrap valign-middle \"><div class=\"element colonne w-60 p-0\"><div class=\"formulaire-de-contact\">\n<div class=\"wpcf7 no-js\" id=\"wpcf7-f402-o1\" lang=\"fr-FR\" dir=\"ltr\">\n<div class=\"screen-reader-response\"><p role=\"status\" aria-live=\"polite\" aria-atomic=\"true\"><\/p> <ul><\/ul><\/div>\n<form action=\"\/nl\/wp-json\/wp\/v2\/pages\/396#wpcf7-f402-o1\" method=\"post\" class=\"wpcf7-form init\" aria-label=\"Formulaire de contact\" novalidate=\"novalidate\" data-status=\"init\">\n<div style=\"display: none;\">\n<input type=\"hidden\" name=\"_wpcf7\" value=\"402\" \/>\n<input type=\"hidden\" name=\"_wpcf7_version\" value=\"5.9.8\" \/>\n<input type=\"hidden\" name=\"_wpcf7_locale\" value=\"fr_FR\" \/>\n<input type=\"hidden\" name=\"_wpcf7_unit_tag\" value=\"wpcf7-f402-o1\" \/>\n<input type=\"hidden\" name=\"_wpcf7_container_post\" value=\"0\" \/>\n<input type=\"hidden\" name=\"_wpcf7_posted_data_hash\" value=\"\" \/>\n<input type=\"hidden\" name=\"_wpcf7_recaptcha_response\" value=\"\" \/>\n<\/div>\n<div class=\"row\">\n\t<div class=\"col-md-6\">\n\t\t<p>Uw naam *\n\t\t<\/p>\n\t\t<p><span class=\"wpcf7-form-control-wrap\" data-name=\"your-name\"><input size=\"40\" maxlength=\"400\" class=\"wpcf7-form-control wpcf7-text wpcf7-validates-as-required\" aria-required=\"true\" aria-invalid=\"false\" value=\"\" type=\"text\" name=\"your-name\" \/><\/span>\n\t\t<\/p>\n\t<\/div>\n\t<div class=\"col-md-6\">\n\t\t<p>Uw email adres *\n\t\t<\/p>\n\t\t<p><span class=\"wpcf7-form-control-wrap\" data-name=\"your-email\"><input size=\"40\" maxlength=\"400\" class=\"wpcf7-form-control wpcf7-email wpcf7-validates-as-required wpcf7-text wpcf7-validates-as-email\" aria-required=\"true\" aria-invalid=\"false\" value=\"\" type=\"email\" name=\"your-email\" \/><\/span>\n\t\t<\/p>\n\t<\/div>\n<\/div>\n<p>Onderwerp *\n<\/p>\n<p><span class=\"wpcf7-form-control-wrap\" data-name=\"your-subject\"><input size=\"40\" maxlength=\"400\" class=\"wpcf7-form-control wpcf7-text\" aria-invalid=\"false\" value=\"\" type=\"text\" name=\"your-subject\" \/><\/span>\n<\/p>\n<p>Bericht *\n<\/p>\n<p><span class=\"wpcf7-form-control-wrap\" data-name=\"your-message\"><textarea cols=\"40\" rows=\"10\" maxlength=\"2000\" class=\"wpcf7-form-control wpcf7-textarea\" aria-invalid=\"false\" name=\"your-message\"><\/textarea><\/span>\n<\/p>\n<p><span class=\"wpcf7-form-control-wrap\" data-name=\"acceptance-154\"><span class=\"wpcf7-form-control wpcf7-acceptance\"><span class=\"wpcf7-list-item\"><label><input type=\"checkbox\" name=\"acceptance-154\" value=\"1\" aria-invalid=\"false\" \/><span class=\"wpcf7-list-item-label\">Bij aanvinking, accepteer ik het <a href=\"\/nl\/privacybeleid\/\" target=\"_blank\" rel=\"noopener\">Privacybeleid<\/a> van deze site.<\/span><\/label><\/span><\/span><\/span>\n<\/p>\n<p><input class=\"wpcf7-form-control wpcf7-submit has-spinner\" type=\"submit\" value=\"Verzenden\" \/>\n<\/p><div class=\"wpcf7-response-output\" aria-hidden=\"true\"><\/div>\n<\/form>\n<\/div>\n<\/div><\/div><div class=\"element colonne w-40 p-r-8\"><div class=\"element bloc-text justify \">\n\t<p>Via een contactformulier kunt u ons team snel een <strong class=\"bold color1\">aanvraag<\/strong>, een speciaal verzoek of een verzoek om assistentie voor uw boeking sturen.<\/p>\n<p>U kunt ons ook schrijven per e-mail op <strong class=\"bold color1\">campinglesedour@orange.fr<\/strong> of direct telefonisch contact met ons opnemen op <strong class=\"bold color1\">05 61 05 87 28<\/strong>. Om telefonisch te reserveren, neem contact op met Bernard op <strong class=\"bold color1\">07 83 38 73 57<\/strong>.<\/p>\n<p>U kunt ook heel gemakkelijk boeken via onze website, door te kiezen voor <strong class=\"bold color1\">de accommodatie die u wilt<\/strong>, door het invoeren van uw data en het selecteren van het verblijf dat bij u past onder onze prijsvoorstellen. Klik dan gewoon op de <strong class=\"bold color1\">knop &#8221; Boek &#8220;<\/strong> en laat je leiden! <\/p>\n<\/div><\/div><\/div><\/div><\/section>\n\n<section id=\"section-duplicate\"\" class=\"section bg-white p-t-0\" \/><div class=\"container extralarge\"><div class=\"colonnes-wrap valign-top \"><div class=\"element colonne w-60 p-4\"><h2 class=\"element section-title left\">Hoe komt u op Camping Le Sedour?<\/h2><div class=\"element bloc-text justify \">\n\t<p>Le <a href=\"\/nl\/\">camping Ari\u00e8ge<\/a> Le S\u00e9dour ligt op 2 km van het station van Tarascon-sur-Ari\u00e8ge, in de richting van B\u00e9deilhac.<\/p>\n<p>Gelegen op de <strong class=\"bold color1\">spoorwegas Parijs-Barcelona<\/strong>, wordt hij bediend door zowel de grote nationale lijnen als de TER Occitanie-treinen.<\/p>\n<p>U kunt er uitstappen vanaf de hoofdstations van Toulouse-Matabiau en Parijs-Austerlitz. <\/p>\n<p>De dichtstbijzijnde luchthaven van Tarascon is Toulouse-Blagnac, iets meer dan een uur rijden via de N20 en vervolgens de snelwegen A66 en A61.<\/p>\n<\/div><\/div><div class=\"element colonne w-40 p-0\"><div class=\"carte\" data-src=\"https:\/\/www.google.com\/maps\/embed?pb=!1m14!1m8!1m3!1d157334.5550394567!2d1.492721795675839!3d42.8836034657971!3m2!1i1024!2i768!4f13.1!3m3!1m2!1s0x0%3A0xc21f6f17d6d225ec!2sCamping%20Le%20Sedour%20%7C%20Camping%20Ari%C3%A8ge!5e0!3m2!1sfr!2sfr!4v1601461371849!5m2!1sfr!2sfr\"><\/div><\/div><\/div><\/div><\/section>","protected":false},"excerpt":{"rendered":"","protected":false},"author":1,"featured_media":5428,"parent":0,"menu_order":0,"comment_status":"closed","ping_status":"closed","template":"","meta":{"_acf_changed":false,"footnotes":""},"class_list":["post-396","page","type-page","status-publish","has-post-thumbnail","hentry"],"acf":[],"yoast_head":"<!-- This site is optimized with the Yoast SEO plugin v25.3 - https:\/\/yoast.com\/wordpress\/plugins\/seo\/ -->\n<title>Hoe kom je naar de camping Le S\u00e9dour: plattegrond, routebeschrijving<\/title>\n<meta name=\"description\" content=\"Neem contact op met de camping in Tarascon sur Ari\u00e8ge, hoe u naar de camping in Ari\u00e8ge gaat.\" \/>\n<meta name=\"robots\" content=\"index, follow, max-snippet:-1, max-image-preview:large, max-video-preview:-1\" \/>\n<link rel=\"canonical\" href=\"https:\/\/www.camping-lesedour.com\/nl\/neem-contact-camping-ariege\/\" \/>\n<meta property=\"og:locale\" content=\"nl_NL\" \/>\n<meta property=\"og:type\" content=\"article\" \/>\n<meta property=\"og:title\" content=\"Hoe kom je naar de camping Le S\u00e9dour: plattegrond, routebeschrijving\" \/>\n<meta property=\"og:description\" content=\"Neem contact op met de camping in Tarascon sur Ari\u00e8ge, hoe u naar de camping in Ari\u00e8ge gaat.\" \/>\n<meta property=\"og:url\" content=\"https:\/\/www.camping-lesedour.com\/nl\/neem-contact-camping-ariege\/\" \/>\n<meta property=\"og:site_name\" content=\"Camping le S\u00e9dour\" \/>\n<meta property=\"article:modified_time\" content=\"2024-01-11T08:53:00+00:00\" \/>\n<meta property=\"og:image\" content=\"https:\/\/www.camping-lesedour.com\/wp-content\/uploads\/2024\/01\/camping-le-sedour-contact.jpg\" \/>\n\t<meta property=\"og:image:width\" content=\"1903\" \/>\n\t<meta property=\"og:image:height\" content=\"550\" \/>\n\t<meta property=\"og:image:type\" content=\"image\/jpeg\" \/>\n<meta name=\"twitter:card\" content=\"summary_large_image\" \/>\n<script type=\"application\/ld+json\" class=\"yoast-schema-graph\">{\"@context\":\"https:\/\/schema.org\",\"@graph\":[{\"@type\":\"WebPage\",\"@id\":\"https:\/\/www.camping-lesedour.com\/nl\/neem-contact-camping-ariege\/\",\"url\":\"https:\/\/www.camping-lesedour.com\/nl\/neem-contact-camping-ariege\/\",\"name\":\"Hoe kom je naar de camping Le S\u00e9dour: plattegrond, routebeschrijving\",\"isPartOf\":{\"@id\":\"https:\/\/www.camping-lesedour.com\/nl\/#website\"},\"primaryImageOfPage\":{\"@id\":\"https:\/\/www.camping-lesedour.com\/nl\/neem-contact-camping-ariege\/#primaryimage\"},\"image\":{\"@id\":\"https:\/\/www.camping-lesedour.com\/nl\/neem-contact-camping-ariege\/#primaryimage\"},\"thumbnailUrl\":\"https:\/\/www.camping-lesedour.com\/wp-content\/uploads\/2024\/01\/camping-le-sedour-contact.jpg\",\"datePublished\":\"2015-11-30T17:31:59+00:00\",\"dateModified\":\"2024-01-11T08:53:00+00:00\",\"description\":\"Neem contact op met de camping in Tarascon sur Ari\u00e8ge, hoe u naar de camping in Ari\u00e8ge gaat.\",\"breadcrumb\":{\"@id\":\"https:\/\/www.camping-lesedour.com\/nl\/neem-contact-camping-ariege\/#breadcrumb\"},\"inLanguage\":\"nl-NL\",\"potentialAction\":[{\"@type\":\"ReadAction\",\"target\":[\"https:\/\/www.camping-lesedour.com\/nl\/neem-contact-camping-ariege\/\"]}]},{\"@type\":\"ImageObject\",\"inLanguage\":\"nl-NL\",\"@id\":\"https:\/\/www.camping-lesedour.com\/nl\/neem-contact-camping-ariege\/#primaryimage\",\"url\":\"https:\/\/www.camping-lesedour.com\/wp-content\/uploads\/2024\/01\/camping-le-sedour-contact.jpg\",\"contentUrl\":\"https:\/\/www.camping-lesedour.com\/wp-content\/uploads\/2024\/01\/camping-le-sedour-contact.jpg\",\"width\":1903,\"height\":550},{\"@type\":\"BreadcrumbList\",\"@id\":\"https:\/\/www.camping-lesedour.com\/nl\/neem-contact-camping-ariege\/#breadcrumb\",\"itemListElement\":[{\"@type\":\"ListItem\",\"position\":1,\"name\":\"Kamperen Ariege\",\"item\":\"https:\/\/www.camping-lesedour.com\/nl\/\"},{\"@type\":\"ListItem\",\"position\":2,\"name\":\"Toegang tot de camping Le S\u00e9dour\"}]},{\"@type\":\"WebSite\",\"@id\":\"https:\/\/www.camping-lesedour.com\/nl\/#website\",\"url\":\"https:\/\/www.camping-lesedour.com\/nl\/\",\"name\":\"Camping le S\u00e9dour\",\"description\":\"\",\"potentialAction\":[{\"@type\":\"SearchAction\",\"target\":{\"@type\":\"EntryPoint\",\"urlTemplate\":\"https:\/\/www.camping-lesedour.com\/nl\/?s={search_term_string}\"},\"query-input\":{\"@type\":\"PropertyValueSpecification\",\"valueRequired\":true,\"valueName\":\"search_term_string\"}}],\"inLanguage\":\"nl-NL\"}]}<\/script>\n<!-- \/ Yoast SEO plugin. -->","yoast_head_json":{"title":"Hoe kom je naar de camping Le S\u00e9dour: plattegrond, routebeschrijving","description":"Neem contact op met de camping in Tarascon sur Ari\u00e8ge, hoe u naar de camping in Ari\u00e8ge gaat.","robots":{"index":"index","follow":"follow","max-snippet":"max-snippet:-1","max-image-preview":"max-image-preview:large","max-video-preview":"max-video-preview:-1"},"canonical":"https:\/\/www.camping-lesedour.com\/nl\/neem-contact-camping-ariege\/","og_locale":"nl_NL","og_type":"article","og_title":"Hoe kom je naar de camping Le S\u00e9dour: plattegrond, routebeschrijving","og_description":"Neem contact op met de camping in Tarascon sur Ari\u00e8ge, hoe u naar de camping in Ari\u00e8ge gaat.","og_url":"https:\/\/www.camping-lesedour.com\/nl\/neem-contact-camping-ariege\/","og_site_name":"Camping le S\u00e9dour","article_modified_time":"2024-01-11T08:53:00+00:00","og_image":[{"width":1903,"height":550,"url":"https:\/\/www.camping-lesedour.com\/wp-content\/uploads\/2024\/01\/camping-le-sedour-contact.jpg","type":"image\/jpeg"}],"twitter_card":"summary_large_image","schema":{"@context":"https:\/\/schema.org","@graph":[{"@type":"WebPage","@id":"https:\/\/www.camping-lesedour.com\/nl\/neem-contact-camping-ariege\/","url":"https:\/\/www.camping-lesedour.com\/nl\/neem-contact-camping-ariege\/","name":"Hoe kom je naar de camping Le S\u00e9dour: plattegrond, routebeschrijving","isPartOf":{"@id":"https:\/\/www.camping-lesedour.com\/nl\/#website"},"primaryImageOfPage":{"@id":"https:\/\/www.camping-lesedour.com\/nl\/neem-contact-camping-ariege\/#primaryimage"},"image":{"@id":"https:\/\/www.camping-lesedour.com\/nl\/neem-contact-camping-ariege\/#primaryimage"},"thumbnailUrl":"https:\/\/www.camping-lesedour.com\/wp-content\/uploads\/2024\/01\/camping-le-sedour-contact.jpg","datePublished":"2015-11-30T17:31:59+00:00","dateModified":"2024-01-11T08:53:00+00:00","description":"Neem contact op met de camping in Tarascon sur Ari\u00e8ge, hoe u naar de camping in Ari\u00e8ge gaat.","breadcrumb":{"@id":"https:\/\/www.camping-lesedour.com\/nl\/neem-contact-camping-ariege\/#breadcrumb"},"inLanguage":"nl-NL","potentialAction":[{"@type":"ReadAction","target":["https:\/\/www.camping-lesedour.com\/nl\/neem-contact-camping-ariege\/"]}]},{"@type":"ImageObject","inLanguage":"nl-NL","@id":"https:\/\/www.camping-lesedour.com\/nl\/neem-contact-camping-ariege\/#primaryimage","url":"https:\/\/www.camping-lesedour.com\/wp-content\/uploads\/2024\/01\/camping-le-sedour-contact.jpg","contentUrl":"https:\/\/www.camping-lesedour.com\/wp-content\/uploads\/2024\/01\/camping-le-sedour-contact.jpg","width":1903,"height":550},{"@type":"BreadcrumbList","@id":"https:\/\/www.camping-lesedour.com\/nl\/neem-contact-camping-ariege\/#breadcrumb","itemListElement":[{"@type":"ListItem","position":1,"name":"Kamperen Ariege","item":"https:\/\/www.camping-lesedour.com\/nl\/"},{"@type":"ListItem","position":2,"name":"Toegang tot de camping Le S\u00e9dour"}]},{"@type":"WebSite","@id":"https:\/\/www.camping-lesedour.com\/nl\/#website","url":"https:\/\/www.camping-lesedour.com\/nl\/","name":"Camping le S\u00e9dour","description":"","potentialAction":[{"@type":"SearchAction","target":{"@type":"EntryPoint","urlTemplate":"https:\/\/www.camping-lesedour.com\/nl\/?s={search_term_string}"},"query-input":{"@type":"PropertyValueSpecification","valueRequired":true,"valueName":"search_term_string"}}],"inLanguage":"nl-NL"}]}},"_links":{"self":[{"href":"https:\/\/www.camping-lesedour.com\/nl\/wp-json\/wp\/v2\/pages\/396"}],"collection":[{"href":"https:\/\/www.camping-lesedour.com\/nl\/wp-json\/wp\/v2\/pages"}],"about":[{"href":"https:\/\/www.camping-lesedour.com\/nl\/wp-json\/wp\/v2\/types\/page"}],"author":[{"embeddable":true,"href":"https:\/\/www.camping-lesedour.com\/nl\/wp-json\/wp\/v2\/users\/1"}],"replies":[{"embeddable":true,"href":"https:\/\/www.camping-lesedour.com\/nl\/wp-json\/wp\/v2\/comments?post=396"}],"version-history":[{"count":6,"href":"https:\/\/www.camping-lesedour.com\/nl\/wp-json\/wp\/v2\/pages\/396\/revisions"}],"predecessor-version":[{"id":5435,"href":"https:\/\/www.camping-lesedour.com\/nl\/wp-json\/wp\/v2\/pages\/396\/revisions\/5435"}],"wp:featuredmedia":[{"embeddable":true,"href":"https:\/\/www.camping-lesedour.com\/nl\/wp-json\/wp\/v2\/media\/5428"}],"wp:attachment":[{"href":"https:\/\/www.camping-lesedour.com\/nl\/wp-json\/wp\/v2\/media?parent=396"}],"curies":[{"name":"wp","href":"https:\/\/api.w.org\/{rel}","templated":true}]}}