{"id":5123,"date":"2023-06-22T11:24:34","date_gmt":"2023-06-22T09:24:34","guid":{"rendered":"https:\/\/www.camping-lesedour.com\/camping-midi-pyrenees\/"},"modified":"2023-06-27T10:51:05","modified_gmt":"2023-06-27T08:51:05","slug":"camping-midi-pyreneeen","status":"publish","type":"page","link":"https:\/\/www.camping-lesedour.com\/nl\/camping-midi-pyreneeen\/","title":{"rendered":"Camping Midi-Pyrenees"},"content":{"rendered":"<section id=\"section-6494141b65311\"\" class=\"section bg-color3\" \/><div class=\"container extralarge\"><h1 class=\"element section-title center\">CAMPING MIDI PYRENEE\u00cbN<\/h1><div class=\"element bloc-text justify \">\n\t<p>De regio Midi Pyr\u00e9n\u00e9es is een bijzonder <strong>rijk aan toeristische trekpleisters<\/strong>. Het heeft een opmerkelijk natuurlijk, gebouwd en cultureel erfgoed dat jaarlijks duizenden bezoekers aantrekt. De verscheidenheid van de landschappen blijft de vakantiegangers verbazen.<\/p>\n<p>Regionale parken zoals die van de Grands Causses, de Haut-Languedoc, de Ariege Pyrenee\u00ebn bij Andorra, de stad Foix, de Causses du Quercy, de grote Pyrenee\u00ebn, de Pyrenee\u00ebn zijn allemaal redenen om tijdens uw vakantie naar Midi Pyr\u00e9n\u00e9es te komen. De regio biedt dus een <strong>multitude van vrije tijd en ontdekkingen<\/strong> om uw vakantie, <strong> onvergetelijke momenten te maken<\/strong>.<\/p>\n<p>Wat u ook wilt blijven, de regio Midi Pyr\u00e9n\u00e9es is een bestemming die u niet mag missen om te ontdekken met uw familie, vrienden of als duo. Verschillende activiteiten zijn mogelijk door de seizoenen heen. Een verblijf in de open lucht blijft de beste manier om te genieten van zowel de natuurlijke omgeving van de regio als van de prachtige landschappen. Hier kunt u dicht bij de natuur en bekende plaatsen kamperen!<\/p>\n<p>Pour vos prochaines vacances avec toute la famille, choisissez un s\u00e9jour en camping familial. Vous devrez alors choisir parmi les diff\u00e9rents locatifs, tel que des mobil-homes, des chalets ou encore des emplacements de camping spacieux en pleine nature pouvant accueillir tentes et caravenes pour le plus grand plaisir des campeurs.<\/p>\n<\/div><\/div><\/section>\n\n<section id=\"section-6494141b65706\"\" class=\"section bg-white\" \/><div class=\"container extralarge\"><div class=\"colonnes-wrap valign-top \"><div class=\"element colonne w-40 p-0\"><div class=\"element images\"><div class=\"image\"><img decoding=\"async\" src=\"https:\/\/www.camping-lesedour.com\/wp-content\/uploads\/2020\/09\/camping-en-ariege-78x100.jpg\" data-src=\"https:\/\/www.camping-lesedour.com\/wp-content\/uploads\/2020\/09\/camping-en-ariege.jpg\" alt=\"camping midi pyr\u00e9n\u00e9es\" class=\"images_image\" \/><\/div><\/div><\/div><div class=\"element colonne w-60 p-4\"><h2 class=\"element section-title justify\">DE GROTE SITES VAN DE MIDI-PYRENEEeN TE ONTDEKKEN<\/h2><div class=\"element bloc-text justify \">\n\t<p>De Midi Pyr\u00e9n\u00e9es blijft haar bezoekers bekoren met haar rijkdom. De <strong> behouden gebleven landschappen<\/strong> en de weidse open ruimtes liggen naast karaktervolle dorpen, historische plekken en worden verfraaid door rivieren, kanalen en wijngaarden, en vormen een klein paradijs dat absoluut ontdekt moet worden.<\/p>\n<p>Uw kampeervakantie in de regio is de ideale gelegenheid om de beroemde <strong>Grands Sites de Midi<\/strong> te verkennen, zoals het Millau Viaduct, de Pic du Midi, Conques, Rodez, Rocamadour, de Dordogne vallei en vele andere schatten. Ze zullen zichzelf op duizend en \u00e9\u00e9n manieren kunnen ontdekken met <strong> activiteiten<\/strong> zoals wandelen, fietsen, watersporten, ski\u00ebn&#8230; De karaktervolle dorpen met hun unieke bouwstijlen zijn ook geweldige idee\u00ebn om te ontdekken.<\/p>\n<p>Naast de ontdekkingen van het grondgebied is het land tussen de Atlantische Oceaan en de Middellandse Zee, dat baadt in een royale zon, interessant. De lokale producten en kleurrijke drankjes van het land zullen de fijnproevers en fijnproevers in vervoering brengen.<\/p>\n<\/div><\/div><\/div><\/div><\/section>\n\n<section id=\"section-6494141b65a21\"\" class=\"section bg-color3\" \/><div class=\"container extralarge\"><div class=\"colonnes-wrap valign-top \"><div class=\"element colonne w-60 p-4\"><h2 class=\"element section-title justify\">VERBLIJF OP CAMPING LE SEDOUR OM DE MIDI-PYRENEEeN TE ONTDEKKEN<\/h2><div class=\"element bloc-text justify \">\n\t<p>De camping le S\u00e9dour ***, gelegen aan de voet van de berg S\u00e9dour, in het <strong>Parc R\u00e9gional Naturel des Pyr\u00e9n\u00e9es Ari\u00e9geoises<\/strong> park in Tarascon sur Ari\u00e8ge is een ideaal vertrekpunt om de Midi Pyr\u00e9n\u00e9es te ontdekken. Deze camping in de Midi Pyr\u00e9n\u00e9es opent zijn deuren voor vakantiegangers die willen profiteren van de <strong> natuurlijke<\/strong> rijkdom van de regio en al het moois willen ontdekken. Het verwelkomt u in een groene omgeving, ver van de drukte van de steden.<\/p>\n<p>Camping Le S\u00e9dour nodigt u uit om te verblijven in een comfortabele accommodatie voor twee tot zes personen, in het hart van de natuur. U heeft de keuze tussen een verblijf in een stacaravan, een chalet of zelfs een campingplaats voor tent, camper en caravan tijdens uw verblijf. De aangeboden vakantiewoningen zijn volledig uitgerust met TV, keukengerei, tuinmeubilair en nog veel meer om uw comfort te garanderen, terwijl de kampeerplaatsen voorzien zijn van alle nodige voorzieningen.<\/p>\n<p>De winkels en diensten van de stad Tarascon liggen op slechts enkele minuten van de camping.<\/p>\n<\/div><\/div><div class=\"element colonne w-40 p-0\"><div class=\"element images\"><div class=\"image\"><img decoding=\"async\" src=\"https:\/\/www.camping-lesedour.com\/wp-content\/uploads\/2020\/09\/mobil-home-3ch-ariege-1-100x100.jpg\" data-src=\"https:\/\/www.camping-lesedour.com\/wp-content\/uploads\/2020\/09\/mobil-home-3ch-ariege-1.jpg\" alt=\"camping midi pyr\u00e9n\u00e9es\" class=\"images_image\" \/><\/div><\/div><\/div><\/div><\/div><\/section>\n\n<section id=\"section-6494141b65d41\"\" class=\"section bg-white\" \/><div class=\"container extralarge\"><div class=\"colonnes-wrap valign-top \"><div class=\"element colonne w-40 p-0\"><div class=\"element images\"><div class=\"image\"><img decoding=\"async\" src=\"https:\/\/www.camping-lesedour.com\/wp-content\/uploads\/2020\/12\/randonnees-ariege-75x100.jpg\" data-src=\"https:\/\/www.camping-lesedour.com\/wp-content\/uploads\/2020\/12\/randonnees-ariege.jpg\" alt=\"wandel-en midi pyrenees\" class=\"images_image\" \/><\/div><\/div><\/div><div class=\"element colonne w-60 p-4\"><h2 class=\"element section-title justify\">WANDEL- EN SKIGEBIEDEN VANAF DE CAMPING<\/h2><div class=\"element bloc-text justify \">\n\t<p>Vele vrijetijdsactiviteiten worden u voorgesteld vanuit de <a href=\"\/nl\/\">camping in de Ari\u00e8ge<\/a> Le S\u00e9dour. De camping is ideaal gelegen aan de <strong> voet van de berg<\/strong> van de S\u00e9dour en de Pyrenee\u00ebn, u kunt gemakkelijk wandelen of fietsen in de Pyrenee\u00ebn naar gelang uw wensen. De skigebieden zijn ook in de buurt voor een onvergetelijke vakantie in de Midi Pyr\u00e9n\u00e9es gedurende het hele winterseizoen.<\/p>\n<p>Camping Le S\u00e9dour is ook een camping het hele jaar geopend voor residenties is om optimaal te profiteren van uw kampeervakantie, ski\u00ebn, wandelen, vissen en wildwatersporten in de Pyrenee\u00ebn. Wat het seizoen ook is, dit familiehotel in de open lucht zal u met veel plezier ontvangen. Authenticiteit, rust, vriendelijkheid en een verandering van omgeving zullen er zijn om een idyllische vakantie door te brengen tijdens het kamperen in de bergen.<\/p>\n<p>U zult ook graag uw vakantie in de Ari\u00e8ge doorbrengen.<\/p>\n<\/div><\/div><\/div><\/div><\/section>\n\n<section id=\"section-649465c7454d8\"\" class=\"section bg-white\" \/><div class=\"container extralarge\"><div class=\"element section-title center\">Decouvrez aussi<\/div><ul class=\"liste-de-page\"><li class=\"element call-to-action center call-to-action--style-1 call-to-action--normal\"><a href=\"https:\/\/www.camping-lesedour.com\/nl\/camping-midi-pyreneeen\/kampeer-andorra\/\"  class=\"call-to-action_link\" title=\"Meer informatie over camping andorre\"><div class=\"call-to-action_image\"><img decoding=\"async\" src=\"https:\/\/www.camping-lesedour.com\/wp-content\/uploads\/2020\/09\/tourisme-andorre-100x29.jpg\" data-src=\"https:\/\/www.camping-lesedour.com\/wp-content\/uploads\/2020\/09\/tourisme-andorre.jpg\" alt=\"tourisme andorre\" class=\"normal\" \/><\/div><div class=\"call-to-action_contenu\"><div class=\"call-to-action_titre\">Camping Andorre<\/div><div class=\"call-to-action_texte\">Om er meer over te weten<\/div><\/div><\/a><\/li><li class=\"element call-to-action  call-to-action--style-1 call-to-action--normal\"><a href=\"https:\/\/www.camping-lesedour.com\/nl\/camping-midi-pyreneeen\/kampeer-vicdessos\/\"  class=\"call-to-action_link\" title=\"Meer informatie over camping proche de vicdessos\"><div class=\"call-to-action_image\"><img decoding=\"async\" src=\"https:\/\/www.camping-lesedour.com\/wp-content\/uploads\/2020\/09\/tourisme-vicdessos-100x29.jpg\" data-src=\"https:\/\/www.camping-lesedour.com\/wp-content\/uploads\/2020\/09\/tourisme-vicdessos.jpg\" alt=\"tourisme vicdessos\" class=\"normal\" \/><\/div><div class=\"call-to-action_contenu\"><div class=\"call-to-action_titre\">Camping proche de Vicdessos<\/div><div class=\"call-to-action_texte\">Om er meer over te weten<\/div><\/div><\/a><\/li><li class=\"element call-to-action  call-to-action--style-1 call-to-action--normal\"><a href=\"https:\/\/www.camping-lesedour.com\/nl\/camping-midi-pyreneeen\/kampeer-saint-girons\/\"  class=\"call-to-action_link\" title=\"Meer informatie over camping \u00e0 55 km de saint-girons\"><div class=\"call-to-action_image\"><img decoding=\"async\" src=\"https:\/\/www.camping-lesedour.com\/wp-content\/uploads\/2020\/09\/tourisme-saint-girons-100x29.jpg\" data-src=\"https:\/\/www.camping-lesedour.com\/wp-content\/uploads\/2020\/09\/tourisme-saint-girons.jpg\" alt=\"tourisme saint-girons\" class=\"normal\" \/><\/div><div class=\"call-to-action_contenu\"><div class=\"call-to-action_titre\">Camping \u00e0 55 km de Saint-Girons<\/div><div class=\"call-to-action_texte\">Om er meer over te weten<\/div><\/div><\/a><\/li><li class=\"element call-to-action  call-to-action--style-1 call-to-action--normal\"><a href=\"https:\/\/www.camping-lesedour.com\/nl\/camping-midi-pyreneeen\/kampeer-ax-les-thermes\/\"  class=\"call-to-action_link\" title=\"Meer informatie over camping \u00e0 28 km d&#8217;ax-les-thermes\"><div class=\"call-to-action_image\"><img decoding=\"async\" src=\"https:\/\/www.camping-lesedour.com\/wp-content\/uploads\/2020\/10\/camping-ariege-100x46.jpg\" data-src=\"https:\/\/www.camping-lesedour.com\/wp-content\/uploads\/2020\/10\/camping-ariege.jpg\" alt=\"camping ariege\" class=\"normal\" \/><\/div><div class=\"call-to-action_contenu\"><div class=\"call-to-action_titre\">Camping \u00e0 28 km d&#8217;Ax-Les-Thermes<\/div><div class=\"call-to-action_texte\">Om er meer over te weten<\/div><\/div><\/a><\/li><li class=\"element call-to-action  call-to-action--style-1 call-to-action--normal\"><a href=\"https:\/\/www.camping-lesedour.com\/nl\/camping-midi-pyreneeen\/kampeer-mas-azil\/\"  class=\"call-to-action_link\" title=\"Meer informatie over camping \u00e0 45 km du mas d&#8217;azil\"><div class=\"call-to-action_image\"><img decoding=\"async\" src=\"https:\/\/www.camping-lesedour.com\/wp-content\/uploads\/2020\/09\/camping-mas-azil-100x29.jpg\" data-src=\"https:\/\/www.camping-lesedour.com\/wp-content\/uploads\/2020\/09\/camping-mas-azil.jpg\" alt=\"camping mas azil\" class=\"normal\" \/><\/div><div class=\"call-to-action_contenu\"><div class=\"call-to-action_titre\">Camping \u00e0 45 km du Mas d&#8217;Azil<\/div><div class=\"call-to-action_texte\">Om er meer over te weten<\/div><\/div><\/a><\/li><li class=\"element call-to-action  call-to-action--style-1 call-to-action--normal\"><a href=\"https:\/\/www.camping-lesedour.com\/nl\/camping-midi-pyreneeen\/kampeer-mirepoix\/\"  class=\"call-to-action_link\" title=\"Meer informatie over camping mirepoix\"><div class=\"call-to-action_image\"><img decoding=\"async\" src=\"https:\/\/www.camping-lesedour.com\/wp-content\/uploads\/2020\/09\/tourisme-mirepoix-100x29.jpg\" data-src=\"https:\/\/www.camping-lesedour.com\/wp-content\/uploads\/2020\/09\/tourisme-mirepoix.jpg\" alt=\"tourisme mirepoix\" class=\"normal\" \/><\/div><div class=\"call-to-action_contenu\"><div class=\"call-to-action_titre\">Camping Mirepoix<\/div><div class=\"call-to-action_texte\">Om er meer over te weten<\/div><\/div><\/a><\/li><li class=\"element call-to-action  call-to-action--style-1 call-to-action--normal\"><a href=\"https:\/\/www.camping-lesedour.com\/nl\/camping-midi-pyreneeen\/kampeer-foix\/\"  class=\"call-to-action_link\" title=\"Meer informatie over camping foix\"><div class=\"call-to-action_image\"><img decoding=\"async\" src=\"https:\/\/www.camping-lesedour.com\/wp-content\/uploads\/2020\/09\/tourisme-foix-100x29.jpg\" data-src=\"https:\/\/www.camping-lesedour.com\/wp-content\/uploads\/2020\/09\/tourisme-foix.jpg\" alt=\"tourisme foix\" class=\"normal\" \/><\/div><div class=\"call-to-action_contenu\"><div class=\"call-to-action_titre\">Camping Foix<\/div><div class=\"call-to-action_texte\">Om er meer over te weten<\/div><\/div><\/a><\/li><\/ul><\/div><\/section>","protected":false},"excerpt":{"rendered":"","protected":false},"author":8,"featured_media":3236,"parent":0,"menu_order":0,"comment_status":"closed","ping_status":"closed","template":"","meta":{"_acf_changed":false,"footnotes":""},"class_list":["post-5123","page","type-page","status-publish","has-post-thumbnail","hentry"],"acf":[],"yoast_head":"<!-- This site is optimized with the Yoast SEO plugin v25.3 - https:\/\/yoast.com\/wordpress\/plugins\/seo\/ -->\n<title>Camping Midi-Pyr\u00e9n\u00e9es - Vakantie caravanning stacaravan Midi-Pyr\u00e9n\u00e9es<\/title>\n<meta name=\"description\" content=\"Om meer te weten te komen over de Midi Pyr\u00e9n\u00e9es regio. Camping Le S\u00e9dour ligt in de Ari\u00e8ge en biedt u de mogelijkheid om alle rijkdommen van de regio te ontdekken.\" \/>\n<meta name=\"robots\" content=\"index, follow, max-snippet:-1, max-image-preview:large, max-video-preview:-1\" \/>\n<link rel=\"canonical\" href=\"https:\/\/www.camping-lesedour.com\/nl\/camping-midi-pyreneeen\/\" \/>\n<meta property=\"og:locale\" content=\"nl_NL\" \/>\n<meta property=\"og:type\" content=\"article\" \/>\n<meta property=\"og:title\" content=\"Camping Midi-Pyr\u00e9n\u00e9es - Vakantie caravanning stacaravan Midi-Pyr\u00e9n\u00e9es\" \/>\n<meta property=\"og:description\" content=\"Om meer te weten te komen over de Midi Pyr\u00e9n\u00e9es regio. Camping Le S\u00e9dour ligt in de Ari\u00e8ge en biedt u de mogelijkheid om alle rijkdommen van de regio te ontdekken.\" \/>\n<meta property=\"og:url\" content=\"https:\/\/www.camping-lesedour.com\/nl\/camping-midi-pyreneeen\/\" \/>\n<meta property=\"og:site_name\" content=\"Camping le S\u00e9dour\" \/>\n<meta property=\"article:modified_time\" content=\"2023-06-27T08:51:05+00:00\" \/>\n<meta property=\"og:image\" content=\"https:\/\/www.camping-lesedour.com\/wp-content\/uploads\/2020\/10\/camping-midi-pyrenees.jpg\" \/>\n\t<meta property=\"og:image:width\" content=\"1903\" \/>\n\t<meta property=\"og:image:height\" content=\"550\" \/>\n\t<meta property=\"og:image:type\" content=\"image\/jpeg\" \/>\n<meta name=\"twitter:card\" content=\"summary_large_image\" \/>\n<script type=\"application\/ld+json\" class=\"yoast-schema-graph\">{\"@context\":\"https:\/\/schema.org\",\"@graph\":[{\"@type\":\"WebPage\",\"@id\":\"https:\/\/www.camping-lesedour.com\/nl\/camping-midi-pyreneeen\/\",\"url\":\"https:\/\/www.camping-lesedour.com\/nl\/camping-midi-pyreneeen\/\",\"name\":\"Camping Midi-Pyr\u00e9n\u00e9es - Vakantie caravanning stacaravan Midi-Pyr\u00e9n\u00e9es\",\"isPartOf\":{\"@id\":\"https:\/\/www.camping-lesedour.com\/nl\/#website\"},\"primaryImageOfPage\":{\"@id\":\"https:\/\/www.camping-lesedour.com\/nl\/camping-midi-pyreneeen\/#primaryimage\"},\"image\":{\"@id\":\"https:\/\/www.camping-lesedour.com\/nl\/camping-midi-pyreneeen\/#primaryimage\"},\"thumbnailUrl\":\"https:\/\/www.camping-lesedour.com\/wp-content\/uploads\/2020\/10\/camping-midi-pyrenees.jpg\",\"datePublished\":\"2023-06-22T09:24:34+00:00\",\"dateModified\":\"2023-06-27T08:51:05+00:00\",\"description\":\"Om meer te weten te komen over de Midi Pyr\u00e9n\u00e9es regio. Camping Le S\u00e9dour ligt in de Ari\u00e8ge en biedt u de mogelijkheid om alle rijkdommen van de regio te ontdekken.\",\"breadcrumb\":{\"@id\":\"https:\/\/www.camping-lesedour.com\/nl\/camping-midi-pyreneeen\/#breadcrumb\"},\"inLanguage\":\"nl-NL\",\"potentialAction\":[{\"@type\":\"ReadAction\",\"target\":[\"https:\/\/www.camping-lesedour.com\/nl\/camping-midi-pyreneeen\/\"]}]},{\"@type\":\"ImageObject\",\"inLanguage\":\"nl-NL\",\"@id\":\"https:\/\/www.camping-lesedour.com\/nl\/camping-midi-pyreneeen\/#primaryimage\",\"url\":\"https:\/\/www.camping-lesedour.com\/wp-content\/uploads\/2020\/10\/camping-midi-pyrenees.jpg\",\"contentUrl\":\"https:\/\/www.camping-lesedour.com\/wp-content\/uploads\/2020\/10\/camping-midi-pyrenees.jpg\",\"width\":1903,\"height\":550,\"caption\":\"camping midi Pyr\u00e9n\u00e9es\"},{\"@type\":\"BreadcrumbList\",\"@id\":\"https:\/\/www.camping-lesedour.com\/nl\/camping-midi-pyreneeen\/#breadcrumb\",\"itemListElement\":[{\"@type\":\"ListItem\",\"position\":1,\"name\":\"Kamperen Ariege\",\"item\":\"https:\/\/www.camping-lesedour.com\/nl\/\"},{\"@type\":\"ListItem\",\"position\":2,\"name\":\"Camping Midi Pyreneeen\"}]},{\"@type\":\"WebSite\",\"@id\":\"https:\/\/www.camping-lesedour.com\/nl\/#website\",\"url\":\"https:\/\/www.camping-lesedour.com\/nl\/\",\"name\":\"Camping le S\u00e9dour\",\"description\":\"\",\"potentialAction\":[{\"@type\":\"SearchAction\",\"target\":{\"@type\":\"EntryPoint\",\"urlTemplate\":\"https:\/\/www.camping-lesedour.com\/nl\/?s={search_term_string}\"},\"query-input\":{\"@type\":\"PropertyValueSpecification\",\"valueRequired\":true,\"valueName\":\"search_term_string\"}}],\"inLanguage\":\"nl-NL\"}]}<\/script>\n<!-- \/ Yoast SEO plugin. -->","yoast_head_json":{"title":"Camping Midi-Pyr\u00e9n\u00e9es - Vakantie caravanning stacaravan Midi-Pyr\u00e9n\u00e9es","description":"Om meer te weten te komen over de Midi Pyr\u00e9n\u00e9es regio. Camping Le S\u00e9dour ligt in de Ari\u00e8ge en biedt u de mogelijkheid om alle rijkdommen van de regio te ontdekken.","robots":{"index":"index","follow":"follow","max-snippet":"max-snippet:-1","max-image-preview":"max-image-preview:large","max-video-preview":"max-video-preview:-1"},"canonical":"https:\/\/www.camping-lesedour.com\/nl\/camping-midi-pyreneeen\/","og_locale":"nl_NL","og_type":"article","og_title":"Camping Midi-Pyr\u00e9n\u00e9es - Vakantie caravanning stacaravan Midi-Pyr\u00e9n\u00e9es","og_description":"Om meer te weten te komen over de Midi Pyr\u00e9n\u00e9es regio. Camping Le S\u00e9dour ligt in de Ari\u00e8ge en biedt u de mogelijkheid om alle rijkdommen van de regio te ontdekken.","og_url":"https:\/\/www.camping-lesedour.com\/nl\/camping-midi-pyreneeen\/","og_site_name":"Camping le S\u00e9dour","article_modified_time":"2023-06-27T08:51:05+00:00","og_image":[{"width":1903,"height":550,"url":"https:\/\/www.camping-lesedour.com\/wp-content\/uploads\/2020\/10\/camping-midi-pyrenees.jpg","type":"image\/jpeg"}],"twitter_card":"summary_large_image","schema":{"@context":"https:\/\/schema.org","@graph":[{"@type":"WebPage","@id":"https:\/\/www.camping-lesedour.com\/nl\/camping-midi-pyreneeen\/","url":"https:\/\/www.camping-lesedour.com\/nl\/camping-midi-pyreneeen\/","name":"Camping Midi-Pyr\u00e9n\u00e9es - Vakantie caravanning stacaravan Midi-Pyr\u00e9n\u00e9es","isPartOf":{"@id":"https:\/\/www.camping-lesedour.com\/nl\/#website"},"primaryImageOfPage":{"@id":"https:\/\/www.camping-lesedour.com\/nl\/camping-midi-pyreneeen\/#primaryimage"},"image":{"@id":"https:\/\/www.camping-lesedour.com\/nl\/camping-midi-pyreneeen\/#primaryimage"},"thumbnailUrl":"https:\/\/www.camping-lesedour.com\/wp-content\/uploads\/2020\/10\/camping-midi-pyrenees.jpg","datePublished":"2023-06-22T09:24:34+00:00","dateModified":"2023-06-27T08:51:05+00:00","description":"Om meer te weten te komen over de Midi Pyr\u00e9n\u00e9es regio. Camping Le S\u00e9dour ligt in de Ari\u00e8ge en biedt u de mogelijkheid om alle rijkdommen van de regio te ontdekken.","breadcrumb":{"@id":"https:\/\/www.camping-lesedour.com\/nl\/camping-midi-pyreneeen\/#breadcrumb"},"inLanguage":"nl-NL","potentialAction":[{"@type":"ReadAction","target":["https:\/\/www.camping-lesedour.com\/nl\/camping-midi-pyreneeen\/"]}]},{"@type":"ImageObject","inLanguage":"nl-NL","@id":"https:\/\/www.camping-lesedour.com\/nl\/camping-midi-pyreneeen\/#primaryimage","url":"https:\/\/www.camping-lesedour.com\/wp-content\/uploads\/2020\/10\/camping-midi-pyrenees.jpg","contentUrl":"https:\/\/www.camping-lesedour.com\/wp-content\/uploads\/2020\/10\/camping-midi-pyrenees.jpg","width":1903,"height":550,"caption":"camping midi Pyr\u00e9n\u00e9es"},{"@type":"BreadcrumbList","@id":"https:\/\/www.camping-lesedour.com\/nl\/camping-midi-pyreneeen\/#breadcrumb","itemListElement":[{"@type":"ListItem","position":1,"name":"Kamperen Ariege","item":"https:\/\/www.camping-lesedour.com\/nl\/"},{"@type":"ListItem","position":2,"name":"Camping Midi Pyreneeen"}]},{"@type":"WebSite","@id":"https:\/\/www.camping-lesedour.com\/nl\/#website","url":"https:\/\/www.camping-lesedour.com\/nl\/","name":"Camping le S\u00e9dour","description":"","potentialAction":[{"@type":"SearchAction","target":{"@type":"EntryPoint","urlTemplate":"https:\/\/www.camping-lesedour.com\/nl\/?s={search_term_string}"},"query-input":{"@type":"PropertyValueSpecification","valueRequired":true,"valueName":"search_term_string"}}],"inLanguage":"nl-NL"}]}},"_links":{"self":[{"href":"https:\/\/www.camping-lesedour.com\/nl\/wp-json\/wp\/v2\/pages\/5123"}],"collection":[{"href":"https:\/\/www.camping-lesedour.com\/nl\/wp-json\/wp\/v2\/pages"}],"about":[{"href":"https:\/\/www.camping-lesedour.com\/nl\/wp-json\/wp\/v2\/types\/page"}],"author":[{"embeddable":true,"href":"https:\/\/www.camping-lesedour.com\/nl\/wp-json\/wp\/v2\/users\/8"}],"replies":[{"embeddable":true,"href":"https:\/\/www.camping-lesedour.com\/nl\/wp-json\/wp\/v2\/comments?post=5123"}],"version-history":[{"count":4,"href":"https:\/\/www.camping-lesedour.com\/nl\/wp-json\/wp\/v2\/pages\/5123\/revisions"}],"predecessor-version":[{"id":5135,"href":"https:\/\/www.camping-lesedour.com\/nl\/wp-json\/wp\/v2\/pages\/5123\/revisions\/5135"}],"wp:featuredmedia":[{"embeddable":true,"href":"https:\/\/www.camping-lesedour.com\/nl\/wp-json\/wp\/v2\/media\/3236"}],"wp:attachment":[{"href":"https:\/\/www.camping-lesedour.com\/nl\/wp-json\/wp\/v2\/media?parent=5123"}],"curies":[{"name":"wp","href":"https:\/\/api.w.org\/{rel}","templated":true}]}}