{"id":5173,"date":"2023-06-22T14:58:14","date_gmt":"2023-06-22T12:58:14","guid":{"rendered":"https:\/\/www.camping-lesedour.com\/camping-midi-pyreneeen\/camping-saint-girons\/"},"modified":"2023-06-27T11:54:47","modified_gmt":"2023-06-27T09:54:47","slug":"kampeer-saint-girons","status":"publish","type":"page","link":"https:\/\/www.camping-lesedour.com\/nl\/camping-midi-pyreneeen\/kampeer-saint-girons\/","title":{"rendered":"Camping \u00e0 55 km de Saint-Girons"},"content":{"rendered":"<section id=\"section-64943331954ab\"\" class=\"section bg-color3\" \/><div class=\"container\"><h1 class=\"element section-title center\">Camping a 55 km de Saint-Girons<\/h1><\/div><\/section>\n\n<section id=\"section-649433319580c\"\" class=\"section bg-white\" \/><div class=\"container extralarge\"><div class=\"colonnes-wrap valign-top \"><div class=\"element colonne w-40 p-0\"><div class=\"element images\"><div class=\"image\"><img decoding=\"async\" src=\"https:\/\/www.camping-lesedour.com\/wp-content\/uploads\/2020\/09\/achat-mobil-home-ariege-1-100x80.jpg\" data-src=\"https:\/\/www.camping-lesedour.com\/wp-content\/uploads\/2020\/09\/achat-mobil-home-ariege-1.jpg\" alt=\"kampeen Saint-Girons\" class=\"images_image\" \/><\/div><\/div><\/div><div class=\"element colonne w-60 p-4\"><h2 class=\"element section-title justify\">Een camping gelegen in het hart van Ariege in de buurt van Saint Girons<\/h2><div class=\"element bloc-text justify \">\n\t<p>Wilt u uw vakantie doorbrengen in het hart van de natuur in Ariege? Ontdek de S\u00e9dour, een camping op minder dan 60 km van Saint-Girons, volledig ontworpen voor vakantiegangers die op zoek zijn naar <strong> grote open ruimtes en rust<\/strong>. Alles wordt gedaan om <strong> middelen en ontspanning<\/strong> te bevorderen in deze 4 seizoenen camping.<\/p>\n<p>Aan de voet van de <strong> bergen van de Ari\u00e8ge Pyrenee\u00ebn<\/strong>, omvat het beboste en aangelegde domein van meer dan een hectare uitgestrekte en mooie plaatsen voor campingcaravaning, evenals percelen met stacaravans en canvasbungalows. Aan de <strong> rand van een rivier<\/strong> met uitzicht op de bergen is de omgeving van onze camping in de buurt van Saint-Girons ideaal voor een verkwikkend verblijf met familie en vrienden.<\/p>\n<\/div><\/div><\/div><\/div><\/section>\n\n<section id=\"section-6494456618757\"\" class=\"section bg-color3\" \/><div class=\"container extralarge\"><div class=\"colonnes-wrap valign-top \"><div class=\"element colonne w-60 p-4\"><h2 class=\"element section-title justify\">Verhuur van stacaravans in de buurt van Saint-Girons<\/h2><div class=\"element bloc-text justify \">\n\t<p>Wilt u een stacaravan huren in de Ari\u00e8ge om een vakantie van pure ontspanning door te brengen in het hart van uitzonderlijke natuurgebieden? Camping Le S\u00e9dour biedt u de mogelijkheid om een stacaravan te huren in de buurt van Saint-Girons, aan de voet van de Ari\u00e8ge Pyrenee\u00ebn.<\/p>\n<p>Een ideale bestemming om te genieten van <strong> sport- en buitenactiviteiten<\/strong> en te verblijven in een rustige en verkwikkende omgeving. Trakteer uzelf op een authentieke groene vakantie door een Coco Sweet tent te boeken die openstaat voor de buitenlucht! De <a href=\"\/nl\/\">camping S\u00e9dour<\/a> stelt het hele jaar door de verhuur van stacaravans en bungalows in de buurt van Saint-Girons voor, zodat u tijdens de vier seizoenen van de Ari\u00e8ge kunt genieten!<\/p>\n<\/div><\/div><div class=\"element colonne w-40 p-0\"><div class=\"element images\"><div class=\"image\"><img decoding=\"async\" src=\"https:\/\/www.camping-lesedour.com\/wp-content\/uploads\/2020\/09\/mobil-home-3ch-ariege-1-100x100.jpg\" data-src=\"https:\/\/www.camping-lesedour.com\/wp-content\/uploads\/2020\/09\/mobil-home-3ch-ariege-1.jpg\" alt=\"stacaravans Saint-Girons\" class=\"images_image\" \/><\/div><\/div><\/div><\/div><\/div><\/section>\n\n<section id=\"section-6494456618963\"\" class=\"section bg-white p-t-0 p-b-0\" \/><div class=\"container full\"><ul class=\"liste-de-page hebergements row\"><li class=\"hebergement hebergement--init hebergement--style-1  aantal-personen-4 aantal-kamers-2\"><div class=\"hebergement_image\"><img decoding=\"async\" src=\"https:\/\/www.camping-lesedour.com\/wp-content\/uploads\/2020\/09\/camping-sedour-ohara.jpg\" data-src=\"https:\/\/www.camping-lesedour.com\/wp-content\/uploads\/2020\/09\/camping-sedour-ohara.jpg\" alt=\"\" class=\"\" \/><div class=\"hebergement_link\" id=\"3438\"><\/div><\/div><div class=\"hebergement_content\"><div class=\"hebergement_titre hebergement_titre decoration\">Stacaravan O&#8217;HARA 865T<\/div><div class=\"hebergement-attributs\"><span class=\"attribut aantal-personen\">4<i class=\"icon-chambres\"><\/i><\/span><span class=\"attribut aantal-kamers\">2<i class=\"icon-personnes\"><\/i><\/span><\/div><\/div><\/li><li class=\"hebergement hebergement--init hebergement--style-1  aantal-personen-4 aantal-kamers-2\"><div class=\"hebergement_image\"><img decoding=\"async\" src=\"https:\/\/www.camping-lesedour.com\/wp-content\/uploads\/2020\/09\/camping-le-sedour-mh2.jpg\" data-src=\"https:\/\/www.camping-lesedour.com\/wp-content\/uploads\/2020\/09\/camping-le-sedour-mh2.jpg\" alt=\"\" class=\"\" \/><div class=\"hebergement_link\" id=\"3437\"><\/div><\/div><div class=\"hebergement_content\"><div class=\"hebergement_titre hebergement_titre decoration\">Stacaravan 2 slaapkamers<\/div><div class=\"hebergement-attributs\"><span class=\"attribut aantal-personen\">4<i class=\"icon-chambres\"><\/i><\/span><span class=\"attribut aantal-kamers\">2<i class=\"icon-personnes\"><\/i><\/span><\/div><\/div><\/li><li class=\"hebergement hebergement--init hebergement--style-1  aantal-personen-4 aantal-kamers-2\"><div class=\"hebergement_image\"><img decoding=\"async\" src=\"https:\/\/www.camping-lesedour.com\/wp-content\/uploads\/2020\/09\/camping-chalet-ariege.jpg\" data-src=\"https:\/\/www.camping-lesedour.com\/wp-content\/uploads\/2020\/09\/camping-chalet-ariege.jpg\" alt=\"camping chalet Ari\u00e8ge\" class=\"\" \/><div class=\"hebergement_link\" id=\"3436\"><\/div><\/div><div class=\"hebergement_content\"><div class=\"hebergement_titre hebergement_titre decoration\">Chalet 2 slaapkamers<\/div><div class=\"hebergement-attributs\"><span class=\"attribut aantal-personen\">4<i class=\"icon-chambres\"><\/i><\/span><span class=\"attribut aantal-kamers\">2<i class=\"icon-personnes\"><\/i><\/span><\/div><\/div><\/li><li class=\"hebergement hebergement--init hebergement--style-1  aantal-personen-4 aantal-kamers-2\"><div class=\"hebergement_image\"><img decoding=\"async\" src=\"https:\/\/www.camping-lesedour.com\/wp-content\/uploads\/2020\/09\/cocosweet-ariege.jpg\" data-src=\"https:\/\/www.camping-lesedour.com\/wp-content\/uploads\/2020\/09\/cocosweet-ariege.jpg\" alt=\"cocosweet ariege\" class=\"\" \/><div class=\"hebergement_link\" id=\"3421\"><\/div><\/div><div class=\"hebergement_content\"><div class=\"hebergement_titre hebergement_titre decoration\">Cocosweet 2 slaapkamers<\/div><div class=\"hebergement-attributs\"><span class=\"attribut aantal-personen\">4<i class=\"icon-chambres\"><\/i><\/span><span class=\"attribut aantal-kamers\">2<i class=\"icon-personnes\"><\/i><\/span><\/div><\/div><\/li><li class=\"hebergement hebergement--init hebergement--style-1  aantal-personen-2 aantal-kamers-1\"><div class=\"hebergement_image\"><img decoding=\"async\" src=\"https:\/\/www.camping-lesedour.com\/wp-content\/uploads\/2020\/09\/camping-sedour-cahita.jpg\" data-src=\"https:\/\/www.camping-lesedour.com\/wp-content\/uploads\/2020\/09\/camping-sedour-cahita.jpg\" alt=\"\" class=\"\" \/><div class=\"hebergement_link\" id=\"3413\"><\/div><\/div><div class=\"hebergement_content\"><div class=\"hebergement_titre hebergement_titre decoration\">Mobile-home Cahita Riviera 1 slaapkamer<\/div><div class=\"hebergement-attributs\"><span class=\"attribut aantal-personen\">2<i class=\"icon-chambres\"><\/i><\/span><span class=\"attribut aantal-kamers\">1<i class=\"icon-personnes\"><\/i><\/span><\/div><\/div><\/li><li class=\"hebergement hebergement--init hebergement--style-1  aantal-personen-6 aantal-kamers-3\"><div class=\"hebergement_image\"><img decoding=\"async\" src=\"https:\/\/www.camping-lesedour.com\/wp-content\/uploads\/2020\/09\/camping-le-sedour-mh3.jpg\" data-src=\"https:\/\/www.camping-lesedour.com\/wp-content\/uploads\/2020\/09\/camping-le-sedour-mh3.jpg\" alt=\"\" class=\"\" \/><div class=\"hebergement_link\" id=\"3406\"><\/div><\/div><div class=\"hebergement_content\"><div class=\"hebergement_titre hebergement_titre decoration\">Stacaravan 3 slaapkamers<\/div><div class=\"hebergement-attributs\"><span class=\"attribut aantal-personen\">6<i class=\"icon-chambres\"><\/i><\/span><span class=\"attribut aantal-kamers\">3<i class=\"icon-personnes\"><\/i><\/span><\/div><\/div><\/li><li class=\"hebergement hebergement--init hebergement--style-1  aantal-personen-45 aantal-kamers-2\"><div class=\"hebergement_image\"><img decoding=\"async\" src=\"https:\/\/www.camping-lesedour.com\/wp-content\/uploads\/2020\/09\/mobil-home-keywest-ariege.jpg\" data-src=\"https:\/\/www.camping-lesedour.com\/wp-content\/uploads\/2020\/09\/mobil-home-keywest-ariege.jpg\" alt=\"mobil-home keywest ariege\" class=\"\" \/><div class=\"hebergement_link\" id=\"3397\"><\/div><\/div><div class=\"hebergement_content\"><div class=\"hebergement_titre hebergement_titre decoration\">Keywest Stacaravan 2 slaapkamers &#8211; 2 badkamers<\/div><div class=\"hebergement-attributs\"><span class=\"attribut aantal-personen\">4\/5<i class=\"icon-chambres\"><\/i><\/span><span class=\"attribut aantal-kamers\">2<i class=\"icon-personnes\"><\/i><\/span><\/div><\/div><\/li><li class=\"hebergement hebergement--init hebergement--style-1  aantal-personen-4 aantal-kamers-2\"><div class=\"hebergement_image\"><img decoding=\"async\" src=\"https:\/\/www.camping-lesedour.com\/wp-content\/uploads\/2020\/09\/terrasse-hotelier-ariege.jpg\" data-src=\"https:\/\/www.camping-lesedour.com\/wp-content\/uploads\/2020\/09\/terrasse-hotelier-ariege.jpg\" alt=\"terrasse hotelier ariege\" class=\"\" \/><div class=\"hebergement_link\" id=\"3391\"><\/div><\/div><div class=\"hebergement_content\"><div class=\"hebergement_titre hebergement_titre decoration\">Stacaravan Hotellier<\/div><div class=\"hebergement-attributs\"><span class=\"attribut aantal-personen\">4<i class=\"icon-chambres\"><\/i><\/span><span class=\"attribut aantal-kamers\">2<i class=\"icon-personnes\"><\/i><\/span><\/div><\/div><\/li><li class=\"hebergement hebergement--init hebergement--style-1  aantal-personen-4 aantal-kamers-2\"><div class=\"hebergement_image\"><img decoding=\"async\" src=\"https:\/\/www.camping-lesedour.com\/wp-content\/uploads\/2024\/10\/00001198578.webp\" data-src=\"https:\/\/www.camping-lesedour.com\/wp-content\/uploads\/2024\/10\/00001198578.webp\" alt=\"\" class=\"\" \/><div class=\"hebergement_link\" id=\"5706\"><\/div><\/div><div class=\"hebergement_content\"><div class=\"hebergement_titre hebergement_titre decoration\">Stacaravan Comfort 31m2 Bord de Ruisseau<\/div><div class=\"hebergement-attributs\"><span class=\"attribut aantal-personen\">4<i class=\"icon-chambres\"><\/i><\/span><span class=\"attribut aantal-kamers\">2<i class=\"icon-personnes\"><\/i><\/span><\/div><\/div><\/li><\/ul><\/div><\/section>\n\n<section id=\"section-64944566190eb\"\" class=\"section bg-color3\" \/><div class=\"container extralarge\"><div class=\"colonnes-wrap valign-top \"><div class=\"element colonne w-40 p-0\"><div class=\"element images\"><div class=\"image\"><img decoding=\"async\" src=\"https:\/\/www.camping-lesedour.com\/wp-content\/uploads\/2023\/06\/tourisme-saint-girons-100x100.jpg\" data-src=\"https:\/\/www.camping-lesedour.com\/wp-content\/uploads\/2023\/06\/tourisme-saint-girons.jpg\" alt=\"om seen saint girons\" class=\"images_image\" \/><\/div><\/div><\/div><div class=\"element colonne w-60 p-4\"><h2 class=\"element section-title justify\">Om een Saint-Girons<\/h2><div class=\"element bloc-text justify \">\n\t<ul>\n<li><strong>Religieus erfgoed<\/strong> : de kerk Saint-Gen\u00e8s en haar klokkentoren uit de 14e eeuw, maar ook de kerk Saint-Valier en haar sierlijke portaal uit de 12e eeuw.<\/li>\n<li><strong>De oude brug die de rivier de Salat overspant<\/strong>: hij dateert uit de 16e eeuw en de voetpaden zijn gemaakt van marmer uit de Ari\u00e8ge.<\/li>\n<li><strong>Het Museum van het Vrijheidspad<\/strong> : een museografische ruimte ge\u00efnstalleerd in het voormalige station van Saint-Girons, gewijd aan de reis van de ballingen die probeerden de nazi-onderdrukking te ontvluchten door zich bij Spanje aan te sluiten tijdens de Tweede Wereldoorlog.<\/li>\n<li><strong>Het kasteel van de Burggraaf<\/strong> : op de linkeroever, het 16e eeuwse gebouw, het voormalige kasteel van de burggaven van Couserans, herbergt een mediatheek, evenals tentoonstellingen in de kelder.<\/li>\n<li><strong>De Champ de Mars die grenst aan de Salat<\/strong> : een aangename plek om te wandelen, het verwelkomt elke zaterdag de grote markt van Saint-Girons.<\/li>\n<\/ul>\n<\/div><\/div><\/div><\/div><\/section>\n\n<section id=\"section-649445661951e\"\" class=\"section bg-white\" \/><div class=\"container extralarge\"><div class=\"colonnes-wrap valign-top \"><div class=\"element colonne w-60 p-4\"><h2 class=\"element section-title justify\">Dingen om te doen in Saint Girons<\/h2><div class=\"element bloc-text justify \">\n\t<ul>\n<li><strong>Wandeling op de markt<\/strong> : bekend in de hele Ari\u00e8ge en tot in Toulouse is het een van de grootste van het departement. De wekelijkse markt vindt het hele jaar door plaats op zaterdagochtend. Twee maandagen per maand vindt ook een kermis plaats in Saint-Girons.<\/li>\n<li><strong>Neem deel aan de feestelijke evenementen van de stad<\/strong> : de traditionele feesten eind juli en hun kermisattracties, het festival Autrefois le Couserans en de vele folkloristische evenementen in augustus, of het Rite-festival gewijd aan de wereldculturen.<\/li>\n<li><strong>Bezoek de nabijgelegen Saint-Lizier<\/strong> kathedraal en het bisschoppelijk paleis, minder dan 3 km ten noorden van het stadscentrum van Saint-Girons langs de loop van de Salat.<\/li>\n<li><strong>Verfrissen en ontspannen<\/strong> in het aquacentrum van Couserans, in het hart van de stad Saint-Girons.<\/li>\n<li><strong>Vissen in de rivier de Salat<\/strong>, in het water van de Salat, of in een van de zijrivieren van de rivier, de Lez of de Baup.<\/li>\n<\/ul>\n<\/div><\/div><div class=\"element colonne w-40 p-0\"><div class=\"element images\"><div class=\"image\"><img decoding=\"async\" src=\"https:\/\/www.camping-lesedour.com\/wp-content\/uploads\/2023\/06\/decouvrir-saint-girons-100x100.jpg\" data-src=\"https:\/\/www.camping-lesedour.com\/wp-content\/uploads\/2023\/06\/decouvrir-saint-girons.jpg\" alt=\"d\u00e9couvrir saint girons\" class=\"images_image\" \/><\/div><\/div><\/div><\/div><\/div><\/section>","protected":false},"excerpt":{"rendered":"","protected":false},"author":8,"featured_media":2464,"parent":5123,"menu_order":0,"comment_status":"closed","ping_status":"closed","template":"","meta":{"_acf_changed":false,"footnotes":""},"class_list":["post-5173","page","type-page","status-publish","has-post-thumbnail","hentry"],"acf":[],"yoast_head":"<!-- This site is optimized with the Yoast SEO plugin v25.3 - https:\/\/yoast.com\/wordpress\/plugins\/seo\/ -->\n<title>Camping Saint Girons | Verhuur in Saint Girons | Activiteiten Saint Girons<\/title>\n<meta name=\"robots\" content=\"index, follow, max-snippet:-1, max-image-preview:large, max-video-preview:-1\" \/>\n<link rel=\"canonical\" href=\"https:\/\/www.camping-lesedour.com\/nl\/camping-midi-pyreneeen\/kampeer-saint-girons\/\" \/>\n<meta property=\"og:locale\" content=\"nl_NL\" \/>\n<meta property=\"og:type\" content=\"article\" \/>\n<meta property=\"og:title\" content=\"Camping Saint Girons | Verhuur in Saint Girons | Activiteiten Saint Girons\" \/>\n<meta property=\"og:url\" content=\"https:\/\/www.camping-lesedour.com\/nl\/camping-midi-pyreneeen\/kampeer-saint-girons\/\" \/>\n<meta property=\"og:site_name\" content=\"Camping le S\u00e9dour\" \/>\n<meta property=\"article:modified_time\" content=\"2023-06-27T09:54:47+00:00\" \/>\n<meta property=\"og:image\" content=\"https:\/\/www.camping-lesedour.com\/wp-content\/uploads\/2020\/09\/tourisme-saint-girons.jpg\" \/>\n\t<meta property=\"og:image:width\" content=\"1903\" \/>\n\t<meta property=\"og:image:height\" content=\"550\" \/>\n\t<meta property=\"og:image:type\" content=\"image\/jpeg\" \/>\n<meta name=\"twitter:card\" content=\"summary_large_image\" \/>\n<script type=\"application\/ld+json\" class=\"yoast-schema-graph\">{\"@context\":\"https:\/\/schema.org\",\"@graph\":[{\"@type\":\"WebPage\",\"@id\":\"https:\/\/www.camping-lesedour.com\/nl\/camping-midi-pyreneeen\/kampeer-saint-girons\/\",\"url\":\"https:\/\/www.camping-lesedour.com\/nl\/camping-midi-pyreneeen\/kampeer-saint-girons\/\",\"name\":\"Camping Saint Girons | Verhuur in Saint Girons | Activiteiten Saint Girons\",\"isPartOf\":{\"@id\":\"https:\/\/www.camping-lesedour.com\/nl\/#website\"},\"primaryImageOfPage\":{\"@id\":\"https:\/\/www.camping-lesedour.com\/nl\/camping-midi-pyreneeen\/kampeer-saint-girons\/#primaryimage\"},\"image\":{\"@id\":\"https:\/\/www.camping-lesedour.com\/nl\/camping-midi-pyreneeen\/kampeer-saint-girons\/#primaryimage\"},\"thumbnailUrl\":\"https:\/\/www.camping-lesedour.com\/wp-content\/uploads\/2020\/09\/tourisme-saint-girons.jpg\",\"datePublished\":\"2023-06-22T12:58:14+00:00\",\"dateModified\":\"2023-06-27T09:54:47+00:00\",\"breadcrumb\":{\"@id\":\"https:\/\/www.camping-lesedour.com\/nl\/camping-midi-pyreneeen\/kampeer-saint-girons\/#breadcrumb\"},\"inLanguage\":\"nl-NL\",\"potentialAction\":[{\"@type\":\"ReadAction\",\"target\":[\"https:\/\/www.camping-lesedour.com\/nl\/camping-midi-pyreneeen\/kampeer-saint-girons\/\"]}]},{\"@type\":\"ImageObject\",\"inLanguage\":\"nl-NL\",\"@id\":\"https:\/\/www.camping-lesedour.com\/nl\/camping-midi-pyreneeen\/kampeer-saint-girons\/#primaryimage\",\"url\":\"https:\/\/www.camping-lesedour.com\/wp-content\/uploads\/2020\/09\/tourisme-saint-girons.jpg\",\"contentUrl\":\"https:\/\/www.camping-lesedour.com\/wp-content\/uploads\/2020\/09\/tourisme-saint-girons.jpg\",\"width\":1903,\"height\":550,\"caption\":\"tourisme saint-girons\"},{\"@type\":\"BreadcrumbList\",\"@id\":\"https:\/\/www.camping-lesedour.com\/nl\/camping-midi-pyreneeen\/kampeer-saint-girons\/#breadcrumb\",\"itemListElement\":[{\"@type\":\"ListItem\",\"position\":1,\"name\":\"Kamperen Ariege\",\"item\":\"https:\/\/www.camping-lesedour.com\/nl\/\"},{\"@type\":\"ListItem\",\"position\":2,\"name\":\"Camping Midi Pyreneeen\",\"item\":\"https:\/\/www.camping-lesedour.com\/nl\/camping-midi-pyreneeen\/\"},{\"@type\":\"ListItem\",\"position\":3,\"name\":\"Kampeer Saint Girons\"}]},{\"@type\":\"WebSite\",\"@id\":\"https:\/\/www.camping-lesedour.com\/nl\/#website\",\"url\":\"https:\/\/www.camping-lesedour.com\/nl\/\",\"name\":\"Camping le S\u00e9dour\",\"description\":\"\",\"potentialAction\":[{\"@type\":\"SearchAction\",\"target\":{\"@type\":\"EntryPoint\",\"urlTemplate\":\"https:\/\/www.camping-lesedour.com\/nl\/?s={search_term_string}\"},\"query-input\":{\"@type\":\"PropertyValueSpecification\",\"valueRequired\":true,\"valueName\":\"search_term_string\"}}],\"inLanguage\":\"nl-NL\"}]}<\/script>\n<!-- \/ Yoast SEO plugin. -->","yoast_head_json":{"title":"Camping Saint Girons | Verhuur in Saint Girons | Activiteiten Saint Girons","robots":{"index":"index","follow":"follow","max-snippet":"max-snippet:-1","max-image-preview":"max-image-preview:large","max-video-preview":"max-video-preview:-1"},"canonical":"https:\/\/www.camping-lesedour.com\/nl\/camping-midi-pyreneeen\/kampeer-saint-girons\/","og_locale":"nl_NL","og_type":"article","og_title":"Camping Saint Girons | Verhuur in Saint Girons | Activiteiten Saint Girons","og_url":"https:\/\/www.camping-lesedour.com\/nl\/camping-midi-pyreneeen\/kampeer-saint-girons\/","og_site_name":"Camping le S\u00e9dour","article_modified_time":"2023-06-27T09:54:47+00:00","og_image":[{"width":1903,"height":550,"url":"https:\/\/www.camping-lesedour.com\/wp-content\/uploads\/2020\/09\/tourisme-saint-girons.jpg","type":"image\/jpeg"}],"twitter_card":"summary_large_image","schema":{"@context":"https:\/\/schema.org","@graph":[{"@type":"WebPage","@id":"https:\/\/www.camping-lesedour.com\/nl\/camping-midi-pyreneeen\/kampeer-saint-girons\/","url":"https:\/\/www.camping-lesedour.com\/nl\/camping-midi-pyreneeen\/kampeer-saint-girons\/","name":"Camping Saint Girons | Verhuur in Saint Girons | Activiteiten Saint Girons","isPartOf":{"@id":"https:\/\/www.camping-lesedour.com\/nl\/#website"},"primaryImageOfPage":{"@id":"https:\/\/www.camping-lesedour.com\/nl\/camping-midi-pyreneeen\/kampeer-saint-girons\/#primaryimage"},"image":{"@id":"https:\/\/www.camping-lesedour.com\/nl\/camping-midi-pyreneeen\/kampeer-saint-girons\/#primaryimage"},"thumbnailUrl":"https:\/\/www.camping-lesedour.com\/wp-content\/uploads\/2020\/09\/tourisme-saint-girons.jpg","datePublished":"2023-06-22T12:58:14+00:00","dateModified":"2023-06-27T09:54:47+00:00","breadcrumb":{"@id":"https:\/\/www.camping-lesedour.com\/nl\/camping-midi-pyreneeen\/kampeer-saint-girons\/#breadcrumb"},"inLanguage":"nl-NL","potentialAction":[{"@type":"ReadAction","target":["https:\/\/www.camping-lesedour.com\/nl\/camping-midi-pyreneeen\/kampeer-saint-girons\/"]}]},{"@type":"ImageObject","inLanguage":"nl-NL","@id":"https:\/\/www.camping-lesedour.com\/nl\/camping-midi-pyreneeen\/kampeer-saint-girons\/#primaryimage","url":"https:\/\/www.camping-lesedour.com\/wp-content\/uploads\/2020\/09\/tourisme-saint-girons.jpg","contentUrl":"https:\/\/www.camping-lesedour.com\/wp-content\/uploads\/2020\/09\/tourisme-saint-girons.jpg","width":1903,"height":550,"caption":"tourisme saint-girons"},{"@type":"BreadcrumbList","@id":"https:\/\/www.camping-lesedour.com\/nl\/camping-midi-pyreneeen\/kampeer-saint-girons\/#breadcrumb","itemListElement":[{"@type":"ListItem","position":1,"name":"Kamperen Ariege","item":"https:\/\/www.camping-lesedour.com\/nl\/"},{"@type":"ListItem","position":2,"name":"Camping Midi Pyreneeen","item":"https:\/\/www.camping-lesedour.com\/nl\/camping-midi-pyreneeen\/"},{"@type":"ListItem","position":3,"name":"Kampeer Saint Girons"}]},{"@type":"WebSite","@id":"https:\/\/www.camping-lesedour.com\/nl\/#website","url":"https:\/\/www.camping-lesedour.com\/nl\/","name":"Camping le S\u00e9dour","description":"","potentialAction":[{"@type":"SearchAction","target":{"@type":"EntryPoint","urlTemplate":"https:\/\/www.camping-lesedour.com\/nl\/?s={search_term_string}"},"query-input":{"@type":"PropertyValueSpecification","valueRequired":true,"valueName":"search_term_string"}}],"inLanguage":"nl-NL"}]}},"_links":{"self":[{"href":"https:\/\/www.camping-lesedour.com\/nl\/wp-json\/wp\/v2\/pages\/5173"}],"collection":[{"href":"https:\/\/www.camping-lesedour.com\/nl\/wp-json\/wp\/v2\/pages"}],"about":[{"href":"https:\/\/www.camping-lesedour.com\/nl\/wp-json\/wp\/v2\/types\/page"}],"author":[{"embeddable":true,"href":"https:\/\/www.camping-lesedour.com\/nl\/wp-json\/wp\/v2\/users\/8"}],"replies":[{"embeddable":true,"href":"https:\/\/www.camping-lesedour.com\/nl\/wp-json\/wp\/v2\/comments?post=5173"}],"version-history":[{"count":4,"href":"https:\/\/www.camping-lesedour.com\/nl\/wp-json\/wp\/v2\/pages\/5173\/revisions"}],"predecessor-version":[{"id":5183,"href":"https:\/\/www.camping-lesedour.com\/nl\/wp-json\/wp\/v2\/pages\/5173\/revisions\/5183"}],"up":[{"embeddable":true,"href":"https:\/\/www.camping-lesedour.com\/nl\/wp-json\/wp\/v2\/pages\/5123"}],"wp:featuredmedia":[{"embeddable":true,"href":"https:\/\/www.camping-lesedour.com\/nl\/wp-json\/wp\/v2\/media\/2464"}],"wp:attachment":[{"href":"https:\/\/www.camping-lesedour.com\/nl\/wp-json\/wp\/v2\/media?parent=5173"}],"curies":[{"name":"wp","href":"https:\/\/api.w.org\/{rel}","templated":true}]}}