{"id":5188,"date":"2023-06-22T15:04:48","date_gmt":"2023-06-22T13:04:48","guid":{"rendered":"https:\/\/www.camping-lesedour.com\/camping-midi-pyreneeen\/camping-andorre\/"},"modified":"2023-06-27T12:13:40","modified_gmt":"2023-06-27T10:13:40","slug":"kampeer-andorra","status":"publish","type":"page","link":"https:\/\/www.camping-lesedour.com\/nl\/camping-midi-pyreneeen\/kampeer-andorra\/","title":{"rendered":"Camping Andorre"},"content":{"rendered":"<section id=\"section-649433233a7d1\"\" class=\"section bg-color3\" \/><div class=\"container\"><h1 class=\"element section-title center\">Camping Andorra <\/h1><\/div><\/section>\n\n<section id=\"section-649433233acbf\"\" class=\"section bg-white\" \/><div class=\"container extralarge\"><div class=\"colonnes-wrap valign-middle \"><div class=\"element colonne w-40 p-0\"><div class=\"element images\"><div class=\"image\"><img decoding=\"async\" src=\"https:\/\/www.camping-lesedour.com\/wp-content\/uploads\/2020\/09\/acsi-ariege-100x70.jpg\" data-src=\"https:\/\/www.camping-lesedour.com\/wp-content\/uploads\/2020\/09\/acsi-ariege.jpg\" alt=\"camping andorra\" class=\"images_image\" \/><\/div><\/div><\/div><div class=\"element colonne w-60 p-4\"><h2 class=\"element section-title justify\">Situatie van Andorra ten opzichte van de camping<\/h2><div class=\"element bloc-text justify \">\n\t<p>Le <a href=\"\/nl\/\">camping Le S\u00e9dour<\/a> is een familiecamping, gelegen in het kleine stadje Surba, op twee minuten van Tarascon in de Ari\u00e8ge. Deze drie sterren camping ligt op anderhalf uur rijden van het land Andorra. Als u alles wilt ontdekken wat dit <strong>magnifieke land<\/strong> zo bijzonder maakt, dan verwelkomt camping le Sedour*** u met open armen.<\/p>\n<p>Dankzij de bevoorrechte ligging, in het hart van het <strong>Parc R\u00e9gional Naturel des Pyr\u00e9n\u00e9es<\/strong> de l&#8217;Ari\u00e8ge, zal dit etablissement de grote liefhebbers van de natuur en de natuur in de buitenlucht in vervoering brengen. Het is bovendien begrensd door beekjes en ligt in een groene omgeving van 1,5 hectare waar u rust en sereniteit kunt vinden. Het is ook gewaardeerd om de nabijheid van de <strong> onvermijdelijke sites en skigebieden van de Ari\u00e8ge<\/strong> maar ook van belangrijke bestemmingen zoals het Vorstendom Andorra. Het hele jaar door worden er vele activiteiten aangeboden om aan al uw wensen te voldoen.<\/p>\n<\/div><\/div><\/div><\/div><\/section>\n\n<section id=\"section-64944709bef44\"\" class=\"section bg-color3\" \/><div class=\"container extralarge\"><div class=\"colonnes-wrap valign-top \"><div class=\"element colonne w-60 p-4\"><h2 class=\"element section-title justify\">Waarom kiezen voor Andorra voor uw kampeervakantie?<\/h2><div class=\"element bloc-text justify \">\n\t<p>Het <strong>land van Andorra<\/strong>, ook wel bekend als het Vorstendom Andorra, is de winkel- en skibestemming bij uitstek tussen het zuiden van Frankrijk en het noorden van Spanje in de Midi-Pyrenee\u00ebn. Het is inderdaad beroemd om zijn goedkope producten maar ook om zijn enorme besneeuwde hellingen in de <strong> Pyrenee\u00ebn<\/strong>. Het charmeert de bezoekers ook met zijn authenticiteit en natuurlijke uitstraling.<\/p>\n<p>Maar Andorra is ook een paradijs voor <strong> sportieve vakanties<\/strong> dicht bij de natuur. Ski\u00ebn, wandelen, mountainbiken en vele andere activiteiten worden gedurende het hele seizoen aan het hele gezin aangeboden. Het <strong>natuurlijke erfgoed<\/strong>, het <strong>spectaculaire berglandschap<\/strong> en de <strong>charmante dorpjes<\/strong> in de groene valleien maken de regio tot een ideale vakantiebestemming om te kamperen.<\/p>\n<\/div><\/div><div class=\"element colonne w-40 p-0\"><div class=\"element images\"><div class=\"image\"><img decoding=\"async\" src=\"https:\/\/www.camping-lesedour.com\/wp-content\/uploads\/2023\/06\/camping-andorre-100x100.jpg\" data-src=\"https:\/\/www.camping-lesedour.com\/wp-content\/uploads\/2023\/06\/camping-andorre.jpg\" alt=\"camping andorra\" class=\"images_image\" \/><\/div><\/div><\/div><\/div><\/div><\/section>\n\n<section id=\"section-64944709bf0f3\"\" class=\"section bg-white\" \/><div class=\"container extralarge\"><div class=\"colonnes-wrap valign-top \"><div class=\"element colonne w-40 p-0\"><div class=\"element images\"><div class=\"image\"><img decoding=\"async\" src=\"https:\/\/www.camping-lesedour.com\/wp-content\/uploads\/2020\/09\/mobil-home-3ch-ariege-1-100x100.jpg\" data-src=\"https:\/\/www.camping-lesedour.com\/wp-content\/uploads\/2020\/09\/mobil-home-3ch-ariege-1.jpg\" alt=\"stacaravans camping andorre\" class=\"images_image\" \/><\/div><\/div><\/div><div class=\"element colonne w-60 p-4\"><h2 class=\"element section-title justify\">Huur uw stacaravan in de buurt van Andorra<\/h2><div class=\"element bloc-text justify \">\n\t<p>Camping Le S\u00e9dour biedt de verhuur van stacaravans en openluchtplaatsen voor uw vakantie in de buurt van Andorra. Vakantiegangers hebben de keuze tussen het huren van comfortabele stacaravans, het verblijf in chalets of het slapen in tenten, campers en caravans op speciaal daarvoor bestemde plaatsen. Het is zelfs mogelijk om uw verblijf door te brengen in de <strong>ongewone accommodatie Coco Sweet<\/strong>. Terwijl de vakantiewoningen perfect zijn uitgerust, zijn de caravanplaatsen ruim en schaduwrijk. Voorzieningen, TNT, Wifi zijn enkele van de diensten waarvan u ter plaatse kunt genieten. De camping is het hele jaar door geopend om u in elk seizoen onvergetelijke momenten te laten beleven in deze regio.<\/p>\n<\/div><\/div><\/div><\/div><\/section>\n\n<section id=\"section-64944709bf1ef\"\" class=\"section bg-white p-t-0 p-b-0\" \/><div class=\"container full\"><ul class=\"liste-de-page hebergements row\"><li class=\"hebergement hebergement--init hebergement--style-1  aantal-personen-4 aantal-kamers-2\"><div class=\"hebergement_image\"><img decoding=\"async\" src=\"https:\/\/www.camping-lesedour.com\/wp-content\/uploads\/2020\/09\/camping-sedour-ohara.jpg\" data-src=\"https:\/\/www.camping-lesedour.com\/wp-content\/uploads\/2020\/09\/camping-sedour-ohara.jpg\" alt=\"\" class=\"\" \/><div class=\"hebergement_link\" id=\"3438\"><\/div><\/div><div class=\"hebergement_content\"><div class=\"hebergement_titre hebergement_titre decoration\">Stacaravan O&#8217;HARA 865T<\/div><div class=\"hebergement-attributs\"><span class=\"attribut aantal-personen\">4<i class=\"icon-chambres\"><\/i><\/span><span class=\"attribut aantal-kamers\">2<i class=\"icon-personnes\"><\/i><\/span><\/div><\/div><\/li><li class=\"hebergement hebergement--init hebergement--style-1  aantal-personen-4 aantal-kamers-2\"><div class=\"hebergement_image\"><img decoding=\"async\" src=\"https:\/\/www.camping-lesedour.com\/wp-content\/uploads\/2020\/09\/camping-le-sedour-mh2.jpg\" data-src=\"https:\/\/www.camping-lesedour.com\/wp-content\/uploads\/2020\/09\/camping-le-sedour-mh2.jpg\" alt=\"\" class=\"\" \/><div class=\"hebergement_link\" id=\"3437\"><\/div><\/div><div class=\"hebergement_content\"><div class=\"hebergement_titre hebergement_titre decoration\">Stacaravan 2 slaapkamers<\/div><div class=\"hebergement-attributs\"><span class=\"attribut aantal-personen\">4<i class=\"icon-chambres\"><\/i><\/span><span class=\"attribut aantal-kamers\">2<i class=\"icon-personnes\"><\/i><\/span><\/div><\/div><\/li><li class=\"hebergement hebergement--init hebergement--style-1  aantal-personen-4 aantal-kamers-2\"><div class=\"hebergement_image\"><img decoding=\"async\" src=\"https:\/\/www.camping-lesedour.com\/wp-content\/uploads\/2020\/09\/camping-chalet-ariege.jpg\" data-src=\"https:\/\/www.camping-lesedour.com\/wp-content\/uploads\/2020\/09\/camping-chalet-ariege.jpg\" alt=\"camping chalet Ari\u00e8ge\" class=\"\" \/><div class=\"hebergement_link\" id=\"3436\"><\/div><\/div><div class=\"hebergement_content\"><div class=\"hebergement_titre hebergement_titre decoration\">Chalet 2 slaapkamers<\/div><div class=\"hebergement-attributs\"><span class=\"attribut aantal-personen\">4<i class=\"icon-chambres\"><\/i><\/span><span class=\"attribut aantal-kamers\">2<i class=\"icon-personnes\"><\/i><\/span><\/div><\/div><\/li><li class=\"hebergement hebergement--init hebergement--style-1  aantal-personen-4 aantal-kamers-2\"><div class=\"hebergement_image\"><img decoding=\"async\" src=\"https:\/\/www.camping-lesedour.com\/wp-content\/uploads\/2020\/09\/cocosweet-ariege.jpg\" data-src=\"https:\/\/www.camping-lesedour.com\/wp-content\/uploads\/2020\/09\/cocosweet-ariege.jpg\" alt=\"cocosweet ariege\" class=\"\" \/><div class=\"hebergement_link\" id=\"3421\"><\/div><\/div><div class=\"hebergement_content\"><div class=\"hebergement_titre hebergement_titre decoration\">Cocosweet 2 slaapkamers<\/div><div class=\"hebergement-attributs\"><span class=\"attribut aantal-personen\">4<i class=\"icon-chambres\"><\/i><\/span><span class=\"attribut aantal-kamers\">2<i class=\"icon-personnes\"><\/i><\/span><\/div><\/div><\/li><li class=\"hebergement hebergement--init hebergement--style-1  aantal-personen-2 aantal-kamers-1\"><div class=\"hebergement_image\"><img decoding=\"async\" src=\"https:\/\/www.camping-lesedour.com\/wp-content\/uploads\/2020\/09\/camping-sedour-cahita.jpg\" data-src=\"https:\/\/www.camping-lesedour.com\/wp-content\/uploads\/2020\/09\/camping-sedour-cahita.jpg\" alt=\"\" class=\"\" \/><div class=\"hebergement_link\" id=\"3413\"><\/div><\/div><div class=\"hebergement_content\"><div class=\"hebergement_titre hebergement_titre decoration\">Mobile-home Cahita Riviera 1 slaapkamer<\/div><div class=\"hebergement-attributs\"><span class=\"attribut aantal-personen\">2<i class=\"icon-chambres\"><\/i><\/span><span class=\"attribut aantal-kamers\">1<i class=\"icon-personnes\"><\/i><\/span><\/div><\/div><\/li><li class=\"hebergement hebergement--init hebergement--style-1  aantal-personen-6 aantal-kamers-3\"><div class=\"hebergement_image\"><img decoding=\"async\" src=\"https:\/\/www.camping-lesedour.com\/wp-content\/uploads\/2020\/09\/camping-le-sedour-mh3.jpg\" data-src=\"https:\/\/www.camping-lesedour.com\/wp-content\/uploads\/2020\/09\/camping-le-sedour-mh3.jpg\" alt=\"\" class=\"\" \/><div class=\"hebergement_link\" id=\"3406\"><\/div><\/div><div class=\"hebergement_content\"><div class=\"hebergement_titre hebergement_titre decoration\">Stacaravan 3 slaapkamers<\/div><div class=\"hebergement-attributs\"><span class=\"attribut aantal-personen\">6<i class=\"icon-chambres\"><\/i><\/span><span class=\"attribut aantal-kamers\">3<i class=\"icon-personnes\"><\/i><\/span><\/div><\/div><\/li><li class=\"hebergement hebergement--init hebergement--style-1  aantal-personen-45 aantal-kamers-2\"><div class=\"hebergement_image\"><img decoding=\"async\" src=\"https:\/\/www.camping-lesedour.com\/wp-content\/uploads\/2020\/09\/mobil-home-keywest-ariege.jpg\" data-src=\"https:\/\/www.camping-lesedour.com\/wp-content\/uploads\/2020\/09\/mobil-home-keywest-ariege.jpg\" alt=\"mobil-home keywest ariege\" class=\"\" \/><div class=\"hebergement_link\" id=\"3397\"><\/div><\/div><div class=\"hebergement_content\"><div class=\"hebergement_titre hebergement_titre decoration\">Keywest Stacaravan 2 slaapkamers &#8211; 2 badkamers<\/div><div class=\"hebergement-attributs\"><span class=\"attribut aantal-personen\">4\/5<i class=\"icon-chambres\"><\/i><\/span><span class=\"attribut aantal-kamers\">2<i class=\"icon-personnes\"><\/i><\/span><\/div><\/div><\/li><li class=\"hebergement hebergement--init hebergement--style-1  aantal-personen-4 aantal-kamers-2\"><div class=\"hebergement_image\"><img decoding=\"async\" src=\"https:\/\/www.camping-lesedour.com\/wp-content\/uploads\/2020\/09\/terrasse-hotelier-ariege.jpg\" data-src=\"https:\/\/www.camping-lesedour.com\/wp-content\/uploads\/2020\/09\/terrasse-hotelier-ariege.jpg\" alt=\"terrasse hotelier ariege\" class=\"\" \/><div class=\"hebergement_link\" id=\"3391\"><\/div><\/div><div class=\"hebergement_content\"><div class=\"hebergement_titre hebergement_titre decoration\">Stacaravan Hotellier<\/div><div class=\"hebergement-attributs\"><span class=\"attribut aantal-personen\">4<i class=\"icon-chambres\"><\/i><\/span><span class=\"attribut aantal-kamers\">2<i class=\"icon-personnes\"><\/i><\/span><\/div><\/div><\/li><li class=\"hebergement hebergement--init hebergement--style-1  aantal-personen-4 aantal-kamers-2\"><div class=\"hebergement_image\"><img decoding=\"async\" src=\"https:\/\/www.camping-lesedour.com\/wp-content\/uploads\/2024\/10\/00001198578.webp\" data-src=\"https:\/\/www.camping-lesedour.com\/wp-content\/uploads\/2024\/10\/00001198578.webp\" alt=\"\" class=\"\" \/><div class=\"hebergement_link\" id=\"5706\"><\/div><\/div><div class=\"hebergement_content\"><div class=\"hebergement_titre hebergement_titre decoration\">Stacaravan Comfort 31m2 Bord de Ruisseau<\/div><div class=\"hebergement-attributs\"><span class=\"attribut aantal-personen\">4<i class=\"icon-chambres\"><\/i><\/span><span class=\"attribut aantal-kamers\">2<i class=\"icon-personnes\"><\/i><\/span><\/div><\/div><\/li><\/ul><\/div><\/section>\n\n<section id=\"section-64944709bf38c\"\" class=\"section bg-white\" \/><div class=\"container extralarge\"><div class=\"colonnes-wrap valign-top \"><div class=\"element colonne w-40 p-0\"><div class=\"element images\"><div class=\"image\"><img decoding=\"async\" src=\"https:\/\/www.camping-lesedour.com\/wp-content\/uploads\/2023\/06\/tourisme-andorre-100x100.jpg\" data-src=\"https:\/\/www.camping-lesedour.com\/wp-content\/uploads\/2023\/06\/tourisme-andorre.jpg\" alt=\"tourisme andorre\" class=\"images_image\" \/><\/div><\/div><\/div><div class=\"element colonne w-60 p-4\"><h2 class=\"element section-title justify\">Andorra, een opdrachtgever die u tijdens uw vakantie op de camping kunt ontdekken.<\/h2><div class=\"element bloc-text justify \">\n\t<p>Uw Andorrese verblijf zal naar uw wensen <strong> zijn<\/strong>. U kunt uw vakantie op Camping S\u00e9dour ori\u00ebnteren op de ontdekking van de natuur door de bergen en de Madriu-vallei te ontdekken door middel van wandelen, klimmen, mountainbiken, paardrijden, wildwatersporten&#8230; De <strong> cultuurliefhebbers<\/strong> zullen hun geluk vinden in een bezoek aan de pittoreske plekjes en architectonische schatten van La Massana, Ordino of de Canillo.<\/p>\n<p>De skigebieden waarvan de beroemde Grandvalira en Vallnord een must zijn voor de <strong> wintersporters<\/strong> en sneeuwsportliefhebbers. Activiteiten die u niet mag missen zijn onder andere winkelen in steden als Pas de la Casa en Andorra la Vella; maar ook een wellness-pauze in de Caldea thermen in Escaldes-Engordany, de belangrijkste van Europa.<\/p>\n<\/div><\/div><\/div><\/div><\/section>\n\n<section id=\"section-64944709bf62e\"\" class=\"section bg-color3\" \/><div class=\"container extralarge\"><div class=\"colonnes-wrap valign-top \"><div class=\"element colonne w-60 p-4\"><h2 class=\"element section-title justify\">Le Pas de la Case, vlaggenschipstad van Andorra<\/h2><div class=\"element bloc-text justify \">\n\t<p>Tijdens uw vakantie op de camping Le S\u00e9dour is de Pas de la Case een <strong> stad die u niet mag missen<\/strong>. Het maakt deel uit van de stad Encamp en is ideaal gelegen aan de voet van het Andorrese gebergte. Dit vlaggenschipstadje in het Vorstendom Andorra is net zo populair voor zijn afdalingen als voor zijn winkels en bedrijven die belastingvrije producten aanbieden. Of het nu gaat om winkelen of ski\u00ebn, de Pas de la Casa is een must-see. Andere activiteiten zoals <strong> bergwandelingen<\/strong> zijn ook optioneel.<\/p>\n<p>Het <strong>architectonische erfgoed<\/strong> van deze stad is ook een goede reden om haar te bezoeken. Het is aan u om in uw eigen tempo de kerk van Santa Eul\u00e0lia uit de 11e-12e eeuw, de kerk van Sant Miquel en Sant Joan de la Mosquera uit de 16e-17e eeuw of de kerk van Sant P\u00e8re du Pas de la Case uit de 20e eeuw te ontdekken. De restaurants in het centrum en onderaan de skipistes nodigen uit tot een gastronomische pauze met uitzicht tussen twee wandelingen door.<\/p>\n<\/div><\/div><div class=\"element colonne w-40 p-0\"><div class=\"element images\"><div class=\"image\"><img decoding=\"async\" src=\"https:\/\/www.camping-lesedour.com\/wp-content\/uploads\/2023\/06\/pas-de-la-case-100x100.jpg\" data-src=\"https:\/\/www.camping-lesedour.com\/wp-content\/uploads\/2023\/06\/pas-de-la-case.jpg\" alt=\"pas de la case\" class=\"images_image\" \/><\/div><\/div><\/div><\/div><\/div><\/section>","protected":false},"excerpt":{"rendered":"","protected":false},"author":8,"featured_media":2419,"parent":5123,"menu_order":0,"comment_status":"closed","ping_status":"closed","template":"","meta":{"_acf_changed":false,"footnotes":""},"class_list":["post-5188","page","type-page","status-publish","has-post-thumbnail","hentry"],"acf":[],"yoast_head":"<!-- This site is optimized with the Yoast SEO plugin v25.3 - https:\/\/yoast.com\/wordpress\/plugins\/seo\/ -->\n<title>Camping Andorra - Vakantieverhuur camping Pas de la Case, Andorra<\/title>\n<meta name=\"robots\" content=\"index, follow, max-snippet:-1, max-image-preview:large, max-video-preview:-1\" \/>\n<link rel=\"canonical\" href=\"https:\/\/www.camping-lesedour.com\/nl\/camping-midi-pyreneeen\/kampeer-andorra\/\" \/>\n<meta property=\"og:locale\" content=\"nl_NL\" \/>\n<meta property=\"og:type\" content=\"article\" \/>\n<meta property=\"og:title\" content=\"Camping Andorra - Vakantieverhuur camping Pas de la Case, Andorra\" \/>\n<meta property=\"og:url\" content=\"https:\/\/www.camping-lesedour.com\/nl\/camping-midi-pyreneeen\/kampeer-andorra\/\" \/>\n<meta property=\"og:site_name\" content=\"Camping le S\u00e9dour\" \/>\n<meta property=\"article:modified_time\" content=\"2023-06-27T10:13:40+00:00\" \/>\n<meta property=\"og:image\" content=\"https:\/\/www.camping-lesedour.com\/wp-content\/uploads\/2020\/09\/tourisme-andorre.jpg\" \/>\n\t<meta property=\"og:image:width\" content=\"1903\" \/>\n\t<meta property=\"og:image:height\" content=\"550\" \/>\n\t<meta property=\"og:image:type\" content=\"image\/jpeg\" \/>\n<meta name=\"twitter:card\" content=\"summary_large_image\" \/>\n<script type=\"application\/ld+json\" class=\"yoast-schema-graph\">{\"@context\":\"https:\/\/schema.org\",\"@graph\":[{\"@type\":\"WebPage\",\"@id\":\"https:\/\/www.camping-lesedour.com\/nl\/camping-midi-pyreneeen\/kampeer-andorra\/\",\"url\":\"https:\/\/www.camping-lesedour.com\/nl\/camping-midi-pyreneeen\/kampeer-andorra\/\",\"name\":\"Camping Andorra - Vakantieverhuur camping Pas de la Case, Andorra\",\"isPartOf\":{\"@id\":\"https:\/\/www.camping-lesedour.com\/nl\/#website\"},\"primaryImageOfPage\":{\"@id\":\"https:\/\/www.camping-lesedour.com\/nl\/camping-midi-pyreneeen\/kampeer-andorra\/#primaryimage\"},\"image\":{\"@id\":\"https:\/\/www.camping-lesedour.com\/nl\/camping-midi-pyreneeen\/kampeer-andorra\/#primaryimage\"},\"thumbnailUrl\":\"https:\/\/www.camping-lesedour.com\/wp-content\/uploads\/2020\/09\/tourisme-andorre.jpg\",\"datePublished\":\"2023-06-22T13:04:48+00:00\",\"dateModified\":\"2023-06-27T10:13:40+00:00\",\"breadcrumb\":{\"@id\":\"https:\/\/www.camping-lesedour.com\/nl\/camping-midi-pyreneeen\/kampeer-andorra\/#breadcrumb\"},\"inLanguage\":\"nl-NL\",\"potentialAction\":[{\"@type\":\"ReadAction\",\"target\":[\"https:\/\/www.camping-lesedour.com\/nl\/camping-midi-pyreneeen\/kampeer-andorra\/\"]}]},{\"@type\":\"ImageObject\",\"inLanguage\":\"nl-NL\",\"@id\":\"https:\/\/www.camping-lesedour.com\/nl\/camping-midi-pyreneeen\/kampeer-andorra\/#primaryimage\",\"url\":\"https:\/\/www.camping-lesedour.com\/wp-content\/uploads\/2020\/09\/tourisme-andorre.jpg\",\"contentUrl\":\"https:\/\/www.camping-lesedour.com\/wp-content\/uploads\/2020\/09\/tourisme-andorre.jpg\",\"width\":1903,\"height\":550,\"caption\":\"tourisme andorre\"},{\"@type\":\"BreadcrumbList\",\"@id\":\"https:\/\/www.camping-lesedour.com\/nl\/camping-midi-pyreneeen\/kampeer-andorra\/#breadcrumb\",\"itemListElement\":[{\"@type\":\"ListItem\",\"position\":1,\"name\":\"Kamperen Ariege\",\"item\":\"https:\/\/www.camping-lesedour.com\/nl\/\"},{\"@type\":\"ListItem\",\"position\":2,\"name\":\"Camping Midi Pyreneeen\",\"item\":\"https:\/\/www.camping-lesedour.com\/nl\/camping-midi-pyreneeen\/\"},{\"@type\":\"ListItem\",\"position\":3,\"name\":\"Kampeer Andorra\"}]},{\"@type\":\"WebSite\",\"@id\":\"https:\/\/www.camping-lesedour.com\/nl\/#website\",\"url\":\"https:\/\/www.camping-lesedour.com\/nl\/\",\"name\":\"Camping le S\u00e9dour\",\"description\":\"\",\"potentialAction\":[{\"@type\":\"SearchAction\",\"target\":{\"@type\":\"EntryPoint\",\"urlTemplate\":\"https:\/\/www.camping-lesedour.com\/nl\/?s={search_term_string}\"},\"query-input\":{\"@type\":\"PropertyValueSpecification\",\"valueRequired\":true,\"valueName\":\"search_term_string\"}}],\"inLanguage\":\"nl-NL\"}]}<\/script>\n<!-- \/ Yoast SEO plugin. -->","yoast_head_json":{"title":"Camping Andorra - Vakantieverhuur camping Pas de la Case, Andorra","robots":{"index":"index","follow":"follow","max-snippet":"max-snippet:-1","max-image-preview":"max-image-preview:large","max-video-preview":"max-video-preview:-1"},"canonical":"https:\/\/www.camping-lesedour.com\/nl\/camping-midi-pyreneeen\/kampeer-andorra\/","og_locale":"nl_NL","og_type":"article","og_title":"Camping Andorra - Vakantieverhuur camping Pas de la Case, Andorra","og_url":"https:\/\/www.camping-lesedour.com\/nl\/camping-midi-pyreneeen\/kampeer-andorra\/","og_site_name":"Camping le S\u00e9dour","article_modified_time":"2023-06-27T10:13:40+00:00","og_image":[{"width":1903,"height":550,"url":"https:\/\/www.camping-lesedour.com\/wp-content\/uploads\/2020\/09\/tourisme-andorre.jpg","type":"image\/jpeg"}],"twitter_card":"summary_large_image","schema":{"@context":"https:\/\/schema.org","@graph":[{"@type":"WebPage","@id":"https:\/\/www.camping-lesedour.com\/nl\/camping-midi-pyreneeen\/kampeer-andorra\/","url":"https:\/\/www.camping-lesedour.com\/nl\/camping-midi-pyreneeen\/kampeer-andorra\/","name":"Camping Andorra - Vakantieverhuur camping Pas de la Case, Andorra","isPartOf":{"@id":"https:\/\/www.camping-lesedour.com\/nl\/#website"},"primaryImageOfPage":{"@id":"https:\/\/www.camping-lesedour.com\/nl\/camping-midi-pyreneeen\/kampeer-andorra\/#primaryimage"},"image":{"@id":"https:\/\/www.camping-lesedour.com\/nl\/camping-midi-pyreneeen\/kampeer-andorra\/#primaryimage"},"thumbnailUrl":"https:\/\/www.camping-lesedour.com\/wp-content\/uploads\/2020\/09\/tourisme-andorre.jpg","datePublished":"2023-06-22T13:04:48+00:00","dateModified":"2023-06-27T10:13:40+00:00","breadcrumb":{"@id":"https:\/\/www.camping-lesedour.com\/nl\/camping-midi-pyreneeen\/kampeer-andorra\/#breadcrumb"},"inLanguage":"nl-NL","potentialAction":[{"@type":"ReadAction","target":["https:\/\/www.camping-lesedour.com\/nl\/camping-midi-pyreneeen\/kampeer-andorra\/"]}]},{"@type":"ImageObject","inLanguage":"nl-NL","@id":"https:\/\/www.camping-lesedour.com\/nl\/camping-midi-pyreneeen\/kampeer-andorra\/#primaryimage","url":"https:\/\/www.camping-lesedour.com\/wp-content\/uploads\/2020\/09\/tourisme-andorre.jpg","contentUrl":"https:\/\/www.camping-lesedour.com\/wp-content\/uploads\/2020\/09\/tourisme-andorre.jpg","width":1903,"height":550,"caption":"tourisme andorre"},{"@type":"BreadcrumbList","@id":"https:\/\/www.camping-lesedour.com\/nl\/camping-midi-pyreneeen\/kampeer-andorra\/#breadcrumb","itemListElement":[{"@type":"ListItem","position":1,"name":"Kamperen Ariege","item":"https:\/\/www.camping-lesedour.com\/nl\/"},{"@type":"ListItem","position":2,"name":"Camping Midi Pyreneeen","item":"https:\/\/www.camping-lesedour.com\/nl\/camping-midi-pyreneeen\/"},{"@type":"ListItem","position":3,"name":"Kampeer Andorra"}]},{"@type":"WebSite","@id":"https:\/\/www.camping-lesedour.com\/nl\/#website","url":"https:\/\/www.camping-lesedour.com\/nl\/","name":"Camping le S\u00e9dour","description":"","potentialAction":[{"@type":"SearchAction","target":{"@type":"EntryPoint","urlTemplate":"https:\/\/www.camping-lesedour.com\/nl\/?s={search_term_string}"},"query-input":{"@type":"PropertyValueSpecification","valueRequired":true,"valueName":"search_term_string"}}],"inLanguage":"nl-NL"}]}},"_links":{"self":[{"href":"https:\/\/www.camping-lesedour.com\/nl\/wp-json\/wp\/v2\/pages\/5188"}],"collection":[{"href":"https:\/\/www.camping-lesedour.com\/nl\/wp-json\/wp\/v2\/pages"}],"about":[{"href":"https:\/\/www.camping-lesedour.com\/nl\/wp-json\/wp\/v2\/types\/page"}],"author":[{"embeddable":true,"href":"https:\/\/www.camping-lesedour.com\/nl\/wp-json\/wp\/v2\/users\/8"}],"replies":[{"embeddable":true,"href":"https:\/\/www.camping-lesedour.com\/nl\/wp-json\/wp\/v2\/comments?post=5188"}],"version-history":[{"count":2,"href":"https:\/\/www.camping-lesedour.com\/nl\/wp-json\/wp\/v2\/pages\/5188\/revisions"}],"predecessor-version":[{"id":5195,"href":"https:\/\/www.camping-lesedour.com\/nl\/wp-json\/wp\/v2\/pages\/5188\/revisions\/5195"}],"up":[{"embeddable":true,"href":"https:\/\/www.camping-lesedour.com\/nl\/wp-json\/wp\/v2\/pages\/5123"}],"wp:featuredmedia":[{"embeddable":true,"href":"https:\/\/www.camping-lesedour.com\/nl\/wp-json\/wp\/v2\/media\/2419"}],"wp:attachment":[{"href":"https:\/\/www.camping-lesedour.com\/nl\/wp-json\/wp\/v2\/media?parent=5188"}],"curies":[{"name":"wp","href":"https:\/\/api.w.org\/{rel}","templated":true}]}}