{"id":5200,"date":"2023-06-22T14:32:39","date_gmt":"2023-06-22T12:32:39","guid":{"rendered":"https:\/\/www.camping-lesedour.com\/camping-midi-pyreneeen\/camping-foix\/"},"modified":"2023-06-27T15:50:32","modified_gmt":"2023-06-27T13:50:32","slug":"kampeer-foix","status":"publish","type":"page","link":"https:\/\/www.camping-lesedour.com\/nl\/camping-midi-pyreneeen\/kampeer-foix\/","title":{"rendered":"Camping Foix"},"content":{"rendered":"<section id=\"section-6494332d309e5\"\" class=\"section bg-color3\" \/><div class=\"container\"><h1 class=\"element section-title center\">Camping Foix<\/h1><\/div><\/section>\n\n<section id=\"section-6494332d30e47\"\" class=\"section bg-white\" \/><div class=\"container extralarge\"><div class=\"colonnes-wrap valign-top \"><div class=\"element colonne w-40 p-0\"><div class=\"element images\"><div class=\"image\"><img decoding=\"async\" src=\"https:\/\/www.camping-lesedour.com\/wp-content\/uploads\/2020\/09\/mobil-home-3ch-ariege-1-100x100.jpg\" data-src=\"https:\/\/www.camping-lesedour.com\/wp-content\/uploads\/2020\/09\/mobil-home-3ch-ariege-1.jpg\" alt=\"camping foix\" class=\"images_image\" \/><\/div><\/div><\/div><div class=\"element colonne w-60 p-4\"><h2 class=\"element section-title justify\">Ligging van Foix ten opzichte van de camping<\/h2><div class=\"element bloc-text justify \">\n\t<p>Le <a href=\"\/nl\/\">camping Le S\u00e9dour in de Ari\u00e8ge<\/a> is een camping die openstaat voor gezinnen, vriendengroepen, koppels, wandelaars en camperaars die in de Ari\u00e8ge willen verblijven. Het is slechts een paar minuten van de stad Foix. Gescheiden van de stad door een afstand van 16 km, is dit etablissement ge\u00efnstalleerd op een <strong> groene vallei<\/strong> in de gemeente Surba, aan de voet van de emblematische berg S\u00e9dour in Tarascon in de Ari\u00e8ge.<\/p>\n<p>Dankzij de bevoorrechte ligging zal deze camping het ideale uitgangspunt zijn om Foix en de <strong>schatten van de Ari\u00e8ge<\/strong> te ontdekken. De Ari\u00e8ge, het <strong>Parc R\u00e9gional Naturel des Pyr\u00e9n\u00e9es Ari\u00e9geoises<\/strong> wordt uw speeltuin tijdens uw vakantie. Voor een uitstapje naar Foix buiten het seizoen of een verlengde vakantie in het hoogseizoen heet camping Le S\u00e9dour u van harte welkom.<\/p>\n<\/div><\/div><\/div><\/div><\/section>\n\n<section id=\"section-64943fecbf748\"\" class=\"section bg-color3\" \/><div class=\"container extralarge\"><div class=\"colonnes-wrap valign-top \"><div class=\"element colonne w-60 p-4\"><h2 class=\"element section-title justify\">Boek uw stacaravan in de buurt van Foix<\/h2><div class=\"element bloc-text justify \">\n\t<p>Vakantiegangers hebben de keuze tussen het huren van stacaravans en volledig uitgeruste chalets. Sommige hebben twee slaapkamers, terwijl andere maximaal drie slaapkamers hebben voor het hele gezin. Ze kunnen tot zes personen slapen. Elke verhuur is uitgerust met TNT en Wifi, maar ook met alle benodigde apparatuur en uitrusting.<\/p>\n<p>De kampeer- en caravanningplaatsen van het openluchthotel Le S\u00e9dour zullen de liefhebbers van de traditionele camping verrukken. Ruim, schaduwrijk en voorzien van elektriciteit, zijn ze geschikt voor tenten, iglo&#8217;s, campers en caravans. De huurders hebben uiteraard toegang tot de verschillende diensten van de camping, zoals kwaliteitssanitair, speeltuinen, sportterreinen, bowlingbanen, speelzalen&#8230; U kunt natuurlijk in alle seizoenen genieten van het Ariegegebergte, want camping Le S\u00e9dour is het hele jaar door geopend. Wandelen, ski\u00ebn, adembenemende panorama&#8217;s, alleen goede tijden in perspectief.<\/p>\n<\/div><\/div><div class=\"element colonne w-40 p-0\"><div class=\"element images\"><div class=\"image\"><img decoding=\"async\" src=\"https:\/\/www.camping-lesedour.com\/wp-content\/uploads\/2020\/09\/terrasse-hotelier-ariege-100x100.jpg\" data-src=\"https:\/\/www.camping-lesedour.com\/wp-content\/uploads\/2020\/09\/terrasse-hotelier-ariege.jpg\" alt=\"location camping foix \" class=\"images_image\" \/><\/div><\/div><\/div><\/div><\/div><\/section>\n\n<section id=\"section-64943fecbf834\"\" class=\"section bg-white p-t-0 p-b-0\" \/><div class=\"container full\"><ul class=\"liste-de-page hebergements row\"><li class=\"hebergement hebergement--init hebergement--style-1  aantal-personen-4 aantal-kamers-2\"><div class=\"hebergement_image\"><img decoding=\"async\" src=\"https:\/\/www.camping-lesedour.com\/wp-content\/uploads\/2020\/09\/camping-sedour-ohara.jpg\" data-src=\"https:\/\/www.camping-lesedour.com\/wp-content\/uploads\/2020\/09\/camping-sedour-ohara.jpg\" alt=\"\" class=\"\" \/><div class=\"hebergement_link\" id=\"3438\"><\/div><\/div><div class=\"hebergement_content\"><div class=\"hebergement_titre hebergement_titre decoration\">Stacaravan O&#8217;HARA 865T<\/div><div class=\"hebergement-attributs\"><span class=\"attribut aantal-personen\">4<i class=\"icon-chambres\"><\/i><\/span><span class=\"attribut aantal-kamers\">2<i class=\"icon-personnes\"><\/i><\/span><\/div><\/div><\/li><li class=\"hebergement hebergement--init hebergement--style-1  aantal-personen-4 aantal-kamers-2\"><div class=\"hebergement_image\"><img decoding=\"async\" src=\"https:\/\/www.camping-lesedour.com\/wp-content\/uploads\/2020\/09\/camping-le-sedour-mh2.jpg\" data-src=\"https:\/\/www.camping-lesedour.com\/wp-content\/uploads\/2020\/09\/camping-le-sedour-mh2.jpg\" alt=\"\" class=\"\" \/><div class=\"hebergement_link\" id=\"3437\"><\/div><\/div><div class=\"hebergement_content\"><div class=\"hebergement_titre hebergement_titre decoration\">Stacaravan 2 slaapkamers<\/div><div class=\"hebergement-attributs\"><span class=\"attribut aantal-personen\">4<i class=\"icon-chambres\"><\/i><\/span><span class=\"attribut aantal-kamers\">2<i class=\"icon-personnes\"><\/i><\/span><\/div><\/div><\/li><li class=\"hebergement hebergement--init hebergement--style-1  aantal-personen-4 aantal-kamers-2\"><div class=\"hebergement_image\"><img decoding=\"async\" src=\"https:\/\/www.camping-lesedour.com\/wp-content\/uploads\/2020\/09\/camping-chalet-ariege.jpg\" data-src=\"https:\/\/www.camping-lesedour.com\/wp-content\/uploads\/2020\/09\/camping-chalet-ariege.jpg\" alt=\"camping chalet Ari\u00e8ge\" class=\"\" \/><div class=\"hebergement_link\" id=\"3436\"><\/div><\/div><div class=\"hebergement_content\"><div class=\"hebergement_titre hebergement_titre decoration\">Chalet 2 slaapkamers<\/div><div class=\"hebergement-attributs\"><span class=\"attribut aantal-personen\">4<i class=\"icon-chambres\"><\/i><\/span><span class=\"attribut aantal-kamers\">2<i class=\"icon-personnes\"><\/i><\/span><\/div><\/div><\/li><li class=\"hebergement hebergement--init hebergement--style-1  aantal-personen-4 aantal-kamers-2\"><div class=\"hebergement_image\"><img decoding=\"async\" src=\"https:\/\/www.camping-lesedour.com\/wp-content\/uploads\/2020\/09\/cocosweet-ariege.jpg\" data-src=\"https:\/\/www.camping-lesedour.com\/wp-content\/uploads\/2020\/09\/cocosweet-ariege.jpg\" alt=\"cocosweet ariege\" class=\"\" \/><div class=\"hebergement_link\" id=\"3421\"><\/div><\/div><div class=\"hebergement_content\"><div class=\"hebergement_titre hebergement_titre decoration\">Cocosweet 2 slaapkamers<\/div><div class=\"hebergement-attributs\"><span class=\"attribut aantal-personen\">4<i class=\"icon-chambres\"><\/i><\/span><span class=\"attribut aantal-kamers\">2<i class=\"icon-personnes\"><\/i><\/span><\/div><\/div><\/li><li class=\"hebergement hebergement--init hebergement--style-1  aantal-personen-2 aantal-kamers-1\"><div class=\"hebergement_image\"><img decoding=\"async\" src=\"https:\/\/www.camping-lesedour.com\/wp-content\/uploads\/2020\/09\/camping-sedour-cahita.jpg\" data-src=\"https:\/\/www.camping-lesedour.com\/wp-content\/uploads\/2020\/09\/camping-sedour-cahita.jpg\" alt=\"\" class=\"\" \/><div class=\"hebergement_link\" id=\"3413\"><\/div><\/div><div class=\"hebergement_content\"><div class=\"hebergement_titre hebergement_titre decoration\">Mobile-home Cahita Riviera 1 slaapkamer<\/div><div class=\"hebergement-attributs\"><span class=\"attribut aantal-personen\">2<i class=\"icon-chambres\"><\/i><\/span><span class=\"attribut aantal-kamers\">1<i class=\"icon-personnes\"><\/i><\/span><\/div><\/div><\/li><li class=\"hebergement hebergement--init hebergement--style-1  aantal-personen-6 aantal-kamers-3\"><div class=\"hebergement_image\"><img decoding=\"async\" src=\"https:\/\/www.camping-lesedour.com\/wp-content\/uploads\/2020\/09\/camping-le-sedour-mh3.jpg\" data-src=\"https:\/\/www.camping-lesedour.com\/wp-content\/uploads\/2020\/09\/camping-le-sedour-mh3.jpg\" alt=\"\" class=\"\" \/><div class=\"hebergement_link\" id=\"3406\"><\/div><\/div><div class=\"hebergement_content\"><div class=\"hebergement_titre hebergement_titre decoration\">Stacaravan 3 slaapkamers<\/div><div class=\"hebergement-attributs\"><span class=\"attribut aantal-personen\">6<i class=\"icon-chambres\"><\/i><\/span><span class=\"attribut aantal-kamers\">3<i class=\"icon-personnes\"><\/i><\/span><\/div><\/div><\/li><li class=\"hebergement hebergement--init hebergement--style-1  aantal-personen-45 aantal-kamers-2\"><div class=\"hebergement_image\"><img decoding=\"async\" src=\"https:\/\/www.camping-lesedour.com\/wp-content\/uploads\/2020\/09\/mobil-home-keywest-ariege.jpg\" data-src=\"https:\/\/www.camping-lesedour.com\/wp-content\/uploads\/2020\/09\/mobil-home-keywest-ariege.jpg\" alt=\"mobil-home keywest ariege\" class=\"\" \/><div class=\"hebergement_link\" id=\"3397\"><\/div><\/div><div class=\"hebergement_content\"><div class=\"hebergement_titre hebergement_titre decoration\">Keywest Stacaravan 2 slaapkamers &#8211; 2 badkamers<\/div><div class=\"hebergement-attributs\"><span class=\"attribut aantal-personen\">4\/5<i class=\"icon-chambres\"><\/i><\/span><span class=\"attribut aantal-kamers\">2<i class=\"icon-personnes\"><\/i><\/span><\/div><\/div><\/li><li class=\"hebergement hebergement--init hebergement--style-1  aantal-personen-4 aantal-kamers-2\"><div class=\"hebergement_image\"><img decoding=\"async\" src=\"https:\/\/www.camping-lesedour.com\/wp-content\/uploads\/2020\/09\/terrasse-hotelier-ariege.jpg\" data-src=\"https:\/\/www.camping-lesedour.com\/wp-content\/uploads\/2020\/09\/terrasse-hotelier-ariege.jpg\" alt=\"terrasse hotelier ariege\" class=\"\" \/><div class=\"hebergement_link\" id=\"3391\"><\/div><\/div><div class=\"hebergement_content\"><div class=\"hebergement_titre hebergement_titre decoration\">Stacaravan Hotellier<\/div><div class=\"hebergement-attributs\"><span class=\"attribut aantal-personen\">4<i class=\"icon-chambres\"><\/i><\/span><span class=\"attribut aantal-kamers\">2<i class=\"icon-personnes\"><\/i><\/span><\/div><\/div><\/li><li class=\"hebergement hebergement--init hebergement--style-1  aantal-personen-4 aantal-kamers-2\"><div class=\"hebergement_image\"><img decoding=\"async\" src=\"https:\/\/www.camping-lesedour.com\/wp-content\/uploads\/2024\/10\/00001198578.webp\" data-src=\"https:\/\/www.camping-lesedour.com\/wp-content\/uploads\/2024\/10\/00001198578.webp\" alt=\"\" class=\"\" \/><div class=\"hebergement_link\" id=\"5706\"><\/div><\/div><div class=\"hebergement_content\"><div class=\"hebergement_titre hebergement_titre decoration\">Stacaravan Comfort 31m2 Bord de Ruisseau<\/div><div class=\"hebergement-attributs\"><span class=\"attribut aantal-personen\">4<i class=\"icon-chambres\"><\/i><\/span><span class=\"attribut aantal-kamers\">2<i class=\"icon-personnes\"><\/i><\/span><\/div><\/div><\/li><\/ul><\/div><\/section>\n\n<section id=\"section-64943fecbf9c7\"\" class=\"section bg-color3\" \/><div class=\"container extralarge\"><div class=\"colonnes-wrap valign-top \"><div class=\"element colonne w-60 p-4\"><h2 class=\"element section-title left\">Verblijf op camping le Sedour en bezoek Foix<\/h2><div class=\"element bloc-text justify \">\n\t<p>Camping Le S\u00e9dour *** is de perfecte plek om te verblijven in de buurt van Foix en het hele jaar door de stad te ontdekken. Deze familiecamping is het hele jaar door geopend en biedt u <strong>vakantieverblijven<\/strong> met alle nodige comfort en openluchtplaatsen waar u zo dicht mogelijk bij de natuur kunt kamperen en caravannen.<\/p>\n<p>De <strong> weelderige landschappen<\/strong> omringen de stad Foix in het dal van de Haute-Ari\u00e8ge. De bergen van de Pyrenee\u00ebn liggen ook op enkele minuten afstand van de stad. In de zomer wordt er gewandeld en gefietst. In de winter worden ze een paradijs voor beginnende ski\u00ebrs. Wat het seizoen ook is, je bent zeker van een goede vakantie in Foix.<\/p>\n<\/div><\/div><div class=\"element colonne w-40 p-0\"><div class=\"element images\"><div class=\"image\"><img decoding=\"async\" src=\"https:\/\/www.camping-lesedour.com\/wp-content\/uploads\/2020\/09\/mobil-home-ohara-ariege-100x100.jpg\" data-src=\"https:\/\/www.camping-lesedour.com\/wp-content\/uploads\/2020\/09\/mobil-home-ohara-ariege.jpg\" alt=\"mobil home camping foix\" class=\"images_image\" \/><\/div><\/div><\/div><\/div><\/div><\/section>\n\n<section id=\"section-64943fecbfb8c\"\" class=\"section bg-white\" \/><div class=\"container extralarge\"><div class=\"colonnes-wrap valign-top \"><div class=\"element colonne w-40 p-0\"><div class=\"element images\"><div class=\"image\"><img decoding=\"async\" src=\"https:\/\/www.camping-lesedour.com\/wp-content\/uploads\/2023\/06\/visiter-foix-100x100.jpg\" data-src=\"https:\/\/www.camping-lesedour.com\/wp-content\/uploads\/2023\/06\/visiter-foix.jpg\" alt=\"visiter foix\" class=\"images_image\" \/><\/div><\/div><\/div><div class=\"element colonne w-60 p-4\"><h2 class=\"element section-title justify\">Foix, stad van kunst en geschiedenis<\/h2><div class=\"element bloc-text justify \">\n\t<p>De stad Foix, de belangrijkste stad van de Ari\u00e8ge, is een bekende bestemming voor <strong> kunst<\/strong> en geschiedenisliefhebbers maar ook voor bezoekers. Het is inderdaad een van de must-see plaatsen in dit gebied en zelfs in de Midi-Pyrenee\u00ebn. Beroemd geworden door het beroemde <strong> kasteel van Foix<\/strong>, straalt het een zekere charme uit met zijn typische architectuur, zijn pittoreske markten en zijn oude steegjes. Het wordt ook gewaardeerd om zijn <strong>art de vivre<\/strong>.<\/p>\n<p>Maar dat is nog niet alles, Foix is omgeven door landschappen van <strong> weelderig groen<\/strong> en <strong> bergen met spectaculaire uitzichten<\/strong>. Zowel in de zomer als in de winter biedt het vele vrijetijdsactiviteiten en ontdekkingen, tot grote vreugde van de bezoekers. Om het meeste uit uw vakantie te halen, gaat er niets boven een hotel in de open lucht. De camping is ideaal om dicht bij de natuur te blijven en Foix te ontdekken tijdens uw vakantie. Ontdek de camping Le S\u00e9dour, een kwaliteitscamping met 3 sterren in de buurt van Foix voor uw volgende vakantie.<\/p>\n<\/div><\/div><\/div><\/div><\/section>\n\n<section id=\"section-64943fecbfd40\"\" class=\"section bg-color3\" \/><div class=\"container extralarge\"><div class=\"colonnes-wrap valign-middle \"><div class=\"element colonne w-60 p-4\"><h2 class=\"element section-title justify\">Que faire durant vos vacances a Foix ?<\/h2><div class=\"element bloc-text justify \">\n\t<p>Vanaf de camping Le S\u00e9dour is er geen gebrek aan <strong> activiteiten en bezoeken<\/strong>. U hoeft alleen maar de paar kilometer te reizen die u scheiden van Foix om alle rijkdom en schoonheid van deze hoofdstad van het kanton Ari\u00e8ge te ontdekken.<\/p>\n<p>Het bezoek aan het <strong>kasteel van Foix<\/strong> zal een must zijn tijdens uw kampeervakantie in de Ari\u00e8ge. Dit architectonische juweel dateert uit de 7e eeuw en symboliseert de geschiedenis van de stad.<\/p>\n<p>De begeleide of audiorondleiding van deze prachtige vesting neemt u mee terug in de tijd. In het kasteel vindt u een museum met collecties van voorwerpen uit alle periodes. U kunt de prachtige huizen met hun typische architectuur niet missen, de smalle straatjes met gebakjes, bakkerijen, rommelmarkten&#8230; Ontdek ook het <strong>marktplein waar u winkels<\/strong> en kraampjes vindt met kunstproducten, kazen, honing en vele andere lokale producten.<\/p>\n<p>De <strong> weelderige landschappen<\/strong> omringen de stad Foix in het dal van de Haute-Ari\u00e8ge. De bergen van de Pyrenee\u00ebn liggen ook op enkele minuten afstand van de stad. In de zomer wordt er gewandeld en gefietst. In de winter worden ze een paradijs voor beginnende ski\u00ebrs. Wat het seizoen ook is, je bent zeker van een goede vakantie in Foix.<\/p>\n<\/div><\/div><div class=\"element colonne w-40 p-0\"><div class=\"element images\"><div class=\"image\"><img decoding=\"async\" src=\"https:\/\/www.camping-lesedour.com\/wp-content\/uploads\/2020\/09\/camping-foix-100x80.jpg\" data-src=\"https:\/\/www.camping-lesedour.com\/wp-content\/uploads\/2020\/09\/camping-foix.jpg\" alt=\"chateau de foix\" class=\"images_image\" \/><\/div><\/div><\/div><\/div><\/div><\/section>","protected":false},"excerpt":{"rendered":"","protected":false},"author":8,"featured_media":2452,"parent":5123,"menu_order":0,"comment_status":"closed","ping_status":"closed","template":"","meta":{"_acf_changed":false,"footnotes":""},"class_list":["post-5200","page","type-page","status-publish","has-post-thumbnail","hentry"],"acf":[],"yoast_head":"<!-- This site is optimized with the Yoast SEO plugin v25.3 - https:\/\/yoast.com\/wordpress\/plugins\/seo\/ -->\n<title>Vakantie Foix - Camping caravanning in Foix, Ariege (09)<\/title>\n<meta name=\"description\" content=\"Meer over de stad Foix in de Ari\u00e8ge\" \/>\n<meta name=\"robots\" content=\"index, follow, max-snippet:-1, max-image-preview:large, max-video-preview:-1\" \/>\n<link rel=\"canonical\" href=\"https:\/\/www.camping-lesedour.com\/nl\/camping-midi-pyreneeen\/kampeer-foix\/\" \/>\n<meta property=\"og:locale\" content=\"nl_NL\" \/>\n<meta property=\"og:type\" content=\"article\" \/>\n<meta property=\"og:title\" content=\"Vakantie Foix - Camping caravanning in Foix, Ariege (09)\" \/>\n<meta property=\"og:description\" content=\"Meer over de stad Foix in de Ari\u00e8ge\" \/>\n<meta property=\"og:url\" content=\"https:\/\/www.camping-lesedour.com\/nl\/camping-midi-pyreneeen\/kampeer-foix\/\" \/>\n<meta property=\"og:site_name\" content=\"Camping le S\u00e9dour\" \/>\n<meta property=\"article:modified_time\" content=\"2023-06-27T13:50:32+00:00\" \/>\n<meta property=\"og:image\" content=\"https:\/\/www.camping-lesedour.com\/wp-content\/uploads\/2020\/09\/tourisme-foix.jpg\" \/>\n\t<meta property=\"og:image:width\" content=\"1903\" \/>\n\t<meta property=\"og:image:height\" content=\"550\" \/>\n\t<meta property=\"og:image:type\" content=\"image\/jpeg\" \/>\n<meta name=\"twitter:card\" content=\"summary_large_image\" \/>\n<script type=\"application\/ld+json\" class=\"yoast-schema-graph\">{\"@context\":\"https:\/\/schema.org\",\"@graph\":[{\"@type\":\"WebPage\",\"@id\":\"https:\/\/www.camping-lesedour.com\/nl\/camping-midi-pyreneeen\/kampeer-foix\/\",\"url\":\"https:\/\/www.camping-lesedour.com\/nl\/camping-midi-pyreneeen\/kampeer-foix\/\",\"name\":\"Vakantie Foix - Camping caravanning in Foix, Ariege (09)\",\"isPartOf\":{\"@id\":\"https:\/\/www.camping-lesedour.com\/nl\/#website\"},\"primaryImageOfPage\":{\"@id\":\"https:\/\/www.camping-lesedour.com\/nl\/camping-midi-pyreneeen\/kampeer-foix\/#primaryimage\"},\"image\":{\"@id\":\"https:\/\/www.camping-lesedour.com\/nl\/camping-midi-pyreneeen\/kampeer-foix\/#primaryimage\"},\"thumbnailUrl\":\"https:\/\/www.camping-lesedour.com\/wp-content\/uploads\/2020\/09\/tourisme-foix.jpg\",\"datePublished\":\"2023-06-22T12:32:39+00:00\",\"dateModified\":\"2023-06-27T13:50:32+00:00\",\"description\":\"Meer over de stad Foix in de Ari\u00e8ge\",\"breadcrumb\":{\"@id\":\"https:\/\/www.camping-lesedour.com\/nl\/camping-midi-pyreneeen\/kampeer-foix\/#breadcrumb\"},\"inLanguage\":\"nl-NL\",\"potentialAction\":[{\"@type\":\"ReadAction\",\"target\":[\"https:\/\/www.camping-lesedour.com\/nl\/camping-midi-pyreneeen\/kampeer-foix\/\"]}]},{\"@type\":\"ImageObject\",\"inLanguage\":\"nl-NL\",\"@id\":\"https:\/\/www.camping-lesedour.com\/nl\/camping-midi-pyreneeen\/kampeer-foix\/#primaryimage\",\"url\":\"https:\/\/www.camping-lesedour.com\/wp-content\/uploads\/2020\/09\/tourisme-foix.jpg\",\"contentUrl\":\"https:\/\/www.camping-lesedour.com\/wp-content\/uploads\/2020\/09\/tourisme-foix.jpg\",\"width\":1903,\"height\":550,\"caption\":\"tourisme foix\"},{\"@type\":\"BreadcrumbList\",\"@id\":\"https:\/\/www.camping-lesedour.com\/nl\/camping-midi-pyreneeen\/kampeer-foix\/#breadcrumb\",\"itemListElement\":[{\"@type\":\"ListItem\",\"position\":1,\"name\":\"Kamperen Ariege\",\"item\":\"https:\/\/www.camping-lesedour.com\/nl\/\"},{\"@type\":\"ListItem\",\"position\":2,\"name\":\"Camping Midi Pyreneeen\",\"item\":\"https:\/\/www.camping-lesedour.com\/nl\/camping-midi-pyreneeen\/\"},{\"@type\":\"ListItem\",\"position\":3,\"name\":\"Kampeer Foix\"}]},{\"@type\":\"WebSite\",\"@id\":\"https:\/\/www.camping-lesedour.com\/nl\/#website\",\"url\":\"https:\/\/www.camping-lesedour.com\/nl\/\",\"name\":\"Camping le S\u00e9dour\",\"description\":\"\",\"potentialAction\":[{\"@type\":\"SearchAction\",\"target\":{\"@type\":\"EntryPoint\",\"urlTemplate\":\"https:\/\/www.camping-lesedour.com\/nl\/?s={search_term_string}\"},\"query-input\":{\"@type\":\"PropertyValueSpecification\",\"valueRequired\":true,\"valueName\":\"search_term_string\"}}],\"inLanguage\":\"nl-NL\"}]}<\/script>\n<!-- \/ Yoast SEO plugin. -->","yoast_head_json":{"title":"Vakantie Foix - Camping caravanning in Foix, Ariege (09)","description":"Meer over de stad Foix in de Ari\u00e8ge","robots":{"index":"index","follow":"follow","max-snippet":"max-snippet:-1","max-image-preview":"max-image-preview:large","max-video-preview":"max-video-preview:-1"},"canonical":"https:\/\/www.camping-lesedour.com\/nl\/camping-midi-pyreneeen\/kampeer-foix\/","og_locale":"nl_NL","og_type":"article","og_title":"Vakantie Foix - Camping caravanning in Foix, Ariege (09)","og_description":"Meer over de stad Foix in de Ari\u00e8ge","og_url":"https:\/\/www.camping-lesedour.com\/nl\/camping-midi-pyreneeen\/kampeer-foix\/","og_site_name":"Camping le S\u00e9dour","article_modified_time":"2023-06-27T13:50:32+00:00","og_image":[{"width":1903,"height":550,"url":"https:\/\/www.camping-lesedour.com\/wp-content\/uploads\/2020\/09\/tourisme-foix.jpg","type":"image\/jpeg"}],"twitter_card":"summary_large_image","schema":{"@context":"https:\/\/schema.org","@graph":[{"@type":"WebPage","@id":"https:\/\/www.camping-lesedour.com\/nl\/camping-midi-pyreneeen\/kampeer-foix\/","url":"https:\/\/www.camping-lesedour.com\/nl\/camping-midi-pyreneeen\/kampeer-foix\/","name":"Vakantie Foix - Camping caravanning in Foix, Ariege (09)","isPartOf":{"@id":"https:\/\/www.camping-lesedour.com\/nl\/#website"},"primaryImageOfPage":{"@id":"https:\/\/www.camping-lesedour.com\/nl\/camping-midi-pyreneeen\/kampeer-foix\/#primaryimage"},"image":{"@id":"https:\/\/www.camping-lesedour.com\/nl\/camping-midi-pyreneeen\/kampeer-foix\/#primaryimage"},"thumbnailUrl":"https:\/\/www.camping-lesedour.com\/wp-content\/uploads\/2020\/09\/tourisme-foix.jpg","datePublished":"2023-06-22T12:32:39+00:00","dateModified":"2023-06-27T13:50:32+00:00","description":"Meer over de stad Foix in de Ari\u00e8ge","breadcrumb":{"@id":"https:\/\/www.camping-lesedour.com\/nl\/camping-midi-pyreneeen\/kampeer-foix\/#breadcrumb"},"inLanguage":"nl-NL","potentialAction":[{"@type":"ReadAction","target":["https:\/\/www.camping-lesedour.com\/nl\/camping-midi-pyreneeen\/kampeer-foix\/"]}]},{"@type":"ImageObject","inLanguage":"nl-NL","@id":"https:\/\/www.camping-lesedour.com\/nl\/camping-midi-pyreneeen\/kampeer-foix\/#primaryimage","url":"https:\/\/www.camping-lesedour.com\/wp-content\/uploads\/2020\/09\/tourisme-foix.jpg","contentUrl":"https:\/\/www.camping-lesedour.com\/wp-content\/uploads\/2020\/09\/tourisme-foix.jpg","width":1903,"height":550,"caption":"tourisme foix"},{"@type":"BreadcrumbList","@id":"https:\/\/www.camping-lesedour.com\/nl\/camping-midi-pyreneeen\/kampeer-foix\/#breadcrumb","itemListElement":[{"@type":"ListItem","position":1,"name":"Kamperen Ariege","item":"https:\/\/www.camping-lesedour.com\/nl\/"},{"@type":"ListItem","position":2,"name":"Camping Midi Pyreneeen","item":"https:\/\/www.camping-lesedour.com\/nl\/camping-midi-pyreneeen\/"},{"@type":"ListItem","position":3,"name":"Kampeer Foix"}]},{"@type":"WebSite","@id":"https:\/\/www.camping-lesedour.com\/nl\/#website","url":"https:\/\/www.camping-lesedour.com\/nl\/","name":"Camping le S\u00e9dour","description":"","potentialAction":[{"@type":"SearchAction","target":{"@type":"EntryPoint","urlTemplate":"https:\/\/www.camping-lesedour.com\/nl\/?s={search_term_string}"},"query-input":{"@type":"PropertyValueSpecification","valueRequired":true,"valueName":"search_term_string"}}],"inLanguage":"nl-NL"}]}},"_links":{"self":[{"href":"https:\/\/www.camping-lesedour.com\/nl\/wp-json\/wp\/v2\/pages\/5200"}],"collection":[{"href":"https:\/\/www.camping-lesedour.com\/nl\/wp-json\/wp\/v2\/pages"}],"about":[{"href":"https:\/\/www.camping-lesedour.com\/nl\/wp-json\/wp\/v2\/types\/page"}],"author":[{"embeddable":true,"href":"https:\/\/www.camping-lesedour.com\/nl\/wp-json\/wp\/v2\/users\/8"}],"replies":[{"embeddable":true,"href":"https:\/\/www.camping-lesedour.com\/nl\/wp-json\/wp\/v2\/comments?post=5200"}],"version-history":[{"count":4,"href":"https:\/\/www.camping-lesedour.com\/nl\/wp-json\/wp\/v2\/pages\/5200\/revisions"}],"predecessor-version":[{"id":5212,"href":"https:\/\/www.camping-lesedour.com\/nl\/wp-json\/wp\/v2\/pages\/5200\/revisions\/5212"}],"up":[{"embeddable":true,"href":"https:\/\/www.camping-lesedour.com\/nl\/wp-json\/wp\/v2\/pages\/5123"}],"wp:featuredmedia":[{"embeddable":true,"href":"https:\/\/www.camping-lesedour.com\/nl\/wp-json\/wp\/v2\/media\/2452"}],"wp:attachment":[{"href":"https:\/\/www.camping-lesedour.com\/nl\/wp-json\/wp\/v2\/media?parent=5200"}],"curies":[{"name":"wp","href":"https:\/\/api.w.org\/{rel}","templated":true}]}}